{"id":9893,"date":"2018-01-18T13:21:26","date_gmt":"2018-01-18T12:21:26","guid":{"rendered":"http:\/\/ehrler-beck.com?page_id=9893"},"modified":"2023-06-16T02:29:13","modified_gmt":"2023-06-16T00:29:13","slug":"cookie-richtlinie","status":"publish","type":"page","link":"https:\/\/ehrler-beck.com\/pl\/polityka-cookie","title":{"rendered":"Polityka Cookie"},"content":{"rendered":"<h1>POLITYKA COOKIE<\/h1>\n<p style=\"text-align: right;\"><em>Ostatnia aktualizacja: 16 czerwca 2023 r<\/em><\/p>\n<p>Niniejsza Polityka dotycz\u0105ca plik\u00f3w cookie wyja\u015bnia, w jaki spos\u00f3b firma Ehrler &amp; Beck Vakuum- und Drucklufttechnik GmbH (\u201eFirma\u201d, \u201emy\u201d, \u201enas\u201d i \u201enasz\u201d) wykorzystuje pliki cookie i podobne technologie do rozpoznawania u\u017cytkownika podczas odwiedzania naszych witryn internetowych pod adresem https:\/\/ehrler-beck.com (\u201eWitryna internetowa\u201d). Wyja\u015bnia, czym s\u0105 te technologie i dlaczego ich u\u017cywamy, a tak\u017ce Twoje prawa do kontrolowania naszego korzystania z tych technologii.<\/p>\n<h2>Co to s\u0105 pliki cookie?<\/h2>\n<p>Pliki cookie to ma\u0142e pliki danych, kt\u00f3re s\u0105 umieszczane na Twoim komputerze lub urz\u0105dzeniu mobilnym podczas odwiedzania strony internetowej. Pliki cookie s\u0105 szeroko stosowane przez w\u0142a\u015bcicieli witryn internetowych, aby ich witryny dzia\u0142a\u0142y lub dzia\u0142a\u0142y wydajniej oraz aby dostarcza\u0107 informacje raportowe.<\/p>\n<p>Pliki cookie ustawione przez operatora witryny (w tym przypadku Ehrler &amp; Beck Vacuum i Compressed Air Technology GmbH) s\u0105 okre\u015blane jako \u201epliki cookie pierwszej strony\u201d. Pliki cookie ustawione przez podmioty inne ni\u017c w\u0142a\u015bciciel witryny s\u0105 okre\u015blane jako \u201epliki cookie stron trzecich\u201d. Pliki cookie stron trzecich umo\u017cliwiaj\u0105 udost\u0119pnianie funkcji stron trzecich w witrynie lub za jej po\u015brednictwem (np. reklamy, tre\u015bci interaktywne i analizy). Strony, kt\u00f3re ustawiaj\u0105 te pliki cookie stron trzecich, mog\u0105 rozpozna\u0107 Tw\u00f3j komputer zar\u00f3wno podczas odwiedzania tej witryny, jak i podczas odwiedzania niekt\u00f3rych innych witryn.<\/p>\n<h2>Dlaczego u\u017cywamy plik\u00f3w cookie?<\/h2>\n<p>U\u017cywamy tylko lokalnych plik\u00f3w cookie z wielu powod\u00f3w. Ze wzgl\u0119d\u00f3w technicznych niekt\u00f3re pliki cookie s\u0105 niezb\u0119dne do dzia\u0142ania naszych stron internetowych. Nazywamy je \u201eniezb\u0119dnymi\u201d lub \u201eniezb\u0119dnymi\u201d plikami cookie. Inne pliki cookie umo\u017cliwiaj\u0105 \u015bledzenie i ukierunkowanie zainteresowa\u0144 u\u017cytkownik\u00f3w w celu poprawy jako\u015bci korzystania ze stron internetowych. Nie u\u017cywamy tych plik\u00f3w cookie. Nasza strona internetowa wykorzystuje tylko jeden bezwzgl\u0119dnie niezb\u0119dny plik cookie.<\/p>\n<h2>Jak mog\u0119 kontrolowa\u0107 pliki cookie?<\/h2>\n<p>Masz prawo zdecydowa\u0107, czy chcesz akceptowa\u0107, czy odrzuca\u0107 pliki cookie. Mo\u017cesz skorzysta\u0107 z praw do plik\u00f3w cookie, ustawiaj\u0105c swoje preferencje w Mened\u017cerze zgody na pliki cookie. Mened\u017cer zgody na pliki cookie umo\u017cliwia wyb\u00f3r kategorii plik\u00f3w cookie, kt\u00f3re akceptujesz lub odrzucasz. Niezb\u0119dnych plik\u00f3w cookie nie mo\u017cna odrzuci\u0107, poniewa\u017c s\u0105 one absolutnie niezb\u0119dne do \u015bwiadczenia us\u0142ug.<\/p>\n<p>Mened\u017cera zgody na pliki cookie mo\u017cna znale\u017a\u0107 w banerze powiadomie\u0144 i na naszej stronie internetowej. Je\u015bli zdecydujesz si\u0119 odrzuci\u0107 pliki cookie, mo\u017cesz nadal korzysta\u0107 z naszej witryny, jednak dost\u0119p do niekt\u00f3rych funkcji i obszar\u00f3w naszej witryny mo\u017ce by\u0107 ograniczony. Mo\u017cesz tak\u017ce ustawi\u0107 lub zmieni\u0107 ustawienia przegl\u0105darki internetowej, aby akceptowa\u0107 lub odrzuca\u0107 pliki cookie. Poniewa\u017c sposoby odrzucania plik\u00f3w cookie za pomoc\u0105 element\u00f3w steruj\u0105cych przegl\u0105darki internetowej r\u00f3\u017cni\u0105 si\u0119 w zale\u017cno\u015bci od przegl\u0105darki, nale\u017cy odwiedzi\u0107 menu pomocy przegl\u0105darki, aby uzyska\u0107 wi\u0119cej informacji.<\/p>\n<p>Konkretne rodzaje plik\u00f3w cookie obs\u0142ugiwanych za po\u015brednictwem naszych witryn internetowych oraz cele, kt\u00f3rym s\u0142u\u017c\u0105, opisano w poni\u017cszej tabeli (nale\u017cy pami\u0119ta\u0107, \u017ce okre\u015blone u\u017cywane pliki cookie mog\u0105 si\u0119 r\u00f3\u017cni\u0107 w zale\u017cno\u015bci od konkretnych odwiedzanych ofert internetowych):<\/p>\n<h2>Wa\u017cne pliki cookie witryny:<\/h2>\n<p>Te pliki cookies s\u0105 bezwzgl\u0119dnie niezb\u0119dne do \u015bwiadczenia us\u0142ug dost\u0119pnych za po\u015brednictwem naszych stron internetowych oraz do korzystania z niekt\u00f3rych ich funkcji, takich jak B. dost\u0119p do bezpiecznych obszar\u00f3w.<\/p>\n<div>\n<section data-custom-class=\"body_text\">\n<table style=\"width: 100%; height: 168px;\">\n<tbody>\n<tr style=\"height: 24px;\">\n<td style=\"height: 24px;\"><span style=\"color: #00b3a7;\">Przeznaczenie<\/span>:<\/td>\n<td style=\"height: 24px;\">mwai_identyfikator_sesji<\/td>\n<\/tr>\n<tr style=\"height: 24px;\">\n<td style=\"height: 24px;\"><span style=\"color: #00b3a7;\">Zamiar<\/span>:<\/td>\n<td style=\"height: 24px;\">U\u017cywane przez witryn\u0119 do identyfikacji okre\u015blonych sesji w witrynie.<\/td>\n<\/tr>\n<tr style=\"height: 24px;\">\n<td style=\"height: 24px;\"><span style=\"color: #00b3a7;\">Oferent<\/span>:<\/td>\n<td style=\"height: 24px;\">ehrler-beck.com<\/td>\n<\/tr>\n<tr style=\"height: 24px;\">\n<td style=\"height: 24px;\"><span style=\"color: #00b3a7;\">domena<\/span>:<\/td>\n<td style=\"height: 24px;\">ehrler-beck.com<\/td>\n<\/tr>\n<tr style=\"height: 24px;\">\n<td style=\"height: 24px;\"><span style=\"color: #00b3a7;\">Termin up\u0142ywa<\/span>:<\/td>\n<td style=\"height: 24px;\">Po zako\u0144czonej sesji<\/td>\n<\/tr>\n<\/tbody>\n<\/table>\n<\/section>\n<\/div>\n<h2>A co z innymi technologiami \u015bledzenia, takimi jak sygna\u0142y nawigacyjne w sieci Web?<\/h2>\n<p>Pliki cookie nie s\u0105 jedynym sposobem rozpoznawania lub \u015bledzenia os\u00f3b odwiedzaj\u0105cych witryn\u0119 internetow\u0105. Od czasu do czasu mo\u017cemy u\u017cywa\u0107 innych podobnych technologii, takich jak sygna\u0142y nawigacyjne (czasami nazywane \u201epikselami \u015bledz\u0105cymi\u201d lub \u201eczystymi plikami GIF\u201d). S\u0105 to ma\u0142e pliki graficzne, kt\u00f3re zawieraj\u0105 unikalny identyfikator i pozwalaj\u0105 nam rozpozna\u0107, kiedy kto\u015b odwiedzi\u0142 nasze strony internetowe lub otworzy\u0142 wiadomo\u015b\u0107 e-mail zawieraj\u0105c\u0105 te informacje. Pozwala nam to na przyk\u0142ad monitorowa\u0107 wzorce ruchu u\u017cytkownik\u00f3w z jednej strony w witrynie do drugiej, dostarcza\u0107 pliki cookie lub komunikowa\u0107 si\u0119 z nimi, aby zrozumie\u0107, czy dotar\u0142e\u015b do witryny za po\u015brednictwem reklamy online wy\u015bwietlanej na stronie internetowej osoby trzeciej, aby poprawi\u0107 wydajno\u015b\u0107 witryny i mierzy\u0107 skuteczno\u015b\u0107 e-mailowych kampanii marketingowych. W wielu przypadkach te technologie opieraj\u0105 si\u0119 na plikach cookie, aby dzia\u0142a\u0107 prawid\u0142owo. Odmowa plik\u00f3w cookie upo\u015bledza zatem ich dzia\u0142anie.<\/p>\n<h2>Czy umieszczasz ukierunkowane reklamy?<\/h2>\n<p>Firma Ehrler und Beck nie prowadzi na tej stronie internetowej reklamy ukierunkowanej ani nie przekazuje danych stronom trzecim w celu gromadzenia i rozpowszechniania danych na potrzeby reklamy ukierunkowanej. Aby uzyska\u0107 wi\u0119cej informacji, prosimy o kontakt z naszym inspektorem ochrony danych pod adresem <a href=\"mailto:Privacy.officer@tiaro.ba\">Privacy.officer@tiaro.ba<\/a> Obr\u00f3\u0107 si\u0119.<\/p>\n<h2>Jak cz\u0119sto b\u0119dziesz aktualizowa\u0107 t\u0119 polityk\u0119 dotycz\u0105c\u0105 plik\u00f3w cookie?<\/h2>\n<p>Od czasu do czasu mo\u017cemy aktualizowa\u0107 niniejsz\u0105 Polityk\u0119 plik\u00f3w cookie, na przyk\u0142ad w celu odzwierciedlenia zmian w u\u017cywanych przez nas plikach cookie lub z innych powod\u00f3w operacyjnych, prawnych lub regulacyjnych. Dlatego prosimy o regularne przegl\u0105danie niniejszej Polityki plik\u00f3w cookie, aby by\u0107 na bie\u017c\u0105co z informacjami na temat korzystania przez nas z plik\u00f3w cookie i powi\u0105zanych technologii.<\/p>\n<p>Data u g\u00f3ry i u do\u0142u tej strony z zasadami dotycz\u0105cymi plik\u00f3w cookie wskazuje, kiedy by\u0142a ona ostatnio aktualizowana.<\/p>\n<h2>Gdzie mog\u0119 uzyska\u0107 wi\u0119cej informacji?<\/h2>\n<p>Mo\u017cesz wys\u0142a\u0107 e-mail bezpo\u015brednio do programisty na adres <a href=\"mailto:info@tiaro.com\">info@tiaro.ba<\/a> kontakt, opr\u00f3cz naszego inspektora ochrony danych pod adresem <a href=\"mailto:Privacy.officer@tiaro.ba\">Privacy.officer@tiaro.ba<\/a>.<\/p>\n<p>Mo\u017cesz r\u00f3wnie\u017c skontaktowa\u0107 si\u0119 z nami bezpo\u015brednio pod adresem <a href=\"mailto:info@ehrler-beck.com\">info@ehrler-beck.com<\/a> lub poczt\u0105 na adres:<\/p>\n<p><strong>Ehrler &amp; Beck technologia pr\u00f3\u017cni i spr\u0119\u017conego powietrza GmbH<\/strong><br \/>\nPrzemys\u0142owastr. 16 D-71272 Renningen<br \/>\nRenningen, Badenia-Wirtembergia 71272<br \/>\nNiemcy<br \/>\n<strong>telefony<\/strong>: (+49)715940850<br \/>\n<strong>faks<\/strong>: (+49)7159408585<\/p>\n<p style=\"text-align: right;\"><em>Ostatnia aktualizacja: 16 czerwca 2023 r<\/em><\/p>","protected":false},"excerpt":{"rendered":"<p>COOKIE-RICHTLINIE Zuletzt aktualisiert am 16. Juni 2023 In dieser Cookie-Richtlinie wird erl\u00e4utert, wie die Ehrler &amp; Beck Vakuum- und Drucklufttechnik GmbH (\u201eUnternehmen\u201c, \u201ewir\u201c, \u201euns\u201c und \u201eunser\u201c) Cookies und \u00e4hnliche Technologien verwendet, um Sie zu erkennen, wenn Sie unsere Websites unter https:\/\/ehrler-beck.com, (\u201eWebsite\u201c). Es erkl\u00e4rt, was diese Technologien sind und warum wir sie nutzen, sowie Ihre [&hellip;]<\/p>","protected":false},"author":1,"featured_media":0,"parent":0,"menu_order":0,"comment_status":"closed","ping_status":"closed","template":"","meta":{"footnotes":""},"class_list":["post-9893","page","type-page","status-publish","hentry"],"acf":[],"_links":{"self":[{"href":"https:\/\/ehrler-beck.com\/pl\/wp-json\/wp\/v2\/pages\/9893","targetHints":{"allow":["GET"]}}],"collection":[{"href":"https:\/\/ehrler-beck.com\/pl\/wp-json\/wp\/v2\/pages"}],"about":[{"href":"https:\/\/ehrler-beck.com\/pl\/wp-json\/wp\/v2\/types\/page"}],"author":[{"embeddable":true,"href":"https:\/\/ehrler-beck.com\/pl\/wp-json\/wp\/v2\/users\/1"}],"replies":[{"embeddable":true,"href":"https:\/\/ehrler-beck.com\/pl\/wp-json\/wp\/v2\/comments?post=9893"}],"version-history":[{"count":12,"href":"https:\/\/ehrler-beck.com\/pl\/wp-json\/wp\/v2\/pages\/9893\/revisions"}],"predecessor-version":[{"id":69657,"href":"https:\/\/ehrler-beck.com\/pl\/wp-json\/wp\/v2\/pages\/9893\/revisions\/69657"}],"wp:attachment":[{"href":"https:\/\/ehrler-beck.com\/pl\/wp-json\/wp\/v2\/media?parent=9893"}],"curies":[{"name":"wp","href":"https:\/\/api.w.org\/{rel}","templated":true}]}}