{"id":9360,"date":"2017-12-13T12:22:11","date_gmt":"2017-12-13T11:22:11","guid":{"rendered":"http:\/\/ehrler-beck.com\/hersteller\/alternative-manufacturers"},"modified":"2018-02-01T11:34:00","modified_gmt":"2018-02-01T10:34:00","slug":"alternative-hersteller","status":"publish","type":"page","link":"https:\/\/ehrler-beck.com\/pl\/producent\/alternative-hersteller","title":{"rendered":"Alternative Hersteller"},"content":{"rendered":"<h1>Alternative Hersteller<\/h1>\n<p><span class=\"intro-text\">Ersetzt durch klassische oder moderne Produkte. Alternative Pumpen \/ Kompressoren k\u00f6nnen immer noch eine L\u00f6sung f\u00fcr spezifische Anforderungen bieten. Neben alternativen Pumpen \/ Kompressoren bieten wir ihnen Ersatzteile und Zubeh\u00f6r an.<\/span><\/p>\n<div class=\"tiaro-separator tiaro-full-width-sep\" style=\"align-self: center;margin-left: auto;margin-right: auto;margin-bottom:25px;width:100%;\"><div class=\"tiaro-separator-border sep-shadow\" style=\"--awb-height:20px;--awb-amount:20px;--awb-sep-color:#00b3a7;background:radial-gradient(ellipse at 50% -50% , #00b3a7 0px, rgba(255, 255, 255, 0) 80%) repeat scroll 0 0 rgba(0, 0, 0, 0);background:-webkit-radial-gradient(ellipse at 50% -50% , #00b3a7 0px, rgba(255, 255, 255, 0) 80%) repeat scroll 0 0 rgba(0, 0, 0, 0);background:-moz-radial-gradient(ellipse at 50% -50% , #00b3a7 0px, rgba(255, 255, 255, 0) 80%) repeat scroll 0 0 rgba(0, 0, 0, 0);background:-o-radial-gradient(ellipse at 50% -50% , #00b3a7 0px, rgba(255, 255, 255, 0) 80%) repeat scroll 0 0 rgba(0, 0, 0, 0);\"><\/div><\/div>\n<div class=\"row\">\n<div class=\"col-sm-4\"><a href=\"https:\/\/ehrler-beck.com\/pl\/produkty-2\/pompy-prozniowe\/rotacyjna-lopatkowa-pompa-prozniowa-smarowana-olejem\/urzadzenia-alternatywne\/\">Rotacyjne \u0142opatkowe pompy pr\u00f3\u017cniowe, smarowane olejem<\/a><\/p>\n<hr \/>\n<p><a href=\"https:\/\/ehrler-beck.com\/pl\/produkty-2\/pompy-prozniowe\/obrotowe-lopatkowe-pompy-prozniowe-bezolejowe\/urzadzenia-alternatywne-2\/\">Obrotowe \u0142opatkowe pompy pr\u00f3\u017cniowe, bezolejowe<\/a><\/p>\n<hr \/>\n<p><a href=\"https:\/\/ehrler-beck.com\/pl\/produkty-2\/sprezarki-i-sprezarki\/lopatka-obrotowa-bezolejowa-2\/urzadzenia-alternatywne-2\/\">Spr\u0119\u017carka \u0142opatkowa, bezolejowa<\/a><\/p>\n<hr \/>\n<\/div>\n<div class=\"col-sm-4\"><a href=\"https:\/\/ehrler-beck.com\/pl\/produkty-2\/pompy-cisnieniowo-prozniowe\/lopatka-obrotowa-bezolejowa\/urzadzenia-alternatywne-2\/\">\u0141opatka obrotowa, bezolejowa<\/a><\/p>\n<hr \/>\n<p><a href=\"https:\/\/ehrler-beck.com\/pl\/produkty-2\/pompy-prozniowe\/bocznokanalowe-pompy-prozniowe\/urzadzenia-alternatywne-2\/\">Bocznokana\u0142owe pompy pr\u00f3\u017cniowe<\/a><\/p>\n<hr \/>\n<p><a href=\"https:\/\/ehrler-beck.com\/pl\/produkty-2\/sprezarki-i-sprezarki\/sprezarka-bocznokanalowa\/alternatywa-garaete\/\">Spr\u0119\u017carka bocznokana\u0142owa<\/a><\/p>\n<hr \/>\n<\/div>\n<div class=\"col-sm-4\"><a href=\"https:\/\/ehrler-beck.com\/pl\/produkty-2\/pompy-prozniowe\/pompy-prozniowe-z-pierscieniem-cieczowym\/urzadzenia-alternatywne-2\/\">Fl\u00fcssigketsring-Vakuumpumpen<\/a><\/p>\n<hr \/>\n<p><a href=\"https:\/\/ehrler-beck.com\/pl\/produkty-2\/pompy-prozniowe\/promieniowe-pompy-prozniowe\/urzadzenia-alternatywne-2\/\">Od\u015brodkowe pompy pr\u00f3\u017cniowe<\/a><\/p>\n<hr \/>\n<p><a href=\"https:\/\/ehrler-beck.com\/pl\/produkty-2\/sprezarki-i-sprezarki\/sprezarka-odsrodkowa\/urzadzenia-alternatywne-2\/\">spr\u0119\u017carka od\u015brodkowa<\/a><\/p>\n<hr \/>\n<\/div>\n<\/div>","protected":false},"excerpt":{"rendered":"<p>Alternative Hersteller Ersetzt durch klassische oder moderne Produkte. Alternative Pumpen \/ Kompressoren k\u00f6nnen immer noch eine L\u00f6sung f\u00fcr spezifische Anforderungen bieten. Neben alternativen Pumpen \/ Kompressoren bieten wir ihnen Ersatzteile und Zubeh\u00f6r an. Drehschieber-Vakuumpumpen, \u00f6lgeschmiert Drehschieber-Vakuumpumpen, \u00f6lfrei Drehschieber-Verdichter, \u00f6lfrei Drehschieber, \u00f6lfrei Seitenkanal-Vakuumpumpen Seitenkanal-Verdichter Fl\u00fcssigketsring-Vakuumpumpen Radial-Vakuumpumpen Radial-Verdichter<\/p>","protected":false},"author":1,"featured_media":0,"parent":374,"menu_order":0,"comment_status":"closed","ping_status":"closed","template":"","meta":{"footnotes":""},"class_list":["post-9360","page","type-page","status-publish","hentry"],"acf":[],"_links":{"self":[{"href":"https:\/\/ehrler-beck.com\/pl\/wp-json\/wp\/v2\/pages\/9360","targetHints":{"allow":["GET"]}}],"collection":[{"href":"https:\/\/ehrler-beck.com\/pl\/wp-json\/wp\/v2\/pages"}],"about":[{"href":"https:\/\/ehrler-beck.com\/pl\/wp-json\/wp\/v2\/types\/page"}],"author":[{"embeddable":true,"href":"https:\/\/ehrler-beck.com\/pl\/wp-json\/wp\/v2\/users\/1"}],"replies":[{"embeddable":true,"href":"https:\/\/ehrler-beck.com\/pl\/wp-json\/wp\/v2\/comments?post=9360"}],"version-history":[{"count":0,"href":"https:\/\/ehrler-beck.com\/pl\/wp-json\/wp\/v2\/pages\/9360\/revisions"}],"up":[{"embeddable":true,"href":"https:\/\/ehrler-beck.com\/pl\/wp-json\/wp\/v2\/pages\/374"}],"wp:attachment":[{"href":"https:\/\/ehrler-beck.com\/pl\/wp-json\/wp\/v2\/media?parent=9360"}],"curies":[{"name":"wp","href":"https:\/\/api.w.org\/{rel}","templated":true}]}}