{"id":8784,"date":"2017-11-11T01:03:44","date_gmt":"2017-11-11T00:03:44","guid":{"rendered":"http:\/\/ehrler-beck.com\/applications-2"},"modified":"2018-08-02T11:04:26","modified_gmt":"2018-08-02T09:04:26","slug":"einsatzgebiete","status":"publish","type":"page","link":"https:\/\/ehrler-beck.com\/pl\/obszary-zastosowan","title":{"rendered":"Obszary zastosowa\u0144"},"content":{"rendered":"<div class=\"tiaro-fullwidth fullwidth-box tiaro-builder-row-1 tiaro-flex-container nonhundred-percent-fullwidth non-hundred-percent-height-scrolling\" style=\"--awb-border-radius-top-left:0px;--awb-border-radius-top-right:0px;--awb-border-radius-bottom-right:0px;--awb-border-radius-bottom-left:0px;\" ><div class=\"tiaro-builder-row tiaro-row tiaro-flex-align-items-flex-start\" style=\"max-width:1404px;margin-left: calc(-4% \/ 2 );margin-right: calc(-4% \/ 2 );\"><div class=\"tiaro-layout-column tiaro_builder_column tiaro-builder-column-0 tiaro_builder_column_1_1 1_1 tiaro-flex-column\" style=\"--awb-bg-size:cover;--awb-width-large:100%;--awb-margin-top-large:0px;--awb-spacing-right-large:1.92%;--awb-margin-bottom-large:5px;--awb-spacing-left-large:1.92%;--awb-width-medium:100%;--awb-spacing-right-medium:1.92%;--awb-spacing-left-medium:1.92%;--awb-width-small:100%;--awb-spacing-right-small:1.92%;--awb-spacing-left-small:1.92%;\"><div class=\"tiaro-column-wrapper tiaro-flex-justify-content-flex-start tiaro-content-layout-column\"><h2 style=\"text-align: center; font-size: 34px; margin-bottom: 8px;\">IDEALNE DLA KA\u017bDEJ BRAN\u017bY<\/h2>\n<p style=\"text-align: center; font-size: 20px;\">Oferujemy kompleksowy program dostaw dla wszystkich zastosowa\u0144 przemys\u0142owych<\/span><\/p><\/div><\/div><div class=\"tiaro-layout-column tiaro_builder_column tiaro-builder-column-1 tiaro_builder_column_1_3 1_3 tiaro-flex-column\" style=\"--awb-padding-top:380px;--awb-bg-position:center top;--awb-bg-size:cover;--awb-width-large:33.333333333333%;--awb-margin-top-large:0px;--awb-spacing-right-large:2.88%;--awb-margin-bottom-large:2%;--awb-spacing-left-large:5.76%;--awb-width-medium:33.333333333333%;--awb-spacing-right-medium:2.88%;--awb-spacing-left-medium:5.76%;--awb-width-small:100%;--awb-spacing-right-small:1.92%;--awb-spacing-left-small:1.92%;\"><div class=\"tiaro-column-wrapper lazyload tiaro-flex-justify-content-flex-start tiaro-content-layout-column\" data-bg-url=\"https:\/\/ehrler-beck.com\/wp-content\/uploads\/2018\/07\/AreasOfApplication_0000_Aeration-Ventilation-400x400.jpg\" data-bg=\"https:\/\/ehrler-beck.com\/wp-content\/uploads\/2018\/07\/AreasOfApplication_0000_Aeration-Ventilation-400x400.jpg\"><div class=\"tiaro-text tiaro-text-1\"><p style=\"text-align: center; margin-bottom: 0px; font-size: 20px;\"><a style=\"color: #fff;\" href=\"https:\/\/ehrler-beck.com\/pl\/obszary-zastosowan\/wentylacja\/\">WENTYLACJA<\/a><\/p>\n<\/div><\/div><\/div><div class=\"tiaro-layout-column tiaro_builder_column tiaro-builder-column-2 tiaro_builder_column_1_3 1_3 tiaro-flex-column\" style=\"--awb-padding-top:380px;--awb-bg-position:center top;--awb-bg-size:cover;--awb-width-large:33.333333333333%;--awb-margin-top-large:0px;--awb-spacing-right-large:2.88%;--awb-margin-bottom-large:2%;--awb-spacing-left-large:2.88%;--awb-width-medium:33.333333333333%;--awb-spacing-right-medium:2.88%;--awb-spacing-left-medium:2.88%;--awb-width-small:100%;--awb-spacing-right-small:1.92%;--awb-spacing-left-small:1.92%;\"><div class=\"tiaro-column-wrapper lazyload tiaro-flex-justify-content-flex-start tiaro-content-layout-column\" data-bg-url=\"https:\/\/ehrler-beck.com\/wp-content\/uploads\/2018\/07\/AreasOfApplication_0017_Agriculture-400x400.jpg\" data-bg=\"https:\/\/ehrler-beck.com\/wp-content\/uploads\/2018\/07\/AreasOfApplication_0017_Agriculture-400x400.jpg\"><div class=\"tiaro-text tiaro-text-2\"><p style=\"text-align: center; margin-bottom: 0px; font-size: 20px; color: #fff;\">ROLNICTWO<\/p>\n<\/div><\/div><\/div><div class=\"tiaro-layout-column tiaro_builder_column tiaro-builder-column-3 tiaro_builder_column_1_3 1_3 tiaro-flex-column\" style=\"--awb-padding-top:380px;--awb-bg-position:center top;--awb-bg-size:cover;--awb-width-large:33.333333333333%;--awb-margin-top-large:0px;--awb-spacing-right-large:5.76%;--awb-margin-bottom-large:2%;--awb-spacing-left-large:2.88%;--awb-width-medium:33.333333333333%;--awb-spacing-right-medium:5.76%;--awb-spacing-left-medium:2.88%;--awb-width-small:100%;--awb-spacing-right-small:1.92%;--awb-spacing-left-small:1.92%;\"><div class=\"tiaro-column-wrapper lazyload tiaro-flex-justify-content-flex-start tiaro-content-layout-column\" data-bg-url=\"https:\/\/ehrler-beck.com\/wp-content\/uploads\/2018\/07\/AreasOfApplication_0016_Automotive-Industry-400x400.jpg\" data-bg=\"https:\/\/ehrler-beck.com\/wp-content\/uploads\/2018\/07\/AreasOfApplication_0016_Automotive-Industry-400x400.jpg\"><div class=\"tiaro-text tiaro-text-3\"><p style=\"text-align: center; margin-bottom: 0px; font-size: 20px;\"><a style=\"color: #fff;\" href=\"https:\/\/ehrler-beck.com\/pl\/obszary-zastosowan\/branza-motoryzacyjna\/\">BRAN\u017bA MOTORYZACYJNA<\/a><\/p>\n<\/div><\/div><\/div><div class=\"tiaro-layout-column tiaro_builder_column tiaro-builder-column-4 tiaro_builder_column_1_3 1_3 tiaro-flex-column\" style=\"--awb-padding-top:380px;--awb-bg-position:center top;--awb-bg-size:cover;--awb-width-large:33.333333333333%;--awb-margin-top-large:0px;--awb-spacing-right-large:2.88%;--awb-margin-bottom-large:2%;--awb-spacing-left-large:5.76%;--awb-width-medium:33.333333333333%;--awb-spacing-right-medium:2.88%;--awb-spacing-left-medium:5.76%;--awb-width-small:100%;--awb-spacing-right-small:1.92%;--awb-spacing-left-small:1.92%;\"><div class=\"tiaro-column-wrapper lazyload tiaro-flex-justify-content-flex-start tiaro-content-layout-column\" data-bg-url=\"https:\/\/ehrler-beck.com\/wp-content\/uploads\/2018\/07\/AreasOfApplication_0015_Chemical-400x400.jpg\" data-bg=\"https:\/\/ehrler-beck.com\/wp-content\/uploads\/2018\/07\/AreasOfApplication_0015_Chemical-400x400.jpg\"><div class=\"tiaro-text tiaro-text-4\"><p style=\"text-align: center; margin-bottom: 0px; font-size: 20px;\"><a style=\"color: #fff;\" href=\"https:\/\/ehrler-beck.com\/pl\/obszary-zastosowan\/przemysl-chemiczny\/\">PRZEMYS\u0141 CHEMICZNY<\/a><\/p>\n<\/div><\/div><\/div><div class=\"tiaro-layout-column tiaro_builder_column tiaro-builder-column-5 tiaro_builder_column_1_3 1_3 tiaro-flex-column\" style=\"--awb-padding-top:380px;--awb-bg-position:center top;--awb-bg-size:cover;--awb-width-large:33.333333333333%;--awb-margin-top-large:0px;--awb-spacing-right-large:2.88%;--awb-margin-bottom-large:2%;--awb-spacing-left-large:2.88%;--awb-width-medium:33.333333333333%;--awb-spacing-right-medium:2.88%;--awb-spacing-left-medium:2.88%;--awb-width-small:100%;--awb-spacing-right-small:1.92%;--awb-spacing-left-small:1.92%;\"><div class=\"tiaro-column-wrapper lazyload tiaro-flex-justify-content-flex-start tiaro-content-layout-column\" data-bg-url=\"https:\/\/ehrler-beck.com\/wp-content\/uploads\/2018\/07\/AreasOfApplication_0014_distillation-400x400.jpg\" data-bg=\"https:\/\/ehrler-beck.com\/wp-content\/uploads\/2018\/07\/AreasOfApplication_0014_distillation-400x400.jpg\"><div class=\"tiaro-text tiaro-text-5\"><p style=\"text-align: center; margin-bottom: 0px; font-size: 20px;\"><a style=\"color: #fff;\" href=\"https:\/\/ehrler-beck.com\/pl\/obszary-zastosowan\/destylowac\/\">DESTYLOWA\u0106<\/a><\/p>\n<\/div><\/div><\/div><div class=\"tiaro-layout-column tiaro_builder_column tiaro-builder-column-6 tiaro_builder_column_1_3 1_3 tiaro-flex-column\" style=\"--awb-padding-top:380px;--awb-bg-position:center top;--awb-bg-size:cover;--awb-width-large:33.333333333333%;--awb-margin-top-large:0px;--awb-spacing-right-large:5.76%;--awb-margin-bottom-large:2%;--awb-spacing-left-large:2.88%;--awb-width-medium:33.333333333333%;--awb-spacing-right-medium:5.76%;--awb-spacing-left-medium:2.88%;--awb-width-small:100%;--awb-spacing-right-small:1.92%;--awb-spacing-left-small:1.92%;\"><div class=\"tiaro-column-wrapper lazyload tiaro-flex-justify-content-flex-start tiaro-content-layout-column\" data-bg-url=\"https:\/\/ehrler-beck.com\/wp-content\/uploads\/2018\/07\/AreasOfApplication_0013_Electronics-Industry-400x400.jpg\" data-bg=\"https:\/\/ehrler-beck.com\/wp-content\/uploads\/2018\/07\/AreasOfApplication_0013_Electronics-Industry-400x400.jpg\"><div class=\"tiaro-text tiaro-text-6\"><p style=\"text-align: center; margin-bottom: 0px; font-size: 20px;\"><a style=\"color: #fff;\" href=\"https:\/\/ehrler-beck.com\/pl\/obszary-zastosowan\/elektrotechnika-i-elektronika\/\">ELEKTRONIKA<\/a><\/p>\n<\/div><\/div><\/div><div class=\"tiaro-layout-column tiaro_builder_column tiaro-builder-column-7 tiaro_builder_column_1_3 1_3 tiaro-flex-column\" style=\"--awb-padding-top:380px;--awb-bg-position:center top;--awb-bg-size:cover;--awb-width-large:33.333333333333%;--awb-margin-top-large:0px;--awb-spacing-right-large:2.88%;--awb-margin-bottom-large:2%;--awb-spacing-left-large:5.76%;--awb-width-medium:33.333333333333%;--awb-spacing-right-medium:2.88%;--awb-spacing-left-medium:5.76%;--awb-width-small:100%;--awb-spacing-right-small:1.92%;--awb-spacing-left-small:1.92%;\"><div class=\"tiaro-column-wrapper lazyload tiaro-flex-justify-content-flex-start tiaro-content-layout-column\" data-bg-url=\"https:\/\/ehrler-beck.com\/wp-content\/uploads\/2018\/07\/AreasOfApplication_0011_Enviromental_Engineering-1-400x400.jpg\" data-bg=\"https:\/\/ehrler-beck.com\/wp-content\/uploads\/2018\/07\/AreasOfApplication_0011_Enviromental_Engineering-1-400x400.jpg\"><div class=\"tiaro-text tiaro-text-7\"><p style=\"text-align: center; margin-bottom: 0px; font-size: 20px;\"><a style=\"color: #fff;\" href=\"https:\/\/ehrler-beck.com\/pl\/obszary-zastosowan\/inzynieria-srodowiska\/\">IN\u017bYNIERIA \u015aRODOWISKA<\/a><\/p>\n<\/div><\/div><\/div><div class=\"tiaro-layout-column tiaro_builder_column tiaro-builder-column-8 tiaro_builder_column_1_3 1_3 tiaro-flex-column\" style=\"--awb-padding-top:380px;--awb-bg-position:center top;--awb-bg-size:cover;--awb-width-large:33.333333333333%;--awb-margin-top-large:0px;--awb-spacing-right-large:2.88%;--awb-margin-bottom-large:2%;--awb-spacing-left-large:2.88%;--awb-width-medium:33.333333333333%;--awb-spacing-right-medium:2.88%;--awb-spacing-left-medium:2.88%;--awb-width-small:100%;--awb-spacing-right-small:1.92%;--awb-spacing-left-small:1.92%;\"><div class=\"tiaro-column-wrapper lazyload tiaro-flex-justify-content-flex-start tiaro-content-layout-column\" data-bg-url=\"https:\/\/ehrler-beck.com\/wp-content\/uploads\/2018\/07\/AreasOfApplication_0010_FoodAndBeverageIndustry-400x400.jpg\" data-bg=\"https:\/\/ehrler-beck.com\/wp-content\/uploads\/2018\/07\/AreasOfApplication_0010_FoodAndBeverageIndustry-400x400.jpg\"><div class=\"tiaro-text tiaro-text-8\"><p style=\"text-align: center; margin-bottom: 0px; font-size: 20px;\"><a style=\"color: #fff;\" href=\"https:\/\/ehrler-beck.com\/pl\/obszary-zastosowan\/lebensmittel-und-getraenkeindustrie\/\">JEDZENIE I NAPOJE<\/a><\/p>\n<\/div><\/div><\/div><div class=\"tiaro-layout-column tiaro_builder_column tiaro-builder-column-9 tiaro_builder_column_1_3 1_3 tiaro-flex-column\" style=\"--awb-padding-top:380px;--awb-bg-position:center top;--awb-bg-size:cover;--awb-width-large:33.333333333333%;--awb-margin-top-large:0px;--awb-spacing-right-large:5.76%;--awb-margin-bottom-large:2%;--awb-spacing-left-large:2.88%;--awb-width-medium:33.333333333333%;--awb-spacing-right-medium:5.76%;--awb-spacing-left-medium:2.88%;--awb-width-small:100%;--awb-spacing-right-small:1.92%;--awb-spacing-left-small:1.92%;\"><div class=\"tiaro-column-wrapper lazyload tiaro-flex-justify-content-flex-start tiaro-content-layout-column\" data-bg-url=\"https:\/\/ehrler-beck.com\/wp-content\/uploads\/2018\/07\/AreasOfApplication_0009_Glass-Industry-400x400.jpg\" data-bg=\"https:\/\/ehrler-beck.com\/wp-content\/uploads\/2018\/07\/AreasOfApplication_0009_Glass-Industry-400x400.jpg\"><div class=\"tiaro-text tiaro-text-9\"><p style=\"text-align: center; margin-bottom: 0px; font-size: 20px;\"><a style=\"color: #fff;\" href=\"https:\/\/ehrler-beck.com\/pl\/obszary-zastosowan\/przemysl-szklarski\/\">PRZEMYS\u0141 SZKLARSKI<\/a><\/p>\n<\/div><\/div><\/div><div class=\"tiaro-layout-column tiaro_builder_column tiaro-builder-column-10 tiaro_builder_column_1_3 1_3 tiaro-flex-column\" style=\"--awb-padding-top:380px;--awb-bg-position:center top;--awb-bg-size:cover;--awb-width-large:33.333333333333%;--awb-margin-top-large:0px;--awb-spacing-right-large:2.88%;--awb-margin-bottom-large:2%;--awb-spacing-left-large:5.76%;--awb-width-medium:33.333333333333%;--awb-spacing-right-medium:2.88%;--awb-spacing-left-medium:5.76%;--awb-width-small:100%;--awb-spacing-right-small:1.92%;--awb-spacing-left-small:1.92%;\"><div class=\"tiaro-column-wrapper lazyload tiaro-flex-justify-content-flex-start tiaro-content-layout-column\" data-bg-url=\"https:\/\/ehrler-beck.com\/wp-content\/uploads\/2018\/07\/AreasOfApplication_0007_Metal-Processing-400x400.jpg\" data-bg=\"https:\/\/ehrler-beck.com\/wp-content\/uploads\/2018\/07\/AreasOfApplication_0007_Metal-Processing-400x400.jpg\"><div class=\"tiaro-text tiaro-text-10\"><p style=\"text-align: center; margin-bottom: 0px; font-size: 20px;\"><a style=\"color: #fff;\" href=\"https:\/\/ehrler-beck.com\/pl\/obszary-zastosowan\/branza-metalowa\/\">PRACOWNICY METALOWI<\/a><\/p>\n<\/div><\/div><\/div><div class=\"tiaro-layout-column tiaro_builder_column tiaro-builder-column-11 tiaro_builder_column_1_3 1_3 tiaro-flex-column\" style=\"--awb-padding-top:380px;--awb-bg-position:center top;--awb-bg-size:cover;--awb-width-large:33.333333333333%;--awb-margin-top-large:0px;--awb-spacing-right-large:2.88%;--awb-margin-bottom-large:2%;--awb-spacing-left-large:2.88%;--awb-width-medium:33.333333333333%;--awb-spacing-right-medium:2.88%;--awb-spacing-left-medium:2.88%;--awb-width-small:100%;--awb-spacing-right-small:1.92%;--awb-spacing-left-small:1.92%;\"><div class=\"tiaro-column-wrapper lazyload tiaro-flex-justify-content-flex-start tiaro-content-layout-column\" data-bg-url=\"https:\/\/ehrler-beck.com\/wp-content\/uploads\/2018\/07\/AreasOfApplication_0008_Medical-Industry-400x400.jpg\" data-bg=\"https:\/\/ehrler-beck.com\/wp-content\/uploads\/2018\/07\/AreasOfApplication_0008_Medical-Industry-400x400.jpg\"><div class=\"tiaro-text tiaro-text-11\"><p style=\"text-align: center; margin-bottom: 0px; font-size: 20px;\"><a style=\"color: #fff;\" href=\"https:\/\/ehrler-beck.com\/pl\/obszary-zastosowan\/medycyna-i-farmacja\/\">BRAN\u017bA MEDYCZNA<\/a><\/p>\n<\/div><\/div><\/div><div class=\"tiaro-layout-column tiaro_builder_column tiaro-builder-column-12 tiaro_builder_column_1_3 1_3 tiaro-flex-column\" style=\"--awb-padding-top:380px;--awb-bg-position:center top;--awb-bg-size:cover;--awb-width-large:33.333333333333%;--awb-margin-top-large:0px;--awb-spacing-right-large:5.76%;--awb-margin-bottom-large:2%;--awb-spacing-left-large:2.88%;--awb-width-medium:33.333333333333%;--awb-spacing-right-medium:5.76%;--awb-spacing-left-medium:2.88%;--awb-width-small:100%;--awb-spacing-right-small:1.92%;--awb-spacing-left-small:1.92%;\"><div class=\"tiaro-column-wrapper lazyload tiaro-flex-justify-content-flex-start tiaro-content-layout-column\" data-bg-url=\"https:\/\/ehrler-beck.com\/wp-content\/uploads\/2018\/07\/AreasOfApplication_0006_Packaging-Industry-400x400.jpg\" data-bg=\"https:\/\/ehrler-beck.com\/wp-content\/uploads\/2018\/07\/AreasOfApplication_0006_Packaging-Industry-400x400.jpg\"><div class=\"tiaro-text tiaro-text-12\"><p style=\"text-align: center; margin-bottom: 0px; font-size: 20px; color: #fff;\">OPAKOWANIE<\/p>\n<\/div><\/div><\/div><div class=\"tiaro-layout-column tiaro_builder_column tiaro-builder-column-13 tiaro_builder_column_1_3 1_3 tiaro-flex-column\" style=\"--awb-padding-top:380px;--awb-bg-position:center top;--awb-bg-size:cover;--awb-width-large:33.333333333333%;--awb-margin-top-large:0px;--awb-spacing-right-large:2.88%;--awb-margin-bottom-large:2%;--awb-spacing-left-large:5.76%;--awb-width-medium:33.333333333333%;--awb-spacing-right-medium:2.88%;--awb-spacing-left-medium:5.76%;--awb-width-small:100%;--awb-spacing-right-small:1.92%;--awb-spacing-left-small:1.92%;\"><div class=\"tiaro-column-wrapper lazyload tiaro-flex-justify-content-flex-start tiaro-content-layout-column\" data-bg-url=\"https:\/\/ehrler-beck.com\/wp-content\/uploads\/2018\/07\/AreasOfApplication_0005_Paper-And-Printing-400x400.jpg\" data-bg=\"https:\/\/ehrler-beck.com\/wp-content\/uploads\/2018\/07\/AreasOfApplication_0005_Paper-And-Printing-400x400.jpg\"><div class=\"tiaro-text tiaro-text-13\"><p style=\"text-align: center; margin-bottom: 0px; font-size: 20px;\"><a style=\"color: #fff;\" href=\"https:\/\/ehrler-beck.com\/pl\/obszary-zastosowan\/przemysl-poligraficzny-i-papierniczy\/\">PRZEMYS\u0141 DRUKARSKI I PAPIERNICZY<\/a><\/p>\n<\/div><\/div><\/div><div class=\"tiaro-layout-column tiaro_builder_column tiaro-builder-column-14 tiaro_builder_column_1_3 1_3 tiaro-flex-column\" style=\"--awb-padding-top:380px;--awb-bg-position:center top;--awb-bg-size:cover;--awb-width-large:33.333333333333%;--awb-margin-top-large:0px;--awb-spacing-right-large:2.88%;--awb-margin-bottom-large:2%;--awb-spacing-left-large:2.88%;--awb-width-medium:33.333333333333%;--awb-spacing-right-medium:2.88%;--awb-spacing-left-medium:2.88%;--awb-width-small:100%;--awb-spacing-right-small:1.92%;--awb-spacing-left-small:1.92%;\"><div class=\"tiaro-column-wrapper lazyload tiaro-flex-justify-content-flex-start tiaro-content-layout-column\" data-bg-url=\"https:\/\/ehrler-beck.com\/wp-content\/uploads\/2018\/07\/AreasOfApplication_0004_Pharmaceutical-400x400.jpg\" data-bg=\"https:\/\/ehrler-beck.com\/wp-content\/uploads\/2018\/07\/AreasOfApplication_0004_Pharmaceutical-400x400.jpg\"><div class=\"tiaro-text tiaro-text-14\"><p style=\"text-align: center; margin-bottom: 0px; font-size: 20px;\"><a style=\"color: #fff;\" href=\"https:\/\/ehrler-beck.com\/pl\/obszary-zastosowan\/medycyna-i-farmacja\/\">PRZEMYS\u0141 FARMACEUTYCZNY<\/a><\/p>\n<\/div><\/div><\/div><div class=\"tiaro-layout-column tiaro_builder_column tiaro-builder-column-15 tiaro_builder_column_1_3 1_3 tiaro-flex-column\" style=\"--awb-padding-top:380px;--awb-bg-position:center top;--awb-bg-size:cover;--awb-width-large:33.333333333333%;--awb-margin-top-large:0px;--awb-spacing-right-large:5.76%;--awb-margin-bottom-large:2%;--awb-spacing-left-large:2.88%;--awb-width-medium:33.333333333333%;--awb-spacing-right-medium:5.76%;--awb-spacing-left-medium:2.88%;--awb-width-small:100%;--awb-spacing-right-small:1.92%;--awb-spacing-left-small:1.92%;\"><div class=\"tiaro-column-wrapper lazyload tiaro-flex-justify-content-flex-start tiaro-content-layout-column\" data-bg-url=\"https:\/\/ehrler-beck.com\/wp-content\/uploads\/2018\/07\/AreasOfApplication_0003_Plastics-Manufacturing-400x400.jpg\" data-bg=\"https:\/\/ehrler-beck.com\/wp-content\/uploads\/2018\/07\/AreasOfApplication_0003_Plastics-Manufacturing-400x400.jpg\"><div class=\"tiaro-text tiaro-text-15\"><p style=\"text-align: center; margin-bottom: 0px; font-size: 20px; color: #fff;\">TWORZYWA SZTUCZNE<\/p>\n<\/div><\/div><\/div><div class=\"tiaro-layout-column tiaro_builder_column tiaro-builder-column-16 tiaro_builder_column_1_3 1_3 tiaro-flex-column\" style=\"--awb-padding-top:380px;--awb-bg-position:center top;--awb-bg-size:cover;--awb-width-large:33.333333333333%;--awb-margin-top-large:0px;--awb-spacing-right-large:2.88%;--awb-margin-bottom-large:5px;--awb-spacing-left-large:5.76%;--awb-width-medium:33.333333333333%;--awb-spacing-right-medium:2.88%;--awb-spacing-left-medium:5.76%;--awb-width-small:100%;--awb-spacing-right-small:1.92%;--awb-spacing-left-small:1.92%;\"><div class=\"tiaro-column-wrapper lazyload tiaro-flex-justify-content-flex-start tiaro-content-layout-column\" data-bg-url=\"https:\/\/ehrler-beck.com\/wp-content\/uploads\/2018\/07\/AreasOfApplication_0012_EnergyGenerationAndSupply-400x400.jpg\" data-bg=\"https:\/\/ehrler-beck.com\/wp-content\/uploads\/2018\/07\/AreasOfApplication_0012_EnergyGenerationAndSupply-400x400.jpg\"><div class=\"tiaro-text tiaro-text-16\"><p style=\"text-align: center; margin-bottom: 0px; font-size: 20px;\"><a style=\"color: #fff;\" href=\"https:\/\/ehrler-beck.com\/pl\/obszary-zastosowan\/wytwarzanie-i-dostarczanie-energii\/\">GENERACJA ENERGII<\/a><\/p>\n<\/div><\/div><\/div><div class=\"tiaro-layout-column tiaro_builder_column tiaro-builder-column-17 tiaro_builder_column_1_3 1_3 tiaro-flex-column\" style=\"--awb-padding-top:380px;--awb-bg-position:center top;--awb-bg-size:cover;--awb-width-large:33.333333333333%;--awb-margin-top-large:0px;--awb-spacing-right-large:2.88%;--awb-margin-bottom-large:5px;--awb-spacing-left-large:2.88%;--awb-width-medium:33.333333333333%;--awb-spacing-right-medium:2.88%;--awb-spacing-left-medium:2.88%;--awb-width-small:100%;--awb-spacing-right-small:1.92%;--awb-spacing-left-small:1.92%;\"><div class=\"tiaro-column-wrapper lazyload tiaro-flex-justify-content-flex-start tiaro-content-layout-column\" data-bg-url=\"https:\/\/ehrler-beck.com\/wp-content\/uploads\/2018\/07\/AreasOfApplication_0002_TextileIndustry-400x400.jpg\" data-bg=\"https:\/\/ehrler-beck.com\/wp-content\/uploads\/2018\/07\/AreasOfApplication_0002_TextileIndustry-400x400.jpg\"><div class=\"tiaro-text tiaro-text-17\"><p style=\"text-align: center; margin-bottom: 0px; font-size: 20px; color: #fff;\">PRZEMYS\u0141 W\u0141\u00d3KIENNICZY<\/p>\n<\/div><\/div><\/div><div class=\"tiaro-layout-column tiaro_builder_column tiaro-builder-column-18 tiaro_builder_column_1_3 1_3 tiaro-flex-column\" style=\"--awb-padding-top:380px;--awb-bg-position:center top;--awb-bg-size:cover;--awb-width-large:33.333333333333%;--awb-margin-top-large:0px;--awb-spacing-right-large:5.76%;--awb-margin-bottom-large:5px;--awb-spacing-left-large:2.88%;--awb-width-medium:33.333333333333%;--awb-spacing-right-medium:5.76%;--awb-spacing-left-medium:2.88%;--awb-width-small:100%;--awb-spacing-right-small:1.92%;--awb-spacing-left-small:1.92%;\"><div class=\"tiaro-column-wrapper lazyload tiaro-flex-justify-content-flex-start tiaro-content-layout-column\" data-bg-url=\"https:\/\/ehrler-beck.com\/wp-content\/uploads\/2018\/07\/AreasOfApplication_0001_Wood-Processing-400x400.jpg\" data-bg=\"https:\/\/ehrler-beck.com\/wp-content\/uploads\/2018\/07\/AreasOfApplication_0001_Wood-Processing-400x400.jpg\"><div class=\"tiaro-text tiaro-text-18\"><p style=\"text-align: center; margin-bottom: 0px; font-size: 20px;\"><a style=\"color: #fff;\" href=\"https:\/\/ehrler-beck.com\/pl\/obszary-zastosowan\/przemysl-drzewny\/\">STOLARSTWO<\/a><\/p>\n<\/div><\/div><\/div><div class=\"tiaro-layout-column tiaro_builder_column tiaro-builder-column-19 tiaro_builder_column_1_1 1_1 tiaro-flex-column\" style=\"--awb-padding-top:5px;--awb-bg-size:cover;--awb-width-large:100%;--awb-margin-top-large:10px;--awb-spacing-right-large:1.92%;--awb-margin-bottom-large:5px;--awb-spacing-left-large:1.92%;--awb-width-medium:100%;--awb-spacing-right-medium:1.92%;--awb-spacing-left-medium:1.92%;--awb-width-small:100%;--awb-spacing-right-small:1.92%;--awb-spacing-left-small:1.92%;\"><div class=\"tiaro-column-wrapper tiaro-flex-justify-content-flex-start tiaro-content-layout-column\"><p style=\"font-size: 18px; text-align: center;\"><a href=\"https:\/\/ehrler-beck.com\/pl\/kontak\/\" style=\"color: #808080;\">Nie znalaz\u0142e\u015b swojego obszaru zastosowania?<\/a><\/p>\n<p style=\"font-size: 18px; text-align: center;\"><a href=\"https:\/\/ehrler-beck.com\/pl\/kontak\/\" style=\"color: #00b3a7;\">Skontaktuj si\u0119 z nami! Nasi eksperci mog\u0105 pom\u00f3c.<\/a><\/p><\/div><\/div><\/div><\/div>","protected":false},"excerpt":{"rendered":"","protected":false},"author":1,"featured_media":0,"parent":0,"menu_order":0,"comment_status":"closed","ping_status":"closed","template":"","meta":{"footnotes":""},"class_list":["post-8784","page","type-page","status-publish","hentry"],"acf":[],"_links":{"self":[{"href":"https:\/\/ehrler-beck.com\/pl\/wp-json\/wp\/v2\/pages\/8784","targetHints":{"allow":["GET"]}}],"collection":[{"href":"https:\/\/ehrler-beck.com\/pl\/wp-json\/wp\/v2\/pages"}],"about":[{"href":"https:\/\/ehrler-beck.com\/pl\/wp-json\/wp\/v2\/types\/page"}],"author":[{"embeddable":true,"href":"https:\/\/ehrler-beck.com\/pl\/wp-json\/wp\/v2\/users\/1"}],"replies":[{"embeddable":true,"href":"https:\/\/ehrler-beck.com\/pl\/wp-json\/wp\/v2\/comments?post=8784"}],"version-history":[{"count":1,"href":"https:\/\/ehrler-beck.com\/pl\/wp-json\/wp\/v2\/pages\/8784\/revisions"}],"predecessor-version":[{"id":53171,"href":"https:\/\/ehrler-beck.com\/pl\/wp-json\/wp\/v2\/pages\/8784\/revisions\/53171"}],"wp:attachment":[{"href":"https:\/\/ehrler-beck.com\/pl\/wp-json\/wp\/v2\/media?parent=8784"}],"curies":[{"name":"wp","href":"https:\/\/api.w.org\/{rel}","templated":true}]}}