{"id":7936,"date":"2017-12-02T20:40:46","date_gmt":"2017-12-02T19:40:46","guid":{"rendered":"http:\/\/ehrler-beck.com\/produkte\/pressure-vacuum-pumps\/drehschieber-oelfrei\/v-sereis"},"modified":"2022-08-15T16:56:52","modified_gmt":"2022-08-15T14:56:52","slug":"v-serie","status":"publish","type":"page","link":"https:\/\/ehrler-beck.com\/pl\/produkty-2\/pompy-cisnieniowo-prozniowe\/lopatka-obrotowa-bezolejowa\/seria-v-2","title":{"rendered":"Seria V"},"content":{"rendered":"<p><div class=\"tiaro-fullwidth fullwidth-box tiaro-builder-row-1 tiaro-flex-container nonhundred-percent-fullwidth non-hundred-percent-height-scrolling\" style=\"--awb-border-radius-top-left:0px;--awb-border-radius-top-right:0px;--awb-border-radius-bottom-right:0px;--awb-border-radius-bottom-left:0px;\" ><div class=\"tiaro-builder-row tiaro-row tiaro-flex-align-items-flex-start\" style=\"max-width:1404px;margin-left: calc(-4% \/ 2 );margin-right: calc(-4% \/ 2 );\"><div class=\"tiaro-layout-column tiaro_builder_column tiaro-builder-column-0 tiaro_builder_column_1_1 1_1 tiaro-flex-column\" style=\"--awb-bg-size:cover;--awb-width-large:100%;--awb-margin-top-large:0px;--awb-spacing-right-large:1.92%;--awb-margin-bottom-large:5px;--awb-spacing-left-large:1.92%;--awb-width-medium:100%;--awb-spacing-right-medium:1.92%;--awb-spacing-left-medium:1.92%;--awb-width-small:100%;--awb-spacing-right-small:1.92%;--awb-spacing-left-small:1.92%;\"><div class=\"tiaro-column-wrapper tiaro-flex-justify-content-flex-start tiaro-content-layout-column\"><div class=\"tiaro-text tiaro-text-1\"><h1>SERIA V-KTN \/ V-KTA \/ V-KTR\u00a0<span style=\"font-size: 10pt;\"><span style=\"color: #000000;\">(Elmo Rietschle)<\/span><a href=\"https:\/\/ehrler-beck.com\/pl\/technologie\/technologia-pomp-cisnieniowo-prozniowych\/obrotowe-lopatkowe-cisnieniowe-pompy-prozniowe-bezolejowe-2\/\"><img decoding=\"async\" class=\"lazyload alignright wp-image-45\" src=\"https:\/\/ehrler-beck.com\/wp-content\/uploads\/2017\/07\/Rotary-Vane-Oil-Free-Technology-Icon.png\" data-orig-src=\"https:\/\/ehrler-beck.com\/wp-content\/uploads\/2017\/07\/Rotary-Vane-Oil-Free-Technology-Icon.png\" alt=\"\" width=\"80\" height=\"80\" srcset=\"data:image\/svg+xml,%3Csvg%20xmlns%3D%27http%3A%2F%2Fwww.w3.org%2F2000%2Fsvg%27%20width%3D%2780%27%20height%3D%2780%27%20viewBox%3D%270%200%2080%2080%27%3E%3Crect%20width%3D%2780%27%20height%3D%2780%27%20fill-opacity%3D%220%22%2F%3E%3C%2Fsvg%3E\" data-srcset=\"https:\/\/ehrler-beck.com\/wp-content\/uploads\/2017\/07\/Rotary-Vane-Oil-Free-Technology-Icon-66x66.png 66w, https:\/\/ehrler-beck.com\/wp-content\/uploads\/2017\/07\/Rotary-Vane-Oil-Free-Technology-Icon.png 100w\" data-sizes=\"auto\" data-orig-sizes=\"(max-width: 80px) 100vw, 80px\" \/><\/a><\/span><\/h1>\n<\/div><\/div><\/div><div class=\"tiaro-layout-column tiaro_builder_column tiaro-builder-column-1 tiaro_builder_column_1_2 1_2 tiaro-flex-column\" style=\"--awb-bg-size:cover;--awb-width-large:50%;--awb-margin-top-large:0px;--awb-spacing-right-large:3.84%;--awb-margin-bottom-large:5px;--awb-spacing-left-large:3.84%;--awb-width-medium:50%;--awb-spacing-right-medium:3.84%;--awb-spacing-left-medium:3.84%;--awb-width-small:100%;--awb-spacing-right-small:1.92%;--awb-spacing-left-small:1.92%;\"><div class=\"tiaro-column-wrapper tiaro-flex-justify-content-flex-start tiaro-content-layout-column\"><div class=\"tiaro-text tiaro-text-2\"><h3>V-KTN<\/h3>\n<p><span class=\"intro-text\">Nat\u0119\u017cenia przep\u0142ywu od 15,7 do 51 m\u00b3\/h, nadci\u015bnienie\/podci\u015bnienie do \u00b1 0,6 bar. Niski poziom wibracji, \u0142atwy w instalacji, \u0142atwy w obs\u0142udze i konserwacji. Ze zintegrowanym filtrem powietrza ss\u0105cego i nadmuchowego. Cicha praca, ochrona przed kontaktem z gor\u0105cymi powierzchniami i intensywne ch\u0142odzenie dzi\u0119ki os\u0142onie d\u017awi\u0119koch\u0142onnej. Elastyczne opcje po\u0142\u0105cze\u0144. Z ch\u0142odnic\u0105 ko\u0144cow\u0105 spr\u0119\u017conego powietrza.<\/span><\/p>\n<\/div><div class=\"tiaro-text tiaro-text-3\"><h3>V-KTA<\/h3>\n<p><span class=\"intro-text\">Nat\u0119\u017cenia przep\u0142ywu od 60 do 136,5 m3\/h, podci\u015bnienie do -0,6 bar i nadci\u015bnienie do +0,7 bar. Ruchome poziomy mocy w celu dostosowania do odpowiednich potrzeb. Stabilna charakterystyka i cicha praca. Ukierunkowany przep\u0142yw powietrza ch\u0142odz\u0105cego przez okap akustyczny (wylot opcjonalnie z jednej lub dw\u00f3ch stron). \u0141atwy w utrzymaniu i u\u017cytkowaniu.<\/span><\/p>\n<\/div><\/div><\/div><div class=\"tiaro-layout-column tiaro_builder_column tiaro-builder-column-2 tiaro_builder_column_1_2 1_2 tiaro-flex-column\" style=\"--awb-bg-size:cover;--awb-width-large:50%;--awb-margin-top-large:0px;--awb-spacing-right-large:3.84%;--awb-margin-bottom-large:5px;--awb-spacing-left-large:3.84%;--awb-width-medium:50%;--awb-spacing-right-medium:3.84%;--awb-spacing-left-medium:3.84%;--awb-width-small:100%;--awb-spacing-right-small:1.92%;--awb-spacing-left-small:1.92%;\"><div class=\"tiaro-column-wrapper tiaro-flex-justify-content-flex-start tiaro-content-layout-column\"><div class=\"tiaro-image-element\" style=\"--awb-caption-title-font-family:var(--h2_typography-font-family);--awb-caption-title-font-weight:var(--h2_typography-font-weight);--awb-caption-title-font-style:var(--h2_typography-font-style);--awb-caption-title-size:var(--h2_typography-font-size);--awb-caption-title-transform:var(--h2_typography-text-transform);--awb-caption-title-line-height:var(--h2_typography-line-height);--awb-caption-title-letter-spacing:var(--h2_typography-letter-spacing);\"><span class=\"tiaro-imageframe imageframe-none imageframe-1 hover-type-none\"><img decoding=\"async\" width=\"1720\" height=\"1000\" alt=\"\u0141opatkowe rotacyjne pompy pr\u00f3\u017cniowe Elmo Rietschle\" title=\"\u0141opatkowe rotacyjne pompy pr\u00f3\u017cniowe Elmo Rietschle\" src=\"https:\/\/ehrler-beck.com\/wp-content\/uploads\/2022\/08\/Elmo-Rietschle-Drehschieber-Druckvakuumpumpen.jpg\" data-orig-src=\"https:\/\/ehrler-beck.com\/wp-content\/uploads\/2022\/08\/Elmo-Rietschle-Drehschieber-Druckvakuumpumpen.jpg\" class=\"lazyload img-responsive wp-image-63286\" srcset=\"data:image\/svg+xml,%3Csvg%20xmlns%3D%27http%3A%2F%2Fwww.w3.org%2F2000%2Fsvg%27%20width%3D%271720%27%20height%3D%271000%27%20viewBox%3D%270%200%201720%201000%27%3E%3Crect%20width%3D%271720%27%20height%3D%271000%27%20fill-opacity%3D%220%22%2F%3E%3C%2Fsvg%3E\" data-srcset=\"https:\/\/ehrler-beck.com\/wp-content\/uploads\/2022\/08\/Elmo-Rietschle-Drehschieber-Druckvakuumpumpen-200x116.jpg 200w, https:\/\/ehrler-beck.com\/wp-content\/uploads\/2022\/08\/Elmo-Rietschle-Drehschieber-Druckvakuumpumpen-400x233.jpg 400w, https:\/\/ehrler-beck.com\/wp-content\/uploads\/2022\/08\/Elmo-Rietschle-Drehschieber-Druckvakuumpumpen-600x349.jpg 600w, https:\/\/ehrler-beck.com\/wp-content\/uploads\/2022\/08\/Elmo-Rietschle-Drehschieber-Druckvakuumpumpen-800x465.jpg 800w, https:\/\/ehrler-beck.com\/wp-content\/uploads\/2022\/08\/Elmo-Rietschle-Drehschieber-Druckvakuumpumpen-1200x698.jpg 1200w, https:\/\/ehrler-beck.com\/wp-content\/uploads\/2022\/08\/Elmo-Rietschle-Drehschieber-Druckvakuumpumpen.jpg 1720w\" data-sizes=\"auto\" data-orig-sizes=\"(max-width: 640px) 100vw, 1720px\" \/><\/span><\/div><\/div><\/div><div class=\"tiaro-layout-column tiaro_builder_column tiaro-builder-column-3 tiaro_builder_column_1_2 1_2 tiaro-flex-column\" style=\"--awb-bg-size:cover;--awb-width-large:50%;--awb-margin-top-large:0px;--awb-spacing-right-large:3.84%;--awb-margin-bottom-large:5px;--awb-spacing-left-large:3.84%;--awb-width-medium:50%;--awb-spacing-right-medium:3.84%;--awb-spacing-left-medium:3.84%;--awb-width-small:100%;--awb-spacing-right-small:1.92%;--awb-spacing-left-small:1.92%;\"><div class=\"tiaro-column-wrapper tiaro-flex-justify-content-flex-start tiaro-content-layout-column\"><div class=\"tiaro-text tiaro-text-4\"><h3>V-KTR<\/h3>\n<p><span class=\"intro-text\">Nat\u0119\u017cenia przep\u0142ywu od 130 do 160 m3\/h, podci\u015bnienie do -0,6 bar i nadci\u015bnienie do +0,6 bar. Z wirnikiem podpartym z dw\u00f3ch stron, silnikiem ko\u0142nierzowym ze sprz\u0119g\u0142em skr\u0119tnie elastycznym. Stabilna charakterystyka i cicha praca. Ukierunkowany przep\u0142yw powietrza ch\u0142odz\u0105cego przez os\u0142on\u0119 akustyczn\u0105. \u0141atwy w utrzymaniu i u\u017cytkowaniu.<\/span><\/p>\n<\/div><\/div><\/div><div class=\"tiaro-layout-column tiaro_builder_column tiaro-builder-column-4 tiaro_builder_column_1_3 1_3 tiaro-flex-column\" style=\"--awb-padding-top:8px;--awb-padding-right:8px;--awb-padding-bottom:8px;--awb-padding-left:8px;--awb-bg-color:#dbdbdb;--awb-bg-size:cover;--awb-width-large:33.333333333333%;--awb-margin-top-large:0px;--awb-spacing-right-large:5.76%;--awb-margin-bottom-large:5px;--awb-spacing-left-large:5.76%;--awb-width-medium:33.333333333333%;--awb-spacing-right-medium:5.76%;--awb-spacing-left-medium:5.76%;--awb-width-small:100%;--awb-spacing-right-small:1.92%;--awb-spacing-left-small:1.92%;\"><div class=\"tiaro-column-wrapper tiaro-flex-justify-content-center tiaro-content-layout-column\"><div class=\"tiaro-text tiaro-text-5\"><p><span class=\"intro-text\">Nie wahaj si\u0119 z nami skontaktowa\u0107, aby uzyska\u0107 wi\u0119cej informacji:<\/span><\/p>\n<p style=\"padding-left: 30px;\"><span class=\"intro-text\">e-mail: <span class=\"color-primary\">info@ehrler-beck.com<\/span><\/span><\/p>\n<p style=\"padding-left: 30px;\"><span class=\"intro-text\">telefon: <span class=\"color-primary\">+49 (0) 7159 \/ 4085-0<\/span><\/span><\/p>\n<div class=\"tiaro-alignright\"><a class=\"tiaro-button button-flat button-medium button-default tiaro-button-default button-1 tiaro-button-default-span tiaro-button-default-type\" style=\"--button-border-radius-top-left:25px;--button-border-radius-top-right:25px;--button-border-radius-bottom-right:25px;--button-border-radius-bottom-left:25px;\" target=\"_blank\" rel=\"noopener noreferrer\" href=\"https:\/\/ehrler-beck.com\/pl\/kotaktn\/\"><span class=\"tiaro-button-text tiaro-button-text-right\">SKONTAKTUJ SI\u0118 Z NAMI<\/span><span class=\"tiaro-button-icon-divider button-icon-divider-right\"><i class=\"fa fa-comments-o\" aria-hidden=\"true\"><\/i><\/span><\/a><\/div>\n<\/div><\/div><\/div><\/div><\/div><div class=\"tiaro-fullwidth fullwidth-box tiaro-builder-row-2 tiaro-flex-container nonhundred-percent-fullwidth non-hundred-percent-height-scrolling\" style=\"--awb-border-radius-top-left:0px;--awb-border-radius-top-right:0px;--awb-border-radius-bottom-right:0px;--awb-border-radius-bottom-left:0px;\" ><div class=\"tiaro-builder-row tiaro-row tiaro-flex-align-items-center tiaro-flex-justify-content-center\" style=\"max-width:1404px;margin-left: calc(-4% \/ 2 );margin-right: calc(-4% \/ 2 );\"><div class=\"tiaro-layout-column tiaro_builder_column tiaro-builder-column-5 tiaro_builder_column_4_5 4_5 tiaro-flex-column\" style=\"--awb-bg-color:#dbdbdb;--awb-bg-size:cover;--awb-width-large:80%;--awb-margin-top-large:0px;--awb-spacing-right-large:2.4%;--awb-margin-bottom-large:5px;--awb-spacing-left-large:2.4%;--awb-width-medium:80%;--awb-order-medium:0;--awb-spacing-right-medium:2.4%;--awb-spacing-left-medium:2.4%;--awb-width-small:100%;--awb-order-small:0;--awb-spacing-right-small:1.92%;--awb-spacing-left-small:1.92%;\"><div class=\"tiaro-column-wrapper tiaro-column-has-shadow tiaro-flex-justify-content-flex-start tiaro-content-layout-column\"><div class=\"tiaro-text tiaro-text-6\"><p style=\"text-align: center;\"><form data-sf-form-id='63285' data-is-rtl='0' data-maintain-state='' data-results-url='https:\/\/ehrler-beck.com\/de\/produkte\/druck-vakuumpumpen\/drehschieber-oelfrei\/v-serie' data-ajax-url='https:\/\/ehrler-beck.com\/pl\/?sfid=63285&amp;sf_action=get_data&amp;sf_data=all' data-ajax-form-url='https:\/\/ehrler-beck.com\/pl\/?sfid=63285&amp;sf_action=get_data&amp;sf_data=form' data-display-result-method='shortcode' data-use-history-api='1' data-template-loaded='0' data-lang-code='pl' data-ajax='1' data-ajax-data-type='json' data-ajax-links-selector='.pagination a' data-ajax-target='#search-filter-results-63285' data-ajax-pagination-type='normal' data-update-ajax-url='1' data-only-results-ajax='1' data-scroll-to-pos='0' data-init-paged='1' data-auto-update='1' data-auto-count='1' action='https:\/\/ehrler-beck.com\/pl\/produkty-2\/pompy-cisnieniowo-prozniowe\/lopatka-obrotowa-bezolejowa\/seria-v-2\/' method='post' class='searchandfilter' id='search-filter-form-63285' autocomplete='off' data-instance-count='1' data-trp-original-action=\"https:\/\/ehrler-beck.com\/de\/produkte\/druck-vakuumpumpen\/drehschieber-oelfrei\/v-serie\"><ul><li class=\"sf-field-post-meta-pf_m3h_pumping_speed_50\" data-sf-field-name=\"_sfm_pf_m3h_pumping_speed_50\" data-sf-field-type=\"post_meta\" data-sf-field-input-type=\"range-slider\" data-sf-meta-type=\"number\"><h4>Pr\u0119dko\u015b\u0107 pompowania - m\u00b3\/h<\/h4>\t\t<div  data-start-min=\"0\" data-start-max=\"162.0\" data-start-min-formatted=\"0.0\" data-start-max-formatted=\"162.0\" data-min=\"0\" data-max=\"162.0\" data-step=\"1\" data-decimal-places=\"1\" data-thousand-seperator=\"\" data-decimal-seperator=\".\" data-display-values-as=\"textinput\" data-sf-field-name=\"_sfm_pf_m3h_pumping_speed_50\" class=\"sf-meta-range sf-meta-range-slider\">\n\t\t\n\t\t\t\t\t<label>\n\t\t\t\t   \t\t\t<span class=\"screen-reader-text\">pr\u0119dko\u015b\u0107 pompowania<\/span><input class=\"sf-input-range-number sf-range-min sf-input-text\" name=\"_sfm_pf_m3h_pumping_speed_50[]\" type=\"text\" value=\"0.0\" title=\"pr\u0119dko\u015b\u0107 pompowania\"><\/label>\t\t<span class=\"sf-range-values-seperator\"> - <\/span>\t\t<label>\n\t\t\t\t   \t\t\t<span class=\"screen-reader-text\">pr\u0119dko\u015b\u0107 pompowania<\/span><input class=\"sf-input-range-number sf-range-max sf-input-text\" name=\"_sfm_pf_m3h_pumping_speed_50[]\" type=\"text\" value=\"162.0\" title=\"pr\u0119dko\u015b\u0107 pompowania\"><\/label>\t\t\t\t\t\n\t\t\t<div class=\"meta-slider\"><\/div>\n\t\t<\/div>\n\t\t<\/li><li class=\"sf-field-post-meta-pf_mbar_ultimate_pressure_50\" data-sf-field-name=\"_sfm_pf_mbar_ultimate_pressure_50\" data-sf-field-type=\"post_meta\" data-sf-field-input-type=\"range-slider\" data-sf-meta-type=\"number\"><h4>ci\u015bnienie ko\u0144cowe - mbar<\/h4>\t\t<div  data-start-min=\"-700\" data-start-max=\"700\" data-start-min-formatted=\"-700\" data-start-max-formatted=\"700\" data-min=\"-700\" data-max=\"700\" data-step=\"100\" data-decimal-places=\"0\" data-thousand-seperator=\"\" data-decimal-seperator=\".\" data-display-values-as=\"textinput\" data-sf-field-name=\"_sfm_pf_mbar_ultimate_pressure_50\" class=\"sf-meta-range sf-meta-range-slider\">\n\t\t\n\t\t\t\t\t<label>\n\t\t\t\t   \t\t\t<span class=\"screen-reader-text\">ci\u015bnienie ko\u0144cowe<\/span><input class=\"sf-input-range-number sf-range-min sf-input-number\" min=\"-700\" max=\"700\" step=\"100\" name=\"_sfm_pf_mbar_ultimate_pressure_50[]\" type=\"number\" value=\"-700\" title=\"ci\u015bnienie ko\u0144cowe\"><\/label>\t\t<span class=\"sf-range-values-seperator\"> - <\/span>\t\t<label>\n\t\t\t\t   \t\t\t<span class=\"screen-reader-text\">ci\u015bnienie ko\u0144cowe<\/span><input class=\"sf-input-range-number sf-range-max sf-input-number\" min=\"-700\" max=\"700\" step=\"100\" name=\"_sfm_pf_mbar_ultimate_pressure_50[]\" type=\"number\" value=\"700\" title=\"ci\u015bnienie ko\u0144cowe\"><\/label>\t\t\t\t\t\n\t\t\t<div class=\"meta-slider\"><\/div>\n\t\t<\/div>\n\t\t<\/li><li class=\"sf-field-post-meta-pf_kw_motor_rating_50\" data-sf-field-name=\"_sfm_pf_kw_motor_rating_50\" data-sf-field-type=\"post_meta\" data-sf-field-input-type=\"range-slider\" data-sf-meta-type=\"number\"><h4>Znamionowa moc silnika - kW<\/h4>\t\t<div  data-start-min=\"0\" data-start-max=\"9.0\" data-start-min-formatted=\"0.0\" data-start-max-formatted=\"9.0\" data-min=\"0\" data-max=\"9.0\" data-step=\"0.1\" data-decimal-places=\"1\" data-thousand-seperator=\"\" data-decimal-seperator=\".\" data-display-values-as=\"textinput\" data-sf-field-name=\"_sfm_pf_kw_motor_rating_50\" class=\"sf-meta-range sf-meta-range-slider\">\n\t\t\n\t\t\t\t\t<label>\n\t\t\t\t   \t\t\t<span class=\"screen-reader-text\">moc znamionowa silnika<\/span><input class=\"sf-input-range-number sf-range-min sf-input-text\" name=\"_sfm_pf_kw_motor_rating_50[]\" type=\"text\" value=\"0.0\" title=\"moc znamionowa silnika\"><\/label>\t\t<span class=\"sf-range-values-seperator\"> - <\/span>\t\t<label>\n\t\t\t\t   \t\t\t<span class=\"screen-reader-text\">moc znamionowa silnika<\/span><input class=\"sf-input-range-number sf-range-max sf-input-text\" name=\"_sfm_pf_kw_motor_rating_50[]\" type=\"text\" value=\"9.0\" title=\"moc znamionowa silnika\"><\/label>\t\t\t\t\t\n\t\t\t<div class=\"meta-slider\"><\/div>\n\t\t<\/div>\n\t\t<\/li><\/ul><input type=\"hidden\" name=\"trp-form-language\" value=\"pl\"\/><\/form><\/p>\n<\/div><\/div><\/div><\/div><\/div><div class=\"tiaro-fullwidth fullwidth-box tiaro-builder-row-3 tiaro-flex-container nonhundred-percent-fullwidth non-hundred-percent-height-scrolling\" style=\"--awb-border-radius-top-left:0px;--awb-border-radius-top-right:0px;--awb-border-radius-bottom-right:0px;--awb-border-radius-bottom-left:0px;\" ><div class=\"tiaro-builder-row tiaro-row tiaro-flex-align-items-flex-start\" style=\"max-width:1404px;margin-left: calc(-4% \/ 2 );margin-right: calc(-4% \/ 2 );\"><div class=\"tiaro-layout-column tiaro_builder_column tiaro-builder-column-6 tiaro_builder_column_1_1 1_1 tiaro-flex-column\" style=\"--awb-bg-size:cover;--awb-width-large:100%;--awb-margin-top-large:0px;--awb-spacing-right-large:1.92%;--awb-margin-bottom-large:5px;--awb-spacing-left-large:1.92%;--awb-width-medium:100%;--awb-order-medium:0;--awb-spacing-right-medium:1.92%;--awb-spacing-left-medium:1.92%;--awb-width-small:100%;--awb-order-small:0;--awb-spacing-right-small:1.92%;--awb-spacing-left-small:1.92%;\"><div class=\"tiaro-column-wrapper tiaro-column-has-shadow tiaro-flex-justify-content-flex-start tiaro-content-layout-column\"><div class=\"tiaro-text tiaro-text-7\"><div class=\"search-filter-results\" id=\"search-filter-results-63285\">Nie znaleziono wynik\u00f3w<\/div>\n<\/div><\/div><\/div><\/div><\/div><\/p>","protected":false},"excerpt":{"rendered":"","protected":false},"author":1,"featured_media":0,"parent":7637,"menu_order":0,"comment_status":"closed","ping_status":"closed","template":"100-width.php","meta":{"footnotes":""},"class_list":["post-7936","page","type-page","status-publish","hentry"],"acf":[],"_links":{"self":[{"href":"https:\/\/ehrler-beck.com\/pl\/wp-json\/wp\/v2\/pages\/7936","targetHints":{"allow":["GET"]}}],"collection":[{"href":"https:\/\/ehrler-beck.com\/pl\/wp-json\/wp\/v2\/pages"}],"about":[{"href":"https:\/\/ehrler-beck.com\/pl\/wp-json\/wp\/v2\/types\/page"}],"author":[{"embeddable":true,"href":"https:\/\/ehrler-beck.com\/pl\/wp-json\/wp\/v2\/users\/1"}],"replies":[{"embeddable":true,"href":"https:\/\/ehrler-beck.com\/pl\/wp-json\/wp\/v2\/comments?post=7936"}],"version-history":[{"count":2,"href":"https:\/\/ehrler-beck.com\/pl\/wp-json\/wp\/v2\/pages\/7936\/revisions"}],"predecessor-version":[{"id":63293,"href":"https:\/\/ehrler-beck.com\/pl\/wp-json\/wp\/v2\/pages\/7936\/revisions\/63293"}],"up":[{"embeddable":true,"href":"https:\/\/ehrler-beck.com\/pl\/wp-json\/wp\/v2\/pages\/7637"}],"wp:attachment":[{"href":"https:\/\/ehrler-beck.com\/pl\/wp-json\/wp\/v2\/media?parent=7936"}],"curies":[{"name":"wp","href":"https:\/\/api.w.org\/{rel}","templated":true}]}}