{"id":7769,"date":"2017-11-29T21:05:39","date_gmt":"2017-11-29T20:05:39","guid":{"rendered":"http:\/\/ehrler-beck.com\/imprint"},"modified":"2024-08-09T13:29:19","modified_gmt":"2024-08-09T11:29:19","slug":"impressum","status":"publish","type":"page","link":"https:\/\/ehrler-beck.com\/pl\/odcisk","title":{"rendered":"odcisk"},"content":{"rendered":"<h1>Impressum Ehrler &amp; Beck Vacuum and Compressed Air Technology GmbH<\/h1>\n<p style=\"text-align: right;\"><span style=\"font-size: 10pt;\"><em>Ostatnia aktualizacja: 9 sierpnia 2024 r<\/em><\/span><\/p>\n<p><strong><span class=\"color-primary\">GF<\/span><\/strong>: Dennis Schroeder<br \/>\nPrzemys\u0142owastr. 16<br \/>\n71272 Renningen<br \/>\nNiemcy<\/p>\n<p><strong><span class=\"color-primary\">telefon<\/span><\/strong>: +49 (0) 7159 \/ 4085-0<br \/>\n<strong><span class=\"color-primary\">faks<\/span><\/strong>: +49 (0) 7159 \/ 4085-85<br \/>\n<a href=\"mailto:info@ehrler-beck.com\">info@ehrler-beck.com<\/a><br \/>\n<a href=\"https:\/\/ehrler-beck.com\/en\/\">www.ehrler-beck.com\/de\/<\/a><\/p>\n<p><strong><span class=\"color-primary\">rejestr handlowy<\/span><\/strong>:<br \/>\nS\u0105d Rejonowy: Stuttgart<br \/>\nNumer rejestracyjny: HRB 251776<\/p>\n<p><strong><span class=\"color-primary\">Numer rejestracyjny VAT:<\/span><\/strong><br \/>\nDE145998269<\/p>\n<div><strong>Koncepcja, projekt, opracowanie i odpowiedzialno\u015b\u0107 za tre\u015b\u0107:<\/strong><\/div>\n<div>Rafael Budimir z agencji Tiaro Digital<\/div>\n<div><strong>Sie\u0107<\/strong>: tiaro.eu<br \/>\n<strong>E-mail<\/strong>: info@tiaro.eu<\/div>\n<p><strong><span class=\"color-primary\">Pytania, sugestie i uwagi<\/span><\/strong>:<br \/>\nPowi\u0105zane z witryn\u0105: <a href=\"mailto:info@tiaro.eu\">info@tiaro.eu<\/a><br \/>\nOg\u00f3lne zapytanie o Ehrler &amp; Beck GmbH: <a href=\"mailto:info@ehrler-beck.com\">info@ehrler-beck.com<\/a><\/p>\n<div class=\"tiaro-separator\" style=\"align-self: center;margin-left: auto;margin-right: auto;margin-bottom:10px;width:100%;max-width:80%;\"><div class=\"tiaro-separator-border sep-single sep-dashed\" style=\"--awb-height:20px;--awb-amount:20px;--awb-sep-color:#00b3a7;border-color:#00b3a7;border-top-width:1px;\"><\/div><\/div>\n<h3>Odpowiedzialno\u015b\u0107 za tre\u015b\u0107:<\/h3>\n<p>Zawarto\u015b\u0107 naszych stron zosta\u0142a stworzona z wielk\u0105 staranno\u015bci\u0105. Nie mo\u017cemy jednak zagwarantowa\u0107, \u017ce tre\u015b\u0107 jest poprawna, kompletna lub aktualna. Jako us\u0142ugodawca odpowiadamy za w\u0142asne tre\u015bci na tych stronach zgodnie z \u00a7 6 ust. 1 MDStV i \u00a7 8 ust. 1 niemieckiej ustawy o us\u0142ugach telekomunikacyjnych (TDG). Us\u0142ugodawcy nie s\u0105 jednak zobowi\u0105zani do monitorowania przekazywanych lub przechowywanych przez nich informacji os\u00f3b trzecich ani do badania okoliczno\u015bci wskazuj\u0105cych na bezprawn\u0105 dzia\u0142alno\u015b\u0107. Zobowi\u0105zania do usuni\u0119cia lub zablokowania korzystania z informacji zgodnie z og\u00f3lnymi przepisami prawa pozostaj\u0105 nienaruszone. Odpowiedzialno\u015b\u0107 w tym zakresie jest jednak mo\u017cliwa dopiero od momentu, w kt\u00f3rym wiadomo o konkretnym naruszeniu prawa. Gdy tylko dowiemy si\u0119 o jakichkolwiek naruszeniach prawa, natychmiast usuniemy te tre\u015bci.<\/p>\n<h3>Odpowiedzialno\u015b\u0107 za linki:<\/h3>\n<p>Nasza oferta zawiera linki do zewn\u0119trznych stron internetowych podmiot\u00f3w trzecich, na kt\u00f3rych tre\u015b\u0107 nie mamy wp\u0142ywu. Dlatego nie mo\u017cemy ponosi\u0107 \u017cadnej odpowiedzialno\u015bci za te zewn\u0119trzne tre\u015bci. Odpowiedni dostawca lub operator stron jest zawsze odpowiedzialny za tre\u015b\u0107 stron, do kt\u00f3rych prowadz\u0105 \u0142\u0105cza. Strony, do kt\u00f3rych prowadz\u0105 \u0142\u0105cza, zosta\u0142y sprawdzone pod k\u0105tem ewentualnych narusze\u0144 prawa w momencie \u0142\u0105czenia. Nielegalne tre\u015bci nie by\u0142y rozpoznawalne w momencie \u0142\u0105czenia. Jednak sta\u0142a kontrola tre\u015bci stron, do kt\u00f3rych prowadz\u0105 linki, nie jest uzasadniona bez konkretnych dowod\u00f3w naruszenia. Gdy tylko dowiemy si\u0119 o naruszeniach prawa, natychmiast usuniemy takie linki.<\/p>\n<h3>Prawa autorskie:<\/h3>\n<p>Operatorzy stron dok\u0142adaj\u0105 wszelkich stara\u0144, aby zawsze przestrzega\u0107 praw autorskich innych os\u00f3b lub korzysta\u0107 z utwor\u00f3w stworzonych przez siebie i nielicencjonowanych. Tre\u015bci i prace na tych stronach stworzone przez operator\u00f3w witryn podlegaj\u0105 niemieckiemu prawu autorskiemu. Wk\u0142ady os\u00f3b trzecich s\u0105 oznaczone jako takie. Powielanie, edytowanie, rozpowszechnianie i wszelkiego rodzaju wykorzystywanie poza granicami praw autorskich wymaga pisemnej zgody danego autora lub tw\u00f3rcy. Pobieranie i kopiowanie tej witryny jest dozwolone wy\u0142\u0105cznie do prywatnego, niekomercyjnego u\u017cytku.<\/p>\n<h3>Ochrona danych:<\/h3>\n<p>O ile dane osobowe (np. imi\u0119 i nazwisko, adres lub adresy e-mail) s\u0105 gromadzone na naszej stronie internetowej, odbywa si\u0119 to zawsze, o ile to mo\u017cliwe, na zasadzie dobrowolno\u015bci. W miar\u0119 mo\u017cliwo\u015bci z ofert i us\u0142ug mo\u017cna zawsze korzysta\u0107 bez podawania danych osobowych.<br \/>\nWyra\u017anie zabrania si\u0119 wykorzystywania danych kontaktowych opublikowanych w ramach obowi\u0105zku nadruku przez osoby trzecie do wysy\u0142ania niezam\u00f3wionych materia\u0142\u00f3w reklamowych i informacyjnych. Operatorzy witryny wyra\u017anie zastrzegaj\u0105 sobie prawo do podj\u0119cia krok\u00f3w prawnych w przypadku wysy\u0142ania niezam\u00f3wionych reklam, takich jak spam e-mail.<\/p>","protected":false},"excerpt":{"rendered":"<p>Impressum Ehrler &amp; Beck Vakuum- und Drucklufttechnik GmbH Letzte Aktualisierung: 09.08.2024 GF: Dennis Schroeder Industriestr. 16 71272 Renningen Deutschland Tel: +49 (0) 7159 \/ 4085-0 Fax: +49 (0) 7159 \/ 4085-85 info@ehrler-beck.com www.ehrler-beck.com\/de\/ Handelsregister: Bezirksgericht: Stuttgart Registriernummer: HRB 251776 VAT Registrationsnummer: DE 145998269 Konzept, Design, Entwicklung und Verantwortung f\u00fcr den Inhalt: Rafael Budimir at Tiaro [&hellip;]<\/p>","protected":false},"author":1,"featured_media":0,"parent":0,"menu_order":0,"comment_status":"closed","ping_status":"closed","template":"","meta":{"footnotes":""},"class_list":["post-7769","page","type-page","status-publish","hentry"],"acf":[],"_links":{"self":[{"href":"https:\/\/ehrler-beck.com\/pl\/wp-json\/wp\/v2\/pages\/7769","targetHints":{"allow":["GET"]}}],"collection":[{"href":"https:\/\/ehrler-beck.com\/pl\/wp-json\/wp\/v2\/pages"}],"about":[{"href":"https:\/\/ehrler-beck.com\/pl\/wp-json\/wp\/v2\/types\/page"}],"author":[{"embeddable":true,"href":"https:\/\/ehrler-beck.com\/pl\/wp-json\/wp\/v2\/users\/1"}],"replies":[{"embeddable":true,"href":"https:\/\/ehrler-beck.com\/pl\/wp-json\/wp\/v2\/comments?post=7769"}],"version-history":[{"count":14,"href":"https:\/\/ehrler-beck.com\/pl\/wp-json\/wp\/v2\/pages\/7769\/revisions"}],"predecessor-version":[{"id":160364,"href":"https:\/\/ehrler-beck.com\/pl\/wp-json\/wp\/v2\/pages\/7769\/revisions\/160364"}],"wp:attachment":[{"href":"https:\/\/ehrler-beck.com\/pl\/wp-json\/wp\/v2\/media?parent=7769"}],"curies":[{"name":"wp","href":"https:\/\/api.w.org\/{rel}","templated":true}]}}