{"id":51232,"date":"2022-01-31T20:03:25","date_gmt":"2022-01-31T19:03:25","guid":{"rendered":"https:\/\/ehrler-beck.com\/?page_id=51232"},"modified":"2022-01-31T20:11:04","modified_gmt":"2022-01-31T19:11:04","slug":"hv-waelzkolben-vakuumpumpen-serie","status":"publish","type":"page","link":"https:\/\/ehrler-beck.com\/pl\/produkty-2\/pompy-prozniowe\/pompy-prozniowe-firmy-root\/seria-pomp-prozniowych-hv-roots","title":{"rendered":"Seria pomp pr\u00f3\u017cniowych HV Roots"},"content":{"rendered":"<p><div class=\"tiaro-fullwidth fullwidth-box tiaro-builder-row-1 tiaro-flex-container nonhundred-percent-fullwidth non-hundred-percent-height-scrolling\" style=\"--awb-border-radius-top-left:0px;--awb-border-radius-top-right:0px;--awb-border-radius-bottom-right:0px;--awb-border-radius-bottom-left:0px;\" ><div class=\"tiaro-builder-row tiaro-row tiaro-flex-align-items-flex-start\" style=\"max-width:1404px;margin-left: calc(-4% \/ 2 );margin-right: calc(-4% \/ 2 );\"><div class=\"tiaro-layout-column tiaro_builder_column tiaro-builder-column-0 tiaro_builder_column_1_1 1_1 tiaro-flex-column\" style=\"--awb-bg-size:cover;--awb-width-large:100%;--awb-margin-top-large:0px;--awb-spacing-right-large:1.92%;--awb-margin-bottom-large:5px;--awb-spacing-left-large:1.92%;--awb-width-medium:100%;--awb-spacing-right-medium:1.92%;--awb-spacing-left-medium:1.92%;--awb-width-small:100%;--awb-spacing-right-small:1.92%;--awb-spacing-left-small:1.92%;\"><div class=\"tiaro-column-wrapper tiaro-flex-justify-content-flex-start tiaro-content-layout-column\"><div class=\"tiaro-text tiaro-text-1\"><h1>Seria pomp pr\u00f3\u017cniowych HV Roots <span style=\"font-size: 10pt;\"><span style=\"color: #000000;\">(<a href=\"https:\/\/ehrler-beck.com\/pl\/producent\/edwards\/\">EDWARDS<\/a>)<\/span><a href=\"https:\/\/ehrler-beck.com\/pl\/technologie\/technologie-pomp-prozniowych\/pompy-prozniowe-z-tlokiem-rolkowym\/\"><img decoding=\"async\" class=\"lazyload alignright size-full wp-image-47\" src=\"data:image\/svg+xml,%3Csvg%20xmlns%3D%27http%3A%2F%2Fwww.w3.org%2F2000%2Fsvg%27%20width%3D%2775%27%20height%3D%2775%27%20viewBox%3D%270%200%2075%2075%27%3E%3Crect%20width%3D%2775%27%20height%3D%2775%27%20fill-opacity%3D%220%22%2F%3E%3C%2Fsvg%3E\" data-orig-src=\"https:\/\/ehrler-beck.com\/wp-content\/uploads\/2017\/07\/Rotary-Lobe-Technology-Icon.png\" alt=\"\" width=\"75\" height=\"75\" \/><\/a><\/span><\/h1>\n<\/div><\/div><\/div><div class=\"tiaro-layout-column tiaro_builder_column tiaro-builder-column-1 tiaro_builder_column_1_2 1_2 tiaro-flex-column\" style=\"--awb-bg-size:cover;--awb-width-large:50%;--awb-margin-top-large:0px;--awb-spacing-right-large:3.84%;--awb-margin-bottom-large:5px;--awb-spacing-left-large:3.84%;--awb-width-medium:50%;--awb-spacing-right-medium:3.84%;--awb-spacing-left-medium:3.84%;--awb-width-small:100%;--awb-spacing-right-small:1.92%;--awb-spacing-left-small:1.92%;\"><div class=\"tiaro-column-wrapper tiaro-flex-justify-content-flex-start tiaro-content-layout-column\"><div class=\"tiaro-text tiaro-text-2\"><p>Wysokopr\u00f3\u017cniowa pompa Rootsa z serii Edwards HV8000 zosta\u0142a zaprojektowana z my\u015bl\u0105 o wysokiej niezawodno\u015bci w nieprzyjaznych \u015brodowiskach. Przy nominalnej pr\u0119dko\u015bci pompowania 7200 m3h 1 (4241 ft3 min-1) przy 50 Hz idealnie nadaje si\u0119 do du\u017cych zastosowa\u0144 przemys\u0142owych i chemicznych.<\/p>\n<p>Ehrler and Beck oferuje pompy silnikowe Edward Standard, kt\u00f3re s\u0105 teraz wyposa\u017cone w silniki tr\u00f3jfazowe o klasie sprawno\u015bci IE3.<\/p>\n<\/div><div class=\"tiaro-text tiaro-text-3\"><h3>Obszary zastosowa\u0144<\/h3>\n<\/div><div class=\"tiaro-text tiaro-text-4 awb-text-cols tiaro-text-columns-2\" style=\"--awb-columns:2;--awb-column-spacing:2em;--awb-column-min-width:100px;\"><ul>\n<li>odgazowanie stali<\/li>\n<li>metalurgia<\/li>\n<li>Pow\u0142oka<\/li>\n<li>proces technologii<\/li>\n<\/ul>\n<\/div><\/div><\/div><div class=\"tiaro-layout-column tiaro_builder_column tiaro-builder-column-2 tiaro_builder_column_1_2 1_2 tiaro-flex-column\" style=\"--awb-bg-size:cover;--awb-width-large:50%;--awb-margin-top-large:0px;--awb-spacing-right-large:3.84%;--awb-margin-bottom-large:5px;--awb-spacing-left-large:3.84%;--awb-width-medium:50%;--awb-spacing-right-medium:3.84%;--awb-spacing-left-medium:3.84%;--awb-width-small:100%;--awb-spacing-right-small:1.92%;--awb-spacing-left-small:1.92%;\"><div class=\"tiaro-column-wrapper tiaro-flex-justify-content-flex-start tiaro-content-layout-column\"><div class=\"tiaro-image-element\" style=\"--awb-caption-title-font-family:var(--h2_typography-font-family);--awb-caption-title-font-weight:var(--h2_typography-font-weight);--awb-caption-title-font-style:var(--h2_typography-font-style);--awb-caption-title-size:var(--h2_typography-font-size);--awb-caption-title-transform:var(--h2_typography-text-transform);--awb-caption-title-line-height:var(--h2_typography-line-height);--awb-caption-title-letter-spacing:var(--h2_typography-letter-spacing);\"><span class=\"tiaro-imageframe imageframe-none imageframe-1 hover-type-none\"><img decoding=\"async\" width=\"1720\" height=\"1000\" alt=\"Seria pomp pr\u00f3\u017cniowych HV Roots\" title=\"Seria pomp pr\u00f3\u017cniowych HV Roots\" src=\"https:\/\/ehrler-beck.com\/wp-content\/uploads\/2022\/01\/HV-Waelzkolben-Vakuumpumpen-Serie.jpg\" data-orig-src=\"https:\/\/ehrler-beck.com\/wp-content\/uploads\/2022\/01\/HV-Waelzkolben-Vakuumpumpen-Serie.jpg\" class=\"lazyload img-responsive wp-image-51234\" srcset=\"data:image\/svg+xml,%3Csvg%20xmlns%3D%27http%3A%2F%2Fwww.w3.org%2F2000%2Fsvg%27%20width%3D%271720%27%20height%3D%271000%27%20viewBox%3D%270%200%201720%201000%27%3E%3Crect%20width%3D%271720%27%20height%3D%271000%27%20fill-opacity%3D%220%22%2F%3E%3C%2Fsvg%3E\" data-srcset=\"https:\/\/ehrler-beck.com\/wp-content\/uploads\/2022\/01\/HV-Waelzkolben-Vakuumpumpen-Serie-200x116.jpg 200w, https:\/\/ehrler-beck.com\/wp-content\/uploads\/2022\/01\/HV-Waelzkolben-Vakuumpumpen-Serie-400x233.jpg 400w, https:\/\/ehrler-beck.com\/wp-content\/uploads\/2022\/01\/HV-Waelzkolben-Vakuumpumpen-Serie-600x349.jpg 600w, https:\/\/ehrler-beck.com\/wp-content\/uploads\/2022\/01\/HV-Waelzkolben-Vakuumpumpen-Serie-800x465.jpg 800w, https:\/\/ehrler-beck.com\/wp-content\/uploads\/2022\/01\/HV-Waelzkolben-Vakuumpumpen-Serie-1200x698.jpg 1200w, https:\/\/ehrler-beck.com\/wp-content\/uploads\/2022\/01\/HV-Waelzkolben-Vakuumpumpen-Serie.jpg 1720w\" data-sizes=\"auto\" data-orig-sizes=\"(max-width: 640px) 100vw, 1720px\" \/><\/span><\/div><\/div><\/div><div class=\"tiaro-layout-column tiaro_builder_column tiaro-builder-column-3 tiaro_builder_column_1_2 1_2 tiaro-flex-column\" style=\"--awb-bg-size:cover;--awb-width-large:50%;--awb-margin-top-large:0px;--awb-spacing-right-large:3.84%;--awb-margin-bottom-large:5px;--awb-spacing-left-large:3.84%;--awb-width-medium:50%;--awb-spacing-right-medium:3.84%;--awb-spacing-left-medium:3.84%;--awb-width-small:100%;--awb-spacing-right-small:1.92%;--awb-spacing-left-small:1.92%;\"><div class=\"tiaro-column-wrapper tiaro-flex-justify-content-flex-start tiaro-content-layout-column\"><div class=\"tiaro-text tiaro-text-5\"><h3>Wydajno\u015b\u0107<\/h3>\n<p>Stabilny proces zapewniaj\u0105cy sta\u0142\u0105 wydajno\u015b\u0107 - odpowiedni do ci\u0105g\u0142ej pracy w szerokim zakresie ci\u015bnie\u0144 w niezwykle wymagaj\u0105cych zastosowaniach.<\/p>\n<h3>niezawodno\u015b\u0107<\/h3>\n<p>Brak nieplanowanych przestoj\u00f3w \u2014 ch\u0142odzone wod\u0105 mechaniczne uszczelnienie wa\u0142u zapewniaj\u0105ce wysok\u0105 wydajno\u015b\u0107, du\u017ca \u015brednica wa\u0142u i du\u017ce przek\u0142adnie \u015brubowe.<\/p>\n<\/div><\/div><\/div><div class=\"tiaro-layout-column tiaro_builder_column tiaro-builder-column-4 tiaro_builder_column_1_3 1_3 tiaro-flex-column\" style=\"--awb-padding-top:8px;--awb-padding-right:8px;--awb-padding-bottom:8px;--awb-padding-left:8px;--awb-bg-color:#dbdbdb;--awb-bg-size:cover;--awb-width-large:33.333333333333%;--awb-margin-top-large:0px;--awb-spacing-right-large:5.76%;--awb-margin-bottom-large:5px;--awb-spacing-left-large:5.76%;--awb-width-medium:33.333333333333%;--awb-spacing-right-medium:5.76%;--awb-spacing-left-medium:5.76%;--awb-width-small:100%;--awb-spacing-right-small:1.92%;--awb-spacing-left-small:1.92%;\"><div class=\"tiaro-column-wrapper tiaro-flex-justify-content-center tiaro-content-layout-column\"><div class=\"tiaro-text tiaro-text-6\"><p><span class=\"intro-text\">Nie wahaj si\u0119 z nami skontaktowa\u0107, aby uzyska\u0107 wi\u0119cej informacji:<\/span><\/p>\n<p style=\"padding-left: 30px;\"><span class=\"intro-text\">e-mail: <span class=\"color-primary\">info@ehrler-beck.com<\/span><\/span><\/p>\n<p style=\"padding-left: 30px;\"><span class=\"intro-text\">telefon: <span class=\"color-primary\">+49 (0) 7159 \/ 4085-0<\/span><\/span><\/p>\n<div class=\"tiaro-alignright\"><a class=\"tiaro-button button-flat button-medium button-default tiaro-button-default button-1 tiaro-button-default-span tiaro-button-default-type\" style=\"--button-border-radius-top-left:25px;--button-border-radius-top-right:25px;--button-border-radius-bottom-right:25px;--button-border-radius-bottom-left:25px;\" target=\"_blank\" rel=\"noopener noreferrer\" href=\"https:\/\/ehrler-beck.com\/pl\/kontakt\/\"><span class=\"tiaro-button-text tiaro-button-text-right\">SKONTAKTUJ SI\u0118 Z NAMI<\/span><span class=\"tiaro-button-icon-divider button-icon-divider-right\"><i class=\"fa fa-comments-o\" aria-hidden=\"true\"><\/i><\/span><\/a><\/div>\n<\/div><\/div><\/div><div class=\"tiaro-layout-column tiaro_builder_column tiaro-builder-column-5 tiaro_builder_column_1_2 1_2 tiaro-flex-column\" style=\"--awb-bg-size:cover;--awb-width-large:50%;--awb-margin-top-large:0px;--awb-spacing-right-large:3.84%;--awb-margin-bottom-large:5px;--awb-spacing-left-large:3.84%;--awb-width-medium:50%;--awb-spacing-right-medium:3.84%;--awb-spacing-left-medium:3.84%;--awb-width-small:100%;--awb-spacing-right-small:1.92%;--awb-spacing-left-small:1.92%;\"><div class=\"tiaro-column-wrapper tiaro-flex-justify-content-flex-start tiaro-content-layout-column\"><div class=\"tiaro-text tiaro-text-7\"><h3>zdolno\u015b\u0107 adaptacji<\/h3>\n<p>\u0141atwo\u015b\u0107 integracji i bezpiecze\u0144stwo \u2014 dost\u0119pna opcjonalna ch\u0142odnica ko\u0144cowa spalin ch\u0142odzona wod\u0105, czyszczenie uszczelnienia wa\u0142u, monitor temperatury i VFD.<\/p>\n<\/div><\/div><\/div><div class=\"tiaro-layout-column tiaro_builder_column tiaro-builder-column-6 tiaro_builder_column_1_2 1_2 tiaro-flex-column\" style=\"--awb-bg-size:cover;--awb-width-large:50%;--awb-margin-top-large:0px;--awb-spacing-right-large:3.84%;--awb-margin-bottom-large:5px;--awb-spacing-left-large:3.84%;--awb-width-medium:50%;--awb-spacing-right-medium:3.84%;--awb-spacing-left-medium:3.84%;--awb-width-small:100%;--awb-spacing-right-small:1.92%;--awb-spacing-left-small:1.92%;\"><div class=\"tiaro-column-wrapper tiaro-flex-justify-content-flex-start tiaro-content-layout-column\"><div class=\"tiaro-text tiaro-text-8\"><h3>elastyczno\u015b\u0107<\/h3>\n<p>Konfiguracja niestandardowa \u2014 dost\u0119pna ze standardowym silnikiem lub bez silnika, do monta\u017cu na miejscu. Przep\u0142yw poziomy lub pionowy w zale\u017cno\u015bci od zastosowania i projektu systemu.<\/p>\n<\/div><\/div><\/div><\/div><\/div><div class=\"tiaro-fullwidth fullwidth-box tiaro-builder-row-2 tiaro-flex-container nonhundred-percent-fullwidth non-hundred-percent-height-scrolling\" style=\"--awb-border-radius-top-left:0px;--awb-border-radius-top-right:0px;--awb-border-radius-bottom-right:0px;--awb-border-radius-bottom-left:0px;\" ><div class=\"tiaro-builder-row tiaro-row tiaro-flex-align-items-flex-start\" style=\"max-width:1404px;margin-left: calc(-4% \/ 2 );margin-right: calc(-4% \/ 2 );\"><div class=\"tiaro-layout-column tiaro_builder_column tiaro-builder-column-7 tiaro_builder_column_1_1 1_1 tiaro-flex-column\" style=\"--awb-bg-size:cover;--awb-width-large:100%;--awb-margin-top-large:0px;--awb-spacing-right-large:1.92%;--awb-margin-bottom-large:5px;--awb-spacing-left-large:1.92%;--awb-width-medium:100%;--awb-order-medium:0;--awb-spacing-right-medium:1.92%;--awb-spacing-left-medium:1.92%;--awb-width-small:100%;--awb-order-small:0;--awb-spacing-right-small:1.92%;--awb-spacing-left-small:1.92%;\"><div class=\"tiaro-column-wrapper tiaro-column-has-shadow tiaro-flex-justify-content-flex-start tiaro-content-layout-column\"><div class=\"tiaro-text tiaro-text-9\"><div class=\"search-filter-results\" id=\"search-filter-results-51231\">\t\r\n\tZnaleziono 1 wynik\u00f3w<br \/>\r\n\tStrona 1 z 1<br \/>\r\n\r\n\t<div class=\"pagination\">\r\n\t\t\r\n\t\t<div class=\"nav-previous\"><\/div>\r\n\t\t<div class=\"nav-next\"><\/div>\r\n\t\t\t<\/div>\r\n\t\r\n\t\t\t<div class=\"product-content\">\r\n\t\t\t<div class=\"product-image\">\r\n\t\t\t\t<div class=\"tiaro-image-wrapper tiaro-image-size-fixed\" aria-haspopup=\"true\">\r\n\t\t\t\t\t<div  class=\"tiaro-image-wrapper tiaro-image-size-fixed\" aria-haspopup=\"true\">\n\t\t\t\t<img decoding=\"async\" width=\"1500\" height=\"850\" src=\"https:\/\/ehrler-beck.com\/wp-content\/uploads\/2022\/01\/HV8000-Holchleistung-Rootspumpen.jpg\" class=\"attachment- size- lazyload wp-post-image\" alt=\"Wysokowydajne pompy Rootsa HV8000\" srcset=\"data:image\/svg+xml,%3Csvg%20xmlns%3D%27http%3A%2F%2Fwww.w3.org%2F2000%2Fsvg%27%20width%3D%271500%27%20height%3D%27850%27%20viewBox%3D%270%200%201500%20850%27%3E%3Crect%20width%3D%271500%27%20height%3D%27850%27%20fill-opacity%3D%220%22%2F%3E%3C%2Fsvg%3E\" data-orig-src=\"https:\/\/ehrler-beck.com\/wp-content\/uploads\/2022\/01\/HV8000-Holchleistung-Rootspumpen.jpg\" data-srcset=\"https:\/\/ehrler-beck.com\/wp-content\/uploads\/2022\/01\/HV8000-Holchleistung-Rootspumpen-200x113.jpg 200w, https:\/\/ehrler-beck.com\/wp-content\/uploads\/2022\/01\/HV8000-Holchleistung-Rootspumpen-300x170.jpg 300w, https:\/\/ehrler-beck.com\/wp-content\/uploads\/2022\/01\/HV8000-Holchleistung-Rootspumpen-400x227.jpg 400w, https:\/\/ehrler-beck.com\/wp-content\/uploads\/2022\/01\/HV8000-Holchleistung-Rootspumpen-500x283.jpg 500w, https:\/\/ehrler-beck.com\/wp-content\/uploads\/2022\/01\/HV8000-Holchleistung-Rootspumpen-600x340.jpg 600w, https:\/\/ehrler-beck.com\/wp-content\/uploads\/2022\/01\/HV8000-Holchleistung-Rootspumpen-700x397.jpg 700w, https:\/\/ehrler-beck.com\/wp-content\/uploads\/2022\/01\/HV8000-Holchleistung-Rootspumpen-768x435.jpg 768w, https:\/\/ehrler-beck.com\/wp-content\/uploads\/2022\/01\/HV8000-Holchleistung-Rootspumpen-800x453.jpg 800w, https:\/\/ehrler-beck.com\/wp-content\/uploads\/2022\/01\/HV8000-Holchleistung-Rootspumpen-1024x580.jpg 1024w, https:\/\/ehrler-beck.com\/wp-content\/uploads\/2022\/01\/HV8000-Holchleistung-Rootspumpen-1200x680.jpg 1200w, https:\/\/ehrler-beck.com\/wp-content\/uploads\/2022\/01\/HV8000-Holchleistung-Rootspumpen.jpg 1500w\" data-sizes=\"auto\" \/><div class=\"tiaro-rollover\">\n\t<div class=\"tiaro-rollover-content\">\n\n\t\t\t\t\t\t\t\t\t\t\t\t\t\t<a class=\"tiaro-rollover-link\" href=\"https:\/\/ehrler-beck.com\/pl\/produkt\/hv8000-rootspumpen\">Pompy Rootsa HV8000<\/a>\n\t\t\t\n\t\t\t\t\t\t\t\t\n\t\t\n\t\t\t\t\t\t\t\t\n\t\t\t\t\t\t\t\t\n\t\t\n\t\t\t\t\t\t<a class=\"tiaro-link-wrapper\" href=\"https:\/\/ehrler-beck.com\/pl\/produkt\/hv8000-rootspumpen\" aria-label=\"Pompy Rootsa HV8000\"><\/a>\n\t<\/div>\n<\/div>\n<\/div>\n\t\t\t\t<\/div>\r\n\t\t\t<\/div>\r\n\t\t\t<div class=\"product-short-content\">\r\n\t\t\t<h2><a href=\"https:\/\/ehrler-beck.com\/pl\/produkt\/hv8000-rootspumpen\">Pompy Rootsa HV8000<\/a><\/h2>\r\n\t\t\t<p><table style=\"width: 100%; height: 120px;\">\n<tbody>\n<tr style=\"height: 24px;\">\n<td style=\"width: 67.9231%; height: 24px;\"><strong>Przeznaczenie<\/strong><\/td>\n<td style=\"text-align: center; width: 15.7428%; height: 24px;\" colspan=\"2\"><strong>Warto\u015b\u0107<\/strong><strong><br \/>\n<\/strong><\/td>\n<\/tr>\n<tr style=\"height: 24px;\">\n<td style=\"width: 67.9231%; height: 24px;\"><strong>cz\u0119stotliwo\u015b\u0107<\/strong><\/td>\n<td style=\"width: 15.7428%; height: 24px; text-align: left;\">50 Hz<\/td>\n<td style=\"width: 15.7428%; height: 24px; text-align: left;\">60 Hz<\/td>\n<\/tr>\n<tr style=\"height: 24px;\">\n<td style=\"width: 67.9231%; height: 24px;\"><strong>nominalna pr\u0119dko\u015b\u0107 pompowania<\/strong><\/td>\n<td style=\"width: 15.7428%; height: 24px; text-align: left;\">7200 m3\/godz<\/td>\n<td style=\"width: 15.7428%; height: 24px; text-align: left;\">8640 m3\/godz<\/td>\n<\/tr>\n<tr style=\"height: 24px;\">\n<td style=\"width: 67.9231%; height: 24px;\"><strong>R\u00f3\u017cnica ci\u015bnie\u0144 wewn\u0105trz pompy<\/strong><\/td>\n<td style=\"width: 15.7428%; height: 24px; text-align: left;\">190 milibar\u00f3w<\/td>\n<td style=\"width: 15.7428%; height: 24px; text-align: left;\">120 mbar\u00f3w<\/td>\n<\/tr>\n<tr style=\"height: 24px;\">\n<td style=\"width: 67.9231%; height: 24px;\"><strong>moc silnika<\/strong><\/td>\n<td style=\"width: 15.7428%; height: 24px; text-align: left;\">15 kW<\/td>\n<td style=\"width: 15.7428%; height: 24px; text-align: left;\">18,5kW<\/td>\n<\/tr>\n<\/tbody>\n<\/table>\n<\/p>\r\n\t\t\t<\/div>\r\n\t\t<\/div>\r\n\t\t\r\n\t\t<hr \/>\r\n\t\t\tStrona 1 z 1<br \/>\r\n\r\n\t\r\n\t<div class=\"pagination\">\r\n\t\t\r\n\t\t<div class=\"nav-previous\"><\/div>\r\n\t\t<div class=\"nav-next\"><\/div>\r\n\t\t\t<\/div>\r\n\t<\/div>\n<\/div><\/div><\/div><\/div><\/div><\/p>","protected":false},"excerpt":{"rendered":"","protected":false},"author":1,"featured_media":0,"parent":3927,"menu_order":0,"comment_status":"closed","ping_status":"closed","template":"","meta":{"footnotes":""},"class_list":["post-51232","page","type-page","status-publish","hentry"],"acf":[],"_links":{"self":[{"href":"https:\/\/ehrler-beck.com\/pl\/wp-json\/wp\/v2\/pages\/51232","targetHints":{"allow":["GET"]}}],"collection":[{"href":"https:\/\/ehrler-beck.com\/pl\/wp-json\/wp\/v2\/pages"}],"about":[{"href":"https:\/\/ehrler-beck.com\/pl\/wp-json\/wp\/v2\/types\/page"}],"author":[{"embeddable":true,"href":"https:\/\/ehrler-beck.com\/pl\/wp-json\/wp\/v2\/users\/1"}],"replies":[{"embeddable":true,"href":"https:\/\/ehrler-beck.com\/pl\/wp-json\/wp\/v2\/comments?post=51232"}],"version-history":[{"count":4,"href":"https:\/\/ehrler-beck.com\/pl\/wp-json\/wp\/v2\/pages\/51232\/revisions"}],"predecessor-version":[{"id":51240,"href":"https:\/\/ehrler-beck.com\/pl\/wp-json\/wp\/v2\/pages\/51232\/revisions\/51240"}],"up":[{"embeddable":true,"href":"https:\/\/ehrler-beck.com\/pl\/wp-json\/wp\/v2\/pages\/3927"}],"wp:attachment":[{"href":"https:\/\/ehrler-beck.com\/pl\/wp-json\/wp\/v2\/media?parent=51232"}],"curies":[{"name":"wp","href":"https:\/\/api.w.org\/{rel}","templated":true}]}}