{"id":5049,"date":"2017-11-07T14:20:18","date_gmt":"2017-11-07T13:20:18","guid":{"rendered":"http:\/\/ehrler-beck.com?page_id=5049"},"modified":"2017-12-21T12:25:31","modified_gmt":"2017-12-21T11:25:31","slug":"oele-fette-und-schmierstoffe","status":"publish","type":"page","link":"https:\/\/ehrler-beck.com\/pl\/produkty-2\/czesci-zamienne-i-akcesoria\/oele-fette-und-schmierstoffe","title":{"rendered":"\u00d6le, Fette und Schmierstoffe"},"content":{"rendered":"<h1>\u00d6LE, FETTE UND SCHMIERSTOFFE<\/h1>\n<div class=\"tiaro-separator tiaro-full-width-sep\" style=\"align-self: center;margin-left: auto;margin-right: auto;width:100%;\"><div class=\"tiaro-separator-border sep-shadow\" style=\"--awb-height:20px;--awb-amount:20px;--awb-sep-color:#00b3a7;background:radial-gradient(ellipse at 50% -50% , #00b3a7 0px, rgba(255, 255, 255, 0) 80%) repeat scroll 0 0 rgba(0, 0, 0, 0);background:-webkit-radial-gradient(ellipse at 50% -50% , #00b3a7 0px, rgba(255, 255, 255, 0) 80%) repeat scroll 0 0 rgba(0, 0, 0, 0);background:-moz-radial-gradient(ellipse at 50% -50% , #00b3a7 0px, rgba(255, 255, 255, 0) 80%) repeat scroll 0 0 rgba(0, 0, 0, 0);background:-o-radial-gradient(ellipse at 50% -50% , #00b3a7 0px, rgba(255, 255, 255, 0) 80%) repeat scroll 0 0 rgba(0, 0, 0, 0);\"><\/div><\/div>\n<h2>BECKER &#8211; \u00d6LE UND SCHMIERSTOFFE<\/h2>\n<ul>\n<li>Becker \u00d6l Lube M100 \/ \u00d6l Lube M 100 (U-Pumpen)<\/li>\n<li>Becker \u00d6l Lube S100 \/ \u00d6l Lube S 100 (U-Pumpen)<\/li>\n<li>Becker \u00d6l Lube M320 \/ \u00d6l Lube M 320 (DKW, VPF, DVP, L\/V)<\/li>\n<li>Becker \u00d6l Lube SL100 Food \/ \u00d6l Lube SL 100 Food (U-Pumpen)<\/li>\n<li>Becker \u00d6l Lube S320 \/ \u00d6l Lube S 320 (DP98, DP2.100, DP2.140)<\/li>\n<li>Becker \u00d6l Lube G90 \/ \u00d6l Lube G 90 (RV 33)<\/li>\n<li>Enersyn RC-S46 (VADS650)<\/li>\n<li>Tellus S2 M68 \/ S2 M 68 (VADS1500)<\/li>\n<li>Schmierfett Lube10 \/ Lube 10<\/li>\n<\/ul>\n<hr \/>\n<h2>BUSCH &#8211; \u00d6LE F\u00dcR VAKUUMPUMPEN R 5 0025 &#8211; 1600<\/h2>\n<p>Mineral\u00f6l = unlegiertes Verdichter\u00f6l f\u00fcr Standardapplikationen<\/p>\n<ul>\n<li>VM032 \/ VM 032<\/li>\n<li>VM068 \/ VM 068<\/li>\n<li>VM100 \/ VM 100<\/li>\n<li>VM150 \/ VM 150<\/li>\n<li>VMH100 \/ VMH 100<\/li>\n<\/ul>\n<p>PAO = synthetische Schmierstoffe f\u00fcr Einsatz in Lebensmittelindustrie<\/p>\n<ul>\n<li>VSL032 \/ VSL 032<\/li>\n<li>VSL068 \/ VSL 068<\/li>\n<li>VSL100 \/ VSL 100<\/li>\n<\/ul>\n<p>Diester = Vollsynthetik\u00f6l f\u00fcr extrem belastete Vakuumprozesse<\/p>\n<ul>\n<li>VE101 \/ VE 101<\/li>\n<\/ul>\n<hr \/>\n<h2>ELMO RIETSCHLE \/ GARDNER DENVER &#8211; \u00d6LE F\u00dcR VAKUUMPUMPEN UND VERDICHTER<\/h2>\n<ul>\n<li>Mineral\u00f6l mit besonders hohem Wasserabscheideverm\u00f6gen<br \/>\nMulti-Lube<\/li>\n<li>Synthetik\u00f6l besonders geeignet f\u00fcr hohe Umgebungstemperaturen<br \/>\nSuper-Lube<\/li>\n<li>Synthetik\u00f6l f\u00fcr den Einsatz in der Lebensmittel &#8211; und Pharmaindustrie<br \/>\nEco-Lube<\/li>\n<li>Synthetik\u00f6l zum F\u00f6rdern von gasf\u00f6rmigem Sauerstoff in Vakuumpumpen<br \/>\nOxy-Lube Plus<\/li>\n<li>Synthetisches Lager- und Getriebe\u00f6l f\u00fcr hohe und niedere Umgebungstemperaturen<br \/>\nGear-Lube<\/li>\n<\/ul>\n<hr \/>\n<h2>OERLIKON LEYBOLD VAKUUM &#8211; \u00d6LE \/ FETTE \/ BETRIEBSMITTEL<\/h2>\n<p>Mineral\u00f6l \/ Vakuumpumpen\u00f6l \/ LEYBONOL<\/p>\n<ul>\n<li>LVO 100 | LVO 110 | LVO 120 | LVO 130 | LVO 140 | LVO 150 | LVO 160<\/li>\n<li>GS 32 \/ GS 77<\/li>\n<li>GS FM 32 \/ GS FM 68<\/li>\n<\/ul>\n<p>Ester\u00f6l \/ Vakuumpumpen\u00f6l \/ LEYBONOL<\/p>\n<ul>\n<li>LVO 200 | LVO 210 | LVO 220 | LVO 230 | LVO 240 | LVO 250 | LVO 260<\/li>\n<li>GS 32 \/ GS 77<\/li>\n<li>GS FM 32 \/ GS FM 68<\/li>\n<\/ul>\n<p>PAO-\u00d6l \/ Vakuumpumpen\u00f6l \/ LEYBONOL<\/p>\n<ul>\n<li>LVO 300 | LVO 310<\/li>\n<\/ul>\n<p>PFPE-\u00d6l \/ Vakuumpumpen\u00f6l \/ LEYBONOL<\/p>\n<ul>\n<li>LVO 400 | LVO 410 | LVO 420<\/li>\n<\/ul>\n<p><strong>Treibmittel<\/strong><\/p>\n<p>DIFFELEN | ULTRALEN | Silikon\u00f6l<br \/>\nLEYBONOL LVO 500 | LVO 510 | LVO 520 | LVO 530 | LVO 540<\/p>\n<p><strong>Spezialschmierstoffe<\/strong><\/p>\n<p>LEYBONAL LVO 700<\/p>\n<p><strong>t\u0142uszcze<\/strong><\/p>\n<p>RAMSAY | GLEITLEN | LITHELEN | DYNAFAT | Silikon-Hochvakuum-Fett<br \/>\nLEYBONAL LVA 810 | LVY 870 | LVO 871 | LVO 872<\/p>\n<hr \/>\n<h2>KL\u00dcBER TYRENO FLUID M-100V<\/h2>\n<p>f\u00fcr das Grob- und Fein-Vakuum (mechan. Vorpumpen)<\/p>\n<p>Produktinformationen<\/p>\n<p>Kl\u00fcber Tyreno Fluid M-100V ist ein Mineral\u00f6l, Kernfraktion.<\/p>\n<p>Vorteile f\u00fcr Ihre Anwendung<\/p>\n<ul>\n<li>Niedrige erreichbare Enddr\u00fccke, niedere R\u00fcckstr\u00f6mrate<\/li>\n<li>Sehr gutes Preis-\/Leistungsverh\u00e4ltnis f\u00fcr universelle Anwendungen<\/li>\n<li>F\u00fcr \u00f6lgedichtete ein- und zweistufige Pumpen geeignet<\/li>\n<\/ul>\n<div class=\"tiaro-modal modal fade modal-1 kontakt-formular\" tabindex=\"-1\" role=\"dialog\" aria-labelledby=\"modal-heading-1\" aria-hidden=\"true\" style=\"--awb-border-color:#00b3a7;--awb-background:#ffffff;\"><div class=\"modal-dialog modal-lg\" role=\"document\"><div class=\"modal-content tiaro-modal-content\"><div class=\"modal-header\"><button class=\"close\" type=\"button\" data-dismiss=\"modal\" aria-hidden=\"true\" aria-label=\"Close\">\u00d7<\/button><h3 class=\"modal-title\" id=\"modal-heading-1\" data-dismiss=\"modal\" aria-hidden=\"true\">SKONTAKTUJ SI\u0118 Z NAMI<\/h3><\/div><div class=\"modal-body tiaro-clearfix\"><\/p>\n<p>\n<div class=\"wpcf7 no-js\" id=\"wpcf7-f6621-o1\" lang=\"en-US\" dir=\"ltr\">\n<div class=\"screen-reader-response\"><p role=\"status\" aria-live=\"polite\" aria-atomic=\"true\"><\/p> <ul><\/ul><\/div>\n<form action=\"\/pl\/wp-json\/wp\/v2\/pages\/5049#wpcf7-f6621-o1\" method=\"post\" class=\"wpcf7-form init\" aria-label=\"Contact form\" novalidate=\"novalidate\" data-status=\"init\" data-trp-original-action=\"\/pl\/wp-json\/wp\/v2\/pages\/5049#wpcf7-f6621-o1\">\n<div style=\"display: none;\">\n<input type=\"hidden\" name=\"_wpcf7\" value=\"6621\" \/>\n<input type=\"hidden\" name=\"_wpcf7_version\" value=\"5.7.7\" \/>\n<input type=\"hidden\" name=\"_wpcf7_locale\" value=\"en_US\" \/>\n<input type=\"hidden\" name=\"_wpcf7_unit_tag\" value=\"wpcf7-f6621-o1\" \/>\n<input type=\"hidden\" name=\"_wpcf7_container_post\" value=\"0\" \/>\n<input type=\"hidden\" name=\"_wpcf7_posted_data_hash\" value=\"\" \/>\n<input type=\"hidden\" name=\"_wpcf7_recaptcha_response\" value=\"\" \/>\n<\/div>\n<div class=\"one-half\">\n\t<p><label> Imi\u0119* <span class=\"wpcf7-form-control-wrap\" data-name=\"first-name\"><input size=\"40\" class=\"wpcf7-form-control wpcf7-text wpcf7-validates-as-required\" aria-required=\"true\" aria-invalid=\"false\" value=\"\" type=\"text\" name=\"first-name\" \/><\/span> <\/label>\n\t<\/p>\n\t<p><label> Nazwisko* <span class=\"wpcf7-form-control-wrap\" data-name=\"last-name\"><input size=\"40\" class=\"wpcf7-form-control wpcf7-text wpcf7-validates-as-required\" aria-required=\"true\" aria-invalid=\"false\" value=\"\" type=\"text\" name=\"last-name\" \/><\/span> <\/label>\n\t<\/p>\n\t<p><label> firma <span class=\"wpcf7-form-control-wrap\" data-name=\"company\"><input size=\"40\" class=\"wpcf7-form-control wpcf7-text\" aria-invalid=\"false\" value=\"\" type=\"text\" name=\"company\" \/><\/span> <\/label>\n\t<\/p>\n\t<p><label> Adres e-mail* <span class=\"wpcf7-form-control-wrap\" data-name=\"your-email\"><input size=\"40\" class=\"wpcf7-form-control wpcf7-text wpcf7-email wpcf7-validates-as-required wpcf7-validates-as-email\" aria-required=\"true\" aria-invalid=\"false\" value=\"\" type=\"email\" name=\"your-email\" \/><\/span> <\/label>\n\t<\/p>\n\t<p><label> numer telefonu <span class=\"wpcf7-form-control-wrap\" data-name=\"your-phone\"><input size=\"40\" class=\"wpcf7-form-control wpcf7-text wpcf7-tel wpcf7-validates-as-tel\" aria-invalid=\"false\" value=\"\" type=\"tel\" name=\"your-phone\" \/><\/span> <\/label>\n\t<\/p>\n\t<p><label> kraj <span class=\"wpcf7-form-control-wrap\" data-name=\"country\"><select class=\"wpcf7-form-control wpcf7-select\" aria-invalid=\"false\" name=\"country\"><option value=\"Deutschland\">Niemcy<\/option><option value=\"\u00d6sterreich\">Austria<\/option><option value=\"Belgien\">Belgia<\/option><option value=\"Liechtenstein\">Liechtenstein<\/option><option value=\"Luxemburg\">Luksemburg<\/option><option value=\"Schweiz\">Szwajcaria<\/option><option value=\"-----\">-----<\/option><option value=\"Afghanistan\">Afganistan<\/option><option value=\"Albanien\">Albania<\/option><option value=\"Algerien\">Algieria<\/option><option value=\"Amerikanische Jungferninseln\">Ameryka\u0144skie Wyspy Dziewicze<\/option><option value=\"Amerikanisch-Samoa\">Samoa Ameryka\u0144skie<\/option><option value=\"Andorra\">Andora<\/option><option value=\"Angola\">Angola<\/option><option value=\"Anguilla\">anguilla<\/option><option value=\"Antigua und Barbuda\">Antigua i Barbuda<\/option><option value=\"Argentinien\">Argentyna<\/option><option value=\"Armenien\">Armenia<\/option><option value=\"Aruba\">Aruba<\/option><option value=\"Australien\">Australia<\/option><option value=\"Aserbaidschan\">Azerbejd\u017can<\/option><option value=\"Bahamas\">Bahamy<\/option><option value=\"Bahrain\">Bahrajn<\/option><option value=\"Bangladesch\">Bangladesz<\/option><option value=\"Barbados\">Barbados<\/option><option value=\"Belarus\">Bia\u0142oru\u015b<\/option><option value=\"Belize\">Belize<\/option><option value=\"Benin\">Benin<\/option><option value=\"Bermuda\">bermudy<\/option><option value=\"Bhutan\">Bhutan<\/option><option value=\"Bolivien\">Boliwia<\/option><option value=\"Bonaire\">Bonaire<\/option><option value=\"Bosnien und Herzegowina\">Bo\u015bnia i Hercegowina<\/option><option value=\"Botswana\">Botswana<\/option><option value=\"Bouvet-Insel (Bouvetoya)\">Wyspa Bouveta (Bouvetoya)<\/option><option value=\"Brasilien\">Brazylia<\/option><option value=\"Britisches Territorium im Indischen Ozean (Chagos-Archipel)\">Brytyjskie Terytorium Oceanu Indyjskiego (Archipelag Chagos)<\/option><option value=\"Britische Jungferninseln\">Brytyjskie Wyspy Dziewicze<\/option><option value=\"Brunei Darussalam\">Brunei Darussalam<\/option><option value=\"Bulgarien\">Bu\u0142garia<\/option><option value=\"Burkina Faso\">Burkina Faso<\/option><option value=\"Burundi\">Burundi<\/option><option value=\"Kambodscha\">Kambod\u017ca<\/option><option value=\"Kamerun\">Kamerun<\/option><option value=\"Canada\">Kanada<\/option><option value=\"Kap Verde\">Wyspy Zielonego Przyl\u0105dka<\/option><option value=\"Cayman Islands\">Kajmany<\/option><option value=\"Zentralafrikanische Republik\">Republika \u015arodkowoafryka\u0144ska<\/option><option value=\"Chad\">Czad<\/option><option value=\"Chile\">Chile<\/option><option value=\"Weihnachtsinsel\">Wyspa Bo\u017cego Narodzenia<\/option><option value=\"Cocos (Keeling) Inseln\">Wyspy Kokosowe (Keelinga).<\/option><option value=\"Cookinseln\">Wyspy Cooka<\/option><option value=\"Costa Rica\">Kostaryka<\/option><option value=\"Elfenbeink\u00fcste\">Wybrze\u017ce Ko\u015bci S\u0142oniowej<\/option><option value=\"Kuba\">Kuba<\/option><option value=\"Cura\u00e7ao\">Cura\u00e7ao<\/option><option value=\"Zypern\">Cypr<\/option><option value=\"Zypern\">Cypr<\/option><option value=\"Tschechische Republik\">Republika Czeska<\/option><option value=\"D\u00e4nemark\">Dania<\/option><option value=\"Dschibuti\">D\u017cibuti<\/option><option value=\"Dominica\">Dominika<\/option><option value=\"Dominikanische Republik\">Republika Dominikany<\/option><option value=\"Ecuador\">Ekwador<\/option><option value=\"\u00c4gypten\">Egipt<\/option><option value=\"El Salvador\">Salwador<\/option><option value=\"\u00c4quatorialguinea\">Gwinea R\u00f3wnikowa<\/option><option value=\"Eritrea\">Erytrea<\/option><option value=\"Estland\">Estonia<\/option><option value=\"\u00c4thiopien\">Etiopia<\/option><option value=\"Falklandinseln (Malvinas)\">Falklandy (Malwiny)<\/option><option value=\"F\u00e4r\u00f6er\">Wyspy Owcze<\/option><option value=\"Fidschi\">Fid\u017ci<\/option><option value=\"Finnland\">Finlandia<\/option><option value=\"Frankreich\">Francja<\/option><option value=\"Franz\u00f6sisch-Guayana\">Gujana Francuska<\/option><option value=\"Franz\u00f6sisch-Polynesien\">Polinezja Francuska<\/option><option value=\"Franz\u00f6sische S\u00fcdterritorien\">Francuskie Terytoria Po\u0142udniowe<\/option><option value=\"Gabun\">Gabon<\/option><option value=\"Gambia\">Gambia<\/option><option value=\"Georgien\">Gruzja<\/option><option value=\"Gibraltar\">Gibraltar<\/option><option value=\"Griechenland\">Grecja<\/option><option value=\"Gr\u00f6nland\">Grenlandia<\/option><option value=\"Grenada\">Grenada<\/option><option value=\"Guadeloupe\">Gwadelupa<\/option><option value=\"Guam\">Guam<\/option><option value=\"Guatemala\">Gwatemala<\/option><option value=\"Guernsey\">Guernsey<\/option><option value=\"Guinea\">Gwinea<\/option><option value=\"Guinea-Bissau\">Gwinea Bissau<\/option><option value=\"Guyana\">Gujana<\/option><option value=\"Haiti\">Haiti<\/option><option value=\"Heard Island und McDonald Islands\">Wyspy Heard i McDonalda<\/option><option value=\"Heiliger Stuhl (Vatikanstadt)\">Stolica Apostolska (Watykan)<\/option><option value=\"Honduras\">Honduras<\/option><option value=\"Hongkong\">Hongkong<\/option><option value=\"Ungarn\">W\u0119gry<\/option><option value=\"Island\">Islandia<\/option><option value=\"Indien\">Indie<\/option><option value=\"Indonesien\">Indonezja<\/option><option value=\"Iran\">Iranu<\/option><option value=\"Irak\">Irak<\/option><option value=\"Irland\">Irlandia<\/option><option value=\"Isle of Man\">Wyspa Man<\/option><option value=\"Israel\">Izrael<\/option><option value=\"Italien\">W\u0142ochy<\/option><option value=\"Jamaika\">Jamajka<\/option><option value=\"Japan\">Japonia<\/option><option value=\"Jersey\">golf<\/option><option value=\"Jordanien\">Jordania<\/option><option value=\"Kasachstan\">Kazachstan<\/option><option value=\"Kasachstan\">Kazachstan<\/option><option value=\"Kenia\">Kenia<\/option><option value=\"Kiribati\">Kiribati<\/option><option value=\"Kolumbien\">Kolumbia<\/option><option value=\"Komoren\">Komory<\/option><option value=\"Kongo\">Kongo<\/option><option value=\"Korea S\u00fcd\">Korea Po\u0142udniowa<\/option><option value=\"Kuwait\">Kuwejt<\/option><option value=\"Kirgisische Republik\">Republika Kirgiska<\/option><option value=\"Laotische Demokratische Volksrepublik\">Laota\u0144ska Republika Ludowo-Demokratyczna<\/option><option value=\"Lettland\">\u0141otwa<\/option><option value=\"Libanon\">Liban<\/option><option value=\"Lesotho\">Lesoto<\/option><option value=\"Liberia\">Liberia<\/option><option value=\"Libysche Arabische Jamahiriya\">Libijska Arabska D\u017camahirija<\/option><option value=\"Litauen\">Litwa<\/option><option value=\"Macao\">Makao<\/option><option value=\"Makedonien\">Macedonia<\/option><option value=\"Madagaskar\">Madagaskar<\/option><option value=\"Malawi\">Malawi<\/option><option value=\"Malaysia\">Malezja<\/option><option value=\"Malediven\">Malediwy<\/option><option value=\"Mali\">ma\u0142y<\/option><option value=\"Malta\">Malta<\/option><option value=\"Marshallinseln\">Wyspy Marshalla<\/option><option value=\"Martinique\">Martynika<\/option><option value=\"Mauretanien\">Mauretania<\/option><option value=\"Mauritius\">Mauritius<\/option><option value=\"Mayotte\">Majotta<\/option><option value=\"Mexiko\">Meksyk<\/option><option value=\"Mikronesien\">Mikronezja<\/option><option value=\"Moldau\">Moldova<\/option><option value=\"Monaco\">Monako<\/option><option value=\"Mongolei\">Mongolia<\/option><option value=\"Montenegro\">Czarnog\u00f3ra<\/option><option value=\"Montserrat\">Montserrat<\/option><option value=\"Marokko\">Maroko<\/option><option value=\"Mosambik\">Mozambik<\/option><option value=\"Myanmar\">Myanmar<\/option><option value=\"Namibia\">Namibia<\/option><option value=\"Nauru\">Nauru<\/option><option value=\"Nepal\">Nepal<\/option><option value=\"Niederlande\">Holandia<\/option><option value=\"Niederl\u00e4ndische Antillen\">Antyle Holenderskie<\/option><option value=\"Neukaledonien\">Nowa Kaledonia<\/option><option value=\"Neuseeland\">Nowa Zelandia<\/option><option value=\"Nicaragua\">Nikaragua<\/option><option value=\"Niger\">Niger<\/option><option value=\"Nigeria\">Nigeria<\/option><option value=\"Niue\">nowy<\/option><option value=\"Norfolkinsel\">Wyspa Norfolk<\/option><option value=\"N\u00f6rdliche Marianen\">Mariany P\u00f3\u0142nocne<\/option><option value=\"Norwegen\">Norwegia<\/option><option value=\"Oman\">Oman<\/option><option value=\"Pakistan\">Pakistan<\/option><option value=\"Palau\">Palau<\/option><option value=\"Pal\u00e4stinensische Gebiete\">terytoria palesty\u0144skie<\/option><option value=\"Panama\">Panama<\/option><option value=\"Papua-Neuguinea\">Papua Nowa Gwinea<\/option><option value=\"Paraguay\">Paragwaj<\/option><option value=\"Peru\">Peru<\/option><option value=\"Philippinen\">Filipiny<\/option><option value=\"Pitcairninseln\">Wyspy Pitcairn<\/option><option value=\"Polen\">Polska<\/option><option value=\"Portugal\">Portugalia<\/option><option value=\"Puerto Rico\">Portoryko<\/option><option value=\"Katar\">Katar<\/option><option value=\"R\u00e9union\">Zjazd<\/option><option value=\"Rum\u00e4nien\">Rumunia<\/option><option value=\"Russische F\u00f6deration\">Federacja Rosyjska<\/option><option value=\"Ruanda\">Rwanda<\/option><option value=\"Sankt Barth\u00e9lemy\">\u015awi\u0119ty Bart\u0142omiej<\/option><option value=\"Heilige Helena\">\u015awi\u0119ta Heleno<\/option><option value=\"Heilige Kitts und Nevis\">Saint Kitts i Nevis<\/option><option value=\"Heilige Lucia\">\u015awi\u0119ta \u0141ucja<\/option><option value=\"Heilige Martin\">\u015bwi\u0119ty Marcin<\/option><option value=\"Saint Pierre und Miquelon\">Saint-Pierre i Miquelon<\/option><option value=\"St. Vincent und die Grenadinen\">Saint Vincent i Grenadyny<\/option><option value=\"Sambia\">Zambia<\/option><option value=\"Samoa\">Samoa<\/option><option value=\"San Marino\">San Marino<\/option><option value=\"Sao Tome und Principe\">Wyspy \u015awi\u0119tego Tomasza i Ksi\u0105\u017c\u0119ca<\/option><option value=\"Saudi-Arabien\">Arabia Saudyjska<\/option><option value=\"Senegal\">Senegal<\/option><option value=\"Serbien\">Serbia<\/option><option value=\"Seychellen\">Seszele<\/option><option value=\"Sierra Leone\">Sierra Leone<\/option><option value=\"Simbabwe\">Zimbabwe<\/option><option value=\"Singapur\">Singapur<\/option><option value=\"Sint Maarten (Niederlande)\">Sint Maarten (Holandia)<\/option><option value=\"Slowakei (Slowakische Republik)\">S\u0142owacja (Republika S\u0142owacka)<\/option><option value=\"Slowenien\">S\u0142owenia<\/option><option value=\"Salomonen\">Wyspy Salomona<\/option><option value=\"Somalia\">Somali<\/option><option value=\"S\u00fcdafrika\">Afryka Po\u0142udniowa<\/option><option value=\"S\u00fcdgeorgien &amp; S. Sandwichinseln\">Georgia Po\u0142udniowa i Wyspy Sandwich Po\u0142udniowy<\/option><option value=\"Spanien\">Hiszpania<\/option><option value=\"Sri Lanka\">Sri Lanka<\/option><option value=\"Sudan\">Sudan<\/option><option value=\"Suriname\">Surinam<\/option><option value=\"Svalbard &amp; Jan Mayen Inseln\">Wyspy Svalbard i Jan Mayen<\/option><option value=\"Swasiland\">Suazi<\/option><option value=\"Schweden\">Szwecja<\/option><option value=\"Syrische Arabische Republik\">Republika Syryjsko-Arabska<\/option><option value=\"Taiwan\">Tajwan<\/option><option value=\"Tadschikistan\">Tad\u017cykistan<\/option><option value=\"Tansania\">Tanzania<\/option><option value=\"Timor-Leste\">Timor Wschodni<\/option><option value=\"Togo\">I\u015b\u0107<\/option><option value=\"Tokelau\">Tokelau<\/option><option value=\"Tonga\">Tonga<\/option><option value=\"Trinidad und Tobago\">Trynidad i Tobago<\/option><option value=\"Tunesien\">Tunezja<\/option><option value=\"T\u00fcrkei\">Turcja<\/option><option value=\"Turkmenistan\">Turkmenia<\/option><option value=\"Turks- und Caicosinseln\">Wyspy Turks i Caicos<\/option><option value=\"Tuvalu\">Tuvalu<\/option><option value=\"Upper Minor Outlying Islands\">G\u00f3rne Dalekie Wyspy Mniejsze<\/option><option value=\"Uganda\">Uganda<\/option><option value=\"Ukraine\">Ukraina<\/option><option value=\"Vereinigte Arabische Emirate\">Zjednoczone Emiraty Arabskie<\/option><option value=\"Vereinigte Staaten von Amerika\">Stany Zjednoczone Ameryki<\/option><option value=\"Vereinigtes K\u00f6nigreich\">Zjednoczone Kr\u00f3lestwo<\/option><option value=\"Uruguay\">Urugwaj<\/option><option value=\"Usbekistan\">Uzbekistan<\/option><option value=\"Vanuatu\">Vanuatu<\/option><option value=\"Venezuela\">Wenezuela<\/option><option value=\"Vietnam\">Wietnam<\/option><option value=\"Wallis und Futuna\">Wallis i Futuna<\/option><option value=\"Westsahara\">Sahara Zachodnia<\/option><option value=\"Jemen\">Jemen<\/option><\/select><\/span> <\/label>\n\t<\/p>\n\t<p><label> adres <span class=\"wpcf7-form-control-wrap\" data-name=\"address\"><input size=\"40\" class=\"wpcf7-form-control wpcf7-text\" aria-invalid=\"false\" value=\"\" type=\"text\" name=\"address\" \/><\/span> <\/label>\n\t<\/p>\n<\/div>\n<div class=\"one-half last\">\n\t<p><label> W sprawie <span class=\"wpcf7-form-control-wrap subject-name\"><input name=\"subject-name\" class=\"wpcf7-form-control wpcf7dtx-dynamictext wpcf7-dynamictext\" size=\"40\" aria-invalid=\"false\" type=\"text\" value=\"\u00d6le, Fette und Schmierstoffe\" \/><\/span><\/label>\n\t<\/p>\n\t<p><label> Aktualno\u015bci* <span class=\"wpcf7-form-control-wrap\" data-name=\"your-message\"><textarea cols=\"40\" rows=\"10\" class=\"wpcf7-form-control wpcf7-textarea\" aria-invalid=\"false\" name=\"your-message\"><\/textarea><\/span> <\/label>\n\t<\/p>\n\t<p><span class=\"wpcf7-form-control-wrap\" data-name=\"checkbox-403\"><span class=\"wpcf7-form-control wpcf7-checkbox wpcf7-validates-as-required\"><span class=\"wpcf7-list-item first last\"><label><input type=\"checkbox\" name=\"checkbox-403[]\" value=\"Ehrler &amp; Beck verwendet die zur Verf\u00fcgung gestellten Informationen nur zu Kontaktzwecken, Details entnehmen Sie bitte unserer Datenschutzerkl\u00e4rung.\" \/><span class=\"wpcf7-list-item-label\">Ehrler &amp; Beck wykorzystuje podane informacje wy\u0142\u0105cznie do cel\u00f3w kontaktowych.Szczeg\u00f3\u0142owe informacje znajduj\u0105 si\u0119 w naszym o\u015bwiadczeniu o ochronie danych.<\/span><\/label><\/span><\/span><\/span>\n\t<\/p>\n\t<p><span style=\"font-size: 10pt;\">*Wymagane pola<\/span>\n\t<\/p>\n<\/div>\n<div class=\"tiaro-button-wrapper tiaro-alignright\">\n\t<p><input class=\"wpcf7-form-control has-spinner wpcf7-submit\" type=\"submit\" value=\"WYS\u0141A\u0106 PRO\u015aB\u0118\" \/>\n\t<\/p>\n<\/div>\n<p>&nbsp;\n<\/p><div class=\"tiaro-alert alert custom alert-custom tiaro-alert-center wpcf7-response-output alert-dismissable\" style=\"--awb-border-size:1px;\" role=\"alert\"><div class=\"tiaro-alert-content-wrapper\"><span class=\"tiaro-alert-content\"><\/span><\/div><button type=\"button\" class=\"close toggle-alert\" data-dismiss=\"alert\" aria-label=\"Close\">\u00d7<\/button><\/div>\n<input type=\"hidden\" name=\"trp-form-language\" value=\"pl\"\/><\/form>\n<\/div>\n<\/p>\n<p><\/div><div class=\"modal-footer\"><button class=\"tiaro-button button-default button-medium button default medium\" type=\"button\" data-dismiss=\"modal\">Close<\/button><\/div><\/div><\/div><\/div>","protected":false},"excerpt":{"rendered":"<p>\u00d6LE, FETTE UND SCHMIERSTOFFE BECKER &#8211; \u00d6LE UND SCHMIERSTOFFE Becker \u00d6l Lube M100 \/ \u00d6l Lube M 100 (U-Pumpen) Becker \u00d6l Lube S100 \/ \u00d6l Lube S 100 (U-Pumpen) Becker \u00d6l Lube M320 \/ \u00d6l Lube M 320 (DKW, VPF, DVP, L\/V) Becker \u00d6l Lube SL100 Food \/ \u00d6l Lube SL 100 Food (U-Pumpen) Becker [&hellip;]<\/p>","protected":false},"author":1,"featured_media":0,"parent":2203,"menu_order":0,"comment_status":"closed","ping_status":"closed","template":"","meta":{"footnotes":""},"class_list":["post-5049","page","type-page","status-publish","hentry"],"acf":[],"_links":{"self":[{"href":"https:\/\/ehrler-beck.com\/pl\/wp-json\/wp\/v2\/pages\/5049","targetHints":{"allow":["GET"]}}],"collection":[{"href":"https:\/\/ehrler-beck.com\/pl\/wp-json\/wp\/v2\/pages"}],"about":[{"href":"https:\/\/ehrler-beck.com\/pl\/wp-json\/wp\/v2\/types\/page"}],"author":[{"embeddable":true,"href":"https:\/\/ehrler-beck.com\/pl\/wp-json\/wp\/v2\/users\/1"}],"replies":[{"embeddable":true,"href":"https:\/\/ehrler-beck.com\/pl\/wp-json\/wp\/v2\/comments?post=5049"}],"version-history":[{"count":0,"href":"https:\/\/ehrler-beck.com\/pl\/wp-json\/wp\/v2\/pages\/5049\/revisions"}],"up":[{"embeddable":true,"href":"https:\/\/ehrler-beck.com\/pl\/wp-json\/wp\/v2\/pages\/2203"}],"wp:attachment":[{"href":"https:\/\/ehrler-beck.com\/pl\/wp-json\/wp\/v2\/media?parent=5049"}],"curies":[{"name":"wp","href":"https:\/\/api.w.org\/{rel}","templated":true}]}}