{"id":48707,"date":"2021-02-21T10:09:20","date_gmt":"2021-02-21T09:09:20","guid":{"rendered":"https:\/\/ehrler-beck.com\/?page_id=48707"},"modified":"2021-02-24T09:47:58","modified_gmt":"2021-02-24T08:47:58","slug":"allgemeine-verkaufsbedingungen","status":"publish","type":"page","link":"https:\/\/ehrler-beck.com\/pl\/ogolne-warunki-sprzedazy","title":{"rendered":"Og\u00f3lne Warunki Sprzeda\u017cy \u2013 OWU"},"content":{"rendered":"<div class=\"tiaro-fullwidth fullwidth-box tiaro-builder-row-1 tiaro-flex-container nonhundred-percent-fullwidth non-hundred-percent-height-scrolling\" style=\"--awb-border-radius-top-left:0px;--awb-border-radius-top-right:0px;--awb-border-radius-bottom-right:0px;--awb-border-radius-bottom-left:0px;\" ><div class=\"tiaro-builder-row tiaro-row tiaro-flex-align-items-flex-start\" style=\"max-width:1404px;margin-left: calc(-4% \/ 2 );margin-right: calc(-4% \/ 2 );\"><div class=\"tiaro-layout-column tiaro_builder_column tiaro-builder-column-0 tiaro_builder_column_1_1 1_1 tiaro-flex-column legal-text\" style=\"--awb-bg-size:cover;--awb-width-large:100%;--awb-margin-top-large:0px;--awb-spacing-right-large:1.92%;--awb-margin-bottom-large:0px;--awb-spacing-left-large:1.92%;--awb-width-medium:100%;--awb-order-medium:0;--awb-spacing-right-medium:1.92%;--awb-spacing-left-medium:1.92%;--awb-width-small:100%;--awb-order-small:0;--awb-spacing-right-small:1.92%;--awb-spacing-left-small:1.92%;\" id=\"legal-text\"><div class=\"tiaro-column-wrapper tiaro-column-has-shadow tiaro-flex-justify-content-flex-start tiaro-content-layout-column\"><div class=\"tiaro-text tiaro-text-1\"><div class=\"tiaro-page-title-captions\">\n<h1 class=\"entry-title tiaro-responsive-typography-calculated\" data-fontsize=\"14\" data-lineheight=\"19.6px\">Og\u00f3lne warunki sprzeda\u017cy<\/h1>\n<\/div>\n<ol>\n<li style=\"font-weight: 400;\"><span style=\"font-weight: 400; font-size: 18px; color: #00b3a7;\">Og\u00f3lny\u00a0<\/span>\n<ol>\n<li style=\"font-weight: 400;\"><span style=\"font-weight: 400;\">Poni\u017csze warunki dotycz\u0105 wszystkich dostaw i us\u0142ug firmy Ehrler &amp; Beck GmbH (Ehrler &amp; Beck). Og\u00f3lne warunki klienta s\u0105 niewa\u017cne.\u00a0<\/span><\/li>\n<li style=\"font-weight: 400;\"><span style=\"font-weight: 400;\"><span style=\"font-weight: 400;\">O ile w niniejszych warunkach sprzeda\u017cy nie zawarto \u017cadnych regulacji, nie obowi\u0105zuj\u0105 og\u00f3lne warunki handlowe klienta, lecz przepisy ustawowe.<\/span><\/span><\/li>\n<\/ol>\n<\/li>\n<li style=\"font-weight: 400;\" aria-level=\"1\"><span style=\"font-weight: 400; font-size: 18px; color: #00b3a7;\">Potwierdzenie oferty\/zam\u00f3wienia\u00a0<\/span>\n<ol>\n<li style=\"font-weight: 400;\" aria-level=\"2\"><span style=\"font-weight: 400;\">O ile wyra\u017anie nie wskazano wi\u0105\u017c\u0105cego terminu, oferty firmy Ehrler &amp; Beck s\u0105 niewi\u0105\u017c\u0105ce, a umowa zostaje zawarta dopiero po potwierdzeniu zam\u00f3wienia przez firm\u0119 Ehrler &amp; Beck.<\/span><\/li>\n<li style=\"font-weight: 400;\" aria-level=\"2\"><span style=\"font-weight: 400;\"><span style=\"font-weight: 400;\">Zam\u00f3wienia bez uprzedniej oferty zgodnie z punktem 2.1 staj\u0105 si\u0119 wi\u0105\u017c\u0105ce dla Ehrler &amp; Beck dopiero po potwierdzeniu zam\u00f3wienia przez Ehrler &amp; Beck. To samo dotyczy sytuacji, gdy klient zmieni ofert\u0119 firmy Ehrler &amp; Beck.<\/span><\/span><\/li>\n<\/ol>\n<\/li>\n<li style=\"font-weight: 400;\" aria-level=\"1\"><span style=\"font-weight: 400; font-size: 18px; color: #00b3a7;\">Dokumenty\u00a0<\/span>\n<ol>\n<li style=\"font-weight: 400;\" aria-level=\"2\"><span style=\"font-weight: 400;\">Informacje w katalogach i prospektach oraz informacje w dokumentach nale\u017c\u0105cych do oferty s\u0105 wskaz\u00f3wkami i jako takie nie s\u0105 wi\u0105\u017c\u0105ce, o ile nie zosta\u0142y wyra\u017anie oznaczone jako wi\u0105\u017c\u0105ce.\u00a0<\/span><\/li>\n<li style=\"font-weight: 400;\" aria-level=\"2\"><span style=\"font-weight: 400;\">W indywidualnych przypadkach firma Ehrler &amp; Beck jest uprawniona do wprowadzenia konstruktywnych zmian, aw przypadku braku surowc\u00f3w do zastosowania innych materia\u0142\u00f3w, o ile nie istniej\u0105 przeciwne temu interesy klienta znane firmie Ehrler &amp; Beck.\u00a0<\/span><\/li>\n<li style=\"font-weight: 400;\" aria-level=\"2\"><span style=\"font-weight: 400;\">Ehrler &amp; Beck zastrzega sobie prawo w\u0142asno\u015bci i prawa autorskie do wszystkich dokument\u00f3w udost\u0119pnionych przez Ehrler &amp; Beck; nie wolno ich wykorzystywa\u0107, powiela\u0107 ani udost\u0119pnia\u0107 osobom trzecim do cel\u00f3w innych ni\u017c zamierzone przez Ehrler &amp; Beck.\u00a0<\/span><\/li>\n<li style=\"font-weight: 400;\" aria-level=\"2\"><span style=\"font-weight: 400;\"><span style=\"font-weight: 400;\">Wszystkie dokumenty udost\u0119pnione przez Ehrler &amp; Beck musz\u0105 zosta\u0107 niezw\u0142ocznie zwr\u00f3cone na \u017c\u0105danie. \u017b\u0105danie zwrotu nie jest wymagane, je\u015bli zam\u00f3wienie nie zosta\u0142o z\u0142o\u017cone w firmie Ehrler &amp; Beck.<\/span><\/span><\/li>\n<\/ol>\n<\/li>\n<li style=\"font-weight: 400;\" aria-level=\"1\"><span style=\"font-weight: 400; font-size: 18px; color: #00b3a7;\">Ceny, opakowanie, ubezpieczenie\u00a0<\/span>\n<ol>\n<li style=\"font-weight: 400;\" aria-level=\"2\"><span style=\"font-weight: 400;\">Ceny s\u0105 cenami loco fabryka lub zak\u0142ad produkcyjny (INCOTERMS 2020) bez opakowania, instalacji i uruchomienia. Op\u0142ata za opakowanie zostanie naliczona wed\u0142ug kosztu w\u0142asnego.\u00a0<\/span><\/li>\n<li style=\"font-weight: 400;\" aria-level=\"2\"><span style=\"font-weight: 400;\">Ehrler &amp; Beck oblicza r\u00f3wnie\u017c podatki transakcyjne (podatek od sprzeda\u017cy itp.) zgodnie z przepisami obowi\u0105zuj\u0105cymi w momencie realizacji umowy.\u00a0<\/span><\/li>\n<li style=\"font-weight: 400;\" aria-level=\"2\"><span style=\"font-weight: 400;\"><span style=\"font-weight: 400;\">O ile klient wyra\u017anie nie postanowi inaczej, Ehrler &amp; Beck ubezpieczy zam\u00f3wiony towar od zwyk\u0142ego ryzyka transportowego, w tym uszkodzenia, na koszt klienta.<\/span><\/span><\/li>\n<\/ol>\n<\/li>\n<li style=\"font-weight: 400;\" aria-level=\"1\"><span style=\"font-weight: 400;\"><span style=\"font-size: 18px; color: #00b3a7;\">Instalacja i uruchamianie<\/span> <\/span>\n<ol>\n<li style=\"font-weight: 400;\" aria-level=\"1\"><span style=\"font-weight: 400;\"><span style=\"font-weight: 400;\">W zakresie, w jakim ma zosta\u0107 przeprowadzony monta\u017c, nadz\u00f3r nad monta\u017cem lub uruchomienie, obowi\u0105zuj\u0105 r\u00f3wnie\u017c odpowiednie warunki firmy Ehrler &amp; Beck, udost\u0119pniane na \u017c\u0105danie.<\/span><\/span><\/li>\n<\/ol>\n<\/li>\n<li style=\"font-weight: 400;\" aria-level=\"1\"><span style=\"font-weight: 400; font-size: 18px; color: #00b3a7;\">przeniesienie ryzyka\u00a0<\/span>\n<ol>\n<li style=\"font-weight: 400;\" aria-level=\"2\"><span style=\"font-weight: 400;\">Ryzyko przechodzi na klienta zgodnie z uzgodnion\u0105 klauzul\u0105 (INCOTERMS 2020). W przypadku braku porozumienia ryzyko przechodzi na pierwszego przewo\u017anika w momencie przekazania przedmiotu dostawy.Dotyczy to r\u00f3wnie\u017c dostaw cz\u0119\u015bciowych lub je\u015bli Ehrler &amp; Beck przej\u0105\u0142 inne us\u0142ugi.\u00a0<\/span><\/li>\n<li style=\"font-weight: 400;\" aria-level=\"2\"><span style=\"font-weight: 400;\"><span style=\"font-weight: 400;\">Je\u017celi wysy\u0142ka op\u00f3\u017ania si\u0119 w wyniku okoliczno\u015bci, za kt\u00f3re Ehrler &amp; Beck nie ponosi odpowiedzialno\u015bci, ryzyko przechodzi na klienta z chwil\u0105 powiadomienia o gotowo\u015bci do wysy\u0142ki.<\/span><\/span><\/li>\n<\/ol>\n<\/li>\n<li style=\"font-weight: 400;\" aria-level=\"1\"><span style=\"font-weight: 400; font-size: 18px; color: #00b3a7;\">terminy dostaw\u00a0<\/span>\n<ol>\n<li style=\"font-weight: 400;\" aria-level=\"2\"><span style=\"font-weight: 400;\">Termin dostawy rozpoczyna si\u0119 w dniu, w kt\u00f3rym wszystkie wymagania handlowe i techniczne dotycz\u0105ce realizacji zam\u00f3wienia zosta\u0142y wyja\u015bnione z klientem, dokumenty wymagane przez klienta zosta\u0142y dostarczone przez Ehrler &amp; Beck, wszelkie niezb\u0119dne dopuszczenia i dopuszczenia zosta\u0142y wystawione i uzgodnione zaliczki zosta\u0142y wp\u0142acone na rachunek bankowy Ehrler &amp; Beck. Termin dostawy jest dotrzymany, je\u017celi przedmiot dostawy zosta\u0142 przekazany pierwszemu przewo\u017anikowi lub klient zosta\u0142 poinformowany, \u017ce towar jest gotowy do wysy\u0142ki przed up\u0142ywem terminu dostawy \u2013 o ile klient wype\u0142ni\u0142 swoje zobowi\u0105zania umowne. Dostawy cz\u0119\u015bciowe s\u0105 dozwolone w rozs\u0105dnym zakresie. Dostarczone rzeczy podlegaj\u0105 akceptacji przez Klienta, nawet je\u015bli posiadaj\u0105 drobne wady; terminy dostaw uwa\u017ca si\u0119 za dotrzymane w tym zakresie.\u00a0<\/span><\/li>\n<li style=\"font-weight: 400;\" aria-level=\"2\"><span style=\"font-weight: 400;\"><span style=\"font-weight: 400;\">W przypadku op\u00f3\u017anienia dostawy spowodowanego dzia\u0142aniem si\u0142y wy\u017cszej termin dostawy zostanie odpowiednio przed\u0142u\u017cony, nie d\u0142u\u017cej jednak ni\u017c o sze\u015b\u0107 miesi\u0119cy. Si\u0142a wy\u017csza obejmuje na przyk\u0142ad strajki, lokauty, sabota\u017c, przerwy w dzia\u0142alno\u015bci operacyjnej nie z w\u0142asnej winy, oficjalne zezwolenia, kt\u00f3re nie zosta\u0142y udzielone lub nie zosta\u0142y udzielone w odpowiednim czasie oraz wszystkie inne nieprzewidziane zdarzenia.<\/span><\/span><\/li>\n<\/ol>\n<\/li>\n<li style=\"font-weight: 400;\" aria-level=\"1\"><span style=\"font-weight: 400; font-size: 18px; color: #00b3a7;\">Warunki p\u0142atno\u015bci\u00a0<\/span>\n<ol>\n<li style=\"font-weight: 400;\" aria-level=\"2\"><span style=\"font-weight: 400;\">P\u0142atno\u015bci nale\u017cy dokona\u0107 w ci\u0105gu 30 dni od wystawienia faktury, chyba \u017ce w ofercie\/potwierdzeniu zam\u00f3wienia firmy Ehrler &amp; Beck okre\u015blono inaczej. Dostawy cz\u0119\u015bciowe uprawniaj\u0105 klienta do wystawienia faktury za odpowiedni\u0105 cz\u0119\u015b\u0107.\u00a0<\/span><\/li>\n<li style=\"font-weight: 400;\" aria-level=\"2\"><span style=\"font-weight: 400;\">P\u0142atno\u015bci nale\u017cy dokonywa\u0107 wy\u0142\u0105cznie w jednym z biur p\u0142atno\u015bci Ehrler &amp; Beck. Nale\u017cy je uiszcza\u0107 w terminie, bez op\u0142at pocztowych i wydatk\u00f3w, bez \u017cadnych potr\u0105ce\u0144; Op\u0142aty, wydatki lub inne koszty, kt\u00f3re Ehrler &amp; Beck mo\u017ce ponie\u015b\u0107 w wyniku odr\u0119bnie uzgodnionego przyj\u0119cia weksli lub czek\u00f3w, ponosi klient. O terminie p\u0142atno\u015bci decyduje data wystawienia faktury lub data zg\u0142oszenia gotowo\u015bci do wysy\u0142ki. W przypadku p\u0142atno\u015bci wszelkiego rodzaju dat\u0105 realizacji jest dzie\u0144, w kt\u00f3rym firma Ehrler &amp; Beck mo\u017ce dysponowa\u0107 kwot\u0105.\u00a0<\/span><\/li>\n<li style=\"font-weight: 400;\" aria-level=\"2\"><span style=\"font-weight: 400;\"><span style=\"font-weight: 400;\">Wstrzymanie p\u0142atno\u015bci z tytu\u0142u roszcze\u0144 wzajemnych i potr\u0105cenie z roszcze\u0144 wzajemnych jest dozwolone tylko wtedy, gdy roszczenia wzajemne s\u0105 bezsporne lub zosta\u0142y prawomocnie stwierdzone.<\/span><\/span><\/li>\n<\/ol>\n<\/li>\n<li style=\"font-weight: 400;\" aria-level=\"1\"><span style=\"font-weight: 400; font-size: 18px; color: #00b3a7;\">zachowanie tytu\u0142u\u00a0<\/span>\n<ol>\n<li style=\"font-weight: 400;\" aria-level=\"2\"><span style=\"font-weight: 400;\">Przedmiot dostawy pozostaje w\u0142asno\u015bci\u0105 Ehrler &amp; Beck a\u017c do ca\u0142kowitego uregulowania wszelkich roszcze\u0144 wynikaj\u0105cych ze stosunk\u00f3w handlowych w momencie wystawienia faktury, \u0142\u0105cznie z roszczeniami dodatkowymi. Dochodzenie zastrze\u017cenia w\u0142asno\u015bci i zaj\u0119cie przedmiotu dostawy przez Ehrler &amp; Beck nie s\u0105 uwa\u017cane za odst\u0105pienie od umowy, chyba \u017ce zastosowanie ma ustawa o kredycie konsumenckim. O ile wa\u017cno\u015b\u0107 zastrze\u017cenia w\u0142asno\u015bci jest zwi\u0105zana ze specjalnymi wymogami formalnymi lub innymi wymaganiami w kraju klienta, klient musi zapewni\u0107 ich spe\u0142nienie.\u00a0<\/span><\/li>\n<li style=\"font-weight: 400;\" aria-level=\"2\"><span style=\"font-weight: 400;\">Klient jest uprawniony do dysponowania przedmiotem dostawy w ramach zwyk\u0142ej dzia\u0142alno\u015bci gospodarczej. Roszczenia, kt\u00f3re klient posiada w okresie zastrze\u017cenia w\u0142asno\u015bci z tytu\u0142u takiego lub nieuprawnionego zbycia, s\u0105 ju\u017c przeniesione na Ehrler &amp; Beck. Z zastrze\u017ceniem odwo\u0142ania w dowolnym momencie, klient jest upowa\u017cniony do \u015bci\u0105gania roszcze\u0144.\u00a0<\/span><\/li>\n<li style=\"font-weight: 400;\" aria-level=\"2\"><span style=\"font-weight: 400;\">Ehrler &amp; Beck zobowi\u0105zuje si\u0119 zwolni\u0107 przys\u0142uguj\u0105ce jej zabezpieczenia na \u017c\u0105danie klienta, o ile ich warto\u015b\u0107 przekracza niesp\u0142acone roszczenia, kt\u00f3re maj\u0105 by\u0107 zabezpieczone przez wi\u0119cej ni\u017c 20 %.\u00a0<\/span><\/li>\n<li style=\"font-weight: 400;\" aria-level=\"2\"><span style=\"font-weight: 400;\">Klient zobowi\u0105zuje si\u0119 do obr\u00f3bki i przetwarzania przedmiotu dostawy dla Ehrler &amp; Beck bez ponoszenia przez Ehrler &amp; Beck \u017cadnych zobowi\u0105za\u0144 z tego tytu\u0142u. Je\u017celi przedmiot dostawy zostanie przetworzony, po\u0142\u0105czony, zmieszany lub zmieszany z przedmiotami nienale\u017c\u0105cymi do Ehrler &amp; Beck (\u00a7\u00a7 947 i nast. BGB), Ehrler &amp; Beck ma udzia\u0142 we wsp\u00f3\u0142w\u0142asno\u015bci w nowym przedmiocie w stosunku warto\u015bci przedmiotu dostawy z innymi przetworzonymi towarami w momencie przetwarzania, \u0142\u0105czenia, mieszania lub mieszania. Je\u017celi klient z mocy prawa nabywa wy\u0142\u0105czn\u0105 w\u0142asno\u015b\u0107, niniejszym przyznaje Ehrler &amp; Beck odpowiedni udzia\u0142 we wsp\u00f3\u0142w\u0142asno\u015bci i chroni przedmiot dla Ehrler &amp; Beck. Postanowienia ust.\u00a0<\/span><\/li>\n<li style=\"font-weight: 400;\" aria-level=\"2\"><span style=\"font-weight: 400;\">W przypadku zaj\u0119cia lub innych ingerencji os\u00f3b trzecich klient musi niezw\u0142ocznie powiadomi\u0107 Ehrler &amp; Beck.\u00a0<\/span><\/li>\n<li style=\"font-weight: 400;\" aria-level=\"2\"><span style=\"font-weight: 400;\"><span style=\"font-weight: 400;\">W okresie zastrze\u017cenia w\u0142asno\u015bci klient jest zobowi\u0105zany do odpowiedniego ubezpieczenia przedmiotu dostawy na w\u0142asny koszt przed kradzie\u017c\u0105, uszkodzeniem, po\u017carem i wod\u0105 oraz do przedstawienia Ehrler &amp; Beck dowodu tego na \u017c\u0105danie. Je\u015bli wymagany dow\u00f3d nie zostanie przedstawiony w rozs\u0105dnym terminie, Ehrler &amp; Beck mo\u017ce ubezpieczy\u0107 przedmiot dostawy na koszt klienta.<\/span><\/span><\/li>\n<\/ol>\n<\/li>\n<li style=\"font-weight: 400;\" aria-level=\"1\"><span style=\"font-weight: 400; font-size: 18px; color: #00b3a7;\">Gwarancja\u00a0<\/span>\n<ol>\n<li style=\"font-weight: 400;\" aria-level=\"2\"><span style=\"font-weight: 400;\">W przypadku wad przedmiotu dostawy, kt\u00f3re powsta\u0142y w wyniku okoliczno\u015bci zaistnia\u0142ych przed przej\u015bciem ryzyka (np. wady konstrukcyjne lub materia\u0142owe, brak gwarantowanych w\u0142a\u015bciwo\u015bci), Ehrler &amp; Beck ma prawo do usuni\u0119cia wady lub dostarczenia dostawy zast\u0119pczej na wed\u0142ug w\u0142asnego uznania.\u00a0<\/span><\/li>\n<li style=\"font-weight: 400;\" aria-level=\"2\"><span style=\"font-weight: 400;\">Je\u015bli naprawa lub dostawa zast\u0119pcza nie powiedzie si\u0119, klient mo\u017ce za\u017c\u0105da\u0107 anulowania lub zmniejszenia.\u00a0<\/span><\/li>\n<li style=\"font-weight: 400;\" aria-level=\"2\"><span style=\"font-weight: 400;\">Wady nale\u017cy zg\u0142asza\u0107 w ci\u0105gu 3 tygodni od dostawy. Odmiennie od tego, wady, kt\u00f3rych nie mo\u017cna rozpozna\u0107 nawet podczas sprawdzania przedmiotu dostawy, nale\u017cy zg\u0142asza\u0107 natychmiast po ich wykryciu. W reklamacji nale\u017cy wskaza\u0107, jakie wady zosta\u0142y stwierdzone i czy zosta\u0142y one zauwa\u017cone od razu, czy dopiero po dalszej obr\u00f3bce cz\u0119\u015bci. Ehrler &amp; Beck ma prawo zleci\u0107 swoim pracownikom sprawdzenie wadliwo\u015bci.\u00a0<\/span><\/li>\n<li style=\"font-weight: 400;\" aria-level=\"2\"><span style=\"font-weight: 400;\">Po konsultacji z Ehrler &amp; Beck klient musi da\u0107 Ehrler &amp; Beck niezb\u0119dny czas i zgod\u0119 na wykonanie wszystkich napraw i dostaw zast\u0119pczych, kt\u00f3re Ehrler &amp; Beck uzna za konieczne, w przeciwnym razie Ehrler &amp; Beck jest zwolniony z odpowiedzialno\u015bci za wady. Tylko w nag\u0142ych przypadkach zagra\u017caj\u0105cych bezpiecze\u0144stwu eksploatacji oraz w celu zapobie\u017cenia nieproporcjonalnie du\u017cym szkodom, o kt\u00f3rych Ehrler &amp; Beck musi zosta\u0107 niezw\u0142ocznie poinformowany, lub je\u015bli Ehrler &amp; Beck zalega z usuni\u0119ciem wady, klient ma prawo do naprawienia samodzielnie lub za po\u015brednictwem os\u00f3b trzecich do ich usuni\u0119cia i za\u017c\u0105da\u0107 od Ehrler &amp; Beck zwrotu niezb\u0119dnych koszt\u00f3w.\u00a0<\/span><\/li>\n<li style=\"font-weight: 400;\" aria-level=\"2\"><span style=\"font-weight: 400;\">O ile reklamacja oka\u017ce si\u0119 zasadna, a reklamacja zg\u0142oszona prawid\u0142owo i terminowo, Ehrler &amp; Beck poniesie koszty cz\u0119\u015bci zamiennej, ale nie koszty wysy\u0142ki lub koszty demonta\u017cu i monta\u017cu wadliwej cz\u0119\u015bci, bezpo\u015brednie koszty poniesione w wyniku naprawy lub wymiany cz\u0119\u015bci dostawy. W przeciwnym razie klient ponosi koszty.\u00a0<\/span><\/li>\n<li style=\"font-weight: 400;\" aria-level=\"2\"><span style=\"font-weight: 400;\">Termin przedawnienia roszcze\u0144 z tytu\u0142u wad przedmiotu dostawy wynosi 12 miesi\u0119cy od daty dostawy lub przechowywania. Przed\u0142u\u017ca si\u0119 o czas przerwy w produktywnym u\u017cytkowaniu przedmiotu dostawy spowodowanej pracami naprawczymi.\u00a0<\/span><\/li>\n<li style=\"font-weight: 400;\" aria-level=\"2\"><span style=\"font-weight: 400;\">Roszczenia z tytu\u0142u r\u0119kojmi w odniesieniu do cz\u0119\u015bci zamiennej i p\u00f3\u017aniejszej ulepszenia przedawniaj\u0105 si\u0119 po 3 miesi\u0105cach, ale nie przed up\u0142ywem okresu przedawnienia przedmiotu dostawy.<\/span><\/li>\n<li style=\"font-weight: 400;\" aria-level=\"2\"><span style=\"font-weight: 400;\"><span style=\"font-weight: 400;\">W pozosta\u0142ym zakresie zastosowanie ma sekcja 12.2.<\/span><\/span><\/li>\n<\/ol>\n<\/li>\n<li style=\"font-weight: 400;\" aria-level=\"1\"><span style=\"font-weight: 400; font-size: 18px; color: #00b3a7;\">Odpowiedzialno\u015b\u0107 za naruszenie praw w\u0142asno\u015bci\u00a0<\/span>\n<ol>\n<li style=\"font-weight: 400;\" aria-level=\"2\"><span style=\"font-weight: 400;\">Je\u015bli firma Ehrler &amp; Beck nie dokona specjalnego powiadomienia, przedmiot dostawy jest wolny od praw w\u0142asno\u015bci os\u00f3b trzecich zgodnie z ich wiedz\u0105 na temat stanu techniki w Republice Federalnej Niemiec. Je\u017celi przedmiot dostawy lub jego cz\u0119\u015b\u0107 naruszaj\u0105 jednak przyznane i og\u0142oszone w Republice Federalnej Niemiec prawo w\u0142asno\u015bci lub, je\u017celi przedmiot dostawy wyra\u017anie obejmuje okre\u015blone prawo procesowe, odpowiednie prawo procesowe w chwili zawarcia umowy , w zwi\u0105zku z czym przeciwko klientowi wszcz\u0119to post\u0119powanie s\u0105dowe, Ehrler &amp; Beck, na w\u0142asny koszt i wed\u0142ug w\u0142asnego uznania, w rozs\u0105dnym terminie, zapewni klientowi prawo do dalszego korzystania z niego lub zmieni przedmiot dostawy lub odpowiedni\u0105 cz\u0119\u015b\u0107 lub proces w taki spos\u00f3b, aby prawa os\u00f3b trzecich nie by\u0142y ju\u017c naruszane, lub odst\u0105pi\u0107 od umowy. Ehrler &amp; Beck nie ponosi dalszej odpowiedzialno\u015bci, w szczeg\u00f3lno\u015bci za procesy, aplikacje, produkty itp.\u00a0<\/span><\/li>\n<li style=\"font-weight: 400;\" aria-level=\"2\"><span style=\"font-weight: 400;\">Je\u015bli rysunki lub informacje dostarczone przez klienta naruszaj\u0105 prawa w\u0142asno\u015bci os\u00f3b trzecich, klient ponosi odpowiedzialno\u015b\u0107 za naruszenie i zabezpiecza firm\u0119 Ehrler &amp; Beck w przypadku roszczenia.<br \/>\n<\/span><\/li>\n<\/ol>\n<\/li>\n<li style=\"font-weight: 400;\" aria-level=\"1\"><span style=\"font-weight: 400; font-size: 18px; color: #00b3a7;\">Pozosta\u0142a odpowiedzialno\u015b\u0107 Ehrler &amp; Beck; Prawo Klienta do odst\u0105pienia\u00a0<\/span>\n<ol>\n<li style=\"font-weight: 400;\" aria-level=\"2\"><span style=\"font-weight: 400;\">Je\u017celi klient poniesie szkod\u0119 w wyniku op\u00f3\u017anienia ze strony Ehrler &amp; Beck, ma on prawo \u017c\u0105da\u0107 odszkodowania za op\u00f3\u017anienie. Wynosi to 0,5 1 tp3 za ka\u017cdy pe\u0142ny tydzie\u0144 op\u00f3\u017anienia, ale \u0142\u0105cznie nie wi\u0119cej ni\u017c 5 1 tp3 warto\u015bci tej cz\u0119\u015bci ca\u0142kowitej dostawy, kt\u00f3ra w wyniku op\u00f3\u017anienia nie mo\u017ce by\u0107 wykorzystana terminowo lub zgodnie z umow\u0105.\u00a0<\/span><\/li>\n<li style=\"font-weight: 400;\" aria-level=\"2\"><span style=\"font-weight: 400;\">Dalsze roszczenia i roszczenia inne ni\u017c te wyra\u017anie wymienione w niniejszych warunkach, z jakiegokolwiek powodu prawnego, w szczeg\u00f3lno\u015bci z tytu\u0142u utraty zysku i szk\u00f3d nast\u0119pczych spowodowanych wadami, s\u0105 wykluczone, chyba \u017ce wynikaj\u0105 z umy\u015blnego dzia\u0142ania, ra\u017c\u0105cego niedbalstwa, naruszenia istotnych zobowi\u0105za\u0144 umownych lub zgodnie z ustawy o odpowiedzialno\u015bci za produkt za obra\u017cenia cia\u0142a i uszkodzenia przedmiot\u00f3w u\u017cywanych prywatnie lub w przypadku braku wyra\u017anie gwarantowanych w\u0142a\u015bciwo\u015bci, je\u017celi celem gwarancji jest ochrona klienta przed szkodami, kt\u00f3re nie powsta\u0142y na samym przedmiocie dostawy, odpowiedzialno\u015b\u0107 jest obowi\u0105zkowa.\u00a0<\/span><\/li>\n<li style=\"font-weight: 400;\" aria-level=\"2\"><span style=\"font-weight: 400;\"><span style=\"font-weight: 400;\">Ustawowe prawo klienta do odst\u0105pienia od umowy w przypadku op\u00f3\u017anienia lub niemo\u017cliwo\u015bci pozostaje nienaruszone.<\/span><\/span><\/li>\n<\/ol>\n<\/li>\n<li style=\"font-weight: 400;\" aria-level=\"1\"><span style=\"font-weight: 400; font-size: 18px; color: #00b3a7;\">Miejsce wykonania, miejsce jurysdykcji, obowi\u0105zuj\u0105ce prawo\u00a0<\/span>\n<ol>\n<li style=\"font-weight: 400;\" aria-level=\"2\"><span style=\"font-weight: 400;\">Miejscem wykonania jest Renningen, a s\u0105dem w\u0142a\u015bciwym jest Leonberg. Ehrler &amp; Beck ma r\u00f3wnie\u017c prawo pozwa\u0107 w siedzibie klienta.\u00a0<\/span><\/li>\n<li style=\"font-weight: 400;\" aria-level=\"2\"><span style=\"font-weight: 400;\">Prawo Republiki Federalnej Niemiec ma r\u00f3wnie\u017c zastosowanie do wszystkich um\u00f3w. Wyklucza si\u0119 zastosowanie jednolitego prawa handlowego ONZ (CISG), jak r\u00f3wnie\u017c mi\u0119dzynarodowego i niemieckiego prawa kolizyjnego w przypadku um\u00f3w zawieranych z zagranic\u0105. Uwaga zgodnie z federaln\u0105 ustaw\u0105 o ochronie danych Zwracamy uwag\u0119, \u017ce firma Ehrler &amp; Beck przechowuje dane klienta i \u017ce dane te s\u0105 przetwarzane<\/span><\/li>\n<\/ol>\n<\/li>\n<\/ol>\n<\/div><\/div><\/div><\/div><\/div>","protected":false},"excerpt":{"rendered":"","protected":false},"author":1,"featured_media":0,"parent":0,"menu_order":0,"comment_status":"closed","ping_status":"closed","template":"","meta":{"footnotes":""},"class_list":["post-48707","page","type-page","status-publish","hentry"],"acf":[],"_links":{"self":[{"href":"https:\/\/ehrler-beck.com\/pl\/wp-json\/wp\/v2\/pages\/48707","targetHints":{"allow":["GET"]}}],"collection":[{"href":"https:\/\/ehrler-beck.com\/pl\/wp-json\/wp\/v2\/pages"}],"about":[{"href":"https:\/\/ehrler-beck.com\/pl\/wp-json\/wp\/v2\/types\/page"}],"author":[{"embeddable":true,"href":"https:\/\/ehrler-beck.com\/pl\/wp-json\/wp\/v2\/users\/1"}],"replies":[{"embeddable":true,"href":"https:\/\/ehrler-beck.com\/pl\/wp-json\/wp\/v2\/comments?post=48707"}],"version-history":[{"count":11,"href":"https:\/\/ehrler-beck.com\/pl\/wp-json\/wp\/v2\/pages\/48707\/revisions"}],"predecessor-version":[{"id":69706,"href":"https:\/\/ehrler-beck.com\/pl\/wp-json\/wp\/v2\/pages\/48707\/revisions\/69706"}],"wp:attachment":[{"href":"https:\/\/ehrler-beck.com\/pl\/wp-json\/wp\/v2\/media?parent=48707"}],"curies":[{"name":"wp","href":"https:\/\/api.w.org\/{rel}","templated":true}]}}