{"id":48509,"date":"2021-01-18T09:09:29","date_gmt":"2021-01-18T08:09:29","guid":{"rendered":"https:\/\/tech-ehrler-beck.com\/?page_id=48509"},"modified":"2021-01-18T09:40:58","modified_gmt":"2021-01-18T08:40:58","slug":"pfeiffer-vacuum","status":"publish","type":"page","link":"https:\/\/ehrler-beck.com\/pl\/producent\/pfeiffer-proznia","title":{"rendered":"Odkurzacz Pfeiffer"},"content":{"rendered":"<p><div class=\"tiaro-fullwidth fullwidth-box tiaro-builder-row-1 tiaro-flex-container nonhundred-percent-fullwidth non-hundred-percent-height-scrolling\" style=\"--awb-border-radius-top-left:0px;--awb-border-radius-top-right:0px;--awb-border-radius-bottom-right:0px;--awb-border-radius-bottom-left:0px;\" ><div class=\"tiaro-builder-row tiaro-row tiaro-flex-align-items-flex-start\" style=\"max-width:1404px;margin-left: calc(-4% \/ 2 );margin-right: calc(-4% \/ 2 );\"><div class=\"tiaro-layout-column tiaro_builder_column tiaro-builder-column-0 tiaro_builder_column_1_1 1_1 tiaro-flex-column\" style=\"--awb-bg-size:cover;--awb-width-large:100%;--awb-margin-top-large:0px;--awb-spacing-right-large:1.92%;--awb-margin-bottom-large:0px;--awb-spacing-left-large:1.92%;--awb-width-medium:100%;--awb-spacing-right-medium:1.92%;--awb-spacing-left-medium:1.92%;--awb-width-small:100%;--awb-spacing-right-small:1.92%;--awb-spacing-left-small:1.92%;\"><div class=\"tiaro-column-wrapper tiaro-flex-justify-content-flex-start tiaro-content-layout-column\"><div class=\"tiaro-text tiaro-text-1\"><h1><span style=\"font-size: 18pt;\">Ehrler &amp; Beck oferuje oryginalne pompy pr\u00f3\u017cniowe, kompresory, cz\u0119\u015bci zamienne i akcesoria firmy Pfeiffer.<\/span><\/h1>\n<p><span class=\"intro-text\">Pfeiffer Vacuum to innowacyjne i dostosowane do potrzeb klienta rozwi\u0105zania pr\u00f3\u017cniowe na ca\u0142ym \u015bwiecie, perfekcja technologiczna, kompetentne doradztwo i niezawodny serwis.<\/span><\/p>\n<p><span class=\"intro-text\">Dzi\u0119ki tym w\u0142a\u015bciwo\u015bciom firma od ponad 130 lat wyznacza standardy w technologii pr\u00f3\u017cniowej. Wraz z wynalezieniem turbopompy firma utorowa\u0142a drog\u0119 do dalszego rozwoju w bran\u017cy pr\u00f3\u017cniowej. Nadal jeste\u015bmy jednym z lider\u00f3w technologicznych i \u015bwiatowych rynk\u00f3w w tej dziedzinie.<\/span><\/p>\n<p><span class=\"intro-text\">Wymagania klient\u00f3w s\u0105 zazwyczaj bardzo z\u0142o\u017cone. Nasze rozwi\u0105zania pr\u00f3\u017cniowe s\u0105 stale optymalizowane poprzez \u015bcis\u0142\u0105 wsp\u00f3\u0142prac\u0119 z klientami z r\u00f3\u017cnych bran\u017c oraz ci\u0105g\u0142e prace rozwojowe.<\/span><\/p>\n<p><span class=\"intro-text\"><strong>Pfeiffer Vacuum oferuje kompletne portfolio produkt\u00f3w<\/strong>:<\/span><\/p>\n<ul>\n<li>hybrydowe i lewitowane magnetycznie turbopompy<\/li>\n<li>pompy pomocnicze<\/li>\n<li>wykrywacz nieszczelno\u015bci<\/li>\n<li>urz\u0105dzenia pomiarowe i analityczne<\/li>\n<li>sk\u0142adniki<\/li>\n<li>Komory pr\u00f3\u017cniowe i komponenty<\/li>\n<\/ul>\n<p><span class=\"intro-text\">Produkty i rozwi\u0105zania firmy Pfeiffer Vacuum s\u0105 wykorzystywane na rynkach bada\u0144 i rozwoju, analityki, przemys\u0142u, pow\u0142ok i p\u00f3\u0142przewodnik\u00f3w. G\u0142\u00f3wne rynki zbytu firmy znajduj\u0105 si\u0119 w Europie, USA i Azji. Firma Pfeiffer Vacuum zosta\u0142a za\u0142o\u017cona w 1890 roku i obecnie jest aktywna na ca\u0142ym \u015bwiecie, zatrudniaj\u0105c oko\u0142o 3200 pracownik\u00f3w i ponad 20 firm handlowych i us\u0142ugowych oraz 10 zak\u0142ad\u00f3w produkcyjnych.<\/span><\/p>\n<p><span class=\"intro-text\">Ehrler &amp; Beck oferuje nast\u0119puj\u0105ce serie produkt\u00f3w firmy Pfeiffer:<\/span><\/p>\n<\/div><\/div><\/div><\/div><\/div><div class=\"tiaro-fullwidth fullwidth-box tiaro-builder-row-2 tiaro-flex-container nonhundred-percent-fullwidth non-hundred-percent-height-scrolling tiaro-no-small-visibility\" style=\"--awb-border-radius-top-left:0px;--awb-border-radius-top-right:0px;--awb-border-radius-bottom-right:0px;--awb-border-radius-bottom-left:0px;--awb-margin-bottom:30px;\" ><div class=\"tiaro-builder-row tiaro-row tiaro-flex-align-items-stretch\" style=\"max-width:1404px;margin-left: calc(-4% \/ 2 );margin-right: calc(-4% \/ 2 );\"><div class=\"tiaro-layout-column tiaro_builder_column tiaro-builder-column-1 tiaro_builder_column_1_1 1_1 tiaro-flex-column tiaro-column-inner-bg-wrapper tiaro-column-liftup-border\" style=\"--awb-inner-bg-position:center center;--awb-inner-bg-size:cover;--awb-border-color:#00b3a7;--awb-inner-border-color:#00b3a7;--awb-border-top:1px;--awb-inner-border-top:1px;--awb-border-right:1px;--awb-inner-border-right:1px;--awb-border-bottom:1px;--awb-inner-border-bottom:1px;--awb-border-left:1px;--awb-inner-border-left:1px;--awb-border-style:solid;--awb-inner-border-style:solid;--awb-width-large:100%;--awb-margin-top-large:0px;--awb-spacing-right-large:1.92%;--awb-margin-bottom-large:5px;--awb-spacing-left-large:1.92%;--awb-width-medium:100%;--awb-order-medium:0;--awb-spacing-right-medium:1.92%;--awb-spacing-left-medium:1.92%;--awb-width-small:100%;--awb-order-small:0;--awb-spacing-right-small:1.92%;--awb-spacing-left-small:1.92%;\"><span class=\"tiaro-column-inner-bg hover-type-liftup\"><a class=\"tiaro-column-anchor\" href=\"https:\/\/ehrler-beck.com\/pl\/produkty-2\/pompy-prozniowe\/rotacyjna-lopatkowa-pompa-prozniowa-smarowana-olejem\/pompy-prozniowe-serii-hena\/\"><span class=\"tiaro-column-inner-bg-image lazyload\" data-bg=\"https:\/\/ehrler-beck.com\/wp-content\/uploads\/2017\/11\/Series-Rotary-Vane-Technology-Background-2.0.jpg\"><\/span><\/a><\/span><div class=\"tiaro-column-wrapper tiaro-flex-justify-content-center tiaro-content-layout-column\" data-bg-url=\"https:\/\/ehrler-beck.com\/wp-content\/uploads\/2017\/11\/Series-Rotary-Vane-Technology-Background-2.0.jpg\"><div class=\"tiaro-builder-row tiaro-builder-row-inner tiaro-row tiaro-flex-align-items-stretch\" style=\"width:104% !important;max-width:104% !important;margin-left: calc(-4% \/ 2 );margin-right: calc(-4% \/ 2 );\"><div class=\"tiaro-layout-column tiaro_builder_column_inner tiaro-builder-nested-column-0 tiaro_builder_column_inner_1_5 1_5 tiaro-flex-column\" style=\"--awb-padding-left:5px;--awb-bg-size:cover;--awb-width-large:20%;--awb-margin-top-large:0px;--awb-spacing-right-large:9.6%;--awb-margin-bottom-large:5px;--awb-spacing-left-large:9.6%;--awb-width-medium:20%;--awb-spacing-right-medium:9.6%;--awb-spacing-left-medium:9.6%;--awb-width-small:100%;--awb-spacing-right-small:1.92%;--awb-spacing-left-small:1.92%;\"><div class=\"tiaro-column-wrapper tiaro-flex-justify-content-center tiaro-content-layout-column\"><div class=\"tiaro-image-element\" style=\"text-align:center;--awb-caption-title-font-family:var(--h2_typography-font-family);--awb-caption-title-font-weight:var(--h2_typography-font-weight);--awb-caption-title-font-style:var(--h2_typography-font-style);--awb-caption-title-size:var(--h2_typography-font-size);--awb-caption-title-transform:var(--h2_typography-text-transform);--awb-caption-title-line-height:var(--h2_typography-line-height);--awb-caption-title-letter-spacing:var(--h2_typography-letter-spacing);\"><span class=\"tiaro-imageframe imageframe-none imageframe-1 hover-type-none\"><img decoding=\"async\" width=\"1024\" height=\"595\" title=\"Pompa pr\u00f3\u017cniowa serii Hena\" src=\"https:\/\/ehrler-beck.com\/wp-content\/uploads\/2019\/04\/Hena-Serie-Vakuumpumpe.jpg\" data-orig-src=\"https:\/\/ehrler-beck.com\/wp-content\/uploads\/2019\/04\/Hena-Serie-Vakuumpumpe-1024x595.jpg\" alt class=\"lazyload img-responsive wp-image-21376\" srcset=\"data:image\/svg+xml,%3Csvg%20xmlns%3D%27http%3A%2F%2Fwww.w3.org%2F2000%2Fsvg%27%20width%3D%271720%27%20height%3D%271000%27%20viewBox%3D%270%200%201720%201000%27%3E%3Crect%20width%3D%271720%27%20height%3D%271000%27%20fill-opacity%3D%220%22%2F%3E%3C%2Fsvg%3E\" data-srcset=\"https:\/\/ehrler-beck.com\/wp-content\/uploads\/2019\/04\/Hena-Serie-Vakuumpumpe-200x116.jpg 200w, https:\/\/ehrler-beck.com\/wp-content\/uploads\/2019\/04\/Hena-Serie-Vakuumpumpe-400x233.jpg 400w, https:\/\/ehrler-beck.com\/wp-content\/uploads\/2019\/04\/Hena-Serie-Vakuumpumpe-600x349.jpg 600w, https:\/\/ehrler-beck.com\/wp-content\/uploads\/2019\/04\/Hena-Serie-Vakuumpumpe-800x465.jpg 800w, https:\/\/ehrler-beck.com\/wp-content\/uploads\/2019\/04\/Hena-Serie-Vakuumpumpe-1200x698.jpg 1200w, https:\/\/ehrler-beck.com\/wp-content\/uploads\/2019\/04\/Hena-Serie-Vakuumpumpe.jpg 1720w\" data-sizes=\"auto\" data-orig-sizes=\"(max-width: 640px) 100vw, 400px\" \/><\/span><\/div><\/div><\/div><div class=\"tiaro-layout-column tiaro_builder_column_inner tiaro-builder-nested-column-1 tiaro_builder_column_inner_3_5 3_5 tiaro-flex-column tiaro-flex-align-self-center\" style=\"--awb-bg-size:cover;--awb-width-large:60%;--awb-margin-top-large:0px;--awb-spacing-right-large:3.2%;--awb-margin-bottom-large:5px;--awb-spacing-left-large:3.2%;--awb-width-medium:60%;--awb-order-medium:0;--awb-spacing-right-medium:3.2%;--awb-spacing-left-medium:3.2%;--awb-width-small:100%;--awb-order-small:0;--awb-spacing-right-small:1.92%;--awb-spacing-left-small:1.92%;\"><div class=\"tiaro-column-wrapper tiaro-column-has-shadow tiaro-flex-justify-content-center tiaro-content-layout-column\"><div class=\"tiaro-text tiaro-text-2\"><h2>Seria HENA<\/h2>\n<h3>Rotacyjne \u0142opatkowe pompy pr\u00f3\u017cniowe, smarowane olejem<\/h3>\n<p><span class=\"intro-text\">Ehrler &amp; Beck oferuje ca\u0142\u0105 gam\u0119 obrotowych \u0142opatkowych pomp pr\u00f3\u017cniowych z serii HenaLine o pr\u0119dko\u015bci pompowania od 25 m\u00b3\/h do 1600 m\u00b3\/h. Pompy pr\u00f3\u017cniowe Hena nadaj\u0105 si\u0119 do wszystkich zastosowa\u0144 zwi\u0105zanych z nisk\u0105 i \u015bredni\u0105 pr\u00f3\u017cni\u0105. Wszystkie pompy pr\u00f3\u017cniowe Hena s\u0105 standardowo wyposa\u017cone w separatory mg\u0142y olejowej, jednostki powrotu oleju i zawory bezpiecze\u0144stwa. HenaLine charakteryzuje si\u0119 niezawodno\u015bci\u0105, wydajno\u015bci\u0105 i kompaktowymi rozmiarami.<\/span><\/p>\n<\/div><\/div><\/div><div class=\"tiaro-layout-column tiaro_builder_column_inner tiaro-builder-nested-column-2 tiaro_builder_column_inner_1_5 1_5 tiaro-flex-column\" style=\"--awb-bg-size:cover;--awb-width-large:20%;--awb-margin-top-large:0px;--awb-spacing-right-large:9.6%;--awb-margin-bottom-large:5px;--awb-spacing-left-large:9.6%;--awb-width-medium:20%;--awb-spacing-right-medium:9.6%;--awb-spacing-left-medium:9.6%;--awb-width-small:100%;--awb-spacing-right-small:1.92%;--awb-spacing-left-small:1.92%;\"><div class=\"tiaro-column-wrapper tiaro-flex-justify-content-flex-start tiaro-content-layout-column\"><div class=\"tiaro-text tiaro-text-3\"><h3 class=\"tiaro-responsive-typography-calculated\" data-fontsize=\"20\" data-lineheight=\"30px\">Zalety<\/h3>\n<ul>\n<li>Oczy\u015b\u0107 powietrze wylotowe<\/li>\n<li>Kompaktowa konstrukcja<\/li>\n<li>Niezawodne i wydajne dzia\u0142anie<\/li>\n<li>Prosta obs\u0142uga<\/li>\n<li>Bezpiecze\u0144stwo operacyjne i procesowe<\/li>\n<li>\u0141atwo regulowane ko\u0142nierze<\/li>\n<li>Cicha praca bez wibracji<\/li>\n<\/ul>\n<\/div><\/div><\/div><\/div><\/div><\/div><\/div><\/div><\/p>","protected":false},"excerpt":{"rendered":"","protected":false},"author":1,"featured_media":0,"parent":374,"menu_order":0,"comment_status":"closed","ping_status":"closed","template":"100-width.php","meta":{"footnotes":""},"class_list":["post-48509","page","type-page","status-publish","hentry"],"acf":[],"_links":{"self":[{"href":"https:\/\/ehrler-beck.com\/pl\/wp-json\/wp\/v2\/pages\/48509","targetHints":{"allow":["GET"]}}],"collection":[{"href":"https:\/\/ehrler-beck.com\/pl\/wp-json\/wp\/v2\/pages"}],"about":[{"href":"https:\/\/ehrler-beck.com\/pl\/wp-json\/wp\/v2\/types\/page"}],"author":[{"embeddable":true,"href":"https:\/\/ehrler-beck.com\/pl\/wp-json\/wp\/v2\/users\/1"}],"replies":[{"embeddable":true,"href":"https:\/\/ehrler-beck.com\/pl\/wp-json\/wp\/v2\/comments?post=48509"}],"version-history":[{"count":2,"href":"https:\/\/ehrler-beck.com\/pl\/wp-json\/wp\/v2\/pages\/48509\/revisions"}],"predecessor-version":[{"id":48516,"href":"https:\/\/ehrler-beck.com\/pl\/wp-json\/wp\/v2\/pages\/48509\/revisions\/48516"}],"up":[{"embeddable":true,"href":"https:\/\/ehrler-beck.com\/pl\/wp-json\/wp\/v2\/pages\/374"}],"wp:attachment":[{"href":"https:\/\/ehrler-beck.com\/pl\/wp-json\/wp\/v2\/media?parent=48509"}],"curies":[{"name":"wp","href":"https:\/\/api.w.org\/{rel}","templated":true}]}}