{"id":4373,"date":"2017-10-23T12:18:55","date_gmt":"2017-10-23T10:18:55","guid":{"rendered":"http:\/\/ehrler-beck.com\/produkte\/vakuumpumpen\/radial-vakuumpumpen\/substitute-pumps"},"modified":"2017-11-20T04:03:29","modified_gmt":"2017-11-20T03:03:29","slug":"alternative-geraete","status":"publish","type":"page","link":"https:\/\/ehrler-beck.com\/pl\/produkty-2\/pompy-prozniowe\/promieniowe-pompy-prozniowe\/urzadzenia-alternatywne-2","title":{"rendered":"urz\u0105dzenia alternatywne"},"content":{"rendered":"<p><div class=\"tiaro-fullwidth fullwidth-box tiaro-builder-row-1 tiaro-flex-container nonhundred-percent-fullwidth non-hundred-percent-height-scrolling\" style=\"--awb-border-radius-top-left:0px;--awb-border-radius-top-right:0px;--awb-border-radius-bottom-right:0px;--awb-border-radius-bottom-left:0px;\" ><div class=\"tiaro-builder-row tiaro-row tiaro-flex-align-items-flex-start\" style=\"max-width:calc( 1350px + 0px );margin-left: calc(-0px \/ 2 );margin-right: calc(-0px \/ 2 );\"><div class=\"tiaro-layout-column tiaro_builder_column tiaro-builder-column-0 tiaro_builder_column_1_1 1_1 tiaro-flex-column\" style=\"--awb-bg-size:cover;--awb-width-large:100%;--awb-margin-top-large:0px;--awb-spacing-right-large:0px;--awb-margin-bottom-large:0px;--awb-spacing-left-large:0px;--awb-width-medium:100%;--awb-spacing-right-medium:0px;--awb-spacing-left-medium:0px;--awb-width-small:100%;--awb-spacing-right-small:0px;--awb-spacing-left-small:0px;\"><div class=\"tiaro-column-wrapper tiaro-flex-justify-content-flex-start tiaro-content-layout-column\"><div class=\"tiaro-text tiaro-text-1\"><h1 style=\"text-align: center;\">Alternatywy dla klasycznych promieniowych pomp pr\u00f3\u017cniowych<\/h1>\n<\/div><div class=\"tiaro-separator\" style=\"align-self: center;margin-left: auto;margin-right: auto;width:100%;max-width:45%;\"><div class=\"tiaro-separator-border sep-shadow\" style=\"--awb-height:20px;--awb-amount:20px;--awb-sep-color:#00b3a7;background:radial-gradient(ellipse at 50% -50% , #00b3a7 0px, rgba(255, 255, 255, 0) 80%) repeat scroll 0 0 rgba(0, 0, 0, 0);background:-webkit-radial-gradient(ellipse at 50% -50% , #00b3a7 0px, rgba(255, 255, 255, 0) 80%) repeat scroll 0 0 rgba(0, 0, 0, 0);background:-moz-radial-gradient(ellipse at 50% -50% , #00b3a7 0px, rgba(255, 255, 255, 0) 80%) repeat scroll 0 0 rgba(0, 0, 0, 0);background:-o-radial-gradient(ellipse at 50% -50% , #00b3a7 0px, rgba(255, 255, 255, 0) 80%) repeat scroll 0 0 rgba(0, 0, 0, 0);\"><\/div><\/div><div class=\"tiaro-text tiaro-text-2\"><h2>Wentylatory od\u015brodkowe z nap\u0119dem z\u0119batym RGES <span style=\"font-size: 12pt;\">(Rietschle)<img decoding=\"async\" class=\"lazyload wp-image-4342 size-large alignright\" src=\"https:\/\/ehrler-beck.com\/wp-content\/uploads\/2017\/10\/Alternative-Radial-Blowers-1024x768.jpg\" data-orig-src=\"https:\/\/ehrler-beck.com\/wp-content\/uploads\/2017\/10\/Alternative-Radial-Blowers-1024x768.jpg\" alt=\"\" width=\"400\" height=\"\" srcset=\"data:image\/gif;base64,R0lGODlhAQABAAAAACH5BAEKAAEALAAAAAABAAEAAAICTAEAOw==\" data-srcset=\"https:\/\/ehrler-beck.com\/wp-content\/uploads\/2017\/10\/Alternative-Radial-Blowers-200x150.jpg 200w, https:\/\/ehrler-beck.com\/wp-content\/uploads\/2017\/10\/Alternative-Radial-Blowers-300x225.jpg 300w, https:\/\/ehrler-beck.com\/wp-content\/uploads\/2017\/10\/Alternative-Radial-Blowers-400x300.jpg 400w, https:\/\/ehrler-beck.com\/wp-content\/uploads\/2017\/10\/Alternative-Radial-Blowers-500x375.jpg 500w, https:\/\/ehrler-beck.com\/wp-content\/uploads\/2017\/10\/Alternative-Radial-Blowers-600x450.jpg 600w, https:\/\/ehrler-beck.com\/wp-content\/uploads\/2017\/10\/Alternative-Radial-Blowers-700x525.jpg 700w, https:\/\/ehrler-beck.com\/wp-content\/uploads\/2017\/10\/Alternative-Radial-Blowers-768x576.jpg 768w, https:\/\/ehrler-beck.com\/wp-content\/uploads\/2017\/10\/Alternative-Radial-Blowers-800x600.jpg 800w, https:\/\/ehrler-beck.com\/wp-content\/uploads\/2017\/10\/Alternative-Radial-Blowers-1024x768.jpg 1024w, https:\/\/ehrler-beck.com\/wp-content\/uploads\/2017\/10\/Alternative-Radial-Blowers.jpg 1200w\" data-sizes=\"auto\" data-orig-sizes=\"(max-width: 1024px) 100vw, 1024px\" \/><\/span><\/h2>\n<p>RGES 330 08<\/p>\n<p>RGES 330 10<\/p>\n<p>RGES 430 09<\/p>\n<p>RGES 470 09<\/p>\n<p>RGES 530 09<\/p>\n<\/div><div class=\"tiaro-separator tiaro-full-width-sep\" style=\"align-self: center;margin-left: auto;margin-right: auto;width:100%;\"><div class=\"tiaro-separator-border sep-shadow\" style=\"--awb-height:20px;--awb-amount:20px;--awb-sep-color:#00b3a7;background:radial-gradient(ellipse at 50% -50% , #00b3a7 0px, rgba(255, 255, 255, 0) 80%) repeat scroll 0 0 rgba(0, 0, 0, 0);background:-webkit-radial-gradient(ellipse at 50% -50% , #00b3a7 0px, rgba(255, 255, 255, 0) 80%) repeat scroll 0 0 rgba(0, 0, 0, 0);background:-moz-radial-gradient(ellipse at 50% -50% , #00b3a7 0px, rgba(255, 255, 255, 0) 80%) repeat scroll 0 0 rgba(0, 0, 0, 0);background:-o-radial-gradient(ellipse at 50% -50% , #00b3a7 0px, rgba(255, 255, 255, 0) 80%) repeat scroll 0 0 rgba(0, 0, 0, 0);\"><\/div><\/div><div class=\"tiaro-text tiaro-text-3\"><h2>Seria wentylator\u00f3w od\u015brodkowych RV <span style=\"font-size: 12pt;\">(BECKER)<\/span><\/h2>\n<p>RV 2.23<img decoding=\"async\" class=\"lazyload alignright size-medium wp-image-4364\" src=\"https:\/\/ehrler-beck.com\/wp-content\/uploads\/2017\/10\/Alternative-Radial-Blowers-2-2-300x225.jpg\" data-orig-src=\"https:\/\/ehrler-beck.com\/wp-content\/uploads\/2017\/10\/Alternative-Radial-Blowers-2-2-300x225.jpg\" alt=\"Dmuchawy promieniowe BECKER\" width=\"400\" height=\"\" srcset=\"data:image\/gif;base64,R0lGODlhAQABAAAAACH5BAEKAAEALAAAAAABAAEAAAICTAEAOw==\" data-srcset=\"https:\/\/ehrler-beck.com\/wp-content\/uploads\/2017\/10\/Alternative-Radial-Blowers-2-2-200x150.jpg 200w, https:\/\/ehrler-beck.com\/wp-content\/uploads\/2017\/10\/Alternative-Radial-Blowers-2-2-300x225.jpg 300w, https:\/\/ehrler-beck.com\/wp-content\/uploads\/2017\/10\/Alternative-Radial-Blowers-2-2-400x300.jpg 400w, https:\/\/ehrler-beck.com\/wp-content\/uploads\/2017\/10\/Alternative-Radial-Blowers-2-2-500x375.jpg 500w, https:\/\/ehrler-beck.com\/wp-content\/uploads\/2017\/10\/Alternative-Radial-Blowers-2-2-600x450.jpg 600w, https:\/\/ehrler-beck.com\/wp-content\/uploads\/2017\/10\/Alternative-Radial-Blowers-2-2-700x525.jpg 700w, https:\/\/ehrler-beck.com\/wp-content\/uploads\/2017\/10\/Alternative-Radial-Blowers-2-2-768x576.jpg 768w, https:\/\/ehrler-beck.com\/wp-content\/uploads\/2017\/10\/Alternative-Radial-Blowers-2-2-800x600.jpg 800w, https:\/\/ehrler-beck.com\/wp-content\/uploads\/2017\/10\/Alternative-Radial-Blowers-2-2-1024x768.jpg 1024w, https:\/\/ehrler-beck.com\/wp-content\/uploads\/2017\/10\/Alternative-Radial-Blowers-2-2.jpg 1200w\" data-sizes=\"auto\" data-orig-sizes=\"(max-width: 300px) 100vw, 300px\" \/><\/p>\n<p>RV 2.2320\/31 \u2013 0011<\/p>\n<p>RV 1.3230\/10<\/p>\n<p>RV 1.3229\/10<\/p>\n<p>RV 1.3228\/10<\/p>\n<p>RV 33\/1<\/p>\n<p>RV 33\/2<\/p>\n<\/div><\/div><\/div><\/div><\/div><div class=\"tiaro-fullwidth fullwidth-box tiaro-builder-row-2 tiaro-flex-container hundred-percent-fullwidth non-hundred-percent-height-scrolling\" style=\"--awb-border-radius-top-left:0px;--awb-border-radius-top-right:0px;--awb-border-radius-bottom-right:0px;--awb-border-radius-bottom-left:0px;--awb-padding-top:0px;--awb-padding-right:0px;--awb-padding-bottom:0px;--awb-padding-left:0px;\" ><div class=\"tiaro-builder-row tiaro-row tiaro-flex-align-items-flex-start\" style=\"width:calc( 100% + 0px ) !important;max-width:calc( 100% + 0px ) !important;margin-left: calc(-0px \/ 2 );margin-right: calc(-0px \/ 2 );\"><div class=\"tiaro-layout-column tiaro_builder_column tiaro-builder-column-1 tiaro_builder_column_1_1 1_1 tiaro-flex-column\" style=\"--awb-padding-top:5px;--awb-padding-bottom:5px;--awb-bg-color:#efefef;--awb-bg-position:center center;--awb-bg-size:cover;--awb-border-color:#00b3a7;--awb-border-style:solid;--awb-width-large:100%;--awb-margin-top-large:0px;--awb-spacing-right-large:0px;--awb-margin-bottom-large:5px;--awb-spacing-left-large:0px;--awb-width-medium:100%;--awb-spacing-right-medium:0px;--awb-spacing-left-medium:0px;--awb-width-small:100%;--awb-spacing-right-small:0px;--awb-spacing-left-small:0px;\"><div class=\"tiaro-column-wrapper tiaro-flex-justify-content-flex-start tiaro-content-layout-column\"><div class=\"tiaro-text tiaro-text-4\"><h3 style=\"text-align: center;\">INNE SERIE PROMIENIOWYCH POMP PR\u00d3\u017bNIOWYCH<\/h3>\n<\/div><\/div><\/div><\/div><\/div><div class=\"tiaro-fullwidth fullwidth-box tiaro-builder-row-3 tiaro-flex-container hundred-percent-fullwidth non-hundred-percent-height-scrolling\" style=\"--awb-border-radius-top-left:0px;--awb-border-radius-top-right:0px;--awb-border-radius-bottom-right:0px;--awb-border-radius-bottom-left:0px;\" ><div class=\"tiaro-builder-row tiaro-row tiaro-flex-align-items-stretch\" style=\"width:104% !important;max-width:104% !important;margin-left: calc(-4% \/ 2 );margin-right: calc(-4% \/ 2 );\"><div class=\"tiaro-layout-column tiaro_builder_column tiaro-builder-column-2 tiaro_builder_column_1_4 1_4 tiaro-flex-column\" style=\"--awb-padding-top:5px;--awb-padding-right:5px;--awb-padding-bottom:5px;--awb-padding-left:5px;--awb-bg-position:center center;--awb-bg-size:cover;--awb-border-color:#00b3a7;--awb-border-style:solid;--awb-width-large:25%;--awb-margin-top-large:5px;--awb-spacing-right-large:7.68%;--awb-margin-bottom-large:5px;--awb-spacing-left-large:7.68%;--awb-width-medium:25%;--awb-spacing-right-medium:7.68%;--awb-spacing-left-medium:7.68%;--awb-width-small:100%;--awb-spacing-right-small:1.92%;--awb-spacing-left-small:1.92%;\"><div class=\"tiaro-column-wrapper tiaro-flex-justify-content-flex-start tiaro-content-layout-column\"><\/div><\/div><div class=\"tiaro-layout-column tiaro_builder_column tiaro-builder-column-3 tiaro_builder_column_1_4 1_4 tiaro-flex-column tiaro-column-inner-bg-wrapper tiaro-column-liftup-border\" style=\"--awb-padding-top:5px;--awb-padding-right:5px;--awb-padding-bottom:5px;--awb-padding-left:5px;--awb-inner-bg-position:center center;--awb-inner-bg-size:cover;--awb-border-color:#00b3a7;--awb-inner-border-color:#00b3a7;--awb-border-top:1px;--awb-inner-border-top:1px;--awb-border-right:1px;--awb-inner-border-right:1px;--awb-border-bottom:1px;--awb-inner-border-bottom:1px;--awb-border-left:1px;--awb-inner-border-left:1px;--awb-border-style:solid;--awb-inner-border-style:solid;--awb-width-large:25%;--awb-margin-top-large:5px;--awb-spacing-right-large:7.68%;--awb-margin-bottom-large:5px;--awb-spacing-left-large:7.68%;--awb-width-medium:25%;--awb-spacing-right-medium:7.68%;--awb-spacing-left-medium:7.68%;--awb-width-small:100%;--awb-spacing-right-small:1.92%;--awb-spacing-left-small:1.92%;\"><span class=\"tiaro-column-inner-bg hover-type-liftup\"><a class=\"tiaro-column-anchor\" href=\"https:\/\/ehrler-beck.com\/pl\/produkty-2\/pompy-prozniowe\/promieniowe-pompy-prozniowe\/seria-rer-rel\/\"><span class=\"tiaro-column-inner-bg-image\"><\/span><\/a><\/span><div class=\"tiaro-column-wrapper tiaro-flex-justify-content-flex-start tiaro-content-layout-column\"><div class=\"tiaro-image-element\" style=\"--awb-caption-title-font-family:var(--h2_typography-font-family);--awb-caption-title-font-weight:var(--h2_typography-font-weight);--awb-caption-title-font-style:var(--h2_typography-font-style);--awb-caption-title-size:var(--h2_typography-font-size);--awb-caption-title-transform:var(--h2_typography-text-transform);--awb-caption-title-line-height:var(--h2_typography-line-height);--awb-caption-title-letter-spacing:var(--h2_typography-letter-spacing);\"><span class=\"tiaro-imageframe imageframe-none imageframe-1 hover-type-none\"><img decoding=\"async\" width=\"1024\" height=\"768\" title=\"Seria F RRE RLE\" src=\"https:\/\/ehrler-beck.com\/wp-content\/uploads\/2017\/07\/F-Serie-RRE-RLE.jpg\" data-orig-src=\"https:\/\/ehrler-beck.com\/wp-content\/uploads\/2017\/07\/F-Serie-RRE-RLE-1024x768.jpg\" alt class=\"lazyload img-responsive wp-image-4329\" srcset=\"data:image\/svg+xml,%3Csvg%20xmlns%3D%27http%3A%2F%2Fwww.w3.org%2F2000%2Fsvg%27%20width%3D%271200%27%20height%3D%27900%27%20viewBox%3D%270%200%201200%20900%27%3E%3Crect%20width%3D%271200%27%20height%3D%27900%27%20fill-opacity%3D%220%22%2F%3E%3C%2Fsvg%3E\" data-srcset=\"https:\/\/ehrler-beck.com\/wp-content\/uploads\/2017\/07\/F-Serie-RRE-RLE-200x150.jpg 200w, https:\/\/ehrler-beck.com\/wp-content\/uploads\/2017\/07\/F-Serie-RRE-RLE-400x300.jpg 400w, https:\/\/ehrler-beck.com\/wp-content\/uploads\/2017\/07\/F-Serie-RRE-RLE-600x450.jpg 600w, https:\/\/ehrler-beck.com\/wp-content\/uploads\/2017\/07\/F-Serie-RRE-RLE-800x600.jpg 800w, https:\/\/ehrler-beck.com\/wp-content\/uploads\/2017\/07\/F-Serie-RRE-RLE.jpg 1200w\" data-sizes=\"auto\" data-orig-sizes=\"(max-width: 640px) 100vw, 400px\" \/><\/span><\/div><div class=\"tiaro-text tiaro-text-5\"><h2 style=\"text-align: center;\">SERIA F<\/h2>\n<p style=\"text-align: center;\">Elmo Rietschle<\/p>\n<\/div><\/div><\/div><div class=\"tiaro-layout-column tiaro_builder_column tiaro-builder-column-4 tiaro_builder_column_1_4 1_4 tiaro-flex-column tiaro-column-inner-bg-wrapper tiaro-column-liftup-border\" style=\"--awb-padding-top:5px;--awb-padding-right:5px;--awb-padding-bottom:5px;--awb-padding-left:5px;--awb-inner-bg-position:center center;--awb-inner-bg-size:cover;--awb-border-color:#00b3a7;--awb-inner-border-color:#00b3a7;--awb-border-top:1px;--awb-inner-border-top:1px;--awb-border-right:1px;--awb-inner-border-right:1px;--awb-border-bottom:1px;--awb-inner-border-bottom:1px;--awb-border-left:1px;--awb-inner-border-left:1px;--awb-border-style:solid;--awb-inner-border-style:solid;--awb-width-large:25%;--awb-margin-top-large:5px;--awb-spacing-right-large:7.68%;--awb-margin-bottom-large:5px;--awb-spacing-left-large:7.68%;--awb-width-medium:25%;--awb-spacing-right-medium:7.68%;--awb-spacing-left-medium:7.68%;--awb-width-small:100%;--awb-spacing-right-small:1.92%;--awb-spacing-left-small:1.92%;\"><span class=\"tiaro-column-inner-bg hover-type-liftup\"><a class=\"tiaro-column-anchor\" href=\"https:\/\/ehrler-beck.com\/pl\/produkty-2\/pompy-prozniowe\/promieniowe-pompy-prozniowe\/seria-nd-rd-hrd\/\"><span class=\"tiaro-column-inner-bg-image\"><\/span><\/a><\/span><div class=\"tiaro-column-wrapper tiaro-flex-justify-content-flex-start tiaro-content-layout-column\"><div class=\"tiaro-image-element\" style=\"--awb-caption-title-font-family:var(--h2_typography-font-family);--awb-caption-title-font-weight:var(--h2_typography-font-weight);--awb-caption-title-font-style:var(--h2_typography-font-style);--awb-caption-title-size:var(--h2_typography-font-size);--awb-caption-title-transform:var(--h2_typography-text-transform);--awb-caption-title-line-height:var(--h2_typography-line-height);--awb-caption-title-letter-spacing:var(--h2_typography-letter-spacing);\"><span class=\"tiaro-imageframe imageframe-none imageframe-2 hover-type-none\"><img decoding=\"async\" width=\"1024\" height=\"768\" alt=\"Seria ELEKTROR ND\" title=\"Seria ELEKTROR ND\" src=\"https:\/\/ehrler-beck.com\/wp-content\/uploads\/2017\/07\/ND-Serie.jpg\" data-orig-src=\"https:\/\/ehrler-beck.com\/wp-content\/uploads\/2017\/07\/ND-Serie-1024x768.jpg\" class=\"lazyload img-responsive wp-image-4332\" srcset=\"data:image\/svg+xml,%3Csvg%20xmlns%3D%27http%3A%2F%2Fwww.w3.org%2F2000%2Fsvg%27%20width%3D%271200%27%20height%3D%27900%27%20viewBox%3D%270%200%201200%20900%27%3E%3Crect%20width%3D%271200%27%20height%3D%27900%27%20fill-opacity%3D%220%22%2F%3E%3C%2Fsvg%3E\" data-srcset=\"https:\/\/ehrler-beck.com\/wp-content\/uploads\/2017\/07\/ND-Serie-200x150.jpg 200w, https:\/\/ehrler-beck.com\/wp-content\/uploads\/2017\/07\/ND-Serie-400x300.jpg 400w, https:\/\/ehrler-beck.com\/wp-content\/uploads\/2017\/07\/ND-Serie-600x450.jpg 600w, https:\/\/ehrler-beck.com\/wp-content\/uploads\/2017\/07\/ND-Serie-800x600.jpg 800w, https:\/\/ehrler-beck.com\/wp-content\/uploads\/2017\/07\/ND-Serie.jpg 1200w\" data-sizes=\"auto\" data-orig-sizes=\"(max-width: 640px) 100vw, 400px\" \/><\/span><\/div><div class=\"tiaro-text tiaro-text-6\"><h2 style=\"text-align: center;\">SERIA ND<\/h2>\n<p style=\"text-align: center;\">ELEKTROR<\/p>\n<\/div><\/div><\/div><div class=\"tiaro-layout-column tiaro_builder_column tiaro-builder-column-5 tiaro_builder_column_1_4 1_4 tiaro-flex-column\" style=\"--awb-padding-top:5px;--awb-padding-right:5px;--awb-padding-bottom:5px;--awb-padding-left:5px;--awb-bg-position:center center;--awb-bg-size:cover;--awb-border-color:#00b3a7;--awb-border-style:solid;--awb-width-large:25%;--awb-margin-top-large:5px;--awb-spacing-right-large:7.68%;--awb-margin-bottom-large:5px;--awb-spacing-left-large:7.68%;--awb-width-medium:25%;--awb-spacing-right-medium:7.68%;--awb-spacing-left-medium:7.68%;--awb-width-small:100%;--awb-spacing-right-small:1.92%;--awb-spacing-left-small:1.92%;\"><div class=\"tiaro-column-wrapper tiaro-flex-justify-content-flex-start tiaro-content-layout-column\"><\/div><\/div><\/div><\/div><\/p>","protected":false},"excerpt":{"rendered":"","protected":false},"author":1,"featured_media":0,"parent":3915,"menu_order":0,"comment_status":"closed","ping_status":"closed","template":"100-width.php","meta":{"footnotes":""},"class_list":["post-4373","page","type-page","status-publish","hentry"],"acf":[],"_links":{"self":[{"href":"https:\/\/ehrler-beck.com\/pl\/wp-json\/wp\/v2\/pages\/4373","targetHints":{"allow":["GET"]}}],"collection":[{"href":"https:\/\/ehrler-beck.com\/pl\/wp-json\/wp\/v2\/pages"}],"about":[{"href":"https:\/\/ehrler-beck.com\/pl\/wp-json\/wp\/v2\/types\/page"}],"author":[{"embeddable":true,"href":"https:\/\/ehrler-beck.com\/pl\/wp-json\/wp\/v2\/users\/1"}],"replies":[{"embeddable":true,"href":"https:\/\/ehrler-beck.com\/pl\/wp-json\/wp\/v2\/comments?post=4373"}],"version-history":[{"count":0,"href":"https:\/\/ehrler-beck.com\/pl\/wp-json\/wp\/v2\/pages\/4373\/revisions"}],"up":[{"embeddable":true,"href":"https:\/\/ehrler-beck.com\/pl\/wp-json\/wp\/v2\/pages\/3915"}],"wp:attachment":[{"href":"https:\/\/ehrler-beck.com\/pl\/wp-json\/wp\/v2\/media?parent=4373"}],"curies":[{"name":"wp","href":"https:\/\/api.w.org\/{rel}","templated":true}]}}