{"id":320,"date":"2017-07-13T11:48:26","date_gmt":"2017-07-13T09:48:26","guid":{"rendered":"http:\/\/ehrler-beck.com\/technologien\/druck-vakuumpumpen-technologie\/rotary-vane-pressure-vacuum-pumps"},"modified":"2022-08-15T18:23:55","modified_gmt":"2022-08-15T16:23:55","slug":"drehschieber-druck-vakumpumpen-oelfrei","status":"publish","type":"page","link":"https:\/\/ehrler-beck.com\/pl\/technologie\/technologia-pomp-cisnieniowo-prozniowych\/obrotowe-lopatkowe-cisnieniowe-pompy-prozniowe-bezolejowe-2","title":{"rendered":"Obrotowe \u0142opatkowe pompy ci\u015bnieniowo-pr\u00f3\u017cniowe, bezolejowe"},"content":{"rendered":"<p><div class=\"tiaro-fullwidth fullwidth-box tiaro-builder-row-1 tiaro-flex-container nonhundred-percent-fullwidth non-hundred-percent-height-scrolling\" style=\"--awb-border-radius-top-left:0px;--awb-border-radius-top-right:0px;--awb-border-radius-bottom-right:0px;--awb-border-radius-bottom-left:0px;\" ><div class=\"tiaro-builder-row tiaro-row tiaro-flex-align-items-flex-start\" style=\"max-width:1404px;margin-left: calc(-4% \/ 2 );margin-right: calc(-4% \/ 2 );\"><div class=\"tiaro-layout-column tiaro_builder_column tiaro-builder-column-0 tiaro_builder_column_5_6 5_6 tiaro-flex-column\" style=\"--awb-bg-size:cover;--awb-width-large:83.333333333333%;--awb-margin-top-large:0px;--awb-spacing-right-large:2.304%;--awb-margin-bottom-large:5px;--awb-spacing-left-large:2.304%;--awb-width-medium:83.333333333333%;--awb-spacing-right-medium:2.304%;--awb-spacing-left-medium:2.304%;--awb-width-small:100%;--awb-spacing-right-small:1.92%;--awb-spacing-left-small:1.92%;\"><div class=\"tiaro-column-wrapper tiaro-flex-justify-content-flex-start tiaro-content-layout-column\"><div class=\"tiaro-text tiaro-text-1\"><h1>Obrotowe \u0142opatkowe pompy ci\u015bnieniowo-pr\u00f3\u017cniowe, bezolejowe<\/h1>\n<\/div><\/div><\/div><div class=\"tiaro-layout-column tiaro_builder_column tiaro-builder-column-1 tiaro_builder_column_1_6 1_6 tiaro-flex-column\" style=\"--awb-bg-size:cover;--awb-width-large:16.666666666667%;--awb-margin-top-large:0px;--awb-spacing-right-large:11.52%;--awb-margin-bottom-large:5px;--awb-spacing-left-large:11.52%;--awb-width-medium:16.666666666667%;--awb-spacing-right-medium:11.52%;--awb-spacing-left-medium:11.52%;--awb-width-small:100%;--awb-spacing-right-small:1.92%;--awb-spacing-left-small:1.92%;\"><div class=\"tiaro-column-wrapper tiaro-flex-justify-content-center tiaro-content-layout-column\"><div class=\"tiaro-image-element tiaro-no-small-visibility\" style=\"text-align:center;--awb-caption-title-font-family:var(--h2_typography-font-family);--awb-caption-title-font-weight:var(--h2_typography-font-weight);--awb-caption-title-font-style:var(--h2_typography-font-style);--awb-caption-title-size:var(--h2_typography-font-size);--awb-caption-title-transform:var(--h2_typography-text-transform);--awb-caption-title-line-height:var(--h2_typography-line-height);--awb-caption-title-letter-spacing:var(--h2_typography-letter-spacing);\"><span class=\"tiaro-imageframe imageframe-none imageframe-1 hover-type-none tiaro-no-small-visibility\"><img decoding=\"async\" width=\"100\" height=\"100\" title=\"Obrotowa ikona technologii bezolejowej\" src=\"data:image\/svg+xml,%3Csvg%20xmlns%3D%27http%3A%2F%2Fwww.w3.org%2F2000%2Fsvg%27%20width%3D%27100%27%20height%3D%27100%27%20viewBox%3D%270%200%20100%20100%27%3E%3Crect%20width%3D%27100%27%20height%3D%27100%27%20fill-opacity%3D%220%22%2F%3E%3C%2Fsvg%3E\" data-orig-src=\"https:\/\/ehrler-beck.com\/wp-content\/uploads\/2017\/07\/Rotary-Vane-Oil-Free-Technology-Icon.png\" alt class=\"lazyload img-responsive wp-image-46\"\/><\/span><\/div><\/div><\/div><div class=\"tiaro-layout-column tiaro_builder_column tiaro-builder-column-2 tiaro_builder_column_1_1 1_1 tiaro-flex-column\" style=\"--awb-bg-color:rgba(255,255,255,0);--awb-bg-position:center center;--awb-bg-size:cover;--awb-width-large:100%;--awb-margin-top-large:0px;--awb-spacing-right-large:1.92%;--awb-margin-bottom-large:5px;--awb-spacing-left-large:1.92%;--awb-width-medium:100%;--awb-spacing-right-medium:1.92%;--awb-spacing-left-medium:1.92%;--awb-width-small:100%;--awb-spacing-right-small:1.92%;--awb-spacing-left-small:1.92%;\"><div class=\"tiaro-column-wrapper tiaro-flex-justify-content-flex-start tiaro-content-layout-column\"><div class=\"tiaro-text tiaro-text-2\"><p><span class=\"intro-text\">Prosta konstrukcja z tylko jednym wa\u0142em i bezpo\u015brednim nap\u0119dem zapewnia solidne, trwa\u0142e pompy ci\u015bnieniowo-pr\u00f3\u017cniowe przy niskich kosztach konserwacji i eksploatacji. Pompy ci\u015bnieniowo-pr\u00f3\u017cniowe pracuj\u0105 ca\u0142kowicie bezolejowo, poszczeg\u00f3lne komory robocze oddzielone s\u0105 suwakami o d\u0142ugiej \u017cywotno\u015bci. Filtr ss\u0105cy i zaw\u00f3r steruj\u0105cy s\u0105 zintegrowane w pompach ci\u015bnieniowo-pr\u00f3\u017cniowych, bez problemu mo\u017cna doda\u0107 dodatkowe akcesoria. Zintegrowana ch\u0142odnica powietrza nadmuchowego gwarantuje bardzo nisk\u0105 temperatur\u0119 powietrza nawiewanego. Kompaktowa obudowa zapewnia niski poziom ha\u0142asu i nisk\u0105 emisj\u0119 ciep\u0142a. Dzi\u0119ki opcjonalnej ochronie antykorozyjnej pompy pr\u00f3\u017cniowe mog\u0105 by\u0107 r\u00f3wnie\u017c u\u017cywane do odsysania wilgotnego powietrza.<\/span><\/p>\n<\/div><\/div><\/div><div class=\"tiaro-layout-column tiaro_builder_column tiaro-builder-column-3 tiaro_builder_column_1_3 1_3 tiaro-flex-column tiaro-flex-align-self-center\" style=\"--awb-bg-size:cover;--awb-width-large:33.333333333333%;--awb-margin-top-large:0px;--awb-spacing-right-large:5.76%;--awb-margin-bottom-large:5px;--awb-spacing-left-large:5.76%;--awb-width-medium:33.333333333333%;--awb-order-medium:0;--awb-spacing-right-medium:5.76%;--awb-spacing-left-medium:5.76%;--awb-width-small:100%;--awb-order-small:0;--awb-spacing-right-small:1.92%;--awb-spacing-left-small:1.92%;\"><div class=\"tiaro-column-wrapper tiaro-column-has-shadow tiaro-flex-justify-content-center tiaro-content-layout-column\"><a class=\"awb-lightbox awb-lightbox-1\" href=\"https:\/\/ehrler-beck.com\/wp-content\/uploads\/2017\/07\/Rotary-Vane-Technology-Operating-Principle-Diagram.jpg\" data-caption=\"Generalized and Simplified Diagram\" data-rel=\"iLightbox\"><img class=\"lazyload\" decoding=\"async\" src=\"data:image\/svg+xml,%3Csvg%20xmlns%3D%27http%3A%2F%2Fwww.w3.org%2F2000%2Fsvg%27%20width%3D%27300%27%20height%3D%27211%27%20viewBox%3D%270%200%20300%20211%27%3E%3Crect%20width%3D%27300%27%20height%3D%27211%27%20fill-opacity%3D%220%22%2F%3E%3C%2Fsvg%3E\" data-orig-src=\"https:\/\/ehrler-beck.com\/wp-content\/uploads\/2017\/07\/Rotary-Vane-Technology-Operating-Principle-Diagram-300x211.jpg\"><\/a><\/div><\/div><div class=\"tiaro-layout-column tiaro_builder_column tiaro-builder-column-4 tiaro_builder_column_2_3 2_3 tiaro-flex-column\" style=\"--awb-bg-color:#ffffff;--awb-bg-size:cover;--awb-width-large:66.666666666667%;--awb-margin-top-large:0px;--awb-spacing-right-large:2.88%;--awb-margin-bottom-large:5px;--awb-spacing-left-large:2.88%;--awb-width-medium:66.666666666667%;--awb-spacing-right-medium:2.88%;--awb-spacing-left-medium:2.88%;--awb-width-small:100%;--awb-spacing-right-small:1.92%;--awb-spacing-left-small:1.92%;\"><div class=\"tiaro-column-wrapper tiaro-flex-justify-content-flex-start tiaro-content-layout-column\"><div class=\"tiaro-text tiaro-text-3\"><p><span style=\"font-size: 10pt;\">Mimo\u015br\u00f3d w cylindrycznym otworze obudowy (<span class=\"color-primary\">D<\/span>) \u0142o\u017cysko wirnika (<span class=\"color-primary\">F<\/span>) prawie dotyka powy\u017cszego otworu (<span class=\"color-primary\">mi<\/span>). W kilku gniazdach wirnika (<span class=\"color-primary\">G<\/span>) s\u0105 blaszkami (<span class=\"color-primary\">C<\/span>) lub tarcze tn\u0105ce, kt\u00f3re \u015blizgaj\u0105 si\u0119 po wewn\u0119trznej powierzchni cylindra. Dzieje si\u0119 tak z powodu si\u0142y od\u015brodkowej wytwarzanej przez obr\u00f3t wirnika. Kom\u00f3rka przeno\u015bnika (<span class=\"color-primary\">H<\/span>), kt\u00f3rego obj\u0119to\u015b\u0107 zmienia si\u0119 w spos\u00f3b ci\u0105g\u0142y podczas obrotu. Gdy tylna \u017caluzja zamknie koniec otworu wlotowego (<span class=\"color-primary\">B<\/span>) zosta\u0142a osi\u0105gni\u0119ta, komora osi\u0105ga maksymaln\u0105 obj\u0119to\u015b\u0107 powietrza. Gdy rz\u0105d oddala si\u0119 od kana\u0142u ss\u0105cego, obj\u0119to\u015b\u0107 maleje. Dlatego powietrze jest spr\u0119\u017cane, a ci\u015bnienie wzrasta. Trwa to do momentu, gdy ci\u015bnienie w kom\u00f3rce przekroczy ci\u015bnienie w komorze ci\u015bnieniowej (<span class=\"color-primary\">I<\/span>), a nast\u0119pnie powietrze przechodzi przez kana\u0142 ci\u015bnieniowy (<span class=\"color-primary\">J<\/span>) wyp\u0142ywa. W niekt\u00f3rych modelach kana\u0142\u00f3w ci\u015bnieniowych s\u0105 zawory wylotowe (<span class=\"color-primary\">k<\/span>), kt\u00f3re zapobiegaj\u0105 cofaniu si\u0119 powietrza wywiewanego do celi. W pompach ci\u015bnieniowo-pr\u00f3\u017cniowych dolny koniec otworu wlotowego (<span class=\"color-primary\">A<\/span>) przesuni\u0119ty nieco do przodu w celu uzyskania pr\u00f3\u017cni. Mo\u017cliwe jest zatem wstrzykni\u0119cie komory, kt\u00f3ra jest tylko cz\u0119\u015bciowo wype\u0142niona powietrzem z powodu podci\u015bnienia, przez drugi wlot (<span class=\"color-primary\">B<\/span>) wype\u0142ni\u0107. Aby zapobiec negatywnym skutkom podci\u015bnienia, ten kana\u0142 \u0142aduj\u0105cy znajduje si\u0119 w odleg\u0142o\u015bci oko\u0142o jednej kom\u00f3rki od g\u0142\u00f3wnego wlotu. Wybieraj\u0105c po\u0142o\u017cenie kana\u0142\u00f3w wlotowych (<span class=\"color-primary\">A<\/span>\u00a0Lub.\u00a0<span class=\"color-primary\">B<\/span>) stosunek mi\u0119dzy przep\u0142ywem obj\u0119to\u015bciowym podci\u015bnienia i ci\u015bnienia mo\u017ce by\u0107 r\u00f3\u017cny.<\/span><\/p>\n<p><span style=\"font-size: 8pt;\">* Ten opis nie odzwierciedla podej\u015bcia ka\u017cdego producenta do technologii, ale stanowi og\u00f3lny opis, kt\u00f3ry stara si\u0119 uwzgl\u0119dni\u0107 podstawow\u0105 zasad\u0119 dzia\u0142ania.<\/span><\/p>\n<\/div><\/div><\/div><\/div><\/div><div class=\"tiaro-fullwidth fullwidth-box tiaro-builder-row-2 tiaro-flex-container hundred-percent-fullwidth non-hundred-percent-height-scrolling\" style=\"--awb-border-radius-top-left:0px;--awb-border-radius-top-right:0px;--awb-border-radius-bottom-right:0px;--awb-border-radius-bottom-left:0px;--awb-padding-right:0px;--awb-padding-left:0px;\" ><div class=\"tiaro-builder-row tiaro-row tiaro-flex-align-items-flex-start\" style=\"width:104% !important;max-width:104% !important;margin-left: calc(-4% \/ 2 );margin-right: calc(-4% \/ 2 );\"><div class=\"tiaro-layout-column tiaro_builder_column tiaro-builder-column-5 tiaro_builder_column_1_1 1_1 tiaro-flex-column\" style=\"--awb-padding-top:20px;--awb-bg-color:#efefef;--awb-bg-size:cover;--awb-width-large:100%;--awb-margin-top-large:0px;--awb-spacing-right-large:1.92%;--awb-margin-bottom-large:0px;--awb-spacing-left-large:1.92%;--awb-width-medium:100%;--awb-spacing-right-medium:1.92%;--awb-spacing-left-medium:1.92%;--awb-width-small:100%;--awb-spacing-right-small:1.92%;--awb-spacing-left-small:1.92%;\"><div class=\"tiaro-column-wrapper tiaro-flex-justify-content-flex-start tiaro-content-layout-column\"><div class=\"tiaro-text tiaro-text-4\"><p style=\"text-align: center;\"><span class=\"color-primary\" style=\"font-size: 18pt;\">PROGRAM DOSTAW FIRMY EHRLER &amp; BECK OBEJMUJE NAST\u0118PUJ\u0104CE SERIE:<\/span><\/p>\n<\/div><\/div><\/div><\/div><\/div><div class=\"tiaro-fullwidth fullwidth-box tiaro-builder-row-3 tiaro-flex-container nonhundred-percent-fullwidth non-hundred-percent-height-scrolling\" style=\"--awb-border-radius-top-left:0px;--awb-border-radius-top-right:0px;--awb-border-radius-bottom-right:0px;--awb-border-radius-bottom-left:0px;\" ><div class=\"tiaro-builder-row tiaro-row tiaro-flex-align-items-flex-start\" style=\"max-width:1404px;margin-left: calc(-4% \/ 2 );margin-right: calc(-4% \/ 2 );\"><div class=\"tiaro-layout-column tiaro_builder_column tiaro-builder-column-6 tiaro_builder_column_1_2 1_2 tiaro-flex-column tiaro-column-inner-bg-wrapper\" style=\"--awb-padding-top:315px;--awb-inner-bg-position:center center;--awb-inner-bg-size:cover;--awb-border-color:#00b3a7;--awb-border-top:1px;--awb-border-right:1px;--awb-border-bottom:1px;--awb-border-left:1px;--awb-border-style:solid;--awb-width-large:50%;--awb-margin-top-large:2%;--awb-spacing-right-large:1.92%;--awb-margin-bottom-large:2%;--awb-spacing-left-large:1.92%;--awb-width-medium:50%;--awb-order-medium:0;--awb-spacing-right-medium:1.92%;--awb-spacing-left-medium:1.92%;--awb-width-small:100%;--awb-order-small:0;--awb-spacing-right-small:1.92%;--awb-spacing-left-small:1.92%;\"><span class=\"tiaro-column-inner-bg hover-type-zoomin\"><a class=\"tiaro-column-anchor\" href=\"https:\/\/ehrler-beck.com\/pl\/produkty-2\/pompy-cisnieniowo-prozniowe\/lopatka-obrotowa-bezolejowa\/seria-t-dvt\/\"><span class=\"tiaro-column-inner-bg-image lazyload\" data-bg=\"https:\/\/ehrler-beck.com\/wp-content\/uploads\/2022\/08\/Becker-Drehschieber-Druck-Vakuumpumpen-Serie.jpg\"><\/span><\/a><\/span><div class=\"tiaro-column-wrapper tiaro-column-has-shadow tiaro-flex-justify-content-flex-start tiaro-content-layout-column\" data-bg-url=\"https:\/\/ehrler-beck.com\/wp-content\/uploads\/2022\/08\/Becker-Drehschieber-Druck-Vakuumpumpen-Serie.jpg\"><div class=\"tiaro-text tiaro-text-5\"><h2 style=\"text-align: right; background-color: #e2e2e2e3; padding-top: 15px; padding-right: 15px; padding-bottom: 15px; margin-left: 33%; border-radius: 50px 0px 0px 0px; margin-bottom: 0px;\">Seria T\/DVT\/DVLF <span style=\"font-size: 14pt;\">(Becker)<\/span><\/h2>\n<\/div><\/div><\/div><div class=\"tiaro-layout-column tiaro_builder_column tiaro-builder-column-7 tiaro_builder_column_1_2 1_2 tiaro-flex-column tiaro-column-inner-bg-wrapper\" style=\"--awb-padding-top:315px;--awb-inner-bg-position:center center;--awb-inner-bg-size:cover;--awb-border-color:#00b3a7;--awb-border-top:1px;--awb-border-right:1px;--awb-border-bottom:1px;--awb-border-left:1px;--awb-border-style:solid;--awb-width-large:50%;--awb-margin-top-large:2%;--awb-spacing-right-large:1.92%;--awb-margin-bottom-large:2%;--awb-spacing-left-large:1.92%;--awb-width-medium:50%;--awb-order-medium:0;--awb-spacing-right-medium:1.92%;--awb-spacing-left-medium:1.92%;--awb-width-small:100%;--awb-order-small:0;--awb-spacing-right-small:1.92%;--awb-spacing-left-small:1.92%;\"><span class=\"tiaro-column-inner-bg hover-type-zoomin\"><a class=\"tiaro-column-anchor\" href=\"https:\/\/ehrler-beck.com\/pl\/produkty-2\/pompy-cisnieniowo-prozniowe\/lopatka-obrotowa-bezolejowa\/seria-v-2\/\"><span class=\"tiaro-column-inner-bg-image lazyload\" data-bg=\"https:\/\/ehrler-beck.com\/wp-content\/uploads\/2022\/08\/Elmo-Rietschle-Drehschieber-Druckvakuumpumpen.jpg\"><\/span><\/a><\/span><div class=\"tiaro-column-wrapper tiaro-column-has-shadow tiaro-flex-justify-content-flex-start tiaro-content-layout-column\" data-bg-url=\"https:\/\/ehrler-beck.com\/wp-content\/uploads\/2022\/08\/Elmo-Rietschle-Drehschieber-Druckvakuumpumpen.jpg\"><div class=\"tiaro-text tiaro-text-6\"><h2 style=\"text-align: right; background-color: #e2e2e2e3; padding-top: 15px; padding-right: 15px; padding-bottom: 15px; margin-left: 33%; border-radius: 50px 0px 0px 0px; margin-bottom: 0px;\">Seria V <span style=\"font-size: 14pt;\">(ELMO RIETSCHLE)<\/span><\/h2>\n<\/div><\/div><\/div><div class=\"tiaro-layout-column tiaro_builder_column tiaro-builder-column-8 tiaro_builder_column_1_2 1_2 tiaro-flex-column tiaro-column-inner-bg-wrapper\" style=\"--awb-padding-top:315px;--awb-inner-bg-position:center center;--awb-inner-bg-size:cover;--awb-border-color:#00b3a7;--awb-border-top:1px;--awb-border-right:1px;--awb-border-bottom:1px;--awb-border-left:1px;--awb-border-style:solid;--awb-width-large:50%;--awb-margin-top-large:0px;--awb-spacing-right-large:1.92%;--awb-margin-bottom-large:2%;--awb-spacing-left-large:1.92%;--awb-width-medium:50%;--awb-order-medium:0;--awb-spacing-right-medium:1.92%;--awb-spacing-left-medium:1.92%;--awb-width-small:100%;--awb-order-small:0;--awb-spacing-right-small:1.92%;--awb-spacing-left-small:1.92%;\"><span class=\"tiaro-column-inner-bg hover-type-zoomin\"><a class=\"tiaro-column-anchor\" href=\"https:\/\/ehrler-beck.com\/pl\/produkty-2\/pompy-cisnieniowo-prozniowe\/lopatka-obrotowa-bezolejowa\/seria-dc\/\"><span class=\"tiaro-column-inner-bg-image lazyload\" data-bg=\"https:\/\/ehrler-beck.com\/wp-content\/uploads\/2022\/08\/SECO-DC-Druck-Vakuumpumpen.jpg\"><\/span><\/a><\/span><div class=\"tiaro-column-wrapper tiaro-column-has-shadow tiaro-flex-justify-content-flex-start tiaro-content-layout-column\" data-bg-url=\"https:\/\/ehrler-beck.com\/wp-content\/uploads\/2022\/08\/SECO-DC-Druck-Vakuumpumpen.jpg\"><div class=\"tiaro-text tiaro-text-7\"><h2 style=\"text-align: right; background-color: #e2e2e2e3; padding-top: 15px; padding-right: 15px; padding-bottom: 15px; margin-left: 33%; border-radius: 50px 0px 0px 0px; margin-bottom: 0px;\">Seria SECO DC <span style=\"font-size: 14pt;\">(Krzak)<\/span><\/h2>\n<\/div><\/div><\/div><\/div><\/div><\/p>","protected":false},"excerpt":{"rendered":"","protected":false},"author":1,"featured_media":0,"parent":309,"menu_order":0,"comment_status":"closed","ping_status":"closed","template":"100-width.php","meta":{"footnotes":""},"class_list":["post-320","page","type-page","status-publish","hentry"],"acf":[],"_links":{"self":[{"href":"https:\/\/ehrler-beck.com\/pl\/wp-json\/wp\/v2\/pages\/320","targetHints":{"allow":["GET"]}}],"collection":[{"href":"https:\/\/ehrler-beck.com\/pl\/wp-json\/wp\/v2\/pages"}],"about":[{"href":"https:\/\/ehrler-beck.com\/pl\/wp-json\/wp\/v2\/types\/page"}],"author":[{"embeddable":true,"href":"https:\/\/ehrler-beck.com\/pl\/wp-json\/wp\/v2\/users\/1"}],"replies":[{"embeddable":true,"href":"https:\/\/ehrler-beck.com\/pl\/wp-json\/wp\/v2\/comments?post=320"}],"version-history":[{"count":2,"href":"https:\/\/ehrler-beck.com\/pl\/wp-json\/wp\/v2\/pages\/320\/revisions"}],"predecessor-version":[{"id":63385,"href":"https:\/\/ehrler-beck.com\/pl\/wp-json\/wp\/v2\/pages\/320\/revisions\/63385"}],"up":[{"embeddable":true,"href":"https:\/\/ehrler-beck.com\/pl\/wp-json\/wp\/v2\/pages\/309"}],"wp:attachment":[{"href":"https:\/\/ehrler-beck.com\/pl\/wp-json\/wp\/v2\/media?parent=320"}],"curies":[{"name":"wp","href":"https:\/\/api.w.org\/{rel}","templated":true}]}}