{"id":203,"date":"2017-07-12T09:59:17","date_gmt":"2017-07-12T07:59:17","guid":{"rendered":"http:\/\/ehrler-beck.com\/technologien\/vakuumpumpentechnologien\/flussigkeitsring-vakuumpumpen"},"modified":"2022-08-15T18:26:56","modified_gmt":"2022-08-15T16:26:56","slug":"flussigkeitsring-vakuumpumpen","status":"publish","type":"page","link":"https:\/\/ehrler-beck.com\/pl\/technologie\/technologie-pomp-prozniowych\/pompy-prozniowe-z-pierscieniem-cieczowym-2","title":{"rendered":"pompy pr\u00f3\u017cniowe z pier\u015bcieniem cieczowym"},"content":{"rendered":"<p><div class=\"tiaro-fullwidth fullwidth-box tiaro-builder-row-1 tiaro-flex-container nonhundred-percent-fullwidth non-hundred-percent-height-scrolling\" style=\"--awb-background-position:left center;--awb-border-radius-top-left:0px;--awb-border-radius-top-right:0px;--awb-border-radius-bottom-right:0px;--awb-border-radius-bottom-left:0px;--awb-background-color:rgba(255,255,255,0);\" ><div class=\"tiaro-builder-row tiaro-row tiaro-flex-align-items-flex-start\" style=\"max-width:1404px;margin-left: calc(-4% \/ 2 );margin-right: calc(-4% \/ 2 );\"><div class=\"tiaro-layout-column tiaro_builder_column tiaro-builder-column-0 tiaro_builder_column_5_6 5_6 tiaro-flex-column\" style=\"--awb-bg-size:cover;--awb-width-large:83.333333333333%;--awb-margin-top-large:0px;--awb-spacing-right-large:2.304%;--awb-margin-bottom-large:5px;--awb-spacing-left-large:2.304%;--awb-width-medium:83.333333333333%;--awb-spacing-right-medium:2.304%;--awb-spacing-left-medium:2.304%;--awb-width-small:100%;--awb-spacing-right-small:1.92%;--awb-spacing-left-small:1.92%;\"><div class=\"tiaro-column-wrapper tiaro-flex-justify-content-flex-start tiaro-content-layout-column\"><div class=\"tiaro-text tiaro-text-1\"><h1>PIER\u015aCIENIOWE POMPY PR\u00d3\u017bNIOWE DO CIECZY<\/h1>\n<\/div><\/div><\/div><div class=\"tiaro-layout-column tiaro_builder_column tiaro-builder-column-1 tiaro_builder_column_1_6 1_6 tiaro-flex-column\" style=\"--awb-bg-size:cover;--awb-width-large:16.666666666667%;--awb-margin-top-large:0px;--awb-spacing-right-large:11.52%;--awb-margin-bottom-large:5px;--awb-spacing-left-large:11.52%;--awb-width-medium:16.666666666667%;--awb-spacing-right-medium:11.52%;--awb-spacing-left-medium:11.52%;--awb-width-small:100%;--awb-spacing-right-small:1.92%;--awb-spacing-left-small:1.92%;\"><div class=\"tiaro-column-wrapper tiaro-flex-justify-content-center tiaro-content-layout-column\"><div class=\"tiaro-image-element tiaro-no-small-visibility\" style=\"text-align:center;--awb-caption-title-font-family:var(--h2_typography-font-family);--awb-caption-title-font-weight:var(--h2_typography-font-weight);--awb-caption-title-font-style:var(--h2_typography-font-style);--awb-caption-title-size:var(--h2_typography-font-size);--awb-caption-title-transform:var(--h2_typography-text-transform);--awb-caption-title-line-height:var(--h2_typography-line-height);--awb-caption-title-letter-spacing:var(--h2_typography-letter-spacing);\"><span class=\"tiaro-imageframe imageframe-none imageframe-1 hover-type-none tiaro-no-small-visibility\"><img decoding=\"async\" width=\"100\" height=\"100\" title=\"Ikona technologii pier\u015bcienia cieczy\" src=\"data:image\/svg+xml,%3Csvg%20xmlns%3D%27http%3A%2F%2Fwww.w3.org%2F2000%2Fsvg%27%20width%3D%27100%27%20height%3D%27100%27%20viewBox%3D%270%200%20100%20100%27%3E%3Crect%20width%3D%27100%27%20height%3D%27100%27%20fill-opacity%3D%220%22%2F%3E%3C%2Fsvg%3E\" data-orig-src=\"https:\/\/ehrler-beck.com\/wp-content\/uploads\/2017\/07\/Liquid-Ring-Technology-Icon.png\" alt class=\"lazyload img-responsive wp-image-56\"\/><\/span><\/div><\/div><\/div><div class=\"tiaro-layout-column tiaro_builder_column tiaro-builder-column-2 tiaro_builder_column_1_1 1_1 tiaro-flex-column\" style=\"--awb-bg-color:rgba(255,255,255,0);--awb-bg-position:center center;--awb-bg-size:cover;--awb-width-large:100%;--awb-margin-top-large:0px;--awb-spacing-right-large:1.92%;--awb-margin-bottom-large:5px;--awb-spacing-left-large:1.92%;--awb-width-medium:100%;--awb-spacing-right-medium:1.92%;--awb-spacing-left-medium:1.92%;--awb-width-small:100%;--awb-spacing-right-small:1.92%;--awb-spacing-left-small:1.92%;\"><div class=\"tiaro-column-wrapper tiaro-flex-justify-content-flex-start tiaro-content-layout-column\"><div class=\"tiaro-text tiaro-text-2\"><p><span class=\"intro-text\">Pompy pr\u00f3\u017cniowe z pier\u015bcieniem cieczowym s\u0105 stosowane g\u0142\u00f3wnie w wilgotnych i mokrych procesach roboczych ze wzgl\u0119du na zastosowanie wysokiej jako\u015bci materia\u0142\u00f3w, takich jak stal nierdzewna i ceramika. Ponadto zapewnia to sta\u0142\u0105 funkcjonalno\u015b\u0107 i w\u0142a\u015bciwo\u015bci eksploatacyjne. Te pompy pr\u00f3\u017cniowe s\u0105 bardziej niezawodne ni\u017c pompy modu\u0142owe i znacznie obni\u017caj\u0105 koszty eksploatacji.<\/span><\/p>\n<\/div><\/div><\/div><\/div><\/div><div class=\"tiaro-fullwidth fullwidth-box tiaro-builder-row-2 tiaro-flex-container tiaro-parallax-none nonhundred-percent-fullwidth non-hundred-percent-height-scrolling tiaro-no-small-visibility lazyload\" style=\"--awb-border-radius-top-left:0px;--awb-border-radius-top-right:0px;--awb-border-radius-bottom-right:0px;--awb-border-radius-bottom-left:0px;--awb-background-size:cover;\" data-bg=\"https:\/\/ehrler-beck.com\/wp-content\/uploads\/2017\/07\/Liquid-Ring-Vacuum-Pump-Tehcnology-Background.jpg\" ><div class=\"tiaro-builder-row tiaro-row tiaro-flex-align-items-flex-start\" style=\"max-width:1404px;margin-left: calc(-4% \/ 2 );margin-right: calc(-4% \/ 2 );\"><div class=\"tiaro-layout-column tiaro_builder_column tiaro-builder-column-3 tiaro_builder_column_1_4 1_4 tiaro-flex-column\" style=\"--awb-bg-size:cover;--awb-width-large:25%;--awb-margin-top-large:0px;--awb-spacing-right-large:7.68%;--awb-margin-bottom-large:5px;--awb-spacing-left-large:7.68%;--awb-width-medium:25%;--awb-spacing-right-medium:7.68%;--awb-spacing-left-medium:7.68%;--awb-width-small:100%;--awb-spacing-right-small:1.92%;--awb-spacing-left-small:1.92%;\"><div class=\"tiaro-column-wrapper tiaro-flex-justify-content-flex-start tiaro-content-layout-column\"><div class=\"tiaro-text tiaro-text-3\"><h3>Zalety w skr\u00f3cie<\/h3>\n<ul>\n<li>Niezwykle cichy<\/li>\n<li>Sta\u0142a charakterystyka dzia\u0142ania<\/li>\n<li>Wysoka odporno\u015b\u0107 na \u015bcieranie<\/li>\n<li>Doskona\u0142a odporno\u015b\u0107 na korozj\u0119<\/li>\n<li>Brak depozyt\u00f3w<\/li>\n<\/ul>\n<\/div><\/div><\/div><div class=\"tiaro-layout-column tiaro_builder_column tiaro-builder-column-4 tiaro_builder_column_3_4 3_4 tiaro-flex-column\" style=\"--awb-bg-size:cover;--awb-width-large:75%;--awb-margin-top-large:0px;--awb-spacing-right-large:2.56%;--awb-margin-bottom-large:5px;--awb-spacing-left-large:2.56%;--awb-width-medium:75%;--awb-spacing-right-medium:2.56%;--awb-spacing-left-medium:2.56%;--awb-width-small:100%;--awb-spacing-right-small:1.92%;--awb-spacing-left-small:1.92%;\"><div class=\"tiaro-column-wrapper tiaro-flex-justify-content-flex-start tiaro-content-layout-column\"><div class=\"tiaro-text tiaro-text-4\"><h3>Przyk\u0142ady aplikacji<\/h3>\n<div style=\"float: left; width: 33%;\">\n<h4>Przemys\u0142 spo\u017cywczy \/ luksusowy<\/h4>\n<hr \/>\n<ul style=\"list-style-type: disc;\">\n<li>przemys\u0142 mleczarski<\/li>\n<li>system centralnego odkurzania<\/li>\n<li>systemy filtracji<\/li>\n<li>Odpowietrzanie wody w przemy\u015ble napoj\u00f3w<\/li>\n<li>konserwacja \u017cywno\u015bci<\/li>\n<li>odsalanie wody morskiej<\/li>\n<li>nawil\u017canie tytoniu<\/li>\n<li>produkcja cukru<\/li>\n<\/ul>\n<\/div>\n<div style=\"float: left; width: 33%;\">\n<h4>przemys\u0142 maszyn pakuj\u0105cych<\/h4>\n<hr \/>\n<ul style=\"list-style-type: disc;\">\n<li>maszyny rolkowe<\/li>\n<li>maszyny do nape\u0142niania i zamykania<\/li>\n<li>Nalewanie piwa do butelek PET<\/li>\n<li>maszyny blistrowe<\/li>\n<\/ul>\n<h4>przemys\u0142 ceramiczny i ceglany<\/h4>\n<hr \/>\n<ul style=\"list-style-type: disc;\">\n<li>Odgazowywanie masy ceramicznej<\/li>\n<\/ul>\n<\/div>\n<div style=\"float: right; width: 34%;\">\n<h4>Inne aplikacje<\/h4>\n<hr \/>\n<ul>\n<li>odgazowanie wody<\/li>\n<li>systemy obni\u017cania w\u00f3d gruntowych<\/li>\n<li>suszenie ro\u015blin<\/li>\n<li>Nadmuch powietrza w oczyszczalniach \u015bciek\u00f3w<\/li>\n<li>Ekstrakcja pozosta\u0142o\u015bci olejowych<\/li>\n<li>turbiny i silniki parowe<\/li>\n<li>odsysanie do\u0142u<\/li>\n<li>podnoszenia i przenoszenia<\/li>\n<li>Odparowanie prz\u0119dzy w przemy\u015ble w\u0142\u00f3kienniczym<\/li>\n<\/ul>\n<\/div>\n<\/div><\/div><\/div><\/div><\/div><div class=\"tiaro-fullwidth fullwidth-box tiaro-builder-row-3 tiaro-flex-container nonhundred-percent-fullwidth non-hundred-percent-height-scrolling tiaro-no-medium-visibility tiaro-no-large-visibility\" style=\"--awb-border-radius-top-left:0px;--awb-border-radius-top-right:0px;--awb-border-radius-bottom-right:0px;--awb-border-radius-bottom-left:0px;\" ><div class=\"tiaro-builder-row tiaro-row tiaro-flex-align-items-flex-start\" style=\"max-width:1404px;margin-left: calc(-4% \/ 2 );margin-right: calc(-4% \/ 2 );\"><div class=\"tiaro-layout-column tiaro_builder_column tiaro-builder-column-5 tiaro_builder_column_1_4 1_4 tiaro-flex-column\" style=\"--awb-bg-size:cover;--awb-width-large:25%;--awb-margin-top-large:0px;--awb-spacing-right-large:7.68%;--awb-margin-bottom-large:5px;--awb-spacing-left-large:7.68%;--awb-width-medium:25%;--awb-spacing-right-medium:7.68%;--awb-spacing-left-medium:7.68%;--awb-width-small:100%;--awb-spacing-right-small:1.92%;--awb-spacing-left-small:1.92%;\"><div class=\"tiaro-column-wrapper tiaro-flex-justify-content-flex-start tiaro-content-layout-column\"><div class=\"tiaro-text tiaro-text-5\"><h3>Zalety w skr\u00f3cie<\/h3>\n<ul>\n<li>wyj\u0105tkowo cichy<\/li>\n<li>sp\u00f3jne w\u0142a\u015bciwo\u015bci eksploatacyjne<\/li>\n<li>wysoka odporno\u015b\u0107 na \u015bcieranie<\/li>\n<li>doskona\u0142a odporno\u015b\u0107 na korozj\u0119<\/li>\n<li>\u017cadnych depozyt\u00f3w<\/li>\n<\/ul>\n<\/div><\/div><\/div><div class=\"tiaro-layout-column tiaro_builder_column tiaro-builder-column-6 tiaro_builder_column_3_4 3_4 tiaro-flex-column\" style=\"--awb-bg-size:cover;--awb-width-large:75%;--awb-margin-top-large:0px;--awb-spacing-right-large:2.56%;--awb-margin-bottom-large:5px;--awb-spacing-left-large:2.56%;--awb-width-medium:75%;--awb-spacing-right-medium:2.56%;--awb-spacing-left-medium:2.56%;--awb-width-small:100%;--awb-spacing-right-small:1.92%;--awb-spacing-left-small:1.92%;\"><div class=\"tiaro-column-wrapper tiaro-flex-justify-content-flex-start tiaro-content-layout-column\"><div class=\"tiaro-text tiaro-text-6\"><h3>Przyk\u0142ady aplikacji<\/h3>\n<h4>Przemys\u0142 spo\u017cywczy \/ luksusowy<\/h4>\n<hr \/>\n<ul style=\"list-style-type: disc;\">\n<li>przemys\u0142 mleczarski<\/li>\n<li>system centralnego odkurzania<\/li>\n<li>systemy filtracji<\/li>\n<li>Odpowietrzanie wody w przemy\u015ble napoj\u00f3w<\/li>\n<li>konserwacja \u017cywno\u015bci<\/li>\n<li>odsalanie wody morskiej<\/li>\n<li>nawil\u017canie tytoniu<\/li>\n<li>produkcja cukru<\/li>\n<\/ul>\n<h4>przemys\u0142 maszyn pakuj\u0105cych<\/h4>\n<hr \/>\n<ul style=\"list-style-type: disc;\">\n<li>maszyny rolkowe<\/li>\n<li>maszyny do nape\u0142niania i zamykania<\/li>\n<li>Nalewanie piwa do butelek PET<\/li>\n<li>maszyny blistrowe<\/li>\n<\/ul>\n<h4>przemys\u0142 ceramiczny i ceglany<\/h4>\n<hr \/>\n<ul style=\"list-style-type: disc;\">\n<li>Odgazowywanie masy ceramicznej<\/li>\n<\/ul>\n<h4>Inne aplikacje<\/h4>\n<hr \/>\n<ul>\n<li>odgazowanie wody<\/li>\n<li>systemy obni\u017cania w\u00f3d gruntowych<\/li>\n<li>suszenie ro\u015blin<\/li>\n<li>Nadmuch powietrza w oczyszczalniach \u015bciek\u00f3w<\/li>\n<li>Ekstrakcja pozosta\u0142o\u015bci olejowych<\/li>\n<li>turbiny i silniki parowe<\/li>\n<li>odsysanie do\u0142u<\/li>\n<li>podnoszenia i przenoszenia<\/li>\n<li>Odparowanie prz\u0119dzy w przemy\u015ble w\u0142\u00f3kienniczym<\/li>\n<\/ul>\n<\/div><\/div><\/div><\/div><\/div><div class=\"tiaro-fullwidth fullwidth-box tiaro-builder-row-4 tiaro-flex-container nonhundred-percent-fullwidth non-hundred-percent-height-scrolling\" style=\"--awb-border-radius-top-left:0px;--awb-border-radius-top-right:0px;--awb-border-radius-bottom-right:0px;--awb-border-radius-bottom-left:0px;\" ><div class=\"tiaro-builder-row tiaro-row tiaro-flex-align-items-flex-start\" style=\"max-width:1404px;margin-left: calc(-4% \/ 2 );margin-right: calc(-4% \/ 2 );\"><div class=\"tiaro-layout-column tiaro_builder_column tiaro-builder-column-7 tiaro_builder_column_1_1 1_1 tiaro-flex-column\" style=\"--awb-bg-color:#ffffff;--awb-bg-size:cover;--awb-width-large:100%;--awb-margin-top-large:0px;--awb-spacing-right-large:1.92%;--awb-margin-bottom-large:5px;--awb-spacing-left-large:1.92%;--awb-width-medium:100%;--awb-spacing-right-medium:1.92%;--awb-spacing-left-medium:1.92%;--awb-width-small:100%;--awb-spacing-right-small:1.92%;--awb-spacing-left-small:1.92%;\"><div class=\"tiaro-column-wrapper tiaro-flex-justify-content-flex-start tiaro-content-layout-column\"><div class=\"tiaro-title title tiaro-title-1 tiaro-sep-none tiaro-title-text tiaro-title-size-two\"><h2 class=\"title-heading-left tiaro-responsive-typography-calculated\" style=\"margin:0;--fontSize:24;line-height:1.5;\">Zasada dzia\u0142ania<\/h2><\/div><\/div><\/div><div class=\"tiaro-layout-column tiaro_builder_column tiaro-builder-column-8 tiaro_builder_column_1_3 1_3 tiaro-flex-column\" style=\"--awb-bg-size:cover;--awb-width-large:33.333333333333%;--awb-margin-top-large:0px;--awb-spacing-right-large:5.76%;--awb-margin-bottom-large:5px;--awb-spacing-left-large:5.76%;--awb-width-medium:33.333333333333%;--awb-spacing-right-medium:5.76%;--awb-spacing-left-medium:5.76%;--awb-width-small:100%;--awb-spacing-right-small:1.92%;--awb-spacing-left-small:1.92%;\"><div class=\"tiaro-column-wrapper tiaro-flex-justify-content-flex-start tiaro-content-layout-column\"><a class=\"awb-lightbox awb-lightbox-1\" href=\"https:\/\/ehrler-beck.com\/wp-content\/uploads\/2017\/07\/Liquid-Ring-Technology-Operating-Principle.jpg\" data-caption=\"Generalized and Simplified Diagram\" data-rel=\"iLightbox\"><img class=\"lazyload\" decoding=\"async\" src=\"data:image\/svg+xml,%3Csvg%20xmlns%3D%27http%3A%2F%2Fwww.w3.org%2F2000%2Fsvg%27%20width%3D%27300%27%20height%3D%27211%27%20viewBox%3D%270%200%20300%20211%27%3E%3Crect%20width%3D%27300%27%20height%3D%27211%27%20fill-opacity%3D%220%22%2F%3E%3C%2Fsvg%3E\" data-orig-src=\"https:\/\/ehrler-beck.com\/wp-content\/uploads\/2017\/07\/Liquid-Ring-Technology-Operating-Principle-300x211.jpg\"><\/a><\/div><\/div><div class=\"tiaro-layout-column tiaro_builder_column tiaro-builder-column-9 tiaro_builder_column_2_3 2_3 tiaro-flex-column\" style=\"--awb-bg-color:#ffffff;--awb-bg-size:cover;--awb-width-large:66.666666666667%;--awb-margin-top-large:0px;--awb-spacing-right-large:2.88%;--awb-margin-bottom-large:5px;--awb-spacing-left-large:2.88%;--awb-width-medium:66.666666666667%;--awb-spacing-right-medium:2.88%;--awb-spacing-left-medium:2.88%;--awb-width-small:100%;--awb-spacing-right-small:1.92%;--awb-spacing-left-small:1.92%;\"><div class=\"tiaro-column-wrapper tiaro-flex-justify-content-flex-start tiaro-content-layout-column\"><div class=\"tiaro-text tiaro-text-7\"><p><span style=\"font-size: 10pt;\">Jedyn\u0105 ruchom\u0105 cz\u0119\u015bci\u0105 wewn\u0105trz pompy pr\u00f3\u017cniowej z pier\u015bcieniem cieczowym jest mimo\u015brodowo zamontowany wirnik (<span class=\"color-primary\">A<\/span>), kt\u00f3ra porusza si\u0119 bez kontaktu wewn\u0105trz obudowy pompy (<span class=\"color-primary\">C<\/span>) obraca si\u0119. Pier\u015bcie\u0144 cieczy roboczej (<span class=\"color-primary\">F<\/span>) uszczelnia \u0142opatki wirnika (<span class=\"color-primary\">B<\/span>) mi\u0119dzy sob\u0105. Gaz dociera do ogniw \u0142opatkowych przez szczelin\u0119 ss\u0105c\u0105 (<span class=\"color-primary\">mi<\/span>). Aby utrzyma\u0107 stabilno\u015b\u0107 pier\u015bcienia cieczowego z gazem, ciecz jest w spos\u00f3b ci\u0105g\u0142y zasysana do komory ss\u0105cej i podawana przez szczeliny ci\u015bnieniowe (<span class=\"color-primary\">D<\/span>) ponownie wydalony. Dzi\u0119ki mimo\u015brodowemu ustawieniu wirnika gaz spr\u0119\u017cany jest w ci\u0105gu jednego pe\u0142nego obrotu, czyli do komory pomi\u0119dzy \u0142opatkami (<span class=\"color-primary\">B<\/span>) k\u00f3\u0142. Ciecz musi by\u0107 stale dostarczana do pomp, aby zapewni\u0107 stabiln\u0105 prac\u0119. Z tego powodu pompy pr\u00f3\u017cniowe z pier\u015bcieniem cieczowym serii L-BL \/ L-BV s\u0105 standardowo wyposa\u017cone jako rozwi\u0105zanie systemowe w jednostki cyrkulacyjne, przez kt\u00f3re ciecz robocza odprowadzana po stronie ci\u015bnieniowej jest doprowadzana z powrotem do pompy. Dzi\u0119ki temu pompa mo\u017ce pracowa\u0107 przy znacznie zmniejszonym dop\u0142ywie cieczy.<\/span><\/p>\n<p><span style=\"font-size: 8pt;\">*Opis nie uwzgl\u0119dnia podej\u015bcia ka\u017cdego producenta do technologii, ale stanowi og\u00f3lny opis, kt\u00f3ry stara si\u0119 uwzgl\u0119dni\u0107 podstawow\u0105 zasad\u0119 dzia\u0142ania.<\/span><\/p>\n<\/div><\/div><\/div><\/div><\/div><div class=\"tiaro-fullwidth fullwidth-box tiaro-builder-row-5 tiaro-flex-container hundred-percent-fullwidth non-hundred-percent-height-scrolling\" style=\"--awb-border-radius-top-left:0px;--awb-border-radius-top-right:0px;--awb-border-radius-bottom-right:0px;--awb-border-radius-bottom-left:0px;--awb-padding-right:0px;--awb-padding-left:0px;\" ><div class=\"tiaro-builder-row tiaro-row tiaro-flex-align-items-flex-start\" style=\"width:104% !important;max-width:104% !important;margin-left: calc(-4% \/ 2 );margin-right: calc(-4% \/ 2 );\"><div class=\"tiaro-layout-column tiaro_builder_column tiaro-builder-column-10 tiaro_builder_column_1_1 1_1 tiaro-flex-column\" style=\"--awb-padding-top:20px;--awb-bg-color:#efefef;--awb-bg-size:cover;--awb-width-large:100%;--awb-margin-top-large:0px;--awb-spacing-right-large:1.92%;--awb-margin-bottom-large:0px;--awb-spacing-left-large:1.92%;--awb-width-medium:100%;--awb-spacing-right-medium:1.92%;--awb-spacing-left-medium:1.92%;--awb-width-small:100%;--awb-spacing-right-small:1.92%;--awb-spacing-left-small:1.92%;\"><div class=\"tiaro-column-wrapper tiaro-flex-justify-content-flex-start tiaro-content-layout-column\"><div class=\"tiaro-text tiaro-text-8\"><p style=\"text-align: center;\"><span class=\"color-primary\" style=\"font-size: 18pt;\">PROGRAM DOSTAW FIRMY EHRLER &amp; BECK OBEJMUJE NAST\u0118PUJ\u0104CE SERIE:<\/span><\/p>\n<\/div><\/div><\/div><\/div><\/div><div class=\"tiaro-fullwidth fullwidth-box tiaro-builder-row-6 tiaro-flex-container nonhundred-percent-fullwidth non-hundred-percent-height-scrolling\" style=\"--awb-border-radius-top-left:0px;--awb-border-radius-top-right:0px;--awb-border-radius-bottom-right:0px;--awb-border-radius-bottom-left:0px;--awb-margin-top:40px;\" ><div class=\"tiaro-builder-row tiaro-row tiaro-flex-align-items-flex-start\" style=\"max-width:1404px;margin-left: calc(-4% \/ 2 );margin-right: calc(-4% \/ 2 );\"><div class=\"tiaro-layout-column tiaro_builder_column tiaro-builder-column-11 tiaro_builder_column_1_2 1_2 tiaro-flex-column tiaro-column-inner-bg-wrapper\" style=\"--awb-padding-top:315px;--awb-inner-bg-position:center center;--awb-inner-bg-size:cover;--awb-border-color:#00b3a7;--awb-border-top:1px;--awb-border-right:1px;--awb-border-bottom:1px;--awb-border-left:1px;--awb-border-style:solid;--awb-width-large:50%;--awb-margin-top-large:0px;--awb-spacing-right-large:1.92%;--awb-margin-bottom-large:2%;--awb-spacing-left-large:3.84%;--awb-width-medium:50%;--awb-order-medium:0;--awb-spacing-right-medium:1.92%;--awb-spacing-left-medium:3.84%;--awb-width-small:100%;--awb-order-small:0;--awb-spacing-right-small:1.92%;--awb-spacing-left-small:1.92%;\"><span class=\"tiaro-column-inner-bg hover-type-zoomin\"><a class=\"tiaro-column-anchor\" href=\"https:\/\/ehrler-beck.com\/pl\/produkty-2\/pompy-prozniowe\/pompy-prozniowe-z-pierscieniem-cieczowym\/pompy-prozniowe-serii-lrp-vsd\/\"><span class=\"tiaro-column-inner-bg-image lazyload\" data-bg=\"https:\/\/ehrler-beck.com\/wp-content\/uploads\/2021\/01\/LRP-VSD-Serie-1024x595.jpg\"><\/span><\/a><\/span><div class=\"tiaro-column-wrapper tiaro-column-has-shadow tiaro-flex-justify-content-flex-start tiaro-content-layout-column\" data-bg-url=\"https:\/\/ehrler-beck.com\/wp-content\/uploads\/2021\/01\/LRP-VSD-Serie-1024x595.jpg\"><div class=\"tiaro-text tiaro-text-9\"><h2 style=\"text-align: right; background-color: #e2e2e2e3; padding-top: 15px; padding-right: 15px; padding-bottom: 15px; margin-left: 10%; border-radius: 50px 0px 0px 0px; margin-bottom: 0px;\">SERIA LRP VSD+ <span style=\"font-size: 14pt;\">(Atlas Copco)<\/span><\/h2>\n<\/div><\/div><\/div><div class=\"tiaro-layout-column tiaro_builder_column tiaro-builder-column-12 tiaro_builder_column_1_2 1_2 tiaro-flex-column tiaro-column-inner-bg-wrapper\" style=\"--awb-padding-top:315px;--awb-inner-bg-position:center center;--awb-inner-bg-size:cover;--awb-border-color:#00b3a7;--awb-border-top:1px;--awb-border-right:1px;--awb-border-bottom:1px;--awb-border-left:1px;--awb-border-style:solid;--awb-width-large:50%;--awb-margin-top-large:0px;--awb-spacing-right-large:3.84%;--awb-margin-bottom-large:2%;--awb-spacing-left-large:1.92%;--awb-width-medium:50%;--awb-order-medium:0;--awb-spacing-right-medium:3.84%;--awb-spacing-left-medium:1.92%;--awb-width-small:100%;--awb-order-small:0;--awb-spacing-right-small:1.92%;--awb-spacing-left-small:1.92%;\"><span class=\"tiaro-column-inner-bg hover-type-zoomin\"><a class=\"tiaro-column-anchor\" href=\"https:\/\/ehrler-beck.com\/pl\/produkty-2\/pompy-prozniowe\/pompy-prozniowe-z-pierscieniem-cieczowym\/pompy-prozniowe-serii-delfin\/\"><span class=\"tiaro-column-inner-bg-image lazyload\" data-bg=\"https:\/\/ehrler-beck.com\/wp-content\/uploads\/2022\/05\/dolphin-Fluessigkeitsring-Vakuumpumpe.jpg\"><\/span><\/a><\/span><div class=\"tiaro-column-wrapper tiaro-column-has-shadow tiaro-flex-justify-content-flex-start tiaro-content-layout-column\" data-bg-url=\"https:\/\/ehrler-beck.com\/wp-content\/uploads\/2022\/05\/dolphin-Fluessigkeitsring-Vakuumpumpe.jpg\"><div class=\"tiaro-text tiaro-text-10\"><h2 style=\"text-align: right; background-color: #e2e2e2e3; padding-top: 15px; padding-right: 15px; padding-bottom: 15px; margin-left: 10%; border-radius: 50px 0px 0px 0px; margin-bottom: 0px;\">Seria DOLFINY <span style=\"font-size: 14pt;\">(Krzak)<\/span><\/h2>\n<\/div><\/div><\/div><div class=\"tiaro-layout-column tiaro_builder_column tiaro-builder-column-13 tiaro_builder_column_1_2 1_2 tiaro-flex-column tiaro-column-inner-bg-wrapper\" style=\"--awb-padding-top:315px;--awb-inner-bg-position:center center;--awb-inner-bg-size:cover;--awb-border-color:#00b3a7;--awb-border-top:1px;--awb-border-right:1px;--awb-border-bottom:1px;--awb-border-left:1px;--awb-border-style:solid;--awb-width-large:50%;--awb-margin-top-large:0px;--awb-spacing-right-large:1.92%;--awb-margin-bottom-large:2%;--awb-spacing-left-large:3.84%;--awb-width-medium:50%;--awb-order-medium:0;--awb-spacing-right-medium:1.92%;--awb-spacing-left-medium:3.84%;--awb-width-small:100%;--awb-order-small:0;--awb-spacing-right-small:1.92%;--awb-spacing-left-small:1.92%;\"><span class=\"tiaro-column-inner-bg hover-type-zoomin\"><a class=\"tiaro-column-anchor\" href=\"https:\/\/ehrler-beck.com\/pl\/produkty-2\/pompy-prozniowe\/pompy-prozniowe-z-pierscieniem-cieczowym\/seria-pomp-prozniowych-z-pierscieniem-cieczowym-elri\/\"><span class=\"tiaro-column-inner-bg-image lazyload\" data-bg=\"https:\/\/ehrler-beck.com\/wp-content\/uploads\/2022\/05\/ELRi-Fluessigkeitsring-Vakuumpumpen-Serie.jpg\"><\/span><\/a><\/span><div class=\"tiaro-column-wrapper tiaro-column-has-shadow tiaro-flex-justify-content-flex-start tiaro-content-layout-column\" data-bg-url=\"https:\/\/ehrler-beck.com\/wp-content\/uploads\/2022\/05\/ELRi-Fluessigkeitsring-Vakuumpumpen-Serie.jpg\"><div class=\"tiaro-text tiaro-text-11\"><h2 style=\"text-align: right; background-color: #e2e2e2e3; padding-top: 15px; padding-right: 15px; padding-bottom: 15px; margin-left: 10%; border-radius: 50px 0px 0px 0px; margin-bottom: 0px;\">Seria ELRi <span style=\"font-size: 14pt;\">(Edwards)<\/span><\/h2>\n<\/div><\/div><\/div><div class=\"tiaro-layout-column tiaro_builder_column tiaro-builder-column-14 tiaro_builder_column_1_2 1_2 tiaro-flex-column tiaro-column-inner-bg-wrapper\" style=\"--awb-padding-top:315px;--awb-inner-bg-position:center center;--awb-inner-bg-size:cover;--awb-border-color:#00b3a7;--awb-border-top:1px;--awb-border-right:1px;--awb-border-bottom:1px;--awb-border-left:1px;--awb-border-style:solid;--awb-width-large:50%;--awb-margin-top-large:0px;--awb-spacing-right-large:3.84%;--awb-margin-bottom-large:2%;--awb-spacing-left-large:1.92%;--awb-width-medium:50%;--awb-order-medium:0;--awb-spacing-right-medium:3.84%;--awb-spacing-left-medium:1.92%;--awb-width-small:100%;--awb-order-small:0;--awb-spacing-right-small:1.92%;--awb-spacing-left-small:1.92%;\"><span class=\"tiaro-column-inner-bg hover-type-zoomin\"><a class=\"tiaro-column-anchor\" href=\"https:\/\/ehrler-beck.com\/pl\/produkty-2\/pompy-prozniowe\/pompy-prozniowe-z-pierscieniem-cieczowym\/seria-l-bl-l-bv\/\"><span class=\"tiaro-column-inner-bg-image lazyload\" data-bg=\"https:\/\/ehrler-beck.com\/wp-content\/uploads\/2022\/04\/L-Serie-Fluessigkeitsring-Vakuumpumpe.jpg\"><\/span><\/a><\/span><div class=\"tiaro-column-wrapper tiaro-column-has-shadow tiaro-flex-justify-content-flex-start tiaro-content-layout-column\" data-bg-url=\"https:\/\/ehrler-beck.com\/wp-content\/uploads\/2022\/04\/L-Serie-Fluessigkeitsring-Vakuumpumpe.jpg\"><div class=\"tiaro-text tiaro-text-12\"><h2 style=\"text-align: right; background-color: #e2e2e2e3; padding-top: 15px; padding-right: 15px; padding-bottom: 15px; margin-left: 10%; border-radius: 50px 0px 0px 0px; margin-bottom: 0px;\">Seria L <span style=\"font-size: 14pt;\">(Elmo Rietschle)<\/span><\/h2>\n<\/div><\/div><\/div><\/div><\/div><\/p>","protected":false},"excerpt":{"rendered":"","protected":false},"author":1,"featured_media":0,"parent":84,"menu_order":0,"comment_status":"closed","ping_status":"closed","template":"100-width.php","meta":{"footnotes":""},"class_list":["post-203","page","type-page","status-publish","hentry"],"acf":[],"_links":{"self":[{"href":"https:\/\/ehrler-beck.com\/pl\/wp-json\/wp\/v2\/pages\/203","targetHints":{"allow":["GET"]}}],"collection":[{"href":"https:\/\/ehrler-beck.com\/pl\/wp-json\/wp\/v2\/pages"}],"about":[{"href":"https:\/\/ehrler-beck.com\/pl\/wp-json\/wp\/v2\/types\/page"}],"author":[{"embeddable":true,"href":"https:\/\/ehrler-beck.com\/pl\/wp-json\/wp\/v2\/users\/1"}],"replies":[{"embeddable":true,"href":"https:\/\/ehrler-beck.com\/pl\/wp-json\/wp\/v2\/comments?post=203"}],"version-history":[{"count":5,"href":"https:\/\/ehrler-beck.com\/pl\/wp-json\/wp\/v2\/pages\/203\/revisions"}],"predecessor-version":[{"id":63389,"href":"https:\/\/ehrler-beck.com\/pl\/wp-json\/wp\/v2\/pages\/203\/revisions\/63389"}],"up":[{"embeddable":true,"href":"https:\/\/ehrler-beck.com\/pl\/wp-json\/wp\/v2\/pages\/84"}],"wp:attachment":[{"href":"https:\/\/ehrler-beck.com\/pl\/wp-json\/wp\/v2\/media?parent=203"}],"curies":[{"name":"wp","href":"https:\/\/api.w.org\/{rel}","templated":true}]}}