{"id":11467,"date":"2018-05-15T12:26:01","date_gmt":"2018-05-15T10:26:01","guid":{"rendered":"https:\/\/ehrler-beck.com\/privacy-policy"},"modified":"2024-08-09T13:32:31","modified_gmt":"2024-08-09T11:32:31","slug":"datenschutz-bestimmungen","status":"publish","type":"page","link":"https:\/\/ehrler-beck.com\/pl\/polityka-prywatnosci","title":{"rendered":"Polityka prywatno\u015bci"},"content":{"rendered":"<p><div class=\"tiaro-fullwidth fullwidth-box tiaro-builder-row-1 tiaro-flex-container nonhundred-percent-fullwidth non-hundred-percent-height-scrolling\" style=\"--awb-border-radius-top-left:0px;--awb-border-radius-top-right:0px;--awb-border-radius-bottom-right:0px;--awb-border-radius-bottom-left:0px;\" ><div class=\"tiaro-builder-row tiaro-row tiaro-flex-align-items-flex-start\" style=\"max-width:1404px;margin-left: calc(-4% \/ 2 );margin-right: calc(-4% \/ 2 );\"><div class=\"tiaro-layout-column tiaro_builder_column tiaro-builder-column-0 tiaro_builder_column_1_1 1_1 tiaro-flex-column\" style=\"--awb-bg-size:cover;--awb-width-large:100%;--awb-margin-top-large:0px;--awb-spacing-right-large:1.92%;--awb-margin-bottom-large:0px;--awb-spacing-left-large:1.92%;--awb-width-medium:100%;--awb-spacing-right-medium:1.92%;--awb-spacing-left-medium:1.92%;--awb-width-small:100%;--awb-spacing-right-small:1.92%;--awb-spacing-left-small:1.92%;\"><div class=\"tiaro-column-wrapper tiaro-flex-justify-content-flex-start tiaro-content-layout-column\"><div class=\"tiaro-text tiaro-text-1\"><p>W Ehrler &amp; Beck cieszymy si\u0119, \u017ce odwiedzasz nasz\u0105 stron\u0119 internetow\u0105 i \u017ce jeste\u015b zainteresowany nasz\u0105 firm\u0105 oraz oferowanymi przez nas produktami i us\u0142ugami. Ehrler &amp; Beck przestrzega przepis\u00f3w Federalnej Ustawy o Ochronie Danych Osobowych, zgodnie z kt\u00f3rymi maj\u0105 Pa\u0144stwo prawo do bezp\u0142atnej informacji o przechowywanych przez nas Pa\u0144stwa danych i ich wykorzystaniu oraz, pod pewnymi warunkami, prawo do poprawiania, blokowania lub usuwania Pa\u0144stwa danych. Skontaktuj si\u0119 w tej sprawie z naszym inspektorem ochrony danych <a href=\"mailto:privacy.officer@tiaro.eu\">privacy.officer@tiaro.eu<\/a><\/p>\n<p><strong><span class=\"intro-primary\">Ehrler &amp; Beck technologia pr\u00f3\u017cni i spr\u0119\u017conego powietrza GmbH<\/span><\/strong><\/p>\n<\/div><div class=\"tiaro-text tiaro-text-2\"><p style=\"text-align: right;\"><em>Ostatnia aktualizacja: 9 sierpnia 2024 r<\/em><\/p>\n<\/div><\/div><\/div><div class=\"tiaro-layout-column tiaro_builder_column tiaro-builder-column-1 tiaro_builder_column_1_3 1_3 tiaro-flex-column\" style=\"--awb-bg-size:cover;--awb-width-large:33.333333333333%;--awb-margin-top-large:0px;--awb-spacing-right-large:3.84%;--awb-margin-bottom-large:0px;--awb-spacing-left-large:5.76%;--awb-width-medium:33.333333333333%;--awb-spacing-right-medium:3.84%;--awb-spacing-left-medium:5.76%;--awb-width-small:100%;--awb-spacing-right-small:1.92%;--awb-spacing-left-small:1.92%;\"><div class=\"tiaro-column-wrapper tiaro-flex-justify-content-flex-start tiaro-content-layout-column\"><div class=\"tiaro-text tiaro-text-3\"><p><strong>adres<\/strong>:<br \/>\nPrzemys\u0142owastr. 16<br \/>\nD-71272, Renningen<br \/>\nNiemcy<\/p>\n<p><strong>Dyrektor Zarz\u0105dzaj\u0105cy<\/strong>: Dennis Schroeder<\/p>\n<p><strong>rejestr handlowy<\/strong>:<\/p>\n<p style=\"padding-left: 30px;\">S\u0105d Okr\u0119gowy w Stuttgarcie<br \/>\nHRB 251776 S\u0105d Rejonowy w Leonbergu<\/p>\n<p><strong>Numer rejestracyjny VAT<\/strong>: DE145998269<\/p>\n<\/div><\/div><\/div><div class=\"tiaro-layout-column tiaro_builder_column tiaro-builder-column-2 tiaro_builder_column_1_3 1_3 tiaro-flex-column\" style=\"--awb-bg-size:cover;--awb-width-large:33.333333333333%;--awb-margin-top-large:0px;--awb-spacing-right-large:5.76%;--awb-margin-bottom-large:0px;--awb-spacing-left-large:3.84%;--awb-width-medium:33.333333333333%;--awb-spacing-right-medium:5.76%;--awb-spacing-left-medium:3.84%;--awb-width-small:100%;--awb-spacing-right-small:1.92%;--awb-spacing-left-small:1.92%;\"><div class=\"tiaro-column-wrapper tiaro-flex-justify-content-flex-start tiaro-content-layout-column\"><div class=\"tiaro-text tiaro-text-4\"><p><strong>informacje kontaktowe<\/strong>:<\/p>\n<p><strong>telefon<\/strong>: +49 (0) 7159 \/ 4085-0<\/p>\n<p><strong>faks<\/strong>: +49 (0) 7159 \/ 4085-85<\/p>\n<p><strong>E-mail<\/strong>: info@ehrler-beck.com<\/p>\n<\/div><\/div><\/div><\/div><\/div><div class=\"tiaro-fullwidth fullwidth-box tiaro-builder-row-2 tiaro-flex-container has-pattern-background has-mask-background nonhundred-percent-fullwidth non-hundred-percent-height-scrolling\" style=\"--awb-border-radius-top-left:0px;--awb-border-radius-top-right:0px;--awb-border-radius-bottom-right:0px;--awb-border-radius-bottom-left:0px;\" ><div class=\"tiaro-builder-row tiaro-row tiaro-flex-align-items-flex-start\" style=\"max-width:1404px;margin-left: calc(-4% \/ 2 );margin-right: calc(-4% \/ 2 );\"><div class=\"tiaro-layout-column tiaro_builder_column tiaro-builder-column-3 tiaro_builder_column_1_1 1_1 tiaro-flex-column\" style=\"--awb-bg-size:cover;--awb-width-large:100%;--awb-margin-top-large:0px;--awb-spacing-right-large:1.92%;--awb-margin-bottom-large:5px;--awb-spacing-left-large:1.92%;--awb-width-medium:100%;--awb-order-medium:0;--awb-spacing-right-medium:1.92%;--awb-spacing-left-medium:1.92%;--awb-width-small:100%;--awb-order-small:0;--awb-spacing-right-small:1.92%;--awb-spacing-left-small:1.92%;\"><div class=\"tiaro-column-wrapper tiaro-column-has-shadow tiaro-flex-justify-content-flex-start tiaro-content-layout-column\"><div class=\"tiaro-text tiaro-text-5\"><h1>Informacja o ochronie prywatno\u015bci<\/h1>\n<p>Og\u00f3lne o\u015bwiadczenie o ochronie danych<\/p>\n<h2>wst\u0119p<\/h2>\n<p>Nasza grupa sp\u00f3\u0142ek szanuje Twoj\u0105 prywatno\u015b\u0107 i zobowi\u0105zuje si\u0119 do ochrony Twoich danych osobowych zgodnie z uczciwymi praktykami informacyjnymi i obowi\u0105zuj\u0105cymi przepisami o ochronie danych.<\/p>\n<p>Niniejsza Informacja o ochronie prywatno\u015bci wyja\u015bnia, w jaki spos\u00f3b my i nasze firmy gromadzimy, wykorzystujemy i udost\u0119pniamy dane osobowe, kt\u00f3re nam przekazujesz lub kt\u00f3re w inny spos\u00f3b otrzymujemy lub generujemy (\u201eDane osobowe\u201d).<\/p>\n<p>&nbsp;<\/p>\n<h2>szereg zastosowa\u0144<\/h2>\n<p>Dane osobowe to wszelkie informacje dotycz\u0105ce zidentyfikowanej lub mo\u017cliwej do zidentyfikowania osoby fizycznej (\u201eosoby, kt\u00f3rej dane dotycz\u0105\u201d). Mo\u017cliwa do zidentyfikowania osoba fizyczna to osoba, kt\u00f3r\u0105 mo\u017cna bezpo\u015brednio lub po\u015brednio zidentyfikowa\u0107, w szczeg\u00f3lno\u015bci na podstawie identyfikatora takiego jak imi\u0119 i nazwisko, numer identyfikacyjny, dane o lokalizacji, identyfikator internetowy lub jeden b\u0105d\u017a kilka szczeg\u00f3lnych czynnik\u00f3w okre\u015blaj\u0105cych cechy fizyczne, fizjologiczne, genetyczne, psychicznej, ekonomicznej, kulturowej lub spo\u0142ecznej to\u017csamo\u015bci tej osoby fizycznej.<\/p>\n<p>Niniejsza informacja o ochronie prywatno\u015bci dotyczy danych osobowych, kt\u00f3re otrzymujemy w ramach naszej normalnej dzia\u0142alno\u015bci biznesowej, zar\u00f3wno online, jak i offline, tj. gromadzenia w zwi\u0105zku ze sprzeda\u017c\u0105 i marketingiem, zaanga\u017cowaniem partner\u00f3w i dostawc\u00f3w oraz relacjami z inwestorami. Niniejsza informacja o ochronie prywatno\u015bci nie ma zastosowania do danych osobowych uzyskanych za po\u015brednictwem naszej witryny kariery; podlega to polityce prywatno\u015bci dla kandydat\u00f3w.<\/p>\n<p>&nbsp;<\/p>\n<h2>administrator danych<\/h2>\n<p>Administratorem danych w odniesieniu do Twoich danych jest sp\u00f3\u0142ka z naszej grupy, kt\u00f3ra pierwotnie zebra\u0142a Twoje dane oraz okre\u015bli\u0142a cele i sposoby wykorzystania Twoich danych.<\/p>\n<p>Je\u015bli chcesz wiedzie\u0107, kto jest odpowiednim administratorem danych lub masz inne pytania dotycz\u0105ce Twoich danych, skontaktuj si\u0119 z naszym Specjalist\u0105 ds. Prywatno\u015bci pod poni\u017cszym adresem e-mail.<\/p>\n<h2><\/h2>\n<h2>Odbiorcy danych osobowych<\/h2>\n<ul type=\"disc\">\n<li><strong>W domu:<\/strong>\u00a0Funkcje biznesowe, kt\u00f3re wymagaj\u0105 dost\u0119pu do Twoich danych w celu wype\u0142nienia naszych zobowi\u0105za\u0144 umownych i prawnych (np. sprzeda\u017c, ksi\u0119gowo\u015b\u0107, operacje, prawne) lub w celu realizacji naszych uzasadnionych interes\u00f3w (np. marketing).<\/li>\n<li><strong>Trzeci:<\/strong>\u00a0Mo\u017cemy korzysta\u0107 z us\u0142ug stron trzecich w celu \u015bwiadczenia us\u0142ug i funkcjonalno\u015bci w naszym imieniu. Mo\u017cemy przekazywa\u0107 dane osobowe tym stronom trzecim w celu wykonywania tych us\u0142ug i funkcji. Przetwarzanie tych danych osobowych odbywa si\u0119 zgodnie z naszymi instrukcjami i jest zgodne z pierwotnymi celami.<\/li>\n<li><strong>wymagane prawnie:<\/strong>\u00a0Mo\u017cemy r\u00f3wnie\u017c przekazywa\u0107 dane osobowe organom publicznym lub s\u0105dowym, organom \u015bcigania i organom regulacyjnym, je\u015bli jest to wymagane przez prawo. Obejmuje to r\u00f3wnie\u017c przestrzeganie przepis\u00f3w dotycz\u0105cych bezpiecze\u0144stwa narodowego i egzekwowania prawa, a tak\u017ce w\u0142adz i s\u0105d\u00f3w w krajach, w kt\u00f3rych prowadzimy dzia\u0142alno\u015b\u0107. W zakresie dozwolonym przez prawo mo\u017cemy r\u00f3wnie\u017c ujawni\u0107 dane osobowe stronom trzecim (w tym radcom prawnym), je\u015bli jest to konieczne do ustalenia, dochodzenia lub obrony roszcze\u0144 prawnych lub w celu innego egzekwowania naszych praw, ochrony naszej w\u0142asno\u015bci lub praw, w\u0142asno\u015bci lub bezpiecze\u0144stwa innych lub wymagane do wspierania funkcji audytu zewn\u0119trznego, zgodno\u015bci i \u0142adu korporacyjnego.<\/li>\n<li><strong>Fuzje i przej\u0119cia:<\/strong>\u00a0Dane osobowe mog\u0105 zosta\u0107 przekazane stronie przejmuj\u0105cej ca\u0142o\u015b\u0107 lub cz\u0119\u015b\u0107 kapita\u0142u, aktyw\u00f3w lub operacji sp\u00f3\u0142ki Grupy w przypadku sprzeda\u017cy, fuzji, likwidacji, rozwi\u0105zania lub innej czynno\u015bci.<\/li>\n<li><strong>Filie:<\/strong>\u00a0Mo\u017cemy r\u00f3wnie\u017c przekazywa\u0107 i udost\u0119pnia\u0107 informacje naszym podmiotom stowarzyszonym zgodnie z obowi\u0105zuj\u0105cymi przepisami prawa.<\/li>\n<\/ul>\n<h2>Przelewy mi\u0119dzynarodowe<\/h2>\n<p>Poniewa\u017c jeste\u015bmy mi\u0119dzynarodow\u0105 grup\u0105 firm posiadaj\u0105c\u0105 firmy i biura w r\u00f3\u017cnych krajach, mo\u017cemy przekazywa\u0107 Twoje dane osobowe z jednej firmy do drugiej lub z jednego kraju do drugiego, aby osi\u0105gn\u0105\u0107 cele okre\u015blone powy\u017cej. B\u0119dziemy udost\u0119pnia\u0107 Twoje dane osobowe zgodnie z obowi\u0105zuj\u0105cym prawem i tylko w zakresie niezb\u0119dnym do cel\u00f3w okre\u015blonych powy\u017cej. W ramach naszej grupy sp\u00f3\u0142ek przekazywanie danych osobowych odbywa si\u0119 na podstawie tych samych przepis\u00f3w i na tym samym wysokim poziomie bezpiecze\u0144stwa. W razie potrzeby zawarte zostan\u0105 umowy powierzenia przetwarzania danych w celu zapewnienia niezb\u0119dnego poziomu ochrony danych.<\/p>\n<p>Korzystamy z odpowiednich, zgodnych z prawem proces\u00f3w, aby przekazywa\u0107 dane osobowe ponad granicami pa\u0144stwowymi w ramach zgodnych z prawem. Je\u015bli polegamy na standardowych klauzulach umownych (znanych r\u00f3wnie\u017c jako klauzule wzorcowe) w celu u\u0142atwienia tego udost\u0119pniania, b\u0119dziemy przestrzega\u0107 warunk\u00f3w tych klauzul, nawet je\u015bli te warunki i niniejsze powiadomienie s\u0105 sprzeczne.<\/p>\n<p>Nie b\u0119dziemy sprzedawa\u0107 ani w inny spos\u00f3b przekazywa\u0107 Twoich danych osobowych poza nasz\u0105 grup\u0119 firm, z wyj\u0105tkiem:<\/p>\n<ul type=\"disc\">\n<li>Us\u0142ugodawcom, kt\u00f3rzy wykonuj\u0105 us\u0142ugi w naszym imieniu. Udost\u0119pniamy Twoje dane osobowe wy\u0142\u0105cznie us\u0142ugodawcom, do kt\u00f3rych zobowi\u0105zali\u015bmy si\u0119 umownie, \u017ce nie przetwarzaj\u0105 ani nie udost\u0119pniaj\u0105 tych informacji, z wyj\u0105tkiem \u015bwiadczenia us\u0142ug dla nas lub wype\u0142niania zobowi\u0105za\u0144 prawnych;<\/li>\n<li>w celu wype\u0142nienia zobowi\u0105za\u0144 prawnych, w tym mi\u0119dzy innymi odpowiadania na \u017c\u0105dania organ\u00f3w \u015bcigania lub innych rz\u0105dowych organ\u00f3w regulacyjnych;<\/li>\n<li>w celu zbadania podejrzewanej lub faktycznej nielegalnej dzia\u0142alno\u015bci;<\/li>\n<li>aby zapobiec obra\u017ceniom cia\u0142a lub stratom finansowym; Lub<\/li>\n<li>w celu wsparcia sprzeda\u017cy naszej firmy lub przeniesienia cz\u0119\u015bci lub ca\u0142o\u015bci naszej dzia\u0142alno\u015bci lub aktyw\u00f3w (w tym w przypadku bankructwa).<\/li>\n<\/ul>\n<h2>sk\u0142adowanie<\/h2>\n<p>Przechowujemy Twoje dane osobowe tak d\u0142ugo, jak d\u0142ugo utrzymujemy z Tob\u0105 relacje lub jak jest to konieczne do osi\u0105gni\u0119cia celu, dla kt\u00f3rego zosta\u0142y zebrane, zazwyczaj na czas trwania stosunku umownego i przez okres po jego zako\u0144czeniu, je\u015bli jest to wymagane przez prawo lub dozwolone przez obowi\u0105zuj\u0105ce prawo.<\/p>\n<p>&nbsp;<\/p>\n<h2>Twoje prawa jako osoby, kt\u00f3rej dane dotycz\u0105<\/h2>\n<ul type=\"disc\">\n<li>Masz prawo, w rozs\u0105dnych odst\u0119pach czasu i bez zb\u0119dnej zw\u0142oki lub koszt\u00f3w, do otrzymania kopii wszelkich danych, kt\u00f3re przetwarzamy na Tw\u00f3j temat.<\/li>\n<li>Masz prawo do sprostowania lub aktualizacji niedok\u0142adnych lub nieaktualnych danych osobowych.<\/li>\n<li>Masz prawo do usuni\u0119cia swoich danych osobowych.<\/li>\n<li>Masz prawo wnie\u015b\u0107 sprzeciw wobec przetwarzania Twoich danych osobowych, chyba \u017ce przetwarzanie to jest wymagane przepisami prawa. Je\u017celi sprzeciw jest uzasadniony ze wzgl\u0119du na szczeg\u00f3ln\u0105 sytuacj\u0119, nale\u017cy zaprzesta\u0107 przetwarzania.<\/li>\n<li>Co do zasady masz prawo \u017c\u0105da\u0107 przeniesienia Twoich danych. Przeno\u015bno\u015b\u0107 danych oznacza udost\u0119pnianie danych osobowych w ustrukturyzowanej, powszechnie u\u017cywanej i nadaj\u0105cej si\u0119 do odczytu maszynowego formie, kt\u00f3ra gwarantuje, \u017ce mo\u017cna je \u0142atwo przes\u0142a\u0107 do innych firm. Prawo do przenoszenia danych podlega ograniczeniom, tj. nie dotyczy dokument\u00f3w papierowych i nie mo\u017ce narusza\u0107 praw innych os\u00f3b ani wra\u017cliwych danych firmy.<\/li>\n<li>Mo\u017cesz \u017c\u0105da\u0107, aby decyzje nie by\u0142y podejmowane wy\u0142\u0105cznie na podstawie zautomatyzowanych proces\u00f3w decyzyjnych, je\u017celi decyzje te wywo\u0142uj\u0105 wobec Ciebie skutki prawne lub istotnie na Ciebie wp\u0142ywaj\u0105.<\/li>\n<li>Przys\u0142uguje Ci prawo do cofni\u0119cia zgody udzielonej wcze\u015bniej w okre\u015blonym celu, gdy zgoda ta stanowi podstaw\u0119 prawn\u0105 przetwarzania Twoich danych osobowych.<\/li>\n<\/ul>\n<p>Szanujemy te prawa i wdro\u017cyli\u015bmy procedury reagowania na osoby, kt\u00f3re chc\u0105 skorzysta\u0107 z tych praw. Je\u015bli chcesz wiedzie\u0107, kto jest odpowiednim administratorem danych lub masz inne pytania dotycz\u0105ce Twoich danych, skontaktuj si\u0119 z naszym Specjalist\u0105 ds. Prywatno\u015bci pod poni\u017cszym adresem e-mail.<\/p>\n<p>&nbsp;<\/p>\n<h2>Bezpiecze\u0144stwo<\/h2>\n<p>Staramy si\u0119 zapewni\u0107 bezpiecze\u0144stwo przetwarzanych przez Ciebie danych osobowych oraz wdro\u017cy\u0107 odpowiednie \u015brodki techniczne i polityki bezpiecze\u0144stwa chroni\u0105ce Twoje dane przed:<\/p>\n<ul type=\"disc\">\n<li>Nieautoryzowany dost\u0119p.<\/li>\n<li>Niew\u0142a\u015bciwe u\u017cycie lub ujawnienie.<\/li>\n<li>Nieautoryzowana modyfikacja.<\/li>\n<li>Bezprawne zniszczenie lub przypadkowa utrata.<\/li>\n<\/ul>\n<p>Wszyscy nasi pracownicy i osoby trzecie, kt\u00f3re anga\u017cujemy do przetwarzania Twoich danych osobowych, s\u0105 zobowi\u0105zane do zachowania poufno\u015bci Twoich danych.<\/p>\n<h2>Kwestie dotycz\u0105ce prywatno\u015bci i mo\u017cliwo\u015bci kontaktu<\/h2>\n<p>Je\u015bli masz jakiekolwiek obawy dotycz\u0105ce rzekomego naruszenia przez nas prawa o ochronie danych lub innych przepis\u00f3w, skontaktuj si\u0119 z naszym specjalist\u0105 ds. prywatno\u015bci pod poni\u017cszym adresem e-mail.<\/p>\n<p>Pracownik ds. prywatno\u015bci zostanie udost\u0119pniony do zbadania Twojej skargi i przeka\u017ce Ci informacje na temat sposobu rozpatrywania skargi.<\/p>\n<p>Je\u015bli nie odpowiemy na Twoje \u017c\u0105dania lub podamy wa\u017cny pow\u00f3d, dla kt\u00f3rego nie mo\u017cemy tego zrobi\u0107, masz prawo skontaktowa\u0107 si\u0119 z organem nadzorczym w celu z\u0142o\u017cenia skargi.<\/p>\n<p>&nbsp;<\/p>\n<h2>Zmiany w naszej polityce prywatno\u015bci<\/h2>\n<p>Zastrzegamy sobie prawo do zmiany, modyfikacji i aktualizacji niniejszej informacji o ochronie prywatno\u015bci w dowolnym momencie. Regularnie sprawdzaj, czy przeczyta\u0142e\u015b najnowsze powiadomienie.<\/p>\n<\/div><\/div><\/div><\/div><\/div><\/p>","protected":false},"excerpt":{"rendered":"","protected":false},"author":1,"featured_media":0,"parent":0,"menu_order":0,"comment_status":"closed","ping_status":"closed","template":"","meta":{"footnotes":""},"class_list":["post-11467","page","type-page","status-publish","hentry"],"acf":[],"_links":{"self":[{"href":"https:\/\/ehrler-beck.com\/pl\/wp-json\/wp\/v2\/pages\/11467","targetHints":{"allow":["GET"]}}],"collection":[{"href":"https:\/\/ehrler-beck.com\/pl\/wp-json\/wp\/v2\/pages"}],"about":[{"href":"https:\/\/ehrler-beck.com\/pl\/wp-json\/wp\/v2\/types\/page"}],"author":[{"embeddable":true,"href":"https:\/\/ehrler-beck.com\/pl\/wp-json\/wp\/v2\/users\/1"}],"replies":[{"embeddable":true,"href":"https:\/\/ehrler-beck.com\/pl\/wp-json\/wp\/v2\/comments?post=11467"}],"version-history":[{"count":8,"href":"https:\/\/ehrler-beck.com\/pl\/wp-json\/wp\/v2\/pages\/11467\/revisions"}],"predecessor-version":[{"id":160366,"href":"https:\/\/ehrler-beck.com\/pl\/wp-json\/wp\/v2\/pages\/11467\/revisions\/160366"}],"wp:attachment":[{"href":"https:\/\/ehrler-beck.com\/pl\/wp-json\/wp\/v2\/media?parent=11467"}],"curies":[{"name":"wp","href":"https:\/\/api.w.org\/{rel}","templated":true}]}}