{"id":11062,"date":"2018-04-11T14:58:53","date_gmt":"2018-04-11T12:58:53","guid":{"rendered":"https:\/\/ehrler-beck.com?page_id=11062"},"modified":"2018-04-12T08:20:44","modified_gmt":"2018-04-12T06:20:44","slug":"becker-luftentoelelemente","status":"publish","type":"page","link":"https:\/\/ehrler-beck.com\/pl\/produkty-2\/czesci-zamienne-i-akcesoria\/becker-luftentoelelemente","title":{"rendered":"BECKER Luftent\u00f6lelemente"},"content":{"rendered":"<div class=\"tiaro-fullwidth fullwidth-box tiaro-builder-row-1 tiaro-flex-container nonhundred-percent-fullwidth non-hundred-percent-height-scrolling\" style=\"--awb-border-radius-top-left:0px;--awb-border-radius-top-right:0px;--awb-border-radius-bottom-right:0px;--awb-border-radius-bottom-left:0px;\" ><div class=\"tiaro-builder-row tiaro-row tiaro-flex-align-items-flex-start\" style=\"max-width:1404px;margin-left: calc(-4% \/ 2 );margin-right: calc(-4% \/ 2 );\"><div class=\"tiaro-layout-column tiaro_builder_column tiaro-builder-column-0 tiaro_builder_column_1_1 1_1 tiaro-flex-column\" style=\"--awb-bg-size:cover;--awb-width-large:100%;--awb-margin-top-large:0px;--awb-spacing-right-large:1.92%;--awb-margin-bottom-large:5px;--awb-spacing-left-large:1.92%;--awb-width-medium:100%;--awb-spacing-right-medium:1.92%;--awb-spacing-left-medium:1.92%;--awb-width-small:100%;--awb-spacing-right-small:1.92%;--awb-spacing-left-small:1.92%;\"><div class=\"tiaro-column-wrapper tiaro-flex-justify-content-flex-start tiaro-content-layout-column\"><div class=\"tiaro-text tiaro-text-1\"><h1>BECKER Luftent\u00f6lelemente<\/h1>\n<p><span class=\"intro-text\">-f\u00fcr \u00f6lgeschmierte Vakuumpumpen und Verdichter<\/span><\/p>\n<\/div><\/div><\/div><div class=\"tiaro-layout-column tiaro_builder_column tiaro-builder-column-1 tiaro_builder_column_1_2 1_2 tiaro-flex-column\" style=\"--awb-bg-size:cover;--awb-width-large:50%;--awb-margin-top-large:0px;--awb-spacing-right-large:3.84%;--awb-margin-bottom-large:5px;--awb-spacing-left-large:3.84%;--awb-width-medium:50%;--awb-spacing-right-medium:3.84%;--awb-spacing-left-medium:3.84%;--awb-width-small:100%;--awb-spacing-right-small:1.92%;--awb-spacing-left-small:1.92%;\"><div class=\"tiaro-column-wrapper tiaro-flex-justify-content-flex-start tiaro-content-layout-column\"><div class=\"tiaro-text tiaro-text-2\"><table>\n<tbody>\n<tr>\n<td><strong>Verwendung<br \/>\n<\/strong><strong>Use<\/strong><strong><br \/>\n<\/strong><strong>Uso<\/strong><\/td>\n<td><strong>Nr zam\u00f3wienia.<br \/>\n<\/strong><strong>Order No.<\/strong><strong><br \/>\n<\/strong><strong>N \u00ba de pedido<\/strong><strong>.<\/strong><\/td>\n<\/tr>\n<tr>\n<td><strong>DP 2.100<\/strong><\/td>\n<td>965408 00000<\/td>\n<\/tr>\n<tr>\n<td><strong>DP 2.140<\/strong><\/td>\n<td>965407 00000<\/td>\n<\/tr>\n<tr>\n<td><strong>O 5.4<\/strong><\/td>\n<td>965400 55100<\/td>\n<\/tr>\n<tr>\n<td><strong>O 5.6<\/strong><\/td>\n<td>965400 55200<\/td>\n<\/tr>\n<tr>\n<td><strong>O 5.8<\/strong><\/td>\n<td>965400 55300<\/td>\n<\/tr>\n<tr>\n<td><strong>U 1.16<\/strong><\/td>\n<td>965404 00000<\/td>\n<\/tr>\n<tr>\n<td><strong>U 2.70, U 2.100<\/strong><\/td>\n<td>965402 00000<\/td>\n<\/tr>\n<tr>\n<td><strong>U 2.165, U 2.190, U 2.250<\/strong><\/td>\n<td>965403 00000<\/td>\n<\/tr>\n<tr>\n<td><strong>U 3.6 S<\/strong><\/td>\n<td>965406 00000<\/td>\n<\/tr>\n<tr>\n<td><strong>U 3.10, U 3.16, U 3.25, U 3.40<\/strong><\/td>\n<td>065401 00000<\/td>\n<\/tr>\n<tr>\n<td><strong>U 10-16<\/strong><\/td>\n<td>065300 82000<\/td>\n<\/tr>\n<tr>\n<td><strong>U 3.10-40<\/strong><\/td>\n<td>065401 00000<\/td>\n<\/tr>\n<tr>\n<td><strong>U 4.20<\/strong><\/td>\n<td>965413 00000<\/td>\n<\/tr>\n<tr>\n<td><strong>U 4.40<\/strong><\/td>\n<td>965414 00000<\/td>\n<\/tr>\n<tr>\n<td><strong>U 4.70, U 4.100<\/strong><\/td>\n<td>965409 00000<\/td>\n<\/tr>\n<tr>\n<td><strong>U 4.70-100<\/strong><\/td>\n<td>965416 00000<\/td>\n<\/tr>\n<tr>\n<td><strong>U 4.165, U 4.190<\/strong><\/td>\n<td>965412 00000<\/td>\n<\/tr>\n<tr>\n<td><strong>U 4.250<\/strong><\/td>\n<td>965412 00000<\/td>\n<\/tr>\n<tr>\n<td><strong>U 4.300<\/strong><\/td>\n<td>965415 00000<\/td>\n<\/tr>\n<tr>\n<td><strong>U 4.400<\/strong><\/td>\n<td>965410 00000<\/td>\n<\/tr>\n<tr>\n<td><strong>U 4.630<\/strong><\/td>\n<td>965411 00000<\/td>\n<\/tr>\n<tr>\n<td><strong>U 5.70, U 5.100<\/strong><\/td>\n<td>K1 &#8211; 566500 54200<\/td>\n<\/tr>\n<tr>\n<td><strong>U 5.70, U 5.100<\/strong><\/td>\n<td>K4 &#8211; 566300 54200<\/td>\n<\/tr>\n<tr>\n<td><strong>U 5.165, U 5.200<\/strong><\/td>\n<td>K1 &#8211; 566500 54400<\/td>\n<\/tr>\n<tr>\n<td><strong>U 5.165, U 5.200<\/strong><\/td>\n<td>K4 &#8211; 566300 54400<\/td>\n<\/tr>\n<\/tbody>\n<\/table>\n<\/div><\/div><\/div><div class=\"tiaro-layout-column tiaro_builder_column tiaro-builder-column-2 tiaro_builder_column_1_2 1_2 tiaro-flex-column\" style=\"--awb-bg-size:cover;--awb-width-large:50%;--awb-margin-top-large:0px;--awb-spacing-right-large:3.84%;--awb-margin-bottom-large:5px;--awb-spacing-left-large:3.84%;--awb-width-medium:50%;--awb-spacing-right-medium:3.84%;--awb-spacing-left-medium:3.84%;--awb-width-small:100%;--awb-spacing-right-small:1.92%;--awb-spacing-left-small:1.92%;\"><div class=\"tiaro-column-wrapper tiaro-flex-justify-content-flex-start tiaro-content-layout-column\"><div class=\"tiaro-text tiaro-text-3\"><h3>Skontaktuj si\u0119 z nami w sprawie oferty<\/h3>\n\n<div class=\"wpcf7 no-js\" id=\"wpcf7-f6621-o1\" lang=\"en-US\" dir=\"ltr\">\n<div class=\"screen-reader-response\"><p role=\"status\" aria-live=\"polite\" aria-atomic=\"true\"><\/p> <ul><\/ul><\/div>\n<form action=\"\/pl\/wp-json\/wp\/v2\/pages\/11062#wpcf7-f6621-o1\" method=\"post\" class=\"wpcf7-form init\" aria-label=\"Contact form\" novalidate=\"novalidate\" data-status=\"init\" data-trp-original-action=\"\/pl\/wp-json\/wp\/v2\/pages\/11062#wpcf7-f6621-o1\">\n<div style=\"display: none;\">\n<input type=\"hidden\" name=\"_wpcf7\" value=\"6621\" \/>\n<input type=\"hidden\" name=\"_wpcf7_version\" value=\"5.7.7\" \/>\n<input type=\"hidden\" name=\"_wpcf7_locale\" value=\"en_US\" \/>\n<input type=\"hidden\" name=\"_wpcf7_unit_tag\" value=\"wpcf7-f6621-o1\" \/>\n<input type=\"hidden\" name=\"_wpcf7_container_post\" value=\"0\" \/>\n<input type=\"hidden\" name=\"_wpcf7_posted_data_hash\" value=\"\" \/>\n<input type=\"hidden\" name=\"_wpcf7_recaptcha_response\" value=\"\" \/>\n<\/div>\n<div class=\"one-half\">\n\t<p><label> Imi\u0119* <span class=\"wpcf7-form-control-wrap\" data-name=\"first-name\"><input size=\"40\" class=\"wpcf7-form-control wpcf7-text wpcf7-validates-as-required\" aria-required=\"true\" aria-invalid=\"false\" value=\"\" type=\"text\" name=\"first-name\" \/><\/span> <\/label>\n\t<\/p>\n\t<p><label> Nazwisko* <span class=\"wpcf7-form-control-wrap\" data-name=\"last-name\"><input size=\"40\" class=\"wpcf7-form-control wpcf7-text wpcf7-validates-as-required\" aria-required=\"true\" aria-invalid=\"false\" value=\"\" type=\"text\" name=\"last-name\" \/><\/span> <\/label>\n\t<\/p>\n\t<p><label> firma <span class=\"wpcf7-form-control-wrap\" data-name=\"company\"><input size=\"40\" class=\"wpcf7-form-control wpcf7-text\" aria-invalid=\"false\" value=\"\" type=\"text\" name=\"company\" \/><\/span> <\/label>\n\t<\/p>\n\t<p><label> Adres e-mail* <span class=\"wpcf7-form-control-wrap\" data-name=\"your-email\"><input size=\"40\" class=\"wpcf7-form-control wpcf7-text wpcf7-email wpcf7-validates-as-required wpcf7-validates-as-email\" aria-required=\"true\" aria-invalid=\"false\" value=\"\" type=\"email\" name=\"your-email\" \/><\/span> <\/label>\n\t<\/p>\n\t<p><label> numer telefonu <span class=\"wpcf7-form-control-wrap\" data-name=\"your-phone\"><input size=\"40\" class=\"wpcf7-form-control wpcf7-text wpcf7-tel wpcf7-validates-as-tel\" aria-invalid=\"false\" value=\"\" type=\"tel\" name=\"your-phone\" \/><\/span> <\/label>\n\t<\/p>\n\t<p><label> kraj <span class=\"wpcf7-form-control-wrap\" data-name=\"country\"><select class=\"wpcf7-form-control wpcf7-select\" aria-invalid=\"false\" name=\"country\"><option value=\"Deutschland\">Niemcy<\/option><option value=\"\u00d6sterreich\">Austria<\/option><option value=\"Belgien\">Belgia<\/option><option value=\"Liechtenstein\">Liechtenstein<\/option><option value=\"Luxemburg\">Luksemburg<\/option><option value=\"Schweiz\">Szwajcaria<\/option><option value=\"-----\">-----<\/option><option value=\"Afghanistan\">Afganistan<\/option><option value=\"Albanien\">Albania<\/option><option value=\"Algerien\">Algieria<\/option><option value=\"Amerikanische Jungferninseln\">Ameryka\u0144skie Wyspy Dziewicze<\/option><option value=\"Amerikanisch-Samoa\">Samoa Ameryka\u0144skie<\/option><option value=\"Andorra\">Andora<\/option><option value=\"Angola\">Angola<\/option><option value=\"Anguilla\">anguilla<\/option><option value=\"Antigua und Barbuda\">Antigua i Barbuda<\/option><option value=\"Argentinien\">Argentyna<\/option><option value=\"Armenien\">Armenia<\/option><option value=\"Aruba\">Aruba<\/option><option value=\"Australien\">Australia<\/option><option value=\"Aserbaidschan\">Azerbejd\u017can<\/option><option value=\"Bahamas\">Bahamy<\/option><option value=\"Bahrain\">Bahrajn<\/option><option value=\"Bangladesch\">Bangladesz<\/option><option value=\"Barbados\">Barbados<\/option><option value=\"Belarus\">Bia\u0142oru\u015b<\/option><option value=\"Belize\">Belize<\/option><option value=\"Benin\">Benin<\/option><option value=\"Bermuda\">bermudy<\/option><option value=\"Bhutan\">Bhutan<\/option><option value=\"Bolivien\">Boliwia<\/option><option value=\"Bonaire\">Bonaire<\/option><option value=\"Bosnien und Herzegowina\">Bo\u015bnia i Hercegowina<\/option><option value=\"Botswana\">Botswana<\/option><option value=\"Bouvet-Insel (Bouvetoya)\">Wyspa Bouveta (Bouvetoya)<\/option><option value=\"Brasilien\">Brazylia<\/option><option value=\"Britisches Territorium im Indischen Ozean (Chagos-Archipel)\">Brytyjskie Terytorium Oceanu Indyjskiego (Archipelag Chagos)<\/option><option value=\"Britische Jungferninseln\">Brytyjskie Wyspy Dziewicze<\/option><option value=\"Brunei Darussalam\">Brunei Darussalam<\/option><option value=\"Bulgarien\">Bu\u0142garia<\/option><option value=\"Burkina Faso\">Burkina Faso<\/option><option value=\"Burundi\">Burundi<\/option><option value=\"Kambodscha\">Kambod\u017ca<\/option><option value=\"Kamerun\">Kamerun<\/option><option value=\"Canada\">Kanada<\/option><option value=\"Kap Verde\">Wyspy Zielonego Przyl\u0105dka<\/option><option value=\"Cayman Islands\">Kajmany<\/option><option value=\"Zentralafrikanische Republik\">Republika \u015arodkowoafryka\u0144ska<\/option><option value=\"Chad\">Czad<\/option><option value=\"Chile\">Chile<\/option><option value=\"Weihnachtsinsel\">Wyspa Bo\u017cego Narodzenia<\/option><option value=\"Cocos (Keeling) Inseln\">Wyspy Kokosowe (Keelinga).<\/option><option value=\"Cookinseln\">Wyspy Cooka<\/option><option value=\"Costa Rica\">Kostaryka<\/option><option value=\"Elfenbeink\u00fcste\">Wybrze\u017ce Ko\u015bci S\u0142oniowej<\/option><option value=\"Kuba\">Kuba<\/option><option value=\"Cura\u00e7ao\">Cura\u00e7ao<\/option><option value=\"Zypern\">Cypr<\/option><option value=\"Zypern\">Cypr<\/option><option value=\"Tschechische Republik\">Republika Czeska<\/option><option value=\"D\u00e4nemark\">Dania<\/option><option value=\"Dschibuti\">D\u017cibuti<\/option><option value=\"Dominica\">Dominika<\/option><option value=\"Dominikanische Republik\">Republika Dominikany<\/option><option value=\"Ecuador\">Ekwador<\/option><option value=\"\u00c4gypten\">Egipt<\/option><option value=\"El Salvador\">Salwador<\/option><option value=\"\u00c4quatorialguinea\">Gwinea R\u00f3wnikowa<\/option><option value=\"Eritrea\">Erytrea<\/option><option value=\"Estland\">Estonia<\/option><option value=\"\u00c4thiopien\">Etiopia<\/option><option value=\"Falklandinseln (Malvinas)\">Falklandy (Malwiny)<\/option><option value=\"F\u00e4r\u00f6er\">Wyspy Owcze<\/option><option value=\"Fidschi\">Fid\u017ci<\/option><option value=\"Finnland\">Finlandia<\/option><option value=\"Frankreich\">Francja<\/option><option value=\"Franz\u00f6sisch-Guayana\">Gujana Francuska<\/option><option value=\"Franz\u00f6sisch-Polynesien\">Polinezja Francuska<\/option><option value=\"Franz\u00f6sische S\u00fcdterritorien\">Francuskie Terytoria Po\u0142udniowe<\/option><option value=\"Gabun\">Gabon<\/option><option value=\"Gambia\">Gambia<\/option><option value=\"Georgien\">Gruzja<\/option><option value=\"Gibraltar\">Gibraltar<\/option><option value=\"Griechenland\">Grecja<\/option><option value=\"Gr\u00f6nland\">Grenlandia<\/option><option value=\"Grenada\">Grenada<\/option><option value=\"Guadeloupe\">Gwadelupa<\/option><option value=\"Guam\">Guam<\/option><option value=\"Guatemala\">Gwatemala<\/option><option value=\"Guernsey\">Guernsey<\/option><option value=\"Guinea\">Gwinea<\/option><option value=\"Guinea-Bissau\">Gwinea Bissau<\/option><option value=\"Guyana\">Gujana<\/option><option value=\"Haiti\">Haiti<\/option><option value=\"Heard Island und McDonald Islands\">Wyspy Heard i McDonalda<\/option><option value=\"Heiliger Stuhl (Vatikanstadt)\">Stolica Apostolska (Watykan)<\/option><option value=\"Honduras\">Honduras<\/option><option value=\"Hongkong\">Hongkong<\/option><option value=\"Ungarn\">W\u0119gry<\/option><option value=\"Island\">Islandia<\/option><option value=\"Indien\">Indie<\/option><option value=\"Indonesien\">Indonezja<\/option><option value=\"Iran\">Iranu<\/option><option value=\"Irak\">Irak<\/option><option value=\"Irland\">Irlandia<\/option><option value=\"Isle of Man\">Wyspa Man<\/option><option value=\"Israel\">Izrael<\/option><option value=\"Italien\">W\u0142ochy<\/option><option value=\"Jamaika\">Jamajka<\/option><option value=\"Japan\">Japonia<\/option><option value=\"Jersey\">golf<\/option><option value=\"Jordanien\">Jordania<\/option><option value=\"Kasachstan\">Kazachstan<\/option><option value=\"Kasachstan\">Kazachstan<\/option><option value=\"Kenia\">Kenia<\/option><option value=\"Kiribati\">Kiribati<\/option><option value=\"Kolumbien\">Kolumbia<\/option><option value=\"Komoren\">Komory<\/option><option value=\"Kongo\">Kongo<\/option><option value=\"Korea S\u00fcd\">Korea Po\u0142udniowa<\/option><option value=\"Kuwait\">Kuwejt<\/option><option value=\"Kirgisische Republik\">Republika Kirgiska<\/option><option value=\"Laotische Demokratische Volksrepublik\">Laota\u0144ska Republika Ludowo-Demokratyczna<\/option><option value=\"Lettland\">\u0141otwa<\/option><option value=\"Libanon\">Liban<\/option><option value=\"Lesotho\">Lesoto<\/option><option value=\"Liberia\">Liberia<\/option><option value=\"Libysche Arabische Jamahiriya\">Libijska Arabska D\u017camahirija<\/option><option value=\"Litauen\">Litwa<\/option><option value=\"Macao\">Makao<\/option><option value=\"Makedonien\">Macedonia<\/option><option value=\"Madagaskar\">Madagaskar<\/option><option value=\"Malawi\">Malawi<\/option><option value=\"Malaysia\">Malezja<\/option><option value=\"Malediven\">Malediwy<\/option><option value=\"Mali\">ma\u0142y<\/option><option value=\"Malta\">Malta<\/option><option value=\"Marshallinseln\">Wyspy Marshalla<\/option><option value=\"Martinique\">Martynika<\/option><option value=\"Mauretanien\">Mauretania<\/option><option value=\"Mauritius\">Mauritius<\/option><option value=\"Mayotte\">Majotta<\/option><option value=\"Mexiko\">Meksyk<\/option><option value=\"Mikronesien\">Mikronezja<\/option><option value=\"Moldau\">Moldova<\/option><option value=\"Monaco\">Monako<\/option><option value=\"Mongolei\">Mongolia<\/option><option value=\"Montenegro\">Czarnog\u00f3ra<\/option><option value=\"Montserrat\">Montserrat<\/option><option value=\"Marokko\">Maroko<\/option><option value=\"Mosambik\">Mozambik<\/option><option value=\"Myanmar\">Myanmar<\/option><option value=\"Namibia\">Namibia<\/option><option value=\"Nauru\">Nauru<\/option><option value=\"Nepal\">Nepal<\/option><option value=\"Niederlande\">Holandia<\/option><option value=\"Niederl\u00e4ndische Antillen\">Antyle Holenderskie<\/option><option value=\"Neukaledonien\">Nowa Kaledonia<\/option><option value=\"Neuseeland\">Nowa Zelandia<\/option><option value=\"Nicaragua\">Nikaragua<\/option><option value=\"Niger\">Niger<\/option><option value=\"Nigeria\">Nigeria<\/option><option value=\"Niue\">nowy<\/option><option value=\"Norfolkinsel\">Wyspa Norfolk<\/option><option value=\"N\u00f6rdliche Marianen\">Mariany P\u00f3\u0142nocne<\/option><option value=\"Norwegen\">Norwegia<\/option><option value=\"Oman\">Oman<\/option><option value=\"Pakistan\">Pakistan<\/option><option value=\"Palau\">Palau<\/option><option value=\"Pal\u00e4stinensische Gebiete\">terytoria palesty\u0144skie<\/option><option value=\"Panama\">Panama<\/option><option value=\"Papua-Neuguinea\">Papua Nowa Gwinea<\/option><option value=\"Paraguay\">Paragwaj<\/option><option value=\"Peru\">Peru<\/option><option value=\"Philippinen\">Filipiny<\/option><option value=\"Pitcairninseln\">Wyspy Pitcairn<\/option><option value=\"Polen\">Polska<\/option><option value=\"Portugal\">Portugalia<\/option><option value=\"Puerto Rico\">Portoryko<\/option><option value=\"Katar\">Katar<\/option><option value=\"R\u00e9union\">Zjazd<\/option><option value=\"Rum\u00e4nien\">Rumunia<\/option><option value=\"Russische F\u00f6deration\">Federacja Rosyjska<\/option><option value=\"Ruanda\">Rwanda<\/option><option value=\"Sankt Barth\u00e9lemy\">\u015awi\u0119ty Bart\u0142omiej<\/option><option value=\"Heilige Helena\">\u015awi\u0119ta Heleno<\/option><option value=\"Heilige Kitts und Nevis\">Saint Kitts i Nevis<\/option><option value=\"Heilige Lucia\">\u015awi\u0119ta \u0141ucja<\/option><option value=\"Heilige Martin\">\u015bwi\u0119ty Marcin<\/option><option value=\"Saint Pierre und Miquelon\">Saint-Pierre i Miquelon<\/option><option value=\"St. Vincent und die Grenadinen\">Saint Vincent i Grenadyny<\/option><option value=\"Sambia\">Zambia<\/option><option value=\"Samoa\">Samoa<\/option><option value=\"San Marino\">San Marino<\/option><option value=\"Sao Tome und Principe\">Wyspy \u015awi\u0119tego Tomasza i Ksi\u0105\u017c\u0119ca<\/option><option value=\"Saudi-Arabien\">Arabia Saudyjska<\/option><option value=\"Senegal\">Senegal<\/option><option value=\"Serbien\">Serbia<\/option><option value=\"Seychellen\">Seszele<\/option><option value=\"Sierra Leone\">Sierra Leone<\/option><option value=\"Simbabwe\">Zimbabwe<\/option><option value=\"Singapur\">Singapur<\/option><option value=\"Sint Maarten (Niederlande)\">Sint Maarten (Holandia)<\/option><option value=\"Slowakei (Slowakische Republik)\">S\u0142owacja (Republika S\u0142owacka)<\/option><option value=\"Slowenien\">S\u0142owenia<\/option><option value=\"Salomonen\">Wyspy Salomona<\/option><option value=\"Somalia\">Somali<\/option><option value=\"S\u00fcdafrika\">Afryka Po\u0142udniowa<\/option><option value=\"S\u00fcdgeorgien &amp; S. Sandwichinseln\">Georgia Po\u0142udniowa i Wyspy Sandwich Po\u0142udniowy<\/option><option value=\"Spanien\">Hiszpania<\/option><option value=\"Sri Lanka\">Sri Lanka<\/option><option value=\"Sudan\">Sudan<\/option><option value=\"Suriname\">Surinam<\/option><option value=\"Svalbard &amp; Jan Mayen Inseln\">Wyspy Svalbard i Jan Mayen<\/option><option value=\"Swasiland\">Suazi<\/option><option value=\"Schweden\">Szwecja<\/option><option value=\"Syrische Arabische Republik\">Republika Syryjsko-Arabska<\/option><option value=\"Taiwan\">Tajwan<\/option><option value=\"Tadschikistan\">Tad\u017cykistan<\/option><option value=\"Tansania\">Tanzania<\/option><option value=\"Timor-Leste\">Timor Wschodni<\/option><option value=\"Togo\">I\u015b\u0107<\/option><option value=\"Tokelau\">Tokelau<\/option><option value=\"Tonga\">Tonga<\/option><option value=\"Trinidad und Tobago\">Trynidad i Tobago<\/option><option value=\"Tunesien\">Tunezja<\/option><option value=\"T\u00fcrkei\">Turcja<\/option><option value=\"Turkmenistan\">Turkmenia<\/option><option value=\"Turks- und Caicosinseln\">Wyspy Turks i Caicos<\/option><option value=\"Tuvalu\">Tuvalu<\/option><option value=\"Upper Minor Outlying Islands\">G\u00f3rne Dalekie Wyspy Mniejsze<\/option><option value=\"Uganda\">Uganda<\/option><option value=\"Ukraine\">Ukraina<\/option><option value=\"Vereinigte Arabische Emirate\">Zjednoczone Emiraty Arabskie<\/option><option value=\"Vereinigte Staaten von Amerika\">Stany Zjednoczone Ameryki<\/option><option value=\"Vereinigtes K\u00f6nigreich\">Zjednoczone Kr\u00f3lestwo<\/option><option value=\"Uruguay\">Urugwaj<\/option><option value=\"Usbekistan\">Uzbekistan<\/option><option value=\"Vanuatu\">Vanuatu<\/option><option value=\"Venezuela\">Wenezuela<\/option><option value=\"Vietnam\">Wietnam<\/option><option value=\"Wallis und Futuna\">Wallis i Futuna<\/option><option value=\"Westsahara\">Sahara Zachodnia<\/option><option value=\"Jemen\">Jemen<\/option><\/select><\/span> <\/label>\n\t<\/p>\n\t<p><label> adres <span class=\"wpcf7-form-control-wrap\" data-name=\"address\"><input size=\"40\" class=\"wpcf7-form-control wpcf7-text\" aria-invalid=\"false\" value=\"\" type=\"text\" name=\"address\" \/><\/span> <\/label>\n\t<\/p>\n<\/div>\n<div class=\"one-half last\">\n\t<p><label> W sprawie <span class=\"wpcf7-form-control-wrap subject-name\"><input name=\"subject-name\" class=\"wpcf7-form-control wpcf7dtx-dynamictext wpcf7-dynamictext\" size=\"40\" aria-invalid=\"false\" type=\"text\" value=\"BECKER Luftent\u00f6lelemente\" \/><\/span><\/label>\n\t<\/p>\n\t<p><label> Aktualno\u015bci* <span class=\"wpcf7-form-control-wrap\" data-name=\"your-message\"><textarea cols=\"40\" rows=\"10\" class=\"wpcf7-form-control wpcf7-textarea\" aria-invalid=\"false\" name=\"your-message\"><\/textarea><\/span> <\/label>\n\t<\/p>\n\t<p><span class=\"wpcf7-form-control-wrap\" data-name=\"checkbox-403\"><span class=\"wpcf7-form-control wpcf7-checkbox wpcf7-validates-as-required\"><span class=\"wpcf7-list-item first last\"><label><input type=\"checkbox\" name=\"checkbox-403[]\" value=\"Ehrler &amp; Beck verwendet die zur Verf\u00fcgung gestellten Informationen nur zu Kontaktzwecken, Details entnehmen Sie bitte unserer Datenschutzerkl\u00e4rung.\" \/><span class=\"wpcf7-list-item-label\">Ehrler &amp; Beck wykorzystuje podane informacje wy\u0142\u0105cznie do cel\u00f3w kontaktowych.Szczeg\u00f3\u0142owe informacje znajduj\u0105 si\u0119 w naszym o\u015bwiadczeniu o ochronie danych.<\/span><\/label><\/span><\/span><\/span>\n\t<\/p>\n\t<p><span style=\"font-size: 10pt;\">*Wymagane pola<\/span>\n\t<\/p>\n<\/div>\n<div class=\"tiaro-button-wrapper tiaro-alignright\">\n\t<p><input class=\"wpcf7-form-control has-spinner wpcf7-submit\" type=\"submit\" value=\"WYS\u0141A\u0106 PRO\u015aB\u0118\" \/>\n\t<\/p>\n<\/div>\n<p>&nbsp;\n<\/p><div class=\"tiaro-alert alert custom alert-custom tiaro-alert-center wpcf7-response-output alert-dismissable\" style=\"--awb-border-size:1px;\" role=\"alert\"><div class=\"tiaro-alert-content-wrapper\"><span class=\"tiaro-alert-content\"><\/span><\/div><button type=\"button\" class=\"close toggle-alert\" data-dismiss=\"alert\" aria-label=\"Close\">\u00d7<\/button><\/div>\n<input type=\"hidden\" name=\"trp-form-language\" value=\"pl\"\/><\/form>\n<\/div>\n\n<\/div><\/div><\/div><\/div><\/div>","protected":false},"excerpt":{"rendered":"","protected":false},"author":1,"featured_media":0,"parent":2203,"menu_order":0,"comment_status":"closed","ping_status":"closed","template":"","meta":{"footnotes":""},"class_list":["post-11062","page","type-page","status-publish","hentry"],"acf":[],"_links":{"self":[{"href":"https:\/\/ehrler-beck.com\/pl\/wp-json\/wp\/v2\/pages\/11062","targetHints":{"allow":["GET"]}}],"collection":[{"href":"https:\/\/ehrler-beck.com\/pl\/wp-json\/wp\/v2\/pages"}],"about":[{"href":"https:\/\/ehrler-beck.com\/pl\/wp-json\/wp\/v2\/types\/page"}],"author":[{"embeddable":true,"href":"https:\/\/ehrler-beck.com\/pl\/wp-json\/wp\/v2\/users\/1"}],"replies":[{"embeddable":true,"href":"https:\/\/ehrler-beck.com\/pl\/wp-json\/wp\/v2\/comments?post=11062"}],"version-history":[{"count":0,"href":"https:\/\/ehrler-beck.com\/pl\/wp-json\/wp\/v2\/pages\/11062\/revisions"}],"up":[{"embeddable":true,"href":"https:\/\/ehrler-beck.com\/pl\/wp-json\/wp\/v2\/pages\/2203"}],"wp:attachment":[{"href":"https:\/\/ehrler-beck.com\/pl\/wp-json\/wp\/v2\/media?parent=11062"}],"curies":[{"name":"wp","href":"https:\/\/api.w.org\/{rel}","templated":true}]}}