{"id":9893,"date":"2018-01-18T13:21:26","date_gmt":"2018-01-18T12:21:26","guid":{"rendered":"http:\/\/ehrler-beck.com?page_id=9893"},"modified":"2023-06-16T02:29:13","modified_gmt":"2023-06-16T00:29:13","slug":"cookie-richtlinie","status":"publish","type":"page","link":"https:\/\/ehrler-beck.com\/fr\/politique-relative-aux-cookies","title":{"rendered":"Politique relative aux cookies"},"content":{"rendered":"<h1>POLITIQUE EN MATI\u00c8RE DE COOKIES<\/h1>\n<p style=\"text-align: right;\"><em>Derni\u00e8re mise \u00e0 jour le 16 juin 2023<\/em><\/p>\n<p>Cette politique relative aux cookies explique comment Ehrler &amp; Beck Vakuum- und Drucklufttechnik GmbH (&quot;Soci\u00e9t\u00e9&quot;, &quot;nous&quot;, &quot;notre&quot; et &quot;notre&quot;) utilise des cookies et des technologies similaires pour vous reconna\u00eetre lorsque vous visitez nos sites Web \u00e0 l&#039;adresse https:\/\/ehrler-beck.com, (&quot;Site Web&quot;). Il explique ce que sont ces technologies et pourquoi nous les utilisons, ainsi que vos droits de contr\u00f4ler notre utilisation de ces technologies.<\/p>\n<h2>Que sont les cookies ?<\/h2>\n<p>Les cookies sont de petits fichiers de donn\u00e9es qui sont plac\u00e9s sur votre ordinateur ou votre appareil mobile lorsque vous visitez un site Web. Les cookies sont largement utilis\u00e9s par les propri\u00e9taires de sites Web pour faire fonctionner leurs sites Web ou fonctionner plus efficacement et pour fournir des informations de rapport.<\/p>\n<p>Les cookies d\u00e9finis par l&#039;op\u00e9rateur du site Web (dans ce cas Ehrler &amp; Beck Vacuum and Compressed Air Technology GmbH) sont appel\u00e9s &quot;cookies propri\u00e9taires&quot;. Les cookies d\u00e9finis par des parties autres que le propri\u00e9taire du site Web sont appel\u00e9s &quot;cookies tiers&quot;. Les cookies tiers permettent de fournir des fonctionnalit\u00e9s ou fonctionnalit\u00e9s tierces sur ou via le site Web (par exemple, publicit\u00e9, contenu interactif et analyse). Les parties qui installent ces cookies tiers peuvent reconna\u00eetre votre ordinateur \u00e0 la fois lorsque vous visitez ce site Web et lorsque vous visitez certains autres sites Web.<\/p>\n<h2>Pourquoi utilisons-nous des cookies ?<\/h2>\n<p>Nous n&#039;utilisons que des cookies locaux pour un certain nombre de raisons. Pour des raisons techniques, certains cookies sont n\u00e9cessaires au fonctionnement de nos sites Web. Nous les appelons cookies \u00ab strictement n\u00e9cessaires \u00bb ou \u00ab strictement n\u00e9cessaires \u00bb. D&#039;autres cookies permettent de suivre et de cibler les int\u00e9r\u00eats des utilisateurs afin d&#039;am\u00e9liorer l&#039;exp\u00e9rience sur les sites Web. Nous n&#039;utilisons pas ces cookies. Notre site Web n&#039;utilise qu&#039;un seul cookie strictement n\u00e9cessaire.<\/p>\n<h2>Comment puis-je contr\u00f4ler les cookies ?<\/h2>\n<p>Vous avez le droit de d\u00e9cider d&#039;accepter ou de refuser les cookies. Vous pouvez exercer vos droits en mati\u00e8re de cookies en d\u00e9finissant vos pr\u00e9f\u00e9rences dans le gestionnaire de consentement aux cookies. Le Cookie Consent Manager vous permet de choisir les cat\u00e9gories de cookies que vous acceptez ou refusez. Les cookies essentiels ne peuvent pas \u00eatre refus\u00e9s car ils sont strictement n\u00e9cessaires pour vous fournir des services.<\/p>\n<p>Vous pouvez trouver le gestionnaire de consentement aux cookies dans la banni\u00e8re de notification et sur notre site Web. Si vous choisissez de refuser les cookies, vous pouvez continuer \u00e0 utiliser notre site Web, mais votre acc\u00e8s \u00e0 certaines fonctionnalit\u00e9s et zones de notre site Web peut \u00eatre limit\u00e9. Vous pouvez \u00e9galement d\u00e9finir ou modifier les param\u00e8tres de votre navigateur Web pour accepter ou refuser les cookies. \u00c9tant donn\u00e9 que les mani\u00e8res dont vous pouvez refuser les cookies via les commandes de votre navigateur Web varient d&#039;un navigateur \u00e0 l&#039;autre, vous devez consulter le menu d&#039;aide de votre navigateur pour plus d&#039;informations.<\/p>\n<p>Les types sp\u00e9cifiques de cookies utilis\u00e9s sur nos sites Web et les objectifs qu&#039;ils servent sont d\u00e9crits dans le tableau ci-dessous (veuillez noter que les cookies sp\u00e9cifiques utilis\u00e9s peuvent varier en fonction des offres en ligne sp\u00e9cifiques que vous visitez)\u00a0:<\/p>\n<h2>Cookies importants du site Web\u00a0:<\/h2>\n<p>Ces cookies sont strictement n\u00e9cessaires pour vous fournir les services disponibles sur nos sites Web et pour utiliser certaines de leurs fonctionnalit\u00e9s, telles que B. acc\u00e8s aux zones s\u00e9curis\u00e9es.<\/p>\n<div>\n<section data-custom-class=\"body_text\">\n<table style=\"width: 100%; height: 168px;\">\n<tbody>\n<tr style=\"height: 24px;\">\n<td style=\"height: 24px;\"><span style=\"color: #00b3a7;\">D\u00e9signation<\/span>:<\/td>\n<td style=\"height: 24px;\">mwai_session_id<\/td>\n<\/tr>\n<tr style=\"height: 24px;\">\n<td style=\"height: 24px;\"><span style=\"color: #00b3a7;\">But<\/span>:<\/td>\n<td style=\"height: 24px;\">Utilis\u00e9 par le site Web pour identifier des sessions sp\u00e9cifiques sur le site Web.<\/td>\n<\/tr>\n<tr style=\"height: 24px;\">\n<td style=\"height: 24px;\"><span style=\"color: #00b3a7;\">Offrant<\/span>:<\/td>\n<td style=\"height: 24px;\">ehrler-beck.com<\/td>\n<\/tr>\n<tr style=\"height: 24px;\">\n<td style=\"height: 24px;\"><span style=\"color: #00b3a7;\">domaine<\/span>:<\/td>\n<td style=\"height: 24px;\">ehrler-beck.com<\/td>\n<\/tr>\n<tr style=\"height: 24px;\">\n<td style=\"height: 24px;\"><span style=\"color: #00b3a7;\">Expire dans<\/span>:<\/td>\n<td style=\"height: 24px;\">Une fois la session termin\u00e9e<\/td>\n<\/tr>\n<\/tbody>\n<\/table>\n<\/section>\n<\/div>\n<h2>Qu&#039;en est-il des autres technologies de suivi telles que les balises Web\u00a0?<\/h2>\n<p>Les cookies ne sont pas le seul moyen de reconna\u00eetre ou de suivre les visiteurs d&#039;un site Web. Nous pouvons utiliser d&#039;autres technologies similaires de temps \u00e0 autre, telles que les balises Web (parfois appel\u00e9es \u00ab\u00a0pixels de suivi\u00a0\u00bb ou \u00ab\u00a0GIF transparents\u00a0\u00bb). Ce sont de minuscules fichiers graphiques qui contiennent un identifiant unique et nous permettent de reconna\u00eetre quand quelqu&#039;un a visit\u00e9 nos sites Web ou ouvert un e-mail contenant ces informations. Cela nous permet, par exemple, de surveiller les mod\u00e8les de trafic des utilisateurs d&#039;une page \u00e0 l&#039;autre d&#039;un site Web, de fournir ou de communiquer avec des cookies pour comprendre si vous \u00eates arriv\u00e9 sur le site Web via une publicit\u00e9 en ligne affich\u00e9e sur un site Web tiers, d&#039;am\u00e9liorer les performances du site Web et de mesurer le succ\u00e8s des campagnes de marketing par e-mail. Dans de nombreux cas, ces technologies reposent sur des cookies pour fonctionner correctement. Le refus des cookies nuit donc \u00e0 leur fonctionnement.<\/p>\n<h2>Faites-vous de la publicit\u00e9 cibl\u00e9e ?<\/h2>\n<p>Ehrler und Beck n&#039;exploite aucune publicit\u00e9 cibl\u00e9e sur ce site Web et ne transmet pas de donn\u00e9es \u00e0 des tiers afin de collecter et de diffuser des donn\u00e9es pour la publicit\u00e9 cibl\u00e9e. Pour plus d&#039;informations, n&#039;h\u00e9sitez pas \u00e0 contacter notre d\u00e9l\u00e9gu\u00e9 \u00e0 la protection des donn\u00e9es au <a href=\"mailto:Privacy.officer@tiaro.ba\">Privacy.officer@tiaro.ba<\/a> faire demi-tour.<\/p>\n<h2>\u00c0 quelle fr\u00e9quence mettrez-vous \u00e0 jour cette politique de cookies\u00a0?<\/h2>\n<p>Nous pouvons mettre \u00e0 jour cette politique de cookies de temps \u00e0 autre, par exemple pour refl\u00e9ter les modifications apport\u00e9es aux cookies que nous utilisons ou pour d&#039;autres raisons op\u00e9rationnelles, l\u00e9gales ou r\u00e9glementaires. Par cons\u00e9quent, veuillez consulter r\u00e9guli\u00e8rement cette politique en mati\u00e8re de cookies pour rester inform\u00e9 de notre utilisation des cookies et des technologies associ\u00e9es.<\/p>\n<p>La date en haut et en bas de cette page de politique de cookies indique quand elle a \u00e9t\u00e9 mise \u00e0 jour pour la derni\u00e8re fois.<\/p>\n<h2>O\u00f9 puis-je obtenir plus d&#039;informations ?<\/h2>\n<p>Vous pouvez envoyer un e-mail au d\u00e9veloppeur directement \u00e0 <a href=\"mailto:info@tiaro.com\">info@tiaro.ba<\/a> contacter, en plus de notre d\u00e9l\u00e9gu\u00e9 \u00e0 la protection des donn\u00e9es au <a href=\"mailto:Privacy.officer@tiaro.ba\">Privacy.officer@tiaro.ba<\/a>.<\/p>\n<p>Vous pouvez \u00e9galement nous contacter directement au <a href=\"mailto:info@ehrler-beck.com\">info@ehrler-beck.com<\/a> ou par courrier \u00e0 :<\/p>\n<p><strong>Technologie du vide et de l&#039;air comprim\u00e9 Ehrler &amp; Beck GmbH<\/strong><br \/>\nIndustriesstr. 16 D-71272 Renningen<br \/>\nRenningen, Bade-Wurtemberg 71272<br \/>\nAllemagne<br \/>\n<strong>T\u00e9l\u00e9phone (s<\/strong>: (+49)715940850<br \/>\n<strong>fax<\/strong>: (+49)7159408585<\/p>\n<p style=\"text-align: right;\"><em>Derni\u00e8re mise \u00e0 jour le 16 juin 2023<\/em><\/p>","protected":false},"excerpt":{"rendered":"<p>COOKIE-RICHTLINIE Zuletzt aktualisiert am 16. Juni 2023 In dieser Cookie-Richtlinie wird erl\u00e4utert, wie die Ehrler &amp; Beck Vakuum- und Drucklufttechnik GmbH (\u201eUnternehmen\u201c, \u201ewir\u201c, \u201euns\u201c und \u201eunser\u201c) Cookies und \u00e4hnliche Technologien verwendet, um Sie zu erkennen, wenn Sie unsere Websites unter https:\/\/ehrler-beck.com, (\u201eWebsite\u201c). Es erkl\u00e4rt, was diese Technologien sind und warum wir sie nutzen, sowie Ihre [&hellip;]<\/p>","protected":false},"author":1,"featured_media":0,"parent":0,"menu_order":0,"comment_status":"closed","ping_status":"closed","template":"","meta":{"footnotes":""},"class_list":["post-9893","page","type-page","status-publish","hentry"],"acf":[],"_links":{"self":[{"href":"https:\/\/ehrler-beck.com\/fr\/wp-json\/wp\/v2\/pages\/9893","targetHints":{"allow":["GET"]}}],"collection":[{"href":"https:\/\/ehrler-beck.com\/fr\/wp-json\/wp\/v2\/pages"}],"about":[{"href":"https:\/\/ehrler-beck.com\/fr\/wp-json\/wp\/v2\/types\/page"}],"author":[{"embeddable":true,"href":"https:\/\/ehrler-beck.com\/fr\/wp-json\/wp\/v2\/users\/1"}],"replies":[{"embeddable":true,"href":"https:\/\/ehrler-beck.com\/fr\/wp-json\/wp\/v2\/comments?post=9893"}],"version-history":[{"count":12,"href":"https:\/\/ehrler-beck.com\/fr\/wp-json\/wp\/v2\/pages\/9893\/revisions"}],"predecessor-version":[{"id":69657,"href":"https:\/\/ehrler-beck.com\/fr\/wp-json\/wp\/v2\/pages\/9893\/revisions\/69657"}],"wp:attachment":[{"href":"https:\/\/ehrler-beck.com\/fr\/wp-json\/wp\/v2\/media?parent=9893"}],"curies":[{"name":"wp","href":"https:\/\/api.w.org\/{rel}","templated":true}]}}