{"id":9052,"date":"2017-12-11T13:08:20","date_gmt":"2017-12-11T12:08:20","guid":{"rendered":"http:\/\/ehrler-beck.com\/einsatzgebiete\/metalworking-industry"},"modified":"2018-02-27T15:43:33","modified_gmt":"2018-02-27T14:43:33","slug":"metallverarbeitende-industrie","status":"publish","type":"page","link":"https:\/\/ehrler-beck.com\/fr\/zones-dapplication\/industrie-metallurgique","title":{"rendered":"industrie m\u00e9tallurgique"},"content":{"rendered":"<p><div class=\"tiaro-fullwidth fullwidth-box tiaro-builder-row-1 tiaro-flex-container tiaro-parallax-fixed hundred-percent-fullwidth non-hundred-percent-height-scrolling lazyload\" style=\"--awb-border-radius-top-left:0px;--awb-border-radius-top-right:0px;--awb-border-radius-bottom-right:0px;--awb-border-radius-bottom-left:0px;--awb-padding-top:150px;--awb-padding-right:0px;--awb-padding-bottom:150px;--awb-padding-left:0px;--awb-background-size:cover;background-attachment:fixed;\" data-bg=\"https:\/\/ehrler-beck.com\/wp-content\/uploads\/2017\/12\/MetalWorking_Industry.jpg\" ><div class=\"tiaro-builder-row tiaro-row tiaro-flex-align-items-stretch\" style=\"width:calc( 100% + 0px ) !important;max-width:calc( 100% + 0px ) !important;margin-left: calc(-0px \/ 2 );margin-right: calc(-0px \/ 2 );\"><div class=\"tiaro-layout-column tiaro_builder_column tiaro-builder-column-0 tiaro_builder_column_1_1 1_1 tiaro-flex-column\" style=\"--awb-bg-color:rgba(0,0,0,0.79);--awb-bg-size:cover;--awb-width-large:100%;--awb-margin-top-large:0px;--awb-spacing-right-large:0px;--awb-margin-bottom-large:5px;--awb-spacing-left-large:0px;--awb-width-medium:100%;--awb-spacing-right-medium:0px;--awb-spacing-left-medium:0px;--awb-width-small:100%;--awb-spacing-right-small:0px;--awb-spacing-left-small:0px;\"><div class=\"tiaro-column-wrapper tiaro-flex-justify-content-center tiaro-content-layout-column\"><div class=\"tiaro-text tiaro-text-1\"><h1 style=\"text-align: center;\">INDUSTRIE M\u00c9TALLIQUE<\/h1>\n<\/div><\/div><\/div><\/div><\/div><div class=\"tiaro-fullwidth fullwidth-box tiaro-builder-row-2 tiaro-flex-container nonhundred-percent-fullwidth non-hundred-percent-height-scrolling\" style=\"--awb-border-radius-top-left:0px;--awb-border-radius-top-right:0px;--awb-border-radius-bottom-right:0px;--awb-border-radius-bottom-left:0px;--awb-margin-top:20px;\" ><div class=\"tiaro-builder-row tiaro-row tiaro-flex-align-items-flex-start\" style=\"max-width:calc( 1350px + 0px );margin-left: calc(-0px \/ 2 );margin-right: calc(-0px \/ 2 );\"><div class=\"tiaro-layout-column tiaro_builder_column tiaro-builder-column-1 tiaro_builder_column_1_1 1_1 tiaro-flex-column\" style=\"--awb-bg-size:cover;--awb-width-large:100%;--awb-margin-top-large:0px;--awb-spacing-right-large:0px;--awb-margin-bottom-large:0px;--awb-spacing-left-large:0px;--awb-width-medium:100%;--awb-spacing-right-medium:0px;--awb-spacing-left-medium:0px;--awb-width-small:100%;--awb-spacing-right-small:0px;--awb-spacing-left-small:0px;\"><div class=\"tiaro-column-wrapper tiaro-flex-justify-content-flex-start tiaro-content-layout-column\"><div class=\"tiaro-text tiaro-text-2\"><p><span class=\"intro-text\">Un air exempt d&#039;huile et sec est essentiel dans le traitement des m\u00e9taux. Cet air de haute qualit\u00e9 est utilis\u00e9, par exemple, pour le traitement et le traitement de l&#039;acier inoxydable et pour la d\u00e9coupe au laser.<\/span><\/p>\n<h3>s\u00e9choir<\/h3>\n<p><span class=\"intro-text\">Les s\u00e9cheurs sous vide sont utilis\u00e9s pour traiter les masses humides issues des processus de filtration ou de centrifugation dans l&#039;industrie m\u00e9tallurgique. La fonction principale du compresseur est ici la s\u00e9paration du fluide pomp\u00e9 et des solides. Compar\u00e9 \u00e0 d&#039;autres syst\u00e8mes de s\u00e9chage, il offre une consommation d&#039;\u00e9nergie r\u00e9duite, un fonctionnement plus fluide et une grande flexibilit\u00e9 de positionnement.<\/span><\/p>\n<h3>Sablage ou r\u00e9cup\u00e9ration de mat\u00e9riaux abrasifs<\/h3>\n<p><span class=\"intro-text\">Il s&#039;agit d&#039;un processus m\u00e9canique dans lequel la surface d&#039;un mat\u00e9riau est abras\u00e9e avec du sable ou de l&#039;air. Il est principalement utilis\u00e9 pour le nettoyage de surface des m\u00e9taux avant la peinture. Ce syst\u00e8me est souvent utilis\u00e9 comme alternative au proc\u00e9d\u00e9 de grenaillage libre, car il ne pr\u00e9sente pas les m\u00eames probl\u00e8mes environnementaux et de s\u00e9curit\u00e9. Parce qu&#039;il n&#039;y a pas de poussi\u00e8re ou de mat\u00e9riaux abrasifs ici et que l&#039;\u00e9limination des d\u00e9chets est \u00e9galement r\u00e9glement\u00e9e.<\/span><\/p>\n<\/div><\/div><\/div><\/div><\/div><div class=\"tiaro-fullwidth fullwidth-box tiaro-builder-row-3 tiaro-flex-container tiaro-parallax-fixed nonhundred-percent-fullwidth non-hundred-percent-height-scrolling lazyload\" style=\"--awb-border-radius-top-left:0px;--awb-border-radius-top-right:0px;--awb-border-radius-bottom-right:0px;--awb-border-radius-bottom-left:0px;--awb-margin-top:20px;--awb-background-size:cover;background-attachment:fixed;\" data-bg=\"https:\/\/ehrler-beck.com\/wp-content\/uploads\/2017\/12\/csm_WritingTesting20__ab08bdc8ea.jpg\" ><div class=\"tiaro-builder-row tiaro-row tiaro-flex-align-items-flex-start\" style=\"max-width:1404px;margin-left: calc(-4% \/ 2 );margin-right: calc(-4% \/ 2 );\"><div class=\"tiaro-layout-column tiaro_builder_column tiaro-builder-column-2 tiaro_builder_column_1_1 1_1 tiaro-flex-column\" style=\"--awb-bg-size:cover;--awb-width-large:100%;--awb-margin-top-large:0px;--awb-spacing-right-large:1.92%;--awb-margin-bottom-large:0px;--awb-spacing-left-large:1.92%;--awb-width-medium:100%;--awb-spacing-right-medium:1.92%;--awb-spacing-left-medium:1.92%;--awb-width-small:100%;--awb-spacing-right-small:1.92%;--awb-spacing-left-small:1.92%;\"><div class=\"tiaro-column-wrapper tiaro-flex-justify-content-flex-start tiaro-content-layout-column\"><div class=\"tiaro-text tiaro-text-3\"><p><span class=\"intro-primary\">Contactez-nous, nos experts vous proposent la meilleure solution pour votre application<\/span><\/p>\n<\/div><\/div><\/div><div class=\"tiaro-layout-column tiaro_builder_column tiaro-builder-column-3 tiaro_builder_column_2_3 2_3 tiaro-flex-column\" style=\"--awb-bg-size:cover;--awb-width-large:66.666666666667%;--awb-margin-top-large:0px;--awb-spacing-right-large:3.84%;--awb-margin-bottom-large:5px;--awb-spacing-left-large:2.88%;--awb-width-medium:66.666666666667%;--awb-spacing-right-medium:3.84%;--awb-spacing-left-medium:2.88%;--awb-width-small:100%;--awb-spacing-right-small:1.92%;--awb-spacing-left-small:1.92%;\"><div class=\"tiaro-column-wrapper tiaro-flex-justify-content-flex-start tiaro-content-layout-column\"><div class=\"tiaro-text tiaro-text-4\">\n<div class=\"wpcf7 no-js\" id=\"wpcf7-f6621-o1\" lang=\"en-US\" dir=\"ltr\">\n<div class=\"screen-reader-response\"><p role=\"status\" aria-live=\"polite\" aria-atomic=\"true\"><\/p> <ul><\/ul><\/div>\n<form action=\"\/fr\/wp-json\/wp\/v2\/pages\/9052#wpcf7-f6621-o1\" method=\"post\" class=\"wpcf7-form init\" aria-label=\"Contact form\" novalidate=\"novalidate\" data-status=\"init\" data-trp-original-action=\"\/fr\/wp-json\/wp\/v2\/pages\/9052#wpcf7-f6621-o1\">\n<div style=\"display: none;\">\n<input type=\"hidden\" name=\"_wpcf7\" value=\"6621\" \/>\n<input type=\"hidden\" name=\"_wpcf7_version\" value=\"5.7.7\" \/>\n<input type=\"hidden\" name=\"_wpcf7_locale\" value=\"en_US\" \/>\n<input type=\"hidden\" name=\"_wpcf7_unit_tag\" value=\"wpcf7-f6621-o1\" \/>\n<input type=\"hidden\" name=\"_wpcf7_container_post\" value=\"0\" \/>\n<input type=\"hidden\" name=\"_wpcf7_posted_data_hash\" value=\"\" \/>\n<input type=\"hidden\" name=\"_wpcf7_recaptcha_response\" value=\"\" \/>\n<\/div>\n<div class=\"one-half\">\n\t<p><label> Pr\u00e9nom* <span class=\"wpcf7-form-control-wrap\" data-name=\"first-name\"><input size=\"40\" class=\"wpcf7-form-control wpcf7-text wpcf7-validates-as-required\" aria-required=\"true\" aria-invalid=\"false\" value=\"\" type=\"text\" name=\"first-name\" \/><\/span> <\/label>\n\t<\/p>\n\t<p><label> Nom de famille* <span class=\"wpcf7-form-control-wrap\" data-name=\"last-name\"><input size=\"40\" class=\"wpcf7-form-control wpcf7-text wpcf7-validates-as-required\" aria-required=\"true\" aria-invalid=\"false\" value=\"\" type=\"text\" name=\"last-name\" \/><\/span> <\/label>\n\t<\/p>\n\t<p><label> entreprise <span class=\"wpcf7-form-control-wrap\" data-name=\"company\"><input size=\"40\" class=\"wpcf7-form-control wpcf7-text\" aria-invalid=\"false\" value=\"\" type=\"text\" name=\"company\" \/><\/span> <\/label>\n\t<\/p>\n\t<p><label> Adresse e-mail* <span class=\"wpcf7-form-control-wrap\" data-name=\"your-email\"><input size=\"40\" class=\"wpcf7-form-control wpcf7-text wpcf7-email wpcf7-validates-as-required wpcf7-validates-as-email\" aria-required=\"true\" aria-invalid=\"false\" value=\"\" type=\"email\" name=\"your-email\" \/><\/span> <\/label>\n\t<\/p>\n\t<p><label> num\u00e9ro de t\u00e9l\u00e9phone <span class=\"wpcf7-form-control-wrap\" data-name=\"your-phone\"><input size=\"40\" class=\"wpcf7-form-control wpcf7-text wpcf7-tel wpcf7-validates-as-tel\" aria-invalid=\"false\" value=\"\" type=\"tel\" name=\"your-phone\" \/><\/span> <\/label>\n\t<\/p>\n\t<p><label> pays <span class=\"wpcf7-form-control-wrap\" data-name=\"country\"><select class=\"wpcf7-form-control wpcf7-select\" aria-invalid=\"false\" name=\"country\"><option value=\"Deutschland\">Allemagne<\/option><option value=\"\u00d6sterreich\">L&#039;Autriche<\/option><option value=\"Belgien\">Belgique<\/option><option value=\"Liechtenstein\">Liechtenstein<\/option><option value=\"Luxemburg\">Luxembourg<\/option><option value=\"Schweiz\">Suisse<\/option><option value=\"-----\">-----<\/option><option value=\"Afghanistan\">Afghanistan<\/option><option value=\"Albanien\">Albanie<\/option><option value=\"Algerien\">Alg\u00e9rie<\/option><option value=\"Amerikanische Jungferninseln\">\u00celes Vierges am\u00e9ricaines<\/option><option value=\"Amerikanisch-Samoa\">Samoa am\u00e9ricaines<\/option><option value=\"Andorra\">Andorre<\/option><option value=\"Angola\">Angola<\/option><option value=\"Anguilla\">anguille<\/option><option value=\"Antigua und Barbuda\">Antigua-et-Barbuda<\/option><option value=\"Argentinien\">Argentine<\/option><option value=\"Armenien\">Arm\u00e9nie<\/option><option value=\"Aruba\">Aruba<\/option><option value=\"Australien\">Australie<\/option><option value=\"Aserbaidschan\">Azerba\u00efdjan<\/option><option value=\"Bahamas\">Bahamas<\/option><option value=\"Bahrain\">Bahre\u00efn<\/option><option value=\"Bangladesch\">Bengladesh<\/option><option value=\"Barbados\">Barbade<\/option><option value=\"Belarus\">Bi\u00e9lorussie<\/option><option value=\"Belize\">B\u00e9lize<\/option><option value=\"Benin\">b\u00e9nin<\/option><option value=\"Bermuda\">bermuda<\/option><option value=\"Bhutan\">Bhoutan<\/option><option value=\"Bolivien\">Bolivie<\/option><option value=\"Bonaire\">Bonaire<\/option><option value=\"Bosnien und Herzegowina\">Bosnie Herz\u00e9govine<\/option><option value=\"Botswana\">Bostwana<\/option><option value=\"Bouvet-Insel (Bouvetoya)\">\u00cele Bouvet (Bouvetoya)<\/option><option value=\"Brasilien\">Br\u00e9sil<\/option><option value=\"Britisches Territorium im Indischen Ozean (Chagos-Archipel)\">Territoire britannique de l&#039;oc\u00e9an Indien (archipel des Chagos)<\/option><option value=\"Britische Jungferninseln\">\u00celes Vierges britanniques<\/option><option value=\"Brunei Darussalam\">Brunei Darussalam<\/option><option value=\"Bulgarien\">Bulgarie<\/option><option value=\"Burkina Faso\">Burkina Faso<\/option><option value=\"Burundi\">burundi<\/option><option value=\"Kambodscha\">Cambodge<\/option><option value=\"Kamerun\">Cameroun<\/option><option value=\"Canada\">Canada<\/option><option value=\"Kap Verde\">Cap-Vert<\/option><option value=\"Cayman Islands\">\u00celes Ca\u00efmans<\/option><option value=\"Zentralafrikanische Republik\">R\u00e9publique centrafricaine<\/option><option value=\"Chad\">Tchad<\/option><option value=\"Chile\">Chili<\/option><option value=\"Weihnachtsinsel\">L&#039;\u00eele de no\u00ebl<\/option><option value=\"Cocos (Keeling) Inseln\">\u00celes Cocos (Keeling)<\/option><option value=\"Cookinseln\">les \u00celes Cook<\/option><option value=\"Costa Rica\">Costa Rica<\/option><option value=\"Elfenbeink\u00fcste\">C\u00f4te d&#039;Ivoire<\/option><option value=\"Kuba\">Cuba<\/option><option value=\"Cura\u00e7ao\">Curacao<\/option><option value=\"Zypern\">Chypre<\/option><option value=\"Zypern\">Chypre<\/option><option value=\"Tschechische Republik\">R\u00e9publique tch\u00e8que<\/option><option value=\"D\u00e4nemark\">Danemark<\/option><option value=\"Dschibuti\">Djibouti<\/option><option value=\"Dominica\">Dominique<\/option><option value=\"Dominikanische Republik\">R\u00e9publique dominicaine<\/option><option value=\"Ecuador\">Equateur<\/option><option value=\"\u00c4gypten\">Egypte<\/option><option value=\"El Salvador\">Le Salvador<\/option><option value=\"\u00c4quatorialguinea\">Guin\u00e9e \u00c9quatoriale<\/option><option value=\"Eritrea\">\u00c9rythr\u00e9e<\/option><option value=\"Estland\">Estonie<\/option><option value=\"\u00c4thiopien\">Ethiopie<\/option><option value=\"Falklandinseln (Malvinas)\">\u00celes Falkland (Malouines)<\/option><option value=\"F\u00e4r\u00f6er\">\u00celes F\u00e9ro\u00e9<\/option><option value=\"Fidschi\">Fidji<\/option><option value=\"Finnland\">Finlande<\/option><option value=\"Frankreich\">France<\/option><option value=\"Franz\u00f6sisch-Guayana\">Guyane Fran\u00e7aise<\/option><option value=\"Franz\u00f6sisch-Polynesien\">Polyn\u00e9sie fran\u00e7aise<\/option><option value=\"Franz\u00f6sische S\u00fcdterritorien\">Terres australes fran\u00e7aises<\/option><option value=\"Gabun\">Gabon<\/option><option value=\"Gambia\">Gambie<\/option><option value=\"Georgien\">G\u00e9orgie<\/option><option value=\"Gibraltar\">Gibraltar<\/option><option value=\"Griechenland\">Gr\u00e8ce<\/option><option value=\"Gr\u00f6nland\">Groenland<\/option><option value=\"Grenada\">Grenade<\/option><option value=\"Guadeloupe\">Guadeloupe<\/option><option value=\"Guam\">Guam<\/option><option value=\"Guatemala\">Guatemala<\/option><option value=\"Guernsey\">Guernesey<\/option><option value=\"Guinea\">Guin\u00e9e<\/option><option value=\"Guinea-Bissau\">Guin\u00e9e Bissau<\/option><option value=\"Guyana\">Guyane<\/option><option value=\"Haiti\">Ha\u00efti<\/option><option value=\"Heard Island und McDonald Islands\">\u00cele Heard et \u00eele McDonald<\/option><option value=\"Heiliger Stuhl (Vatikanstadt)\">Saint-Si\u00e8ge (Cit\u00e9 du Vatican)<\/option><option value=\"Honduras\">Honduras<\/option><option value=\"Hongkong\">Hong Kong<\/option><option value=\"Ungarn\">Hongrie<\/option><option value=\"Island\">Islande<\/option><option value=\"Indien\">Inde<\/option><option value=\"Indonesien\">Indon\u00e9sie<\/option><option value=\"Iran\">L&#039;Iran<\/option><option value=\"Irak\">Irak<\/option><option value=\"Irland\">Irlande<\/option><option value=\"Isle of Man\">\u00eele de Man<\/option><option value=\"Israel\">Isra\u00ebl<\/option><option value=\"Italien\">Italie<\/option><option value=\"Jamaika\">Jama\u00efque<\/option><option value=\"Japan\">Japon<\/option><option value=\"Jersey\">Jersey<\/option><option value=\"Jordanien\">Jordan<\/option><option value=\"Kasachstan\">Kazakhstan<\/option><option value=\"Kasachstan\">Kazakhstan<\/option><option value=\"Kenia\">Kenya<\/option><option value=\"Kiribati\">Kiribati<\/option><option value=\"Kolumbien\">Colombie<\/option><option value=\"Komoren\">Comores<\/option><option value=\"Kongo\">Congo<\/option><option value=\"Korea S\u00fcd\">COREE DU SUD<\/option><option value=\"Kuwait\">Koweit<\/option><option value=\"Kirgisische Republik\">R\u00e9publique du Kirghizistan<\/option><option value=\"Laotische Demokratische Volksrepublik\">R\u00e9publique d\u00e9mocratique populaire lao<\/option><option value=\"Lettland\">Lettonie<\/option><option value=\"Libanon\">Liban<\/option><option value=\"Lesotho\">Lesotho<\/option><option value=\"Liberia\">Lib\u00e9ria<\/option><option value=\"Libysche Arabische Jamahiriya\">Jamahiriya arabe libyenne<\/option><option value=\"Litauen\">Lituanie<\/option><option value=\"Macao\">Macao<\/option><option value=\"Makedonien\">Mac\u00e9doine<\/option><option value=\"Madagaskar\">Madagascar<\/option><option value=\"Malawi\">Malawi<\/option><option value=\"Malaysia\">Malaisie<\/option><option value=\"Malediven\">Maldives<\/option><option value=\"Mali\">Mali<\/option><option value=\"Malta\">Malte<\/option><option value=\"Marshallinseln\">Iles Marshall<\/option><option value=\"Martinique\">Martinique<\/option><option value=\"Mauretanien\">Mauritanie<\/option><option value=\"Mauritius\">Maurice<\/option><option value=\"Mayotte\">Mayotte<\/option><option value=\"Mexiko\">Mexique<\/option><option value=\"Mikronesien\">Micron\u00e9sie<\/option><option value=\"Moldau\">Moldavie<\/option><option value=\"Monaco\">Monaco<\/option><option value=\"Mongolei\">Mongolie<\/option><option value=\"Montenegro\">Mont\u00e9n\u00e9gro<\/option><option value=\"Montserrat\">Montserrat<\/option><option value=\"Marokko\">Maroc<\/option><option value=\"Mosambik\">Mozambique<\/option><option value=\"Myanmar\">Birmanie<\/option><option value=\"Namibia\">Namibie<\/option><option value=\"Nauru\">Nauru<\/option><option value=\"Nepal\">N\u00e9pal<\/option><option value=\"Niederlande\">Pays-Bas<\/option><option value=\"Niederl\u00e4ndische Antillen\">Antilles n\u00e9erlandaises<\/option><option value=\"Neukaledonien\">Nouvelle Cal\u00e9donie<\/option><option value=\"Neuseeland\">Nouvelle-Z\u00e9lande<\/option><option value=\"Nicaragua\">Nicaragua<\/option><option value=\"Niger\">Niger<\/option><option value=\"Nigeria\">Nigeria<\/option><option value=\"Niue\">nouveau<\/option><option value=\"Norfolkinsel\">l&#039;ile de Norfolk<\/option><option value=\"N\u00f6rdliche Marianen\">\u00celes Mariannes du Nord<\/option><option value=\"Norwegen\">Norv\u00e8ge<\/option><option value=\"Oman\">Oman<\/option><option value=\"Pakistan\">Pakistan<\/option><option value=\"Palau\">Palaos<\/option><option value=\"Pal\u00e4stinensische Gebiete\">Territoires palestiniens<\/option><option value=\"Panama\">Panama<\/option><option value=\"Papua-Neuguinea\">Papouasie Nouvelle Guin\u00e9e<\/option><option value=\"Paraguay\">Paraguay<\/option><option value=\"Peru\">P\u00e9rou<\/option><option value=\"Philippinen\">Philippines<\/option><option value=\"Pitcairninseln\">\u00celes Pitcairn<\/option><option value=\"Polen\">Pologne<\/option><option value=\"Portugal\">le Portugal<\/option><option value=\"Puerto Rico\">Porto Rico<\/option><option value=\"Katar\">Qatar<\/option><option value=\"R\u00e9union\">R\u00e9union<\/option><option value=\"Rum\u00e4nien\">Roumanie<\/option><option value=\"Russische F\u00f6deration\">F\u00e9d\u00e9ration Russe<\/option><option value=\"Ruanda\">Rwanda<\/option><option value=\"Sankt Barth\u00e9lemy\">Saint Barth\u00e9lemy<\/option><option value=\"Heilige Helena\">Sainte-H\u00e9l\u00e8ne<\/option><option value=\"Heilige Kitts und Nevis\">Saint-Christophe-et-Ni\u00e9v\u00e8s<\/option><option value=\"Heilige Lucia\">Sainte Lucie<\/option><option value=\"Heilige Martin\">Saint Martin<\/option><option value=\"Saint Pierre und Miquelon\">Saint-Pierre-et-Miquelon<\/option><option value=\"St. Vincent und die Grenadinen\">Saint-Vincent-et-les Grenadines<\/option><option value=\"Sambia\">Zambie<\/option><option value=\"Samoa\">Samoa<\/option><option value=\"San Marino\">Saint Marin<\/option><option value=\"Sao Tome und Principe\">Sao Tom\u00e9 et Principe<\/option><option value=\"Saudi-Arabien\">Arabie Saoudite<\/option><option value=\"Senegal\">S\u00e9n\u00e9gal<\/option><option value=\"Serbien\">Serbie<\/option><option value=\"Seychellen\">les Seychelles<\/option><option value=\"Sierra Leone\">Sierra Leone<\/option><option value=\"Simbabwe\">Zimbabwe<\/option><option value=\"Singapur\">Singapour<\/option><option value=\"Sint Maarten (Niederlande)\">Saint-Martin (Pays-Bas)<\/option><option value=\"Slowakei (Slowakische Republik)\">Slovaquie (R\u00e9publique slovaque)<\/option><option value=\"Slowenien\">Slov\u00e9nie<\/option><option value=\"Salomonen\">Les \u00eeles Salomon<\/option><option value=\"Somalia\">Somalie<\/option><option value=\"S\u00fcdafrika\">Afrique du Sud<\/option><option value=\"S\u00fcdgeorgien &amp; S. Sandwichinseln\">G\u00e9orgie du Sud et \u00eeles Sandwich du Sud<\/option><option value=\"Spanien\">Espagne<\/option><option value=\"Sri Lanka\">Sri Lanka<\/option><option value=\"Sudan\">Soudan<\/option><option value=\"Suriname\">Suriname<\/option><option value=\"Svalbard &amp; Jan Mayen Inseln\">\u00celes Svalbard et Jan Mayen<\/option><option value=\"Swasiland\">Swaziland<\/option><option value=\"Schweden\">Su\u00e8de<\/option><option value=\"Syrische Arabische Republik\">R\u00e9publique arabe syrienne<\/option><option value=\"Taiwan\">Ta\u00efwan<\/option><option value=\"Tadschikistan\">Tadjikistan<\/option><option value=\"Tansania\">Tanzanie<\/option><option value=\"Timor-Leste\">Timor Oriental<\/option><option value=\"Togo\">Aller<\/option><option value=\"Tokelau\">Tok\u00e9laou<\/option><option value=\"Tonga\">Tonga<\/option><option value=\"Trinidad und Tobago\">Trinit\u00e9-et-Tobago<\/option><option value=\"Tunesien\">Tunisie<\/option><option value=\"T\u00fcrkei\">Turquie<\/option><option value=\"Turkmenistan\">Turkm\u00e9nistan<\/option><option value=\"Turks- und Caicosinseln\">\u00eeles Turques-et-Ca\u00efques<\/option><option value=\"Tuvalu\">Tuvalu<\/option><option value=\"Upper Minor Outlying Islands\">\u00celes mineures \u00e9loign\u00e9es sup\u00e9rieures<\/option><option value=\"Uganda\">Ouganda<\/option><option value=\"Ukraine\">Ukraine<\/option><option value=\"Vereinigte Arabische Emirate\">Emirats Arabes Unis<\/option><option value=\"Vereinigte Staaten von Amerika\">les \u00e9tats-unis d&#039;Am\u00e9rique<\/option><option value=\"Vereinigtes K\u00f6nigreich\">Royaume-Uni<\/option><option value=\"Uruguay\">Uruguay<\/option><option value=\"Usbekistan\">Ouzb\u00e9kistan<\/option><option value=\"Vanuatu\">Vanuatu<\/option><option value=\"Venezuela\">Venezuela<\/option><option value=\"Vietnam\">Vi\u00eat Nam<\/option><option value=\"Wallis und Futuna\">Wallis et Futuna<\/option><option value=\"Westsahara\">Sahara occidental<\/option><option value=\"Jemen\">Y\u00e9men<\/option><\/select><\/span> <\/label>\n\t<\/p>\n\t<p><label> adresse <span class=\"wpcf7-form-control-wrap\" data-name=\"address\"><input size=\"40\" class=\"wpcf7-form-control wpcf7-text\" aria-invalid=\"false\" value=\"\" type=\"text\" name=\"address\" \/><\/span> <\/label>\n\t<\/p>\n<\/div>\n<div class=\"one-half last\">\n\t<p><label> Concernant <span class=\"wpcf7-form-control-wrap subject-name\"><input name=\"subject-name\" class=\"wpcf7-form-control wpcf7dtx-dynamictext wpcf7-dynamictext\" size=\"40\" aria-invalid=\"false\" type=\"text\" value=\"Metallverarbeitende Industrie\" \/><\/span><\/label>\n\t<\/p>\n\t<p><label> Nouvelles* <span class=\"wpcf7-form-control-wrap\" data-name=\"your-message\"><textarea cols=\"40\" rows=\"10\" class=\"wpcf7-form-control wpcf7-textarea\" aria-invalid=\"false\" name=\"your-message\"><\/textarea><\/span> <\/label>\n\t<\/p>\n\t<p><span class=\"wpcf7-form-control-wrap\" data-name=\"checkbox-403\"><span class=\"wpcf7-form-control wpcf7-checkbox wpcf7-validates-as-required\"><span class=\"wpcf7-list-item first last\"><label><input type=\"checkbox\" name=\"checkbox-403[]\" value=\"Ehrler &amp; Beck verwendet die zur Verf\u00fcgung gestellten Informationen nur zu Kontaktzwecken, Details entnehmen Sie bitte unserer Datenschutzerkl\u00e4rung.\" \/><span class=\"wpcf7-list-item-label\">Ehrler &amp; Beck n&#039;utilise les informations fournies qu&#039;\u00e0 des fins de contact. Veuillez vous r\u00e9f\u00e9rer \u00e0 notre d\u00e9claration de protection des donn\u00e9es pour plus de d\u00e9tails.<\/span><\/label><\/span><\/span><\/span>\n\t<\/p>\n\t<p><span style=\"font-size: 10pt;\">*Champs obligatoires<\/span>\n\t<\/p>\n<\/div>\n<div class=\"tiaro-button-wrapper tiaro-alignright\">\n\t<p><input class=\"wpcf7-form-control has-spinner wpcf7-submit\" type=\"submit\" value=\"ENVOYER UNE DEMANDE\" \/>\n\t<\/p>\n<\/div>\n<p>&nbsp;\n<\/p><div class=\"tiaro-alert alert custom alert-custom tiaro-alert-center wpcf7-response-output alert-dismissable\" style=\"--awb-border-size:1px;\" role=\"alert\"><div class=\"tiaro-alert-content-wrapper\"><span class=\"tiaro-alert-content\"><\/span><\/div><button type=\"button\" class=\"close toggle-alert\" data-dismiss=\"alert\" aria-label=\"Close\">\u00d7<\/button><\/div>\n<input type=\"hidden\" name=\"trp-form-language\" value=\"fr\"\/><\/form>\n<\/div>\n\n<\/div><\/div><\/div><\/div><\/div><\/p>","protected":false},"excerpt":{"rendered":"","protected":false},"author":1,"featured_media":0,"parent":8784,"menu_order":0,"comment_status":"closed","ping_status":"closed","template":"100-width.php","meta":{"footnotes":""},"class_list":["post-9052","page","type-page","status-publish","hentry"],"acf":[],"_links":{"self":[{"href":"https:\/\/ehrler-beck.com\/fr\/wp-json\/wp\/v2\/pages\/9052","targetHints":{"allow":["GET"]}}],"collection":[{"href":"https:\/\/ehrler-beck.com\/fr\/wp-json\/wp\/v2\/pages"}],"about":[{"href":"https:\/\/ehrler-beck.com\/fr\/wp-json\/wp\/v2\/types\/page"}],"author":[{"embeddable":true,"href":"https:\/\/ehrler-beck.com\/fr\/wp-json\/wp\/v2\/users\/1"}],"replies":[{"embeddable":true,"href":"https:\/\/ehrler-beck.com\/fr\/wp-json\/wp\/v2\/comments?post=9052"}],"version-history":[{"count":0,"href":"https:\/\/ehrler-beck.com\/fr\/wp-json\/wp\/v2\/pages\/9052\/revisions"}],"up":[{"embeddable":true,"href":"https:\/\/ehrler-beck.com\/fr\/wp-json\/wp\/v2\/pages\/8784"}],"wp:attachment":[{"href":"https:\/\/ehrler-beck.com\/fr\/wp-json\/wp\/v2\/media?parent=9052"}],"curies":[{"name":"wp","href":"https:\/\/api.w.org\/{rel}","templated":true}]}}