{"id":8211,"date":"2017-12-04T10:09:57","date_gmt":"2017-12-04T09:09:57","guid":{"rendered":"http:\/\/ehrler-beck.com\/produkte\/systems-and-equipment"},"modified":"2018-02-27T15:40:25","modified_gmt":"2018-02-27T14:40:25","slug":"systeme-und-anlagen","status":"publish","type":"page","link":"https:\/\/ehrler-beck.com\/fr\/des-produits\/systemes-et-installations","title":{"rendered":"syst\u00e8mes et installations"},"content":{"rendered":"<div class=\"tiaro-fullwidth fullwidth-box tiaro-builder-row-1 tiaro-flex-container nonhundred-percent-fullwidth non-hundred-percent-height-scrolling\" style=\"--awb-border-radius-top-left:0px;--awb-border-radius-top-right:0px;--awb-border-radius-bottom-right:0px;--awb-border-radius-bottom-left:0px;\" ><div class=\"tiaro-builder-row tiaro-row tiaro-flex-align-items-flex-start\" style=\"max-width:1404px;margin-left: calc(-4% \/ 2 );margin-right: calc(-4% \/ 2 );\"><div class=\"tiaro-layout-column tiaro_builder_column tiaro-builder-column-0 tiaro_builder_column_1_1 1_1 tiaro-flex-column\" style=\"--awb-bg-size:cover;--awb-width-large:100%;--awb-margin-top-large:0px;--awb-spacing-right-large:1.92%;--awb-margin-bottom-large:5px;--awb-spacing-left-large:1.92%;--awb-width-medium:100%;--awb-spacing-right-medium:1.92%;--awb-spacing-left-medium:1.92%;--awb-width-small:100%;--awb-spacing-right-small:1.92%;--awb-spacing-left-small:1.92%;\"><div class=\"tiaro-column-wrapper tiaro-flex-justify-content-flex-start tiaro-content-layout-column\"><div class=\"tiaro-text tiaro-text-1\"><h1>SYST\u00c8MES ET \u00c9QUIPEMENTS<\/h1>\n<\/div><div class=\"tiaro-separator tiaro-full-width-sep\" style=\"align-self: center;margin-left: auto;margin-right: auto;width:100%;\"><div class=\"tiaro-separator-border sep-shadow\" style=\"--awb-height:20px;--awb-amount:20px;--awb-sep-color:#00b3a7;background:radial-gradient(ellipse at 50% -50% , #00b3a7 0px, rgba(255, 255, 255, 0) 80%) repeat scroll 0 0 rgba(0, 0, 0, 0);background:-webkit-radial-gradient(ellipse at 50% -50% , #00b3a7 0px, rgba(255, 255, 255, 0) 80%) repeat scroll 0 0 rgba(0, 0, 0, 0);background:-moz-radial-gradient(ellipse at 50% -50% , #00b3a7 0px, rgba(255, 255, 255, 0) 80%) repeat scroll 0 0 rgba(0, 0, 0, 0);background:-o-radial-gradient(ellipse at 50% -50% , #00b3a7 0px, rgba(255, 255, 255, 0) 80%) repeat scroll 0 0 rgba(0, 0, 0, 0);\"><\/div><\/div><\/div><\/div><div class=\"tiaro-layout-column tiaro_builder_column tiaro-builder-column-1 tiaro_builder_column_1_2 1_2 tiaro-flex-column\" style=\"--awb-bg-size:cover;--awb-width-large:50%;--awb-margin-top-large:0px;--awb-spacing-right-large:3.84%;--awb-margin-bottom-large:5px;--awb-spacing-left-large:3.84%;--awb-width-medium:50%;--awb-spacing-right-medium:3.84%;--awb-spacing-left-medium:3.84%;--awb-width-small:100%;--awb-spacing-right-small:1.92%;--awb-spacing-left-small:1.92%;\"><div class=\"tiaro-column-wrapper tiaro-flex-justify-content-flex-start tiaro-content-layout-column\"><div class=\"tiaro-text tiaro-text-2\"><p><span class=\"intro-text\"><span class=\"color-primary\">Solutions syst\u00e8me et \u00e9conomie<\/span><\/span><\/p>\n<p><span class=\"intro-text\">Avant de vous vendre quelque chose, nous attachons une grande importance \u00e0 vous donner des conseils objectifs. Une flexibilit\u00e9, une planification et une ing\u00e9nierie \u00e9lev\u00e9es vous garantissent des syst\u00e8mes rentables. Les crit\u00e8res suivants jouent un r\u00f4le important lors du choix d&#039;une alimentation en vide et en air comprim\u00e9 \u00e9conomique\u00a0:<\/span><\/p>\n<ul>\n<li>un grand choix de produits<\/li>\n<li>des conseils innovants et comp\u00e9tents<\/li>\n<li>accompagnement individuel<\/li>\n<li>service client fiable<\/li>\n<\/ul>\n<\/div><\/div><\/div><div class=\"tiaro-layout-column tiaro_builder_column tiaro-builder-column-2 tiaro_builder_column_1_2 1_2 tiaro-flex-column\" style=\"--awb-bg-size:cover;--awb-width-large:50%;--awb-margin-top-large:0px;--awb-spacing-right-large:3.84%;--awb-margin-bottom-large:5px;--awb-spacing-left-large:3.84%;--awb-width-medium:50%;--awb-spacing-right-medium:3.84%;--awb-spacing-left-medium:3.84%;--awb-width-small:100%;--awb-spacing-right-small:1.92%;--awb-spacing-left-small:1.92%;\"><div class=\"tiaro-column-wrapper tiaro-flex-justify-content-flex-start tiaro-content-layout-column\"><div class=\"tiaro-image-carousel tiaro-image-carousel-auto tiaro-image-carousel-1 lightbox-enabled\"><div class=\"awb-carousel awb-swiper awb-swiper-carousel\" data-autoplay=\"yes\" data-columns=\"2\" data-itemmargin=\"10\" data-itemwidth=\"180\" data-touchscroll=\"no\" data-imagesize=\"auto\" style=\"--awb-columns:2;--awb-column-spacing:10px;\"><div class=\"swiper-wrapper awb-image-carousel-wrapper tiaro-flex-align-items-center\"><div class=\"swiper-slide\"><div class=\"tiaro-carousel-item-wrapper\"><div class=\"tiaro-image-wrapper hover-type-zoomin\"><a data-rel=\"iLightbox[image_carousel_1]\" data-title=\"Systems and Equipement (7)\" aria-label=\"Syst\u00e8mes et \u00e9quipements (7)\" href=\"https:\/\/ehrler-beck.com\/wp-content\/uploads\/2017\/12\/Systems-and-Equipement-7-683x1024.jpg\" target=\"_self\"><img decoding=\"async\" width=\"1300\" height=\"1950\" src=\"https:\/\/ehrler-beck.com\/wp-content\/uploads\/2017\/12\/Systems-and-Equipement-7.jpg\" class=\"attachment-full size-full lazyload\" alt=\"\" srcset=\"data:image\/svg+xml,%3Csvg%20xmlns%3D%27http%3A%2F%2Fwww.w3.org%2F2000%2Fsvg%27%20width%3D%271300%27%20height%3D%271950%27%20viewBox%3D%270%200%201300%201950%27%3E%3Crect%20width%3D%271300%27%20height%3D%271950%27%20fill-opacity%3D%220%22%2F%3E%3C%2Fsvg%3E\" data-orig-src=\"https:\/\/ehrler-beck.com\/wp-content\/uploads\/2017\/12\/Systems-and-Equipement-7.jpg\" data-srcset=\"https:\/\/ehrler-beck.com\/wp-content\/uploads\/2017\/12\/Systems-and-Equipement-7-200x300.jpg 200w, https:\/\/ehrler-beck.com\/wp-content\/uploads\/2017\/12\/Systems-and-Equipement-7-400x600.jpg 400w, https:\/\/ehrler-beck.com\/wp-content\/uploads\/2017\/12\/Systems-and-Equipement-7-600x900.jpg 600w, https:\/\/ehrler-beck.com\/wp-content\/uploads\/2017\/12\/Systems-and-Equipement-7-800x1200.jpg 800w, https:\/\/ehrler-beck.com\/wp-content\/uploads\/2017\/12\/Systems-and-Equipement-7-1200x1800.jpg 1200w, https:\/\/ehrler-beck.com\/wp-content\/uploads\/2017\/12\/Systems-and-Equipement-7.jpg 1300w\" data-sizes=\"auto\" \/><\/a><\/div><\/div><\/div><div class=\"swiper-slide\"><div class=\"tiaro-carousel-item-wrapper\"><div class=\"tiaro-image-wrapper hover-type-zoomin\"><a data-rel=\"iLightbox[image_carousel_1]\" data-caption=\"Systems and Equipment\" data-title=\"Systems and Equipment\" aria-label=\"Syst\u00e8mes et \u00e9quipement\" href=\"https:\/\/ehrler-beck.com\/wp-content\/uploads\/2017\/12\/Systems-and-Equipement-6-682x1024.jpg\" target=\"_self\"><img decoding=\"async\" width=\"866\" height=\"1300\" src=\"https:\/\/ehrler-beck.com\/wp-content\/uploads\/2017\/12\/Systems-and-Equipement-6.jpg\" class=\"attachment-full size-full lazyload\" alt=\"\" srcset=\"data:image\/svg+xml,%3Csvg%20xmlns%3D%27http%3A%2F%2Fwww.w3.org%2F2000%2Fsvg%27%20width%3D%27866%27%20height%3D%271300%27%20viewBox%3D%270%200%20866%201300%27%3E%3Crect%20width%3D%27866%27%20height%3D%271300%27%20fill-opacity%3D%220%22%2F%3E%3C%2Fsvg%3E\" data-orig-src=\"https:\/\/ehrler-beck.com\/wp-content\/uploads\/2017\/12\/Systems-and-Equipement-6.jpg\" data-srcset=\"https:\/\/ehrler-beck.com\/wp-content\/uploads\/2017\/12\/Systems-and-Equipement-6-200x300.jpg 200w, https:\/\/ehrler-beck.com\/wp-content\/uploads\/2017\/12\/Systems-and-Equipement-6-400x600.jpg 400w, https:\/\/ehrler-beck.com\/wp-content\/uploads\/2017\/12\/Systems-and-Equipement-6-600x901.jpg 600w, https:\/\/ehrler-beck.com\/wp-content\/uploads\/2017\/12\/Systems-and-Equipement-6-800x1201.jpg 800w, https:\/\/ehrler-beck.com\/wp-content\/uploads\/2017\/12\/Systems-and-Equipement-6.jpg 866w\" data-sizes=\"auto\" \/><\/a><\/div><\/div><\/div><div class=\"swiper-slide\"><div class=\"tiaro-carousel-item-wrapper\"><div class=\"tiaro-image-wrapper hover-type-zoomin\"><a data-rel=\"iLightbox[image_carousel_1]\" data-caption=\"Systems and Equipment Air Cabinet\" data-title=\"Systems and Equipment Air Cabinet\" aria-label=\"Syst\u00e8mes et \u00e9quipement Armoire \u00e0 air\" href=\"https:\/\/ehrler-beck.com\/wp-content\/uploads\/2017\/12\/Systems-and-Equipement-1-683x1024.jpg\" target=\"_self\"><img decoding=\"async\" width=\"1300\" height=\"1950\" src=\"https:\/\/ehrler-beck.com\/wp-content\/uploads\/2017\/12\/Systems-and-Equipement-1.jpg\" class=\"attachment-full size-full lazyload\" alt=\"\" srcset=\"data:image\/svg+xml,%3Csvg%20xmlns%3D%27http%3A%2F%2Fwww.w3.org%2F2000%2Fsvg%27%20width%3D%271300%27%20height%3D%271950%27%20viewBox%3D%270%200%201300%201950%27%3E%3Crect%20width%3D%271300%27%20height%3D%271950%27%20fill-opacity%3D%220%22%2F%3E%3C%2Fsvg%3E\" data-orig-src=\"https:\/\/ehrler-beck.com\/wp-content\/uploads\/2017\/12\/Systems-and-Equipement-1.jpg\" data-srcset=\"https:\/\/ehrler-beck.com\/wp-content\/uploads\/2017\/12\/Systems-and-Equipement-1-200x300.jpg 200w, https:\/\/ehrler-beck.com\/wp-content\/uploads\/2017\/12\/Systems-and-Equipement-1-400x600.jpg 400w, https:\/\/ehrler-beck.com\/wp-content\/uploads\/2017\/12\/Systems-and-Equipement-1-600x900.jpg 600w, https:\/\/ehrler-beck.com\/wp-content\/uploads\/2017\/12\/Systems-and-Equipement-1-800x1200.jpg 800w, https:\/\/ehrler-beck.com\/wp-content\/uploads\/2017\/12\/Systems-and-Equipement-1-1200x1800.jpg 1200w, https:\/\/ehrler-beck.com\/wp-content\/uploads\/2017\/12\/Systems-and-Equipement-1.jpg 1300w\" data-sizes=\"auto\" \/><\/a><\/div><\/div><\/div><div class=\"swiper-slide\"><div class=\"tiaro-carousel-item-wrapper\"><div class=\"tiaro-image-wrapper hover-type-zoomin\"><a data-rel=\"iLightbox[image_carousel_1]\" data-caption=\"Systems and Equipement Air Cabinet\" data-title=\"Systems and Equipement Air Cabinet\" aria-label=\"Syst\u00e8mes et \u00e9quipement Armoire \u00e0 air\" href=\"https:\/\/ehrler-beck.com\/wp-content\/uploads\/2017\/12\/Systems-and-Equipement-2-683x1024.jpg\" target=\"_self\"><img decoding=\"async\" width=\"1300\" height=\"1950\" src=\"https:\/\/ehrler-beck.com\/wp-content\/uploads\/2017\/12\/Systems-and-Equipement-2.jpg\" class=\"attachment-full size-full lazyload\" alt=\"\" srcset=\"data:image\/svg+xml,%3Csvg%20xmlns%3D%27http%3A%2F%2Fwww.w3.org%2F2000%2Fsvg%27%20width%3D%271300%27%20height%3D%271950%27%20viewBox%3D%270%200%201300%201950%27%3E%3Crect%20width%3D%271300%27%20height%3D%271950%27%20fill-opacity%3D%220%22%2F%3E%3C%2Fsvg%3E\" data-orig-src=\"https:\/\/ehrler-beck.com\/wp-content\/uploads\/2017\/12\/Systems-and-Equipement-2.jpg\" data-srcset=\"https:\/\/ehrler-beck.com\/wp-content\/uploads\/2017\/12\/Systems-and-Equipement-2-200x300.jpg 200w, https:\/\/ehrler-beck.com\/wp-content\/uploads\/2017\/12\/Systems-and-Equipement-2-400x600.jpg 400w, https:\/\/ehrler-beck.com\/wp-content\/uploads\/2017\/12\/Systems-and-Equipement-2-600x900.jpg 600w, https:\/\/ehrler-beck.com\/wp-content\/uploads\/2017\/12\/Systems-and-Equipement-2-800x1200.jpg 800w, https:\/\/ehrler-beck.com\/wp-content\/uploads\/2017\/12\/Systems-and-Equipement-2-1200x1800.jpg 1200w, https:\/\/ehrler-beck.com\/wp-content\/uploads\/2017\/12\/Systems-and-Equipement-2.jpg 1300w\" data-sizes=\"auto\" \/><\/a><\/div><\/div><\/div><div class=\"swiper-slide\"><div class=\"tiaro-carousel-item-wrapper\"><div class=\"tiaro-image-wrapper hover-type-zoomin\"><a data-rel=\"iLightbox[image_carousel_1]\" data-caption=\"Systems and Equipement Air Cabinet\" data-title=\"Systems and Equipement Air Cabinet\" aria-label=\"Syst\u00e8mes et \u00e9quipement Armoire \u00e0 air\" href=\"https:\/\/ehrler-beck.com\/wp-content\/uploads\/2017\/12\/Systems-and-Equipement-4-683x1024.jpg\" target=\"_self\"><img decoding=\"async\" width=\"1300\" height=\"1950\" src=\"https:\/\/ehrler-beck.com\/wp-content\/uploads\/2017\/12\/Systems-and-Equipement-4.jpg\" class=\"attachment-full size-full lazyload\" alt=\"\" srcset=\"data:image\/svg+xml,%3Csvg%20xmlns%3D%27http%3A%2F%2Fwww.w3.org%2F2000%2Fsvg%27%20width%3D%271300%27%20height%3D%271950%27%20viewBox%3D%270%200%201300%201950%27%3E%3Crect%20width%3D%271300%27%20height%3D%271950%27%20fill-opacity%3D%220%22%2F%3E%3C%2Fsvg%3E\" data-orig-src=\"https:\/\/ehrler-beck.com\/wp-content\/uploads\/2017\/12\/Systems-and-Equipement-4.jpg\" data-srcset=\"https:\/\/ehrler-beck.com\/wp-content\/uploads\/2017\/12\/Systems-and-Equipement-4-200x300.jpg 200w, https:\/\/ehrler-beck.com\/wp-content\/uploads\/2017\/12\/Systems-and-Equipement-4-400x600.jpg 400w, https:\/\/ehrler-beck.com\/wp-content\/uploads\/2017\/12\/Systems-and-Equipement-4-600x900.jpg 600w, https:\/\/ehrler-beck.com\/wp-content\/uploads\/2017\/12\/Systems-and-Equipement-4-800x1200.jpg 800w, https:\/\/ehrler-beck.com\/wp-content\/uploads\/2017\/12\/Systems-and-Equipement-4-1200x1800.jpg 1200w, https:\/\/ehrler-beck.com\/wp-content\/uploads\/2017\/12\/Systems-and-Equipement-4.jpg 1300w\" data-sizes=\"auto\" \/><\/a><\/div><\/div><\/div><div class=\"swiper-slide\"><div class=\"tiaro-carousel-item-wrapper\"><div class=\"tiaro-image-wrapper hover-type-zoomin\"><a data-rel=\"iLightbox[image_carousel_1]\" data-caption=\"Systems and Equipment\" data-title=\"Systems and Equipment\" aria-label=\"Syst\u00e8mes et \u00e9quipement\" href=\"https:\/\/ehrler-beck.com\/wp-content\/uploads\/2017\/12\/Systems-and-Equipement-5.jpg\" target=\"_self\"><img decoding=\"async\" width=\"1300\" height=\"1950\" src=\"https:\/\/ehrler-beck.com\/wp-content\/uploads\/2017\/12\/Systems-and-Equipement-5.jpg\" class=\"attachment-full size-full lazyload\" alt=\"\" srcset=\"data:image\/svg+xml,%3Csvg%20xmlns%3D%27http%3A%2F%2Fwww.w3.org%2F2000%2Fsvg%27%20width%3D%271300%27%20height%3D%271950%27%20viewBox%3D%270%200%201300%201950%27%3E%3Crect%20width%3D%271300%27%20height%3D%271950%27%20fill-opacity%3D%220%22%2F%3E%3C%2Fsvg%3E\" data-orig-src=\"https:\/\/ehrler-beck.com\/wp-content\/uploads\/2017\/12\/Systems-and-Equipement-5.jpg\" data-srcset=\"https:\/\/ehrler-beck.com\/wp-content\/uploads\/2017\/12\/Systems-and-Equipement-5-200x300.jpg 200w, https:\/\/ehrler-beck.com\/wp-content\/uploads\/2017\/12\/Systems-and-Equipement-5-400x600.jpg 400w, https:\/\/ehrler-beck.com\/wp-content\/uploads\/2017\/12\/Systems-and-Equipement-5-600x900.jpg 600w, https:\/\/ehrler-beck.com\/wp-content\/uploads\/2017\/12\/Systems-and-Equipement-5-800x1200.jpg 800w, https:\/\/ehrler-beck.com\/wp-content\/uploads\/2017\/12\/Systems-and-Equipement-5-1200x1800.jpg 1200w, https:\/\/ehrler-beck.com\/wp-content\/uploads\/2017\/12\/Systems-and-Equipement-5.jpg 1300w\" data-sizes=\"auto\" \/><\/a><\/div><\/div><\/div><div class=\"swiper-slide\"><div class=\"tiaro-carousel-item-wrapper\"><div class=\"tiaro-image-wrapper hover-type-zoomin\"><a data-rel=\"iLightbox[image_carousel_1]\" data-title=\"Liquid Ring Units\" aria-label=\"Unit\u00e9s \u00e0 anneau liquide\" href=\"https:\/\/ehrler-beck.com\/wp-content\/uploads\/2017\/12\/Liquid-Ring-Units.jpg\" target=\"_self\"><img decoding=\"async\" width=\"800\" height=\"800\" src=\"https:\/\/ehrler-beck.com\/wp-content\/uploads\/2017\/12\/Liquid-Ring-Units.jpg\" class=\"attachment-full size-full lazyload\" alt=\"\" srcset=\"data:image\/svg+xml,%3Csvg%20xmlns%3D%27http%3A%2F%2Fwww.w3.org%2F2000%2Fsvg%27%20width%3D%27800%27%20height%3D%27800%27%20viewBox%3D%270%200%20800%20800%27%3E%3Crect%20width%3D%27800%27%20height%3D%27800%27%20fill-opacity%3D%220%22%2F%3E%3C%2Fsvg%3E\" data-orig-src=\"https:\/\/ehrler-beck.com\/wp-content\/uploads\/2017\/12\/Liquid-Ring-Units.jpg\" data-srcset=\"https:\/\/ehrler-beck.com\/wp-content\/uploads\/2017\/12\/Liquid-Ring-Units-200x200.jpg 200w, https:\/\/ehrler-beck.com\/wp-content\/uploads\/2017\/12\/Liquid-Ring-Units-400x400.jpg 400w, https:\/\/ehrler-beck.com\/wp-content\/uploads\/2017\/12\/Liquid-Ring-Units-600x600.jpg 600w, https:\/\/ehrler-beck.com\/wp-content\/uploads\/2017\/12\/Liquid-Ring-Units.jpg 800w\" data-sizes=\"auto\" \/><\/a><\/div><\/div><\/div><\/div><div class=\"awb-swiper-button awb-swiper-button-prev\"><i class=\"awb-icon-angle-left\" aria-hidden=\"true\"><\/i><\/div><div class=\"awb-swiper-button awb-swiper-button-next\"><i class=\"awb-icon-angle-right\" aria-hidden=\"true\"><\/i><\/div><\/div><\/div><\/div><\/div><div class=\"tiaro-layout-column tiaro_builder_column tiaro-builder-column-3 tiaro_builder_column_1_3 1_3 tiaro-flex-column\" style=\"--awb-padding-top:8px;--awb-padding-right:8px;--awb-padding-bottom:8px;--awb-padding-left:8px;--awb-bg-color:#dbdbdb;--awb-bg-size:cover;--awb-width-large:33.333333333333%;--awb-margin-top-large:0px;--awb-spacing-right-large:3.8399999999999%;--awb-margin-bottom-large:5px;--awb-spacing-left-large:5.76%;--awb-width-medium:33.333333333333%;--awb-spacing-right-medium:3.8399999999999%;--awb-spacing-left-medium:5.76%;--awb-width-small:100%;--awb-spacing-right-small:1.92%;--awb-spacing-left-small:1.92%;\"><div class=\"tiaro-column-wrapper tiaro-flex-justify-content-center tiaro-content-layout-column\"><div class=\"tiaro-text tiaro-text-3\"><p><span class=\"intro-text\">N&#039;h\u00e9sitez pas \u00e0 nous contacter pour plus d&#039;informations:<\/span><\/p>\n<p style=\"padding-left: 30px;\"><span class=\"intro-text\">e-mail: <span class=\"color-primary\">info@ehrler-beck.com<\/span><\/span><\/p>\n<p style=\"padding-left: 30px;\"><span class=\"intro-text\">t\u00e9l\u00e9phone: <span class=\"color-primary\">+49 (0) 7159 \/ 4085-0<\/span><\/span><\/p>\n<div class=\"tiaro-alignright\"><a class=\"tiaro-button button-flat button-medium button-default tiaro-button-default button-1 tiaro-button-default-span tiaro-button-default-type\" style=\"--button-border-radius-top-left:25px;--button-border-radius-top-right:25px;--button-border-radius-bottom-right:25px;--button-border-radius-bottom-left:25px;\" target=\"_blank\" rel=\"noopener noreferrer\" href=\"https:\/\/ehrler-beck.com\/fr\/kotaktn\/\"><span class=\"tiaro-button-text tiaro-button-text-right\">CONTACTEZ-NOUS<\/span><span class=\"tiaro-button-icon-divider button-icon-divider-right\"><i class=\"fa fa-comments-o\" aria-hidden=\"true\"><\/i><\/span><\/a><\/div>\n<\/div><\/div><\/div><\/div><\/div>","protected":false},"excerpt":{"rendered":"","protected":false},"author":1,"featured_media":0,"parent":14,"menu_order":0,"comment_status":"closed","ping_status":"closed","template":"","meta":{"footnotes":""},"class_list":["post-8211","page","type-page","status-publish","hentry"],"acf":[],"_links":{"self":[{"href":"https:\/\/ehrler-beck.com\/fr\/wp-json\/wp\/v2\/pages\/8211","targetHints":{"allow":["GET"]}}],"collection":[{"href":"https:\/\/ehrler-beck.com\/fr\/wp-json\/wp\/v2\/pages"}],"about":[{"href":"https:\/\/ehrler-beck.com\/fr\/wp-json\/wp\/v2\/types\/page"}],"author":[{"embeddable":true,"href":"https:\/\/ehrler-beck.com\/fr\/wp-json\/wp\/v2\/users\/1"}],"replies":[{"embeddable":true,"href":"https:\/\/ehrler-beck.com\/fr\/wp-json\/wp\/v2\/comments?post=8211"}],"version-history":[{"count":0,"href":"https:\/\/ehrler-beck.com\/fr\/wp-json\/wp\/v2\/pages\/8211\/revisions"}],"up":[{"embeddable":true,"href":"https:\/\/ehrler-beck.com\/fr\/wp-json\/wp\/v2\/pages\/14"}],"wp:attachment":[{"href":"https:\/\/ehrler-beck.com\/fr\/wp-json\/wp\/v2\/media?parent=8211"}],"curies":[{"name":"wp","href":"https:\/\/api.w.org\/{rel}","templated":true}]}}