{"id":7854,"date":"2017-11-30T13:40:12","date_gmt":"2017-11-30T12:40:12","guid":{"rendered":"http:\/\/ehrler-beck.com\/hersteller\/boge"},"modified":"2018-01-09T14:17:03","modified_gmt":"2018-01-09T13:17:03","slug":"boge","status":"publish","type":"page","link":"https:\/\/ehrler-beck.com\/fr\/fabricant\/arc","title":{"rendered":"BOGE"},"content":{"rendered":"<p><div class=\"tiaro-fullwidth fullwidth-box tiaro-builder-row-1 tiaro-flex-container nonhundred-percent-fullwidth non-hundred-percent-height-scrolling\" style=\"--awb-border-radius-top-left:0px;--awb-border-radius-top-right:0px;--awb-border-radius-bottom-right:0px;--awb-border-radius-bottom-left:0px;\" ><div class=\"tiaro-builder-row tiaro-row tiaro-flex-align-items-flex-start\" style=\"max-width:calc( 1350px + 0px );margin-left: calc(-0px \/ 2 );margin-right: calc(-0px \/ 2 );\"><div class=\"tiaro-layout-column tiaro_builder_column tiaro-builder-column-0 tiaro_builder_column_1_1 1_1 tiaro-flex-column\" style=\"--awb-bg-size:cover;--awb-width-large:100%;--awb-margin-top-large:0px;--awb-spacing-right-large:0px;--awb-margin-bottom-large:0px;--awb-spacing-left-large:0px;--awb-width-medium:100%;--awb-spacing-right-medium:0px;--awb-spacing-left-medium:0px;--awb-width-small:100%;--awb-spacing-right-small:0px;--awb-spacing-left-small:0px;\"><div class=\"tiaro-column-wrapper tiaro-flex-justify-content-flex-start tiaro-content-layout-column\"><div class=\"tiaro-text tiaro-text-1\"><p><img decoding=\"async\" class=\"lazyload aligncenter size-medium wp-image-7846\" src=\"https:\/\/ehrler-beck.com\/wp-content\/uploads\/2017\/11\/BOGE-Logo-300x63.jpg\" data-orig-src=\"https:\/\/ehrler-beck.com\/wp-content\/uploads\/2017\/11\/BOGE-Logo-300x63.jpg\" alt=\"\" width=\"300\" height=\"63\" srcset=\"data:image\/svg+xml,%3Csvg%20xmlns%3D%27http%3A%2F%2Fwww.w3.org%2F2000%2Fsvg%27%20width%3D%27300%27%20height%3D%2763%27%20viewBox%3D%270%200%20300%2063%27%3E%3Crect%20width%3D%27300%27%20height%3D%2763%27%20fill-opacity%3D%220%22%2F%3E%3C%2Fsvg%3E\" data-srcset=\"https:\/\/ehrler-beck.com\/wp-content\/uploads\/2017\/11\/BOGE-Logo-200x42.jpg 200w, https:\/\/ehrler-beck.com\/wp-content\/uploads\/2017\/11\/BOGE-Logo-300x63.jpg 300w, https:\/\/ehrler-beck.com\/wp-content\/uploads\/2017\/11\/BOGE-Logo-400x84.jpg 400w, https:\/\/ehrler-beck.com\/wp-content\/uploads\/2017\/11\/BOGE-Logo-500x106.jpg 500w, https:\/\/ehrler-beck.com\/wp-content\/uploads\/2017\/11\/BOGE-Logo-600x127.jpg 600w, https:\/\/ehrler-beck.com\/wp-content\/uploads\/2017\/11\/BOGE-Logo-700x148.jpg 700w, https:\/\/ehrler-beck.com\/wp-content\/uploads\/2017\/11\/BOGE-Logo-768x162.jpg 768w, https:\/\/ehrler-beck.com\/wp-content\/uploads\/2017\/11\/BOGE-Logo-800x169.jpg 800w, https:\/\/ehrler-beck.com\/wp-content\/uploads\/2017\/11\/BOGE-Logo-1024x216.jpg 1024w, https:\/\/ehrler-beck.com\/wp-content\/uploads\/2017\/11\/BOGE-Logo-1200x253.jpg 1200w\" data-sizes=\"auto\" data-orig-sizes=\"(max-width: 300px) 100vw, 300px\" \/><\/p>\n<p style=\"text-align: left;\"><span class=\"intro-text\">Des composants individuels fonctionnant avec pr\u00e9cision et des solutions syst\u00e8me complexes font des compresseurs BOGE des produits de qualit\u00e9 qui sont demand\u00e9s dans le monde entier. Des compresseurs d\u00e9velopp\u00e9s avec une pr\u00e9cision fiable et produits de mani\u00e8re constante avec une haute qualit\u00e9. Tous les appareils ne quittent l&#039;usine qu&#039;apr\u00e8s les contr\u00f4les de qualit\u00e9 les plus stricts.<\/span><\/p>\n<p style=\"text-align: left;\"><span class=\"intro-text\">Les compresseurs de BOGE sont disponibles en diff\u00e9rentes versions : compresseurs \u00e0 vis, compresseurs \u00e0 pistons, lubrifi\u00e9s ou sans huile, syst\u00e8mes complets ou appareils individuels - ils r\u00e9pondent aux exigences les plus diverses et aux exigences les plus \u00e9lev\u00e9es. Une grande vari\u00e9t\u00e9 d&#039;industries fait confiance aux solutions syst\u00e8me efficaces avec les compresseurs de BOGE. Et tout le monde appr\u00e9cie les performances fiables de ces compresseurs.<\/span><\/p>\n<\/div><div class=\"tiaro-modal modal fade modal-1 boge-certificat\" tabindex=\"-1\" role=\"dialog\" aria-labelledby=\"modal-heading-1\" aria-hidden=\"true\" style=\"--awb-border-color:rgba(0,179,167,0.62);--awb-background:#efefef;\"><div class=\"modal-dialog modal-lg\" role=\"document\"><div class=\"modal-content tiaro-modal-content\"><div class=\"modal-header\"><button class=\"close\" type=\"button\" data-dismiss=\"modal\" aria-hidden=\"true\" aria-label=\"Close\">\u00d7<\/button><h3 class=\"modal-title\" id=\"modal-heading-1\" data-dismiss=\"modal\" aria-hidden=\"true\">Certificat de fid\u00e9lit\u00e9 BOGE<\/h3><\/div><div class=\"modal-body tiaro-clearfix\">\n<p><img decoding=\"async\" class=\"lazyload aligncenter size-full wp-image-7849\" src=\"https:\/\/ehrler-beck.com\/wp-content\/uploads\/2017\/11\/BogeLoyaltyCert_001.jpg\" data-orig-src=\"https:\/\/ehrler-beck.com\/wp-content\/uploads\/2017\/11\/BogeLoyaltyCert_001.jpg\" alt=\"\" width=\"400\" height=\"550\" srcset=\"data:image\/svg+xml,%3Csvg%20xmlns%3D%27http%3A%2F%2Fwww.w3.org%2F2000%2Fsvg%27%20width%3D%27400%27%20height%3D%27550%27%20viewBox%3D%270%200%20400%20550%27%3E%3Crect%20width%3D%27400%27%20height%3D%27550%27%20fill-opacity%3D%220%22%2F%3E%3C%2Fsvg%3E\" data-srcset=\"https:\/\/ehrler-beck.com\/wp-content\/uploads\/2017\/11\/BogeLoyaltyCert_001-200x275.jpg 200w, https:\/\/ehrler-beck.com\/wp-content\/uploads\/2017\/11\/BogeLoyaltyCert_001-218x300.jpg 218w, https:\/\/ehrler-beck.com\/wp-content\/uploads\/2017\/11\/BogeLoyaltyCert_001.jpg 400w\" data-sizes=\"auto\" data-orig-sizes=\"(max-width: 400px) 100vw, 400px\" \/><\/p>\n<\/div><div class=\"modal-footer\"><button class=\"tiaro-button button-default button-medium button default medium\" type=\"button\" data-dismiss=\"modal\">Close<\/button><\/div><\/div><\/div><\/div><\/div><\/div><\/div><\/div><div class=\"tiaro-fullwidth fullwidth-box tiaro-builder-row-2 tiaro-flex-container hundred-percent-fullwidth non-hundred-percent-height-scrolling\" style=\"--awb-border-radius-top-left:0px;--awb-border-radius-top-right:0px;--awb-border-radius-bottom-right:0px;--awb-border-radius-bottom-left:0px;--awb-padding-top:0px;--awb-padding-right:0px;--awb-padding-bottom:0px;--awb-padding-left:0px;\" ><div class=\"tiaro-builder-row tiaro-row tiaro-flex-align-items-flex-start\" style=\"width:calc( 100% + 0px ) !important;max-width:calc( 100% + 0px ) !important;margin-left: calc(-0px \/ 2 );margin-right: calc(-0px \/ 2 );\"><div class=\"tiaro-layout-column tiaro_builder_column tiaro-builder-column-1 tiaro_builder_column_1_1 1_1 tiaro-flex-column\" style=\"--awb-bg-size:cover;--awb-width-large:100%;--awb-margin-top-large:0px;--awb-spacing-right-large:0px;--awb-margin-bottom-large:5px;--awb-spacing-left-large:0px;--awb-width-medium:100%;--awb-spacing-right-medium:0px;--awb-spacing-left-medium:0px;--awb-width-small:100%;--awb-spacing-right-small:0px;--awb-spacing-left-small:0px;\"><div class=\"tiaro-column-wrapper tiaro-flex-justify-content-flex-start tiaro-content-layout-column\"><div style=\"text-align:center;\"><a class=\"tiaro-button button-flat button-large button-custom tiaro-button-default button-1 tiaro-button-span-yes tiaro-button-default-type tiaro-has-button-gradient\" style=\"--button_accent_color:#444444;--button_accent_hover_color:#ffffff;--button_border_hover_color:#00b3a7;--button-border-radius-top-left:0px;--button-border-radius-top-right:0px;--button-border-radius-bottom-right:0px;--button-border-radius-bottom-left:0px;--button_gradient_top_color:rgba(0,179,167,0.35);--button_gradient_bottom_color:rgba(0,179,167,0.5);--button_gradient_top_color_hover:#00b3a7;--button_gradient_bottom_color_hover:#00b3a7;\" target=\"_self\" title=\"h3\" href=\"#\" data-toggle=\"modal\" data-target=\".tiaro-modal.boge-certificat\"><span class=\"tiaro-button-text\">EHRLER &amp; BECK EST PARTENAIRE BOGE<\/span><\/a><\/div><\/div><\/div><\/div><\/div><div class=\"tiaro-fullwidth fullwidth-box tiaro-builder-row-3 tiaro-flex-container nonhundred-percent-fullwidth non-hundred-percent-height-scrolling\" style=\"--awb-border-radius-top-left:0px;--awb-border-radius-top-right:0px;--awb-border-radius-bottom-right:0px;--awb-border-radius-bottom-left:0px;\" ><div class=\"tiaro-builder-row tiaro-row tiaro-flex-align-items-flex-start\" style=\"max-width:calc( 1350px + 0px );margin-left: calc(-0px \/ 2 );margin-right: calc(-0px \/ 2 );\"><div class=\"tiaro-layout-column tiaro_builder_column tiaro-builder-column-2 tiaro_builder_column_1_1 1_1 tiaro-flex-column\" style=\"--awb-bg-size:cover;--awb-width-large:100%;--awb-margin-top-large:0px;--awb-spacing-right-large:0px;--awb-margin-bottom-large:5px;--awb-spacing-left-large:0px;--awb-width-medium:100%;--awb-spacing-right-medium:0px;--awb-spacing-left-medium:0px;--awb-width-small:100%;--awb-spacing-right-small:0px;--awb-spacing-left-small:0px;\"><div class=\"tiaro-column-wrapper tiaro-flex-justify-content-flex-start tiaro-content-layout-column\"><div class=\"tiaro-text tiaro-text-2\"><div class=\"tiaro-fullwidth fullwidth-box hundred-percent-fullwidth non-hundred-percent-height-scrolling\">\n<div class=\"tiaro-builder-row tiaro-row\">\n<div class=\"tiaro-layout-column tiaro_builder_column tiaro_builder_column_1_1 tiaro-one-full tiaro-column-first tiaro-column-last tiaro-blend-mode 1_1\">\n<div class=\"tiaro-column-wrapper\" data-bg-url=\"\">\n<div class=\"tiaro-text\">\n<h3>LE PROGRAMME DE LIVRAISON D&#039;EHRLER &amp; BECK COMPREND LES S\u00c9RIES BOGE SUIVANTES\u00a0:<\/h3>\n<\/div>\n<\/div>\n<\/div>\n<\/div>\n<\/div>\n<\/div>[tiaro_woo_shortcodes][product_category category=\u201dc-series\u201d limit=\u201d120\u2033 columns=\u201d4\u2033 orderby=\u201ddate\u201d order=\u201ddesc\u201d][\/tiaro_woo_shortcodes]<\/div><\/div><\/div><\/div><\/p>","protected":false},"excerpt":{"rendered":"","protected":false},"author":1,"featured_media":0,"parent":374,"menu_order":0,"comment_status":"closed","ping_status":"closed","template":"100-width.php","meta":{"footnotes":""},"class_list":["post-7854","page","type-page","status-publish","hentry"],"acf":[],"_links":{"self":[{"href":"https:\/\/ehrler-beck.com\/fr\/wp-json\/wp\/v2\/pages\/7854","targetHints":{"allow":["GET"]}}],"collection":[{"href":"https:\/\/ehrler-beck.com\/fr\/wp-json\/wp\/v2\/pages"}],"about":[{"href":"https:\/\/ehrler-beck.com\/fr\/wp-json\/wp\/v2\/types\/page"}],"author":[{"embeddable":true,"href":"https:\/\/ehrler-beck.com\/fr\/wp-json\/wp\/v2\/users\/1"}],"replies":[{"embeddable":true,"href":"https:\/\/ehrler-beck.com\/fr\/wp-json\/wp\/v2\/comments?post=7854"}],"version-history":[{"count":0,"href":"https:\/\/ehrler-beck.com\/fr\/wp-json\/wp\/v2\/pages\/7854\/revisions"}],"up":[{"embeddable":true,"href":"https:\/\/ehrler-beck.com\/fr\/wp-json\/wp\/v2\/pages\/374"}],"wp:attachment":[{"href":"https:\/\/ehrler-beck.com\/fr\/wp-json\/wp\/v2\/media?parent=7854"}],"curies":[{"name":"wp","href":"https:\/\/api.w.org\/{rel}","templated":true}]}}