{"id":7769,"date":"2017-11-29T21:05:39","date_gmt":"2017-11-29T20:05:39","guid":{"rendered":"http:\/\/ehrler-beck.com\/imprint"},"modified":"2024-08-09T13:29:19","modified_gmt":"2024-08-09T11:29:19","slug":"impressum","status":"publish","type":"page","link":"https:\/\/ehrler-beck.com\/fr\/imprimer","title":{"rendered":"imprimer"},"content":{"rendered":"<h1>Mentions l\u00e9gales Ehrler &amp; Beck Vacuum and Compressed Air Technology GmbH<\/h1>\n<p style=\"text-align: right;\"><span style=\"font-size: 10pt;\"><em>Letzte Aktualisierung: 09.08.2024<\/em><\/span><\/p>\n<p><strong><span class=\"color-primary\">GF<\/span><\/strong>: Dennis Schroeder<br \/>\nIndustriesstr. 16<br \/>\n71272 Renningen<br \/>\nAllemagne<\/p>\n<p><strong><span class=\"color-primary\">t\u00e9l\u00e9phone<\/span><\/strong>: +49 (0) 7159 \/ 4085-0<br \/>\n<strong><span class=\"color-primary\">fax<\/span><\/strong>: +49 (0) 7159 \/ 4085-85<br \/>\n<a href=\"mailto:info@ehrler-beck.com\">info@ehrler-beck.com<\/a><br \/>\n<a href=\"https:\/\/ehrler-beck.com\/en\/\">www.ehrler-beck.com\/de\/<\/a><\/p>\n<p><strong><span class=\"color-primary\">registre du commerce<\/span><\/strong>:<br \/>\nTribunal de district\u00a0: Stuttgart<br \/>\nNum\u00e9ro d&#039;enregistrement : HRB 251776<\/p>\n<p><strong><span class=\"color-primary\">Num\u00e9ro d&#039;immatriculation \u00e0 la TVA\u00a0:<\/span><\/strong><br \/>\nDE145998269<\/p>\n<div><strong>Concept, design, d\u00e9veloppement et responsabilit\u00e9 du contenu\u00a0:<\/strong><\/div>\n<div>Rafael Budimir chez Tiaro Digital Agency<\/div>\n<div><strong>la toile<\/strong>: tiaro.eu<br \/>\n<strong>E-mail<\/strong>: info@tiaro.eu<\/div>\n<p><strong><span class=\"color-primary\">Questions, suggestions et commentaires<\/span><\/strong>:<br \/>\nLi\u00e9 au site : <a href=\"mailto:info@tiaro.eu\">info@tiaro.eu<\/a><br \/>\nDemande g\u00e9n\u00e9rale sur Ehrler &amp; Beck GmbH : <a href=\"mailto:info@ehrler-beck.com\">info@ehrler-beck.com<\/a><\/p>\n<div class=\"tiaro-separator\" style=\"align-self: center;margin-left: auto;margin-right: auto;margin-bottom:10px;width:100%;max-width:80%;\"><div class=\"tiaro-separator-border sep-single sep-dashed\" style=\"--awb-height:20px;--awb-amount:20px;--awb-sep-color:#00b3a7;border-color:#00b3a7;border-top-width:1px;\"><\/div><\/div>\n<h3>Responsabilit\u00e9 du contenu\u00a0:<\/h3>\n<p>Le contenu de nos pages a \u00e9t\u00e9 cr\u00e9\u00e9 avec le plus grand soin. Cependant, nous ne pouvons pas garantir que le contenu est correct, complet ou \u00e0 jour. En tant que prestataire de services, nous sommes responsables de nos propres contenus sur ces pages conform\u00e9ment \u00e0 l&#039;article 6, paragraphe 1 de la MDStV et \u00e0 l&#039;article 8, paragraphe 1 de la loi allemande sur les t\u00e9l\u00e9services (TDG). Cependant, les fournisseurs de services ne sont pas tenus de surveiller les informations de tiers qu&#039;ils transmettent ou stockent ou d&#039;enqu\u00eater sur les circonstances qui indiquent une activit\u00e9 ill\u00e9gale. Les obligations de supprimer ou de bloquer l&#039;utilisation des informations conform\u00e9ment aux lois g\u00e9n\u00e9rales restent inchang\u00e9es. Toutefois, la responsabilit\u00e9 \u00e0 cet \u00e9gard n&#039;est possible qu&#039;\u00e0 partir du moment o\u00f9 la connaissance d&#039;une infraction concr\u00e8te \u00e0 la loi est connue. D\u00e8s que nous prendrons connaissance de toute violation de la loi, nous supprimerons imm\u00e9diatement ce contenu.<\/p>\n<h3>Responsabilit\u00e9 pour les liens\u00a0:<\/h3>\n<p>Notre offre contient des liens vers des sites Web externes de tiers, sur lesquels nous n&#039;avons aucune influence. Par cons\u00e9quent, nous ne pouvons assumer aucune responsabilit\u00e9 pour ce contenu externe. Le fournisseur ou l&#039;exploitant respectif des pages est toujours responsable du contenu des pages li\u00e9es. Les pages li\u00e9es ont \u00e9t\u00e9 v\u00e9rifi\u00e9es pour d&#039;\u00e9ventuelles violations de la loi au moment de la liaison. Le contenu ill\u00e9gal n&#039;\u00e9tait pas reconnaissable au moment de la cr\u00e9ation du lien. Cependant, un contr\u00f4le permanent du contenu des pages li\u00e9es n&#039;est pas raisonnable sans preuves concr\u00e8tes d&#039;une infraction. D\u00e8s que nous aurons connaissance de violations l\u00e9gales, nous supprimerons imm\u00e9diatement ces liens.<\/p>\n<h3>Droits d&#039;auteur:<\/h3>\n<p>Les exploitants des pages s&#039;efforcent de toujours respecter les droits d&#039;auteur d&#039;autrui ou d&#039;utiliser des \u0153uvres cr\u00e9\u00e9es par eux-m\u00eames et sans licence. Le contenu et les travaux sur ces pages cr\u00e9\u00e9s par les exploitants du site sont soumis \u00e0 la loi allemande sur le droit d&#039;auteur. Les contributions de tiers sont signal\u00e9es comme telles. La duplication, l&#039;\u00e9dition, la distribution et tout type d&#039;exploitation en dehors des limites du droit d&#039;auteur n\u00e9cessitent le consentement \u00e9crit de l&#039;auteur ou du cr\u00e9ateur respectif. Les t\u00e9l\u00e9chargements et copies de ce site ne sont autoris\u00e9s que pour un usage priv\u00e9 et non commercial.<\/p>\n<h3>Protection des donn\u00e9es:<\/h3>\n<p>Dans la mesure o\u00f9 des donn\u00e9es personnelles (par exemple, nom, adresse ou adresses e-mail) sont collect\u00e9es sur notre site Web, cela se fait toujours sur une base volontaire dans la mesure du possible. Dans la mesure du possible, les offres et services peuvent toujours \u00eatre utilis\u00e9s sans fournir de donn\u00e9es personnelles.<br \/>\nL&#039;utilisation des donn\u00e9es de contact publi\u00e9es dans le cadre de l&#039;obligation d&#039;impression par des tiers pour envoyer de la publicit\u00e9 et du mat\u00e9riel d&#039;information non sollicit\u00e9s est express\u00e9ment interdite. Les exploitants du site se r\u00e9servent express\u00e9ment le droit d&#039;engager des poursuites en cas d&#039;envoi de publicit\u00e9s non sollicit\u00e9es, telles que des spams.<\/p>","protected":false},"excerpt":{"rendered":"<p>Impressum Ehrler &amp; Beck Vakuum- und Drucklufttechnik GmbH Letzte Aktualisierung: 09.08.2024 GF: Dennis Schroeder Industriestr. 16 71272 Renningen Deutschland Tel: +49 (0) 7159 \/ 4085-0 Fax: +49 (0) 7159 \/ 4085-85 info@ehrler-beck.com www.ehrler-beck.com\/de\/ Handelsregister: Bezirksgericht: Stuttgart Registriernummer: HRB 251776 VAT Registrationsnummer: DE 145998269 Konzept, Design, Entwicklung und Verantwortung f\u00fcr den Inhalt: Rafael Budimir at Tiaro [&hellip;]<\/p>","protected":false},"author":1,"featured_media":0,"parent":0,"menu_order":0,"comment_status":"closed","ping_status":"closed","template":"","meta":{"footnotes":""},"class_list":["post-7769","page","type-page","status-publish","hentry"],"acf":[],"_links":{"self":[{"href":"https:\/\/ehrler-beck.com\/fr\/wp-json\/wp\/v2\/pages\/7769","targetHints":{"allow":["GET"]}}],"collection":[{"href":"https:\/\/ehrler-beck.com\/fr\/wp-json\/wp\/v2\/pages"}],"about":[{"href":"https:\/\/ehrler-beck.com\/fr\/wp-json\/wp\/v2\/types\/page"}],"author":[{"embeddable":true,"href":"https:\/\/ehrler-beck.com\/fr\/wp-json\/wp\/v2\/users\/1"}],"replies":[{"embeddable":true,"href":"https:\/\/ehrler-beck.com\/fr\/wp-json\/wp\/v2\/comments?post=7769"}],"version-history":[{"count":14,"href":"https:\/\/ehrler-beck.com\/fr\/wp-json\/wp\/v2\/pages\/7769\/revisions"}],"predecessor-version":[{"id":160364,"href":"https:\/\/ehrler-beck.com\/fr\/wp-json\/wp\/v2\/pages\/7769\/revisions\/160364"}],"wp:attachment":[{"href":"https:\/\/ehrler-beck.com\/fr\/wp-json\/wp\/v2\/media?parent=7769"}],"curies":[{"name":"wp","href":"https:\/\/api.w.org\/{rel}","templated":true}]}}