{"id":7637,"date":"2017-11-28T13:15:16","date_gmt":"2017-11-28T12:15:16","guid":{"rendered":"http:\/\/ehrler-beck.com\/produkte\/pressure-vacuum-pumps\/oil-free-rotary-vane-pressure-vacuum-pumps"},"modified":"2024-02-01T08:18:54","modified_gmt":"2024-02-01T07:18:54","slug":"drehschieber-oelfrei","status":"publish","type":"page","link":"https:\/\/ehrler-beck.com\/fr\/des-produits\/pompes-a-pression-vide\/a-palettes-sans-huile","title":{"rendered":"Palette rotative, sans huile"},"content":{"rendered":"<p><div class=\"tiaro-fullwidth fullwidth-box tiaro-builder-row-1 tiaro-flex-container tiaro-parallax-none nonhundred-percent-fullwidth non-hundred-percent-height-scrolling lazyload\" style=\"--awb-border-radius-top-left:0px;--awb-border-radius-top-right:0px;--awb-border-radius-bottom-right:0px;--awb-border-radius-bottom-left:0px;--awb-background-size:cover;\" data-bg=\"https:\/\/ehrler-beck.com\/wp-content\/uploads\/2017\/07\/RotaryVaneHeader4.jpg\" ><div class=\"tiaro-builder-row tiaro-row tiaro-flex-align-items-flex-start\" style=\"max-width:1404px;margin-left: calc(-4% \/ 2 );margin-right: calc(-4% \/ 2 );\"><div class=\"tiaro-layout-column tiaro_builder_column tiaro-builder-column-0 tiaro_builder_column_1_1 1_1 tiaro-flex-column\" style=\"--awb-bg-size:cover;--awb-width-large:100%;--awb-margin-top-large:0px;--awb-spacing-right-large:1.92%;--awb-margin-bottom-large:0px;--awb-spacing-left-large:1.92%;--awb-width-medium:100%;--awb-spacing-right-medium:1.92%;--awb-spacing-left-medium:1.92%;--awb-width-small:100%;--awb-spacing-right-small:1.92%;--awb-spacing-left-small:1.92%;\"><div class=\"tiaro-column-wrapper tiaro-flex-justify-content-flex-start tiaro-content-layout-column\"><div class=\"tiaro-text tiaro-text-1\"><h1>POMPES \u00c0 VIDE-PRESSION \u00c0 PALETTES ROTATIVES SANS HUILE<img decoding=\"async\" class=\"lazyload alignright wp-image-45\" src=\"https:\/\/ehrler-beck.com\/wp-content\/uploads\/2017\/07\/Rotary-Vane-Oil-Free-Technology-Icon.png\" data-orig-src=\"https:\/\/ehrler-beck.com\/wp-content\/uploads\/2017\/07\/Rotary-Vane-Oil-Free-Technology-Icon.png\" alt=\"\" width=\"80\" height=\"80\" srcset=\"data:image\/svg+xml,%3Csvg%20xmlns%3D%27http%3A%2F%2Fwww.w3.org%2F2000%2Fsvg%27%20width%3D%2780%27%20height%3D%2780%27%20viewBox%3D%270%200%2080%2080%27%3E%3Crect%20width%3D%2780%27%20height%3D%2780%27%20fill-opacity%3D%220%22%2F%3E%3C%2Fsvg%3E\" data-srcset=\"https:\/\/ehrler-beck.com\/wp-content\/uploads\/2017\/07\/Rotary-Vane-Oil-Free-Technology-Icon-66x66.png 66w, https:\/\/ehrler-beck.com\/wp-content\/uploads\/2017\/07\/Rotary-Vane-Oil-Free-Technology-Icon.png 100w\" data-sizes=\"auto\" data-orig-sizes=\"(max-width: 80px) 100vw, 80px\" \/><\/h1>\n<\/div><\/div><\/div><div class=\"tiaro-layout-column tiaro_builder_column tiaro-builder-column-1 tiaro_builder_column_1_1 1_1 tiaro-flex-column\" style=\"--awb-bg-size:cover;--awb-width-large:100%;--awb-margin-top-large:0px;--awb-spacing-right-large:1.92%;--awb-margin-bottom-large:5px;--awb-spacing-left-large:1.92%;--awb-width-medium:100%;--awb-spacing-right-medium:1.92%;--awb-spacing-left-medium:1.92%;--awb-width-small:100%;--awb-spacing-right-small:1.92%;--awb-spacing-left-small:1.92%;\"><div class=\"tiaro-column-wrapper tiaro-flex-justify-content-flex-start tiaro-content-layout-column\"><div class=\"tiaro-text tiaro-text-2\"><p><span class=\"intro-text\">La construction simple avec un seul arbre et un entra\u00eenement direct se traduit par des pompes \u00e0 pression et \u00e0 vide robustes et \u00e0 longue dur\u00e9e de vie avec de faibles co\u00fbts de maintenance et d&#039;exploitation. Les pompes \u00e0 pression et \u00e0 vide fonctionnent enti\u00e8rement sans huile, les chambres de travail individuelles sont s\u00e9par\u00e9es par des glissi\u00e8res \u00e0 longue dur\u00e9e de vie. Le filtre d&#039;aspiration et la vanne de r\u00e9gulation sont int\u00e9gr\u00e9s dans les pompes \u00e0 pression-vide, des accessoires suppl\u00e9mentaires peuvent \u00eatre ajout\u00e9s sans aucun probl\u00e8me. Le refroidisseur d&#039;air souffl\u00e9, \u00e9galement int\u00e9gr\u00e9, garantit une tr\u00e8s basse temp\u00e9rature de l&#039;air souffl\u00e9. Le couvercle compact permet de faibles \u00e9missions sonores et de faibles \u00e9missions de chaleur.<\/span><\/p>\n<div class=\"tiaro-button-wrapper\"><a class=\"tiaro-button button-flat tiaro-button-default-size button-default tiaro-button-default button-1 tiaro-button-default-span tiaro-button-default-type\" style=\"--button-border-radius-top-left:0;--button-border-radius-top-right:0;--button-border-radius-bottom-right:0;--button-border-radius-bottom-left:0;\" target=\"_self\" href=\"https:\/\/ehrler-beck.com\/fr\/les-technologies\/technologie-de-pompe-a-pression-vide\/pompes-a-vide-a-pression-a-palettes-sans-huile\/\"><span class=\"tiaro-button-text\">CONTINUER LA LECTURE<\/span><\/a><\/div>\n<\/div><\/div><\/div><\/div><\/div><div class=\"tiaro-fullwidth fullwidth-box tiaro-builder-row-2 tiaro-flex-container nonhundred-percent-fullwidth non-hundred-percent-height-scrolling\" style=\"--awb-border-radius-top-left:0px;--awb-border-radius-top-right:0px;--awb-border-radius-bottom-right:0px;--awb-border-radius-bottom-left:0px;\" ><div class=\"tiaro-builder-row tiaro-row tiaro-flex-align-items-flex-start\" style=\"max-width:1404px;margin-left: calc(-4% \/ 2 );margin-right: calc(-4% \/ 2 );\"><div class=\"tiaro-layout-column tiaro_builder_column tiaro-builder-column-2 tiaro_builder_column_1_2 1_2 tiaro-flex-column tiaro-column-inner-bg-wrapper\" style=\"--awb-padding-top:315px;--awb-inner-bg-position:center center;--awb-inner-bg-size:cover;--awb-border-color:#00b3a7;--awb-border-top:1px;--awb-border-right:1px;--awb-border-bottom:1px;--awb-border-left:1px;--awb-border-style:solid;--awb-width-large:50%;--awb-margin-top-large:2%;--awb-spacing-right-large:1.92%;--awb-margin-bottom-large:2%;--awb-spacing-left-large:1.92%;--awb-width-medium:50%;--awb-order-medium:0;--awb-spacing-right-medium:1.92%;--awb-spacing-left-medium:1.92%;--awb-width-small:100%;--awb-order-small:0;--awb-spacing-right-small:1.92%;--awb-spacing-left-small:1.92%;\"><span class=\"tiaro-column-inner-bg hover-type-zoomin\"><a class=\"tiaro-column-anchor\" href=\"https:\/\/ehrler-beck.com\/fr\/des-produits\/pompes-a-pression-vide\/a-palettes-sans-huile\/serie-t-dvt\/\"><span class=\"tiaro-column-inner-bg-image lazyload\" data-bg=\"https:\/\/ehrler-beck.com\/wp-content\/uploads\/2022\/08\/Becker-Drehschieber-Druck-Vakuumpumpen-Serie.jpg\"><\/span><\/a><\/span><div class=\"tiaro-column-wrapper tiaro-column-has-shadow tiaro-flex-justify-content-flex-start tiaro-content-layout-column\" data-bg-url=\"https:\/\/ehrler-beck.com\/wp-content\/uploads\/2022\/08\/Becker-Drehschieber-Druck-Vakuumpumpen-Serie.jpg\"><div class=\"tiaro-text tiaro-text-3\"><h2 style=\"text-align: right; background-color: #e2e2e2e3; padding-top: 15px; padding-right: 15px; padding-bottom: 15px; margin-left: 33%; border-radius: 50px 0px 0px 0px; margin-bottom: 0px;\">S\u00e9rie T \/ DVT \/ DVLF <span style=\"font-size: 14pt;\">(Becker)<\/span><\/h2>\n<\/div><\/div><\/div><div class=\"tiaro-layout-column tiaro_builder_column tiaro-builder-column-3 tiaro_builder_column_1_2 1_2 tiaro-flex-column tiaro-column-inner-bg-wrapper\" style=\"--awb-padding-top:315px;--awb-inner-bg-position:center center;--awb-inner-bg-size:cover;--awb-border-color:#00b3a7;--awb-border-top:1px;--awb-border-right:1px;--awb-border-bottom:1px;--awb-border-left:1px;--awb-border-style:solid;--awb-width-large:50%;--awb-margin-top-large:2%;--awb-spacing-right-large:1.92%;--awb-margin-bottom-large:2%;--awb-spacing-left-large:1.92%;--awb-width-medium:50%;--awb-order-medium:0;--awb-spacing-right-medium:1.92%;--awb-spacing-left-medium:1.92%;--awb-width-small:100%;--awb-order-small:0;--awb-spacing-right-small:1.92%;--awb-spacing-left-small:1.92%;\"><span class=\"tiaro-column-inner-bg hover-type-zoomin\"><a class=\"tiaro-column-anchor\" href=\"https:\/\/ehrler-beck.com\/fr\/des-produits\/pompes-a-pression-vide\/a-palettes-sans-huile\/v-serie-2\/\"><span class=\"tiaro-column-inner-bg-image lazyload\" data-bg=\"https:\/\/ehrler-beck.com\/wp-content\/uploads\/2022\/08\/Elmo-Rietschle-Drehschieber-Druckvakuumpumpen.jpg\"><\/span><\/a><\/span><div class=\"tiaro-column-wrapper tiaro-column-has-shadow tiaro-flex-justify-content-flex-start tiaro-content-layout-column\" data-bg-url=\"https:\/\/ehrler-beck.com\/wp-content\/uploads\/2022\/08\/Elmo-Rietschle-Drehschieber-Druckvakuumpumpen.jpg\"><div class=\"tiaro-text tiaro-text-4\"><h2 style=\"text-align: right; background-color: #e2e2e2e3; padding-top: 15px; padding-right: 15px; padding-bottom: 15px; margin-left: 33%; border-radius: 50px 0px 0px 0px; margin-bottom: 0px;\">S\u00e9rie V <span style=\"font-size: 14pt;\">(ELMO RIETSCHLE)<\/span><\/h2>\n<\/div><\/div><\/div><\/div><\/div><\/p>","protected":false},"excerpt":{"rendered":"","protected":false},"author":1,"featured_media":0,"parent":1811,"menu_order":0,"comment_status":"closed","ping_status":"closed","template":"100-width.php","meta":{"footnotes":""},"class_list":["post-7637","page","type-page","status-publish","hentry"],"acf":[],"_links":{"self":[{"href":"https:\/\/ehrler-beck.com\/fr\/wp-json\/wp\/v2\/pages\/7637","targetHints":{"allow":["GET"]}}],"collection":[{"href":"https:\/\/ehrler-beck.com\/fr\/wp-json\/wp\/v2\/pages"}],"about":[{"href":"https:\/\/ehrler-beck.com\/fr\/wp-json\/wp\/v2\/types\/page"}],"author":[{"embeddable":true,"href":"https:\/\/ehrler-beck.com\/fr\/wp-json\/wp\/v2\/users\/1"}],"replies":[{"embeddable":true,"href":"https:\/\/ehrler-beck.com\/fr\/wp-json\/wp\/v2\/comments?post=7637"}],"version-history":[{"count":4,"href":"https:\/\/ehrler-beck.com\/fr\/wp-json\/wp\/v2\/pages\/7637\/revisions"}],"predecessor-version":[{"id":91512,"href":"https:\/\/ehrler-beck.com\/fr\/wp-json\/wp\/v2\/pages\/7637\/revisions\/91512"}],"up":[{"embeddable":true,"href":"https:\/\/ehrler-beck.com\/fr\/wp-json\/wp\/v2\/pages\/1811"}],"wp:attachment":[{"href":"https:\/\/ehrler-beck.com\/fr\/wp-json\/wp\/v2\/media?parent=7637"}],"curies":[{"name":"wp","href":"https:\/\/api.w.org\/{rel}","templated":true}]}}