{"id":64756,"date":"2022-09-25T15:19:31","date_gmt":"2022-09-25T13:19:31","guid":{"rendered":"https:\/\/ehrler-beck.com\/?page_id=64756"},"modified":"2022-09-25T19:07:33","modified_gmt":"2022-09-25T17:07:33","slug":"screwline-serie","status":"publish","type":"page","link":"https:\/\/ehrler-beck.com\/fr\/des-produits\/les-pompes-a-vide\/pompes-a-vide-a-vis\/serie-de-lignes-a-vis","title":{"rendered":"S\u00e9rie de lignes \u00e0 vis"},"content":{"rendered":"<div class=\"tiaro-fullwidth fullwidth-box tiaro-builder-row-1 tiaro-flex-container nonhundred-percent-fullwidth non-hundred-percent-height-scrolling\" style=\"--awb-border-radius-top-left:0px;--awb-border-radius-top-right:0px;--awb-border-radius-bottom-right:0px;--awb-border-radius-bottom-left:0px;\" ><div class=\"tiaro-builder-row tiaro-row tiaro-flex-align-items-flex-start\" style=\"max-width:1404px;margin-left: calc(-4% \/ 2 );margin-right: calc(-4% \/ 2 );\"><div class=\"tiaro-layout-column tiaro_builder_column tiaro-builder-column-0 tiaro_builder_column_1_1 1_1 tiaro-flex-column\" style=\"--awb-bg-size:cover;--awb-width-large:100%;--awb-margin-top-large:0px;--awb-spacing-right-large:1.92%;--awb-margin-bottom-large:5px;--awb-spacing-left-large:1.92%;--awb-width-medium:100%;--awb-spacing-right-medium:1.92%;--awb-spacing-left-medium:1.92%;--awb-width-small:100%;--awb-spacing-right-small:1.92%;--awb-spacing-left-small:1.92%;\"><div class=\"tiaro-column-wrapper tiaro-flex-justify-content-flex-start tiaro-content-layout-column\"><div class=\"tiaro-text tiaro-text-1\"><h1>S\u00e9rie de lignes \u00e0 vis <span style=\"font-size: 10pt;\"><span style=\"color: #000000;\">(Leybold)<a href=\"https:\/\/ehrler-beck.com\/fr\/les-technologies\/technologies-de-pompes-a-vide\/pompes-a-vide-a-vis-2\/\"><img decoding=\"async\" class=\"lazyload alignright size-full wp-image-49\" src=\"https:\/\/ehrler-beck.com\/wp-content\/uploads\/2017\/07\/Screw-Technology-Icon.png\" data-orig-src=\"https:\/\/ehrler-beck.com\/wp-content\/uploads\/2017\/07\/Screw-Technology-Icon.png\" alt=\"\" width=\"75\" height=\"75\" srcset=\"data:image\/svg+xml,%3Csvg%20xmlns%3D%27http%3A%2F%2Fwww.w3.org%2F2000%2Fsvg%27%20width%3D%2775%27%20height%3D%2775%27%20viewBox%3D%270%200%2075%2075%27%3E%3Crect%20width%3D%2775%27%20height%3D%2775%27%20fill-opacity%3D%220%22%2F%3E%3C%2Fsvg%3E\" data-srcset=\"https:\/\/ehrler-beck.com\/wp-content\/uploads\/2017\/07\/Screw-Technology-Icon-66x66.png 66w, https:\/\/ehrler-beck.com\/wp-content\/uploads\/2017\/07\/Screw-Technology-Icon.png 100w\" data-sizes=\"auto\" data-orig-sizes=\"(max-width: 75px) 100vw, 75px\" \/><\/a><\/span><\/span><\/h1>\n<\/div><\/div><\/div><div class=\"tiaro-layout-column tiaro_builder_column tiaro-builder-column-1 tiaro_builder_column_1_2 1_2 tiaro-flex-column\" style=\"--awb-bg-size:cover;--awb-width-large:50%;--awb-margin-top-large:0px;--awb-spacing-right-large:3.84%;--awb-margin-bottom-large:5px;--awb-spacing-left-large:3.84%;--awb-width-medium:50%;--awb-spacing-right-medium:3.84%;--awb-spacing-left-medium:3.84%;--awb-width-small:100%;--awb-spacing-right-small:1.92%;--awb-spacing-left-small:1.92%;\"><div class=\"tiaro-column-wrapper tiaro-flex-justify-content-flex-start tiaro-content-layout-column\"><div class=\"tiaro-text tiaro-text-2\"><p><span class=\"intro-text\">Les pompes \u00e0 vide s\u00e8ches \u00e0 vis Leybold SCREWLINE sont extr\u00eamement robustes gr\u00e2ce \u00e0 des rotors refroidis int\u00e9rieurement et un agencement sp\u00e9cial de roulements en porte-\u00e0-faux qui \u00e9vite les pannes.<\/span><\/p>\n<p><span class=\"intro-text\">Les pompes \u00e0 vide \u00e0 vis sont con\u00e7ues pour r\u00e9pondre aux exigences particuli\u00e8res des applications intensives avec un trajet de pompe direct et deux joints d&#039;arbre sans contact pratiquement sans usure.<br \/>\n<\/span><\/p>\n<p><span class=\"intro-text\">Bas\u00e9es sur le principe de la vis, les versions standard des pompes SCREWLINE destin\u00e9es aux applications industrielles sont refroidies par air de l&#039;ext\u00e9rieur.<br \/>\n<\/span><\/p>\n<p><span class=\"intro-text\">Des versions refroidies \u00e0 l&#039;eau sont disponibles pour un fonctionnement dans des pi\u00e8ces climatis\u00e9es, ainsi que des variantes certifi\u00e9es ATEX pour une conformit\u00e9 antid\u00e9flagrante.<br \/>\n<\/span><\/p>\n<\/div><\/div><\/div><div class=\"tiaro-layout-column tiaro_builder_column tiaro-builder-column-2 tiaro_builder_column_1_2 1_2 tiaro-flex-column\" style=\"--awb-bg-size:cover;--awb-width-large:50%;--awb-margin-top-large:0px;--awb-spacing-right-large:3.84%;--awb-margin-bottom-large:5px;--awb-spacing-left-large:3.84%;--awb-width-medium:50%;--awb-spacing-right-medium:3.84%;--awb-spacing-left-medium:3.84%;--awb-width-small:100%;--awb-spacing-right-small:1.92%;--awb-spacing-left-small:1.92%;\"><div class=\"tiaro-column-wrapper tiaro-flex-justify-content-flex-start tiaro-content-layout-column\"><div class=\"tiaro-image-element\" style=\"text-align:center;--awb-caption-title-font-family:var(--h2_typography-font-family);--awb-caption-title-font-weight:var(--h2_typography-font-weight);--awb-caption-title-font-style:var(--h2_typography-font-style);--awb-caption-title-size:var(--h2_typography-font-size);--awb-caption-title-transform:var(--h2_typography-text-transform);--awb-caption-title-line-height:var(--h2_typography-line-height);--awb-caption-title-letter-spacing:var(--h2_typography-letter-spacing);\"><span class=\"tiaro-imageframe imageframe-none imageframe-1 hover-type-none\"><img decoding=\"async\" width=\"1720\" height=\"1000\" alt=\"S\u00e9rie viss\u00e9e Leybold\" title=\"S\u00e9rie viss\u00e9e Leybold\" src=\"https:\/\/ehrler-beck.com\/wp-content\/uploads\/2022\/09\/Leybold-Screwline-Serie.jpg\" data-orig-src=\"https:\/\/ehrler-beck.com\/wp-content\/uploads\/2022\/09\/Leybold-Screwline-Serie.jpg\" class=\"lazyload img-responsive wp-image-64749\" srcset=\"data:image\/svg+xml,%3Csvg%20xmlns%3D%27http%3A%2F%2Fwww.w3.org%2F2000%2Fsvg%27%20width%3D%271720%27%20height%3D%271000%27%20viewBox%3D%270%200%201720%201000%27%3E%3Crect%20width%3D%271720%27%20height%3D%271000%27%20fill-opacity%3D%220%22%2F%3E%3C%2Fsvg%3E\" data-srcset=\"https:\/\/ehrler-beck.com\/wp-content\/uploads\/2022\/09\/Leybold-Screwline-Serie-200x116.jpg 200w, https:\/\/ehrler-beck.com\/wp-content\/uploads\/2022\/09\/Leybold-Screwline-Serie-400x233.jpg 400w, https:\/\/ehrler-beck.com\/wp-content\/uploads\/2022\/09\/Leybold-Screwline-Serie-600x349.jpg 600w, https:\/\/ehrler-beck.com\/wp-content\/uploads\/2022\/09\/Leybold-Screwline-Serie-800x465.jpg 800w, https:\/\/ehrler-beck.com\/wp-content\/uploads\/2022\/09\/Leybold-Screwline-Serie-1200x698.jpg 1200w, https:\/\/ehrler-beck.com\/wp-content\/uploads\/2022\/09\/Leybold-Screwline-Serie.jpg 1720w\" data-sizes=\"auto\" data-orig-sizes=\"(max-width: 640px) 100vw, 1720px\" \/><\/span><\/div><\/div><\/div><div class=\"tiaro-layout-column tiaro_builder_column tiaro-builder-column-3 tiaro_builder_column_1_2 1_2 tiaro-flex-column\" style=\"--awb-bg-size:cover;--awb-width-large:50%;--awb-margin-top-large:0px;--awb-spacing-right-large:3.84%;--awb-margin-bottom-large:5px;--awb-spacing-left-large:3.84%;--awb-width-medium:50%;--awb-spacing-right-medium:3.84%;--awb-spacing-left-medium:3.84%;--awb-width-small:100%;--awb-spacing-right-small:1.92%;--awb-spacing-left-small:1.92%;\"><div class=\"tiaro-column-wrapper tiaro-flex-justify-content-flex-start tiaro-content-layout-column\"><div class=\"tiaro-text tiaro-text-3\"><p><span class=\"intro-text\">Le Leybold SCREWLINE dispose d&#039;un chemin de pompe direct sans d\u00e9rivations multiples pour le gaz de proc\u00e9d\u00e9, ce qui le rend tr\u00e8s tol\u00e9rant \u00e0 la contamination du proc\u00e9d\u00e9 et r\u00e9duit les d\u00e9p\u00f4ts dans la chambre de pompe. Les deux bagues d&#039;\u00e9tanch\u00e9it\u00e9 d&#039;arbre sans contact sont pratiquement inusables, ce qui permet des intervalles de maintenance tr\u00e8s longs. Le rin\u00e7age des joints d\u2019arbre est g\u00e9n\u00e9ralement requis dans les applications industrielles. Les pompes SCREWLINE sont \u00e9quip\u00e9es en standard d&#039;une unit\u00e9 d&#039;alimentation en gaz de balayage.<\/span><\/p>\n<\/div><\/div><\/div><div class=\"tiaro-layout-column tiaro_builder_column tiaro-builder-column-4 tiaro_builder_column_1_3 1_3 tiaro-flex-column\" style=\"--awb-padding-top:8px;--awb-padding-right:8px;--awb-padding-bottom:8px;--awb-padding-left:8px;--awb-bg-color:#dbdbdb;--awb-bg-size:cover;--awb-width-large:33.333333333333%;--awb-margin-top-large:0px;--awb-spacing-right-large:5.76%;--awb-margin-bottom-large:5px;--awb-spacing-left-large:5.76%;--awb-width-medium:33.333333333333%;--awb-spacing-right-medium:5.76%;--awb-spacing-left-medium:5.76%;--awb-width-small:100%;--awb-spacing-right-small:1.92%;--awb-spacing-left-small:1.92%;\"><div class=\"tiaro-column-wrapper tiaro-flex-justify-content-center tiaro-content-layout-column\"><div class=\"tiaro-text tiaro-text-4\"><p><span class=\"intro-text\">N&#039;h\u00e9sitez pas \u00e0 nous contacter pour plus d&#039;informations:<\/span><\/p>\n<p style=\"padding-left: 30px;\"><span class=\"intro-text\">e-mail: <span class=\"color-primary\">info@ehrler-beck.com<\/span><\/span><\/p>\n<p style=\"padding-left: 30px;\"><span class=\"intro-text\">t\u00e9l\u00e9phone: <span class=\"color-primary\">+49 (0) 7159 \/ 4085-0<\/span><\/span><\/p>\n<div class=\"tiaro-alignright\"><a class=\"tiaro-button button-flat button-medium button-default tiaro-button-default button-1 tiaro-button-default-span tiaro-button-default-type\" style=\"--button-border-radius-top-left:25px;--button-border-radius-top-right:25px;--button-border-radius-bottom-right:25px;--button-border-radius-bottom-left:25px;\" target=\"_blank\" rel=\"noopener noreferrer\" href=\"https:\/\/ehrler-beck.com\/fr\/contact\/\"><span class=\"tiaro-button-text tiaro-button-text-right\">CONTACTEZ-NOUS<\/span><span class=\"tiaro-button-icon-divider button-icon-divider-right\"><i class=\"fa fa-comments-o\" aria-hidden=\"true\"><\/i><\/span><\/a><\/div>\n<\/div><\/div><\/div><div class=\"tiaro-layout-column tiaro_builder_column tiaro-builder-column-5 tiaro_builder_column_1_2 1_2 tiaro-flex-column\" style=\"--awb-bg-size:cover;--awb-width-large:50%;--awb-margin-top-large:0px;--awb-spacing-right-large:3.84%;--awb-margin-bottom-large:5px;--awb-spacing-left-large:3.84%;--awb-width-medium:50%;--awb-spacing-right-medium:3.84%;--awb-spacing-left-medium:3.84%;--awb-width-small:100%;--awb-spacing-right-small:1.92%;--awb-spacing-left-small:1.92%;\"><div class=\"tiaro-column-wrapper tiaro-flex-justify-content-flex-start tiaro-content-layout-column\"><ul style=\"--awb-iconcolor:#00b3a7;--awb-line-height:27.2px;--awb-icon-width:27.2px;--awb-icon-height:27.2px;--awb-icon-margin:11.2px;--awb-content-margin:38.4px;\" class=\"tiaro-checklist tiaro-checklist-1 tiaro-checklist-default type-icons\"><li class=\"tiaro-li-item\" style=\"\"><span class=\"icon-wrapper circle-no\"><i class=\"tiaro-li-icon fa-check fas\" aria-hidden=\"true\"><\/i><\/span><div class=\"tiaro-li-item-content\">\n<p>Fiabilit\u00e9 maximale avec protection de la pompe par surveillance des param\u00e8tres vitaux<\/p>\n<\/div><\/li><li class=\"tiaro-li-item\" style=\"\"><span class=\"icon-wrapper circle-no\"><i class=\"tiaro-li-icon fa-check fas\" aria-hidden=\"true\"><\/i><\/span><div class=\"tiaro-li-item-content\">\n<p>Temps d&#039;arr\u00eat minimis\u00e9s gr\u00e2ce au nettoyage rapide de la chambre de la pompe<\/p>\n<\/div><\/li><li class=\"tiaro-li-item\" style=\"\"><span class=\"icon-wrapper circle-no\"><i class=\"tiaro-li-icon fa-check fas\" aria-hidden=\"true\"><\/i><\/span><div class=\"tiaro-li-item-content\">\n<p>Adaptation directe des pompes RUVAC pour une vitesse de pompage accrue<\/p>\n<\/div><\/li><\/ul><\/div><\/div><div class=\"tiaro-layout-column tiaro_builder_column tiaro-builder-column-6 tiaro_builder_column_1_2 1_2 tiaro-flex-column\" style=\"--awb-bg-size:cover;--awb-width-large:50%;--awb-margin-top-large:0px;--awb-spacing-right-large:3.84%;--awb-margin-bottom-large:5px;--awb-spacing-left-large:3.84%;--awb-width-medium:50%;--awb-spacing-right-medium:3.84%;--awb-spacing-left-medium:3.84%;--awb-width-small:100%;--awb-spacing-right-small:1.92%;--awb-spacing-left-small:1.92%;\"><div class=\"tiaro-column-wrapper tiaro-flex-justify-content-flex-start tiaro-content-layout-column\"><ul style=\"--awb-iconcolor:#00b3a7;--awb-line-height:27.2px;--awb-icon-width:27.2px;--awb-icon-height:27.2px;--awb-icon-margin:11.2px;--awb-content-margin:38.4px;\" class=\"tiaro-checklist tiaro-checklist-2 tiaro-checklist-default type-icons\"><li class=\"tiaro-li-item\" style=\"\"><span class=\"icon-wrapper circle-no\"><i class=\"tiaro-li-icon fa-check fas\" aria-hidden=\"true\"><\/i><\/span><div class=\"tiaro-li-item-content\">\n<p>Co\u00fbts d&#039;exploitation minimes gr\u00e2ce \u00e0 une pompe \u00e0 vide \u00e0 vis refroidie par air sans eau de refroidissement n\u00e9cessaire<\/p>\n<\/div><\/li><li class=\"tiaro-li-item\" style=\"\"><span class=\"icon-wrapper circle-no\"><i class=\"tiaro-li-icon fa-check fas\" aria-hidden=\"true\"><\/i><\/span><div class=\"tiaro-li-item-content\">\n<p>Changement d&#039;huile de transmission seulement tous les deux ans<\/p>\n<\/div><\/li><li class=\"tiaro-li-item\" style=\"\"><span class=\"icon-wrapper circle-no\"><i class=\"tiaro-li-icon fa-check fas\" aria-hidden=\"true\"><\/i><\/span><div class=\"tiaro-li-item-content\">\n<p>Capots d&#039;insonorisation pour la r\u00e9duction du bruit<\/p>\n<\/div><\/li><\/ul><\/div><\/div><div class=\"tiaro-layout-column tiaro_builder_column tiaro-builder-column-7 tiaro_builder_column_1_1 1_1 tiaro-flex-column\" style=\"--awb-bg-size:cover;--awb-width-large:100%;--awb-margin-top-large:0px;--awb-spacing-right-large:1.92%;--awb-margin-bottom-large:5px;--awb-spacing-left-large:1.92%;--awb-width-medium:100%;--awb-order-medium:0;--awb-spacing-right-medium:1.92%;--awb-spacing-left-medium:1.92%;--awb-width-small:100%;--awb-order-small:0;--awb-spacing-right-small:1.92%;--awb-spacing-left-small:1.92%;\"><div class=\"tiaro-column-wrapper tiaro-column-has-shadow tiaro-flex-justify-content-flex-start tiaro-content-layout-column\"><div class=\"tiaro-text tiaro-text-5\"><p style=\"text-align: center;\"><div class=\"search-filter-results\" id=\"search-filter-results-64788\">\t\r\n\tTrouv\u00e9 2 r\u00e9sultats<br \/>\r\n\tpage 1 sur 1<br \/>\r\n\r\n\t<div class=\"pagination\">\r\n\t\t\r\n\t\t<div class=\"nav-previous\"><\/div>\r\n\t\t<div class=\"nav-next\"><\/div>\r\n\t\t\t<\/div>\r\n\t\r\n\t\t\t<div class=\"product-content\">\r\n\t\t\t<div class=\"product-image\">\r\n\t\t\t\t<div class=\"tiaro-image-wrapper tiaro-image-size-fixed\" aria-haspopup=\"true\">\r\n\t\t\t\t\t<div  class=\"tiaro-image-wrapper tiaro-image-size-fixed\" aria-haspopup=\"true\">\n\t\t\t\t<img decoding=\"async\" width=\"1500\" height=\"850\" src=\"https:\/\/ehrler-beck.com\/wp-content\/uploads\/2022\/09\/Screwline-SP-630-Schraube-Vakuumpumpe.jpg\" class=\"attachment- size- lazyload wp-post-image\" alt=\"Pompe \u00e0 vide \u00e0 vis Screwline SP 630\" srcset=\"data:image\/svg+xml,%3Csvg%20xmlns%3D%27http%3A%2F%2Fwww.w3.org%2F2000%2Fsvg%27%20width%3D%271500%27%20height%3D%27850%27%20viewBox%3D%270%200%201500%20850%27%3E%3Crect%20width%3D%271500%27%20height%3D%27850%27%20fill-opacity%3D%220%22%2F%3E%3C%2Fsvg%3E\" data-orig-src=\"https:\/\/ehrler-beck.com\/wp-content\/uploads\/2022\/09\/Screwline-SP-630-Schraube-Vakuumpumpe.jpg\" data-srcset=\"https:\/\/ehrler-beck.com\/wp-content\/uploads\/2022\/09\/Screwline-SP-630-Schraube-Vakuumpumpe-200x113.jpg 200w, https:\/\/ehrler-beck.com\/wp-content\/uploads\/2022\/09\/Screwline-SP-630-Schraube-Vakuumpumpe-300x170.jpg 300w, https:\/\/ehrler-beck.com\/wp-content\/uploads\/2022\/09\/Screwline-SP-630-Schraube-Vakuumpumpe-400x227.jpg 400w, https:\/\/ehrler-beck.com\/wp-content\/uploads\/2022\/09\/Screwline-SP-630-Schraube-Vakuumpumpe-600x340.jpg 600w, https:\/\/ehrler-beck.com\/wp-content\/uploads\/2022\/09\/Screwline-SP-630-Schraube-Vakuumpumpe-768x435.jpg 768w, https:\/\/ehrler-beck.com\/wp-content\/uploads\/2022\/09\/Screwline-SP-630-Schraube-Vakuumpumpe-800x453.jpg 800w, https:\/\/ehrler-beck.com\/wp-content\/uploads\/2022\/09\/Screwline-SP-630-Schraube-Vakuumpumpe-1024x580.jpg 1024w, https:\/\/ehrler-beck.com\/wp-content\/uploads\/2022\/09\/Screwline-SP-630-Schraube-Vakuumpumpe-1200x680.jpg 1200w, https:\/\/ehrler-beck.com\/wp-content\/uploads\/2022\/09\/Screwline-SP-630-Schraube-Vakuumpumpe.jpg 1500w\" data-sizes=\"auto\" \/><div class=\"tiaro-rollover\">\n\t<div class=\"tiaro-rollover-content\">\n\n\t\t\t\t\t\t\t\t\t\t\t\t\t\t<a class=\"tiaro-rollover-link\" href=\"https:\/\/ehrler-beck.com\/fr\/produkt\/screwline-sp-630-schraubenvakuumpumpen\">Pompes \u00e0 vide \u00e0 vis SCREWLINE SP 630<\/a>\n\t\t\t\n\t\t\t\t\t\t\t\t\n\t\t\n\t\t\t\t\t\t\t\t\n\t\t\t\t\t\t\t\t\n\t\t\n\t\t\t\t\t\t<a class=\"tiaro-link-wrapper\" href=\"https:\/\/ehrler-beck.com\/fr\/produkt\/screwline-sp-630-schraubenvakuumpumpen\" aria-label=\"Pompes \u00e0 vide \u00e0 vis SCREWLINE SP 630\"><\/a>\n\t<\/div>\n<\/div>\n<\/div>\n\t\t\t\t<\/div>\r\n\t\t\t<\/div>\r\n\t\t\t<div class=\"product-short-content\">\r\n\t\t\t<h2><a href=\"https:\/\/ehrler-beck.com\/fr\/produkt\/screwline-sp-630-schraubenvakuumpumpen\">Pompes \u00e0 vide \u00e0 vis SCREWLINE SP 630<\/a><\/h2>\r\n\t\t\t<p><table style=\"width: 100%; height: 120px;\">\n<tbody>\n<tr style=\"height: 24px;\">\n<td style=\"width: 67.9231%; height: 24px;\"><strong>D\u00e9signation<\/strong><\/td>\n<td style=\"height: 24px; width: 18.5883%; text-align: center;\" colspan=\"2\"><strong>50Hz<\/strong><strong><br \/>\n<\/strong><\/td>\n<td style=\"width: 16.5558%; text-align: center;\"><strong>60Hz<\/strong><\/td>\n<\/tr>\n<tr style=\"height: 24px;\">\n<td style=\"width: 67.9231%; height: 24px;\"><strong>vitesse de pompage<\/strong><\/td>\n<td style=\"height: 24px; text-align: left; width: 18.5883%;\" colspan=\"2\">630<\/td>\n<td style=\"width: 16.5558%; text-align: left;\">630<\/td>\n<\/tr>\n<tr style=\"height: 24px;\">\n<td style=\"width: 67.9231%; height: 24px;\"><strong>pression finale<\/strong><\/td>\n<td style=\"text-align: left; height: 24px; width: 18.5883%;\" colspan=\"2\">\u2264 0,01<\/td>\n<td style=\"width: 16.5558%; text-align: left;\">\u2264 0,01<\/td>\n<\/tr>\n<tr style=\"height: 24px;\">\n<td style=\"width: 67.9231%; height: 24px;\"><strong>capacit\u00e9 nominale<\/strong><\/td>\n<td style=\"height: 24px; text-align: left; width: 18.5883%;\" colspan=\"2\">15<\/td>\n<td style=\"width: 16.5558%; text-align: left;\">15<\/td>\n<\/tr>\n<tr style=\"height: 24px;\">\n<td style=\"width: 67.9231%; height: 24px;\"><strong>Degr\u00e9 de protection<\/strong><\/td>\n<td style=\"height: 24px; width: 18.5883%; text-align: center;\" colspan=\"3\">55<\/td>\n<\/tr>\n<\/tbody>\n<\/table>\n<\/p>\r\n\t\t\t<\/div>\r\n\t\t<\/div>\r\n\t\t\r\n\t\t<hr \/>\r\n\t\t\t\t<div class=\"product-content\">\r\n\t\t\t<div class=\"product-image\">\r\n\t\t\t\t<div class=\"tiaro-image-wrapper tiaro-image-size-fixed\" aria-haspopup=\"true\">\r\n\t\t\t\t\t<div  class=\"tiaro-image-wrapper tiaro-image-size-fixed\" aria-haspopup=\"true\">\n\t\t\t\t<img decoding=\"async\" width=\"1500\" height=\"850\" src=\"https:\/\/ehrler-beck.com\/wp-content\/uploads\/2022\/09\/Screwline-SP-630-Schraube-Vakuumpumpe.jpg\" class=\"attachment- size- lazyload wp-post-image\" alt=\"Pompe \u00e0 vide \u00e0 vis Screwline SP 630\" srcset=\"data:image\/svg+xml,%3Csvg%20xmlns%3D%27http%3A%2F%2Fwww.w3.org%2F2000%2Fsvg%27%20width%3D%271500%27%20height%3D%27850%27%20viewBox%3D%270%200%201500%20850%27%3E%3Crect%20width%3D%271500%27%20height%3D%27850%27%20fill-opacity%3D%220%22%2F%3E%3C%2Fsvg%3E\" data-orig-src=\"https:\/\/ehrler-beck.com\/wp-content\/uploads\/2022\/09\/Screwline-SP-630-Schraube-Vakuumpumpe.jpg\" data-srcset=\"https:\/\/ehrler-beck.com\/wp-content\/uploads\/2022\/09\/Screwline-SP-630-Schraube-Vakuumpumpe-200x113.jpg 200w, https:\/\/ehrler-beck.com\/wp-content\/uploads\/2022\/09\/Screwline-SP-630-Schraube-Vakuumpumpe-300x170.jpg 300w, https:\/\/ehrler-beck.com\/wp-content\/uploads\/2022\/09\/Screwline-SP-630-Schraube-Vakuumpumpe-400x227.jpg 400w, https:\/\/ehrler-beck.com\/wp-content\/uploads\/2022\/09\/Screwline-SP-630-Schraube-Vakuumpumpe-600x340.jpg 600w, https:\/\/ehrler-beck.com\/wp-content\/uploads\/2022\/09\/Screwline-SP-630-Schraube-Vakuumpumpe-768x435.jpg 768w, https:\/\/ehrler-beck.com\/wp-content\/uploads\/2022\/09\/Screwline-SP-630-Schraube-Vakuumpumpe-800x453.jpg 800w, https:\/\/ehrler-beck.com\/wp-content\/uploads\/2022\/09\/Screwline-SP-630-Schraube-Vakuumpumpe-1024x580.jpg 1024w, https:\/\/ehrler-beck.com\/wp-content\/uploads\/2022\/09\/Screwline-SP-630-Schraube-Vakuumpumpe-1200x680.jpg 1200w, https:\/\/ehrler-beck.com\/wp-content\/uploads\/2022\/09\/Screwline-SP-630-Schraube-Vakuumpumpe.jpg 1500w\" data-sizes=\"auto\" \/><div class=\"tiaro-rollover\">\n\t<div class=\"tiaro-rollover-content\">\n\n\t\t\t\t\t\t\t\t\t\t\t\t\t\t<a class=\"tiaro-rollover-link\" href=\"https:\/\/ehrler-beck.com\/fr\/produkt\/screwline-sp-250-schraubenvakuumpumpen\">Pompes \u00e0 vide \u00e0 vis SCREWLINE SP 250<\/a>\n\t\t\t\n\t\t\t\t\t\t\t\t\n\t\t\n\t\t\t\t\t\t\t\t\n\t\t\t\t\t\t\t\t\n\t\t\n\t\t\t\t\t\t<a class=\"tiaro-link-wrapper\" href=\"https:\/\/ehrler-beck.com\/fr\/produkt\/screwline-sp-250-schraubenvakuumpumpen\" aria-label=\"Pompes \u00e0 vide \u00e0 vis SCREWLINE SP 250\"><\/a>\n\t<\/div>\n<\/div>\n<\/div>\n\t\t\t\t<\/div>\r\n\t\t\t<\/div>\r\n\t\t\t<div class=\"product-short-content\">\r\n\t\t\t<h2><a href=\"https:\/\/ehrler-beck.com\/fr\/produkt\/screwline-sp-250-schraubenvakuumpumpen\">Pompes \u00e0 vide \u00e0 vis SCREWLINE SP 250<\/a><\/h2>\r\n\t\t\t<p><table style=\"width: 100%; height: 120px;\">\n<tbody>\n<tr style=\"height: 24px;\">\n<td style=\"width: 67.9231%; height: 24px;\"><strong>D\u00e9signation<\/strong><\/td>\n<td style=\"height: 24px; width: 18.5883%; text-align: center;\" colspan=\"2\"><strong>50Hz<\/strong><strong><br \/>\n<\/strong><\/td>\n<td style=\"width: 16.5558%; text-align: center;\"><strong>60Hz<\/strong><\/td>\n<\/tr>\n<tr style=\"height: 24px;\">\n<td style=\"width: 67.9231%; height: 24px;\"><strong>vitesse de pompage<\/strong><\/td>\n<td style=\"height: 24px; text-align: left; width: 18.5883%;\" colspan=\"2\">270<\/td>\n<td style=\"width: 16.5558%; text-align: left;\">330<\/td>\n<\/tr>\n<tr style=\"height: 24px;\">\n<td style=\"width: 67.9231%; height: 24px;\"><strong>pression finale<\/strong><\/td>\n<td style=\"text-align: left; height: 24px; width: 18.5883%;\" colspan=\"2\">0,01<\/td>\n<td style=\"width: 16.5558%; text-align: left;\">0,005<\/td>\n<\/tr>\n<tr style=\"height: 24px;\">\n<td style=\"width: 67.9231%; height: 24px;\"><strong>capacit\u00e9 nominale<\/strong><\/td>\n<td style=\"height: 24px; text-align: left; width: 18.5883%;\" colspan=\"2\">7,3<\/td>\n<td style=\"width: 16.5558%; text-align: left;\">9,2<\/td>\n<\/tr>\n<tr style=\"height: 24px;\">\n<td style=\"width: 67.9231%; height: 24px;\"><strong>Degr\u00e9 de protection<\/strong><\/td>\n<td style=\"height: 24px; width: 18.5883%; text-align: center;\" colspan=\"3\">55<\/td>\n<\/tr>\n<\/tbody>\n<\/table>\n<\/p>\r\n\t\t\t<\/div>\r\n\t\t<\/div>\r\n\t\t\r\n\t\t<hr \/>\r\n\t\t\tpage 1 sur 1<br \/>\r\n\r\n\t\r\n\t<div class=\"pagination\">\r\n\t\t\r\n\t\t<div class=\"nav-previous\"><\/div>\r\n\t\t<div class=\"nav-next\"><\/div>\r\n\t\t\t<\/div>\r\n\t<\/div><\/p>\n<\/div><\/div><\/div><\/div><\/div>","protected":false},"excerpt":{"rendered":"","protected":false},"author":1,"featured_media":0,"parent":3921,"menu_order":0,"comment_status":"closed","ping_status":"closed","template":"","meta":{"footnotes":""},"class_list":["post-64756","page","type-page","status-publish","hentry"],"acf":[],"_links":{"self":[{"href":"https:\/\/ehrler-beck.com\/fr\/wp-json\/wp\/v2\/pages\/64756","targetHints":{"allow":["GET"]}}],"collection":[{"href":"https:\/\/ehrler-beck.com\/fr\/wp-json\/wp\/v2\/pages"}],"about":[{"href":"https:\/\/ehrler-beck.com\/fr\/wp-json\/wp\/v2\/types\/page"}],"author":[{"embeddable":true,"href":"https:\/\/ehrler-beck.com\/fr\/wp-json\/wp\/v2\/users\/1"}],"replies":[{"embeddable":true,"href":"https:\/\/ehrler-beck.com\/fr\/wp-json\/wp\/v2\/comments?post=64756"}],"version-history":[{"count":7,"href":"https:\/\/ehrler-beck.com\/fr\/wp-json\/wp\/v2\/pages\/64756\/revisions"}],"predecessor-version":[{"id":64790,"href":"https:\/\/ehrler-beck.com\/fr\/wp-json\/wp\/v2\/pages\/64756\/revisions\/64790"}],"up":[{"embeddable":true,"href":"https:\/\/ehrler-beck.com\/fr\/wp-json\/wp\/v2\/pages\/3921"}],"wp:attachment":[{"href":"https:\/\/ehrler-beck.com\/fr\/wp-json\/wp\/v2\/media?parent=64756"}],"curies":[{"name":"wp","href":"https:\/\/api.w.org\/{rel}","templated":true}]}}