{"id":48509,"date":"2021-01-18T09:09:29","date_gmt":"2021-01-18T08:09:29","guid":{"rendered":"https:\/\/tech-ehrler-beck.com\/?page_id=48509"},"modified":"2021-01-18T09:40:58","modified_gmt":"2021-01-18T08:40:58","slug":"pfeiffer-vacuum","status":"publish","type":"page","link":"https:\/\/ehrler-beck.com\/fr\/fabricant\/pfeiffer-aspirateur","title":{"rendered":"PfeifferAspirateur"},"content":{"rendered":"<p><div class=\"tiaro-fullwidth fullwidth-box tiaro-builder-row-1 tiaro-flex-container nonhundred-percent-fullwidth non-hundred-percent-height-scrolling\" style=\"--awb-border-radius-top-left:0px;--awb-border-radius-top-right:0px;--awb-border-radius-bottom-right:0px;--awb-border-radius-bottom-left:0px;\" ><div class=\"tiaro-builder-row tiaro-row tiaro-flex-align-items-flex-start\" style=\"max-width:1404px;margin-left: calc(-4% \/ 2 );margin-right: calc(-4% \/ 2 );\"><div class=\"tiaro-layout-column tiaro_builder_column tiaro-builder-column-0 tiaro_builder_column_1_1 1_1 tiaro-flex-column\" style=\"--awb-bg-size:cover;--awb-width-large:100%;--awb-margin-top-large:0px;--awb-spacing-right-large:1.92%;--awb-margin-bottom-large:0px;--awb-spacing-left-large:1.92%;--awb-width-medium:100%;--awb-spacing-right-medium:1.92%;--awb-spacing-left-medium:1.92%;--awb-width-small:100%;--awb-spacing-right-small:1.92%;--awb-spacing-left-small:1.92%;\"><div class=\"tiaro-column-wrapper tiaro-flex-justify-content-flex-start tiaro-content-layout-column\"><div class=\"tiaro-text tiaro-text-1\"><h1><span style=\"font-size: 18pt;\">Ehrler &amp; Beck propose des pompes \u00e0 vide, des compresseurs, des pi\u00e8ces de rechange et des accessoires d&#039;origine Pfeiffer.<\/span><\/h1>\n<p><span class=\"intro-text\">Pfeiffer Vacuum est synonyme de solutions de vide innovantes et sp\u00e9cifiques aux clients dans le monde entier, de perfection technologique, de conseils comp\u00e9tents et de service fiable.<\/span><\/p>\n<p><span class=\"intro-text\">Gr\u00e2ce \u00e0 ces propri\u00e9t\u00e9s, l&#039;entreprise \u00e9tablit des normes dans la technologie du vide depuis plus de 130 ans. Avec l&#039;invention de la turbopompe, l&#039;entreprise a ouvert la voie \u00e0 de nouveaux d\u00e9veloppements dans l&#039;industrie du vide. Nous continuons d&#039;\u00eatre l&#039;un des leaders mondiaux de la technologie et du march\u00e9 dans ce domaine.<\/span><\/p>\n<p><span class=\"intro-text\">Les exigences des clients sont g\u00e9n\u00e9ralement tr\u00e8s complexes. Nos solutions de vide sont constamment optimis\u00e9es gr\u00e2ce \u00e0 une coop\u00e9ration \u00e9troite avec des clients de diverses industries et \u00e0 un travail de d\u00e9veloppement continu.<\/span><\/p>\n<p><span class=\"intro-text\"><strong>Pfeiffer Vacuum propose une gamme compl\u00e8te de produits<\/strong>:<\/span><\/p>\n<ul>\n<li>turbopompes hybrides et \u00e0 l\u00e9vitation magn\u00e9tique<\/li>\n<li>pompes de soutien<\/li>\n<li>d\u00e9tecteur de fuite<\/li>\n<li>appareils de mesure et d&#039;analyse<\/li>\n<li>Composants<\/li>\n<li>Chambres \u00e0 vide et composants<\/li>\n<\/ul>\n<p><span class=\"intro-text\">Les produits et solutions de Pfeiffer Vacuum sont utilis\u00e9s dans les march\u00e9s de la recherche et du d\u00e9veloppement, de l&#039;analyse, de l&#039;industrie, des rev\u00eatements et des semi-conducteurs. Les principaux march\u00e9s de l&#039;entreprise se situent en Europe, aux \u00c9tats-Unis et en Asie. Pfeiffer Vacuum a \u00e9t\u00e9 fond\u00e9e en 1890 et est aujourd&#039;hui active dans le monde entier avec environ 3 200 employ\u00e9s et plus de 20 soci\u00e9t\u00e9s de vente et de service ainsi que 10 sites de production.<\/span><\/p>\n<p><span class=\"intro-text\">Ehrler &amp; Beck propose ces s\u00e9ries de Pfeiffer :<\/span><\/p>\n<\/div><\/div><\/div><\/div><\/div><div class=\"tiaro-fullwidth fullwidth-box tiaro-builder-row-2 tiaro-flex-container nonhundred-percent-fullwidth non-hundred-percent-height-scrolling tiaro-no-small-visibility\" style=\"--awb-border-radius-top-left:0px;--awb-border-radius-top-right:0px;--awb-border-radius-bottom-right:0px;--awb-border-radius-bottom-left:0px;--awb-margin-bottom:30px;\" ><div class=\"tiaro-builder-row tiaro-row tiaro-flex-align-items-stretch\" style=\"max-width:1404px;margin-left: calc(-4% \/ 2 );margin-right: calc(-4% \/ 2 );\"><div class=\"tiaro-layout-column tiaro_builder_column tiaro-builder-column-1 tiaro_builder_column_1_1 1_1 tiaro-flex-column tiaro-column-inner-bg-wrapper tiaro-column-liftup-border\" style=\"--awb-inner-bg-position:center center;--awb-inner-bg-size:cover;--awb-border-color:#00b3a7;--awb-inner-border-color:#00b3a7;--awb-border-top:1px;--awb-inner-border-top:1px;--awb-border-right:1px;--awb-inner-border-right:1px;--awb-border-bottom:1px;--awb-inner-border-bottom:1px;--awb-border-left:1px;--awb-inner-border-left:1px;--awb-border-style:solid;--awb-inner-border-style:solid;--awb-width-large:100%;--awb-margin-top-large:0px;--awb-spacing-right-large:1.92%;--awb-margin-bottom-large:5px;--awb-spacing-left-large:1.92%;--awb-width-medium:100%;--awb-order-medium:0;--awb-spacing-right-medium:1.92%;--awb-spacing-left-medium:1.92%;--awb-width-small:100%;--awb-order-small:0;--awb-spacing-right-small:1.92%;--awb-spacing-left-small:1.92%;\"><span class=\"tiaro-column-inner-bg hover-type-liftup\"><a class=\"tiaro-column-anchor\" href=\"https:\/\/ehrler-beck.com\/fr\/des-produits\/les-pompes-a-vide\/pompe-a-vide-a-palettes-lubrifiee-a-lhuile\/pompes-a-vide-serie-hena\/\"><span class=\"tiaro-column-inner-bg-image lazyload\" data-bg=\"https:\/\/ehrler-beck.com\/wp-content\/uploads\/2017\/11\/Series-Rotary-Vane-Technology-Background-2.0.jpg\"><\/span><\/a><\/span><div class=\"tiaro-column-wrapper tiaro-flex-justify-content-center tiaro-content-layout-column\" data-bg-url=\"https:\/\/ehrler-beck.com\/wp-content\/uploads\/2017\/11\/Series-Rotary-Vane-Technology-Background-2.0.jpg\"><div class=\"tiaro-builder-row tiaro-builder-row-inner tiaro-row tiaro-flex-align-items-stretch\" style=\"width:104% !important;max-width:104% !important;margin-left: calc(-4% \/ 2 );margin-right: calc(-4% \/ 2 );\"><div class=\"tiaro-layout-column tiaro_builder_column_inner tiaro-builder-nested-column-0 tiaro_builder_column_inner_1_5 1_5 tiaro-flex-column\" style=\"--awb-padding-left:5px;--awb-bg-size:cover;--awb-width-large:20%;--awb-margin-top-large:0px;--awb-spacing-right-large:9.6%;--awb-margin-bottom-large:5px;--awb-spacing-left-large:9.6%;--awb-width-medium:20%;--awb-spacing-right-medium:9.6%;--awb-spacing-left-medium:9.6%;--awb-width-small:100%;--awb-spacing-right-small:1.92%;--awb-spacing-left-small:1.92%;\"><div class=\"tiaro-column-wrapper tiaro-flex-justify-content-center tiaro-content-layout-column\"><div class=\"tiaro-image-element\" style=\"text-align:center;--awb-caption-title-font-family:var(--h2_typography-font-family);--awb-caption-title-font-weight:var(--h2_typography-font-weight);--awb-caption-title-font-style:var(--h2_typography-font-style);--awb-caption-title-size:var(--h2_typography-font-size);--awb-caption-title-transform:var(--h2_typography-text-transform);--awb-caption-title-line-height:var(--h2_typography-line-height);--awb-caption-title-letter-spacing:var(--h2_typography-letter-spacing);\"><span class=\"tiaro-imageframe imageframe-none imageframe-1 hover-type-none\"><img decoding=\"async\" width=\"1024\" height=\"595\" title=\"Pompe \u00e0 vide s\u00e9rie Hena\" src=\"https:\/\/ehrler-beck.com\/wp-content\/uploads\/2019\/04\/Hena-Serie-Vakuumpumpe.jpg\" data-orig-src=\"https:\/\/ehrler-beck.com\/wp-content\/uploads\/2019\/04\/Hena-Serie-Vakuumpumpe-1024x595.jpg\" alt class=\"lazyload img-responsive wp-image-21376\" srcset=\"data:image\/svg+xml,%3Csvg%20xmlns%3D%27http%3A%2F%2Fwww.w3.org%2F2000%2Fsvg%27%20width%3D%271720%27%20height%3D%271000%27%20viewBox%3D%270%200%201720%201000%27%3E%3Crect%20width%3D%271720%27%20height%3D%271000%27%20fill-opacity%3D%220%22%2F%3E%3C%2Fsvg%3E\" data-srcset=\"https:\/\/ehrler-beck.com\/wp-content\/uploads\/2019\/04\/Hena-Serie-Vakuumpumpe-200x116.jpg 200w, https:\/\/ehrler-beck.com\/wp-content\/uploads\/2019\/04\/Hena-Serie-Vakuumpumpe-400x233.jpg 400w, https:\/\/ehrler-beck.com\/wp-content\/uploads\/2019\/04\/Hena-Serie-Vakuumpumpe-600x349.jpg 600w, https:\/\/ehrler-beck.com\/wp-content\/uploads\/2019\/04\/Hena-Serie-Vakuumpumpe-800x465.jpg 800w, https:\/\/ehrler-beck.com\/wp-content\/uploads\/2019\/04\/Hena-Serie-Vakuumpumpe-1200x698.jpg 1200w, https:\/\/ehrler-beck.com\/wp-content\/uploads\/2019\/04\/Hena-Serie-Vakuumpumpe.jpg 1720w\" data-sizes=\"auto\" data-orig-sizes=\"(max-width: 640px) 100vw, 400px\" \/><\/span><\/div><\/div><\/div><div class=\"tiaro-layout-column tiaro_builder_column_inner tiaro-builder-nested-column-1 tiaro_builder_column_inner_3_5 3_5 tiaro-flex-column tiaro-flex-align-self-center\" style=\"--awb-bg-size:cover;--awb-width-large:60%;--awb-margin-top-large:0px;--awb-spacing-right-large:3.2%;--awb-margin-bottom-large:5px;--awb-spacing-left-large:3.2%;--awb-width-medium:60%;--awb-order-medium:0;--awb-spacing-right-medium:3.2%;--awb-spacing-left-medium:3.2%;--awb-width-small:100%;--awb-order-small:0;--awb-spacing-right-small:1.92%;--awb-spacing-left-small:1.92%;\"><div class=\"tiaro-column-wrapper tiaro-column-has-shadow tiaro-flex-justify-content-center tiaro-content-layout-column\"><div class=\"tiaro-text tiaro-text-2\"><h2>S\u00e9rie HENA<\/h2>\n<h3>Pompes \u00e0 vide \u00e0 palettes, lubrifi\u00e9es \u00e0 l&#039;huile<\/h3>\n<p><span class=\"intro-text\">Ehrler &amp; Beck propose toute la gamme de pompes \u00e0 vide \u00e0 palettes rotatives de la s\u00e9rie HenaLine avec une vitesse de pompage de 25 m\u00b3\/h \u00e0 1600 m\u00b3\/h. Les pompes \u00e0 vide Hena conviennent \u00e0 toutes les applications de vide faible et moyen. Toutes les pompes \u00e0 vide Hena sont \u00e9quip\u00e9es de s\u00e9rie de s\u00e9parateurs de brouillard d&#039;huile, d&#039;unit\u00e9s de retour d&#039;huile et de soupapes de s\u00e9curit\u00e9. HenaLine se caract\u00e9rise par sa fiabilit\u00e9, ses performances et sa taille compacte.<\/span><\/p>\n<\/div><\/div><\/div><div class=\"tiaro-layout-column tiaro_builder_column_inner tiaro-builder-nested-column-2 tiaro_builder_column_inner_1_5 1_5 tiaro-flex-column\" style=\"--awb-bg-size:cover;--awb-width-large:20%;--awb-margin-top-large:0px;--awb-spacing-right-large:9.6%;--awb-margin-bottom-large:5px;--awb-spacing-left-large:9.6%;--awb-width-medium:20%;--awb-spacing-right-medium:9.6%;--awb-spacing-left-medium:9.6%;--awb-width-small:100%;--awb-spacing-right-small:1.92%;--awb-spacing-left-small:1.92%;\"><div class=\"tiaro-column-wrapper tiaro-flex-justify-content-flex-start tiaro-content-layout-column\"><div class=\"tiaro-text tiaro-text-3\"><h3 class=\"tiaro-responsive-typography-calculated\" data-fontsize=\"20\" data-lineheight=\"30px\">Avantages<\/h3>\n<ul>\n<li>Air \u00e9vacu\u00e9 propre<\/li>\n<li>Design compact<\/li>\n<li>Fonctionnement fiable et puissant<\/li>\n<li>Services simplifi\u00e9s<\/li>\n<li>S\u00e9curit\u00e9 de fonctionnement et de processus<\/li>\n<li>Brides facilement r\u00e9glables<\/li>\n<li>Fonctionnement silencieux et sans vibrations<\/li>\n<\/ul>\n<\/div><\/div><\/div><\/div><\/div><\/div><\/div><\/div><\/p>","protected":false},"excerpt":{"rendered":"","protected":false},"author":1,"featured_media":0,"parent":374,"menu_order":0,"comment_status":"closed","ping_status":"closed","template":"100-width.php","meta":{"footnotes":""},"class_list":["post-48509","page","type-page","status-publish","hentry"],"acf":[],"_links":{"self":[{"href":"https:\/\/ehrler-beck.com\/fr\/wp-json\/wp\/v2\/pages\/48509","targetHints":{"allow":["GET"]}}],"collection":[{"href":"https:\/\/ehrler-beck.com\/fr\/wp-json\/wp\/v2\/pages"}],"about":[{"href":"https:\/\/ehrler-beck.com\/fr\/wp-json\/wp\/v2\/types\/page"}],"author":[{"embeddable":true,"href":"https:\/\/ehrler-beck.com\/fr\/wp-json\/wp\/v2\/users\/1"}],"replies":[{"embeddable":true,"href":"https:\/\/ehrler-beck.com\/fr\/wp-json\/wp\/v2\/comments?post=48509"}],"version-history":[{"count":2,"href":"https:\/\/ehrler-beck.com\/fr\/wp-json\/wp\/v2\/pages\/48509\/revisions"}],"predecessor-version":[{"id":48516,"href":"https:\/\/ehrler-beck.com\/fr\/wp-json\/wp\/v2\/pages\/48509\/revisions\/48516"}],"up":[{"embeddable":true,"href":"https:\/\/ehrler-beck.com\/fr\/wp-json\/wp\/v2\/pages\/374"}],"wp:attachment":[{"href":"https:\/\/ehrler-beck.com\/fr\/wp-json\/wp\/v2\/media?parent=48509"}],"curies":[{"name":"wp","href":"https:\/\/api.w.org\/{rel}","templated":true}]}}