{"id":4187,"date":"2017-10-19T13:12:51","date_gmt":"2017-10-19T11:12:51","guid":{"rendered":"http:\/\/ehrler-beck.com?page_id=4187"},"modified":"2017-12-04T15:31:21","modified_gmt":"2017-12-04T14:31:21","slug":"schalldaempfer-und-schalldaemmhauben","status":"publish","type":"page","link":"https:\/\/ehrler-beck.com\/fr\/des-produits\/pieces-detachees-et-accessoires\/schalldaempfer-und-schalldaemmhauben","title":{"rendered":"Schalld\u00e4mpfer und Schalld\u00e4mmhauben"},"content":{"rendered":"<h1>SCHALLD\u00c4MPFER UND SCHALLD\u00c4MMHAUBEN<\/h1>\n<h2>BECKER &#8211; SCHALLD\u00c4MPFER UND SCHALLD\u00c4MMHAUBEN<\/h2>\n<p>silencieux<br \/>\n       S 200 | S 1.200 | S 6.120\/02 | S 6.400\/0 | S 6.480\/0 | S 6.650\/0 | S 6.1000\/0<\/p>\n<p>Schalld\u00e4mpfer, mit Vorschwei\u00dfflansch f\u00fcr Zentralanlagen<br \/>\n       S 500 | S 505 | S 1000 | S 1005<\/p>\n<p>Schalld\u00e4mmhauben SH 10 | SH 12 | SH 13 f\u00fcr Drehschieber-Vakuumpumpen \/ -Verdichter<br \/>\n      VTLF, DTLF, XVLF, DXLF, KVT, KDT, DVT, KVX, KDX, DVX, VT, DT, T, VX, DX, X<\/p>\n<p>Schalld\u00e4mmhauben SH 18 f\u00fcr Seitenkanal-Verdichter \/ -Vakuumpumpen<br \/>\n      SV 7.190, SV 8.190, SV 7.330, SV 7.430, SV 8.400, SV 8.130, SV 8.160<\/p>\n<p>Schalld\u00e4mmhauben SH 19 | SH 20 f\u00fcr Drehschieber-Vakuumpumpen \/<br \/>\nVerdichter und -Druck- Vakuumpumpen VT\/DT\/T (VX\/DX\/X) 4.10, 4.16, 4.5, 4.40<\/p>\n<h2>ELEKTROR &#8211; SCHALLD\u00c4MMHAUBEN<\/h2>\n<p>    Schalld\u00e4mmhauben f\u00fcr Standard-Ventilatoren Typ<br \/>\nRD 5 + RD 6 | RD 62 | RD 64 | RD 65 | RD 7 &#8211; RD 72 | RD 74 |  HRD 2\/3T &#8211; HRD 2\/5T | HRD 60\/3 &#8211; HRD 60\/5 | HRD 60\/7 | HRD 2T7 FU(K) | HRD 60 FU(K) 105 4 kW | HRD 60 FU(K) 105 6,5 kW | HRD 65\/2 &#8211; HRD 65\/7 | HRD 65 FU(K) 4 kW |  HRD 65 FU(K) 7,5 kW | HRD 7 FU<\/p>\n<p>    Schalld\u00e4mmhauben f\u00fcr BOOSTED-Ventilatoren Typ<br \/>\nHRD 2 FU 130 7,5 kW | HRD 60 FU 135 11 kW | HRD 7 FU 120 15 kW<\/p>","protected":false},"excerpt":{"rendered":"<p>SCHALLD\u00c4MPFER UND SCHALLD\u00c4MMHAUBEN BECKER &#8211; SCHALLD\u00c4MPFER UND SCHALLD\u00c4MMHAUBEN Schalld\u00e4mpfer S 200 | S 1.200 | S 6.120\/02 | S 6.400\/0 | S 6.480\/0 | S 6.650\/0 | S 6.1000\/0 Schalld\u00e4mpfer, mit Vorschwei\u00dfflansch f\u00fcr Zentralanlagen S 500 | S 505 | S 1000 | S 1005 Schalld\u00e4mmhauben SH 10 | SH 12 | SH 13 f\u00fcr [&hellip;]<\/p>","protected":false},"author":1,"featured_media":0,"parent":2203,"menu_order":0,"comment_status":"closed","ping_status":"closed","template":"","meta":{"footnotes":""},"class_list":["post-4187","page","type-page","status-publish","hentry"],"acf":[],"_links":{"self":[{"href":"https:\/\/ehrler-beck.com\/fr\/wp-json\/wp\/v2\/pages\/4187","targetHints":{"allow":["GET"]}}],"collection":[{"href":"https:\/\/ehrler-beck.com\/fr\/wp-json\/wp\/v2\/pages"}],"about":[{"href":"https:\/\/ehrler-beck.com\/fr\/wp-json\/wp\/v2\/types\/page"}],"author":[{"embeddable":true,"href":"https:\/\/ehrler-beck.com\/fr\/wp-json\/wp\/v2\/users\/1"}],"replies":[{"embeddable":true,"href":"https:\/\/ehrler-beck.com\/fr\/wp-json\/wp\/v2\/comments?post=4187"}],"version-history":[{"count":0,"href":"https:\/\/ehrler-beck.com\/fr\/wp-json\/wp\/v2\/pages\/4187\/revisions"}],"up":[{"embeddable":true,"href":"https:\/\/ehrler-beck.com\/fr\/wp-json\/wp\/v2\/pages\/2203"}],"wp:attachment":[{"href":"https:\/\/ehrler-beck.com\/fr\/wp-json\/wp\/v2\/media?parent=4187"}],"curies":[{"name":"wp","href":"https:\/\/api.w.org\/{rel}","templated":true}]}}