{"id":309,"date":"2017-07-13T11:10:40","date_gmt":"2017-07-13T09:10:40","guid":{"rendered":"http:\/\/ehrler-beck.com\/technologien\/pressure-vacuum-pump-technologies"},"modified":"2017-12-12T14:11:03","modified_gmt":"2017-12-12T13:11:03","slug":"druck-vakuumpumpen-technologie","status":"publish","type":"page","link":"https:\/\/ehrler-beck.com\/fr\/les-technologies\/technologie-de-pompe-a-pression-vide","title":{"rendered":"Technologie de pompe \u00e0 vide sous pression"},"content":{"rendered":"<p><div class=\"tiaro-fullwidth fullwidth-box tiaro-builder-row-1 tiaro-flex-container hundred-percent-fullwidth non-hundred-percent-height-scrolling\" style=\"--awb-border-radius-top-left:0px;--awb-border-radius-top-right:0px;--awb-border-radius-bottom-right:0px;--awb-border-radius-bottom-left:0px;\" ><div class=\"tiaro-builder-row tiaro-row tiaro-flex-align-items-flex-start\" style=\"width:calc( 100% + 0px ) !important;max-width:calc( 100% + 0px ) !important;margin-left: calc(-0px \/ 2 );margin-right: calc(-0px \/ 2 );\"><div class=\"tiaro-layout-column tiaro_builder_column tiaro-builder-column-0 tiaro_builder_column_1_1 1_1 tiaro-flex-column\" style=\"--awb-bg-size:cover;--awb-width-large:100%;--awb-margin-top-large:0px;--awb-spacing-right-large:0px;--awb-margin-bottom-large:5px;--awb-spacing-left-large:0px;--awb-width-medium:100%;--awb-spacing-right-medium:0px;--awb-spacing-left-medium:0px;--awb-width-small:100%;--awb-spacing-right-small:0px;--awb-spacing-left-small:0px;\"><div class=\"tiaro-column-wrapper tiaro-flex-justify-content-flex-start tiaro-content-layout-column\"><div class=\"tiaro-text tiaro-text-1\"><h1>Technologie de pompe combin\u00e9e pression-vide<\/h1>\n<\/div><\/div><\/div><div class=\"tiaro-layout-column tiaro_builder_column tiaro-builder-column-1 tiaro_builder_column_1_1 1_1 tiaro-flex-column\" style=\"--awb-bg-size:cover;--awb-width-large:100%;--awb-margin-top-large:0px;--awb-spacing-right-large:0px;--awb-margin-bottom-large:5px;--awb-spacing-left-large:0px;--awb-width-medium:100%;--awb-spacing-right-medium:0px;--awb-spacing-left-medium:0px;--awb-width-small:100%;--awb-spacing-right-small:0px;--awb-spacing-left-small:0px;\"><div class=\"tiaro-column-wrapper tiaro-flex-justify-content-flex-start tiaro-content-layout-column\"><div class=\"tiaro-text tiaro-text-2\"><p><span class=\"intro-text\">Des pompes \u00e0 vide \u00e0 palettes \u00e0 fonctionnement \u00e0 sec, des pompes \u00e0 vide \u00e0 canal lat\u00e9ral et des pompes \u00e0 vide \u00e0 becs de divers fabricants sont disponibles \u00e0 cet effet.<\/span><\/p>\n<\/div><div class=\"tiaro-separator tiaro-full-width-sep\" style=\"align-self: center;margin-left: auto;margin-right: auto;width:100%;\"><div class=\"tiaro-separator-border sep-shadow\" style=\"--awb-height:20px;--awb-amount:20px;--awb-sep-color:#00b3a7;background:radial-gradient(ellipse at 50% -50% , #00b3a7 0px, rgba(255, 255, 255, 0) 80%) repeat scroll 0 0 rgba(0, 0, 0, 0);background:-webkit-radial-gradient(ellipse at 50% -50% , #00b3a7 0px, rgba(255, 255, 255, 0) 80%) repeat scroll 0 0 rgba(0, 0, 0, 0);background:-moz-radial-gradient(ellipse at 50% -50% , #00b3a7 0px, rgba(255, 255, 255, 0) 80%) repeat scroll 0 0 rgba(0, 0, 0, 0);background:-o-radial-gradient(ellipse at 50% -50% , #00b3a7 0px, rgba(255, 255, 255, 0) 80%) repeat scroll 0 0 rgba(0, 0, 0, 0);\"><\/div><\/div><\/div><\/div><\/div><\/div><div class=\"tiaro-fullwidth fullwidth-box tiaro-builder-row-2 tiaro-flex-container hundred-percent-fullwidth non-hundred-percent-height-scrolling\" style=\"--awb-border-radius-top-left:0px;--awb-border-radius-top-right:0px;--awb-border-radius-bottom-right:0px;--awb-border-radius-bottom-left:0px;--awb-padding-right:50px;--awb-padding-left:50px;\" ><div class=\"tiaro-builder-row tiaro-row tiaro-flex-align-items-stretch\" style=\"width:104% !important;max-width:104% !important;margin-left: calc(-4% \/ 2 );margin-right: calc(-4% \/ 2 );\"><div class=\"tiaro-layout-column tiaro_builder_column tiaro-builder-column-2 tiaro_builder_column_1_1 1_1 tiaro-flex-column tiaro-column-inner-bg-wrapper tiaro-column-liftup-border\" style=\"--awb-inner-bg-size:cover;--awb-width-large:100%;--awb-margin-top-large:0px;--awb-spacing-right-large:1.92%;--awb-margin-bottom-large:5px;--awb-spacing-left-large:1.92%;--awb-width-medium:100%;--awb-spacing-right-medium:1.92%;--awb-spacing-left-medium:1.92%;--awb-width-small:100%;--awb-spacing-right-small:1.92%;--awb-spacing-left-small:1.92%;\"><span class=\"tiaro-column-inner-bg hover-type-liftup\"><a class=\"tiaro-column-anchor\" href=\"https:\/\/ehrler-beck.com\/fr\/les-technologies\/technologie-de-pompe-a-pression-vide\/pompes-a-vide-a-pression-a-palettes-sans-huile\/\"><span class=\"tiaro-column-inner-bg-image\"><\/span><\/a><\/span><div class=\"tiaro-column-wrapper tiaro-flex-justify-content-flex-start tiaro-content-layout-column\"><div class=\"tiaro-builder-row tiaro-builder-row-inner tiaro-row tiaro-flex-align-items-stretch\" style=\"width:104% !important;max-width:104% !important;margin-left: calc(-4% \/ 2 );margin-right: calc(-4% \/ 2 );\"><div class=\"tiaro-layout-column tiaro_builder_column_inner tiaro-builder-nested-column-0 tiaro_builder_column_inner_1_5 1_5 tiaro-flex-column\" style=\"--awb-bg-size:cover;--awb-width-large:20%;--awb-margin-top-large:0px;--awb-spacing-right-large:3.84%;--awb-margin-bottom-large:5px;--awb-spacing-left-large:9.6%;--awb-width-medium:20%;--awb-spacing-right-medium:3.84%;--awb-spacing-left-medium:9.6%;--awb-width-small:100%;--awb-spacing-right-small:1.92%;--awb-spacing-left-small:1.92%;\"><div class=\"tiaro-column-wrapper tiaro-flex-justify-content-center tiaro-content-layout-column\"><div class=\"tiaro-image-element\" style=\"text-align:right;--awb-caption-title-font-family:var(--h2_typography-font-family);--awb-caption-title-font-weight:var(--h2_typography-font-weight);--awb-caption-title-font-style:var(--h2_typography-font-style);--awb-caption-title-size:var(--h2_typography-font-size);--awb-caption-title-transform:var(--h2_typography-text-transform);--awb-caption-title-line-height:var(--h2_typography-line-height);--awb-caption-title-letter-spacing:var(--h2_typography-letter-spacing);\"><span class=\"tiaro-imageframe imageframe-none imageframe-1 hover-type-none\"><img decoding=\"async\" width=\"100\" height=\"100\" title=\"Ic\u00f4ne de technologie sans huile \u00e0 ailettes rotatives\" src=\"data:image\/svg+xml,%3Csvg%20xmlns%3D%27http%3A%2F%2Fwww.w3.org%2F2000%2Fsvg%27%20width%3D%27100%27%20height%3D%27100%27%20viewBox%3D%270%200%20100%20100%27%3E%3Crect%20width%3D%27100%27%20height%3D%27100%27%20fill-opacity%3D%220%22%2F%3E%3C%2Fsvg%3E\" data-orig-src=\"https:\/\/ehrler-beck.com\/wp-content\/uploads\/2017\/07\/Rotary-Vane-Oil-Free-Technology-Icon.png\" alt class=\"lazyload img-responsive wp-image-45\"\/><\/span><\/div><\/div><\/div><div class=\"tiaro-layout-column tiaro_builder_column_inner tiaro-builder-nested-column-1 tiaro_builder_column_inner_4_5 4_5 tiaro-flex-column\" style=\"--awb-bg-size:cover;--awb-width-large:80%;--awb-margin-top-large:0px;--awb-spacing-right-large:2.4%;--awb-margin-bottom-large:5px;--awb-spacing-left-large:3.84%;--awb-width-medium:80%;--awb-spacing-right-medium:2.4%;--awb-spacing-left-medium:3.84%;--awb-width-small:100%;--awb-spacing-right-small:1.92%;--awb-spacing-left-small:1.92%;\"><div class=\"tiaro-column-wrapper tiaro-flex-justify-content-flex-start tiaro-content-layout-column\"><div class=\"tiaro-text tiaro-text-3\"><h2>PALETTE ROTATIVE, SANS HUILE<\/h2>\n<p><span class=\"intro-text\">La conception simple avec un seul arbre et un entra\u00eenement direct conduit \u00e0 des pompes \u00e0 pression et \u00e0 vide robustes et \u00e0 longue dur\u00e9e de vie avec de faibles co\u00fbts de maintenance et d&#039;exploitation. Les pompes \u00e0 pression et \u00e0 vide fonctionnent enti\u00e8rement sans huile, les chambres de travail individuelles sont s\u00e9par\u00e9es par des glissi\u00e8res \u00e0 longue dur\u00e9e de vie.<\/span><\/p>\n<\/div><\/div><\/div><\/div><\/div><\/div><\/div><\/div><div class=\"tiaro-fullwidth fullwidth-box tiaro-builder-row-3 tiaro-flex-container nonhundred-percent-fullwidth non-hundred-percent-height-scrolling\" style=\"--awb-border-radius-top-left:0px;--awb-border-radius-top-right:0px;--awb-border-radius-bottom-right:0px;--awb-border-radius-bottom-left:0px;\" ><div class=\"tiaro-builder-row tiaro-row tiaro-flex-align-items-flex-start\" style=\"max-width:calc( 1350px + 0px );margin-left: calc(-0px \/ 2 );margin-right: calc(-0px \/ 2 );\"><div class=\"tiaro-layout-column tiaro_builder_column tiaro-builder-column-3 tiaro_builder_column_1_1 1_1 tiaro-flex-column\" style=\"--awb-bg-size:cover;--awb-width-large:100%;--awb-margin-top-large:0px;--awb-spacing-right-large:0px;--awb-margin-bottom-large:5px;--awb-spacing-left-large:0px;--awb-width-medium:100%;--awb-spacing-right-medium:0px;--awb-spacing-left-medium:0px;--awb-width-small:100%;--awb-spacing-right-small:0px;--awb-spacing-left-small:0px;\"><div class=\"tiaro-column-wrapper tiaro-flex-justify-content-flex-start tiaro-content-layout-column\"><div class=\"tiaro-separator tiaro-full-width-sep\" style=\"align-self: center;margin-left: auto;margin-right: auto;width:100%;\"><div class=\"tiaro-separator-border sep-shadow\" style=\"--awb-height:20px;--awb-amount:20px;--awb-sep-color:#00b3a7;background:radial-gradient(ellipse at 50% -50% , #00b3a7 0px, rgba(255, 255, 255, 0) 80%) repeat scroll 0 0 rgba(0, 0, 0, 0);background:-webkit-radial-gradient(ellipse at 50% -50% , #00b3a7 0px, rgba(255, 255, 255, 0) 80%) repeat scroll 0 0 rgba(0, 0, 0, 0);background:-moz-radial-gradient(ellipse at 50% -50% , #00b3a7 0px, rgba(255, 255, 255, 0) 80%) repeat scroll 0 0 rgba(0, 0, 0, 0);background:-o-radial-gradient(ellipse at 50% -50% , #00b3a7 0px, rgba(255, 255, 255, 0) 80%) repeat scroll 0 0 rgba(0, 0, 0, 0);\"><\/div><\/div><\/div><\/div><\/div><\/div><div class=\"tiaro-fullwidth fullwidth-box tiaro-builder-row-4 tiaro-flex-container hundred-percent-fullwidth non-hundred-percent-height-scrolling\" style=\"--awb-border-radius-top-left:0px;--awb-border-radius-top-right:0px;--awb-border-radius-bottom-right:0px;--awb-border-radius-bottom-left:0px;--awb-padding-right:50px;--awb-padding-left:50px;\" ><div class=\"tiaro-builder-row tiaro-row tiaro-flex-align-items-stretch\" style=\"width:104% !important;max-width:104% !important;margin-left: calc(-4% \/ 2 );margin-right: calc(-4% \/ 2 );\"><div class=\"tiaro-layout-column tiaro_builder_column tiaro-builder-column-4 tiaro_builder_column_1_1 1_1 tiaro-flex-column tiaro-column-inner-bg-wrapper tiaro-column-liftup-border\" style=\"--awb-inner-bg-size:cover;--awb-width-large:100%;--awb-margin-top-large:0px;--awb-spacing-right-large:1.92%;--awb-margin-bottom-large:5px;--awb-spacing-left-large:1.92%;--awb-width-medium:100%;--awb-spacing-right-medium:1.92%;--awb-spacing-left-medium:1.92%;--awb-width-small:100%;--awb-spacing-right-small:1.92%;--awb-spacing-left-small:1.92%;\"><span class=\"tiaro-column-inner-bg hover-type-liftup\"><a class=\"tiaro-column-anchor\" href=\"https:\/\/ehrler-beck.com\/fr\/technologien\/druck-vakuumpumpen-technologie\/seitenkanal-druck-vakuumpumpen\/\"><span class=\"tiaro-column-inner-bg-image\"><\/span><\/a><\/span><div class=\"tiaro-column-wrapper tiaro-flex-justify-content-flex-start tiaro-content-layout-column\"><div class=\"tiaro-builder-row tiaro-builder-row-inner tiaro-row tiaro-flex-align-items-stretch\" style=\"width:104% !important;max-width:104% !important;margin-left: calc(-4% \/ 2 );margin-right: calc(-4% \/ 2 );\"><div class=\"tiaro-layout-column tiaro_builder_column_inner tiaro-builder-nested-column-2 tiaro_builder_column_inner_1_5 1_5 tiaro-flex-column\" style=\"--awb-bg-size:cover;--awb-width-large:20%;--awb-margin-top-large:0px;--awb-spacing-right-large:3.84%;--awb-margin-bottom-large:5px;--awb-spacing-left-large:9.6%;--awb-width-medium:20%;--awb-spacing-right-medium:3.84%;--awb-spacing-left-medium:9.6%;--awb-width-small:100%;--awb-spacing-right-small:1.92%;--awb-spacing-left-small:1.92%;\"><div class=\"tiaro-column-wrapper tiaro-flex-justify-content-center tiaro-content-layout-column\"><div class=\"tiaro-image-element\" style=\"text-align:right;--awb-caption-title-font-family:var(--h2_typography-font-family);--awb-caption-title-font-weight:var(--h2_typography-font-weight);--awb-caption-title-font-style:var(--h2_typography-font-style);--awb-caption-title-size:var(--h2_typography-font-size);--awb-caption-title-transform:var(--h2_typography-text-transform);--awb-caption-title-line-height:var(--h2_typography-line-height);--awb-caption-title-letter-spacing:var(--h2_typography-letter-spacing);\"><span class=\"tiaro-imageframe imageframe-none imageframe-2 hover-type-none\"><img decoding=\"async\" width=\"100\" height=\"100\" title=\"Ic\u00f4ne de technologie de canal lat\u00e9ral\" src=\"data:image\/svg+xml,%3Csvg%20xmlns%3D%27http%3A%2F%2Fwww.w3.org%2F2000%2Fsvg%27%20width%3D%27100%27%20height%3D%27100%27%20viewBox%3D%270%200%20100%20100%27%3E%3Crect%20width%3D%27100%27%20height%3D%27100%27%20fill-opacity%3D%220%22%2F%3E%3C%2Fsvg%3E\" data-orig-src=\"https:\/\/ehrler-beck.com\/wp-content\/uploads\/2017\/07\/Side-Channel-Technology-Icon.png\" alt class=\"lazyload img-responsive wp-image-51\"\/><\/span><\/div><\/div><\/div><div class=\"tiaro-layout-column tiaro_builder_column_inner tiaro-builder-nested-column-3 tiaro_builder_column_inner_4_5 4_5 tiaro-flex-column\" style=\"--awb-bg-size:cover;--awb-width-large:80%;--awb-margin-top-large:0px;--awb-spacing-right-large:2.4%;--awb-margin-bottom-large:5px;--awb-spacing-left-large:3.84%;--awb-width-medium:80%;--awb-spacing-right-medium:2.4%;--awb-spacing-left-medium:3.84%;--awb-width-small:100%;--awb-spacing-right-small:1.92%;--awb-spacing-left-small:1.92%;\"><div class=\"tiaro-column-wrapper tiaro-flex-justify-content-flex-start tiaro-content-layout-column\"><div class=\"tiaro-text tiaro-text-4\"><h2>POMPES \u00c0 VIDE \u00c0 PRESSION \u00c0 CANAL LAT\u00c9RAL<\/h2>\n<p><span class=\"intro-text\">Les g\u00e9n\u00e9rateurs de vide \u00e0 pression \u00e0 canal lat\u00e9ral g\u00e9n\u00e8rent une aspiration \u00e0 faible pulsation et soufflent de l&#039;air gr\u00e2ce \u00e0 leur compression interne \u00ab \u00e0 plusieurs \u00e9tages \u00bb. La conception optimale de la turbine avec des pales de turbine incurv\u00e9es garantit une efficacit\u00e9 optimale.<\/span><\/p>\n<\/div><\/div><\/div><\/div><\/div><\/div><\/div><\/div><div class=\"tiaro-fullwidth fullwidth-box tiaro-builder-row-5 tiaro-flex-container nonhundred-percent-fullwidth non-hundred-percent-height-scrolling\" style=\"--awb-border-radius-top-left:0px;--awb-border-radius-top-right:0px;--awb-border-radius-bottom-right:0px;--awb-border-radius-bottom-left:0px;\" ><div class=\"tiaro-builder-row tiaro-row tiaro-flex-align-items-flex-start\" style=\"max-width:calc( 1350px + 0px );margin-left: calc(-0px \/ 2 );margin-right: calc(-0px \/ 2 );\"><div class=\"tiaro-layout-column tiaro_builder_column tiaro-builder-column-5 tiaro_builder_column_1_1 1_1 tiaro-flex-column\" style=\"--awb-bg-size:cover;--awb-width-large:100%;--awb-margin-top-large:0px;--awb-spacing-right-large:0px;--awb-margin-bottom-large:5px;--awb-spacing-left-large:0px;--awb-width-medium:100%;--awb-spacing-right-medium:0px;--awb-spacing-left-medium:0px;--awb-width-small:100%;--awb-spacing-right-small:0px;--awb-spacing-left-small:0px;\"><div class=\"tiaro-column-wrapper tiaro-flex-justify-content-flex-start tiaro-content-layout-column\"><div class=\"tiaro-separator tiaro-full-width-sep\" style=\"align-self: center;margin-left: auto;margin-right: auto;width:100%;\"><div class=\"tiaro-separator-border sep-shadow\" style=\"--awb-height:20px;--awb-amount:20px;--awb-sep-color:#00b3a7;background:radial-gradient(ellipse at 50% -50% , #00b3a7 0px, rgba(255, 255, 255, 0) 80%) repeat scroll 0 0 rgba(0, 0, 0, 0);background:-webkit-radial-gradient(ellipse at 50% -50% , #00b3a7 0px, rgba(255, 255, 255, 0) 80%) repeat scroll 0 0 rgba(0, 0, 0, 0);background:-moz-radial-gradient(ellipse at 50% -50% , #00b3a7 0px, rgba(255, 255, 255, 0) 80%) repeat scroll 0 0 rgba(0, 0, 0, 0);background:-o-radial-gradient(ellipse at 50% -50% , #00b3a7 0px, rgba(255, 255, 255, 0) 80%) repeat scroll 0 0 rgba(0, 0, 0, 0);\"><\/div><\/div><\/div><\/div><\/div><\/div><div class=\"tiaro-fullwidth fullwidth-box tiaro-builder-row-6 tiaro-flex-container hundred-percent-fullwidth non-hundred-percent-height-scrolling\" style=\"--awb-border-radius-top-left:0px;--awb-border-radius-top-right:0px;--awb-border-radius-bottom-right:0px;--awb-border-radius-bottom-left:0px;--awb-padding-right:50px;--awb-padding-left:50px;\" ><div class=\"tiaro-builder-row tiaro-row tiaro-flex-align-items-stretch\" style=\"width:104% !important;max-width:104% !important;margin-left: calc(-4% \/ 2 );margin-right: calc(-4% \/ 2 );\"><div class=\"tiaro-layout-column tiaro_builder_column tiaro-builder-column-6 tiaro_builder_column_1_1 1_1 tiaro-flex-column tiaro-column-inner-bg-wrapper tiaro-column-liftup-border\" style=\"--awb-inner-bg-size:cover;--awb-width-large:100%;--awb-margin-top-large:0px;--awb-spacing-right-large:1.92%;--awb-margin-bottom-large:5px;--awb-spacing-left-large:1.92%;--awb-width-medium:100%;--awb-spacing-right-medium:1.92%;--awb-spacing-left-medium:1.92%;--awb-width-small:100%;--awb-spacing-right-small:1.92%;--awb-spacing-left-small:1.92%;\"><span class=\"tiaro-column-inner-bg hover-type-liftup\"><a class=\"tiaro-column-anchor\" href=\"https:\/\/ehrler-beck.com\/fr\/les-technologies\/technologie-de-pompe-a-pression-vide\/pompes-a-vide-a-becs\/\"><span class=\"tiaro-column-inner-bg-image\"><\/span><\/a><\/span><div class=\"tiaro-column-wrapper tiaro-flex-justify-content-flex-start tiaro-content-layout-column\"><div class=\"tiaro-builder-row tiaro-builder-row-inner tiaro-row tiaro-flex-align-items-stretch\" style=\"width:104% !important;max-width:104% !important;margin-left: calc(-4% \/ 2 );margin-right: calc(-4% \/ 2 );\"><div class=\"tiaro-layout-column tiaro_builder_column_inner tiaro-builder-nested-column-4 tiaro_builder_column_inner_1_5 1_5 tiaro-flex-column\" style=\"--awb-bg-size:cover;--awb-width-large:20%;--awb-margin-top-large:0px;--awb-spacing-right-large:3.84%;--awb-margin-bottom-large:5px;--awb-spacing-left-large:9.6%;--awb-width-medium:20%;--awb-spacing-right-medium:3.84%;--awb-spacing-left-medium:9.6%;--awb-width-small:100%;--awb-spacing-right-small:1.92%;--awb-spacing-left-small:1.92%;\"><div class=\"tiaro-column-wrapper tiaro-flex-justify-content-center tiaro-content-layout-column\"><div class=\"tiaro-image-element\" style=\"text-align:right;--awb-caption-title-font-family:var(--h2_typography-font-family);--awb-caption-title-font-weight:var(--h2_typography-font-weight);--awb-caption-title-font-style:var(--h2_typography-font-style);--awb-caption-title-size:var(--h2_typography-font-size);--awb-caption-title-transform:var(--h2_typography-text-transform);--awb-caption-title-line-height:var(--h2_typography-line-height);--awb-caption-title-letter-spacing:var(--h2_typography-letter-spacing);\"><span class=\"tiaro-imageframe imageframe-none imageframe-3 hover-type-none\"><img decoding=\"async\" width=\"100\" height=\"100\" alt=\"Pompes \u00e0 vide \u00e0 griffes\" title=\"Ic\u00f4ne de technologie de griffe\" src=\"data:image\/svg+xml,%3Csvg%20xmlns%3D%27http%3A%2F%2Fwww.w3.org%2F2000%2Fsvg%27%20width%3D%27100%27%20height%3D%27100%27%20viewBox%3D%270%200%20100%20100%27%3E%3Crect%20width%3D%27100%27%20height%3D%27100%27%20fill-opacity%3D%220%22%2F%3E%3C%2Fsvg%3E\" data-orig-src=\"https:\/\/ehrler-beck.com\/wp-content\/uploads\/2017\/07\/Claw-Technology-Icon.png\" class=\"lazyload img-responsive wp-image-53\"\/><\/span><\/div><\/div><\/div><div class=\"tiaro-layout-column tiaro_builder_column_inner tiaro-builder-nested-column-5 tiaro_builder_column_inner_4_5 4_5 tiaro-flex-column\" style=\"--awb-bg-size:cover;--awb-width-large:80%;--awb-margin-top-large:0px;--awb-spacing-right-large:2.4%;--awb-margin-bottom-large:5px;--awb-spacing-left-large:3.84%;--awb-width-medium:80%;--awb-spacing-right-medium:2.4%;--awb-spacing-left-medium:3.84%;--awb-width-small:100%;--awb-spacing-right-small:1.92%;--awb-spacing-left-small:1.92%;\"><div class=\"tiaro-column-wrapper tiaro-flex-justify-content-flex-start tiaro-content-layout-column\"><div class=\"tiaro-text tiaro-text-5\"><h2>POMPES \u00c0 VIDE \u00c0 PRESSION \u00c0 GRIFFES<\/h2>\n<p><span class=\"intro-text\">Des espaces \u00e9troits entre les rotors \u00e0 griffes et le bo\u00eetier optimisent l&#039;\u00e9tanch\u00e9it\u00e9 interne et garantissent une vitesse de pompage constamment \u00e9lev\u00e9e. Un engrenage de synchronisation assure la synchronisation pr\u00e9cise des rotors \u00e0 griffes.<\/span><\/p>\n<\/div><\/div><\/div><\/div><\/div><\/div><\/div><\/div><div class=\"tiaro-fullwidth fullwidth-box tiaro-builder-row-7 tiaro-flex-container nonhundred-percent-fullwidth non-hundred-percent-height-scrolling\" style=\"--awb-border-radius-top-left:0px;--awb-border-radius-top-right:0px;--awb-border-radius-bottom-right:0px;--awb-border-radius-bottom-left:0px;\" ><div class=\"tiaro-builder-row tiaro-row tiaro-flex-align-items-flex-start\" style=\"max-width:calc( 1350px + 0px );margin-left: calc(-0px \/ 2 );margin-right: calc(-0px \/ 2 );\"><div class=\"tiaro-layout-column tiaro_builder_column tiaro-builder-column-7 tiaro_builder_column_1_1 1_1 tiaro-flex-column\" style=\"--awb-bg-size:cover;--awb-width-large:100%;--awb-margin-top-large:0px;--awb-spacing-right-large:0px;--awb-margin-bottom-large:5px;--awb-spacing-left-large:0px;--awb-width-medium:100%;--awb-spacing-right-medium:0px;--awb-spacing-left-medium:0px;--awb-width-small:100%;--awb-spacing-right-small:0px;--awb-spacing-left-small:0px;\"><div class=\"tiaro-column-wrapper tiaro-flex-justify-content-flex-start tiaro-content-layout-column\"><div class=\"tiaro-separator tiaro-full-width-sep\" style=\"align-self: center;margin-left: auto;margin-right: auto;width:100%;\"><div class=\"tiaro-separator-border sep-shadow\" style=\"--awb-height:20px;--awb-amount:20px;--awb-sep-color:#00b3a7;background:radial-gradient(ellipse at 50% -50% , #00b3a7 0px, rgba(255, 255, 255, 0) 80%) repeat scroll 0 0 rgba(0, 0, 0, 0);background:-webkit-radial-gradient(ellipse at 50% -50% , #00b3a7 0px, rgba(255, 255, 255, 0) 80%) repeat scroll 0 0 rgba(0, 0, 0, 0);background:-moz-radial-gradient(ellipse at 50% -50% , #00b3a7 0px, rgba(255, 255, 255, 0) 80%) repeat scroll 0 0 rgba(0, 0, 0, 0);background:-o-radial-gradient(ellipse at 50% -50% , #00b3a7 0px, rgba(255, 255, 255, 0) 80%) repeat scroll 0 0 rgba(0, 0, 0, 0);\"><\/div><\/div><\/div><\/div><\/div><\/div><\/p>","protected":false},"excerpt":{"rendered":"","protected":false},"author":1,"featured_media":0,"parent":40,"menu_order":0,"comment_status":"closed","ping_status":"closed","template":"","meta":{"footnotes":""},"class_list":["post-309","page","type-page","status-publish","hentry"],"acf":[],"_links":{"self":[{"href":"https:\/\/ehrler-beck.com\/fr\/wp-json\/wp\/v2\/pages\/309","targetHints":{"allow":["GET"]}}],"collection":[{"href":"https:\/\/ehrler-beck.com\/fr\/wp-json\/wp\/v2\/pages"}],"about":[{"href":"https:\/\/ehrler-beck.com\/fr\/wp-json\/wp\/v2\/types\/page"}],"author":[{"embeddable":true,"href":"https:\/\/ehrler-beck.com\/fr\/wp-json\/wp\/v2\/users\/1"}],"replies":[{"embeddable":true,"href":"https:\/\/ehrler-beck.com\/fr\/wp-json\/wp\/v2\/comments?post=309"}],"version-history":[{"count":0,"href":"https:\/\/ehrler-beck.com\/fr\/wp-json\/wp\/v2\/pages\/309\/revisions"}],"up":[{"embeddable":true,"href":"https:\/\/ehrler-beck.com\/fr\/wp-json\/wp\/v2\/pages\/40"}],"wp:attachment":[{"href":"https:\/\/ehrler-beck.com\/fr\/wp-json\/wp\/v2\/media?parent=309"}],"curies":[{"name":"wp","href":"https:\/\/api.w.org\/{rel}","templated":true}]}}