{"id":11467,"date":"2018-05-15T12:26:01","date_gmt":"2018-05-15T10:26:01","guid":{"rendered":"https:\/\/ehrler-beck.com\/privacy-policy"},"modified":"2024-08-09T13:32:31","modified_gmt":"2024-08-09T11:32:31","slug":"datenschutz-bestimmungen","status":"publish","type":"page","link":"https:\/\/ehrler-beck.com\/fr\/politique-de-confidentialite","title":{"rendered":"politique de confidentialit\u00e9"},"content":{"rendered":"<p><div class=\"tiaro-fullwidth fullwidth-box tiaro-builder-row-1 tiaro-flex-container nonhundred-percent-fullwidth non-hundred-percent-height-scrolling\" style=\"--awb-border-radius-top-left:0px;--awb-border-radius-top-right:0px;--awb-border-radius-bottom-right:0px;--awb-border-radius-bottom-left:0px;\" ><div class=\"tiaro-builder-row tiaro-row tiaro-flex-align-items-flex-start\" style=\"max-width:1404px;margin-left: calc(-4% \/ 2 );margin-right: calc(-4% \/ 2 );\"><div class=\"tiaro-layout-column tiaro_builder_column tiaro-builder-column-0 tiaro_builder_column_1_1 1_1 tiaro-flex-column\" style=\"--awb-bg-size:cover;--awb-width-large:100%;--awb-margin-top-large:0px;--awb-spacing-right-large:1.92%;--awb-margin-bottom-large:0px;--awb-spacing-left-large:1.92%;--awb-width-medium:100%;--awb-spacing-right-medium:1.92%;--awb-spacing-left-medium:1.92%;--awb-width-small:100%;--awb-spacing-right-small:1.92%;--awb-spacing-left-small:1.92%;\"><div class=\"tiaro-column-wrapper tiaro-flex-justify-content-flex-start tiaro-content-layout-column\"><div class=\"tiaro-text tiaro-text-1\"><p>Chez Ehrler &amp; Beck, nous sommes heureux que vous visitiez notre site Web et que vous vous int\u00e9ressiez \u00e0 notre entreprise et aux produits et services que nous proposons. Ehrler &amp; Beck respecte les dispositions de la loi f\u00e9d\u00e9rale sur la protection des donn\u00e9es, selon laquelle vous avez le droit d&#039;obtenir des informations gratuites sur vos donn\u00e9es stock\u00e9es par nous et leur utilisation et, sous certaines conditions, un droit de rectification, de blocage ou de suppression de vos donn\u00e9es. Contactez notre d\u00e9l\u00e9gu\u00e9 \u00e0 la protection des donn\u00e9es \u00e0 ce sujet <a href=\"mailto:privacy.officer@tiaro.eu\">privacy.officer@tiaro.eu<\/a><\/p>\n<p><strong><span class=\"intro-primary\">Technologie du vide et de l&#039;air comprim\u00e9 Ehrler &amp; Beck GmbH<\/span><\/strong><\/p>\n<\/div><div class=\"tiaro-text tiaro-text-2\"><p style=\"text-align: right;\"><em>Letzte Aktualisierung: 09.08.2024<\/em><\/p>\n<\/div><\/div><\/div><div class=\"tiaro-layout-column tiaro_builder_column tiaro-builder-column-1 tiaro_builder_column_1_3 1_3 tiaro-flex-column\" style=\"--awb-bg-size:cover;--awb-width-large:33.333333333333%;--awb-margin-top-large:0px;--awb-spacing-right-large:3.84%;--awb-margin-bottom-large:0px;--awb-spacing-left-large:5.76%;--awb-width-medium:33.333333333333%;--awb-spacing-right-medium:3.84%;--awb-spacing-left-medium:5.76%;--awb-width-small:100%;--awb-spacing-right-small:1.92%;--awb-spacing-left-small:1.92%;\"><div class=\"tiaro-column-wrapper tiaro-flex-justify-content-flex-start tiaro-content-layout-column\"><div class=\"tiaro-text tiaro-text-3\"><p><strong>adresse<\/strong>:<br \/>\nIndustriesstr. 16<br \/>\nD-71272, Renningen<br \/>\nAllemagne<\/p>\n<p><strong>Directeur g\u00e9n\u00e9ral<\/strong>: Dennis Schroeder<\/p>\n<p><strong>registre du commerce<\/strong>:<\/p>\n<p style=\"padding-left: 30px;\">Tribunal de district de Stuttgart<br \/>\nHRB 251776 Tribunal de district de Leonberg<\/p>\n<p><strong>Num\u00e9ro d&#039;immatriculation \u00e0 la TVA<\/strong>: DE145998269<\/p>\n<\/div><\/div><\/div><div class=\"tiaro-layout-column tiaro_builder_column tiaro-builder-column-2 tiaro_builder_column_1_3 1_3 tiaro-flex-column\" style=\"--awb-bg-size:cover;--awb-width-large:33.333333333333%;--awb-margin-top-large:0px;--awb-spacing-right-large:5.76%;--awb-margin-bottom-large:0px;--awb-spacing-left-large:3.84%;--awb-width-medium:33.333333333333%;--awb-spacing-right-medium:5.76%;--awb-spacing-left-medium:3.84%;--awb-width-small:100%;--awb-spacing-right-small:1.92%;--awb-spacing-left-small:1.92%;\"><div class=\"tiaro-column-wrapper tiaro-flex-justify-content-flex-start tiaro-content-layout-column\"><div class=\"tiaro-text tiaro-text-4\"><p><strong>coordonn\u00e9es<\/strong>:<\/p>\n<p><strong>t\u00e9l\u00e9phone<\/strong>: +49 (0) 7159 \/ 4085-0<\/p>\n<p><strong>fax<\/strong>: +49 (0) 7159 \/ 4085-85<\/p>\n<p><strong>E-mail<\/strong>: info@ehrler-beck.com<\/p>\n<\/div><\/div><\/div><\/div><\/div><div class=\"tiaro-fullwidth fullwidth-box tiaro-builder-row-2 tiaro-flex-container has-pattern-background has-mask-background nonhundred-percent-fullwidth non-hundred-percent-height-scrolling\" style=\"--awb-border-radius-top-left:0px;--awb-border-radius-top-right:0px;--awb-border-radius-bottom-right:0px;--awb-border-radius-bottom-left:0px;\" ><div class=\"tiaro-builder-row tiaro-row tiaro-flex-align-items-flex-start\" style=\"max-width:1404px;margin-left: calc(-4% \/ 2 );margin-right: calc(-4% \/ 2 );\"><div class=\"tiaro-layout-column tiaro_builder_column tiaro-builder-column-3 tiaro_builder_column_1_1 1_1 tiaro-flex-column\" style=\"--awb-bg-size:cover;--awb-width-large:100%;--awb-margin-top-large:0px;--awb-spacing-right-large:1.92%;--awb-margin-bottom-large:5px;--awb-spacing-left-large:1.92%;--awb-width-medium:100%;--awb-order-medium:0;--awb-spacing-right-medium:1.92%;--awb-spacing-left-medium:1.92%;--awb-width-small:100%;--awb-order-small:0;--awb-spacing-right-small:1.92%;--awb-spacing-left-small:1.92%;\"><div class=\"tiaro-column-wrapper tiaro-column-has-shadow tiaro-flex-justify-content-flex-start tiaro-content-layout-column\"><div class=\"tiaro-text tiaro-text-5\"><h1>Avis de confidentialit\u00e9<\/h1>\n<p>D\u00e9claration g\u00e9n\u00e9rale sur la protection des donn\u00e9es<\/p>\n<h2>introduction<\/h2>\n<p>Notre groupe de soci\u00e9t\u00e9s respecte votre vie priv\u00e9e et s&#039;engage \u00e0 prot\u00e9ger vos informations personnelles conform\u00e9ment aux pratiques d&#039;information \u00e9quitables et aux lois applicables en mati\u00e8re de protection des donn\u00e9es.<\/p>\n<p>Cet avis de confidentialit\u00e9 explique comment nous et nos soci\u00e9t\u00e9s collectons, utilisons et partageons les informations personnelles que vous nous fournissez ou que nous recevons ou g\u00e9n\u00e9rons autrement (&quot;Informations personnelles&quot;).<\/p>\n<p>&nbsp;<\/p>\n<h2>champ d&#039;application<\/h2>\n<p>Les donn\u00e9es personnelles sont toutes les informations relatives \u00e0 une personne physique identifi\u00e9e ou identifiable (&quot;personne concern\u00e9e&quot;). Une personne physique identifiable est une personne qui peut \u00eatre identifi\u00e9e, directement ou indirectement, notamment par r\u00e9f\u00e9rence \u00e0 un identifiant tel qu&#039;un nom, un num\u00e9ro d&#039;identification, des donn\u00e9es de localisation, un identifiant en ligne, ou \u00e0 un ou plusieurs \u00e9l\u00e9ments sp\u00e9cifiques d&#039;origine physique, physiologique, g\u00e9n\u00e9tique, l&#039;identit\u00e9 mentale, \u00e9conomique, culturelle ou sociale de cette personne physique.<\/p>\n<p>Cet avis de confidentialit\u00e9 s&#039;applique aux informations personnelles que nous recevons dans le cadre de nos activit\u00e9s commerciales normales, en ligne et hors ligne, c&#039;est-\u00e0-dire la collecte dans le cadre des ventes et du marketing, de l&#039;engagement des partenaires et des fournisseurs et des relations avec les investisseurs. Cet avis de confidentialit\u00e9 ne s&#039;applique pas aux informations personnellement identifiables obtenues via notre site de carri\u00e8res\u00a0; ceci est soumis \u00e0 la politique de confidentialit\u00e9 des candidats.<\/p>\n<p>&nbsp;<\/p>\n<h2>contr\u00f4leur de donn\u00e9es<\/h2>\n<p>Le responsable du traitement de vos donn\u00e9es est la soci\u00e9t\u00e9 de notre groupe qui a initialement collect\u00e9 vos donn\u00e9es et d\u00e9termin\u00e9 les finalit\u00e9s et les moyens d&#039;utilisation de vos donn\u00e9es.<\/p>\n<p>Si vous souhaitez savoir qui est le responsable du traitement des donn\u00e9es qui vous concerne ou si vous avez d&#039;autres questions concernant vos donn\u00e9es, veuillez contacter notre responsable de la confidentialit\u00e9 \u00e0 l&#039;adresse e-mail ci-dessous.<\/p>\n<h2><\/h2>\n<h2>Destinataires des donn\u00e9es personnelles<\/h2>\n<ul type=\"disc\">\n<li><strong>En interne\u00a0:<\/strong>\u00a0Les fonctions commerciales qui ont besoin d&#039;acc\u00e9der \u00e0 vos donn\u00e9es pour remplir nos obligations contractuelles et l\u00e9gales (c&#039;est-\u00e0-dire les ventes, la comptabilit\u00e9, les op\u00e9rations, le droit) ou aux fins de nos int\u00e9r\u00eats l\u00e9gitimes (c&#039;est-\u00e0-dire le marketing).<\/li>\n<li><strong>Troisi\u00e8me:<\/strong>\u00a0Nous pouvons faire appel \u00e0 des tiers pour fournir des services et des fonctionnalit\u00e9s en notre nom. Nous pouvons fournir des informations personnelles \u00e0 ces tiers pour ex\u00e9cuter ces services et fonctions. Le traitement de ces donn\u00e9es personnelles est effectu\u00e9 conform\u00e9ment \u00e0 nos instructions et est compatible avec les finalit\u00e9s initiales.<\/li>\n<li><strong>Requis par la loi:<\/strong>\u00a0Nous pouvons \u00e9galement fournir des informations personnelles aux autorit\u00e9s publiques ou judiciaires, aux forces de l&#039;ordre et aux organismes de r\u00e9glementation lorsque la loi l&#039;exige. Cela inclut \u00e9galement le respect des r\u00e9glementations en mati\u00e8re de s\u00e9curit\u00e9 nationale et d&#039;application de la loi, ainsi que des autorit\u00e9s et des tribunaux des pays dans lesquels nous op\u00e9rons. Dans la mesure permise par la loi, nous pouvons \u00e9galement divulguer des informations personnelles \u00e0 des tiers (y compris un conseiller juridique) si cela est n\u00e9cessaire pour l&#039;\u00e9tablissement, l&#039;exercice ou la d\u00e9fense de r\u00e9clamations l\u00e9gales ou pour faire valoir nos droits, prot\u00e9ger notre propri\u00e9t\u00e9 ou les droits, la propri\u00e9t\u00e9 ou la s\u00e9curit\u00e9 d&#039;autrui ou requis pour soutenir les fonctions d&#039;audit externe, de conformit\u00e9 et de gouvernance d&#039;entreprise.<\/li>\n<li><strong>Fusions et acquisitions\u00a0:<\/strong>\u00a0Les informations personnelles peuvent \u00eatre transf\u00e9r\u00e9es \u00e0 une partie acqu\u00e9rant tout ou partie du capital, des actifs ou des op\u00e9rations d&#039;une soci\u00e9t\u00e9 du Groupe en cas de vente, fusion, liquidation, dissolution ou autre action.<\/li>\n<li><strong>Affili\u00e9s\u00a0:<\/strong>\u00a0Nous pouvons \u00e9galement transf\u00e9rer et partager des informations avec nos soci\u00e9t\u00e9s affili\u00e9es conform\u00e9ment aux lois applicables.<\/li>\n<\/ul>\n<h2>Transferts internationaux<\/h2>\n<p>Parce que nous sommes un groupe international de soci\u00e9t\u00e9s avec des soci\u00e9t\u00e9s et des bureaux dans diff\u00e9rents pays, nous pouvons transf\u00e9rer vos informations personnelles d&#039;une soci\u00e9t\u00e9 \u00e0 une autre ou d&#039;un pays \u00e0 un autre afin d&#039;atteindre les objectifs \u00e9nonc\u00e9s ci-dessus. Nous partagerons vos informations personnelles conform\u00e9ment \u00e0 la loi applicable et uniquement dans la mesure n\u00e9cessaire aux fins \u00e9nonc\u00e9es ci-dessus. Au sein de notre groupe de soci\u00e9t\u00e9s, les donn\u00e9es personnelles sont transmises sur la base de la m\u00eame r\u00e9glementation et du m\u00eame haut niveau de s\u00e9curit\u00e9. Si n\u00e9cessaire, des accords de traitement de donn\u00e9es seront conclus pour assurer le niveau n\u00e9cessaire de protection des donn\u00e9es.<\/p>\n<p>Nous utilisons des processus l\u00e9gaux appropri\u00e9s pour transf\u00e9rer des informations personnelles au-del\u00e0 des fronti\u00e8res nationales dans le cadre l\u00e9gal. Si nous nous appuyons sur les clauses contractuelles types (\u00e9galement appel\u00e9es clauses types) pour faciliter ce partage, nous respecterons les termes de ces clauses, m\u00eame si ces termes et cet avis sont en conflit.<\/p>\n<p>Nous ne vendrons ni ne transf\u00e9rerons autrement vos informations personnelles en dehors de notre groupe de soci\u00e9t\u00e9s, sauf\u00a0:<\/p>\n<ul type=\"disc\">\n<li>Aux prestataires de services qui ex\u00e9cutent des services en notre nom. Nous ne partageons vos informations personnelles qu&#039;avec des prestataires de services que nous avons contractuellement oblig\u00e9s de ne pas traiter ou partager les informations, sauf pour nous fournir des services ou pour nous conformer \u00e0 des obligations l\u00e9gales\u00a0;<\/li>\n<li>pour se conformer aux obligations l\u00e9gales, y compris, mais sans s&#039;y limiter, r\u00e9pondre aux demandes des forces de l&#039;ordre ou d&#039;autres organismes de r\u00e9glementation gouvernementaux\u00a0;<\/li>\n<li>pour enqu\u00eater sur une activit\u00e9 ill\u00e9gale suspect\u00e9e ou r\u00e9elle\u00a0;<\/li>\n<li>pour \u00e9viter des blessures corporelles ou des pertes financi\u00e8res\u00a0; ou<\/li>\n<li>pour soutenir la vente de notre entreprise ou un transfert de tout ou partie de notre entreprise ou de nos actifs (y compris en cas de faillite).<\/li>\n<\/ul>\n<h2>stockage<\/h2>\n<p>Nous conservons vos informations personnelles aussi longtemps que nous entretenons une relation continue avec vous ou aussi longtemps que n\u00e9cessaire pour atteindre l&#039;objectif pour lequel elles ont \u00e9t\u00e9 collect\u00e9es, g\u00e9n\u00e9ralement pendant la dur\u00e9e d&#039;une relation contractuelle et pour la p\u00e9riode suivante lorsque la loi l&#039;exige ou le permet en vertu des loi.<\/p>\n<p>&nbsp;<\/p>\n<h2>Vos droits en tant que personne concern\u00e9e<\/h2>\n<ul type=\"disc\">\n<li>Vous avez le droit, \u00e0 des intervalles raisonnables et sans retard ni co\u00fbt injustifi\u00e9, d&#039;obtenir une copie de toutes les donn\u00e9es que nous traitons \u00e0 votre sujet.<\/li>\n<li>Vous avez le droit de faire rectifier ou mettre \u00e0 jour des donn\u00e9es personnelles inexactes ou p\u00e9rim\u00e9es.<\/li>\n<li>Vous avez le droit de faire supprimer vos donn\u00e9es personnelles.<\/li>\n<li>Vous avez le droit de vous opposer au traitement de vos donn\u00e9es personnelles, sauf si ce traitement est requis par la loi. Si l&#039;objection est justifi\u00e9e compte tenu de la situation sp\u00e9cifique, le traitement doit \u00eatre arr\u00eat\u00e9.<\/li>\n<li>En principe, vous avez le droit de demander le transfert de vos donn\u00e9es \u00e0 votre intention. La portabilit\u00e9 des donn\u00e9es signifie fournir vos donn\u00e9es personnelles sous une forme structur\u00e9e, couramment utilis\u00e9e et lisible par machine qui garantit qu&#039;elles peuvent \u00eatre facilement transmises \u00e0 d&#039;autres soci\u00e9t\u00e9s. Le droit \u00e0 la portabilit\u00e9 des donn\u00e9es est soumis \u00e0 des restrictions, c&#039;est-\u00e0-dire qu&#039;il ne s&#039;applique pas aux documents papier et ne doit pas porter atteinte aux droits d&#039;autrui ou aux donn\u00e9es sensibles de l&#039;entreprise.<\/li>\n<li>Vous pouvez demander que des d\u00e9cisions ne soient pas prises uniquement sur la base de processus d\u00e9cisionnels automatis\u00e9s si ces d\u00e9cisions produisent des effets juridiques ou vous affectent de mani\u00e8re significative.<\/li>\n<li>Vous avez le droit de retirer un consentement pr\u00e9c\u00e9demment accord\u00e9 dans un but pr\u00e9cis lorsque ce consentement constitue la base juridique du traitement de vos donn\u00e9es personnelles.<\/li>\n<\/ul>\n<p>Nous respectons ces droits et avons mis en place des processus pour r\u00e9pondre aux personnes qui souhaitent exercer ces droits. Si vous souhaitez savoir qui est le responsable du traitement des donn\u00e9es qui vous concerne ou si vous avez d&#039;autres questions concernant vos donn\u00e9es, veuillez contacter notre responsable de la confidentialit\u00e9 \u00e0 l&#039;adresse e-mail ci-dessous.<\/p>\n<p>&nbsp;<\/p>\n<h2>S\u00e9curit\u00e9<\/h2>\n<p>Nous nous effor\u00e7ons d&#039;assurer la s\u00e9curit\u00e9 de vos donn\u00e9es personnelles trait\u00e9es et de mettre en \u0153uvre des mesures techniques et des politiques de s\u00e9curit\u00e9 appropri\u00e9es qui prot\u00e8gent vos donn\u00e9es contre :<\/p>\n<ul type=\"disc\">\n<li>L&#039;acc\u00e8s non autoris\u00e9.<\/li>\n<li>Utilisation ou divulgation inappropri\u00e9e.<\/li>\n<li>Modification non autoris\u00e9e.<\/li>\n<li>Destruction illicite ou perte accidentelle.<\/li>\n<\/ul>\n<p>Tous nos employ\u00e9s et tous les tiers que nous engageons pour traiter vos donn\u00e9es personnelles sont tenus de respecter la confidentialit\u00e9 de vos donn\u00e9es.<\/p>\n<h2>Probl\u00e8mes de confidentialit\u00e9 et options de contact<\/h2>\n<p>Si vous avez des inqui\u00e9tudes concernant une violation pr\u00e9sum\u00e9e de la loi sur la protection des donn\u00e9es ou de toute autre r\u00e9glementation de notre part, veuillez contacter notre responsable de la confidentialit\u00e9 \u00e0 l&#039;adresse e-mail ci-dessous.<\/p>\n<p>Un responsable de la protection de la vie priv\u00e9e sera mis \u00e0 votre disposition pour enqu\u00eater sur votre plainte et vous fournira des informations sur la mani\u00e8re dont la plainte est trait\u00e9e.<\/p>\n<p>Si nous ne r\u00e9pondons pas \u00e0 vos demandes ou si nous vous donnons une bonne raison de ne pas le faire, vous avez le droit de contacter l&#039;autorit\u00e9 de contr\u00f4le pour d\u00e9poser une plainte.<\/p>\n<p>&nbsp;<\/p>\n<h2>Modifications de notre politique de confidentialit\u00e9<\/h2>\n<p>Nous nous r\u00e9servons le droit de changer, modifier et mettre \u00e0 jour cet avis de confidentialit\u00e9 \u00e0 tout moment. V\u00e9rifiez r\u00e9guli\u00e8rement que vous avez lu l&#039;avis le plus r\u00e9cent.<\/p>\n<\/div><\/div><\/div><\/div><\/div><\/p>","protected":false},"excerpt":{"rendered":"","protected":false},"author":1,"featured_media":0,"parent":0,"menu_order":0,"comment_status":"closed","ping_status":"closed","template":"","meta":{"footnotes":""},"class_list":["post-11467","page","type-page","status-publish","hentry"],"acf":[],"_links":{"self":[{"href":"https:\/\/ehrler-beck.com\/fr\/wp-json\/wp\/v2\/pages\/11467","targetHints":{"allow":["GET"]}}],"collection":[{"href":"https:\/\/ehrler-beck.com\/fr\/wp-json\/wp\/v2\/pages"}],"about":[{"href":"https:\/\/ehrler-beck.com\/fr\/wp-json\/wp\/v2\/types\/page"}],"author":[{"embeddable":true,"href":"https:\/\/ehrler-beck.com\/fr\/wp-json\/wp\/v2\/users\/1"}],"replies":[{"embeddable":true,"href":"https:\/\/ehrler-beck.com\/fr\/wp-json\/wp\/v2\/comments?post=11467"}],"version-history":[{"count":8,"href":"https:\/\/ehrler-beck.com\/fr\/wp-json\/wp\/v2\/pages\/11467\/revisions"}],"predecessor-version":[{"id":160366,"href":"https:\/\/ehrler-beck.com\/fr\/wp-json\/wp\/v2\/pages\/11467\/revisions\/160366"}],"wp:attachment":[{"href":"https:\/\/ehrler-beck.com\/fr\/wp-json\/wp\/v2\/media?parent=11467"}],"curies":[{"name":"wp","href":"https:\/\/api.w.org\/{rel}","templated":true}]}}