{"id":9893,"date":"2018-01-18T13:21:26","date_gmt":"2018-01-18T12:21:26","guid":{"rendered":"http:\/\/ehrler-beck.com?page_id=9893"},"modified":"2023-06-16T02:29:13","modified_gmt":"2023-06-16T00:29:13","slug":"cookie-richtlinie","status":"publish","type":"page","link":"https:\/\/ehrler-beck.com\/es\/politica-de-cookies","title":{"rendered":"Pol\u00edtica de cookies"},"content":{"rendered":"<h1>POL\u00cdTICA DE COOKIES<\/h1>\n<p style=\"text-align: right;\"><em>\u00daltima actualizaci\u00f3n el 16 de junio de 2023<\/em><\/p>\n<p>Esta Pol\u00edtica de cookies explica c\u00f3mo Ehrler &amp; Beck Vakuum- und Drucklufttechnik GmbH (&quot;Compa\u00f1\u00eda&quot;, &quot;nosotros&quot;, &quot;nos&quot; y &quot;nuestro&quot;) utiliza cookies y tecnolog\u00edas similares para reconocerlo cuando visita nuestros sitios web en https:\/\/ehrler- beck.com, (&quot;Sitio web&quot;). Explica qu\u00e9 son esas tecnolog\u00edas y por qu\u00e9 las usamos, y sus derechos para controlar nuestro uso de esas tecnolog\u00edas.<\/p>\n<h2>\u00bfQu\u00e9 son las cookies?<\/h2>\n<p>Las cookies son peque\u00f1os archivos de datos que se colocan en su computadora o dispositivo m\u00f3vil cuando visita un sitio web. Las cookies son ampliamente utilizadas por los propietarios de sitios web para hacer que sus sitios web funcionen, o para que funcionen de manera m\u00e1s eficiente, y para proporcionar informaci\u00f3n de informes.<\/p>\n<p>Las cookies establecidas por el operador del sitio web (en este caso, Ehrler &amp; Beck Vacuum y Compressed Air Technology GmbH) se denominan &quot;Cookies de origen&quot;. Las cookies establecidas por terceros que no sean el propietario del sitio web se denominan &quot;cookies de terceros&quot;. Las cookies de terceros permiten que se proporcionen caracter\u00edsticas o funciones de terceros en el sitio web o a trav\u00e9s de este (por ejemplo, publicidad, contenido interactivo y an\u00e1lisis). Las partes que configuran estas cookies de terceros pueden reconocer su computadora tanto cuando visita ese sitio web como cuando visita otros sitios web.<\/p>\n<h2>\u00bfPor qu\u00e9 usamos cookies?<\/h2>\n<p>Solo usamos cookies locales por varias razones. Por motivos t\u00e9cnicos, algunas cookies son necesarias para el funcionamiento de nuestros sitios web. Nos referimos a estas como cookies &quot;estrictamente necesarias&quot; o &quot;estrictamente necesarias&quot;. Otras cookies permiten el seguimiento y la orientaci\u00f3n de los intereses de los usuarios para mejorar la experiencia en los sitios web. No utilizamos estas cookies. Nuestro sitio web utiliza solo una cookie estrictamente necesaria.<\/p>\n<h2>\u00bfC\u00f3mo puedo controlar las cookies?<\/h2>\n<p>Tiene derecho a decidir si acepta o rechaza las cookies. Puede ejercer sus derechos de cookies configurando sus preferencias en el Administrador de consentimiento de cookies. El Administrador de consentimiento de cookies le permite elegir qu\u00e9 categor\u00edas de cookies acepta o rechaza. Las cookies esenciales no se pueden rechazar ya que son estrictamente necesarias para proporcionarle servicios.<\/p>\n<p>Puede encontrar el Administrador de consentimiento de cookies en el banner de notificaci\u00f3n y en nuestro sitio web. Si elige rechazar las cookies, puede continuar usando nuestro sitio web, sin embargo, su acceso a algunas funciones y \u00e1reas de nuestro sitio web puede ser limitado. Tambi\u00e9n puede establecer o cambiar la configuraci\u00f3n de su navegador web para aceptar o rechazar las cookies. Debido a que las formas en que puede rechazar las cookies a trav\u00e9s de los controles de su navegador web var\u00edan de un navegador a otro, debe visitar el men\u00fa de ayuda de su navegador para obtener m\u00e1s informaci\u00f3n.<\/p>\n<p>Los tipos espec\u00edficos de cookies que se sirven a trav\u00e9s de nuestros sitios web y los prop\u00f3sitos a los que sirven se describen en la siguiente tabla (tenga en cuenta que las cookies espec\u00edficas utilizadas pueden variar seg\u00fan las ofertas en l\u00ednea espec\u00edficas que visite):<\/p>\n<h2>Cookies importantes del sitio web:<\/h2>\n<p>Estas cookies son estrictamente necesarias para brindarle los servicios disponibles a trav\u00e9s de nuestros sitios web y para usar algunas de sus funciones, como B. acceso a \u00e1reas seguras.<\/p>\n<div>\n<section data-custom-class=\"body_text\">\n<table style=\"width: 100%; height: 168px;\">\n<tbody>\n<tr style=\"height: 24px;\">\n<td style=\"height: 24px;\"><span style=\"color: #00b3a7;\">Designaci\u00f3n<\/span>:<\/td>\n<td style=\"height: 24px;\">mwai_session_id<\/td>\n<\/tr>\n<tr style=\"height: 24px;\">\n<td style=\"height: 24px;\"><span style=\"color: #00b3a7;\">Objetivo<\/span>:<\/td>\n<td style=\"height: 24px;\">Utilizado por el sitio web para identificar sesiones espec\u00edficas del sitio web.<\/td>\n<\/tr>\n<tr style=\"height: 24px;\">\n<td style=\"height: 24px;\"><span style=\"color: #00b3a7;\">Oferente<\/span>:<\/td>\n<td style=\"height: 24px;\">ehrler-beck.com<\/td>\n<\/tr>\n<tr style=\"height: 24px;\">\n<td style=\"height: 24px;\"><span style=\"color: #00b3a7;\">dominio<\/span>:<\/td>\n<td style=\"height: 24px;\">ehrler-beck.com<\/td>\n<\/tr>\n<tr style=\"height: 24px;\">\n<td style=\"height: 24px;\"><span style=\"color: #00b3a7;\">Expira en<\/span>:<\/td>\n<td style=\"height: 24px;\">Despu\u00e9s de la sesi\u00f3n completada<\/td>\n<\/tr>\n<\/tbody>\n<\/table>\n<\/section>\n<\/div>\n<h2>\u00bfQu\u00e9 pasa con otras tecnolog\u00edas de seguimiento como balizas web?<\/h2>\n<p>Las cookies no son la \u00fanica forma de reconocer o rastrear a los visitantes de un sitio web. Es posible que utilicemos otras tecnolog\u00edas similares de vez en cuando, como balizas web (a veces denominadas &quot;p\u00edxeles de seguimiento&quot; o &quot;GIF transparentes&quot;). Estos son peque\u00f1os archivos gr\u00e1ficos que contienen un identificador \u00fanico y nos permiten reconocer cu\u00e1ndo alguien visit\u00f3 nuestros sitios web o abri\u00f3 un correo electr\u00f3nico que contiene esta informaci\u00f3n. Esto nos permite, por ejemplo, monitorear los patrones de tr\u00e1fico de los usuarios de una p\u00e1gina dentro de un sitio web a otra, proporcionar o comunicarnos con cookies para saber si ha le\u00eddo un anuncio en l\u00ednea que se muestra en un sitio web de un tercero, lleg\u00f3 al sitio web en para mejorar el rendimiento del sitio web y medir el \u00e9xito de las campa\u00f1as de marketing por correo electr\u00f3nico. En muchos casos, estas tecnolog\u00edas se basan en cookies para funcionar correctamente. Por lo tanto, el rechazo de las cookies perjudica su funci\u00f3n.<\/p>\n<h2>\u00bfPon\u00e9is publicidad dirigida?<\/h2>\n<p>Ehrler und Beck no opera publicidad dirigida en este sitio web, ni transmitimos datos a terceros para recopilar y difundir datos para publicidad dirigida. Para obtener m\u00e1s informaci\u00f3n, no dude en ponerse en contacto con nuestro oficial de protecci\u00f3n de datos en <a href=\"mailto:Privacy.officer@tiaro.ba\">Privacidad.oficial@tiaro.ba<\/a> Giro de vuelta.<\/p>\n<h2>\u00bfCon qu\u00e9 frecuencia actualizar\u00e1 esta pol\u00edtica de cookies?<\/h2>\n<p>Es posible que actualicemos esta Pol\u00edtica de cookies de vez en cuando, por ejemplo, para reflejar cambios en las cookies que utilizamos o por otras razones operativas, legales o reglamentarias. Por lo tanto, revise esta Pol\u00edtica de cookies regularmente para mantenerse informado sobre nuestro uso de cookies y tecnolog\u00edas relacionadas.<\/p>\n<p>La fecha en la parte superior e inferior de esta p\u00e1gina de pol\u00edtica de cookies indica cu\u00e1ndo se actualiz\u00f3 por \u00faltima vez.<\/p>\n<h2>\u00bfD\u00f3nde puedo obtener m\u00e1s informaci\u00f3n?<\/h2>\n<p>Puede enviar un correo electr\u00f3nico al desarrollador directamente a <a href=\"mailto:info@tiaro.com\">info@tiaro.ba<\/a> contacto, adem\u00e1s de nuestro oficial de protecci\u00f3n de datos en <a href=\"mailto:Privacy.officer@tiaro.ba\">Privacidad.oficial@tiaro.ba<\/a>.<\/p>\n<p>Tambi\u00e9n puede contactarnos directamente en <a href=\"mailto:info@ehrler-beck.com\">info@ehrler-beck.com<\/a> o por correo a:<\/p>\n<p><strong>Ehrler &amp; Beck tecnolog\u00eda de vac\u00edo y aire comprimido GmbH<\/strong><br \/>\nIndustriastr. 16 D-71272 Renninga<br \/>\nRenningen, Baden-Wurtemberg 71272<br \/>\nAlemania<br \/>\n<strong>Los telefonos<\/strong>: (+49)715940850<br \/>\n<strong>fax<\/strong>: (+49)7159408585<\/p>\n<p style=\"text-align: right;\"><em>\u00daltima actualizaci\u00f3n el 16 de junio de 2023<\/em><\/p>","protected":false},"excerpt":{"rendered":"<p>COOKIE-RICHTLINIE Zuletzt aktualisiert am 16. Juni 2023 In dieser Cookie-Richtlinie wird erl\u00e4utert, wie die Ehrler &amp; Beck Vakuum- und Drucklufttechnik GmbH (\u201eUnternehmen\u201c, \u201ewir\u201c, \u201euns\u201c und \u201eunser\u201c) Cookies und \u00e4hnliche Technologien verwendet, um Sie zu erkennen, wenn Sie unsere Websites unter https:\/\/ehrler-beck.com, (\u201eWebsite\u201c). Es erkl\u00e4rt, was diese Technologien sind und warum wir sie nutzen, sowie Ihre [&hellip;]<\/p>","protected":false},"author":1,"featured_media":0,"parent":0,"menu_order":0,"comment_status":"closed","ping_status":"closed","template":"","meta":{"footnotes":""},"class_list":["post-9893","page","type-page","status-publish","hentry"],"acf":[],"_links":{"self":[{"href":"https:\/\/ehrler-beck.com\/es\/wp-json\/wp\/v2\/pages\/9893","targetHints":{"allow":["GET"]}}],"collection":[{"href":"https:\/\/ehrler-beck.com\/es\/wp-json\/wp\/v2\/pages"}],"about":[{"href":"https:\/\/ehrler-beck.com\/es\/wp-json\/wp\/v2\/types\/page"}],"author":[{"embeddable":true,"href":"https:\/\/ehrler-beck.com\/es\/wp-json\/wp\/v2\/users\/1"}],"replies":[{"embeddable":true,"href":"https:\/\/ehrler-beck.com\/es\/wp-json\/wp\/v2\/comments?post=9893"}],"version-history":[{"count":12,"href":"https:\/\/ehrler-beck.com\/es\/wp-json\/wp\/v2\/pages\/9893\/revisions"}],"predecessor-version":[{"id":69657,"href":"https:\/\/ehrler-beck.com\/es\/wp-json\/wp\/v2\/pages\/9893\/revisions\/69657"}],"wp:attachment":[{"href":"https:\/\/ehrler-beck.com\/es\/wp-json\/wp\/v2\/media?parent=9893"}],"curies":[{"name":"wp","href":"https:\/\/api.w.org\/{rel}","templated":true}]}}