{"id":9017,"date":"2017-12-11T12:19:17","date_gmt":"2017-12-11T11:19:17","guid":{"rendered":"http:\/\/ehrler-beck.com\/einsatzgebiete\/glass-industry"},"modified":"2018-02-27T15:43:19","modified_gmt":"2018-02-27T14:43:19","slug":"glasindustrie","status":"publish","type":"page","link":"https:\/\/ehrler-beck.com\/es\/areas-de-aplicacion\/industria-del-vidrio","title":{"rendered":"industria del vidrio"},"content":{"rendered":"<p><div class=\"tiaro-fullwidth fullwidth-box tiaro-builder-row-1 tiaro-flex-container tiaro-parallax-fixed hundred-percent-fullwidth non-hundred-percent-height-scrolling lazyload\" style=\"--awb-border-radius-top-left:0px;--awb-border-radius-top-right:0px;--awb-border-radius-bottom-right:0px;--awb-border-radius-bottom-left:0px;--awb-padding-top:150px;--awb-padding-right:0px;--awb-padding-bottom:150px;--awb-padding-left:0px;--awb-background-size:cover;background-attachment:fixed;\" data-bg=\"https:\/\/ehrler-beck.com\/wp-content\/uploads\/2017\/12\/GlassIndustry.jpg\" ><div class=\"tiaro-builder-row tiaro-row tiaro-flex-align-items-stretch\" style=\"width:calc( 100% + 0px ) !important;max-width:calc( 100% + 0px ) !important;margin-left: calc(-0px \/ 2 );margin-right: calc(-0px \/ 2 );\"><div class=\"tiaro-layout-column tiaro_builder_column tiaro-builder-column-0 tiaro_builder_column_1_1 1_1 tiaro-flex-column\" style=\"--awb-bg-color:rgba(0,0,0,0.79);--awb-bg-size:cover;--awb-width-large:100%;--awb-margin-top-large:0px;--awb-spacing-right-large:0px;--awb-margin-bottom-large:5px;--awb-spacing-left-large:0px;--awb-width-medium:100%;--awb-spacing-right-medium:0px;--awb-spacing-left-medium:0px;--awb-width-small:100%;--awb-spacing-right-small:0px;--awb-spacing-left-small:0px;\"><div class=\"tiaro-column-wrapper tiaro-flex-justify-content-center tiaro-content-layout-column\"><div class=\"tiaro-text tiaro-text-1\"><h1 style=\"text-align: center;\">INDUSTRIA DEL VIDRIO<\/h1>\n<\/div><\/div><\/div><\/div><\/div><div class=\"tiaro-fullwidth fullwidth-box tiaro-builder-row-2 tiaro-flex-container nonhundred-percent-fullwidth non-hundred-percent-height-scrolling\" style=\"--awb-border-radius-top-left:0px;--awb-border-radius-top-right:0px;--awb-border-radius-bottom-right:0px;--awb-border-radius-bottom-left:0px;\" ><div class=\"tiaro-builder-row tiaro-row tiaro-flex-align-items-flex-start\" style=\"max-width:calc( 1350px + 0px );margin-left: calc(-0px \/ 2 );margin-right: calc(-0px \/ 2 );\"><div class=\"tiaro-layout-column tiaro_builder_column tiaro-builder-column-1 tiaro_builder_column_1_1 1_1 tiaro-flex-column\" style=\"--awb-bg-size:cover;--awb-width-large:100%;--awb-margin-top-large:20px;--awb-spacing-right-large:0px;--awb-margin-bottom-large:0px;--awb-spacing-left-large:0px;--awb-width-medium:100%;--awb-spacing-right-medium:0px;--awb-spacing-left-medium:0px;--awb-width-small:100%;--awb-spacing-right-small:0px;--awb-spacing-left-small:0px;\"><div class=\"tiaro-column-wrapper tiaro-flex-justify-content-flex-start tiaro-content-layout-column\"><div class=\"tiaro-text tiaro-text-2\"><p><span class=\"intro-text\">Se requieren grandes caudales de aire comprimido y vac\u00edo para la producci\u00f3n de vidrio hueco. La confiabilidad y la calidad de todos los agregados y componentes es la m\u00e1xima prioridad, ya que los tiempos de inactividad de la producci\u00f3n generan costos de seguimiento extremadamente altos. Cuando la producci\u00f3n funciona las 24 horas del d\u00eda, los compresores de paletas rotativas y las bombas de vac\u00edo de paletas rotativas son la soluci\u00f3n ideal.<br \/>\nEl aire comprimido se utiliza en la industria del vidrio para dar forma a los espacios en blanco en las m\u00e1quinas de producci\u00f3n. Tambi\u00e9n se requiere una red de aire comprimido para controlar los diversos dispositivos de transferencia y para el suministro general de aire comprimido de la f\u00e1brica.<\/span><span class=\"intro-text\"><br \/>\nSe utilizan bombas de vac\u00edo de paletas rotativas para evacuar los moldes de vidrio. Esto tambi\u00e9n asegura la calidad del producto desde el punto de vista de aumentar el n\u00famero de art\u00edculos. Las estaciones de bombeo al vac\u00edo se utilizan para vol\u00famenes m\u00e1s grandes. Estos sistemas de dos etapas consisten en bombas de vac\u00edo Roots y de paletas rotativas y tambi\u00e9n se utilizan en la industria del vidrio para la fabricaci\u00f3n de bombillas y tubos fluorescentes.<\/span><\/p>\n<\/div><\/div><\/div><\/div><\/div><div class=\"tiaro-fullwidth fullwidth-box tiaro-builder-row-3 tiaro-flex-container tiaro-parallax-fixed nonhundred-percent-fullwidth non-hundred-percent-height-scrolling lazyload\" style=\"--awb-border-radius-top-left:0px;--awb-border-radius-top-right:0px;--awb-border-radius-bottom-right:0px;--awb-border-radius-bottom-left:0px;--awb-background-size:cover;background-attachment:fixed;\" data-bg=\"https:\/\/ehrler-beck.com\/wp-content\/uploads\/2017\/12\/csm_WritingTesting20__ab08bdc8ea.jpg\" ><div class=\"tiaro-builder-row tiaro-row tiaro-flex-align-items-flex-start\" style=\"max-width:1404px;margin-left: calc(-4% \/ 2 );margin-right: calc(-4% \/ 2 );\"><div class=\"tiaro-layout-column tiaro_builder_column tiaro-builder-column-2 tiaro_builder_column_1_1 1_1 tiaro-flex-column\" style=\"--awb-bg-size:cover;--awb-width-large:100%;--awb-margin-top-large:0px;--awb-spacing-right-large:1.92%;--awb-margin-bottom-large:5px;--awb-spacing-left-large:1.92%;--awb-width-medium:100%;--awb-spacing-right-medium:1.92%;--awb-spacing-left-medium:1.92%;--awb-width-small:100%;--awb-spacing-right-small:1.92%;--awb-spacing-left-small:1.92%;\"><div class=\"tiaro-column-wrapper tiaro-flex-justify-content-flex-start tiaro-content-layout-column\"><div class=\"tiaro-text tiaro-text-3\"><p><span class=\"intro-primary\">Cont\u00e1ctenos, nuestros expertos le ofrecen la mejor soluci\u00f3n para su aplicaci\u00f3n<\/span><\/p>\n<\/div><\/div><\/div><div class=\"tiaro-layout-column tiaro_builder_column tiaro-builder-column-3 tiaro_builder_column_1_2 1_2 tiaro-flex-column\" style=\"--awb-bg-size:cover;--awb-width-large:50%;--awb-margin-top-large:0px;--awb-spacing-right-large:3.84%;--awb-margin-bottom-large:5px;--awb-spacing-left-large:3.84%;--awb-width-medium:50%;--awb-spacing-right-medium:3.84%;--awb-spacing-left-medium:3.84%;--awb-width-small:100%;--awb-spacing-right-small:1.92%;--awb-spacing-left-small:1.92%;\"><div class=\"tiaro-column-wrapper tiaro-flex-justify-content-flex-start tiaro-content-layout-column\"><div class=\"tiaro-text tiaro-text-4\">\n<div class=\"wpcf7 no-js\" id=\"wpcf7-f6621-o1\" lang=\"en-US\" dir=\"ltr\">\n<div class=\"screen-reader-response\"><p role=\"status\" aria-live=\"polite\" aria-atomic=\"true\"><\/p> <ul><\/ul><\/div>\n<form action=\"\/es\/wp-json\/wp\/v2\/pages\/9017#wpcf7-f6621-o1\" method=\"post\" class=\"wpcf7-form init\" aria-label=\"Contact form\" novalidate=\"novalidate\" data-status=\"init\" data-trp-original-action=\"\/es\/wp-json\/wp\/v2\/pages\/9017#wpcf7-f6621-o1\">\n<div style=\"display: none;\">\n<input type=\"hidden\" name=\"_wpcf7\" value=\"6621\" \/>\n<input type=\"hidden\" name=\"_wpcf7_version\" value=\"5.7.7\" \/>\n<input type=\"hidden\" name=\"_wpcf7_locale\" value=\"en_US\" \/>\n<input type=\"hidden\" name=\"_wpcf7_unit_tag\" value=\"wpcf7-f6621-o1\" \/>\n<input type=\"hidden\" name=\"_wpcf7_container_post\" value=\"0\" \/>\n<input type=\"hidden\" name=\"_wpcf7_posted_data_hash\" value=\"\" \/>\n<input type=\"hidden\" name=\"_wpcf7_recaptcha_response\" value=\"\" \/>\n<\/div>\n<div class=\"one-half\">\n\t<p><label> Nombre de pila* <span class=\"wpcf7-form-control-wrap\" data-name=\"first-name\"><input size=\"40\" class=\"wpcf7-form-control wpcf7-text wpcf7-validates-as-required\" aria-required=\"true\" aria-invalid=\"false\" value=\"\" type=\"text\" name=\"first-name\" \/><\/span> <\/label>\n\t<\/p>\n\t<p><label> Apellido* <span class=\"wpcf7-form-control-wrap\" data-name=\"last-name\"><input size=\"40\" class=\"wpcf7-form-control wpcf7-text wpcf7-validates-as-required\" aria-required=\"true\" aria-invalid=\"false\" value=\"\" type=\"text\" name=\"last-name\" \/><\/span> <\/label>\n\t<\/p>\n\t<p><label> compa\u00f1\u00eda <span class=\"wpcf7-form-control-wrap\" data-name=\"company\"><input size=\"40\" class=\"wpcf7-form-control wpcf7-text\" aria-invalid=\"false\" value=\"\" type=\"text\" name=\"company\" \/><\/span> <\/label>\n\t<\/p>\n\t<p><label> Direcci\u00f3n de correo electr\u00f3nico* <span class=\"wpcf7-form-control-wrap\" data-name=\"your-email\"><input size=\"40\" class=\"wpcf7-form-control wpcf7-text wpcf7-email wpcf7-validates-as-required wpcf7-validates-as-email\" aria-required=\"true\" aria-invalid=\"false\" value=\"\" type=\"email\" name=\"your-email\" \/><\/span> <\/label>\n\t<\/p>\n\t<p><label> n\u00famero de tel\u00e9fono <span class=\"wpcf7-form-control-wrap\" data-name=\"your-phone\"><input size=\"40\" class=\"wpcf7-form-control wpcf7-text wpcf7-tel wpcf7-validates-as-tel\" aria-invalid=\"false\" value=\"\" type=\"tel\" name=\"your-phone\" \/><\/span> <\/label>\n\t<\/p>\n\t<p><label> pa\u00eds <span class=\"wpcf7-form-control-wrap\" data-name=\"country\"><select class=\"wpcf7-form-control wpcf7-select\" aria-invalid=\"false\" name=\"country\"><option value=\"Deutschland\">Alemania<\/option><option value=\"\u00d6sterreich\">Austria<\/option><option value=\"Belgien\">B\u00e9lgica<\/option><option value=\"Liechtenstein\">Liechtenstein<\/option><option value=\"Luxemburg\">luxemburgo<\/option><option value=\"Schweiz\">Suiza<\/option><option value=\"-----\">-----<\/option><option value=\"Afghanistan\">Afganist\u00e1n<\/option><option value=\"Albanien\">Albania<\/option><option value=\"Algerien\">Argelia<\/option><option value=\"Amerikanische Jungferninseln\">Islas V\u00edrgenes Americanas<\/option><option value=\"Amerikanisch-Samoa\">Samoa Americana<\/option><option value=\"Andorra\">Andorra<\/option><option value=\"Angola\">angola<\/option><option value=\"Anguilla\">anguila<\/option><option value=\"Antigua und Barbuda\">Antigua y Barbuda<\/option><option value=\"Argentinien\">Argentina<\/option><option value=\"Armenien\">Armenia<\/option><option value=\"Aruba\">Aruba<\/option><option value=\"Australien\">Australia<\/option><option value=\"Aserbaidschan\">Azerbaiy\u00e1n<\/option><option value=\"Bahamas\">bahamas<\/option><option value=\"Bahrain\">Bar\u00e9in<\/option><option value=\"Bangladesch\">bangladesh<\/option><option value=\"Barbados\">barbados<\/option><option value=\"Belarus\">Bielorrusia<\/option><option value=\"Belize\">Belice<\/option><option value=\"Benin\">ben\u00edn<\/option><option value=\"Bermuda\">islas Bermudas<\/option><option value=\"Bhutan\">But\u00e1n<\/option><option value=\"Bolivien\">Bolivia<\/option><option value=\"Bonaire\">bonaire<\/option><option value=\"Bosnien und Herzegowina\">Bosnia y Herzegovina<\/option><option value=\"Botswana\">Botsuana<\/option><option value=\"Bouvet-Insel (Bouvetoya)\">Isla Bouvet (Bouvetoya)<\/option><option value=\"Brasilien\">Brasil<\/option><option value=\"Britisches Territorium im Indischen Ozean (Chagos-Archipel)\">Territorio Brit\u00e1nico del Oc\u00e9ano \u00cdndico (Archipi\u00e9lago de Chagos)<\/option><option value=\"Britische Jungferninseln\">Islas V\u00edrgenes Brit\u00e1nicas<\/option><option value=\"Brunei Darussalam\">Brunei Darussalam<\/option><option value=\"Bulgarien\">Bulgaria<\/option><option value=\"Burkina Faso\">Burkina Faso<\/option><option value=\"Burundi\">burundi<\/option><option value=\"Kambodscha\">Camboya<\/option><option value=\"Kamerun\">Camer\u00fan<\/option><option value=\"Canada\">Canad\u00e1<\/option><option value=\"Kap Verde\">Cabo Verde<\/option><option value=\"Cayman Islands\">Islas Caim\u00e1n<\/option><option value=\"Zentralafrikanische Republik\">Rep\u00fablica Centroafricana<\/option><option value=\"Chad\">Chad<\/option><option value=\"Chile\">Chile<\/option><option value=\"Weihnachtsinsel\">Isla de Navidad<\/option><option value=\"Cocos (Keeling) Inseln\">Islas Cocos (Keeling)<\/option><option value=\"Cookinseln\">Islas Cook<\/option><option value=\"Costa Rica\">Costa Rica<\/option><option value=\"Elfenbeink\u00fcste\">Costa de Marfil<\/option><option value=\"Kuba\">Cuba<\/option><option value=\"Cura\u00e7ao\">curazao<\/option><option value=\"Zypern\">Chipre<\/option><option value=\"Zypern\">Chipre<\/option><option value=\"Tschechische Republik\">Rep\u00fablica Checa<\/option><option value=\"D\u00e4nemark\">Dinamarca<\/option><option value=\"Dschibuti\">Yibuti<\/option><option value=\"Dominica\">Dominica<\/option><option value=\"Dominikanische Republik\">Rep\u00fablica Dominicana<\/option><option value=\"Ecuador\">Ecuador<\/option><option value=\"\u00c4gypten\">Egipto<\/option><option value=\"El Salvador\">El Salvador<\/option><option value=\"\u00c4quatorialguinea\">Guinea Ecuatorial<\/option><option value=\"Eritrea\">Eritrea<\/option><option value=\"Estland\">Estonia<\/option><option value=\"\u00c4thiopien\">Etiop\u00eda<\/option><option value=\"Falklandinseln (Malvinas)\">Islas Malvinas (Malvinas)<\/option><option value=\"F\u00e4r\u00f6er\">Islas Faroe<\/option><option value=\"Fidschi\">Fiyi<\/option><option value=\"Finnland\">Finlandia<\/option><option value=\"Frankreich\">Francia<\/option><option value=\"Franz\u00f6sisch-Guayana\">Guayana Francesa<\/option><option value=\"Franz\u00f6sisch-Polynesien\">Polinesia franc\u00e9s<\/option><option value=\"Franz\u00f6sische S\u00fcdterritorien\">Territorios Franceses del Sur<\/option><option value=\"Gabun\">Gab\u00f3n<\/option><option value=\"Gambia\">Gambia<\/option><option value=\"Georgien\">Georgia<\/option><option value=\"Gibraltar\">Gibraltar<\/option><option value=\"Griechenland\">Grecia<\/option><option value=\"Gr\u00f6nland\">Groenlandia<\/option><option value=\"Grenada\">Granada<\/option><option value=\"Guadeloupe\">Guadalupe<\/option><option value=\"Guam\">Guam<\/option><option value=\"Guatemala\">Guatemala<\/option><option value=\"Guernsey\">guernsey<\/option><option value=\"Guinea\">Guinea<\/option><option value=\"Guinea-Bissau\">Guinea-Bis\u00e1u<\/option><option value=\"Guyana\">Guayana<\/option><option value=\"Haiti\">Hait\u00ed<\/option><option value=\"Heard Island und McDonald Islands\">Isla Heard e Isla McDonald<\/option><option value=\"Heiliger Stuhl (Vatikanstadt)\">Santa Sede (Ciudad del Vaticano)<\/option><option value=\"Honduras\">Honduras<\/option><option value=\"Hongkong\">Hong Kong<\/option><option value=\"Ungarn\">Hungr\u00eda<\/option><option value=\"Island\">Islandia<\/option><option value=\"Indien\">India<\/option><option value=\"Indonesien\">Indonesia<\/option><option value=\"Iran\">Ir\u00e1n<\/option><option value=\"Irak\">Irak<\/option><option value=\"Irland\">Irlanda<\/option><option value=\"Isle of Man\">Isla del hombre<\/option><option value=\"Israel\">Israel<\/option><option value=\"Italien\">Italia<\/option><option value=\"Jamaika\">Jamaica<\/option><option value=\"Japan\">Jap\u00f3n<\/option><option value=\"Jersey\">jersey<\/option><option value=\"Jordanien\">Jord\u00e1n<\/option><option value=\"Kasachstan\">Kazajist\u00e1n<\/option><option value=\"Kasachstan\">Kazajist\u00e1n<\/option><option value=\"Kenia\">Kenia<\/option><option value=\"Kiribati\">Kiribati<\/option><option value=\"Kolumbien\">Colombia<\/option><option value=\"Komoren\">Comoras<\/option><option value=\"Kongo\">Congo<\/option><option value=\"Korea S\u00fcd\">Corea del Sur<\/option><option value=\"Kuwait\">Kuwait<\/option><option value=\"Kirgisische Republik\">Rep\u00fablica Kirguiza<\/option><option value=\"Laotische Demokratische Volksrepublik\">Rep\u00fablica Democr\u00e1tica Popular Lao<\/option><option value=\"Lettland\">letonia<\/option><option value=\"Libanon\">L\u00edbano<\/option><option value=\"Lesotho\">Lesoto<\/option><option value=\"Liberia\">Liberia<\/option><option value=\"Libysche Arabische Jamahiriya\">Jamahiriya \u00c1rabe Libia<\/option><option value=\"Litauen\">Lituania<\/option><option value=\"Macao\">Macao<\/option><option value=\"Makedonien\">macedonia<\/option><option value=\"Madagaskar\">Madagascar<\/option><option value=\"Malawi\">Malaui<\/option><option value=\"Malaysia\">Malasia<\/option><option value=\"Malediven\">Maldivas<\/option><option value=\"Mali\">Mal\u00ed<\/option><option value=\"Malta\">Malta<\/option><option value=\"Marshallinseln\">Islas Marshall<\/option><option value=\"Martinique\">Martinica<\/option><option value=\"Mauretanien\">Mauritania<\/option><option value=\"Mauritius\">Mauricio<\/option><option value=\"Mayotte\">Mayotte<\/option><option value=\"Mexiko\">M\u00e9xico<\/option><option value=\"Mikronesien\">Micronesia<\/option><option value=\"Moldau\">Moldavia<\/option><option value=\"Monaco\">M\u00f3naco<\/option><option value=\"Mongolei\">Mongolia<\/option><option value=\"Montenegro\">montenegro<\/option><option value=\"Montserrat\">Montserrat<\/option><option value=\"Marokko\">Marruecos<\/option><option value=\"Mosambik\">Mozambique<\/option><option value=\"Myanmar\">Birmania<\/option><option value=\"Namibia\">Namibia<\/option><option value=\"Nauru\">Nauru<\/option><option value=\"Nepal\">Nepal<\/option><option value=\"Niederlande\">Pa\u00edses Bajos<\/option><option value=\"Niederl\u00e4ndische Antillen\">Antillas Holandesas<\/option><option value=\"Neukaledonien\">Nueva Caledonia<\/option><option value=\"Neuseeland\">Nueva Zelanda<\/option><option value=\"Nicaragua\">Nicaragua<\/option><option value=\"Niger\">N\u00edger<\/option><option value=\"Nigeria\">Nigeria<\/option><option value=\"Niue\">nuevo<\/option><option value=\"Norfolkinsel\">Isla Norfolk<\/option><option value=\"N\u00f6rdliche Marianen\">Islas Marianas del Norte<\/option><option value=\"Norwegen\">Noruega<\/option><option value=\"Oman\">Om\u00e1n<\/option><option value=\"Pakistan\">Pakist\u00e1n<\/option><option value=\"Palau\">palaos<\/option><option value=\"Pal\u00e4stinensische Gebiete\">Territorios palestinos<\/option><option value=\"Panama\">Panam\u00e1<\/option><option value=\"Papua-Neuguinea\">Pap\u00faa Nueva Guinea<\/option><option value=\"Paraguay\">Paraguay<\/option><option value=\"Peru\">Per\u00fa<\/option><option value=\"Philippinen\">Filipinas<\/option><option value=\"Pitcairninseln\">Islas Pitcairn<\/option><option value=\"Polen\">Polonia<\/option><option value=\"Portugal\">Portugal<\/option><option value=\"Puerto Rico\">Puerto Rico<\/option><option value=\"Katar\">Katar<\/option><option value=\"R\u00e9union\">Reuni\u00f3n<\/option><option value=\"Rum\u00e4nien\">Rumania<\/option><option value=\"Russische F\u00f6deration\">Federaci\u00f3n Rusa<\/option><option value=\"Ruanda\">Ruanda<\/option><option value=\"Sankt Barth\u00e9lemy\">San Bartolom\u00e9<\/option><option value=\"Heilige Helena\">Santa Elena<\/option><option value=\"Heilige Kitts und Nevis\">San Crist\u00f3bal y Nieves<\/option><option value=\"Heilige Lucia\">Santa Luc\u00eda<\/option><option value=\"Heilige Martin\">San Mart\u00edn<\/option><option value=\"Saint Pierre und Miquelon\">San Pedro y Miquel\u00f3n<\/option><option value=\"St. Vincent und die Grenadinen\">San Vicente y las Granadinas<\/option><option value=\"Sambia\">Zambia<\/option><option value=\"Samoa\">samoa<\/option><option value=\"San Marino\">San Marino<\/option><option value=\"Sao Tome und Principe\">Santo Tom\u00e9 y Pr\u00edncipe<\/option><option value=\"Saudi-Arabien\">Arabia Saudita<\/option><option value=\"Senegal\">Senegal<\/option><option value=\"Serbien\">Serbia<\/option><option value=\"Seychellen\">Seychelles<\/option><option value=\"Sierra Leone\">Sierra Leona<\/option><option value=\"Simbabwe\">Zimbabue<\/option><option value=\"Singapur\">Singapur<\/option><option value=\"Sint Maarten (Niederlande)\">Sint Maarten (Pa\u00edses Bajos)<\/option><option value=\"Slowakei (Slowakische Republik)\">Eslovaquia (Rep\u00fablica Eslovaca)<\/option><option value=\"Slowenien\">Eslovenia<\/option><option value=\"Salomonen\">Islas Salom\u00f3n<\/option><option value=\"Somalia\">Somalia<\/option><option value=\"S\u00fcdafrika\">Sud\u00e1frica<\/option><option value=\"S\u00fcdgeorgien &amp; S. Sandwichinseln\">Islas Georgias del Sur y Sandwich del Sur<\/option><option value=\"Spanien\">Espa\u00f1a<\/option><option value=\"Sri Lanka\">Sri Lanka<\/option><option value=\"Sudan\">Sud\u00e1n<\/option><option value=\"Suriname\">Surinam<\/option><option value=\"Svalbard &amp; Jan Mayen Inseln\">Islas Svalbard y Jan Mayen<\/option><option value=\"Swasiland\">Suazilandia<\/option><option value=\"Schweden\">Suecia<\/option><option value=\"Syrische Arabische Republik\">Rep\u00fablica \u00c1rabe Siria<\/option><option value=\"Taiwan\">Taiw\u00e1n<\/option><option value=\"Tadschikistan\">Tayikist\u00e1n<\/option><option value=\"Tansania\">Tanzania<\/option><option value=\"Timor-Leste\">Timor Oriental<\/option><option value=\"Togo\">Ir<\/option><option value=\"Tokelau\">Tokelau<\/option><option value=\"Tonga\">tonga<\/option><option value=\"Trinidad und Tobago\">Trinidad y Tobago<\/option><option value=\"Tunesien\">T\u00fanez<\/option><option value=\"T\u00fcrkei\">Turqu\u00eda<\/option><option value=\"Turkmenistan\">turkmenist\u00e1n<\/option><option value=\"Turks- und Caicosinseln\">Islas Turcas y Caicos<\/option><option value=\"Tuvalu\">Tuvalu<\/option><option value=\"Upper Minor Outlying Islands\">Islas ultramarinas menores superiores<\/option><option value=\"Uganda\">Uganda<\/option><option value=\"Ukraine\">Ucrania<\/option><option value=\"Vereinigte Arabische Emirate\">Emiratos \u00c1rabes Unidos<\/option><option value=\"Vereinigte Staaten von Amerika\">Estados Unidos de Am\u00e9rica<\/option><option value=\"Vereinigtes K\u00f6nigreich\">Reino Unido<\/option><option value=\"Uruguay\">Uruguay<\/option><option value=\"Usbekistan\">Uzbekist\u00e1n<\/option><option value=\"Vanuatu\">Vanuatu<\/option><option value=\"Venezuela\">Venezuela<\/option><option value=\"Vietnam\">Vietnam<\/option><option value=\"Wallis und Futuna\">Wallis y Futuna<\/option><option value=\"Westsahara\">Sahara Occidental<\/option><option value=\"Jemen\">Yemen<\/option><\/select><\/span> <\/label>\n\t<\/p>\n\t<p><label> DIRECCI\u00d3N <span class=\"wpcf7-form-control-wrap\" data-name=\"address\"><input size=\"40\" class=\"wpcf7-form-control wpcf7-text\" aria-invalid=\"false\" value=\"\" type=\"text\" name=\"address\" \/><\/span> <\/label>\n\t<\/p>\n<\/div>\n<div class=\"one-half last\">\n\t<p><label> Acerca de <span class=\"wpcf7-form-control-wrap subject-name\"><input name=\"subject-name\" class=\"wpcf7-form-control wpcf7dtx-dynamictext wpcf7-dynamictext\" size=\"40\" aria-invalid=\"false\" type=\"text\" value=\"Glasindustrie\" \/><\/span><\/label>\n\t<\/p>\n\t<p><label> Noticias* <span class=\"wpcf7-form-control-wrap\" data-name=\"your-message\"><textarea cols=\"40\" rows=\"10\" class=\"wpcf7-form-control wpcf7-textarea\" aria-invalid=\"false\" name=\"your-message\"><\/textarea><\/span> <\/label>\n\t<\/p>\n\t<p><span class=\"wpcf7-form-control-wrap\" data-name=\"checkbox-403\"><span class=\"wpcf7-form-control wpcf7-checkbox wpcf7-validates-as-required\"><span class=\"wpcf7-list-item first last\"><label><input type=\"checkbox\" name=\"checkbox-403[]\" value=\"Ehrler &amp; Beck verwendet die zur Verf\u00fcgung gestellten Informationen nur zu Kontaktzwecken, Details entnehmen Sie bitte unserer Datenschutzerkl\u00e4rung.\" \/><span class=\"wpcf7-list-item-label\">Ehrler &amp; Beck solo utiliza la informaci\u00f3n proporcionada para fines de contacto. Consulte nuestra declaraci\u00f3n de protecci\u00f3n de datos para obtener m\u00e1s detalles.<\/span><\/label><\/span><\/span><\/span>\n\t<\/p>\n\t<p><span style=\"font-size: 10pt;\">*Campos requeridos<\/span>\n\t<\/p>\n<\/div>\n<div class=\"tiaro-button-wrapper tiaro-alignright\">\n\t<p><input class=\"wpcf7-form-control has-spinner wpcf7-submit\" type=\"submit\" value=\"ENVIAR PETICI\u00d3N\" \/>\n\t<\/p>\n<\/div>\n<p>&nbsp;\n<\/p><div class=\"tiaro-alert alert custom alert-custom tiaro-alert-center wpcf7-response-output alert-dismissable\" style=\"--awb-border-size:1px;\" role=\"alert\"><div class=\"tiaro-alert-content-wrapper\"><span class=\"tiaro-alert-content\"><\/span><\/div><button type=\"button\" class=\"close toggle-alert\" data-dismiss=\"alert\" aria-label=\"Close\">\u00d7<\/button><\/div>\n<input type=\"hidden\" name=\"trp-form-language\" value=\"es\"\/><\/form>\n<\/div>\n\n<\/div><\/div><\/div><\/div><\/div><\/p>","protected":false},"excerpt":{"rendered":"","protected":false},"author":1,"featured_media":0,"parent":8784,"menu_order":0,"comment_status":"closed","ping_status":"closed","template":"100-width.php","meta":{"footnotes":""},"class_list":["post-9017","page","type-page","status-publish","hentry"],"acf":[],"_links":{"self":[{"href":"https:\/\/ehrler-beck.com\/es\/wp-json\/wp\/v2\/pages\/9017","targetHints":{"allow":["GET"]}}],"collection":[{"href":"https:\/\/ehrler-beck.com\/es\/wp-json\/wp\/v2\/pages"}],"about":[{"href":"https:\/\/ehrler-beck.com\/es\/wp-json\/wp\/v2\/types\/page"}],"author":[{"embeddable":true,"href":"https:\/\/ehrler-beck.com\/es\/wp-json\/wp\/v2\/users\/1"}],"replies":[{"embeddable":true,"href":"https:\/\/ehrler-beck.com\/es\/wp-json\/wp\/v2\/comments?post=9017"}],"version-history":[{"count":0,"href":"https:\/\/ehrler-beck.com\/es\/wp-json\/wp\/v2\/pages\/9017\/revisions"}],"up":[{"embeddable":true,"href":"https:\/\/ehrler-beck.com\/es\/wp-json\/wp\/v2\/pages\/8784"}],"wp:attachment":[{"href":"https:\/\/ehrler-beck.com\/es\/wp-json\/wp\/v2\/media?parent=9017"}],"curies":[{"name":"wp","href":"https:\/\/api.w.org\/{rel}","templated":true}]}}