{"id":7769,"date":"2017-11-29T21:05:39","date_gmt":"2017-11-29T20:05:39","guid":{"rendered":"http:\/\/ehrler-beck.com\/imprint"},"modified":"2024-08-09T13:29:19","modified_gmt":"2024-08-09T11:29:19","slug":"impressum","status":"publish","type":"page","link":"https:\/\/ehrler-beck.com\/es\/imprimir","title":{"rendered":"imprimir"},"content":{"rendered":"<h1>Pie de imprenta Ehrler &amp; Beck Vacuum and Compressed Air Technology GmbH<\/h1>\n<p style=\"text-align: right;\"><span style=\"font-size: 10pt;\"><em>Letzte Aktualisierung: 09.08.2024<\/em><\/span><\/p>\n<p><strong><span class=\"color-primary\">novia<\/span><\/strong>: Dennis Schroeder<br \/>\nIndustriastr. diecis\u00e9is<br \/>\n71272 Renningen<br \/>\nAlemania<\/p>\n<p><strong><span class=\"color-primary\">tel\u00e9fono<\/span><\/strong>: +49 (0) 7159 \/ 4085-0<br \/>\n<strong><span class=\"color-primary\">fax<\/span><\/strong>: +49 (0) 7159 \/ 4085-85<br \/>\n<a href=\"mailto:info@ehrler-beck.com\">info@ehrler-beck.com<\/a><br \/>\n<a href=\"https:\/\/ehrler-beck.com\/en\/\">www.ehrler-beck.com\/de\/<\/a><\/p>\n<p><strong><span class=\"color-primary\">registro comercial<\/span><\/strong>:<br \/>\nTribunal de distrito: Stuttgart<br \/>\nN\u00famero de registro: HRB 251776<\/p>\n<p><strong><span class=\"color-primary\">N\u00famero de registro del IVA:<\/span><\/strong><br \/>\nDE145998269<\/p>\n<div><strong>Concepto, dise\u00f1o, desarrollo y responsabilidad del contenido:<\/strong><\/div>\n<div>Rafael Budimir en la Agencia Tiaro Digital<\/div>\n<div><strong>Web<\/strong>: tiaro.eu<br \/>\n<strong>Correo electr\u00f3nico<\/strong>: info@tiaro.eu<\/div>\n<p><strong><span class=\"color-primary\">Dudas, sugerencias y comentarios<\/span><\/strong>:<br \/>\nRelacionado con el sitio: <a href=\"mailto:info@tiaro.eu\">info@tiaro.eu<\/a><br \/>\nConsulta general sobre Ehrler &amp; Beck GmbH: <a href=\"mailto:info@ehrler-beck.com\">info@ehrler-beck.com<\/a><\/p>\n<div class=\"tiaro-separator\" style=\"align-self: center;margin-left: auto;margin-right: auto;margin-bottom:10px;width:100%;max-width:80%;\"><div class=\"tiaro-separator-border sep-single sep-dashed\" style=\"--awb-height:20px;--awb-amount:20px;--awb-sep-color:#00b3a7;border-color:#00b3a7;border-top-width:1px;\"><\/div><\/div>\n<h3>Responsabilidad por el contenido:<\/h3>\n<p>Los contenidos de nuestras p\u00e1ginas fueron creados con mucho cuidado. Sin embargo, no podemos garantizar que el contenido sea correcto, completo o actualizado. Como proveedor de servicios, somos responsables de nuestro propio contenido en estas p\u00e1ginas de acuerdo con la Secci\u00f3n 6, P\u00e1rrafo 1 de la MDStV y la Secci\u00f3n 8, P\u00e1rrafo 1 de la Ley Alemana de Teleservicios (TDG). Sin embargo, los proveedores de servicios no est\u00e1n obligados a controlar la informaci\u00f3n de terceros que transmiten o almacenan ni a investigar circunstancias que indiquen actividad ilegal. Las obligaciones de eliminar o bloquear el uso de informaci\u00f3n de acuerdo con las leyes generales no se ver\u00e1n afectadas. Sin embargo, la responsabilidad en este sentido s\u00f3lo es posible a partir del momento en que se tiene conocimiento de una infracci\u00f3n espec\u00edfica de la ley. Tan pronto como tengamos conocimiento de cualquier violaci\u00f3n de la ley, eliminaremos este contenido de inmediato.<\/p>\n<h3>Responsabilidad por enlaces:<\/h3>\n<p>Nuestra oferta contiene enlaces a sitios web externos de terceros, sobre cuyo contenido no tenemos influencia. Por lo tanto, no podemos asumir ninguna responsabilidad por este contenido externo. El respectivo proveedor u operador de las p\u00e1ginas es siempre responsable del contenido de las p\u00e1ginas enlazadas. Las p\u00e1ginas enlazadas fueron revisadas por posibles violaciones legales en el momento del enlace. El contenido ilegal no era reconocible en el momento de la vinculaci\u00f3n. Sin embargo, un control permanente del contenido de las p\u00e1ginas enlazadas no es razonable sin pruebas concretas de una infracci\u00f3n. Tan pronto como tengamos conocimiento de infracciones legales, eliminaremos dichos enlaces de inmediato.<\/p>\n<h3>Derechos de autor:<\/h3>\n<p>Los operadores de las p\u00e1ginas hacen todo lo posible para observar siempre los derechos de autor de otros o utilizar obras de creaci\u00f3n propia y libres de licencia. El contenido y los trabajos en estas p\u00e1ginas creados por los operadores del sitio est\u00e1n sujetos a la ley alemana de derechos de autor. Las contribuciones de terceros est\u00e1n marcadas como tales. La reproducci\u00f3n, edici\u00f3n, distribuci\u00f3n y cualquier tipo de explotaci\u00f3n fuera de los l\u00edmites de los derechos de autor requieren el consentimiento por escrito del respectivo autor o creador. Las descargas y copias de este sitio solo est\u00e1n permitidas para uso privado y no comercial.<\/p>\n<h3>Protecci\u00f3n de Datos:<\/h3>\n<p>En la medida en que se recopilan datos personales (por ejemplo, nombre, direcci\u00f3n o direcciones de correo electr\u00f3nico) en nuestro sitio web, esto siempre se hace de forma voluntaria en la medida de lo posible. En la medida de lo posible, las ofertas y servicios siempre se pueden utilizar sin proporcionar datos personales.<br \/>\nQueda expresamente prohibido el uso de los datos de contacto publicados como parte de la obligaci\u00f3n de impresi\u00f3n por parte de terceros para enviar publicidad y material informativo no solicitado. Los operadores del sitio se reservan expresamente el derecho de emprender acciones legales en caso de que se env\u00ede publicidad no solicitada, como correos electr\u00f3nicos no deseados.<\/p>","protected":false},"excerpt":{"rendered":"<p>Impressum Ehrler &amp; Beck Vakuum- und Drucklufttechnik GmbH Letzte Aktualisierung: 09.08.2024 GF: Dennis Schroeder Industriestr. 16 71272 Renningen Deutschland Tel: +49 (0) 7159 \/ 4085-0 Fax: +49 (0) 7159 \/ 4085-85 info@ehrler-beck.com www.ehrler-beck.com\/de\/ Handelsregister: Bezirksgericht: Stuttgart Registriernummer: HRB 251776 VAT Registrationsnummer: DE 145998269 Konzept, Design, Entwicklung und Verantwortung f\u00fcr den Inhalt: Rafael Budimir at Tiaro [&hellip;]<\/p>","protected":false},"author":1,"featured_media":0,"parent":0,"menu_order":0,"comment_status":"closed","ping_status":"closed","template":"","meta":{"footnotes":""},"class_list":["post-7769","page","type-page","status-publish","hentry"],"acf":[],"_links":{"self":[{"href":"https:\/\/ehrler-beck.com\/es\/wp-json\/wp\/v2\/pages\/7769","targetHints":{"allow":["GET"]}}],"collection":[{"href":"https:\/\/ehrler-beck.com\/es\/wp-json\/wp\/v2\/pages"}],"about":[{"href":"https:\/\/ehrler-beck.com\/es\/wp-json\/wp\/v2\/types\/page"}],"author":[{"embeddable":true,"href":"https:\/\/ehrler-beck.com\/es\/wp-json\/wp\/v2\/users\/1"}],"replies":[{"embeddable":true,"href":"https:\/\/ehrler-beck.com\/es\/wp-json\/wp\/v2\/comments?post=7769"}],"version-history":[{"count":14,"href":"https:\/\/ehrler-beck.com\/es\/wp-json\/wp\/v2\/pages\/7769\/revisions"}],"predecessor-version":[{"id":160364,"href":"https:\/\/ehrler-beck.com\/es\/wp-json\/wp\/v2\/pages\/7769\/revisions\/160364"}],"wp:attachment":[{"href":"https:\/\/ehrler-beck.com\/es\/wp-json\/wp\/v2\/media?parent=7769"}],"curies":[{"name":"wp","href":"https:\/\/api.w.org\/{rel}","templated":true}]}}