{"id":64756,"date":"2022-09-25T15:19:31","date_gmt":"2022-09-25T13:19:31","guid":{"rendered":"https:\/\/ehrler-beck.com\/?page_id=64756"},"modified":"2022-09-25T19:07:33","modified_gmt":"2022-09-25T17:07:33","slug":"screwline-serie","status":"publish","type":"page","link":"https:\/\/ehrler-beck.com\/es\/productos\/bombas-de-vacio\/bombas-de-vacio-de-tornillo-2\/serie-de-lineas-de-tornillo","title":{"rendered":"Serie de l\u00ednea de tornillo"},"content":{"rendered":"<div class=\"tiaro-fullwidth fullwidth-box tiaro-builder-row-1 tiaro-flex-container nonhundred-percent-fullwidth non-hundred-percent-height-scrolling\" style=\"--awb-border-radius-top-left:0px;--awb-border-radius-top-right:0px;--awb-border-radius-bottom-right:0px;--awb-border-radius-bottom-left:0px;\" ><div class=\"tiaro-builder-row tiaro-row tiaro-flex-align-items-flex-start\" style=\"max-width:1404px;margin-left: calc(-4% \/ 2 );margin-right: calc(-4% \/ 2 );\"><div class=\"tiaro-layout-column tiaro_builder_column tiaro-builder-column-0 tiaro_builder_column_1_1 1_1 tiaro-flex-column\" style=\"--awb-bg-size:cover;--awb-width-large:100%;--awb-margin-top-large:0px;--awb-spacing-right-large:1.92%;--awb-margin-bottom-large:5px;--awb-spacing-left-large:1.92%;--awb-width-medium:100%;--awb-spacing-right-medium:1.92%;--awb-spacing-left-medium:1.92%;--awb-width-small:100%;--awb-spacing-right-small:1.92%;--awb-spacing-left-small:1.92%;\"><div class=\"tiaro-column-wrapper tiaro-flex-justify-content-flex-start tiaro-content-layout-column\"><div class=\"tiaro-text tiaro-text-1\"><h1>Serie de l\u00ednea de tornillo <span style=\"font-size: 10pt;\"><span style=\"color: #000000;\">(Leybold)<a href=\"https:\/\/ehrler-beck.com\/es\/tecnologias\/tecnologias-de-bombas-de-vacio\/bombas-de-vacio-de-tornillo\/\"><img decoding=\"async\" class=\"lazyload alignright size-full wp-image-49\" src=\"https:\/\/ehrler-beck.com\/wp-content\/uploads\/2017\/07\/Screw-Technology-Icon.png\" data-orig-src=\"https:\/\/ehrler-beck.com\/wp-content\/uploads\/2017\/07\/Screw-Technology-Icon.png\" alt=\"\" width=\"75\" height=\"75\" srcset=\"data:image\/svg+xml,%3Csvg%20xmlns%3D%27http%3A%2F%2Fwww.w3.org%2F2000%2Fsvg%27%20width%3D%2775%27%20height%3D%2775%27%20viewBox%3D%270%200%2075%2075%27%3E%3Crect%20width%3D%2775%27%20height%3D%2775%27%20fill-opacity%3D%220%22%2F%3E%3C%2Fsvg%3E\" data-srcset=\"https:\/\/ehrler-beck.com\/wp-content\/uploads\/2017\/07\/Screw-Technology-Icon-66x66.png 66w, https:\/\/ehrler-beck.com\/wp-content\/uploads\/2017\/07\/Screw-Technology-Icon.png 100w\" data-sizes=\"auto\" data-orig-sizes=\"(max-width: 75px) 100vw, 75px\" \/><\/a><\/span><\/span><\/h1>\n<\/div><\/div><\/div><div class=\"tiaro-layout-column tiaro_builder_column tiaro-builder-column-1 tiaro_builder_column_1_2 1_2 tiaro-flex-column\" style=\"--awb-bg-size:cover;--awb-width-large:50%;--awb-margin-top-large:0px;--awb-spacing-right-large:3.84%;--awb-margin-bottom-large:5px;--awb-spacing-left-large:3.84%;--awb-width-medium:50%;--awb-spacing-right-medium:3.84%;--awb-spacing-left-medium:3.84%;--awb-width-small:100%;--awb-spacing-right-small:1.92%;--awb-spacing-left-small:1.92%;\"><div class=\"tiaro-column-wrapper tiaro-flex-justify-content-flex-start tiaro-content-layout-column\"><div class=\"tiaro-text tiaro-text-2\"><p><span class=\"intro-text\">Las bombas de vac\u00edo de tornillo seco Leybold SCREWLINE son extremadamente robustas con rotores enfriados internamente y una disposici\u00f3n especial de cojinetes en voladizo que evita aver\u00edas.<\/span><\/p>\n<p><span class=\"intro-text\">Las bombas de vac\u00edo Screwline est\u00e1n dise\u00f1adas para los requisitos especiales de aplicaciones de servicio pesado con una trayectoria de bomba directa y dos sellos de eje sin contacto pr\u00e1cticamente libres de desgaste.<br \/>\n<\/span><\/p>\n<p><span class=\"intro-text\">Basadas en el principio de tornillo, las versiones est\u00e1ndar de las bombas SCREWLINE para aplicaciones industriales est\u00e1n refrigeradas por aire desde el exterior.<br \/>\n<\/span><\/p>\n<p><span class=\"intro-text\">Hay versiones refrigeradas por agua disponibles para funcionamiento en habitaciones con aire acondicionado, as\u00ed como variantes con certificaci\u00f3n ATEX para cumplimiento a prueba de explosiones.<br \/>\n<\/span><\/p>\n<\/div><\/div><\/div><div class=\"tiaro-layout-column tiaro_builder_column tiaro-builder-column-2 tiaro_builder_column_1_2 1_2 tiaro-flex-column\" style=\"--awb-bg-size:cover;--awb-width-large:50%;--awb-margin-top-large:0px;--awb-spacing-right-large:3.84%;--awb-margin-bottom-large:5px;--awb-spacing-left-large:3.84%;--awb-width-medium:50%;--awb-spacing-right-medium:3.84%;--awb-spacing-left-medium:3.84%;--awb-width-small:100%;--awb-spacing-right-small:1.92%;--awb-spacing-left-small:1.92%;\"><div class=\"tiaro-column-wrapper tiaro-flex-justify-content-flex-start tiaro-content-layout-column\"><div class=\"tiaro-image-element\" style=\"text-align:center;--awb-caption-title-font-family:var(--h2_typography-font-family);--awb-caption-title-font-weight:var(--h2_typography-font-weight);--awb-caption-title-font-style:var(--h2_typography-font-style);--awb-caption-title-size:var(--h2_typography-font-size);--awb-caption-title-transform:var(--h2_typography-text-transform);--awb-caption-title-line-height:var(--h2_typography-line-height);--awb-caption-title-letter-spacing:var(--h2_typography-letter-spacing);\"><span class=\"tiaro-imageframe imageframe-none imageframe-1 hover-type-none\"><img decoding=\"async\" width=\"1720\" height=\"1000\" alt=\"Serie Leybold Screwline\" title=\"Serie Leybold Screwline\" src=\"https:\/\/ehrler-beck.com\/wp-content\/uploads\/2022\/09\/Leybold-Screwline-Serie.jpg\" data-orig-src=\"https:\/\/ehrler-beck.com\/wp-content\/uploads\/2022\/09\/Leybold-Screwline-Serie.jpg\" class=\"lazyload img-responsive wp-image-64749\" srcset=\"data:image\/svg+xml,%3Csvg%20xmlns%3D%27http%3A%2F%2Fwww.w3.org%2F2000%2Fsvg%27%20width%3D%271720%27%20height%3D%271000%27%20viewBox%3D%270%200%201720%201000%27%3E%3Crect%20width%3D%271720%27%20height%3D%271000%27%20fill-opacity%3D%220%22%2F%3E%3C%2Fsvg%3E\" data-srcset=\"https:\/\/ehrler-beck.com\/wp-content\/uploads\/2022\/09\/Leybold-Screwline-Serie-200x116.jpg 200w, https:\/\/ehrler-beck.com\/wp-content\/uploads\/2022\/09\/Leybold-Screwline-Serie-400x233.jpg 400w, https:\/\/ehrler-beck.com\/wp-content\/uploads\/2022\/09\/Leybold-Screwline-Serie-600x349.jpg 600w, https:\/\/ehrler-beck.com\/wp-content\/uploads\/2022\/09\/Leybold-Screwline-Serie-800x465.jpg 800w, https:\/\/ehrler-beck.com\/wp-content\/uploads\/2022\/09\/Leybold-Screwline-Serie-1200x698.jpg 1200w, https:\/\/ehrler-beck.com\/wp-content\/uploads\/2022\/09\/Leybold-Screwline-Serie.jpg 1720w\" data-sizes=\"auto\" data-orig-sizes=\"(max-width: 640px) 100vw, 1720px\" \/><\/span><\/div><\/div><\/div><div class=\"tiaro-layout-column tiaro_builder_column tiaro-builder-column-3 tiaro_builder_column_1_2 1_2 tiaro-flex-column\" style=\"--awb-bg-size:cover;--awb-width-large:50%;--awb-margin-top-large:0px;--awb-spacing-right-large:3.84%;--awb-margin-bottom-large:5px;--awb-spacing-left-large:3.84%;--awb-width-medium:50%;--awb-spacing-right-medium:3.84%;--awb-spacing-left-medium:3.84%;--awb-width-small:100%;--awb-spacing-right-small:1.92%;--awb-spacing-left-small:1.92%;\"><div class=\"tiaro-column-wrapper tiaro-flex-justify-content-flex-start tiaro-content-layout-column\"><div class=\"tiaro-text tiaro-text-3\"><p><span class=\"intro-text\">Leybold SCREWLINE tiene una ruta de bombeo directa sin m\u00faltiples desviaciones para el gas de proceso, lo que lo hace muy tolerante a la contaminaci\u00f3n del proceso y menos dep\u00f3sitos en la c\u00e1mara de la bomba. Los dos retenes sin contacto pr\u00e1cticamente no sufren desgaste, lo que permite intervalos de mantenimiento muy prolongados. El lavado del sello del eje generalmente se requiere en aplicaciones industriales. Las bombas SCREWLINE est\u00e1n equipadas de serie con una unidad de suministro de gas de purga.<\/span><\/p>\n<\/div><\/div><\/div><div class=\"tiaro-layout-column tiaro_builder_column tiaro-builder-column-4 tiaro_builder_column_1_3 1_3 tiaro-flex-column\" style=\"--awb-padding-top:8px;--awb-padding-right:8px;--awb-padding-bottom:8px;--awb-padding-left:8px;--awb-bg-color:#dbdbdb;--awb-bg-size:cover;--awb-width-large:33.333333333333%;--awb-margin-top-large:0px;--awb-spacing-right-large:5.76%;--awb-margin-bottom-large:5px;--awb-spacing-left-large:5.76%;--awb-width-medium:33.333333333333%;--awb-spacing-right-medium:5.76%;--awb-spacing-left-medium:5.76%;--awb-width-small:100%;--awb-spacing-right-small:1.92%;--awb-spacing-left-small:1.92%;\"><div class=\"tiaro-column-wrapper tiaro-flex-justify-content-center tiaro-content-layout-column\"><div class=\"tiaro-text tiaro-text-4\"><p><span class=\"intro-text\">No dude en ponerse en contacto con nosotros para obtener m\u00e1s informaci\u00f3n:<\/span><\/p>\n<p style=\"padding-left: 30px;\"><span class=\"intro-text\">correo electr\u00f3nico: <span class=\"color-primary\">info@ehrler-beck.com<\/span><\/span><\/p>\n<p style=\"padding-left: 30px;\"><span class=\"intro-text\">tel\u00e9fono: <span class=\"color-primary\">+49 (0) 7159 \/ 4085-0<\/span><\/span><\/p>\n<div class=\"tiaro-alignright\"><a class=\"tiaro-button button-flat button-medium button-default tiaro-button-default button-1 tiaro-button-default-span tiaro-button-default-type\" style=\"--button-border-radius-top-left:25px;--button-border-radius-top-right:25px;--button-border-radius-bottom-right:25px;--button-border-radius-bottom-left:25px;\" target=\"_blank\" rel=\"noopener noreferrer\" href=\"https:\/\/ehrler-beck.com\/es\/contacto\/\"><span class=\"tiaro-button-text tiaro-button-text-right\">CONT\u00c1CTENOS<\/span><span class=\"tiaro-button-icon-divider button-icon-divider-right\"><i class=\"fa fa-comments-o\" aria-hidden=\"true\"><\/i><\/span><\/a><\/div>\n<\/div><\/div><\/div><div class=\"tiaro-layout-column tiaro_builder_column tiaro-builder-column-5 tiaro_builder_column_1_2 1_2 tiaro-flex-column\" style=\"--awb-bg-size:cover;--awb-width-large:50%;--awb-margin-top-large:0px;--awb-spacing-right-large:3.84%;--awb-margin-bottom-large:5px;--awb-spacing-left-large:3.84%;--awb-width-medium:50%;--awb-spacing-right-medium:3.84%;--awb-spacing-left-medium:3.84%;--awb-width-small:100%;--awb-spacing-right-small:1.92%;--awb-spacing-left-small:1.92%;\"><div class=\"tiaro-column-wrapper tiaro-flex-justify-content-flex-start tiaro-content-layout-column\"><ul style=\"--awb-iconcolor:#00b3a7;--awb-line-height:27.2px;--awb-icon-width:27.2px;--awb-icon-height:27.2px;--awb-icon-margin:11.2px;--awb-content-margin:38.4px;\" class=\"tiaro-checklist tiaro-checklist-1 tiaro-checklist-default type-icons\"><li class=\"tiaro-li-item\" style=\"\"><span class=\"icon-wrapper circle-no\"><i class=\"tiaro-li-icon fa-check fas\" aria-hidden=\"true\"><\/i><\/span><div class=\"tiaro-li-item-content\">\n<p>M\u00e1xima confiabilidad con protecci\u00f3n de la bomba mediante el monitoreo de par\u00e1metros vitales<\/p>\n<\/div><\/li><li class=\"tiaro-li-item\" style=\"\"><span class=\"icon-wrapper circle-no\"><i class=\"tiaro-li-icon fa-check fas\" aria-hidden=\"true\"><\/i><\/span><div class=\"tiaro-li-item-content\">\n<p>Tiempos de inactividad m\u00ednimos gracias a la r\u00e1pida limpieza de la c\u00e1mara de la bomba<\/p>\n<\/div><\/li><li class=\"tiaro-li-item\" style=\"\"><span class=\"icon-wrapper circle-no\"><i class=\"tiaro-li-icon fa-check fas\" aria-hidden=\"true\"><\/i><\/span><div class=\"tiaro-li-item-content\">\n<p>Adaptaci\u00f3n directa de las bombas RUVAC para una mayor velocidad de bombeo<\/p>\n<\/div><\/li><\/ul><\/div><\/div><div class=\"tiaro-layout-column tiaro_builder_column tiaro-builder-column-6 tiaro_builder_column_1_2 1_2 tiaro-flex-column\" style=\"--awb-bg-size:cover;--awb-width-large:50%;--awb-margin-top-large:0px;--awb-spacing-right-large:3.84%;--awb-margin-bottom-large:5px;--awb-spacing-left-large:3.84%;--awb-width-medium:50%;--awb-spacing-right-medium:3.84%;--awb-spacing-left-medium:3.84%;--awb-width-small:100%;--awb-spacing-right-small:1.92%;--awb-spacing-left-small:1.92%;\"><div class=\"tiaro-column-wrapper tiaro-flex-justify-content-flex-start tiaro-content-layout-column\"><ul style=\"--awb-iconcolor:#00b3a7;--awb-line-height:27.2px;--awb-icon-width:27.2px;--awb-icon-height:27.2px;--awb-icon-margin:11.2px;--awb-content-margin:38.4px;\" class=\"tiaro-checklist tiaro-checklist-2 tiaro-checklist-default type-icons\"><li class=\"tiaro-li-item\" style=\"\"><span class=\"icon-wrapper circle-no\"><i class=\"tiaro-li-icon fa-check fas\" aria-hidden=\"true\"><\/i><\/span><div class=\"tiaro-li-item-content\">\n<p>Costes operativos m\u00ednimos gracias a la bomba de vac\u00edo de tornillo refrigerada por aire sin necesidad de agua de refrigeraci\u00f3n<\/p>\n<\/div><\/li><li class=\"tiaro-li-item\" style=\"\"><span class=\"icon-wrapper circle-no\"><i class=\"tiaro-li-icon fa-check fas\" aria-hidden=\"true\"><\/i><\/span><div class=\"tiaro-li-item-content\">\n<p>Cambio de aceite de transmisi\u00f3n solo cada dos a\u00f1os.<\/p>\n<\/div><\/li><li class=\"tiaro-li-item\" style=\"\"><span class=\"icon-wrapper circle-no\"><i class=\"tiaro-li-icon fa-check fas\" aria-hidden=\"true\"><\/i><\/span><div class=\"tiaro-li-item-content\">\n<p>Campanas de aislamiento ac\u00fastico para reducir el ruido.<\/p>\n<\/div><\/li><\/ul><\/div><\/div><div class=\"tiaro-layout-column tiaro_builder_column tiaro-builder-column-7 tiaro_builder_column_1_1 1_1 tiaro-flex-column\" style=\"--awb-bg-size:cover;--awb-width-large:100%;--awb-margin-top-large:0px;--awb-spacing-right-large:1.92%;--awb-margin-bottom-large:5px;--awb-spacing-left-large:1.92%;--awb-width-medium:100%;--awb-order-medium:0;--awb-spacing-right-medium:1.92%;--awb-spacing-left-medium:1.92%;--awb-width-small:100%;--awb-order-small:0;--awb-spacing-right-small:1.92%;--awb-spacing-left-small:1.92%;\"><div class=\"tiaro-column-wrapper tiaro-column-has-shadow tiaro-flex-justify-content-flex-start tiaro-content-layout-column\"><div class=\"tiaro-text tiaro-text-5\"><p style=\"text-align: center;\"><div class=\"search-filter-results\" id=\"search-filter-results-64788\">\t\r\n\tEncontrado 2 resultados<br \/>\r\n\tP\u00e1gina 1 de 1<br \/>\r\n\r\n\t<div class=\"pagination\">\r\n\t\t\r\n\t\t<div class=\"nav-previous\"><\/div>\r\n\t\t<div class=\"nav-next\"><\/div>\r\n\t\t\t<\/div>\r\n\t\r\n\t\t\t<div class=\"product-content\">\r\n\t\t\t<div class=\"product-image\">\r\n\t\t\t\t<div class=\"tiaro-image-wrapper tiaro-image-size-fixed\" aria-haspopup=\"true\">\r\n\t\t\t\t\t<div  class=\"tiaro-image-wrapper tiaro-image-size-fixed\" aria-haspopup=\"true\">\n\t\t\t\t<img decoding=\"async\" width=\"1500\" height=\"850\" src=\"https:\/\/ehrler-beck.com\/wp-content\/uploads\/2022\/09\/Screwline-SP-630-Schraube-Vakuumpumpe.jpg\" class=\"attachment- size- lazyload wp-post-image\" alt=\"Bomba de vac\u00edo de tornillo Screwline SP 630\" srcset=\"data:image\/svg+xml,%3Csvg%20xmlns%3D%27http%3A%2F%2Fwww.w3.org%2F2000%2Fsvg%27%20width%3D%271500%27%20height%3D%27850%27%20viewBox%3D%270%200%201500%20850%27%3E%3Crect%20width%3D%271500%27%20height%3D%27850%27%20fill-opacity%3D%220%22%2F%3E%3C%2Fsvg%3E\" data-orig-src=\"https:\/\/ehrler-beck.com\/wp-content\/uploads\/2022\/09\/Screwline-SP-630-Schraube-Vakuumpumpe.jpg\" data-srcset=\"https:\/\/ehrler-beck.com\/wp-content\/uploads\/2022\/09\/Screwline-SP-630-Schraube-Vakuumpumpe-200x113.jpg 200w, https:\/\/ehrler-beck.com\/wp-content\/uploads\/2022\/09\/Screwline-SP-630-Schraube-Vakuumpumpe-300x170.jpg 300w, https:\/\/ehrler-beck.com\/wp-content\/uploads\/2022\/09\/Screwline-SP-630-Schraube-Vakuumpumpe-400x227.jpg 400w, https:\/\/ehrler-beck.com\/wp-content\/uploads\/2022\/09\/Screwline-SP-630-Schraube-Vakuumpumpe-600x340.jpg 600w, https:\/\/ehrler-beck.com\/wp-content\/uploads\/2022\/09\/Screwline-SP-630-Schraube-Vakuumpumpe-768x435.jpg 768w, https:\/\/ehrler-beck.com\/wp-content\/uploads\/2022\/09\/Screwline-SP-630-Schraube-Vakuumpumpe-800x453.jpg 800w, https:\/\/ehrler-beck.com\/wp-content\/uploads\/2022\/09\/Screwline-SP-630-Schraube-Vakuumpumpe-1024x580.jpg 1024w, https:\/\/ehrler-beck.com\/wp-content\/uploads\/2022\/09\/Screwline-SP-630-Schraube-Vakuumpumpe-1200x680.jpg 1200w, https:\/\/ehrler-beck.com\/wp-content\/uploads\/2022\/09\/Screwline-SP-630-Schraube-Vakuumpumpe.jpg 1500w\" data-sizes=\"auto\" \/><div class=\"tiaro-rollover\">\n\t<div class=\"tiaro-rollover-content\">\n\n\t\t\t\t\t\t\t\t\t\t\t\t\t\t<a class=\"tiaro-rollover-link\" href=\"https:\/\/ehrler-beck.com\/es\/produkt\/screwline-sp-630-schraubenvakuumpumpen\">Bombas de vac\u00edo de tornillo SCREWLINE SP 630<\/a>\n\t\t\t\n\t\t\t\t\t\t\t\t\n\t\t\n\t\t\t\t\t\t\t\t\n\t\t\t\t\t\t\t\t\n\t\t\n\t\t\t\t\t\t<a class=\"tiaro-link-wrapper\" href=\"https:\/\/ehrler-beck.com\/es\/produkt\/screwline-sp-630-schraubenvakuumpumpen\" aria-label=\"Bombas de vac\u00edo de tornillo SCREWLINE SP 630\"><\/a>\n\t<\/div>\n<\/div>\n<\/div>\n\t\t\t\t<\/div>\r\n\t\t\t<\/div>\r\n\t\t\t<div class=\"product-short-content\">\r\n\t\t\t<h2><a href=\"https:\/\/ehrler-beck.com\/es\/produkt\/screwline-sp-630-schraubenvakuumpumpen\">Bombas de vac\u00edo de tornillo SCREWLINE SP 630<\/a><\/h2>\r\n\t\t\t<p><table style=\"width: 100%; height: 120px;\">\n<tbody>\n<tr style=\"height: 24px;\">\n<td style=\"width: 67.9231%; height: 24px;\"><strong>Designaci\u00f3n<\/strong><\/td>\n<td style=\"height: 24px; width: 18.5883%; text-align: center;\" colspan=\"2\"><strong>50Hz<\/strong><strong><br \/>\n<\/strong><\/td>\n<td style=\"width: 16.5558%; text-align: center;\"><strong>60Hz<\/strong><\/td>\n<\/tr>\n<tr style=\"height: 24px;\">\n<td style=\"width: 67.9231%; height: 24px;\"><strong>velocidad de bombeo<\/strong><\/td>\n<td style=\"height: 24px; text-align: left; width: 18.5883%;\" colspan=\"2\">630<\/td>\n<td style=\"width: 16.5558%; text-align: left;\">630<\/td>\n<\/tr>\n<tr style=\"height: 24px;\">\n<td style=\"width: 67.9231%; height: 24px;\"><strong>presi\u00f3n final<\/strong><\/td>\n<td style=\"text-align: left; height: 24px; width: 18.5883%;\" colspan=\"2\">\u2264 0,01<\/td>\n<td style=\"width: 16.5558%; text-align: left;\">\u2264 0,01<\/td>\n<\/tr>\n<tr style=\"height: 24px;\">\n<td style=\"width: 67.9231%; height: 24px;\"><strong>capacidad nominal<\/strong><\/td>\n<td style=\"height: 24px; text-align: left; width: 18.5883%;\" colspan=\"2\">15<\/td>\n<td style=\"width: 16.5558%; text-align: left;\">15<\/td>\n<\/tr>\n<tr style=\"height: 24px;\">\n<td style=\"width: 67.9231%; height: 24px;\"><strong>Grado de protecci\u00f3n<\/strong><\/td>\n<td style=\"height: 24px; width: 18.5883%; text-align: center;\" colspan=\"3\">55<\/td>\n<\/tr>\n<\/tbody>\n<\/table>\n<\/p>\r\n\t\t\t<\/div>\r\n\t\t<\/div>\r\n\t\t\r\n\t\t<hr \/>\r\n\t\t\t\t<div class=\"product-content\">\r\n\t\t\t<div class=\"product-image\">\r\n\t\t\t\t<div class=\"tiaro-image-wrapper tiaro-image-size-fixed\" aria-haspopup=\"true\">\r\n\t\t\t\t\t<div  class=\"tiaro-image-wrapper tiaro-image-size-fixed\" aria-haspopup=\"true\">\n\t\t\t\t<img decoding=\"async\" width=\"1500\" height=\"850\" src=\"https:\/\/ehrler-beck.com\/wp-content\/uploads\/2022\/09\/Screwline-SP-630-Schraube-Vakuumpumpe.jpg\" class=\"attachment- size- lazyload wp-post-image\" alt=\"Bomba de vac\u00edo de tornillo Screwline SP 630\" srcset=\"data:image\/svg+xml,%3Csvg%20xmlns%3D%27http%3A%2F%2Fwww.w3.org%2F2000%2Fsvg%27%20width%3D%271500%27%20height%3D%27850%27%20viewBox%3D%270%200%201500%20850%27%3E%3Crect%20width%3D%271500%27%20height%3D%27850%27%20fill-opacity%3D%220%22%2F%3E%3C%2Fsvg%3E\" data-orig-src=\"https:\/\/ehrler-beck.com\/wp-content\/uploads\/2022\/09\/Screwline-SP-630-Schraube-Vakuumpumpe.jpg\" data-srcset=\"https:\/\/ehrler-beck.com\/wp-content\/uploads\/2022\/09\/Screwline-SP-630-Schraube-Vakuumpumpe-200x113.jpg 200w, https:\/\/ehrler-beck.com\/wp-content\/uploads\/2022\/09\/Screwline-SP-630-Schraube-Vakuumpumpe-300x170.jpg 300w, https:\/\/ehrler-beck.com\/wp-content\/uploads\/2022\/09\/Screwline-SP-630-Schraube-Vakuumpumpe-400x227.jpg 400w, https:\/\/ehrler-beck.com\/wp-content\/uploads\/2022\/09\/Screwline-SP-630-Schraube-Vakuumpumpe-600x340.jpg 600w, https:\/\/ehrler-beck.com\/wp-content\/uploads\/2022\/09\/Screwline-SP-630-Schraube-Vakuumpumpe-768x435.jpg 768w, https:\/\/ehrler-beck.com\/wp-content\/uploads\/2022\/09\/Screwline-SP-630-Schraube-Vakuumpumpe-800x453.jpg 800w, https:\/\/ehrler-beck.com\/wp-content\/uploads\/2022\/09\/Screwline-SP-630-Schraube-Vakuumpumpe-1024x580.jpg 1024w, https:\/\/ehrler-beck.com\/wp-content\/uploads\/2022\/09\/Screwline-SP-630-Schraube-Vakuumpumpe-1200x680.jpg 1200w, https:\/\/ehrler-beck.com\/wp-content\/uploads\/2022\/09\/Screwline-SP-630-Schraube-Vakuumpumpe.jpg 1500w\" data-sizes=\"auto\" \/><div class=\"tiaro-rollover\">\n\t<div class=\"tiaro-rollover-content\">\n\n\t\t\t\t\t\t\t\t\t\t\t\t\t\t<a class=\"tiaro-rollover-link\" href=\"https:\/\/ehrler-beck.com\/es\/produkt\/screwline-sp-250-schraubenvakuumpumpen\">Bombas de vac\u00edo de tornillo SCREWLINE SP 250<\/a>\n\t\t\t\n\t\t\t\t\t\t\t\t\n\t\t\n\t\t\t\t\t\t\t\t\n\t\t\t\t\t\t\t\t\n\t\t\n\t\t\t\t\t\t<a class=\"tiaro-link-wrapper\" href=\"https:\/\/ehrler-beck.com\/es\/produkt\/screwline-sp-250-schraubenvakuumpumpen\" aria-label=\"Bombas de vac\u00edo de tornillo SCREWLINE SP 250\"><\/a>\n\t<\/div>\n<\/div>\n<\/div>\n\t\t\t\t<\/div>\r\n\t\t\t<\/div>\r\n\t\t\t<div class=\"product-short-content\">\r\n\t\t\t<h2><a href=\"https:\/\/ehrler-beck.com\/es\/produkt\/screwline-sp-250-schraubenvakuumpumpen\">Bombas de vac\u00edo de tornillo SCREWLINE SP 250<\/a><\/h2>\r\n\t\t\t<p><table style=\"width: 100%; height: 120px;\">\n<tbody>\n<tr style=\"height: 24px;\">\n<td style=\"width: 67.9231%; height: 24px;\"><strong>Designaci\u00f3n<\/strong><\/td>\n<td style=\"height: 24px; width: 18.5883%; text-align: center;\" colspan=\"2\"><strong>50Hz<\/strong><strong><br \/>\n<\/strong><\/td>\n<td style=\"width: 16.5558%; text-align: center;\"><strong>60Hz<\/strong><\/td>\n<\/tr>\n<tr style=\"height: 24px;\">\n<td style=\"width: 67.9231%; height: 24px;\"><strong>velocidad de bombeo<\/strong><\/td>\n<td style=\"height: 24px; text-align: left; width: 18.5883%;\" colspan=\"2\">270<\/td>\n<td style=\"width: 16.5558%; text-align: left;\">330<\/td>\n<\/tr>\n<tr style=\"height: 24px;\">\n<td style=\"width: 67.9231%; height: 24px;\"><strong>presi\u00f3n final<\/strong><\/td>\n<td style=\"text-align: left; height: 24px; width: 18.5883%;\" colspan=\"2\">0,01<\/td>\n<td style=\"width: 16.5558%; text-align: left;\">0,005<\/td>\n<\/tr>\n<tr style=\"height: 24px;\">\n<td style=\"width: 67.9231%; height: 24px;\"><strong>capacidad nominal<\/strong><\/td>\n<td style=\"height: 24px; text-align: left; width: 18.5883%;\" colspan=\"2\">7,3<\/td>\n<td style=\"width: 16.5558%; text-align: left;\">9,2<\/td>\n<\/tr>\n<tr style=\"height: 24px;\">\n<td style=\"width: 67.9231%; height: 24px;\"><strong>Grado de protecci\u00f3n<\/strong><\/td>\n<td style=\"height: 24px; width: 18.5883%; text-align: center;\" colspan=\"3\">55<\/td>\n<\/tr>\n<\/tbody>\n<\/table>\n<\/p>\r\n\t\t\t<\/div>\r\n\t\t<\/div>\r\n\t\t\r\n\t\t<hr \/>\r\n\t\t\tP\u00e1gina 1 de 1<br \/>\r\n\r\n\t\r\n\t<div class=\"pagination\">\r\n\t\t\r\n\t\t<div class=\"nav-previous\"><\/div>\r\n\t\t<div class=\"nav-next\"><\/div>\r\n\t\t\t<\/div>\r\n\t<\/div><\/p>\n<\/div><\/div><\/div><\/div><\/div>","protected":false},"excerpt":{"rendered":"","protected":false},"author":1,"featured_media":0,"parent":3921,"menu_order":0,"comment_status":"closed","ping_status":"closed","template":"","meta":{"footnotes":""},"class_list":["post-64756","page","type-page","status-publish","hentry"],"acf":[],"_links":{"self":[{"href":"https:\/\/ehrler-beck.com\/es\/wp-json\/wp\/v2\/pages\/64756","targetHints":{"allow":["GET"]}}],"collection":[{"href":"https:\/\/ehrler-beck.com\/es\/wp-json\/wp\/v2\/pages"}],"about":[{"href":"https:\/\/ehrler-beck.com\/es\/wp-json\/wp\/v2\/types\/page"}],"author":[{"embeddable":true,"href":"https:\/\/ehrler-beck.com\/es\/wp-json\/wp\/v2\/users\/1"}],"replies":[{"embeddable":true,"href":"https:\/\/ehrler-beck.com\/es\/wp-json\/wp\/v2\/comments?post=64756"}],"version-history":[{"count":7,"href":"https:\/\/ehrler-beck.com\/es\/wp-json\/wp\/v2\/pages\/64756\/revisions"}],"predecessor-version":[{"id":64790,"href":"https:\/\/ehrler-beck.com\/es\/wp-json\/wp\/v2\/pages\/64756\/revisions\/64790"}],"up":[{"embeddable":true,"href":"https:\/\/ehrler-beck.com\/es\/wp-json\/wp\/v2\/pages\/3921"}],"wp:attachment":[{"href":"https:\/\/ehrler-beck.com\/es\/wp-json\/wp\/v2\/media?parent=64756"}],"curies":[{"name":"wp","href":"https:\/\/api.w.org\/{rel}","templated":true}]}}