{"id":52573,"date":"2022-03-29T06:40:37","date_gmt":"2022-03-29T04:40:37","guid":{"rendered":"https:\/\/ehrler-beck.com\/?page_id=52573"},"modified":"2022-03-29T09:28:54","modified_gmt":"2022-03-29T07:28:54","slug":"dss-serie","status":"publish","type":"page","link":"https:\/\/ehrler-beck.com\/es\/serie-dss","title":{"rendered":"serie DSS"},"content":{"rendered":"<p><div class=\"tiaro-fullwidth fullwidth-box tiaro-builder-row-1 tiaro-flex-container nonhundred-percent-fullwidth non-hundred-percent-height-scrolling\" style=\"--awb-border-radius-top-left:0px;--awb-border-radius-top-right:0px;--awb-border-radius-bottom-right:0px;--awb-border-radius-bottom-left:0px;\" ><div class=\"tiaro-builder-row tiaro-row tiaro-flex-align-items-flex-start\" style=\"max-width:1404px;margin-left: calc(-4% \/ 2 );margin-right: calc(-4% \/ 2 );\"><div class=\"tiaro-layout-column tiaro_builder_column tiaro-builder-column-0 tiaro_builder_column_1_1 1_1 tiaro-flex-column\" style=\"--awb-bg-size:cover;--awb-width-large:100%;--awb-margin-top-large:0px;--awb-spacing-right-large:1.92%;--awb-margin-bottom-large:5px;--awb-spacing-left-large:1.92%;--awb-width-medium:100%;--awb-spacing-right-medium:1.92%;--awb-spacing-left-medium:1.92%;--awb-width-small:100%;--awb-spacing-right-small:1.92%;--awb-spacing-left-small:1.92%;\"><div class=\"tiaro-column-wrapper tiaro-flex-justify-content-flex-start tiaro-content-layout-column\"><div class=\"tiaro-text tiaro-text-1\"><h1>Serie de bombas de vac\u00edo de desplazamiento en seco DSS <span style=\"font-size: 10pt;\"><span style=\"color: #000000;\">(Atlas Copco)<\/span><\/span><\/h1>\n<\/div><\/div><\/div><div class=\"tiaro-layout-column tiaro_builder_column tiaro-builder-column-1 tiaro_builder_column_1_2 1_2 tiaro-flex-column\" style=\"--awb-bg-size:cover;--awb-width-large:50%;--awb-margin-top-large:0px;--awb-spacing-right-large:3.84%;--awb-margin-bottom-large:5px;--awb-spacing-left-large:3.84%;--awb-width-medium:50%;--awb-spacing-right-medium:3.84%;--awb-spacing-left-medium:3.84%;--awb-width-small:100%;--awb-spacing-right-small:1.92%;--awb-spacing-left-small:1.92%;\"><div class=\"tiaro-column-wrapper tiaro-flex-justify-content-flex-start tiaro-content-layout-column\"><div class=\"tiaro-text tiaro-text-2\"><p><span class=\"intro-text\">La bomba de vac\u00edo scroll DSS de Atlas Copco es una notable adici\u00f3n a la formidable gama de bombas industriales secas de Atlas Copco. Con una sola pieza m\u00f3vil y un dise\u00f1o de espiral oscilante, la construcci\u00f3n de aluminio de la bomba de vac\u00edo de espiral DSS es robusta, libre de aceite, altamente eficiente y de bajo mantenimiento.<\/span><\/p>\n<p><span class=\"intro-text\">Ideal para la generaci\u00f3n de vac\u00edo en todo el rango de vac\u00edo aproximado, es una adici\u00f3n bienvenida a cualquier planta de producci\u00f3n debido a su dise\u00f1o simple y elegante. Es una bomba seca y duradera para un vac\u00edo estable a caudales de bajo a medio desde la presi\u00f3n atmosf\u00e9rica hasta 1,5 mbar(a) \/ 1,13 Torr.<\/span><\/p>\n<\/div><div class=\"tiaro-text tiaro-text-3\"><h3>aplicaciones<\/h3>\n<\/div><div class=\"tiaro-text tiaro-text-4 awb-text-cols tiaro-text-columns-2\" style=\"--awb-columns:2;--awb-column-spacing:2em;--awb-column-min-width:100px;\"><ul>\n<li>envasado de alimentos<\/li>\n<li>termoformado<\/li>\n<li>procesamiento de alimentos<\/li>\n<li>secado de alimentos<\/li>\n<li>Sistemas M\u00e9dicos<\/li>\n<li>impregnaci\u00f3n al vac\u00edo<\/li>\n<li>Aspirador casa central<\/li>\n<li>recoger y colocar<\/li>\n<li>Sujeci\u00f3n CNC<\/li>\n<li>vac\u00edo en el laboratorio<\/li>\n<\/ul>\n<\/div><\/div><\/div><div class=\"tiaro-layout-column tiaro_builder_column tiaro-builder-column-2 tiaro_builder_column_1_2 1_2 tiaro-flex-column\" style=\"--awb-bg-size:cover;--awb-width-large:50%;--awb-margin-top-large:0px;--awb-spacing-right-large:3.84%;--awb-margin-bottom-large:5px;--awb-spacing-left-large:3.84%;--awb-width-medium:50%;--awb-spacing-right-medium:3.84%;--awb-spacing-left-medium:3.84%;--awb-width-small:100%;--awb-spacing-right-small:1.92%;--awb-spacing-left-small:1.92%;\"><div class=\"tiaro-column-wrapper tiaro-flex-justify-content-flex-start tiaro-content-layout-column\"><div class=\"tiaro-image-element\" style=\"--awb-caption-title-font-family:var(--h2_typography-font-family);--awb-caption-title-font-weight:var(--h2_typography-font-weight);--awb-caption-title-font-style:var(--h2_typography-font-style);--awb-caption-title-size:var(--h2_typography-font-size);--awb-caption-title-transform:var(--h2_typography-text-transform);--awb-caption-title-line-height:var(--h2_typography-line-height);--awb-caption-title-letter-spacing:var(--h2_typography-letter-spacing);\"><span class=\"tiaro-imageframe imageframe-none imageframe-1 hover-type-none\"><img decoding=\"async\" width=\"1720\" height=\"1000\" title=\"serie DSS\" src=\"https:\/\/ehrler-beck.com\/wp-content\/uploads\/2022\/03\/DSS-Serie.jpg\" data-orig-src=\"https:\/\/ehrler-beck.com\/wp-content\/uploads\/2022\/03\/DSS-Serie.jpg\" alt class=\"lazyload img-responsive wp-image-52574\" srcset=\"data:image\/svg+xml,%3Csvg%20xmlns%3D%27http%3A%2F%2Fwww.w3.org%2F2000%2Fsvg%27%20width%3D%271720%27%20height%3D%271000%27%20viewBox%3D%270%200%201720%201000%27%3E%3Crect%20width%3D%271720%27%20height%3D%271000%27%20fill-opacity%3D%220%22%2F%3E%3C%2Fsvg%3E\" data-srcset=\"https:\/\/ehrler-beck.com\/wp-content\/uploads\/2022\/03\/DSS-Serie-200x116.jpg 200w, https:\/\/ehrler-beck.com\/wp-content\/uploads\/2022\/03\/DSS-Serie-400x233.jpg 400w, https:\/\/ehrler-beck.com\/wp-content\/uploads\/2022\/03\/DSS-Serie-600x349.jpg 600w, https:\/\/ehrler-beck.com\/wp-content\/uploads\/2022\/03\/DSS-Serie-800x465.jpg 800w, https:\/\/ehrler-beck.com\/wp-content\/uploads\/2022\/03\/DSS-Serie-1200x698.jpg 1200w, https:\/\/ehrler-beck.com\/wp-content\/uploads\/2022\/03\/DSS-Serie.jpg 1720w\" data-sizes=\"auto\" data-orig-sizes=\"(max-width: 640px) 100vw, 1720px\" \/><\/span><\/div><\/div><\/div><div class=\"tiaro-layout-column tiaro_builder_column tiaro-builder-column-3 tiaro_builder_column_1_2 1_2 tiaro-flex-column\" style=\"--awb-bg-size:cover;--awb-width-large:50%;--awb-margin-top-large:0px;--awb-spacing-right-large:3.84%;--awb-margin-bottom-large:5px;--awb-spacing-left-large:3.84%;--awb-width-medium:50%;--awb-spacing-right-medium:3.84%;--awb-spacing-left-medium:3.84%;--awb-width-small:100%;--awb-spacing-right-small:1.92%;--awb-spacing-left-small:1.92%;\"><div class=\"tiaro-column-wrapper tiaro-flex-justify-content-flex-start tiaro-content-layout-column\"><div class=\"tiaro-text tiaro-text-5\"><h3>Construcci\u00f3n robusta<\/h3>\n<p>Dise\u00f1o simple y despejado con una cubierta frontal extra\u00edble para facilitar el acceso al mecanismo de desplazamiento<\/p>\n<h3>Rendimiento excepcional<\/h3>\n<p>Capacidad de control total a trav\u00e9s del controlador del inversor y bajos costos de servicio y mantenimiento<\/p>\n<h3>Limpio y seco<\/h3>\n<p>Certificaci\u00f3n ISO 8573-1 Clase 0: no se requiere aceite para sellar o enfriar<\/p>\n<\/div><\/div><\/div><div class=\"tiaro-layout-column tiaro_builder_column tiaro-builder-column-4 tiaro_builder_column_1_3 1_3 tiaro-flex-column\" style=\"--awb-padding-top:8px;--awb-padding-right:8px;--awb-padding-bottom:8px;--awb-padding-left:8px;--awb-bg-color:#dbdbdb;--awb-bg-size:cover;--awb-width-large:33.333333333333%;--awb-margin-top-large:0px;--awb-spacing-right-large:5.76%;--awb-margin-bottom-large:5px;--awb-spacing-left-large:5.76%;--awb-width-medium:33.333333333333%;--awb-spacing-right-medium:5.76%;--awb-spacing-left-medium:5.76%;--awb-width-small:100%;--awb-spacing-right-small:1.92%;--awb-spacing-left-small:1.92%;\"><div class=\"tiaro-column-wrapper tiaro-flex-justify-content-center tiaro-content-layout-column\"><div class=\"tiaro-text tiaro-text-6\"><p><span class=\"intro-text\">No dude en ponerse en contacto con nosotros para obtener m\u00e1s informaci\u00f3n:<\/span><\/p>\n<p style=\"padding-left: 30px;\"><span class=\"intro-text\">correo electr\u00f3nico: <span class=\"color-primary\">info@ehrler-beck.com<\/span><\/span><\/p>\n<p style=\"padding-left: 30px;\"><span class=\"intro-text\">tel\u00e9fono: <span class=\"color-primary\">+49 (0) 7159 \/ 4085-0<\/span><\/span><\/p>\n<div class=\"tiaro-alignright\"><a class=\"tiaro-button button-flat button-medium button-default tiaro-button-default button-1 tiaro-button-default-span tiaro-button-default-type\" style=\"--button-border-radius-top-left:25px;--button-border-radius-top-right:25px;--button-border-radius-bottom-right:25px;--button-border-radius-bottom-left:25px;\" target=\"_blank\" rel=\"noopener noreferrer\" href=\"https:\/\/ehrler-beck.com\/es\/contacto\/\"><span class=\"tiaro-button-text tiaro-button-text-right\">CONT\u00c1CTENOS<\/span><span class=\"tiaro-button-icon-divider button-icon-divider-right\"><i class=\"fa fa-comments-o\" aria-hidden=\"true\"><\/i><\/span><\/a><\/div>\n<\/div><\/div><\/div><div class=\"tiaro-layout-column tiaro_builder_column tiaro-builder-column-5 tiaro_builder_column_1_1 1_1 tiaro-flex-column\" style=\"--awb-bg-size:cover;--awb-width-large:100%;--awb-margin-top-large:0px;--awb-spacing-right-large:1.92%;--awb-margin-bottom-large:5px;--awb-spacing-left-large:1.92%;--awb-width-medium:100%;--awb-spacing-right-medium:1.92%;--awb-spacing-left-medium:1.92%;--awb-width-small:100%;--awb-spacing-right-small:1.92%;--awb-spacing-left-small:1.92%;\"><div class=\"tiaro-column-wrapper tiaro-flex-justify-content-flex-start tiaro-content-layout-column\"><div class=\"tiaro-text tiaro-text-7\"><h3>Dise\u00f1o y mecanismo interno<\/h3>\n<p>El mecanismo de una bomba de vac\u00edo de espiral utiliza dos espirales o volutas helicoidales anidadas para bombear gases. El dise\u00f1o es simple pero efectivo. Uno de los rollos est\u00e1 fijo mientras que el otro orbita sin vibraciones mientras comprime burbujas de gas entre los espirales. La bomba de vac\u00edo scroll DSS de Atlas Copco funciona seg\u00fan el mismo principio. Con una sola pieza m\u00f3vil y fabricada con materiales de alta calidad, la bomba es una m\u00e1quina de bajo mantenimiento y larga vida \u00fatil.<\/p>\n<\/div><\/div><\/div><\/div><\/div><div class=\"tiaro-fullwidth fullwidth-box tiaro-builder-row-2 tiaro-flex-container nonhundred-percent-fullwidth non-hundred-percent-height-scrolling\" style=\"--awb-border-radius-top-left:0px;--awb-border-radius-top-right:0px;--awb-border-radius-bottom-right:0px;--awb-border-radius-bottom-left:0px;--awb-margin-top:80px;\" ><div class=\"tiaro-builder-row tiaro-row tiaro-flex-align-items-flex-start\" style=\"max-width:1404px;margin-left: calc(-4% \/ 2 );margin-right: calc(-4% \/ 2 );\"><div class=\"tiaro-layout-column tiaro_builder_column tiaro-builder-column-6 tiaro_builder_column_1_2 1_2 tiaro-flex-column\" style=\"--awb-bg-size:cover;--awb-width-large:50%;--awb-margin-top-large:0px;--awb-spacing-right-large:3.84%;--awb-margin-bottom-large:5px;--awb-spacing-left-large:3.84%;--awb-width-medium:50%;--awb-order-medium:0;--awb-spacing-right-medium:3.84%;--awb-spacing-left-medium:3.84%;--awb-width-small:100%;--awb-order-small:0;--awb-spacing-right-small:1.92%;--awb-spacing-left-small:1.92%;\"><div class=\"tiaro-column-wrapper tiaro-column-has-shadow tiaro-flex-justify-content-flex-start tiaro-content-layout-column\"><div class=\"tiaro-image-element\" style=\"--awb-caption-title-font-family:var(--h2_typography-font-family);--awb-caption-title-font-weight:var(--h2_typography-font-weight);--awb-caption-title-font-style:var(--h2_typography-font-style);--awb-caption-title-size:var(--h2_typography-font-size);--awb-caption-title-transform:var(--h2_typography-text-transform);--awb-caption-title-line-height:var(--h2_typography-line-height);--awb-caption-title-letter-spacing:var(--h2_typography-letter-spacing);\"><span class=\"tiaro-imageframe imageframe-none imageframe-2 hover-type-none\"><img decoding=\"async\" width=\"1500\" height=\"850\" title=\"Bomba de vac\u00edo DSS 065\" src=\"https:\/\/ehrler-beck.com\/wp-content\/uploads\/2022\/03\/dss-065-vakuumpumpe.jpg\" data-orig-src=\"https:\/\/ehrler-beck.com\/wp-content\/uploads\/2022\/03\/dss-065-vakuumpumpe.jpg\" alt class=\"lazyload img-responsive wp-image-52560\" srcset=\"data:image\/svg+xml,%3Csvg%20xmlns%3D%27http%3A%2F%2Fwww.w3.org%2F2000%2Fsvg%27%20width%3D%271500%27%20height%3D%27850%27%20viewBox%3D%270%200%201500%20850%27%3E%3Crect%20width%3D%271500%27%20height%3D%27850%27%20fill-opacity%3D%220%22%2F%3E%3C%2Fsvg%3E\" data-srcset=\"https:\/\/ehrler-beck.com\/wp-content\/uploads\/2022\/03\/dss-065-vakuumpumpe-200x113.jpg 200w, https:\/\/ehrler-beck.com\/wp-content\/uploads\/2022\/03\/dss-065-vakuumpumpe-400x227.jpg 400w, https:\/\/ehrler-beck.com\/wp-content\/uploads\/2022\/03\/dss-065-vakuumpumpe-600x340.jpg 600w, https:\/\/ehrler-beck.com\/wp-content\/uploads\/2022\/03\/dss-065-vakuumpumpe-800x453.jpg 800w, https:\/\/ehrler-beck.com\/wp-content\/uploads\/2022\/03\/dss-065-vakuumpumpe-1200x680.jpg 1200w, https:\/\/ehrler-beck.com\/wp-content\/uploads\/2022\/03\/dss-065-vakuumpumpe.jpg 1500w\" data-sizes=\"auto\" data-orig-sizes=\"(max-width: 640px) 100vw, 1500px\" \/><\/span><\/div><\/div><\/div><div class=\"tiaro-layout-column tiaro_builder_column tiaro-builder-column-7 tiaro_builder_column_1_2 1_2 tiaro-flex-column\" style=\"--awb-bg-size:cover;--awb-width-large:50%;--awb-margin-top-large:0px;--awb-spacing-right-large:3.84%;--awb-margin-bottom-large:5px;--awb-spacing-left-large:3.84%;--awb-width-medium:50%;--awb-order-medium:0;--awb-spacing-right-medium:3.84%;--awb-spacing-left-medium:3.84%;--awb-width-small:100%;--awb-order-small:0;--awb-spacing-right-small:1.92%;--awb-spacing-left-small:1.92%;\"><div class=\"tiaro-column-wrapper tiaro-column-has-shadow tiaro-flex-justify-content-flex-start tiaro-content-layout-column\"><div class=\"tiaro-title title tiaro-title-1 tiaro-sep-none tiaro-title-text tiaro-title-size-one\"><h1 class=\"title-heading-left tiaro-responsive-typography-calculated\" style=\"margin:0;--fontSize:32;line-height:1.4;\"><h2 class=\"tiaro-responsive-typography-calculated\" data-fontsize=\"24\" data-lineheight=\"36px\">Bomba de vac\u00edo DSS 065<\/h2><\/h1><\/div><div class=\"tiaro-text tiaro-text-8\"><table style=\"width: 100%; height: 147px;\">\n<tbody>\n<tr style=\"height: 24px;\">\n<td style=\"width: 67.9231%; height: 24px; border-left: none; border-top: none;\"><strong>Designaci\u00f3n<\/strong><\/td>\n<td style=\"text-align: center; height: 24px; width: 42.4797%; border-right: none; border-top: none;\" colspan=\"3\"><strong>Valor<\/strong><strong><br \/>\n<\/strong><\/td>\n<\/tr>\n<tr style=\"height: 24px;\">\n<td style=\"width: 67.9231%; height: 24px; border-left: none;\"><strong>Velocidad m\u00e1xima de la bomba m<sup>3<\/sup>\/H<\/strong><\/td>\n<td style=\"width: 4.74871%; height: 24px; text-align: center; border-right: none;\" colspan=\"3\">72 a 50 Hz<\/td>\n<\/tr>\n<tr style=\"height: 27px;\">\n<td style=\"width: 67.9231%; height: 27px; border-left: none;\"><strong>Velocidad M\u00e1xima de la Bomba (ACFM)<\/strong><\/td>\n<td style=\"width: 4.74871%; height: 27px; text-align: center; border-right: none;\" colspan=\"3\">42 a 50 Hz<\/td>\n<\/tr>\n<tr style=\"height: 24px;\">\n<td style=\"width: 67.9231%; height: 24px; border-left: none;\"><strong>Nivel de vac\u00edo final<\/strong><\/td>\n<td style=\"height: 24px; text-align: center; width: 42.4797%; border-right: none;\" colspan=\"3\">1,5 mbar(a)<\/td>\n<\/tr>\n<tr style=\"height: 24px;\">\n<td style=\"width: 67.9231%; height: 24px; border-left: none; border-bottom: none;\"><strong>potencia del motor<\/strong><\/td>\n<td style=\"height: 24px; text-align: center; width: 42.4797%; border-right: none; border-bottom: none;\" colspan=\"3\">1.5kW<\/td>\n<\/tr>\n<\/tbody>\n<\/table>\n<\/div><div style=\"text-align:left;\"><a class=\"tiaro-button button-flat tiaro-button-default-size button-default tiaro-button-default button-2 tiaro-button-default-span tiaro-button-default-type\" style=\"--button-border-radius-top-left:0;--button-border-radius-top-right:0;--button-border-radius-bottom-right:0;--button-border-radius-bottom-left:0;\" target=\"_self\" href=\"https:\/\/ehrler-beck.com\/es\/produkt\/dss-065-funcionamiento-en-seco-scroll-bomba-de-vacio\/\"><span class=\"tiaro-button-text\">sigue leyendo<\/span><\/a><\/div><\/div><\/div><\/div><\/div><\/p>","protected":false},"excerpt":{"rendered":"","protected":false},"author":1,"featured_media":0,"parent":0,"menu_order":0,"comment_status":"closed","ping_status":"closed","template":"100-width.php","meta":{"footnotes":""},"class_list":["post-52573","page","type-page","status-publish","hentry"],"acf":[],"_links":{"self":[{"href":"https:\/\/ehrler-beck.com\/es\/wp-json\/wp\/v2\/pages\/52573","targetHints":{"allow":["GET"]}}],"collection":[{"href":"https:\/\/ehrler-beck.com\/es\/wp-json\/wp\/v2\/pages"}],"about":[{"href":"https:\/\/ehrler-beck.com\/es\/wp-json\/wp\/v2\/types\/page"}],"author":[{"embeddable":true,"href":"https:\/\/ehrler-beck.com\/es\/wp-json\/wp\/v2\/users\/1"}],"replies":[{"embeddable":true,"href":"https:\/\/ehrler-beck.com\/es\/wp-json\/wp\/v2\/comments?post=52573"}],"version-history":[{"count":7,"href":"https:\/\/ehrler-beck.com\/es\/wp-json\/wp\/v2\/pages\/52573\/revisions"}],"predecessor-version":[{"id":52593,"href":"https:\/\/ehrler-beck.com\/es\/wp-json\/wp\/v2\/pages\/52573\/revisions\/52593"}],"wp:attachment":[{"href":"https:\/\/ehrler-beck.com\/es\/wp-json\/wp\/v2\/media?parent=52573"}],"curies":[{"name":"wp","href":"https:\/\/api.w.org\/{rel}","templated":true}]}}