{"id":51232,"date":"2022-01-31T20:03:25","date_gmt":"2022-01-31T19:03:25","guid":{"rendered":"https:\/\/ehrler-beck.com\/?page_id=51232"},"modified":"2022-01-31T20:11:04","modified_gmt":"2022-01-31T19:11:04","slug":"hv-waelzkolben-vakuumpumpen-serie","status":"publish","type":"page","link":"https:\/\/ehrler-beck.com\/es\/productos\/bombas-de-vacio\/bombas-de-vacio-de-raices\/serie-de-bombas-de-vacio-hv-roots","title":{"rendered":"Serie de bombas de vac\u00edo HV Roots"},"content":{"rendered":"<p><div class=\"tiaro-fullwidth fullwidth-box tiaro-builder-row-1 tiaro-flex-container nonhundred-percent-fullwidth non-hundred-percent-height-scrolling\" style=\"--awb-border-radius-top-left:0px;--awb-border-radius-top-right:0px;--awb-border-radius-bottom-right:0px;--awb-border-radius-bottom-left:0px;\" ><div class=\"tiaro-builder-row tiaro-row tiaro-flex-align-items-flex-start\" style=\"max-width:1404px;margin-left: calc(-4% \/ 2 );margin-right: calc(-4% \/ 2 );\"><div class=\"tiaro-layout-column tiaro_builder_column tiaro-builder-column-0 tiaro_builder_column_1_1 1_1 tiaro-flex-column\" style=\"--awb-bg-size:cover;--awb-width-large:100%;--awb-margin-top-large:0px;--awb-spacing-right-large:1.92%;--awb-margin-bottom-large:5px;--awb-spacing-left-large:1.92%;--awb-width-medium:100%;--awb-spacing-right-medium:1.92%;--awb-spacing-left-medium:1.92%;--awb-width-small:100%;--awb-spacing-right-small:1.92%;--awb-spacing-left-small:1.92%;\"><div class=\"tiaro-column-wrapper tiaro-flex-justify-content-flex-start tiaro-content-layout-column\"><div class=\"tiaro-text tiaro-text-1\"><h1>Serie de bombas de vac\u00edo HV Roots <span style=\"font-size: 10pt;\"><span style=\"color: #000000;\">(<a href=\"https:\/\/ehrler-beck.com\/es\/fabricante\/eduardo\/\">EDWARDS<\/a>)<\/span><a href=\"https:\/\/ehrler-beck.com\/es\/tecnologias\/tecnologias-de-bombas-de-vacio\/bombas-de-vacio-de-piston-de-rodillos\/\"><img decoding=\"async\" class=\"lazyload alignright size-full wp-image-47\" src=\"data:image\/svg+xml,%3Csvg%20xmlns%3D%27http%3A%2F%2Fwww.w3.org%2F2000%2Fsvg%27%20width%3D%2775%27%20height%3D%2775%27%20viewBox%3D%270%200%2075%2075%27%3E%3Crect%20width%3D%2775%27%20height%3D%2775%27%20fill-opacity%3D%220%22%2F%3E%3C%2Fsvg%3E\" data-orig-src=\"https:\/\/ehrler-beck.com\/wp-content\/uploads\/2017\/07\/Rotary-Lobe-Technology-Icon.png\" alt=\"\" width=\"75\" height=\"75\" \/><\/a><\/span><\/h1>\n<\/div><\/div><\/div><div class=\"tiaro-layout-column tiaro_builder_column tiaro-builder-column-1 tiaro_builder_column_1_2 1_2 tiaro-flex-column\" style=\"--awb-bg-size:cover;--awb-width-large:50%;--awb-margin-top-large:0px;--awb-spacing-right-large:3.84%;--awb-margin-bottom-large:5px;--awb-spacing-left-large:3.84%;--awb-width-medium:50%;--awb-spacing-right-medium:3.84%;--awb-spacing-left-medium:3.84%;--awb-width-small:100%;--awb-spacing-right-small:1.92%;--awb-spacing-left-small:1.92%;\"><div class=\"tiaro-column-wrapper tiaro-flex-justify-content-flex-start tiaro-content-layout-column\"><div class=\"tiaro-text tiaro-text-2\"><p>La bomba Roots de alto vac\u00edo de la serie Edwards HV8000 est\u00e1 dise\u00f1ada para brindar una alta confiabilidad en entornos hostiles. Con una velocidad de bombeo nominal de 7200 m3h 1 (4241 ft3 min-1) a 50 Hz, es ideal para grandes aplicaciones industriales y qu\u00edmicas.<\/p>\n<p>Ehrler and Beck ofrece bombas de motor Edward Standard que ahora est\u00e1n equipadas con motores trif\u00e1sicos de clase de eficiencia IE3.<\/p>\n<\/div><div class=\"tiaro-text tiaro-text-3\"><h3>Areas de aplicaci\u00f3n<\/h3>\n<\/div><div class=\"tiaro-text tiaro-text-4 awb-text-cols tiaro-text-columns-2\" style=\"--awb-columns:2;--awb-column-spacing:2em;--awb-column-min-width:100px;\"><ul>\n<li>desgasificaci\u00f3n de acero<\/li>\n<li>metalurgia<\/li>\n<li>revestimiento<\/li>\n<li>Proceso tecnol\u00f3gico<\/li>\n<\/ul>\n<\/div><\/div><\/div><div class=\"tiaro-layout-column tiaro_builder_column tiaro-builder-column-2 tiaro_builder_column_1_2 1_2 tiaro-flex-column\" style=\"--awb-bg-size:cover;--awb-width-large:50%;--awb-margin-top-large:0px;--awb-spacing-right-large:3.84%;--awb-margin-bottom-large:5px;--awb-spacing-left-large:3.84%;--awb-width-medium:50%;--awb-spacing-right-medium:3.84%;--awb-spacing-left-medium:3.84%;--awb-width-small:100%;--awb-spacing-right-small:1.92%;--awb-spacing-left-small:1.92%;\"><div class=\"tiaro-column-wrapper tiaro-flex-justify-content-flex-start tiaro-content-layout-column\"><div class=\"tiaro-image-element\" style=\"--awb-caption-title-font-family:var(--h2_typography-font-family);--awb-caption-title-font-weight:var(--h2_typography-font-weight);--awb-caption-title-font-style:var(--h2_typography-font-style);--awb-caption-title-size:var(--h2_typography-font-size);--awb-caption-title-transform:var(--h2_typography-text-transform);--awb-caption-title-line-height:var(--h2_typography-line-height);--awb-caption-title-letter-spacing:var(--h2_typography-letter-spacing);\"><span class=\"tiaro-imageframe imageframe-none imageframe-1 hover-type-none\"><img decoding=\"async\" width=\"1720\" height=\"1000\" alt=\"Serie de bombas de vac\u00edo HV Roots\" title=\"Serie de bombas de vac\u00edo HV Roots\" src=\"https:\/\/ehrler-beck.com\/wp-content\/uploads\/2022\/01\/HV-Waelzkolben-Vakuumpumpen-Serie.jpg\" data-orig-src=\"https:\/\/ehrler-beck.com\/wp-content\/uploads\/2022\/01\/HV-Waelzkolben-Vakuumpumpen-Serie.jpg\" class=\"lazyload img-responsive wp-image-51234\" srcset=\"data:image\/svg+xml,%3Csvg%20xmlns%3D%27http%3A%2F%2Fwww.w3.org%2F2000%2Fsvg%27%20width%3D%271720%27%20height%3D%271000%27%20viewBox%3D%270%200%201720%201000%27%3E%3Crect%20width%3D%271720%27%20height%3D%271000%27%20fill-opacity%3D%220%22%2F%3E%3C%2Fsvg%3E\" data-srcset=\"https:\/\/ehrler-beck.com\/wp-content\/uploads\/2022\/01\/HV-Waelzkolben-Vakuumpumpen-Serie-200x116.jpg 200w, https:\/\/ehrler-beck.com\/wp-content\/uploads\/2022\/01\/HV-Waelzkolben-Vakuumpumpen-Serie-400x233.jpg 400w, https:\/\/ehrler-beck.com\/wp-content\/uploads\/2022\/01\/HV-Waelzkolben-Vakuumpumpen-Serie-600x349.jpg 600w, https:\/\/ehrler-beck.com\/wp-content\/uploads\/2022\/01\/HV-Waelzkolben-Vakuumpumpen-Serie-800x465.jpg 800w, https:\/\/ehrler-beck.com\/wp-content\/uploads\/2022\/01\/HV-Waelzkolben-Vakuumpumpen-Serie-1200x698.jpg 1200w, https:\/\/ehrler-beck.com\/wp-content\/uploads\/2022\/01\/HV-Waelzkolben-Vakuumpumpen-Serie.jpg 1720w\" data-sizes=\"auto\" data-orig-sizes=\"(max-width: 640px) 100vw, 1720px\" \/><\/span><\/div><\/div><\/div><div class=\"tiaro-layout-column tiaro_builder_column tiaro-builder-column-3 tiaro_builder_column_1_2 1_2 tiaro-flex-column\" style=\"--awb-bg-size:cover;--awb-width-large:50%;--awb-margin-top-large:0px;--awb-spacing-right-large:3.84%;--awb-margin-bottom-large:5px;--awb-spacing-left-large:3.84%;--awb-width-medium:50%;--awb-spacing-right-medium:3.84%;--awb-spacing-left-medium:3.84%;--awb-width-small:100%;--awb-spacing-right-small:1.92%;--awb-spacing-left-small:1.92%;\"><div class=\"tiaro-column-wrapper tiaro-flex-justify-content-flex-start tiaro-content-layout-column\"><div class=\"tiaro-text tiaro-text-5\"><h3>Actuaci\u00f3n<\/h3>\n<p>Proceso estable para una producci\u00f3n constante: adecuado para funcionamiento continuo en un amplio rango de presi\u00f3n en aplicaciones extremadamente exigentes.<\/p>\n<h3>fiabilidad<\/h3>\n<p>Sin tiempos de inactividad no planificados: sello de eje mec\u00e1nico refrigerado por agua para alto rendimiento, gran di\u00e1metro de eje y grandes engranajes helicoidales.<\/p>\n<\/div><\/div><\/div><div class=\"tiaro-layout-column tiaro_builder_column tiaro-builder-column-4 tiaro_builder_column_1_3 1_3 tiaro-flex-column\" style=\"--awb-padding-top:8px;--awb-padding-right:8px;--awb-padding-bottom:8px;--awb-padding-left:8px;--awb-bg-color:#dbdbdb;--awb-bg-size:cover;--awb-width-large:33.333333333333%;--awb-margin-top-large:0px;--awb-spacing-right-large:5.76%;--awb-margin-bottom-large:5px;--awb-spacing-left-large:5.76%;--awb-width-medium:33.333333333333%;--awb-spacing-right-medium:5.76%;--awb-spacing-left-medium:5.76%;--awb-width-small:100%;--awb-spacing-right-small:1.92%;--awb-spacing-left-small:1.92%;\"><div class=\"tiaro-column-wrapper tiaro-flex-justify-content-center tiaro-content-layout-column\"><div class=\"tiaro-text tiaro-text-6\"><p><span class=\"intro-text\">No dude en ponerse en contacto con nosotros para obtener m\u00e1s informaci\u00f3n:<\/span><\/p>\n<p style=\"padding-left: 30px;\"><span class=\"intro-text\">correo electr\u00f3nico: <span class=\"color-primary\">info@ehrler-beck.com<\/span><\/span><\/p>\n<p style=\"padding-left: 30px;\"><span class=\"intro-text\">tel\u00e9fono: <span class=\"color-primary\">+49 (0) 7159 \/ 4085-0<\/span><\/span><\/p>\n<div class=\"tiaro-alignright\"><a class=\"tiaro-button button-flat button-medium button-default tiaro-button-default button-1 tiaro-button-default-span tiaro-button-default-type\" style=\"--button-border-radius-top-left:25px;--button-border-radius-top-right:25px;--button-border-radius-bottom-right:25px;--button-border-radius-bottom-left:25px;\" target=\"_blank\" rel=\"noopener noreferrer\" href=\"https:\/\/ehrler-beck.com\/es\/contacto\/\"><span class=\"tiaro-button-text tiaro-button-text-right\">CONT\u00c1CTENOS<\/span><span class=\"tiaro-button-icon-divider button-icon-divider-right\"><i class=\"fa fa-comments-o\" aria-hidden=\"true\"><\/i><\/span><\/a><\/div>\n<\/div><\/div><\/div><div class=\"tiaro-layout-column tiaro_builder_column tiaro-builder-column-5 tiaro_builder_column_1_2 1_2 tiaro-flex-column\" style=\"--awb-bg-size:cover;--awb-width-large:50%;--awb-margin-top-large:0px;--awb-spacing-right-large:3.84%;--awb-margin-bottom-large:5px;--awb-spacing-left-large:3.84%;--awb-width-medium:50%;--awb-spacing-right-medium:3.84%;--awb-spacing-left-medium:3.84%;--awb-width-small:100%;--awb-spacing-right-small:1.92%;--awb-spacing-left-small:1.92%;\"><div class=\"tiaro-column-wrapper tiaro-flex-justify-content-flex-start tiaro-content-layout-column\"><div class=\"tiaro-text tiaro-text-7\"><h3>adaptabilidad<\/h3>\n<p>Facilidad de integraci\u00f3n y seguridad: posenfriador de escape enfriado por agua opcional, purga del sello del eje, monitor de temperatura y VFD disponibles.<\/p>\n<\/div><\/div><\/div><div class=\"tiaro-layout-column tiaro_builder_column tiaro-builder-column-6 tiaro_builder_column_1_2 1_2 tiaro-flex-column\" style=\"--awb-bg-size:cover;--awb-width-large:50%;--awb-margin-top-large:0px;--awb-spacing-right-large:3.84%;--awb-margin-bottom-large:5px;--awb-spacing-left-large:3.84%;--awb-width-medium:50%;--awb-spacing-right-medium:3.84%;--awb-spacing-left-medium:3.84%;--awb-width-small:100%;--awb-spacing-right-small:1.92%;--awb-spacing-left-small:1.92%;\"><div class=\"tiaro-column-wrapper tiaro-flex-justify-content-flex-start tiaro-content-layout-column\"><div class=\"tiaro-text tiaro-text-8\"><h3>flexibilidad<\/h3>\n<p>Configurado a medida: disponible con motor est\u00e1ndar o sin motor para instalaci\u00f3n de motor en el sitio. Flujo horizontal o vertical para adaptarse a la aplicaci\u00f3n y al dise\u00f1o del sistema.<\/p>\n<\/div><\/div><\/div><\/div><\/div><div class=\"tiaro-fullwidth fullwidth-box tiaro-builder-row-2 tiaro-flex-container nonhundred-percent-fullwidth non-hundred-percent-height-scrolling\" style=\"--awb-border-radius-top-left:0px;--awb-border-radius-top-right:0px;--awb-border-radius-bottom-right:0px;--awb-border-radius-bottom-left:0px;\" ><div class=\"tiaro-builder-row tiaro-row tiaro-flex-align-items-flex-start\" style=\"max-width:1404px;margin-left: calc(-4% \/ 2 );margin-right: calc(-4% \/ 2 );\"><div class=\"tiaro-layout-column tiaro_builder_column tiaro-builder-column-7 tiaro_builder_column_1_1 1_1 tiaro-flex-column\" style=\"--awb-bg-size:cover;--awb-width-large:100%;--awb-margin-top-large:0px;--awb-spacing-right-large:1.92%;--awb-margin-bottom-large:5px;--awb-spacing-left-large:1.92%;--awb-width-medium:100%;--awb-order-medium:0;--awb-spacing-right-medium:1.92%;--awb-spacing-left-medium:1.92%;--awb-width-small:100%;--awb-order-small:0;--awb-spacing-right-small:1.92%;--awb-spacing-left-small:1.92%;\"><div class=\"tiaro-column-wrapper tiaro-column-has-shadow tiaro-flex-justify-content-flex-start tiaro-content-layout-column\"><div class=\"tiaro-text tiaro-text-9\"><div class=\"search-filter-results\" id=\"search-filter-results-51231\">\t\r\n\tSe encontraron 1 resultados<br \/>\r\n\tP\u00e1gina 1 de 1<br \/>\r\n\r\n\t<div class=\"pagination\">\r\n\t\t\r\n\t\t<div class=\"nav-previous\"><\/div>\r\n\t\t<div class=\"nav-next\"><\/div>\r\n\t\t\t<\/div>\r\n\t\r\n\t\t\t<div class=\"product-content\">\r\n\t\t\t<div class=\"product-image\">\r\n\t\t\t\t<div class=\"tiaro-image-wrapper tiaro-image-size-fixed\" aria-haspopup=\"true\">\r\n\t\t\t\t\t<div  class=\"tiaro-image-wrapper tiaro-image-size-fixed\" aria-haspopup=\"true\">\n\t\t\t\t<img decoding=\"async\" width=\"1500\" height=\"850\" src=\"https:\/\/ehrler-beck.com\/wp-content\/uploads\/2022\/01\/HV8000-Holchleistung-Rootspumpen.jpg\" class=\"attachment- size- lazyload wp-post-image\" alt=\"Bombas Roots de alto rendimiento HV8000\" srcset=\"data:image\/svg+xml,%3Csvg%20xmlns%3D%27http%3A%2F%2Fwww.w3.org%2F2000%2Fsvg%27%20width%3D%271500%27%20height%3D%27850%27%20viewBox%3D%270%200%201500%20850%27%3E%3Crect%20width%3D%271500%27%20height%3D%27850%27%20fill-opacity%3D%220%22%2F%3E%3C%2Fsvg%3E\" data-orig-src=\"https:\/\/ehrler-beck.com\/wp-content\/uploads\/2022\/01\/HV8000-Holchleistung-Rootspumpen.jpg\" data-srcset=\"https:\/\/ehrler-beck.com\/wp-content\/uploads\/2022\/01\/HV8000-Holchleistung-Rootspumpen-200x113.jpg 200w, https:\/\/ehrler-beck.com\/wp-content\/uploads\/2022\/01\/HV8000-Holchleistung-Rootspumpen-300x170.jpg 300w, https:\/\/ehrler-beck.com\/wp-content\/uploads\/2022\/01\/HV8000-Holchleistung-Rootspumpen-400x227.jpg 400w, https:\/\/ehrler-beck.com\/wp-content\/uploads\/2022\/01\/HV8000-Holchleistung-Rootspumpen-500x283.jpg 500w, https:\/\/ehrler-beck.com\/wp-content\/uploads\/2022\/01\/HV8000-Holchleistung-Rootspumpen-600x340.jpg 600w, https:\/\/ehrler-beck.com\/wp-content\/uploads\/2022\/01\/HV8000-Holchleistung-Rootspumpen-700x397.jpg 700w, https:\/\/ehrler-beck.com\/wp-content\/uploads\/2022\/01\/HV8000-Holchleistung-Rootspumpen-768x435.jpg 768w, https:\/\/ehrler-beck.com\/wp-content\/uploads\/2022\/01\/HV8000-Holchleistung-Rootspumpen-800x453.jpg 800w, https:\/\/ehrler-beck.com\/wp-content\/uploads\/2022\/01\/HV8000-Holchleistung-Rootspumpen-1024x580.jpg 1024w, https:\/\/ehrler-beck.com\/wp-content\/uploads\/2022\/01\/HV8000-Holchleistung-Rootspumpen-1200x680.jpg 1200w, https:\/\/ehrler-beck.com\/wp-content\/uploads\/2022\/01\/HV8000-Holchleistung-Rootspumpen.jpg 1500w\" data-sizes=\"auto\" \/><div class=\"tiaro-rollover\">\n\t<div class=\"tiaro-rollover-content\">\n\n\t\t\t\t\t\t\t\t\t\t\t\t\t\t<a class=\"tiaro-rollover-link\" href=\"https:\/\/ehrler-beck.com\/es\/produkt\/hv8000-rootspumpen\">Bombas de ra\u00edces HV8000<\/a>\n\t\t\t\n\t\t\t\t\t\t\t\t\n\t\t\n\t\t\t\t\t\t\t\t\n\t\t\t\t\t\t\t\t\n\t\t\n\t\t\t\t\t\t<a class=\"tiaro-link-wrapper\" href=\"https:\/\/ehrler-beck.com\/es\/produkt\/hv8000-rootspumpen\" aria-label=\"Bombas de ra\u00edces HV8000\"><\/a>\n\t<\/div>\n<\/div>\n<\/div>\n\t\t\t\t<\/div>\r\n\t\t\t<\/div>\r\n\t\t\t<div class=\"product-short-content\">\r\n\t\t\t<h2><a href=\"https:\/\/ehrler-beck.com\/es\/produkt\/hv8000-rootspumpen\">Bombas de ra\u00edces HV8000<\/a><\/h2>\r\n\t\t\t<p><table style=\"width: 100%; height: 120px;\">\n<tbody>\n<tr style=\"height: 24px;\">\n<td style=\"width: 67.9231%; height: 24px;\"><strong>Designaci\u00f3n<\/strong><\/td>\n<td style=\"text-align: center; width: 15.7428%; height: 24px;\" colspan=\"2\"><strong>Valor<\/strong><strong><br \/>\n<\/strong><\/td>\n<\/tr>\n<tr style=\"height: 24px;\">\n<td style=\"width: 67.9231%; height: 24px;\"><strong>frecuencia<\/strong><\/td>\n<td style=\"width: 15.7428%; height: 24px; text-align: left;\">50Hz<\/td>\n<td style=\"width: 15.7428%; height: 24px; text-align: left;\">60Hz<\/td>\n<\/tr>\n<tr style=\"height: 24px;\">\n<td style=\"width: 67.9231%; height: 24px;\"><strong>velocidad nominal de bombeo<\/strong><\/td>\n<td style=\"width: 15.7428%; height: 24px; text-align: left;\">7200 m\u00b3\/h<\/td>\n<td style=\"width: 15.7428%; height: 24px; text-align: left;\">8640 m\u00b3\/h<\/td>\n<\/tr>\n<tr style=\"height: 24px;\">\n<td style=\"width: 67.9231%; height: 24px;\"><strong>Diferencia de presi\u00f3n dentro de la bomba.<\/strong><\/td>\n<td style=\"width: 15.7428%; height: 24px; text-align: left;\">190 mbar<\/td>\n<td style=\"width: 15.7428%; height: 24px; text-align: left;\">120 mbar<\/td>\n<\/tr>\n<tr style=\"height: 24px;\">\n<td style=\"width: 67.9231%; height: 24px;\"><strong>potencia del motor<\/strong><\/td>\n<td style=\"width: 15.7428%; height: 24px; text-align: left;\">15kW<\/td>\n<td style=\"width: 15.7428%; height: 24px; text-align: left;\">18,5kW<\/td>\n<\/tr>\n<\/tbody>\n<\/table>\n<\/p>\r\n\t\t\t<\/div>\r\n\t\t<\/div>\r\n\t\t\r\n\t\t<hr \/>\r\n\t\t\tP\u00e1gina 1 de 1<br \/>\r\n\r\n\t\r\n\t<div class=\"pagination\">\r\n\t\t\r\n\t\t<div class=\"nav-previous\"><\/div>\r\n\t\t<div class=\"nav-next\"><\/div>\r\n\t\t\t<\/div>\r\n\t<\/div>\n<\/div><\/div><\/div><\/div><\/div><\/p>","protected":false},"excerpt":{"rendered":"","protected":false},"author":1,"featured_media":0,"parent":3927,"menu_order":0,"comment_status":"closed","ping_status":"closed","template":"","meta":{"footnotes":""},"class_list":["post-51232","page","type-page","status-publish","hentry"],"acf":[],"_links":{"self":[{"href":"https:\/\/ehrler-beck.com\/es\/wp-json\/wp\/v2\/pages\/51232","targetHints":{"allow":["GET"]}}],"collection":[{"href":"https:\/\/ehrler-beck.com\/es\/wp-json\/wp\/v2\/pages"}],"about":[{"href":"https:\/\/ehrler-beck.com\/es\/wp-json\/wp\/v2\/types\/page"}],"author":[{"embeddable":true,"href":"https:\/\/ehrler-beck.com\/es\/wp-json\/wp\/v2\/users\/1"}],"replies":[{"embeddable":true,"href":"https:\/\/ehrler-beck.com\/es\/wp-json\/wp\/v2\/comments?post=51232"}],"version-history":[{"count":4,"href":"https:\/\/ehrler-beck.com\/es\/wp-json\/wp\/v2\/pages\/51232\/revisions"}],"predecessor-version":[{"id":51240,"href":"https:\/\/ehrler-beck.com\/es\/wp-json\/wp\/v2\/pages\/51232\/revisions\/51240"}],"up":[{"embeddable":true,"href":"https:\/\/ehrler-beck.com\/es\/wp-json\/wp\/v2\/pages\/3927"}],"wp:attachment":[{"href":"https:\/\/ehrler-beck.com\/es\/wp-json\/wp\/v2\/media?parent=51232"}],"curies":[{"name":"wp","href":"https:\/\/api.w.org\/{rel}","templated":true}]}}