{"id":5049,"date":"2017-11-07T14:20:18","date_gmt":"2017-11-07T13:20:18","guid":{"rendered":"http:\/\/ehrler-beck.com?page_id=5049"},"modified":"2017-12-21T12:25:31","modified_gmt":"2017-12-21T11:25:31","slug":"oele-fette-und-schmierstoffe","status":"publish","type":"page","link":"https:\/\/ehrler-beck.com\/es\/productos\/repuestos-y-accesorios\/oele-fette-und-schmierstoffe","title":{"rendered":"\u00d6le, Fette und Schmierstoffe"},"content":{"rendered":"<h1>\u00d6LE, FETTE UND SCHMIERSTOFFE<\/h1>\n<div class=\"tiaro-separator tiaro-full-width-sep\" style=\"align-self: center;margin-left: auto;margin-right: auto;width:100%;\"><div class=\"tiaro-separator-border sep-shadow\" style=\"--awb-height:20px;--awb-amount:20px;--awb-sep-color:#00b3a7;background:radial-gradient(ellipse at 50% -50% , #00b3a7 0px, rgba(255, 255, 255, 0) 80%) repeat scroll 0 0 rgba(0, 0, 0, 0);background:-webkit-radial-gradient(ellipse at 50% -50% , #00b3a7 0px, rgba(255, 255, 255, 0) 80%) repeat scroll 0 0 rgba(0, 0, 0, 0);background:-moz-radial-gradient(ellipse at 50% -50% , #00b3a7 0px, rgba(255, 255, 255, 0) 80%) repeat scroll 0 0 rgba(0, 0, 0, 0);background:-o-radial-gradient(ellipse at 50% -50% , #00b3a7 0px, rgba(255, 255, 255, 0) 80%) repeat scroll 0 0 rgba(0, 0, 0, 0);\"><\/div><\/div>\n<h2>BECKER &#8211; \u00d6LE UND SCHMIERSTOFFE<\/h2>\n<ul>\n<li>Becker \u00d6l Lube M100 \/ \u00d6l Lube M 100 (U-Pumpen)<\/li>\n<li>Becker \u00d6l Lube S100 \/ \u00d6l Lube S 100 (U-Pumpen)<\/li>\n<li>Becker \u00d6l Lube M320 \/ \u00d6l Lube M 320 (DKW, VPF, DVP, L\/V)<\/li>\n<li>Becker \u00d6l Lube SL100 Food \/ \u00d6l Lube SL 100 Food (U-Pumpen)<\/li>\n<li>Becker \u00d6l Lube S320 \/ \u00d6l Lube S 320 (DP98, DP2.100, DP2.140)<\/li>\n<li>Becker \u00d6l Lube G90 \/ \u00d6l Lube G 90 (RV 33)<\/li>\n<li>Enersyn RC-S46 (VADS650)<\/li>\n<li>Tellus S2 M68 \/ S2 M 68 (VADS1500)<\/li>\n<li>Schmierfett Lube10 \/ Lube 10<\/li>\n<\/ul>\n<hr \/>\n<h2>BUSCH &#8211; \u00d6LE F\u00dcR VAKUUMPUMPEN R 5 0025 &#8211; 1600<\/h2>\n<p>Mineral\u00f6l = unlegiertes Verdichter\u00f6l f\u00fcr Standardapplikationen<\/p>\n<ul>\n<li>VM032 \/ VM 032<\/li>\n<li>VM068 \/ VM 068<\/li>\n<li>VM100 \/ VM 100<\/li>\n<li>VM150 \/ VM 150<\/li>\n<li>VMH100 \/ VMH 100<\/li>\n<\/ul>\n<p>PAO = synthetische Schmierstoffe f\u00fcr Einsatz in Lebensmittelindustrie<\/p>\n<ul>\n<li>VSL032 \/ VSL 032<\/li>\n<li>VSL068 \/ VSL 068<\/li>\n<li>VSL100 \/ VSL 100<\/li>\n<\/ul>\n<p>Diester = Vollsynthetik\u00f6l f\u00fcr extrem belastete Vakuumprozesse<\/p>\n<ul>\n<li>VE101 \/ VE 101<\/li>\n<\/ul>\n<hr \/>\n<h2>ELMO RIETSCHLE \/ GARDNER DENVER &#8211; \u00d6LE F\u00dcR VAKUUMPUMPEN UND VERDICHTER<\/h2>\n<ul>\n<li>Mineral\u00f6l mit besonders hohem Wasserabscheideverm\u00f6gen<br \/>\nMulti-Lube<\/li>\n<li>Synthetik\u00f6l besonders geeignet f\u00fcr hohe Umgebungstemperaturen<br \/>\nSuper-Lube<\/li>\n<li>Synthetik\u00f6l f\u00fcr den Einsatz in der Lebensmittel &#8211; und Pharmaindustrie<br \/>\nEco-Lube<\/li>\n<li>Synthetik\u00f6l zum F\u00f6rdern von gasf\u00f6rmigem Sauerstoff in Vakuumpumpen<br \/>\nOxy-Lube Plus<\/li>\n<li>Synthetisches Lager- und Getriebe\u00f6l f\u00fcr hohe und niedere Umgebungstemperaturen<br \/>\nGear-Lube<\/li>\n<\/ul>\n<hr \/>\n<h2>OERLIKON LEYBOLD VAKUUM &#8211; \u00d6LE \/ FETTE \/ BETRIEBSMITTEL<\/h2>\n<p>Mineral\u00f6l \/ Vakuumpumpen\u00f6l \/ LEYBONOL<\/p>\n<ul>\n<li>LVO 100 | LVO 110 | LVO 120 | LVO 130 | LVO 140 | LVO 150 | LVO 160<\/li>\n<li>GS 32 \/ GS 77<\/li>\n<li>GS FM 32 \/ GS FM 68<\/li>\n<\/ul>\n<p>Ester\u00f6l \/ Vakuumpumpen\u00f6l \/ LEYBONOL<\/p>\n<ul>\n<li>LVO 200 | LVO 210 | LVO 220 | LVO 230 | LVO 240 | LVO 250 | LVO 260<\/li>\n<li>GS 32 \/ GS 77<\/li>\n<li>GS FM 32 \/ GS FM 68<\/li>\n<\/ul>\n<p>PAO-\u00d6l \/ Vakuumpumpen\u00f6l \/ LEYBONOL<\/p>\n<ul>\n<li>LVO 300 | LVO 310<\/li>\n<\/ul>\n<p>PFPE-\u00d6l \/ Vakuumpumpen\u00f6l \/ LEYBONOL<\/p>\n<ul>\n<li>LVO 400 | LVO 410 | LVO 420<\/li>\n<\/ul>\n<p><strong>Treibmittel<\/strong><\/p>\n<p>DIFFELEN | ULTRALEN | Silikon\u00f6l<br \/>\nLEYBONOL LVO 500 | LVO 510 | LVO 520 | LVO 530 | LVO 540<\/p>\n<p><strong>Spezialschmierstoffe<\/strong><\/p>\n<p>LEYBONAL LVO 700<\/p>\n<p><strong>grasas<\/strong><\/p>\n<p>RAMSAY | GLEITLEN | LITHELEN | DYNAFAT | Silikon-Hochvakuum-Fett<br \/>\nLEYBONAL LVA 810 | LVY 870 | LVO 871 | LVO 872<\/p>\n<hr \/>\n<h2>KL\u00dcBER TYRENO FLUID M-100V<\/h2>\n<p>f\u00fcr das Grob- und Fein-Vakuum (mechan. Vorpumpen)<\/p>\n<p>Produktinformationen<\/p>\n<p>Kl\u00fcber Tyreno Fluid M-100V ist ein Mineral\u00f6l, Kernfraktion.<\/p>\n<p>Vorteile f\u00fcr Ihre Anwendung<\/p>\n<ul>\n<li>Niedrige erreichbare Enddr\u00fccke, niedere R\u00fcckstr\u00f6mrate<\/li>\n<li>Sehr gutes Preis-\/Leistungsverh\u00e4ltnis f\u00fcr universelle Anwendungen<\/li>\n<li>F\u00fcr \u00f6lgedichtete ein- und zweistufige Pumpen geeignet<\/li>\n<\/ul>\n<div class=\"tiaro-modal modal fade modal-1 kontakt-formular\" tabindex=\"-1\" role=\"dialog\" aria-labelledby=\"modal-heading-1\" aria-hidden=\"true\" style=\"--awb-border-color:#00b3a7;--awb-background:#ffffff;\"><div class=\"modal-dialog modal-lg\" role=\"document\"><div class=\"modal-content tiaro-modal-content\"><div class=\"modal-header\"><button class=\"close\" type=\"button\" data-dismiss=\"modal\" aria-hidden=\"true\" aria-label=\"Close\">\u00d7<\/button><h3 class=\"modal-title\" id=\"modal-heading-1\" data-dismiss=\"modal\" aria-hidden=\"true\">CONT\u00c1CTENOS<\/h3><\/div><div class=\"modal-body tiaro-clearfix\"><\/p>\n<p>\n<div class=\"wpcf7 no-js\" id=\"wpcf7-f6621-o1\" lang=\"en-US\" dir=\"ltr\">\n<div class=\"screen-reader-response\"><p role=\"status\" aria-live=\"polite\" aria-atomic=\"true\"><\/p> <ul><\/ul><\/div>\n<form action=\"\/es\/wp-json\/wp\/v2\/pages\/5049#wpcf7-f6621-o1\" method=\"post\" class=\"wpcf7-form init\" aria-label=\"Contact form\" novalidate=\"novalidate\" data-status=\"init\" data-trp-original-action=\"\/es\/wp-json\/wp\/v2\/pages\/5049#wpcf7-f6621-o1\">\n<div style=\"display: none;\">\n<input type=\"hidden\" name=\"_wpcf7\" value=\"6621\" \/>\n<input type=\"hidden\" name=\"_wpcf7_version\" value=\"5.7.7\" \/>\n<input type=\"hidden\" name=\"_wpcf7_locale\" value=\"en_US\" \/>\n<input type=\"hidden\" name=\"_wpcf7_unit_tag\" value=\"wpcf7-f6621-o1\" \/>\n<input type=\"hidden\" name=\"_wpcf7_container_post\" value=\"0\" \/>\n<input type=\"hidden\" name=\"_wpcf7_posted_data_hash\" value=\"\" \/>\n<input type=\"hidden\" name=\"_wpcf7_recaptcha_response\" value=\"\" \/>\n<\/div>\n<div class=\"one-half\">\n\t<p><label> Nombre de pila* <span class=\"wpcf7-form-control-wrap\" data-name=\"first-name\"><input size=\"40\" class=\"wpcf7-form-control wpcf7-text wpcf7-validates-as-required\" aria-required=\"true\" aria-invalid=\"false\" value=\"\" type=\"text\" name=\"first-name\" \/><\/span> <\/label>\n\t<\/p>\n\t<p><label> Apellido* <span class=\"wpcf7-form-control-wrap\" data-name=\"last-name\"><input size=\"40\" class=\"wpcf7-form-control wpcf7-text wpcf7-validates-as-required\" aria-required=\"true\" aria-invalid=\"false\" value=\"\" type=\"text\" name=\"last-name\" \/><\/span> <\/label>\n\t<\/p>\n\t<p><label> compa\u00f1\u00eda <span class=\"wpcf7-form-control-wrap\" data-name=\"company\"><input size=\"40\" class=\"wpcf7-form-control wpcf7-text\" aria-invalid=\"false\" value=\"\" type=\"text\" name=\"company\" \/><\/span> <\/label>\n\t<\/p>\n\t<p><label> Direcci\u00f3n de correo electr\u00f3nico* <span class=\"wpcf7-form-control-wrap\" data-name=\"your-email\"><input size=\"40\" class=\"wpcf7-form-control wpcf7-text wpcf7-email wpcf7-validates-as-required wpcf7-validates-as-email\" aria-required=\"true\" aria-invalid=\"false\" value=\"\" type=\"email\" name=\"your-email\" \/><\/span> <\/label>\n\t<\/p>\n\t<p><label> n\u00famero de tel\u00e9fono <span class=\"wpcf7-form-control-wrap\" data-name=\"your-phone\"><input size=\"40\" class=\"wpcf7-form-control wpcf7-text wpcf7-tel wpcf7-validates-as-tel\" aria-invalid=\"false\" value=\"\" type=\"tel\" name=\"your-phone\" \/><\/span> <\/label>\n\t<\/p>\n\t<p><label> pa\u00eds <span class=\"wpcf7-form-control-wrap\" data-name=\"country\"><select class=\"wpcf7-form-control wpcf7-select\" aria-invalid=\"false\" name=\"country\"><option value=\"Deutschland\">Alemania<\/option><option value=\"\u00d6sterreich\">Austria<\/option><option value=\"Belgien\">B\u00e9lgica<\/option><option value=\"Liechtenstein\">Liechtenstein<\/option><option value=\"Luxemburg\">luxemburgo<\/option><option value=\"Schweiz\">Suiza<\/option><option value=\"-----\">-----<\/option><option value=\"Afghanistan\">Afganist\u00e1n<\/option><option value=\"Albanien\">Albania<\/option><option value=\"Algerien\">Argelia<\/option><option value=\"Amerikanische Jungferninseln\">Islas V\u00edrgenes Americanas<\/option><option value=\"Amerikanisch-Samoa\">Samoa Americana<\/option><option value=\"Andorra\">Andorra<\/option><option value=\"Angola\">angola<\/option><option value=\"Anguilla\">anguila<\/option><option value=\"Antigua und Barbuda\">Antigua y Barbuda<\/option><option value=\"Argentinien\">Argentina<\/option><option value=\"Armenien\">Armenia<\/option><option value=\"Aruba\">Aruba<\/option><option value=\"Australien\">Australia<\/option><option value=\"Aserbaidschan\">Azerbaiy\u00e1n<\/option><option value=\"Bahamas\">bahamas<\/option><option value=\"Bahrain\">Bar\u00e9in<\/option><option value=\"Bangladesch\">bangladesh<\/option><option value=\"Barbados\">barbados<\/option><option value=\"Belarus\">Bielorrusia<\/option><option value=\"Belize\">Belice<\/option><option value=\"Benin\">ben\u00edn<\/option><option value=\"Bermuda\">islas Bermudas<\/option><option value=\"Bhutan\">But\u00e1n<\/option><option value=\"Bolivien\">Bolivia<\/option><option value=\"Bonaire\">bonaire<\/option><option value=\"Bosnien und Herzegowina\">Bosnia y Herzegovina<\/option><option value=\"Botswana\">Botsuana<\/option><option value=\"Bouvet-Insel (Bouvetoya)\">Isla Bouvet (Bouvetoya)<\/option><option value=\"Brasilien\">Brasil<\/option><option value=\"Britisches Territorium im Indischen Ozean (Chagos-Archipel)\">Territorio Brit\u00e1nico del Oc\u00e9ano \u00cdndico (Archipi\u00e9lago de Chagos)<\/option><option value=\"Britische Jungferninseln\">Islas V\u00edrgenes Brit\u00e1nicas<\/option><option value=\"Brunei Darussalam\">Brunei Darussalam<\/option><option value=\"Bulgarien\">Bulgaria<\/option><option value=\"Burkina Faso\">Burkina Faso<\/option><option value=\"Burundi\">burundi<\/option><option value=\"Kambodscha\">Camboya<\/option><option value=\"Kamerun\">Camer\u00fan<\/option><option value=\"Canada\">Canad\u00e1<\/option><option value=\"Kap Verde\">Cabo Verde<\/option><option value=\"Cayman Islands\">Islas Caim\u00e1n<\/option><option value=\"Zentralafrikanische Republik\">Rep\u00fablica Centroafricana<\/option><option value=\"Chad\">Chad<\/option><option value=\"Chile\">Chile<\/option><option value=\"Weihnachtsinsel\">Isla de Navidad<\/option><option value=\"Cocos (Keeling) Inseln\">Islas Cocos (Keeling)<\/option><option value=\"Cookinseln\">Islas Cook<\/option><option value=\"Costa Rica\">Costa Rica<\/option><option value=\"Elfenbeink\u00fcste\">Costa de Marfil<\/option><option value=\"Kuba\">Cuba<\/option><option value=\"Cura\u00e7ao\">curazao<\/option><option value=\"Zypern\">Chipre<\/option><option value=\"Zypern\">Chipre<\/option><option value=\"Tschechische Republik\">Rep\u00fablica Checa<\/option><option value=\"D\u00e4nemark\">Dinamarca<\/option><option value=\"Dschibuti\">Yibuti<\/option><option value=\"Dominica\">Dominica<\/option><option value=\"Dominikanische Republik\">Rep\u00fablica Dominicana<\/option><option value=\"Ecuador\">Ecuador<\/option><option value=\"\u00c4gypten\">Egipto<\/option><option value=\"El Salvador\">El Salvador<\/option><option value=\"\u00c4quatorialguinea\">Guinea Ecuatorial<\/option><option value=\"Eritrea\">Eritrea<\/option><option value=\"Estland\">Estonia<\/option><option value=\"\u00c4thiopien\">Etiop\u00eda<\/option><option value=\"Falklandinseln (Malvinas)\">Islas Malvinas (Malvinas)<\/option><option value=\"F\u00e4r\u00f6er\">Islas Faroe<\/option><option value=\"Fidschi\">Fiyi<\/option><option value=\"Finnland\">Finlandia<\/option><option value=\"Frankreich\">Francia<\/option><option value=\"Franz\u00f6sisch-Guayana\">Guayana Francesa<\/option><option value=\"Franz\u00f6sisch-Polynesien\">Polinesia franc\u00e9s<\/option><option value=\"Franz\u00f6sische S\u00fcdterritorien\">Territorios Franceses del Sur<\/option><option value=\"Gabun\">Gab\u00f3n<\/option><option value=\"Gambia\">Gambia<\/option><option value=\"Georgien\">Georgia<\/option><option value=\"Gibraltar\">Gibraltar<\/option><option value=\"Griechenland\">Grecia<\/option><option value=\"Gr\u00f6nland\">Groenlandia<\/option><option value=\"Grenada\">Granada<\/option><option value=\"Guadeloupe\">Guadalupe<\/option><option value=\"Guam\">Guam<\/option><option value=\"Guatemala\">Guatemala<\/option><option value=\"Guernsey\">guernsey<\/option><option value=\"Guinea\">Guinea<\/option><option value=\"Guinea-Bissau\">Guinea-Bis\u00e1u<\/option><option value=\"Guyana\">Guayana<\/option><option value=\"Haiti\">Hait\u00ed<\/option><option value=\"Heard Island und McDonald Islands\">Isla Heard e Isla McDonald<\/option><option value=\"Heiliger Stuhl (Vatikanstadt)\">Santa Sede (Ciudad del Vaticano)<\/option><option value=\"Honduras\">Honduras<\/option><option value=\"Hongkong\">Hong Kong<\/option><option value=\"Ungarn\">Hungr\u00eda<\/option><option value=\"Island\">Islandia<\/option><option value=\"Indien\">India<\/option><option value=\"Indonesien\">Indonesia<\/option><option value=\"Iran\">Ir\u00e1n<\/option><option value=\"Irak\">Irak<\/option><option value=\"Irland\">Irlanda<\/option><option value=\"Isle of Man\">Isla del hombre<\/option><option value=\"Israel\">Israel<\/option><option value=\"Italien\">Italia<\/option><option value=\"Jamaika\">Jamaica<\/option><option value=\"Japan\">Jap\u00f3n<\/option><option value=\"Jersey\">jersey<\/option><option value=\"Jordanien\">Jord\u00e1n<\/option><option value=\"Kasachstan\">Kazajist\u00e1n<\/option><option value=\"Kasachstan\">Kazajist\u00e1n<\/option><option value=\"Kenia\">Kenia<\/option><option value=\"Kiribati\">Kiribati<\/option><option value=\"Kolumbien\">Colombia<\/option><option value=\"Komoren\">Comoras<\/option><option value=\"Kongo\">Congo<\/option><option value=\"Korea S\u00fcd\">Corea del Sur<\/option><option value=\"Kuwait\">Kuwait<\/option><option value=\"Kirgisische Republik\">Rep\u00fablica Kirguiza<\/option><option value=\"Laotische Demokratische Volksrepublik\">Rep\u00fablica Democr\u00e1tica Popular Lao<\/option><option value=\"Lettland\">letonia<\/option><option value=\"Libanon\">L\u00edbano<\/option><option value=\"Lesotho\">Lesoto<\/option><option value=\"Liberia\">Liberia<\/option><option value=\"Libysche Arabische Jamahiriya\">Jamahiriya \u00c1rabe Libia<\/option><option value=\"Litauen\">Lituania<\/option><option value=\"Macao\">Macao<\/option><option value=\"Makedonien\">macedonia<\/option><option value=\"Madagaskar\">Madagascar<\/option><option value=\"Malawi\">Malaui<\/option><option value=\"Malaysia\">Malasia<\/option><option value=\"Malediven\">Maldivas<\/option><option value=\"Mali\">Mal\u00ed<\/option><option value=\"Malta\">Malta<\/option><option value=\"Marshallinseln\">Islas Marshall<\/option><option value=\"Martinique\">Martinica<\/option><option value=\"Mauretanien\">Mauritania<\/option><option value=\"Mauritius\">Mauricio<\/option><option value=\"Mayotte\">Mayotte<\/option><option value=\"Mexiko\">M\u00e9xico<\/option><option value=\"Mikronesien\">Micronesia<\/option><option value=\"Moldau\">Moldavia<\/option><option value=\"Monaco\">M\u00f3naco<\/option><option value=\"Mongolei\">Mongolia<\/option><option value=\"Montenegro\">montenegro<\/option><option value=\"Montserrat\">Montserrat<\/option><option value=\"Marokko\">Marruecos<\/option><option value=\"Mosambik\">Mozambique<\/option><option value=\"Myanmar\">Birmania<\/option><option value=\"Namibia\">Namibia<\/option><option value=\"Nauru\">Nauru<\/option><option value=\"Nepal\">Nepal<\/option><option value=\"Niederlande\">Pa\u00edses Bajos<\/option><option value=\"Niederl\u00e4ndische Antillen\">Antillas Holandesas<\/option><option value=\"Neukaledonien\">Nueva Caledonia<\/option><option value=\"Neuseeland\">Nueva Zelanda<\/option><option value=\"Nicaragua\">Nicaragua<\/option><option value=\"Niger\">N\u00edger<\/option><option value=\"Nigeria\">Nigeria<\/option><option value=\"Niue\">nuevo<\/option><option value=\"Norfolkinsel\">Isla Norfolk<\/option><option value=\"N\u00f6rdliche Marianen\">Islas Marianas del Norte<\/option><option value=\"Norwegen\">Noruega<\/option><option value=\"Oman\">Om\u00e1n<\/option><option value=\"Pakistan\">Pakist\u00e1n<\/option><option value=\"Palau\">palaos<\/option><option value=\"Pal\u00e4stinensische Gebiete\">Territorios palestinos<\/option><option value=\"Panama\">Panam\u00e1<\/option><option value=\"Papua-Neuguinea\">Pap\u00faa Nueva Guinea<\/option><option value=\"Paraguay\">Paraguay<\/option><option value=\"Peru\">Per\u00fa<\/option><option value=\"Philippinen\">Filipinas<\/option><option value=\"Pitcairninseln\">Islas Pitcairn<\/option><option value=\"Polen\">Polonia<\/option><option value=\"Portugal\">Portugal<\/option><option value=\"Puerto Rico\">Puerto Rico<\/option><option value=\"Katar\">Katar<\/option><option value=\"R\u00e9union\">Reuni\u00f3n<\/option><option value=\"Rum\u00e4nien\">Rumania<\/option><option value=\"Russische F\u00f6deration\">Federaci\u00f3n Rusa<\/option><option value=\"Ruanda\">Ruanda<\/option><option value=\"Sankt Barth\u00e9lemy\">San Bartolom\u00e9<\/option><option value=\"Heilige Helena\">Santa Elena<\/option><option value=\"Heilige Kitts und Nevis\">San Crist\u00f3bal y Nieves<\/option><option value=\"Heilige Lucia\">Santa Luc\u00eda<\/option><option value=\"Heilige Martin\">San Mart\u00edn<\/option><option value=\"Saint Pierre und Miquelon\">San Pedro y Miquel\u00f3n<\/option><option value=\"St. Vincent und die Grenadinen\">San Vicente y las Granadinas<\/option><option value=\"Sambia\">Zambia<\/option><option value=\"Samoa\">samoa<\/option><option value=\"San Marino\">San Marino<\/option><option value=\"Sao Tome und Principe\">Santo Tom\u00e9 y Pr\u00edncipe<\/option><option value=\"Saudi-Arabien\">Arabia Saudita<\/option><option value=\"Senegal\">Senegal<\/option><option value=\"Serbien\">Serbia<\/option><option value=\"Seychellen\">Seychelles<\/option><option value=\"Sierra Leone\">Sierra Leona<\/option><option value=\"Simbabwe\">Zimbabue<\/option><option value=\"Singapur\">Singapur<\/option><option value=\"Sint Maarten (Niederlande)\">Sint Maarten (Pa\u00edses Bajos)<\/option><option value=\"Slowakei (Slowakische Republik)\">Eslovaquia (Rep\u00fablica Eslovaca)<\/option><option value=\"Slowenien\">Eslovenia<\/option><option value=\"Salomonen\">Islas Salom\u00f3n<\/option><option value=\"Somalia\">Somalia<\/option><option value=\"S\u00fcdafrika\">Sud\u00e1frica<\/option><option value=\"S\u00fcdgeorgien &amp; S. Sandwichinseln\">Islas Georgias del Sur y Sandwich del Sur<\/option><option value=\"Spanien\">Espa\u00f1a<\/option><option value=\"Sri Lanka\">Sri Lanka<\/option><option value=\"Sudan\">Sud\u00e1n<\/option><option value=\"Suriname\">Surinam<\/option><option value=\"Svalbard &amp; Jan Mayen Inseln\">Islas Svalbard y Jan Mayen<\/option><option value=\"Swasiland\">Suazilandia<\/option><option value=\"Schweden\">Suecia<\/option><option value=\"Syrische Arabische Republik\">Rep\u00fablica \u00c1rabe Siria<\/option><option value=\"Taiwan\">Taiw\u00e1n<\/option><option value=\"Tadschikistan\">Tayikist\u00e1n<\/option><option value=\"Tansania\">Tanzania<\/option><option value=\"Timor-Leste\">Timor Oriental<\/option><option value=\"Togo\">Ir<\/option><option value=\"Tokelau\">Tokelau<\/option><option value=\"Tonga\">tonga<\/option><option value=\"Trinidad und Tobago\">Trinidad y Tobago<\/option><option value=\"Tunesien\">T\u00fanez<\/option><option value=\"T\u00fcrkei\">Turqu\u00eda<\/option><option value=\"Turkmenistan\">turkmenist\u00e1n<\/option><option value=\"Turks- und Caicosinseln\">Islas Turcas y Caicos<\/option><option value=\"Tuvalu\">Tuvalu<\/option><option value=\"Upper Minor Outlying Islands\">Islas ultramarinas menores superiores<\/option><option value=\"Uganda\">Uganda<\/option><option value=\"Ukraine\">Ucrania<\/option><option value=\"Vereinigte Arabische Emirate\">Emiratos \u00c1rabes Unidos<\/option><option value=\"Vereinigte Staaten von Amerika\">Estados Unidos de Am\u00e9rica<\/option><option value=\"Vereinigtes K\u00f6nigreich\">Reino Unido<\/option><option value=\"Uruguay\">Uruguay<\/option><option value=\"Usbekistan\">Uzbekist\u00e1n<\/option><option value=\"Vanuatu\">Vanuatu<\/option><option value=\"Venezuela\">Venezuela<\/option><option value=\"Vietnam\">Vietnam<\/option><option value=\"Wallis und Futuna\">Wallis y Futuna<\/option><option value=\"Westsahara\">Sahara Occidental<\/option><option value=\"Jemen\">Yemen<\/option><\/select><\/span> <\/label>\n\t<\/p>\n\t<p><label> DIRECCI\u00d3N <span class=\"wpcf7-form-control-wrap\" data-name=\"address\"><input size=\"40\" class=\"wpcf7-form-control wpcf7-text\" aria-invalid=\"false\" value=\"\" type=\"text\" name=\"address\" \/><\/span> <\/label>\n\t<\/p>\n<\/div>\n<div class=\"one-half last\">\n\t<p><label> Acerca de <span class=\"wpcf7-form-control-wrap subject-name\"><input name=\"subject-name\" class=\"wpcf7-form-control wpcf7dtx-dynamictext wpcf7-dynamictext\" size=\"40\" aria-invalid=\"false\" type=\"text\" value=\"\u00d6le, Fette und Schmierstoffe\" \/><\/span><\/label>\n\t<\/p>\n\t<p><label> Noticias* <span class=\"wpcf7-form-control-wrap\" data-name=\"your-message\"><textarea cols=\"40\" rows=\"10\" class=\"wpcf7-form-control wpcf7-textarea\" aria-invalid=\"false\" name=\"your-message\"><\/textarea><\/span> <\/label>\n\t<\/p>\n\t<p><span class=\"wpcf7-form-control-wrap\" data-name=\"checkbox-403\"><span class=\"wpcf7-form-control wpcf7-checkbox wpcf7-validates-as-required\"><span class=\"wpcf7-list-item first last\"><label><input type=\"checkbox\" name=\"checkbox-403[]\" value=\"Ehrler &amp; Beck verwendet die zur Verf\u00fcgung gestellten Informationen nur zu Kontaktzwecken, Details entnehmen Sie bitte unserer Datenschutzerkl\u00e4rung.\" \/><span class=\"wpcf7-list-item-label\">Ehrler &amp; Beck solo utiliza la informaci\u00f3n proporcionada para fines de contacto. Consulte nuestra declaraci\u00f3n de protecci\u00f3n de datos para obtener m\u00e1s detalles.<\/span><\/label><\/span><\/span><\/span>\n\t<\/p>\n\t<p><span style=\"font-size: 10pt;\">*Campos requeridos<\/span>\n\t<\/p>\n<\/div>\n<div class=\"tiaro-button-wrapper tiaro-alignright\">\n\t<p><input class=\"wpcf7-form-control has-spinner wpcf7-submit\" type=\"submit\" value=\"ENVIAR PETICI\u00d3N\" \/>\n\t<\/p>\n<\/div>\n<p>&nbsp;\n<\/p><div class=\"tiaro-alert alert custom alert-custom tiaro-alert-center wpcf7-response-output alert-dismissable\" style=\"--awb-border-size:1px;\" role=\"alert\"><div class=\"tiaro-alert-content-wrapper\"><span class=\"tiaro-alert-content\"><\/span><\/div><button type=\"button\" class=\"close toggle-alert\" data-dismiss=\"alert\" aria-label=\"Close\">\u00d7<\/button><\/div>\n<input type=\"hidden\" name=\"trp-form-language\" value=\"es\"\/><\/form>\n<\/div>\n<\/p>\n<p><\/div><div class=\"modal-footer\"><button class=\"tiaro-button button-default button-medium button default medium\" type=\"button\" data-dismiss=\"modal\">Close<\/button><\/div><\/div><\/div><\/div>","protected":false},"excerpt":{"rendered":"<p>\u00d6LE, FETTE UND SCHMIERSTOFFE BECKER &#8211; \u00d6LE UND SCHMIERSTOFFE Becker \u00d6l Lube M100 \/ \u00d6l Lube M 100 (U-Pumpen) Becker \u00d6l Lube S100 \/ \u00d6l Lube S 100 (U-Pumpen) Becker \u00d6l Lube M320 \/ \u00d6l Lube M 320 (DKW, VPF, DVP, L\/V) Becker \u00d6l Lube SL100 Food \/ \u00d6l Lube SL 100 Food (U-Pumpen) Becker [&hellip;]<\/p>","protected":false},"author":1,"featured_media":0,"parent":2203,"menu_order":0,"comment_status":"closed","ping_status":"closed","template":"","meta":{"footnotes":""},"class_list":["post-5049","page","type-page","status-publish","hentry"],"acf":[],"_links":{"self":[{"href":"https:\/\/ehrler-beck.com\/es\/wp-json\/wp\/v2\/pages\/5049","targetHints":{"allow":["GET"]}}],"collection":[{"href":"https:\/\/ehrler-beck.com\/es\/wp-json\/wp\/v2\/pages"}],"about":[{"href":"https:\/\/ehrler-beck.com\/es\/wp-json\/wp\/v2\/types\/page"}],"author":[{"embeddable":true,"href":"https:\/\/ehrler-beck.com\/es\/wp-json\/wp\/v2\/users\/1"}],"replies":[{"embeddable":true,"href":"https:\/\/ehrler-beck.com\/es\/wp-json\/wp\/v2\/comments?post=5049"}],"version-history":[{"count":0,"href":"https:\/\/ehrler-beck.com\/es\/wp-json\/wp\/v2\/pages\/5049\/revisions"}],"up":[{"embeddable":true,"href":"https:\/\/ehrler-beck.com\/es\/wp-json\/wp\/v2\/pages\/2203"}],"wp:attachment":[{"href":"https:\/\/ehrler-beck.com\/es\/wp-json\/wp\/v2\/media?parent=5049"}],"curies":[{"name":"wp","href":"https:\/\/api.w.org\/{rel}","templated":true}]}}