{"id":48707,"date":"2021-02-21T10:09:20","date_gmt":"2021-02-21T09:09:20","guid":{"rendered":"https:\/\/ehrler-beck.com\/?page_id=48707"},"modified":"2021-02-24T09:47:58","modified_gmt":"2021-02-24T08:47:58","slug":"allgemeine-verkaufsbedingungen","status":"publish","type":"page","link":"https:\/\/ehrler-beck.com\/es\/condiciones-generales-de-venta","title":{"rendered":"Condiciones Generales de Venta \u2013 GTC"},"content":{"rendered":"<div class=\"tiaro-fullwidth fullwidth-box tiaro-builder-row-1 tiaro-flex-container nonhundred-percent-fullwidth non-hundred-percent-height-scrolling\" style=\"--awb-border-radius-top-left:0px;--awb-border-radius-top-right:0px;--awb-border-radius-bottom-right:0px;--awb-border-radius-bottom-left:0px;\" ><div class=\"tiaro-builder-row tiaro-row tiaro-flex-align-items-flex-start\" style=\"max-width:1404px;margin-left: calc(-4% \/ 2 );margin-right: calc(-4% \/ 2 );\"><div class=\"tiaro-layout-column tiaro_builder_column tiaro-builder-column-0 tiaro_builder_column_1_1 1_1 tiaro-flex-column legal-text\" style=\"--awb-bg-size:cover;--awb-width-large:100%;--awb-margin-top-large:0px;--awb-spacing-right-large:1.92%;--awb-margin-bottom-large:0px;--awb-spacing-left-large:1.92%;--awb-width-medium:100%;--awb-order-medium:0;--awb-spacing-right-medium:1.92%;--awb-spacing-left-medium:1.92%;--awb-width-small:100%;--awb-order-small:0;--awb-spacing-right-small:1.92%;--awb-spacing-left-small:1.92%;\" id=\"legal-text\"><div class=\"tiaro-column-wrapper tiaro-column-has-shadow tiaro-flex-justify-content-flex-start tiaro-content-layout-column\"><div class=\"tiaro-text tiaro-text-1\"><div class=\"tiaro-page-title-captions\">\n<h1 class=\"entry-title tiaro-responsive-typography-calculated\" data-fontsize=\"14\" data-lineheight=\"19.6px\">Condiciones generales de venta<\/h1>\n<\/div>\n<ol>\n<li style=\"font-weight: 400;\"><span style=\"font-weight: 400; font-size: 18px; color: #00b3a7;\">General\u00a0<\/span>\n<ol>\n<li style=\"font-weight: 400;\"><span style=\"font-weight: 400;\">Las siguientes condiciones se aplican a todas las entregas y servicios de Ehrler &amp; Beck GmbH (Ehrler &amp; Beck). Los t\u00e9rminos y condiciones generales del cliente no son v\u00e1lidos.\u00a0<\/span><\/li>\n<li style=\"font-weight: 400;\"><span style=\"font-weight: 400;\"><span style=\"font-weight: 400;\">En la medida en que no se establezca ninguna regulaci\u00f3n en estos t\u00e9rminos de venta, no se aplican los t\u00e9rminos y condiciones generales del cliente, sino la regulaci\u00f3n legal.<\/span><\/span><\/li>\n<\/ol>\n<\/li>\n<li style=\"font-weight: 400;\" aria-level=\"1\"><span style=\"font-weight: 400; font-size: 18px; color: #00b3a7;\">Confirmaci\u00f3n de oferta\/pedido\u00a0<\/span>\n<ol>\n<li style=\"font-weight: 400;\" aria-level=\"2\"><span style=\"font-weight: 400;\">A menos que se mencione expresamente un per\u00edodo vinculante, las ofertas de Ehrler &amp; Beck no son vinculantes y el contrato solo se concluye cuando Ehrler &amp; Beck confirma el pedido.<\/span><\/li>\n<li style=\"font-weight: 400;\" aria-level=\"2\"><span style=\"font-weight: 400;\"><span style=\"font-weight: 400;\">Los pedidos sin una oferta previa seg\u00fan la Secci\u00f3n 2.1 solo ser\u00e1n vinculantes para Ehrler &amp; Beck cuando Ehrler &amp; Beck confirme el pedido. Lo mismo se aplica si el cliente modifica una oferta de Ehrler &amp; Beck.<\/span><\/span><\/li>\n<\/ol>\n<\/li>\n<li style=\"font-weight: 400;\" aria-level=\"1\"><span style=\"font-weight: 400; font-size: 18px; color: #00b3a7;\">Documentos\u00a0<\/span>\n<ol>\n<li style=\"font-weight: 400;\" aria-level=\"2\"><span style=\"font-weight: 400;\">La informaci\u00f3n en cat\u00e1logos y folletos, as\u00ed como la informaci\u00f3n en los documentos pertenecientes a la oferta, son indicaciones y, como tales, no vinculantes a menos que se designen expresamente como vinculantes.\u00a0<\/span><\/li>\n<li style=\"font-weight: 400;\" aria-level=\"2\"><span style=\"font-weight: 400;\">En casos individuales, Ehrler &amp; Beck tiene derecho a realizar cambios constructivos y, en caso de escasez de materias primas, a utilizar otros materiales si no hay intereses destacados del cliente conocidos por Ehrler &amp; Beck que se opongan.\u00a0<\/span><\/li>\n<li style=\"font-weight: 400;\" aria-level=\"2\"><span style=\"font-weight: 400;\">Ehrler &amp; Beck se reserva el derecho de propiedad y los derechos de autor de todos los documentos puestos a disposici\u00f3n por Ehrler &amp; Beck; no pueden ser utilizados, duplicados o puestos a disposici\u00f3n de terceros para ning\u00fan otro fin que no sea el previsto por Ehrler &amp; Beck.\u00a0<\/span><\/li>\n<li style=\"font-weight: 400;\" aria-level=\"2\"><span style=\"font-weight: 400;\"><span style=\"font-weight: 400;\">Todos los documentos puestos a disposici\u00f3n por Ehrler &amp; Beck deben devolverse inmediatamente si se solicitan. No se requiere una solicitud de devoluci\u00f3n si el pedido no se realiza con Ehrler &amp; Beck.<\/span><\/span><\/li>\n<\/ol>\n<\/li>\n<li style=\"font-weight: 400;\" aria-level=\"1\"><span style=\"font-weight: 400; font-size: 18px; color: #00b3a7;\">Precios, embalaje, seguro\u00a0<\/span>\n<ol>\n<li style=\"font-weight: 400;\" aria-level=\"2\"><span style=\"font-weight: 400;\">Los precios son franco f\u00e1brica o planta de fabricaci\u00f3n (INCOTERMS 2020) excluyendo embalaje, instalaci\u00f3n y puesta en marcha. El embalaje se cobrar\u00e1 a precio de coste.\u00a0<\/span><\/li>\n<li style=\"font-weight: 400;\" aria-level=\"2\"><span style=\"font-weight: 400;\">Ehrler &amp; Beck tambi\u00e9n calcula los impuestos sobre las transacciones (impuesto sobre las ventas, etc.) de acuerdo con las disposiciones aplicables en el momento de la ejecuci\u00f3n del contrato.\u00a0<\/span><\/li>\n<li style=\"font-weight: 400;\" aria-level=\"2\"><span style=\"font-weight: 400;\"><span style=\"font-weight: 400;\">A menos que el cliente estipule expresamente lo contrario, Ehrler &amp; Beck asegurar\u00e1 la mercanc\u00eda solicitada contra los riesgos de transporte habituales, incluida la rotura, a cargo del cliente.<\/span><\/span><\/li>\n<\/ol>\n<\/li>\n<li style=\"font-weight: 400;\" aria-level=\"1\"><span style=\"font-weight: 400;\"><span style=\"font-size: 18px; color: #00b3a7;\">Instalaci\u00f3n y puesta en marcha<\/span> <\/span>\n<ol>\n<li style=\"font-weight: 400;\" aria-level=\"1\"><span style=\"font-weight: 400;\"><span style=\"font-weight: 400;\">En la medida en que deba llevarse a cabo el montaje, la supervisi\u00f3n del montaje o la puesta en servicio, tambi\u00e9n se aplican los t\u00e9rminos y condiciones correspondientes de Ehrler &amp; Beck, que est\u00e1n disponibles a pedido.<\/span><\/span><\/li>\n<\/ol>\n<\/li>\n<li style=\"font-weight: 400;\" aria-level=\"1\"><span style=\"font-weight: 400; font-size: 18px; color: #00b3a7;\">transferencia de riesgo\u00a0<\/span>\n<ol>\n<li style=\"font-weight: 400;\" aria-level=\"2\"><span style=\"font-weight: 400;\">El riesgo pasa al cliente de acuerdo con la cl\u00e1usula pactada (INCOTERMS 2020). Si no hay acuerdo, el riesgo pasa al primer transportista cuando se entrega el art\u00edculo de entrega Esto tambi\u00e9n se aplica a las entregas parciales o si Ehrler &amp; Beck ha asumido otros servicios.\u00a0<\/span><\/li>\n<li style=\"font-weight: 400;\" aria-level=\"2\"><span style=\"font-weight: 400;\"><span style=\"font-weight: 400;\">Si el env\u00edo se retrasa debido a circunstancias de las que Ehrler &amp; Beck no es responsable, el riesgo pasa al cliente al recibir la notificaci\u00f3n de que est\u00e1 listo para el env\u00edo.<\/span><\/span><\/li>\n<\/ol>\n<\/li>\n<li style=\"font-weight: 400;\" aria-level=\"1\"><span style=\"font-weight: 400; font-size: 18px; color: #00b3a7;\">fechas de entrega\u00a0<\/span>\n<ol>\n<li style=\"font-weight: 400;\" aria-level=\"2\"><span style=\"font-weight: 400;\">El plazo de entrega comienza el d\u00eda en que se han aclarado con el cliente todos los requisitos comerciales y t\u00e9cnicos para el cumplimiento del pedido, Ehrler &amp; Beck ha recibido los documentos que debe proporcionar el cliente, se han obtenido las aprobaciones y liberaciones necesarias. los anticipos emitidos y acordados se han hecho a una cuenta bancaria de Ehrler &amp; Beck se acreditan. El plazo de entrega se cumple si el art\u00edculo de entrega se ha entregado al primer transportista o si se ha informado al cliente de que la mercanc\u00eda est\u00e1 lista para su env\u00edo en el momento en que vence el plazo de entrega, siempre que el cliente haya cumplido con sus obligaciones contractuales. Las entregas parciales est\u00e1n permitidas en la medida de lo razonable. Los art\u00edculos entregados deben ser aceptados por el cliente, incluso si tienen defectos menores; los plazos de entrega se considerar\u00e1n cumplidos a este respecto.\u00a0<\/span><\/li>\n<li style=\"font-weight: 400;\" aria-level=\"2\"><span style=\"font-weight: 400;\"><span style=\"font-weight: 400;\">Si la entrega se retrasa debido a fuerza mayor, el plazo de entrega se ampliar\u00e1 de forma adecuada, pero no m\u00e1s de seis meses. La fuerza mayor incluye, por ejemplo, huelgas, cierres patronales, sabotaje, interrupciones operativas sin culpa propia, permisos oficiales que no se otorgaron o no se otorgaron a tiempo, y todos los dem\u00e1s eventos imprevistos.<\/span><\/span><\/li>\n<\/ol>\n<\/li>\n<li style=\"font-weight: 400;\" aria-level=\"1\"><span style=\"font-weight: 400; font-size: 18px; color: #00b3a7;\">condiciones de pago\u00a0<\/span>\n<ol>\n<li style=\"font-weight: 400;\" aria-level=\"2\"><span style=\"font-weight: 400;\">Los pagos deben realizarse dentro de los 30 d\u00edas posteriores a la facturaci\u00f3n, a menos que se indique lo contrario en la oferta\/confirmaci\u00f3n del pedido de Ehrler &amp; Beck. Las entregas parciales dan derecho al cliente a emitir factura por la parte correspondiente.\u00a0<\/span><\/li>\n<li style=\"font-weight: 400;\" aria-level=\"2\"><span style=\"font-weight: 400;\">Los pagos deben realizarse exclusivamente a una de las oficinas de pago de Ehrler &amp; Beck. Deben pagarse en la fecha de vencimiento libre de gastos de env\u00edo y sin deducciones; Los honorarios, gastos u otros costes en los que Ehrler &amp; Beck pueda incurrir como resultado de una aceptaci\u00f3n separada de letras de cambio o cheques correr\u00e1n a cargo del cliente. La fecha de la factura o la fecha de notificaci\u00f3n de disponibilidad para el env\u00edo es decisiva para determinar la fecha de vencimiento. Para pagos de todo tipo, la fecha de cumplimiento es el d\u00eda en que Ehrler &amp; Beck puede disponer del importe.\u00a0<\/span><\/li>\n<li style=\"font-weight: 400;\" aria-level=\"2\"><span style=\"font-weight: 400;\"><span style=\"font-weight: 400;\">La retenci\u00f3n de pagos debido a reconvenciones y la compensaci\u00f3n contra reconvenciones solo se permite si las reconvenciones no se disputan o se han establecido legalmente.<\/span><\/span><\/li>\n<\/ol>\n<\/li>\n<li style=\"font-weight: 400;\" aria-level=\"1\"><span style=\"font-weight: 400; font-size: 18px; color: #00b3a7;\">retencion de TITULO\u00a0<\/span>\n<ol>\n<li style=\"font-weight: 400;\" aria-level=\"2\"><span style=\"font-weight: 400;\">El art\u00edculo de entrega sigue siendo propiedad de Ehrler &amp; Beck hasta el pago total de todas las reclamaciones de cualquier tipo que surjan de la relaci\u00f3n comercial en el momento de la facturaci\u00f3n, incluidas las reclamaciones accesorias. La afirmaci\u00f3n de la reserva de propiedad y la incautaci\u00f3n del art\u00edculo de entrega por parte de Ehrler &amp; Beck no se consideran rescisi\u00f3n del contrato a menos que se aplique la Ley de Cr\u00e9dito al Consumidor. En la medida en que la validez de la reserva de dominio est\u00e9 vinculada a requisitos formales especiales u otros requisitos en el pa\u00eds del cliente, el cliente debe asegurarse de que se cumplan.\u00a0<\/span><\/li>\n<li style=\"font-weight: 400;\" aria-level=\"2\"><span style=\"font-weight: 400;\">El cliente tiene derecho a disponer del art\u00edculo de entrega en el curso ordinario de los negocios. Las reclamaciones que el cliente tenga durante el per\u00edodo de retenci\u00f3n de la titularidad de tal o una eliminaci\u00f3n no autorizada ya se asignan a Ehrler &amp; Beck. Sujeto a revocaci\u00f3n en cualquier momento, el cliente est\u00e1 autorizado a cobrar las reclamaciones.\u00a0<\/span><\/li>\n<li style=\"font-weight: 400;\" aria-level=\"2\"><span style=\"font-weight: 400;\">Ehrler &amp; Beck se compromete a liberar las garant\u00edas a las que tiene derecho a petici\u00f3n del cliente en la medida en que su valor supere las reclamaciones impagas que deben garantizarse en m\u00e1s de 20 %.\u00a0<\/span><\/li>\n<li style=\"font-weight: 400;\" aria-level=\"2\"><span style=\"font-weight: 400;\">El cliente se compromete a tratar y procesar el art\u00edculo de entrega para Ehrler &amp; Beck sin que Ehrler &amp; Beck incurra en ninguna obligaci\u00f3n como resultado. Si el art\u00edculo de entrega se procesa, conecta, mezcla o mezcla con art\u00edculos que no pertenecen a Ehrler &amp; Beck (\u00a7\u00a7 947 et seq. BGB), Ehrler &amp; Beck tiene una participaci\u00f3n de copropiedad en el nuevo art\u00edculo en la proporci\u00f3n del valor de el art\u00edculo de entrega a los otros bienes procesados en el momento del procesamiento, conexi\u00f3n, mezcla o mezcla. Si el cliente adquiere la propiedad exclusiva por ministerio de la ley, otorga a Ehrler &amp; Beck una parte de copropiedad correspondiente y mantiene el art\u00edculo seguro para Ehrler &amp; Beck. Las disposiciones del p\u00e1rr.\u00a0<\/span><\/li>\n<li style=\"font-weight: 400;\" aria-level=\"2\"><span style=\"font-weight: 400;\">En caso de embargos u otras intervenciones por parte de terceros, el cliente deber\u00e1 notificarlo inmediatamente a Ehrler &amp; Beck.\u00a0<\/span><\/li>\n<li style=\"font-weight: 400;\" aria-level=\"2\"><span style=\"font-weight: 400;\"><span style=\"font-weight: 400;\">Durante la reserva de propiedad, el cliente est\u00e1 obligado a asegurar adecuadamente el art\u00edculo de entrega contra robo, rotura, incendio y da\u00f1os por agua y proporcionar prueba de ello a Ehrler &amp; Beck si as\u00ed lo solicita. Si la prueba requerida no se presenta dentro de un per\u00edodo de tiempo razonable, Ehrler &amp; Beck puede asegurar el art\u00edculo de entrega a cargo del cliente.<\/span><\/span><\/li>\n<\/ol>\n<\/li>\n<li style=\"font-weight: 400;\" aria-level=\"1\"><span style=\"font-weight: 400; font-size: 18px; color: #00b3a7;\">garant\u00eda\u00a0<\/span>\n<ol>\n<li style=\"font-weight: 400;\" aria-level=\"2\"><span style=\"font-weight: 400;\">En caso de defectos en el art\u00edculo de entrega que se produzcan como resultado de circunstancias que ocurrieron antes de la transferencia del riesgo (por ejemplo, defectos de dise\u00f1o o materiales, falta de propiedades garantizadas), Ehrler &amp; Beck tiene derecho a subsanar el defecto o proporcionar una entrega de reemplazo en su propio criterio.\u00a0<\/span><\/li>\n<li style=\"font-weight: 400;\" aria-level=\"2\"><span style=\"font-weight: 400;\">Si la entrega de rectificaci\u00f3n o sustituci\u00f3n falla, el cliente puede exigir la cancelaci\u00f3n o reducci\u00f3n.\u00a0<\/span><\/li>\n<li style=\"font-weight: 400;\" aria-level=\"2\"><span style=\"font-weight: 400;\">Los defectos deben informarse dentro de las 3 semanas posteriores a la entrega. A diferencia de esto, los defectos que no son reconocibles incluso al examinar el art\u00edculo de entrega deben informarse inmediatamente despu\u00e9s de que se descubran. La reclamaci\u00f3n debe indicar qu\u00e9 defectos se encontraron y si estos se notaron inmediatamente o solo despu\u00e9s de que las piezas se hubieran procesado m\u00e1s. Ehrler &amp; Beck tiene derecho a que sus propios empleados verifiquen los defectos.\u00a0<\/span><\/li>\n<li style=\"font-weight: 400;\" aria-level=\"2\"><span style=\"font-weight: 400;\">Despu\u00e9s de consultar con Ehrler &amp; Beck, el cliente debe dar a Ehrler &amp; Beck el tiempo necesario y la aprobaci\u00f3n para llevar a cabo todas las reparaciones y entregas de reemplazo que Ehrler &amp; Beck considere necesarias; de lo contrario, Ehrler &amp; Beck no se responsabilizar\u00e1 por los defectos. Solo en casos urgentes que pongan en peligro la seguridad operativa y para evitar da\u00f1os desproporcionadamente grandes, en cuyo caso se debe informar inmediatamente a Ehrler &amp; Beck, o si Ehrler &amp; Beck no cumple con la subsanaci\u00f3n de un defecto, el cliente tiene derecho a subsanar la por s\u00ed mismo o a trav\u00e9s de terceros para que se eliminen y exigir el reembolso de los gastos necesarios a Ehrler &amp; Beck.\u00a0<\/span><\/li>\n<li style=\"font-weight: 400;\" aria-level=\"2\"><span style=\"font-weight: 400;\">En la medida en que la reclamaci\u00f3n resulte justificada y se haya presentado correctamente y en el plazo previsto, Ehrler &amp; Beck correr\u00e1 con los costes de la pieza de repuesto, pero no con los costes de env\u00edo ni con los costes de desmontaje e instalaci\u00f3n de la pieza defectuosa, de los costes directos incurridos como consecuencia de la reparaci\u00f3n o sustituci\u00f3n de la pieza de entrega. En caso contrario, el cliente corre con los gastos.\u00a0<\/span><\/li>\n<li style=\"font-weight: 400;\" aria-level=\"2\"><span style=\"font-weight: 400;\">El plazo de prescripci\u00f3n de las reclamaciones por defectos en el objeto de entrega es de 12 meses desde la entrega o desde el almacenamiento. Se prorroga por la duraci\u00f3n de la interrupci\u00f3n en el uso productivo del objeto de entrega causada por trabajos de rectificaci\u00f3n.\u00a0<\/span><\/li>\n<li style=\"font-weight: 400;\" aria-level=\"2\"><span style=\"font-weight: 400;\">Las reclamaciones de garant\u00eda con respecto a la pieza de repuesto y la subsiguiente mejora prescribir\u00e1n despu\u00e9s de 3 meses, pero no antes de la expiraci\u00f3n del plazo de prescripci\u00f3n del objeto de suministro.<\/span><\/li>\n<li style=\"font-weight: 400;\" aria-level=\"2\"><span style=\"font-weight: 400;\"><span style=\"font-weight: 400;\">Para el resto, se aplica la Secci\u00f3n 12.2.<\/span><\/span><\/li>\n<\/ol>\n<\/li>\n<li style=\"font-weight: 400;\" aria-level=\"1\"><span style=\"font-weight: 400; font-size: 18px; color: #00b3a7;\">Responsabilidad por infracci\u00f3n de derechos de propiedad\u00a0<\/span>\n<ol>\n<li style=\"font-weight: 400;\" aria-level=\"2\"><span style=\"font-weight: 400;\">Si Ehrler &amp; Beck no da ning\u00fan aviso especial, el art\u00edculo de entrega est\u00e1 libre de derechos de propiedad de terceros seg\u00fan su conocimiento del estado de la t\u00e9cnica en la Rep\u00fablica Federal de Alemania. En caso de que el art\u00edculo de entrega o una parte del mismo infrinja, no obstante, un derecho de propiedad que ya haya sido concedido y publicado en la Rep\u00fablica Federal de Alemania o, si el art\u00edculo de entrega incluye expresamente un derecho procesal espec\u00edfico, un derecho procesal correspondiente en el momento de la celebraci\u00f3n del contrato , y por lo tanto se han iniciado procedimientos judiciales contra el cliente, esto lo har\u00e1 Ehrler &amp; Beck, a su cargo y a su propia discreci\u00f3n, dentro de un per\u00edodo de tiempo razonable, ya sea otorgando al cliente el derecho a continuar us\u00e1ndolo o modificando el art\u00edculo de entrega o la parte correspondiente o el proceso de tal manera que los derechos de terceros ya no se violen, o rescindir el contrato. Ehrler &amp; Beck no asume ninguna otra responsabilidad, en particular por procesos, aplicaciones, productos, etc.\u00a0<\/span><\/li>\n<li style=\"font-weight: 400;\" aria-level=\"2\"><span style=\"font-weight: 400;\">Si los dibujos o la informaci\u00f3n proporcionada por el cliente infringen los derechos de propiedad de terceros, el cliente es responsable de la infracci\u00f3n e indemniza a Ehrler &amp; Beck en caso de reclamaci\u00f3n.<br \/>\n<\/span><\/li>\n<\/ol>\n<\/li>\n<li style=\"font-weight: 400;\" aria-level=\"1\"><span style=\"font-weight: 400; font-size: 18px; color: #00b3a7;\">Otra responsabilidad de Ehrler &amp; Beck; Derecho del cliente a desistir\u00a0<\/span>\n<ol>\n<li style=\"font-weight: 400;\" aria-level=\"2\"><span style=\"font-weight: 400;\">Si el cliente sufre da\u00f1os como resultado de la demora de Ehrler &amp; Beck, tiene derecho a exigir una compensaci\u00f3n por la demora. Esto asciende a 0,5 % por cada semana completa de retraso, pero en total no m\u00e1s de 5 % del valor de la parte de la entrega total que no se puede utilizar a tiempo o de conformidad con el contrato como resultado del retraso.\u00a0<\/span><\/li>\n<li style=\"font-weight: 400;\" aria-level=\"2\"><span style=\"font-weight: 400;\">Quedan excluidas otras reclamaciones y reclamaciones distintas de las expresamente mencionadas en estas condiciones, por cualquier motivo legal, en particular por lucro cesante y da\u00f1os emergentes causados por defectos, a menos que se deban a dolo, negligencia grave, incumplimiento de obligaciones contractuales esenciales o de acuerdo con la Ley de responsabilidad del producto por lesiones personales y da\u00f1os a art\u00edculos de uso privado o en ausencia de propiedades expresamente garantizadas, si el objetivo de la garant\u00eda es proteger al cliente contra da\u00f1os que no se produjeron en el art\u00edculo de entrega en s\u00ed, la responsabilidad es obligatoria.\u00a0<\/span><\/li>\n<li style=\"font-weight: 400;\" aria-level=\"2\"><span style=\"font-weight: 400;\"><span style=\"font-weight: 400;\">El derecho legal de desistimiento del cliente en caso de retraso o imposibilidad no se ver\u00e1 afectado.<\/span><\/span><\/li>\n<\/ol>\n<\/li>\n<li style=\"font-weight: 400;\" aria-level=\"1\"><span style=\"font-weight: 400; font-size: 18px; color: #00b3a7;\">Lugar de cumplimiento, lugar de jurisdicci\u00f3n, ley aplicable\u00a0<\/span>\n<ol>\n<li style=\"font-weight: 400;\" aria-level=\"2\"><span style=\"font-weight: 400;\">El lugar de cumplimiento es Renningen y el lugar de jurisdicci\u00f3n es Leonberg. Ehrler &amp; Beck tambi\u00e9n tiene derecho a demandar en el domicilio social del cliente.\u00a0<\/span><\/li>\n<li style=\"font-weight: 400;\" aria-level=\"2\"><span style=\"font-weight: 400;\">La ley de la Rep\u00fablica Federal de Alemania tambi\u00e9n se aplica a todos los acuerdos contractuales. Se excluye la aplicaci\u00f3n de la ley uniforme de compraventa de las Naciones Unidas (CISG), as\u00ed como el conflicto de leyes internacional y alem\u00e1n para contratos con relaciones extranjeras. Nota de acuerdo con la Ley Federal de Protecci\u00f3n de Datos Se se\u00f1ala que Ehrler &amp; Beck ha almacenado los datos del cliente y que estos datos est\u00e1n siendo procesados.<\/span><\/li>\n<\/ol>\n<\/li>\n<\/ol>\n<\/div><\/div><\/div><\/div><\/div>","protected":false},"excerpt":{"rendered":"","protected":false},"author":1,"featured_media":0,"parent":0,"menu_order":0,"comment_status":"closed","ping_status":"closed","template":"","meta":{"footnotes":""},"class_list":["post-48707","page","type-page","status-publish","hentry"],"acf":[],"_links":{"self":[{"href":"https:\/\/ehrler-beck.com\/es\/wp-json\/wp\/v2\/pages\/48707","targetHints":{"allow":["GET"]}}],"collection":[{"href":"https:\/\/ehrler-beck.com\/es\/wp-json\/wp\/v2\/pages"}],"about":[{"href":"https:\/\/ehrler-beck.com\/es\/wp-json\/wp\/v2\/types\/page"}],"author":[{"embeddable":true,"href":"https:\/\/ehrler-beck.com\/es\/wp-json\/wp\/v2\/users\/1"}],"replies":[{"embeddable":true,"href":"https:\/\/ehrler-beck.com\/es\/wp-json\/wp\/v2\/comments?post=48707"}],"version-history":[{"count":11,"href":"https:\/\/ehrler-beck.com\/es\/wp-json\/wp\/v2\/pages\/48707\/revisions"}],"predecessor-version":[{"id":69706,"href":"https:\/\/ehrler-beck.com\/es\/wp-json\/wp\/v2\/pages\/48707\/revisions\/69706"}],"wp:attachment":[{"href":"https:\/\/ehrler-beck.com\/es\/wp-json\/wp\/v2\/media?parent=48707"}],"curies":[{"name":"wp","href":"https:\/\/api.w.org\/{rel}","templated":true}]}}