{"id":288,"date":"2017-07-13T09:36:56","date_gmt":"2017-07-13T07:36:56","guid":{"rendered":"http:\/\/ehrler-beck.com\/screw-compressors"},"modified":"2017-12-15T10:15:44","modified_gmt":"2017-12-15T09:15:44","slug":"schrauben-kompressoren","status":"publish","type":"page","link":"https:\/\/ehrler-beck.com\/es\/tecnologias\/tecnologias-de-compresores\/compresores-de-tornillo","title":{"rendered":"compresores de tornillo"},"content":{"rendered":"<p><div class=\"tiaro-fullwidth fullwidth-box tiaro-builder-row-1 tiaro-flex-container nonhundred-percent-fullwidth non-hundred-percent-height-scrolling\" style=\"--awb-background-position:left center;--awb-border-radius-top-left:0px;--awb-border-radius-top-right:0px;--awb-border-radius-bottom-right:0px;--awb-border-radius-bottom-left:0px;--awb-background-color:rgba(255,255,255,0);\" ><div class=\"tiaro-builder-row tiaro-row tiaro-flex-align-items-flex-start\" style=\"max-width:1404px;margin-left: calc(-4% \/ 2 );margin-right: calc(-4% \/ 2 );\"><div class=\"tiaro-layout-column tiaro_builder_column tiaro-builder-column-0 tiaro_builder_column_5_6 5_6 tiaro-flex-column\" style=\"--awb-bg-size:cover;--awb-width-large:83.333333333333%;--awb-margin-top-large:0px;--awb-spacing-right-large:3.84%;--awb-margin-bottom-large:5px;--awb-spacing-left-large:2.304%;--awb-width-medium:83.333333333333%;--awb-spacing-right-medium:3.84%;--awb-spacing-left-medium:2.304%;--awb-width-small:100%;--awb-spacing-right-small:1.92%;--awb-spacing-left-small:1.92%;\"><div class=\"tiaro-column-wrapper tiaro-flex-justify-content-flex-start tiaro-content-layout-column\"><div class=\"tiaro-text tiaro-text-1\"><h1>COMPRESORES DE TORNILLO<\/h1>\n<\/div><\/div><\/div><div class=\"tiaro-layout-column tiaro_builder_column tiaro-builder-column-1 tiaro_builder_column_1_6 1_6 tiaro-flex-column\" style=\"--awb-bg-size:cover;--awb-width-large:16.666666666667%;--awb-margin-top-large:0px;--awb-spacing-right-large:11.52%;--awb-margin-bottom-large:5px;--awb-spacing-left-large:3.84%;--awb-width-medium:16.666666666667%;--awb-spacing-right-medium:11.52%;--awb-spacing-left-medium:3.84%;--awb-width-small:100%;--awb-spacing-right-small:1.92%;--awb-spacing-left-small:1.92%;\"><div class=\"tiaro-column-wrapper tiaro-flex-justify-content-center tiaro-content-layout-column\"><div class=\"tiaro-image-element tiaro-no-small-visibility\" style=\"text-align:center;--awb-caption-title-font-family:var(--h2_typography-font-family);--awb-caption-title-font-weight:var(--h2_typography-font-weight);--awb-caption-title-font-style:var(--h2_typography-font-style);--awb-caption-title-size:var(--h2_typography-font-size);--awb-caption-title-transform:var(--h2_typography-text-transform);--awb-caption-title-line-height:var(--h2_typography-line-height);--awb-caption-title-letter-spacing:var(--h2_typography-letter-spacing);\"><span class=\"tiaro-imageframe imageframe-none imageframe-1 hover-type-none tiaro-no-small-visibility\"><img decoding=\"async\" width=\"100\" height=\"100\" title=\"Icono de tecnolog\u00eda de tornillo\" src=\"data:image\/svg+xml,%3Csvg%20xmlns%3D%27http%3A%2F%2Fwww.w3.org%2F2000%2Fsvg%27%20width%3D%27100%27%20height%3D%27100%27%20viewBox%3D%270%200%20100%20100%27%3E%3Crect%20width%3D%27100%27%20height%3D%27100%27%20fill-opacity%3D%220%22%2F%3E%3C%2Fsvg%3E\" data-orig-src=\"https:\/\/ehrler-beck.com\/wp-content\/uploads\/2017\/07\/Screw-Technology-Icon.png\" alt class=\"lazyload img-responsive wp-image-49\"\/><\/span><\/div><\/div><\/div><div class=\"tiaro-layout-column tiaro_builder_column tiaro-builder-column-2 tiaro_builder_column_1_1 1_1 tiaro-flex-column\" style=\"--awb-bg-color:rgba(255,255,255,0);--awb-bg-position:center center;--awb-bg-size:cover;--awb-width-large:100%;--awb-margin-top-large:0px;--awb-spacing-right-large:1.92%;--awb-margin-bottom-large:5px;--awb-spacing-left-large:1.92%;--awb-width-medium:100%;--awb-spacing-right-medium:1.92%;--awb-spacing-left-medium:1.92%;--awb-width-small:100%;--awb-spacing-right-small:1.92%;--awb-spacing-left-small:1.92%;\"><div class=\"tiaro-column-wrapper tiaro-flex-justify-content-flex-start tiaro-content-layout-column\"><div class=\"tiaro-text tiaro-text-2\"><p><span class=\"intro-text\">Los compresores de tornillo vienen lubricados con aceite o sin aceite, y enfriados por aire o agua. En cualquier caso, estos compresores ofrecen fiabilidad, funcionamiento eficiente y un mantenimiento extremadamente sencillo. La mayor\u00eda de los modelos vienen con un convertidor de frecuencia integrado. Durante el \u00faltimo a\u00f1o, los compresores de tornillo han evolucionado y ofrecen niveles de ruido m\u00e1s bajos y requisitos de energ\u00eda m\u00e1s bajos que nunca. Estas m\u00e1quinas robustas forman la columna vertebral de la industria. Los compresores de tornillo de la serie BLUEKAT de BOGE le permiten producir aire comprimido sin aceite de clase 0 y tambi\u00e9n le ahorran la molestia de eliminar el condensado.<\/span><\/p>\n<\/div><div class=\"tiaro-separator tiaro-full-width-sep\" style=\"align-self: center;margin-left: auto;margin-right: auto;width:100%;\"><div class=\"tiaro-separator-border sep-shadow\" style=\"--awb-height:20px;--awb-amount:20px;--awb-sep-color:#00b3a7;background:radial-gradient(ellipse at 50% -50% , #00b3a7 0px, rgba(255, 255, 255, 0) 80%) repeat scroll 0 0 rgba(0, 0, 0, 0);background:-webkit-radial-gradient(ellipse at 50% -50% , #00b3a7 0px, rgba(255, 255, 255, 0) 80%) repeat scroll 0 0 rgba(0, 0, 0, 0);background:-moz-radial-gradient(ellipse at 50% -50% , #00b3a7 0px, rgba(255, 255, 255, 0) 80%) repeat scroll 0 0 rgba(0, 0, 0, 0);background:-o-radial-gradient(ellipse at 50% -50% , #00b3a7 0px, rgba(255, 255, 255, 0) 80%) repeat scroll 0 0 rgba(0, 0, 0, 0);\"><\/div><\/div><\/div><\/div><\/div><\/div><div class=\"tiaro-fullwidth fullwidth-box tiaro-builder-row-2 tiaro-flex-container nonhundred-percent-fullwidth non-hundred-percent-height-scrolling\" style=\"--awb-border-radius-top-left:0px;--awb-border-radius-top-right:0px;--awb-border-radius-bottom-right:0px;--awb-border-radius-bottom-left:0px;\" ><div class=\"tiaro-builder-row tiaro-row tiaro-flex-align-items-flex-start\" style=\"max-width:1404px;margin-left: calc(-4% \/ 2 );margin-right: calc(-4% \/ 2 );\"><div class=\"tiaro-layout-column tiaro_builder_column tiaro-builder-column-3 tiaro_builder_column_1_1 1_1 tiaro-flex-column\" style=\"--awb-bg-color:#ffffff;--awb-bg-size:cover;--awb-width-large:100%;--awb-margin-top-large:0px;--awb-spacing-right-large:1.92%;--awb-margin-bottom-large:5px;--awb-spacing-left-large:1.92%;--awb-width-medium:100%;--awb-spacing-right-medium:1.92%;--awb-spacing-left-medium:1.92%;--awb-width-small:100%;--awb-spacing-right-small:1.92%;--awb-spacing-left-small:1.92%;\"><div class=\"tiaro-column-wrapper tiaro-flex-justify-content-flex-start tiaro-content-layout-column\"><div class=\"tiaro-text tiaro-text-3\"><h3>principio de operaci\u00f3n<\/h3>\n<\/div><\/div><\/div><div class=\"tiaro-layout-column tiaro_builder_column tiaro-builder-column-4 tiaro_builder_column_1_3 1_3 tiaro-flex-column\" style=\"--awb-bg-size:cover;--awb-width-large:33.333333333333%;--awb-margin-top-large:0px;--awb-spacing-right-large:3.8399999999999%;--awb-margin-bottom-large:5px;--awb-spacing-left-large:5.76%;--awb-width-medium:33.333333333333%;--awb-spacing-right-medium:3.8399999999999%;--awb-spacing-left-medium:5.76%;--awb-width-small:100%;--awb-spacing-right-small:1.92%;--awb-spacing-left-small:1.92%;\"><div class=\"tiaro-column-wrapper tiaro-flex-justify-content-flex-start tiaro-content-layout-column\"><a class=\"awb-lightbox awb-lightbox-1\" href=\"https:\/\/ehrler-beck.com\/wp-content\/uploads\/2017\/07\/Screw-Pump-Operating-Principle.jpg\" data-caption=\"Generalisiertes und vereinfachtes Diagramm\" data-rel=\"iLightbox\"><img class=\"lazyload\" decoding=\"async\" src=\"data:image\/svg+xml,%3Csvg%20xmlns%3D%27http%3A%2F%2Fwww.w3.org%2F2000%2Fsvg%27%20width%3D%27300%27%20height%3D%27211%27%20viewBox%3D%270%200%20300%20211%27%3E%3Crect%20width%3D%27300%27%20height%3D%27211%27%20fill-opacity%3D%220%22%2F%3E%3C%2Fsvg%3E\" data-orig-src=\"https:\/\/ehrler-beck.com\/wp-content\/uploads\/2017\/07\/Screw-Pump-Operating-Principle-300x211.jpg\"><\/a><\/div><\/div><div class=\"tiaro-layout-column tiaro_builder_column tiaro-builder-column-5 tiaro_builder_column_2_3 2_3 tiaro-flex-column\" style=\"--awb-bg-color:#ffffff;--awb-bg-size:cover;--awb-width-large:66.666666666667%;--awb-margin-top-large:0px;--awb-spacing-right-large:2.88%;--awb-margin-bottom-large:5px;--awb-spacing-left-large:3.84%;--awb-width-medium:66.666666666667%;--awb-spacing-right-medium:2.88%;--awb-spacing-left-medium:3.84%;--awb-width-small:100%;--awb-spacing-right-small:1.92%;--awb-spacing-left-small:1.92%;\"><div class=\"tiaro-column-wrapper tiaro-flex-justify-content-flex-start tiaro-content-layout-column\"><div class=\"tiaro-text tiaro-text-4\"><p><span style=\"font-size: 10pt;\">Dentro de la carcasa de la bomba, sin contacto y con espacios muy estrechos, giran dos rotores helicoidales paralelos (<span class=\"color-primary\">LEJOS<\/span>) en la direcci\u00f3n opuesta. La rotaci\u00f3n est\u00e1 controlada por un engranaje de precisi\u00f3n (<span class=\"color-primary\">D<\/span>) sincronizado. Un rotor de tornillo tiene una rosca a la izquierda, otro tiene una rosca a la derecha. c\u00e1maras de compresi\u00f3n (<span class=\"color-primary\">mi<\/span>) est\u00e1n formados con la carcasa del compresor por la forma especial de los rotores de tornillo. Debido a la rotaci\u00f3n opuesta de los dos tornillos, el que tiene la conexi\u00f3n de succi\u00f3n (<span class=\"color-primary\">GRAMO<\/span>) aumenta la c\u00e1mara conectada y transporta el gas a la c\u00e1mara de compresi\u00f3n. La flecha indica el desplazamiento axial de las c\u00e1maras en la carcasa. En el lado de presi\u00f3n, la c\u00e1mara se empuja contra la pared de la carcasa axial y el volumen se reduce hasta que la cara del tornillo abre el canal de presi\u00f3n y el gas precomprimido fluye a trav\u00e9s del puerto de presi\u00f3n (<span class=\"color-primary\">F<\/span>) se descarga. El enfriamiento es proporcionado por c\u00e1maras de agua (<span class=\"color-primary\">H<\/span>), gas refrigerante adicional y m\u00e9todos similares, seg\u00fan el fabricante y el tama\u00f1o de la bomba.<\/span><br \/>\n<span style=\"font-size: 8pt;\">* Esta descripci\u00f3n no refleja el enfoque de la tecnolog\u00eda de cada fabricante, pero representa una descripci\u00f3n general que intenta incluir el principio operativo b\u00e1sico.<\/span><\/p>\n<\/div><\/div><\/div><\/div><\/div><div class=\"tiaro-fullwidth fullwidth-box tiaro-builder-row-3 tiaro-flex-container hundred-percent-fullwidth non-hundred-percent-height-scrolling\" style=\"--awb-border-radius-top-left:0px;--awb-border-radius-top-right:0px;--awb-border-radius-bottom-right:0px;--awb-border-radius-bottom-left:0px;--awb-padding-right:0px;--awb-padding-left:0px;\" ><div class=\"tiaro-builder-row tiaro-row tiaro-flex-align-items-stretch\" style=\"width:calc( 100% + 0px ) !important;max-width:calc( 100% + 0px ) !important;margin-left: calc(-0px \/ 2 );margin-right: calc(-0px \/ 2 );\"><div class=\"tiaro-layout-column tiaro_builder_column tiaro-builder-column-6 tiaro_builder_column_1_1 1_1 tiaro-flex-column\" style=\"--awb-bg-color:#efefef;--awb-bg-size:cover;--awb-width-large:100%;--awb-margin-top-large:0px;--awb-spacing-right-large:0px;--awb-margin-bottom-large:0px;--awb-spacing-left-large:0px;--awb-width-medium:100%;--awb-spacing-right-medium:0px;--awb-spacing-left-medium:0px;--awb-width-small:100%;--awb-spacing-right-small:0px;--awb-spacing-left-small:0px;\"><div class=\"tiaro-column-wrapper tiaro-flex-justify-content-center tiaro-content-layout-column\"><div class=\"tiaro-text tiaro-text-5\"><h3 style=\"text-align: center;\">OFRECEMOS COMPRESORES DE TORNILLO BOGE DE ALTA CALIDAD<\/h3>\n<\/div><\/div><\/div><\/div><\/div><div class=\"tiaro-fullwidth fullwidth-box tiaro-builder-row-4 tiaro-flex-container nonhundred-percent-fullwidth non-hundred-percent-height-scrolling\" style=\"--awb-border-radius-top-left:0px;--awb-border-radius-top-right:0px;--awb-border-radius-bottom-right:0px;--awb-border-radius-bottom-left:0px;\" ><div class=\"tiaro-builder-row tiaro-row tiaro-flex-align-items-flex-start\" style=\"max-width:calc( 1350px + 0px );margin-left: calc(-0px \/ 2 );margin-right: calc(-0px \/ 2 );\"><div class=\"tiaro-layout-column tiaro_builder_column tiaro-builder-column-7 tiaro_builder_column_1_1 1_1 tiaro-flex-column\" style=\"--awb-bg-size:cover;--awb-width-large:100%;--awb-margin-top-large:0px;--awb-spacing-right-large:0px;--awb-margin-bottom-large:5px;--awb-spacing-left-large:0px;--awb-width-medium:100%;--awb-spacing-right-medium:0px;--awb-spacing-left-medium:0px;--awb-width-small:100%;--awb-spacing-right-small:0px;--awb-spacing-left-small:0px;\"><div class=\"tiaro-column-wrapper tiaro-flex-justify-content-flex-start tiaro-content-layout-column\">[tiaro_products_slider picture_size=&quot;fijo&quot; cat_slug=&quot;c-series&quot; number_posts=&quot;200\u2033 carousel_layout=&quot;title_below_image&quot; autoplay=&quot;s\u00ed&quot; columnas=&quot;5\u2033 column_spacing=&quot;&quot; scroll_items=&quot;&quot; show_nav=&quot;s\u00ed&quot; mouse_scroll=&quot; &quot; no\u201d show_cats=\u201dno\u201d show_price=\u201dno\u201d show_buttons=\u201ds\u00ed\u201d hide_on_mobile=\u201dvisibilidad peque\u00f1a, visibilidad media, visibilidad grande\u201d class=\u201d\u201d id=\u201d\u201d \/]<\/div><\/div><\/div><\/div><\/p>","protected":false},"excerpt":{"rendered":"","protected":false},"author":1,"featured_media":0,"parent":250,"menu_order":0,"comment_status":"closed","ping_status":"closed","template":"100-width.php","meta":{"footnotes":""},"class_list":["post-288","page","type-page","status-publish","hentry"],"acf":[],"_links":{"self":[{"href":"https:\/\/ehrler-beck.com\/es\/wp-json\/wp\/v2\/pages\/288","targetHints":{"allow":["GET"]}}],"collection":[{"href":"https:\/\/ehrler-beck.com\/es\/wp-json\/wp\/v2\/pages"}],"about":[{"href":"https:\/\/ehrler-beck.com\/es\/wp-json\/wp\/v2\/types\/page"}],"author":[{"embeddable":true,"href":"https:\/\/ehrler-beck.com\/es\/wp-json\/wp\/v2\/users\/1"}],"replies":[{"embeddable":true,"href":"https:\/\/ehrler-beck.com\/es\/wp-json\/wp\/v2\/comments?post=288"}],"version-history":[{"count":0,"href":"https:\/\/ehrler-beck.com\/es\/wp-json\/wp\/v2\/pages\/288\/revisions"}],"up":[{"embeddable":true,"href":"https:\/\/ehrler-beck.com\/es\/wp-json\/wp\/v2\/pages\/250"}],"wp:attachment":[{"href":"https:\/\/ehrler-beck.com\/es\/wp-json\/wp\/v2\/media?parent=288"}],"curies":[{"name":"wp","href":"https:\/\/api.w.org\/{rel}","templated":true}]}}