{"id":203,"date":"2017-07-12T09:59:17","date_gmt":"2017-07-12T07:59:17","guid":{"rendered":"http:\/\/ehrler-beck.com\/technologien\/vakuumpumpentechnologien\/flussigkeitsring-vakuumpumpen"},"modified":"2022-08-15T18:26:56","modified_gmt":"2022-08-15T16:26:56","slug":"flussigkeitsring-vakuumpumpen","status":"publish","type":"page","link":"https:\/\/ehrler-beck.com\/es\/tecnologias\/tecnologias-de-bombas-de-vacio\/bombas-de-vacio-de-anillo-liquido-2","title":{"rendered":"bombas de vac\u00edo de anillo l\u00edquido"},"content":{"rendered":"<p><div class=\"tiaro-fullwidth fullwidth-box tiaro-builder-row-1 tiaro-flex-container nonhundred-percent-fullwidth non-hundred-percent-height-scrolling\" style=\"--awb-background-position:left center;--awb-border-radius-top-left:0px;--awb-border-radius-top-right:0px;--awb-border-radius-bottom-right:0px;--awb-border-radius-bottom-left:0px;--awb-background-color:rgba(255,255,255,0);\" ><div class=\"tiaro-builder-row tiaro-row tiaro-flex-align-items-flex-start\" style=\"max-width:1404px;margin-left: calc(-4% \/ 2 );margin-right: calc(-4% \/ 2 );\"><div class=\"tiaro-layout-column tiaro_builder_column tiaro-builder-column-0 tiaro_builder_column_5_6 5_6 tiaro-flex-column\" style=\"--awb-bg-size:cover;--awb-width-large:83.333333333333%;--awb-margin-top-large:0px;--awb-spacing-right-large:2.304%;--awb-margin-bottom-large:5px;--awb-spacing-left-large:2.304%;--awb-width-medium:83.333333333333%;--awb-spacing-right-medium:2.304%;--awb-spacing-left-medium:2.304%;--awb-width-small:100%;--awb-spacing-right-small:1.92%;--awb-spacing-left-small:1.92%;\"><div class=\"tiaro-column-wrapper tiaro-flex-justify-content-flex-start tiaro-content-layout-column\"><div class=\"tiaro-text tiaro-text-1\"><h1>BOMBAS DE VAC\u00cdO DE ANILLO L\u00cdQUIDO<\/h1>\n<\/div><\/div><\/div><div class=\"tiaro-layout-column tiaro_builder_column tiaro-builder-column-1 tiaro_builder_column_1_6 1_6 tiaro-flex-column\" style=\"--awb-bg-size:cover;--awb-width-large:16.666666666667%;--awb-margin-top-large:0px;--awb-spacing-right-large:11.52%;--awb-margin-bottom-large:5px;--awb-spacing-left-large:11.52%;--awb-width-medium:16.666666666667%;--awb-spacing-right-medium:11.52%;--awb-spacing-left-medium:11.52%;--awb-width-small:100%;--awb-spacing-right-small:1.92%;--awb-spacing-left-small:1.92%;\"><div class=\"tiaro-column-wrapper tiaro-flex-justify-content-center tiaro-content-layout-column\"><div class=\"tiaro-image-element tiaro-no-small-visibility\" style=\"text-align:center;--awb-caption-title-font-family:var(--h2_typography-font-family);--awb-caption-title-font-weight:var(--h2_typography-font-weight);--awb-caption-title-font-style:var(--h2_typography-font-style);--awb-caption-title-size:var(--h2_typography-font-size);--awb-caption-title-transform:var(--h2_typography-text-transform);--awb-caption-title-line-height:var(--h2_typography-line-height);--awb-caption-title-letter-spacing:var(--h2_typography-letter-spacing);\"><span class=\"tiaro-imageframe imageframe-none imageframe-1 hover-type-none tiaro-no-small-visibility\"><img decoding=\"async\" width=\"100\" height=\"100\" title=\"Icono de tecnolog\u00eda de anillo l\u00edquido\" src=\"data:image\/svg+xml,%3Csvg%20xmlns%3D%27http%3A%2F%2Fwww.w3.org%2F2000%2Fsvg%27%20width%3D%27100%27%20height%3D%27100%27%20viewBox%3D%270%200%20100%20100%27%3E%3Crect%20width%3D%27100%27%20height%3D%27100%27%20fill-opacity%3D%220%22%2F%3E%3C%2Fsvg%3E\" data-orig-src=\"https:\/\/ehrler-beck.com\/wp-content\/uploads\/2017\/07\/Liquid-Ring-Technology-Icon.png\" alt class=\"lazyload img-responsive wp-image-56\"\/><\/span><\/div><\/div><\/div><div class=\"tiaro-layout-column tiaro_builder_column tiaro-builder-column-2 tiaro_builder_column_1_1 1_1 tiaro-flex-column\" style=\"--awb-bg-color:rgba(255,255,255,0);--awb-bg-position:center center;--awb-bg-size:cover;--awb-width-large:100%;--awb-margin-top-large:0px;--awb-spacing-right-large:1.92%;--awb-margin-bottom-large:5px;--awb-spacing-left-large:1.92%;--awb-width-medium:100%;--awb-spacing-right-medium:1.92%;--awb-spacing-left-medium:1.92%;--awb-width-small:100%;--awb-spacing-right-small:1.92%;--awb-spacing-left-small:1.92%;\"><div class=\"tiaro-column-wrapper tiaro-flex-justify-content-flex-start tiaro-content-layout-column\"><div class=\"tiaro-text tiaro-text-2\"><p><span class=\"intro-text\">Las bombas de vac\u00edo de anillo l\u00edquido se utilizan principalmente en procesos h\u00famedos y h\u00famedos debido al uso de materiales de alta calidad como el acero inoxidable y la cer\u00e1mica. Adem\u00e1s, esto asegura una funcionalidad constante y propiedades de funcionamiento. Estas bombas de vac\u00edo son m\u00e1s confiables que las bombas modulares y reducen significativamente los costos operativos.<\/span><\/p>\n<\/div><\/div><\/div><\/div><\/div><div class=\"tiaro-fullwidth fullwidth-box tiaro-builder-row-2 tiaro-flex-container tiaro-parallax-none nonhundred-percent-fullwidth non-hundred-percent-height-scrolling tiaro-no-small-visibility lazyload\" style=\"--awb-border-radius-top-left:0px;--awb-border-radius-top-right:0px;--awb-border-radius-bottom-right:0px;--awb-border-radius-bottom-left:0px;--awb-background-size:cover;\" data-bg=\"https:\/\/ehrler-beck.com\/wp-content\/uploads\/2017\/07\/Liquid-Ring-Vacuum-Pump-Tehcnology-Background.jpg\" ><div class=\"tiaro-builder-row tiaro-row tiaro-flex-align-items-flex-start\" style=\"max-width:1404px;margin-left: calc(-4% \/ 2 );margin-right: calc(-4% \/ 2 );\"><div class=\"tiaro-layout-column tiaro_builder_column tiaro-builder-column-3 tiaro_builder_column_1_4 1_4 tiaro-flex-column\" style=\"--awb-bg-size:cover;--awb-width-large:25%;--awb-margin-top-large:0px;--awb-spacing-right-large:7.68%;--awb-margin-bottom-large:5px;--awb-spacing-left-large:7.68%;--awb-width-medium:25%;--awb-spacing-right-medium:7.68%;--awb-spacing-left-medium:7.68%;--awb-width-small:100%;--awb-spacing-right-small:1.92%;--awb-spacing-left-small:1.92%;\"><div class=\"tiaro-column-wrapper tiaro-flex-justify-content-flex-start tiaro-content-layout-column\"><div class=\"tiaro-text tiaro-text-3\"><h3>Las ventajas de un vistazo<\/h3>\n<ul>\n<li>Extremadamente silencioso<\/li>\n<li>Caracter\u00edsticas de operaci\u00f3n consistentes<\/li>\n<li>Alta resistencia a la abrasi\u00f3n<\/li>\n<li>Excelente resistencia a la corrosi\u00f3n<\/li>\n<li>Sin dep\u00f3sitos<\/li>\n<\/ul>\n<\/div><\/div><\/div><div class=\"tiaro-layout-column tiaro_builder_column tiaro-builder-column-4 tiaro_builder_column_3_4 3_4 tiaro-flex-column\" style=\"--awb-bg-size:cover;--awb-width-large:75%;--awb-margin-top-large:0px;--awb-spacing-right-large:2.56%;--awb-margin-bottom-large:5px;--awb-spacing-left-large:2.56%;--awb-width-medium:75%;--awb-spacing-right-medium:2.56%;--awb-spacing-left-medium:2.56%;--awb-width-small:100%;--awb-spacing-right-small:1.92%;--awb-spacing-left-small:1.92%;\"><div class=\"tiaro-column-wrapper tiaro-flex-justify-content-flex-start tiaro-content-layout-column\"><div class=\"tiaro-text tiaro-text-4\"><h3>Ejemplos de aplicaci\u00f3n<\/h3>\n<div style=\"float: left; width: 33%;\">\n<h4>Industria alimentaria \/ alimentos de lujo<\/h4>\n<hr \/>\n<ul style=\"list-style-type: disc;\">\n<li>industria l\u00e1ctea<\/li>\n<li>sistema de vac\u00edo central<\/li>\n<li>sistemas de filtraci\u00f3n<\/li>\n<li>Desaireaci\u00f3n de agua en la industria de las bebidas<\/li>\n<li>Conservaci\u00f3n de los alimentos<\/li>\n<li>desalinizaci\u00f3n de agua de mar<\/li>\n<li>humidificaci\u00f3n del tabaco<\/li>\n<li>producci\u00f3n de az\u00facar<\/li>\n<\/ul>\n<\/div>\n<div style=\"float: left; width: 33%;\">\n<h4>industria de m\u00e1quinas de embalaje<\/h4>\n<hr \/>\n<ul style=\"list-style-type: disc;\">\n<li>m\u00e1quinas de rodillos<\/li>\n<li>m\u00e1quinas de llenado y sellado<\/li>\n<li>Llenado de cerveza en botellas PET<\/li>\n<li>m\u00e1quinas de ampollas<\/li>\n<\/ul>\n<h4>industria de cer\u00e1mica y ladrillos<\/h4>\n<hr \/>\n<ul style=\"list-style-type: disc;\">\n<li>Desgasificaci\u00f3n a granel de cer\u00e1mica<\/li>\n<\/ul>\n<\/div>\n<div style=\"float: right; width: 34%;\">\n<h4>Otras aplicaciones<\/h4>\n<hr \/>\n<ul>\n<li>desgasificaci\u00f3n de agua<\/li>\n<li>sistemas de descenso de aguas subterr\u00e1neas<\/li>\n<li>plantas de secado<\/li>\n<li>Soplar aire en plantas de tratamiento de aguas residuales<\/li>\n<li>Extracci\u00f3n de residuos de aceite<\/li>\n<li>turbinas y motores de vapor<\/li>\n<li>pozo de succi\u00f3n<\/li>\n<li>levantamiento y manejo<\/li>\n<li>Evaporaci\u00f3n de hilo en la industria textil<\/li>\n<\/ul>\n<\/div>\n<\/div><\/div><\/div><\/div><\/div><div class=\"tiaro-fullwidth fullwidth-box tiaro-builder-row-3 tiaro-flex-container nonhundred-percent-fullwidth non-hundred-percent-height-scrolling tiaro-no-medium-visibility tiaro-no-large-visibility\" style=\"--awb-border-radius-top-left:0px;--awb-border-radius-top-right:0px;--awb-border-radius-bottom-right:0px;--awb-border-radius-bottom-left:0px;\" ><div class=\"tiaro-builder-row tiaro-row tiaro-flex-align-items-flex-start\" style=\"max-width:1404px;margin-left: calc(-4% \/ 2 );margin-right: calc(-4% \/ 2 );\"><div class=\"tiaro-layout-column tiaro_builder_column tiaro-builder-column-5 tiaro_builder_column_1_4 1_4 tiaro-flex-column\" style=\"--awb-bg-size:cover;--awb-width-large:25%;--awb-margin-top-large:0px;--awb-spacing-right-large:7.68%;--awb-margin-bottom-large:5px;--awb-spacing-left-large:7.68%;--awb-width-medium:25%;--awb-spacing-right-medium:7.68%;--awb-spacing-left-medium:7.68%;--awb-width-small:100%;--awb-spacing-right-small:1.92%;--awb-spacing-left-small:1.92%;\"><div class=\"tiaro-column-wrapper tiaro-flex-justify-content-flex-start tiaro-content-layout-column\"><div class=\"tiaro-text tiaro-text-5\"><h3>Las ventajas de un vistazo<\/h3>\n<ul>\n<li>extremadamente silencioso<\/li>\n<li>caracter\u00edsticas de operaci\u00f3n consistentes<\/li>\n<li>alta resistencia a la abrasi\u00f3n<\/li>\n<li>excelente resistencia a la corrosi\u00f3n<\/li>\n<li>sin dep\u00f3sitos<\/li>\n<\/ul>\n<\/div><\/div><\/div><div class=\"tiaro-layout-column tiaro_builder_column tiaro-builder-column-6 tiaro_builder_column_3_4 3_4 tiaro-flex-column\" style=\"--awb-bg-size:cover;--awb-width-large:75%;--awb-margin-top-large:0px;--awb-spacing-right-large:2.56%;--awb-margin-bottom-large:5px;--awb-spacing-left-large:2.56%;--awb-width-medium:75%;--awb-spacing-right-medium:2.56%;--awb-spacing-left-medium:2.56%;--awb-width-small:100%;--awb-spacing-right-small:1.92%;--awb-spacing-left-small:1.92%;\"><div class=\"tiaro-column-wrapper tiaro-flex-justify-content-flex-start tiaro-content-layout-column\"><div class=\"tiaro-text tiaro-text-6\"><h3>Ejemplos de aplicaci\u00f3n<\/h3>\n<h4>Industria alimentaria \/ alimentos de lujo<\/h4>\n<hr \/>\n<ul style=\"list-style-type: disc;\">\n<li>industria l\u00e1ctea<\/li>\n<li>sistema de vac\u00edo central<\/li>\n<li>sistemas de filtraci\u00f3n<\/li>\n<li>Desaireaci\u00f3n de agua en la industria de las bebidas<\/li>\n<li>Conservaci\u00f3n de los alimentos<\/li>\n<li>desalinizaci\u00f3n de agua de mar<\/li>\n<li>humidificaci\u00f3n del tabaco<\/li>\n<li>producci\u00f3n de az\u00facar<\/li>\n<\/ul>\n<h4>industria de m\u00e1quinas de embalaje<\/h4>\n<hr \/>\n<ul style=\"list-style-type: disc;\">\n<li>m\u00e1quinas de rodillos<\/li>\n<li>m\u00e1quinas de llenado y sellado<\/li>\n<li>Llenado de cerveza en botellas PET<\/li>\n<li>m\u00e1quinas de ampollas<\/li>\n<\/ul>\n<h4>industria de cer\u00e1mica y ladrillos<\/h4>\n<hr \/>\n<ul style=\"list-style-type: disc;\">\n<li>Desgasificaci\u00f3n a granel de cer\u00e1mica<\/li>\n<\/ul>\n<h4>Otras aplicaciones<\/h4>\n<hr \/>\n<ul>\n<li>desgasificaci\u00f3n de agua<\/li>\n<li>sistemas de descenso de aguas subterr\u00e1neas<\/li>\n<li>plantas de secado<\/li>\n<li>Soplar aire en plantas de tratamiento de aguas residuales<\/li>\n<li>Extracci\u00f3n de residuos de aceite<\/li>\n<li>turbinas y motores de vapor<\/li>\n<li>pozo de succi\u00f3n<\/li>\n<li>levantamiento y manejo<\/li>\n<li>Evaporaci\u00f3n de hilo en la industria textil<\/li>\n<\/ul>\n<\/div><\/div><\/div><\/div><\/div><div class=\"tiaro-fullwidth fullwidth-box tiaro-builder-row-4 tiaro-flex-container nonhundred-percent-fullwidth non-hundred-percent-height-scrolling\" style=\"--awb-border-radius-top-left:0px;--awb-border-radius-top-right:0px;--awb-border-radius-bottom-right:0px;--awb-border-radius-bottom-left:0px;\" ><div class=\"tiaro-builder-row tiaro-row tiaro-flex-align-items-flex-start\" style=\"max-width:1404px;margin-left: calc(-4% \/ 2 );margin-right: calc(-4% \/ 2 );\"><div class=\"tiaro-layout-column tiaro_builder_column tiaro-builder-column-7 tiaro_builder_column_1_1 1_1 tiaro-flex-column\" style=\"--awb-bg-color:#ffffff;--awb-bg-size:cover;--awb-width-large:100%;--awb-margin-top-large:0px;--awb-spacing-right-large:1.92%;--awb-margin-bottom-large:5px;--awb-spacing-left-large:1.92%;--awb-width-medium:100%;--awb-spacing-right-medium:1.92%;--awb-spacing-left-medium:1.92%;--awb-width-small:100%;--awb-spacing-right-small:1.92%;--awb-spacing-left-small:1.92%;\"><div class=\"tiaro-column-wrapper tiaro-flex-justify-content-flex-start tiaro-content-layout-column\"><div class=\"tiaro-title title tiaro-title-1 tiaro-sep-none tiaro-title-text tiaro-title-size-two\"><h2 class=\"title-heading-left tiaro-responsive-typography-calculated\" style=\"margin:0;--fontSize:24;line-height:1.5;\">principio de operaci\u00f3n<\/h2><\/div><\/div><\/div><div class=\"tiaro-layout-column tiaro_builder_column tiaro-builder-column-8 tiaro_builder_column_1_3 1_3 tiaro-flex-column\" style=\"--awb-bg-size:cover;--awb-width-large:33.333333333333%;--awb-margin-top-large:0px;--awb-spacing-right-large:5.76%;--awb-margin-bottom-large:5px;--awb-spacing-left-large:5.76%;--awb-width-medium:33.333333333333%;--awb-spacing-right-medium:5.76%;--awb-spacing-left-medium:5.76%;--awb-width-small:100%;--awb-spacing-right-small:1.92%;--awb-spacing-left-small:1.92%;\"><div class=\"tiaro-column-wrapper tiaro-flex-justify-content-flex-start tiaro-content-layout-column\"><a class=\"awb-lightbox awb-lightbox-1\" href=\"https:\/\/ehrler-beck.com\/wp-content\/uploads\/2017\/07\/Liquid-Ring-Technology-Operating-Principle.jpg\" data-caption=\"Generalized and Simplified Diagram\" data-rel=\"iLightbox\"><img class=\"lazyload\" decoding=\"async\" src=\"data:image\/svg+xml,%3Csvg%20xmlns%3D%27http%3A%2F%2Fwww.w3.org%2F2000%2Fsvg%27%20width%3D%27300%27%20height%3D%27211%27%20viewBox%3D%270%200%20300%20211%27%3E%3Crect%20width%3D%27300%27%20height%3D%27211%27%20fill-opacity%3D%220%22%2F%3E%3C%2Fsvg%3E\" data-orig-src=\"https:\/\/ehrler-beck.com\/wp-content\/uploads\/2017\/07\/Liquid-Ring-Technology-Operating-Principle-300x211.jpg\"><\/a><\/div><\/div><div class=\"tiaro-layout-column tiaro_builder_column tiaro-builder-column-9 tiaro_builder_column_2_3 2_3 tiaro-flex-column\" style=\"--awb-bg-color:#ffffff;--awb-bg-size:cover;--awb-width-large:66.666666666667%;--awb-margin-top-large:0px;--awb-spacing-right-large:2.88%;--awb-margin-bottom-large:5px;--awb-spacing-left-large:2.88%;--awb-width-medium:66.666666666667%;--awb-spacing-right-medium:2.88%;--awb-spacing-left-medium:2.88%;--awb-width-small:100%;--awb-spacing-right-small:1.92%;--awb-spacing-left-small:1.92%;\"><div class=\"tiaro-column-wrapper tiaro-flex-justify-content-flex-start tiaro-content-layout-column\"><div class=\"tiaro-text tiaro-text-7\"><p><span style=\"font-size: 10pt;\">La \u00fanica pieza m\u00f3vil dentro de la bomba de vac\u00edo de anillo l\u00edquido es el impulsor montado exc\u00e9ntricamente (<span class=\"color-primary\">A<\/span>), que se mueve sin contacto dentro de la carcasa de la bomba (<span class=\"color-primary\">C<\/span>) gira. El anillo l\u00edquido operativo (<span class=\"color-primary\">F<\/span>) sella las palas del impulsor (<span class=\"color-primary\">B<\/span>) entre ellos. El gas llega a las celdas de paletas a trav\u00e9s de la rendija de succi\u00f3n (<span class=\"color-primary\">mi<\/span>). Para mantener la estabilidad del anillo l\u00edquido con el gas, el l\u00edquido se succiona continuamente en la c\u00e1mara de succi\u00f3n y se alimenta a trav\u00e9s de las ranuras de presi\u00f3n (<span class=\"color-primary\">D<\/span>) expulsado de nuevo. Debido a la disposici\u00f3n exc\u00e9ntrica del impulsor, el gas se comprime en una revoluci\u00f3n completa, es decir, para la c\u00e1mara entre las palas (<span class=\"color-primary\">B<\/span>) de las ruedas. El l\u00edquido debe suministrarse constantemente a las bombas para un funcionamiento estable. Por esta raz\u00f3n, las bombas de vac\u00edo de anillo l\u00edquido de la serie L-BL \/ L-BV est\u00e1n equipadas como soluci\u00f3n de sistema con unidades de circulaci\u00f3n de serie, a trav\u00e9s de las cuales el l\u00edquido de funcionamiento descargado en el lado de presi\u00f3n se retroalimenta a la bomba. Por lo tanto, la bomba puede funcionar con un suministro de l\u00edquido significativamente reducido.<\/span><\/p>\n<p><span style=\"font-size: 8pt;\">*La descripci\u00f3n no tiene en cuenta el enfoque de la tecnolog\u00eda de cada fabricante, pero representa una descripci\u00f3n general que intenta incluir el principio b\u00e1sico de funcionamiento.<\/span><\/p>\n<\/div><\/div><\/div><\/div><\/div><div class=\"tiaro-fullwidth fullwidth-box tiaro-builder-row-5 tiaro-flex-container hundred-percent-fullwidth non-hundred-percent-height-scrolling\" style=\"--awb-border-radius-top-left:0px;--awb-border-radius-top-right:0px;--awb-border-radius-bottom-right:0px;--awb-border-radius-bottom-left:0px;--awb-padding-right:0px;--awb-padding-left:0px;\" ><div class=\"tiaro-builder-row tiaro-row tiaro-flex-align-items-flex-start\" style=\"width:104% !important;max-width:104% !important;margin-left: calc(-4% \/ 2 );margin-right: calc(-4% \/ 2 );\"><div class=\"tiaro-layout-column tiaro_builder_column tiaro-builder-column-10 tiaro_builder_column_1_1 1_1 tiaro-flex-column\" style=\"--awb-padding-top:20px;--awb-bg-color:#efefef;--awb-bg-size:cover;--awb-width-large:100%;--awb-margin-top-large:0px;--awb-spacing-right-large:1.92%;--awb-margin-bottom-large:0px;--awb-spacing-left-large:1.92%;--awb-width-medium:100%;--awb-spacing-right-medium:1.92%;--awb-spacing-left-medium:1.92%;--awb-width-small:100%;--awb-spacing-right-small:1.92%;--awb-spacing-left-small:1.92%;\"><div class=\"tiaro-column-wrapper tiaro-flex-justify-content-flex-start tiaro-content-layout-column\"><div class=\"tiaro-text tiaro-text-8\"><p style=\"text-align: center;\"><span class=\"color-primary\" style=\"font-size: 18pt;\">EL PROGRAMA DE ENTREGA DE EHRLER &amp; BECK INCLUYE LA SIGUIENTE SERIE:<\/span><\/p>\n<\/div><\/div><\/div><\/div><\/div><div class=\"tiaro-fullwidth fullwidth-box tiaro-builder-row-6 tiaro-flex-container nonhundred-percent-fullwidth non-hundred-percent-height-scrolling\" style=\"--awb-border-radius-top-left:0px;--awb-border-radius-top-right:0px;--awb-border-radius-bottom-right:0px;--awb-border-radius-bottom-left:0px;--awb-margin-top:40px;\" ><div class=\"tiaro-builder-row tiaro-row tiaro-flex-align-items-flex-start\" style=\"max-width:1404px;margin-left: calc(-4% \/ 2 );margin-right: calc(-4% \/ 2 );\"><div class=\"tiaro-layout-column tiaro_builder_column tiaro-builder-column-11 tiaro_builder_column_1_2 1_2 tiaro-flex-column tiaro-column-inner-bg-wrapper\" style=\"--awb-padding-top:315px;--awb-inner-bg-position:center center;--awb-inner-bg-size:cover;--awb-border-color:#00b3a7;--awb-border-top:1px;--awb-border-right:1px;--awb-border-bottom:1px;--awb-border-left:1px;--awb-border-style:solid;--awb-width-large:50%;--awb-margin-top-large:0px;--awb-spacing-right-large:1.92%;--awb-margin-bottom-large:2%;--awb-spacing-left-large:3.84%;--awb-width-medium:50%;--awb-order-medium:0;--awb-spacing-right-medium:1.92%;--awb-spacing-left-medium:3.84%;--awb-width-small:100%;--awb-order-small:0;--awb-spacing-right-small:1.92%;--awb-spacing-left-small:1.92%;\"><span class=\"tiaro-column-inner-bg hover-type-zoomin\"><a class=\"tiaro-column-anchor\" href=\"https:\/\/ehrler-beck.com\/es\/productos\/bombas-de-vacio\/bombas-de-vacio-de-anillo-liquido\/bombas-de-vacio-serie-lrp-vsd\/\"><span class=\"tiaro-column-inner-bg-image lazyload\" data-bg=\"https:\/\/ehrler-beck.com\/wp-content\/uploads\/2021\/01\/LRP-VSD-Serie-1024x595.jpg\"><\/span><\/a><\/span><div class=\"tiaro-column-wrapper tiaro-column-has-shadow tiaro-flex-justify-content-flex-start tiaro-content-layout-column\" data-bg-url=\"https:\/\/ehrler-beck.com\/wp-content\/uploads\/2021\/01\/LRP-VSD-Serie-1024x595.jpg\"><div class=\"tiaro-text tiaro-text-9\"><h2 style=\"text-align: right; background-color: #e2e2e2e3; padding-top: 15px; padding-right: 15px; padding-bottom: 15px; margin-left: 10%; border-radius: 50px 0px 0px 0px; margin-bottom: 0px;\">SERIE LRP VSD+ <span style=\"font-size: 14pt;\">(Atlas Copco)<\/span><\/h2>\n<\/div><\/div><\/div><div class=\"tiaro-layout-column tiaro_builder_column tiaro-builder-column-12 tiaro_builder_column_1_2 1_2 tiaro-flex-column tiaro-column-inner-bg-wrapper\" style=\"--awb-padding-top:315px;--awb-inner-bg-position:center center;--awb-inner-bg-size:cover;--awb-border-color:#00b3a7;--awb-border-top:1px;--awb-border-right:1px;--awb-border-bottom:1px;--awb-border-left:1px;--awb-border-style:solid;--awb-width-large:50%;--awb-margin-top-large:0px;--awb-spacing-right-large:3.84%;--awb-margin-bottom-large:2%;--awb-spacing-left-large:1.92%;--awb-width-medium:50%;--awb-order-medium:0;--awb-spacing-right-medium:3.84%;--awb-spacing-left-medium:1.92%;--awb-width-small:100%;--awb-order-small:0;--awb-spacing-right-small:1.92%;--awb-spacing-left-small:1.92%;\"><span class=\"tiaro-column-inner-bg hover-type-zoomin\"><a class=\"tiaro-column-anchor\" href=\"https:\/\/ehrler-beck.com\/es\/productos\/bombas-de-vacio\/bombas-de-vacio-de-anillo-liquido\/bombas-de-vacio-serie-delfin\/\"><span class=\"tiaro-column-inner-bg-image lazyload\" data-bg=\"https:\/\/ehrler-beck.com\/wp-content\/uploads\/2022\/05\/dolphin-Fluessigkeitsring-Vakuumpumpe.jpg\"><\/span><\/a><\/span><div class=\"tiaro-column-wrapper tiaro-column-has-shadow tiaro-flex-justify-content-flex-start tiaro-content-layout-column\" data-bg-url=\"https:\/\/ehrler-beck.com\/wp-content\/uploads\/2022\/05\/dolphin-Fluessigkeitsring-Vakuumpumpe.jpg\"><div class=\"tiaro-text tiaro-text-10\"><h2 style=\"text-align: right; background-color: #e2e2e2e3; padding-top: 15px; padding-right: 15px; padding-bottom: 15px; margin-left: 10%; border-radius: 50px 0px 0px 0px; margin-bottom: 0px;\">Serie DELF\u00cdN <span style=\"font-size: 14pt;\">(Arbusto)<\/span><\/h2>\n<\/div><\/div><\/div><div class=\"tiaro-layout-column tiaro_builder_column tiaro-builder-column-13 tiaro_builder_column_1_2 1_2 tiaro-flex-column tiaro-column-inner-bg-wrapper\" style=\"--awb-padding-top:315px;--awb-inner-bg-position:center center;--awb-inner-bg-size:cover;--awb-border-color:#00b3a7;--awb-border-top:1px;--awb-border-right:1px;--awb-border-bottom:1px;--awb-border-left:1px;--awb-border-style:solid;--awb-width-large:50%;--awb-margin-top-large:0px;--awb-spacing-right-large:1.92%;--awb-margin-bottom-large:2%;--awb-spacing-left-large:3.84%;--awb-width-medium:50%;--awb-order-medium:0;--awb-spacing-right-medium:1.92%;--awb-spacing-left-medium:3.84%;--awb-width-small:100%;--awb-order-small:0;--awb-spacing-right-small:1.92%;--awb-spacing-left-small:1.92%;\"><span class=\"tiaro-column-inner-bg hover-type-zoomin\"><a class=\"tiaro-column-anchor\" href=\"https:\/\/ehrler-beck.com\/es\/productos\/bombas-de-vacio\/bombas-de-vacio-de-anillo-liquido\/serie-de-bombas-de-vacio-de-anillo-liquido-elri\/\"><span class=\"tiaro-column-inner-bg-image lazyload\" data-bg=\"https:\/\/ehrler-beck.com\/wp-content\/uploads\/2022\/05\/ELRi-Fluessigkeitsring-Vakuumpumpen-Serie.jpg\"><\/span><\/a><\/span><div class=\"tiaro-column-wrapper tiaro-column-has-shadow tiaro-flex-justify-content-flex-start tiaro-content-layout-column\" data-bg-url=\"https:\/\/ehrler-beck.com\/wp-content\/uploads\/2022\/05\/ELRi-Fluessigkeitsring-Vakuumpumpen-Serie.jpg\"><div class=\"tiaro-text tiaro-text-11\"><h2 style=\"text-align: right; background-color: #e2e2e2e3; padding-top: 15px; padding-right: 15px; padding-bottom: 15px; margin-left: 10%; border-radius: 50px 0px 0px 0px; margin-bottom: 0px;\">Serie ELRi <span style=\"font-size: 14pt;\">(Edwards)<\/span><\/h2>\n<\/div><\/div><\/div><div class=\"tiaro-layout-column tiaro_builder_column tiaro-builder-column-14 tiaro_builder_column_1_2 1_2 tiaro-flex-column tiaro-column-inner-bg-wrapper\" style=\"--awb-padding-top:315px;--awb-inner-bg-position:center center;--awb-inner-bg-size:cover;--awb-border-color:#00b3a7;--awb-border-top:1px;--awb-border-right:1px;--awb-border-bottom:1px;--awb-border-left:1px;--awb-border-style:solid;--awb-width-large:50%;--awb-margin-top-large:0px;--awb-spacing-right-large:3.84%;--awb-margin-bottom-large:2%;--awb-spacing-left-large:1.92%;--awb-width-medium:50%;--awb-order-medium:0;--awb-spacing-right-medium:3.84%;--awb-spacing-left-medium:1.92%;--awb-width-small:100%;--awb-order-small:0;--awb-spacing-right-small:1.92%;--awb-spacing-left-small:1.92%;\"><span class=\"tiaro-column-inner-bg hover-type-zoomin\"><a class=\"tiaro-column-anchor\" href=\"https:\/\/ehrler-beck.com\/es\/productos\/bombas-de-vacio\/bombas-de-vacio-de-anillo-liquido\/serie-l-bl-l-bv\/\"><span class=\"tiaro-column-inner-bg-image lazyload\" data-bg=\"https:\/\/ehrler-beck.com\/wp-content\/uploads\/2022\/04\/L-Serie-Fluessigkeitsring-Vakuumpumpe.jpg\"><\/span><\/a><\/span><div class=\"tiaro-column-wrapper tiaro-column-has-shadow tiaro-flex-justify-content-flex-start tiaro-content-layout-column\" data-bg-url=\"https:\/\/ehrler-beck.com\/wp-content\/uploads\/2022\/04\/L-Serie-Fluessigkeitsring-Vakuumpumpe.jpg\"><div class=\"tiaro-text tiaro-text-12\"><h2 style=\"text-align: right; background-color: #e2e2e2e3; padding-top: 15px; padding-right: 15px; padding-bottom: 15px; margin-left: 10%; border-radius: 50px 0px 0px 0px; margin-bottom: 0px;\">serie L <span style=\"font-size: 14pt;\">(Elmo Rietschle)<\/span><\/h2>\n<\/div><\/div><\/div><\/div><\/div><\/p>","protected":false},"excerpt":{"rendered":"","protected":false},"author":1,"featured_media":0,"parent":84,"menu_order":0,"comment_status":"closed","ping_status":"closed","template":"100-width.php","meta":{"footnotes":""},"class_list":["post-203","page","type-page","status-publish","hentry"],"acf":[],"_links":{"self":[{"href":"https:\/\/ehrler-beck.com\/es\/wp-json\/wp\/v2\/pages\/203","targetHints":{"allow":["GET"]}}],"collection":[{"href":"https:\/\/ehrler-beck.com\/es\/wp-json\/wp\/v2\/pages"}],"about":[{"href":"https:\/\/ehrler-beck.com\/es\/wp-json\/wp\/v2\/types\/page"}],"author":[{"embeddable":true,"href":"https:\/\/ehrler-beck.com\/es\/wp-json\/wp\/v2\/users\/1"}],"replies":[{"embeddable":true,"href":"https:\/\/ehrler-beck.com\/es\/wp-json\/wp\/v2\/comments?post=203"}],"version-history":[{"count":5,"href":"https:\/\/ehrler-beck.com\/es\/wp-json\/wp\/v2\/pages\/203\/revisions"}],"predecessor-version":[{"id":63389,"href":"https:\/\/ehrler-beck.com\/es\/wp-json\/wp\/v2\/pages\/203\/revisions\/63389"}],"up":[{"embeddable":true,"href":"https:\/\/ehrler-beck.com\/es\/wp-json\/wp\/v2\/pages\/84"}],"wp:attachment":[{"href":"https:\/\/ehrler-beck.com\/es\/wp-json\/wp\/v2\/media?parent=203"}],"curies":[{"name":"wp","href":"https:\/\/api.w.org\/{rel}","templated":true}]}}