{"id":11467,"date":"2018-05-15T12:26:01","date_gmt":"2018-05-15T10:26:01","guid":{"rendered":"https:\/\/ehrler-beck.com\/privacy-policy"},"modified":"2024-08-09T13:32:31","modified_gmt":"2024-08-09T11:32:31","slug":"datenschutz-bestimmungen","status":"publish","type":"page","link":"https:\/\/ehrler-beck.com\/es\/politica-de-privacidad","title":{"rendered":"pol\u00edtica de privacidad"},"content":{"rendered":"<p><div class=\"tiaro-fullwidth fullwidth-box tiaro-builder-row-1 tiaro-flex-container nonhundred-percent-fullwidth non-hundred-percent-height-scrolling\" style=\"--awb-border-radius-top-left:0px;--awb-border-radius-top-right:0px;--awb-border-radius-bottom-right:0px;--awb-border-radius-bottom-left:0px;\" ><div class=\"tiaro-builder-row tiaro-row tiaro-flex-align-items-flex-start\" style=\"max-width:1404px;margin-left: calc(-4% \/ 2 );margin-right: calc(-4% \/ 2 );\"><div class=\"tiaro-layout-column tiaro_builder_column tiaro-builder-column-0 tiaro_builder_column_1_1 1_1 tiaro-flex-column\" style=\"--awb-bg-size:cover;--awb-width-large:100%;--awb-margin-top-large:0px;--awb-spacing-right-large:1.92%;--awb-margin-bottom-large:0px;--awb-spacing-left-large:1.92%;--awb-width-medium:100%;--awb-spacing-right-medium:1.92%;--awb-spacing-left-medium:1.92%;--awb-width-small:100%;--awb-spacing-right-small:1.92%;--awb-spacing-left-small:1.92%;\"><div class=\"tiaro-column-wrapper tiaro-flex-justify-content-flex-start tiaro-content-layout-column\"><div class=\"tiaro-text tiaro-text-1\"><p>En Ehrler &amp; Beck nos complace que visite nuestro sitio web y que est\u00e9 interesado en nuestra empresa y en los productos y servicios que ofrecemos. Ehrler &amp; Beck observa las disposiciones de la Ley Federal de Protecci\u00f3n de Datos, seg\u00fan la cual tiene derecho a obtener informaci\u00f3n gratuita sobre sus datos almacenados por nosotros y su uso y, bajo ciertas condiciones, derecho a corregir, bloquear o eliminar sus datos. P\u00f3ngase en contacto con nuestro oficial de protecci\u00f3n de datos sobre este tema <a href=\"mailto:privacy.officer@tiaro.eu\">privacidad.oficial@tiaro.eu<\/a><\/p>\n<p><strong><span class=\"intro-primary\">Ehrler &amp; Beck tecnolog\u00eda de vac\u00edo y aire comprimido GmbH<\/span><\/strong><\/p>\n<\/div><div class=\"tiaro-text tiaro-text-2\"><p style=\"text-align: right;\"><em>Letzte Aktualisierung: 09.08.2024<\/em><\/p>\n<\/div><\/div><\/div><div class=\"tiaro-layout-column tiaro_builder_column tiaro-builder-column-1 tiaro_builder_column_1_3 1_3 tiaro-flex-column\" style=\"--awb-bg-size:cover;--awb-width-large:33.333333333333%;--awb-margin-top-large:0px;--awb-spacing-right-large:3.84%;--awb-margin-bottom-large:0px;--awb-spacing-left-large:5.76%;--awb-width-medium:33.333333333333%;--awb-spacing-right-medium:3.84%;--awb-spacing-left-medium:5.76%;--awb-width-small:100%;--awb-spacing-right-small:1.92%;--awb-spacing-left-small:1.92%;\"><div class=\"tiaro-column-wrapper tiaro-flex-justify-content-flex-start tiaro-content-layout-column\"><div class=\"tiaro-text tiaro-text-3\"><p><strong>DIRECCI\u00d3N<\/strong>:<br \/>\nIndustriastr. diecis\u00e9is<br \/>\nD-71272, Renningen<br \/>\nAlemania<\/p>\n<p><strong>Director general<\/strong>: Dennis Schroeder<\/p>\n<p><strong>registro comercial<\/strong>:<\/p>\n<p style=\"padding-left: 30px;\">Tribunal de Distrito de Stuttgart<br \/>\nHRB 251776 Tribunal de Distrito de Leonberg<\/p>\n<p><strong>N\u00famero de registro del IVA<\/strong>: DE145998269<\/p>\n<\/div><\/div><\/div><div class=\"tiaro-layout-column tiaro_builder_column tiaro-builder-column-2 tiaro_builder_column_1_3 1_3 tiaro-flex-column\" style=\"--awb-bg-size:cover;--awb-width-large:33.333333333333%;--awb-margin-top-large:0px;--awb-spacing-right-large:5.76%;--awb-margin-bottom-large:0px;--awb-spacing-left-large:3.84%;--awb-width-medium:33.333333333333%;--awb-spacing-right-medium:5.76%;--awb-spacing-left-medium:3.84%;--awb-width-small:100%;--awb-spacing-right-small:1.92%;--awb-spacing-left-small:1.92%;\"><div class=\"tiaro-column-wrapper tiaro-flex-justify-content-flex-start tiaro-content-layout-column\"><div class=\"tiaro-text tiaro-text-4\"><p><strong>Informaci\u00f3n del contacto<\/strong>:<\/p>\n<p><strong>tel\u00e9fono<\/strong>: +49 (0) 7159 \/ 4085-0<\/p>\n<p><strong>fax<\/strong>: +49 (0) 7159 \/ 4085-85<\/p>\n<p><strong>Correo electr\u00f3nico<\/strong>: info@ehrler-beck.com<\/p>\n<\/div><\/div><\/div><\/div><\/div><div class=\"tiaro-fullwidth fullwidth-box tiaro-builder-row-2 tiaro-flex-container has-pattern-background has-mask-background nonhundred-percent-fullwidth non-hundred-percent-height-scrolling\" style=\"--awb-border-radius-top-left:0px;--awb-border-radius-top-right:0px;--awb-border-radius-bottom-right:0px;--awb-border-radius-bottom-left:0px;\" ><div class=\"tiaro-builder-row tiaro-row tiaro-flex-align-items-flex-start\" style=\"max-width:1404px;margin-left: calc(-4% \/ 2 );margin-right: calc(-4% \/ 2 );\"><div class=\"tiaro-layout-column tiaro_builder_column tiaro-builder-column-3 tiaro_builder_column_1_1 1_1 tiaro-flex-column\" style=\"--awb-bg-size:cover;--awb-width-large:100%;--awb-margin-top-large:0px;--awb-spacing-right-large:1.92%;--awb-margin-bottom-large:5px;--awb-spacing-left-large:1.92%;--awb-width-medium:100%;--awb-order-medium:0;--awb-spacing-right-medium:1.92%;--awb-spacing-left-medium:1.92%;--awb-width-small:100%;--awb-order-small:0;--awb-spacing-right-small:1.92%;--awb-spacing-left-small:1.92%;\"><div class=\"tiaro-column-wrapper tiaro-column-has-shadow tiaro-flex-justify-content-flex-start tiaro-content-layout-column\"><div class=\"tiaro-text tiaro-text-5\"><h1>Aviso de Privacidad<\/h1>\n<p>Declaraci\u00f3n general sobre protecci\u00f3n de datos<\/p>\n<h2>introducci\u00f3n<\/h2>\n<p>Nuestro grupo de empresas respeta su privacidad y se compromete a proteger su informaci\u00f3n personal de acuerdo con las pr\u00e1cticas justas de informaci\u00f3n y las leyes de protecci\u00f3n de datos aplicables.<\/p>\n<p>Este Aviso de privacidad explica c\u00f3mo nosotros y nuestras empresas recopilamos, usamos y compartimos la informaci\u00f3n personal que nos proporciona o que de otro modo recibimos o generamos (&quot;Informaci\u00f3n personal&quot;).<\/p>\n<p>&nbsp;<\/p>\n<h2>\u00c1mbito de aplicaci\u00f3n<\/h2>\n<p>Los datos personales son cualquier informaci\u00f3n relativa a una persona f\u00edsica identificada o identificable (&quot;sujeto de datos&quot;). Una persona f\u00edsica identificable es aquella que puede ser identificada, directa o indirectamente, en particular por referencia a un identificador como nombre, n\u00famero de identificaci\u00f3n, datos de ubicaci\u00f3n, un identificador en l\u00ednea, o a uno o m\u00e1s factores espec\u00edficos de car\u00e1cter f\u00edsico, fisiol\u00f3gico, gen\u00e9tico, identidad mental, econ\u00f3mica, cultural o social de esa persona natural.<\/p>\n<p>Este Aviso de privacidad se aplica a la informaci\u00f3n personal que recibimos a trav\u00e9s de nuestras actividades comerciales normales, tanto en l\u00ednea como fuera de l\u00ednea, es decir, la recopilaci\u00f3n en relaci\u00f3n con las ventas y el marketing, la participaci\u00f3n de socios y proveedores y las relaciones con los inversores. Este aviso de privacidad no se aplica a la informaci\u00f3n de identificaci\u00f3n personal obtenida a trav\u00e9s de nuestro sitio de carreras; esto est\u00e1 sujeto a la pol\u00edtica de privacidad para los solicitantes.<\/p>\n<p>&nbsp;<\/p>\n<h2>controlador de datos<\/h2>\n<p>El controlador de datos en relaci\u00f3n con sus datos es la empresa de nuestro grupo que originalmente recopil\u00f3 sus datos y determin\u00f3 los prop\u00f3sitos y medios para usar sus datos.<\/p>\n<p>Si desea saber qui\u00e9n es el controlador de datos relevante para usted o si tiene alguna otra pregunta sobre sus datos, comun\u00edquese con nuestro Oficial de privacidad en la direcci\u00f3n de correo electr\u00f3nico a continuaci\u00f3n.<\/p>\n<h2><\/h2>\n<h2>Destinatarios de los datos personales<\/h2>\n<ul type=\"disc\">\n<li><strong>Interno:<\/strong>\u00a0Funciones comerciales que necesitan acceder a sus datos para cumplir con nuestras obligaciones contractuales y legales (es decir, ventas, contabilidad, operaciones, legales) o para nuestros intereses leg\u00edtimos (es decir, marketing).<\/li>\n<li><strong>Tercero:<\/strong>\u00a0Podemos utilizar a terceros para proporcionar servicios y funciones en nuestro nombre. Podemos proporcionar informaci\u00f3n personal a estos terceros para realizar estos servicios y funciones. El procesamiento de estos datos personales se lleva a cabo de acuerdo con nuestras instrucciones y es compatible con los prop\u00f3sitos originales.<\/li>\n<li><strong>requerido por la ley:<\/strong>\u00a0Tambi\u00e9n podemos proporcionar informaci\u00f3n personal a autoridades p\u00fablicas o judiciales, organismos encargados de hacer cumplir la ley y organismos reguladores cuando as\u00ed lo exija la ley. Esto tambi\u00e9n incluye el cumplimiento de las normas de seguridad nacional y aplicaci\u00f3n de la ley, as\u00ed como de las autoridades y los tribunales de los pa\u00edses en los que operamos. En la medida permitida por la ley, tambi\u00e9n podemos divulgar informaci\u00f3n personal a terceros (incluidos los asesores legales) si es necesario para el establecimiento, ejercicio o defensa de reclamaciones legales o para hacer valer nuestros derechos, proteger nuestra propiedad o los derechos, propiedad o la seguridad de otros o requerida para respaldar las funciones de auditor\u00eda externa, cumplimiento y gobierno corporativo.<\/li>\n<li><strong>Fusiones y adquisiciones:<\/strong>\u00a0La informaci\u00f3n personal puede transferirse a una parte que adquiera la totalidad o una parte del capital, los activos o las operaciones de una empresa del Grupo en caso de venta, fusi\u00f3n, liquidaci\u00f3n, disoluci\u00f3n u otra acci\u00f3n.<\/li>\n<li><strong>Afiliados:<\/strong>\u00a0Tambi\u00e9n podemos transferir y compartir informaci\u00f3n con nuestros afiliados de conformidad con las leyes aplicables.<\/li>\n<\/ul>\n<h2>Transferencias Internacionales<\/h2>\n<p>Debido a que somos un grupo internacional de empresas con empresas y oficinas en diferentes pa\u00edses, podemos transferir su informaci\u00f3n personal de una empresa a otra o de un pa\u00eds a otro para lograr los fines establecidos anteriormente. Compartiremos su informaci\u00f3n personal de acuerdo con la ley aplicable y solo en la medida necesaria para los fines establecidos anteriormente. Dentro de nuestro grupo de empresas, los datos personales se transmiten sobre la base de las mismas normas y el mismo alto nivel de seguridad. Si es necesario, se concluir\u00e1n acuerdos de procesamiento de datos para garantizar el nivel necesario de protecci\u00f3n de datos.<\/p>\n<p>Usamos procesos legales apropiados para transferir informaci\u00f3n personal a trav\u00e9s de las fronteras nacionales dentro del marco legal. Si confiamos en las Cl\u00e1usulas contractuales est\u00e1ndar (tambi\u00e9n conocidas como Cl\u00e1usulas modelo) para facilitar este intercambio, cumpliremos con los t\u00e9rminos de esas cl\u00e1usulas, incluso si esos t\u00e9rminos y este aviso entran en conflicto.<\/p>\n<p>No venderemos ni transferiremos su informaci\u00f3n personal fuera de nuestro grupo de empresas, excepto:<\/p>\n<ul type=\"disc\">\n<li>A los proveedores de servicios que realizan servicios en nuestro nombre. Solo compartimos su informaci\u00f3n personal con proveedores de servicios a los que tenemos la obligaci\u00f3n contractual de no procesar ni compartir la informaci\u00f3n, excepto para realizar servicios para nosotros o para cumplir con obligaciones legales;<\/li>\n<li>para cumplir con las obligaciones legales, que incluyen, entre otros, responder a las solicitudes de las fuerzas del orden u otros reguladores gubernamentales;<\/li>\n<li>para investigar actividades ilegales sospechosas o reales;<\/li>\n<li>para evitar lesiones personales o p\u00e9rdidas financieras; o<\/li>\n<li>para respaldar la venta de nuestro negocio o la transferencia de parte o la totalidad de nuestro negocio o activos (incluso en caso de quiebra).<\/li>\n<\/ul>\n<h2>almacenamiento<\/h2>\n<p>Conservamos su informaci\u00f3n personal durante el tiempo que tengamos una relaci\u00f3n continua con usted o seg\u00fan sea necesario para lograr el prop\u00f3sito para el que se recopil\u00f3, generalmente durante la duraci\u00f3n de una relaci\u00f3n contractual y durante el per\u00edodo posterior cuando lo exija la ley o lo permita la ley aplicable. ley.<\/p>\n<p>&nbsp;<\/p>\n<h2>Tus derechos como interesado<\/h2>\n<ul type=\"disc\">\n<li>Tiene derecho, a intervalos razonables y sin demoras ni costos indebidos, a una copia de cualquier informaci\u00f3n que procesemos sobre usted.<\/li>\n<li>Tiene derecho a que se rectifiquen o actualicen los datos personales inexactos o no actualizados.<\/li>\n<li>Tiene derecho a que se eliminen sus datos personales.<\/li>\n<li>Tiene derecho a oponerse al procesamiento de sus datos personales, a menos que este procesamiento sea requerido por ley. Si la objeci\u00f3n est\u00e1 justificada teniendo en cuenta la situaci\u00f3n espec\u00edfica, el procesamiento debe detenerse.<\/li>\n<li>En principio, tiene derecho a solicitar la transferencia de sus datos. Portabilidad de datos significa proporcionar sus datos personales en una forma estructurada, de uso com\u00fan y legible por m\u00e1quina que garantiza que se pueda transmitir f\u00e1cilmente a otras empresas. El derecho a la portabilidad de los datos est\u00e1 sujeto a restricciones, es decir, no se aplica a los documentos en papel y no debe perjudicar los derechos de terceros ni los datos sensibles de la empresa.<\/li>\n<li>Puede solicitar que las decisiones no se tomen \u00fanicamente sobre la base de procesos automatizados de toma de decisiones si dichas decisiones producen efectos jur\u00eddicos o le afectan significativamente.<\/li>\n<li>Tiene derecho a retirar el consentimiento otorgado previamente para un prop\u00f3sito espec\u00edfico cuando ese consentimiento sea la base legal para el procesamiento de sus datos personales.<\/li>\n<\/ul>\n<p>Respetamos estos derechos y contamos con procesos para responder a las personas que desean ejercer estos derechos. Si desea saber qui\u00e9n es el controlador de datos relevante para usted o si tiene alguna otra pregunta sobre sus datos, comun\u00edquese con nuestro Oficial de privacidad en la direcci\u00f3n de correo electr\u00f3nico a continuaci\u00f3n.<\/p>\n<p>&nbsp;<\/p>\n<h2>Seguridad<\/h2>\n<p>Nos esforzamos por garantizar la seguridad de sus datos personales procesados y por implementar medidas t\u00e9cnicas y pol\u00edticas de seguridad adecuadas que protejan sus datos de:<\/p>\n<ul type=\"disc\">\n<li>Acceso no autorizado.<\/li>\n<li>Uso o divulgaci\u00f3n inadecuados.<\/li>\n<li>Modificaci\u00f3n no autorizada.<\/li>\n<li>Destrucci\u00f3n il\u00edcita o p\u00e9rdida accidental.<\/li>\n<\/ul>\n<p>Todos nuestros empleados y cualquier tercero que contratemos para procesar sus datos personales est\u00e1n obligados a respetar la confidencialidad de sus datos.<\/p>\n<h2>Inquietudes sobre la privacidad y opciones de contacto<\/h2>\n<p>Si tiene alguna inquietud sobre una supuesta violaci\u00f3n de la ley de protecci\u00f3n de datos o cualquier otra regulaci\u00f3n por nuestra parte, comun\u00edquese con nuestro Oficial de privacidad en la direcci\u00f3n de correo electr\u00f3nico a continuaci\u00f3n.<\/p>\n<p>Un oficial de privacidad estar\u00e1 disponible para investigar su queja y le brindar\u00e1 informaci\u00f3n sobre c\u00f3mo se est\u00e1 manejando la queja.<\/p>\n<p>Si no respondemos a sus solicitudes o le damos una buena raz\u00f3n por la que no podemos, tiene derecho a contactar a la autoridad de control para presentar una queja.<\/p>\n<p>&nbsp;<\/p>\n<h2>Cambios en nuestra pol\u00edtica de privacidad<\/h2>\n<p>Nos reservamos el derecho de cambiar, modificar y actualizar este aviso de privacidad en cualquier momento. Verifique regularmente que ha le\u00eddo el aviso m\u00e1s reciente.<\/p>\n<\/div><\/div><\/div><\/div><\/div><\/p>","protected":false},"excerpt":{"rendered":"","protected":false},"author":1,"featured_media":0,"parent":0,"menu_order":0,"comment_status":"closed","ping_status":"closed","template":"","meta":{"footnotes":""},"class_list":["post-11467","page","type-page","status-publish","hentry"],"acf":[],"_links":{"self":[{"href":"https:\/\/ehrler-beck.com\/es\/wp-json\/wp\/v2\/pages\/11467","targetHints":{"allow":["GET"]}}],"collection":[{"href":"https:\/\/ehrler-beck.com\/es\/wp-json\/wp\/v2\/pages"}],"about":[{"href":"https:\/\/ehrler-beck.com\/es\/wp-json\/wp\/v2\/types\/page"}],"author":[{"embeddable":true,"href":"https:\/\/ehrler-beck.com\/es\/wp-json\/wp\/v2\/users\/1"}],"replies":[{"embeddable":true,"href":"https:\/\/ehrler-beck.com\/es\/wp-json\/wp\/v2\/comments?post=11467"}],"version-history":[{"count":8,"href":"https:\/\/ehrler-beck.com\/es\/wp-json\/wp\/v2\/pages\/11467\/revisions"}],"predecessor-version":[{"id":160366,"href":"https:\/\/ehrler-beck.com\/es\/wp-json\/wp\/v2\/pages\/11467\/revisions\/160366"}],"wp:attachment":[{"href":"https:\/\/ehrler-beck.com\/es\/wp-json\/wp\/v2\/media?parent=11467"}],"curies":[{"name":"wp","href":"https:\/\/api.w.org\/{rel}","templated":true}]}}