{"id":9631,"date":"2017-12-21T13:15:08","date_gmt":"2017-12-21T12:15:08","guid":{"rendered":"http:\/\/ehrler-beck.com?page_id=9631"},"modified":"2017-12-21T13:20:33","modified_gmt":"2017-12-21T12:20:33","slug":"vakuumspeicher","status":"publish","type":"page","link":"https:\/\/ehrler-beck.com\/en\/products\/spare-parts-and-accessories\/vakuumspeicher","title":{"rendered":"Vakuumspeicher"},"content":{"rendered":"<h1>Vakuumspeicher Serie BVR<\/h1>\n<p><span class=\"intro-text\">Die kompakten Vakuumspeicher der Serie BVR sind aus Stahlblech gefertigt und pulvere schichtet. Installiert ist ein Tr\u00e4gerblech f\u00fcr die Vakuumpumpe sowie ein R\u00fcckschlagventil, ein Vakuumfilter, ein Vakuummeter sowie ein Absperrhahn. Die Gr\u00f6\u00dfe des Vakuumspeichers ist abh\u00e4ngig von der Anzahl der Saugplatten, dem Volumen, der Verrohrung und der Anzahl der Arbeitszyklen. Gerne sind wir Ihnen bei der Berechnung und Auswahl behilflich.<\/span><\/p>\n<table>\n<tbody>\n<tr>\n<td width=\"78\"><b><strong>Type<\/strong><\/b><\/td>\n<td width=\"42\"><b><strong>B<\/strong><\/b><\/td>\n<td width=\"54\"><b><strong>B1<\/strong><\/b><\/td>\n<td width=\"54\"><b><strong>G<\/strong><\/b><\/td>\n<td width=\"48\"><b><strong>H<\/strong><\/b><\/td>\n<td width=\"54\"><b><strong>L<\/strong><\/b><\/td>\n<td width=\"54\"><b><strong>L1<\/strong><\/b><\/td>\n<td width=\"77\"><b><strong>Weight<\/strong><\/b><\/td>\n<td width=\"114\"><b><strong>Kapazit\u00e4t<\/strong><\/b><\/td>\n<td><b><strong>Order number<\/strong><\/b><\/td>\n<\/tr>\n<tr>\n<td width=\"78\"><b><strong>BVR 15<\/strong><\/b><\/td>\n<td width=\"42\">380<\/td>\n<td width=\"54\">330<\/td>\n<td width=\"54\">3\/4&#8243;<\/td>\n<td width=\"48\">138<\/td>\n<td width=\"54\">450<\/td>\n<td width=\"54\">400<\/td>\n<td width=\"77\">19kg<\/td>\n<td width=\"114\">15 l<\/td>\n<td>BVR.004.00<\/td>\n<\/tr>\n<tr>\n<td width=\"78\"><b><strong>BVR 50<\/strong><\/b><\/td>\n<td width=\"42\">500<\/td>\n<td width=\"54\">450<\/td>\n<td width=\"54\">1 1\/4&#8243;<\/td>\n<td width=\"48\">198<\/td>\n<td width=\"54\">700<\/td>\n<td width=\"54\">650<\/td>\n<td width=\"77\">42<\/td>\n<td width=\"114\">50 l<\/td>\n<td>BVR.001.00<\/td>\n<\/tr>\n<tr>\n<td width=\"78\"><b><strong>BVR\u00a0<\/strong><\/b><b><strong>100<\/strong><\/b><\/td>\n<td width=\"42\">600<\/td>\n<td width=\"54\">550<\/td>\n<td width=\"54\">1 1\/4&#8243;<\/td>\n<td width=\"48\">322<\/td>\n<td width=\"54\">700<\/td>\n<td width=\"54\">650<\/td>\n<td width=\"77\">56<\/td>\n<td width=\"114\">100 l<\/td>\n<td>BVR.002.00<\/td>\n<\/tr>\n<tr>\n<td width=\"78\"><b><strong>BVR 200<\/strong><\/b><\/td>\n<td width=\"42\">600<\/td>\n<td width=\"54\">550<\/td>\n<td width=\"54\">1 1\/4&#8243;<\/td>\n<td width=\"48\">602<\/td>\n<td width=\"54\">700<\/td>\n<td width=\"54\">650<\/td>\n<td width=\"77\">90<\/td>\n<td width=\"114\">200 l<\/td>\n<td>BVR.003.00<\/td>\n<\/tr>\n<\/tbody>\n<\/table>\n<h3>Kontaktieren Sie uns f\u00fcr ein Angebotsanfrage<\/h3>\n\n<div class=\"wpcf7 no-js\" id=\"wpcf7-f6621-o1\" lang=\"en-US\" dir=\"ltr\">\n<div class=\"screen-reader-response\"><p role=\"status\" aria-live=\"polite\" aria-atomic=\"true\"><\/p> <ul><\/ul><\/div>\n<form action=\"\/en\/wp-json\/wp\/v2\/pages\/9631#wpcf7-f6621-o1\" method=\"post\" class=\"wpcf7-form init\" aria-label=\"Contact form\" novalidate=\"novalidate\" data-status=\"init\" data-trp-original-action=\"\/en\/wp-json\/wp\/v2\/pages\/9631#wpcf7-f6621-o1\">\n<div style=\"display: none;\">\n<input type=\"hidden\" name=\"_wpcf7\" value=\"6621\" \/>\n<input type=\"hidden\" name=\"_wpcf7_version\" value=\"5.7.7\" \/>\n<input type=\"hidden\" name=\"_wpcf7_locale\" value=\"en_US\" \/>\n<input type=\"hidden\" name=\"_wpcf7_unit_tag\" value=\"wpcf7-f6621-o1\" \/>\n<input type=\"hidden\" name=\"_wpcf7_container_post\" value=\"0\" \/>\n<input type=\"hidden\" name=\"_wpcf7_posted_data_hash\" value=\"\" \/>\n<input type=\"hidden\" name=\"_wpcf7_recaptcha_response\" value=\"\" \/>\n<\/div>\n<div class=\"one-half\">\n\t<p><label> First name* <span class=\"wpcf7-form-control-wrap\" data-name=\"first-name\"><input size=\"40\" class=\"wpcf7-form-control wpcf7-text wpcf7-validates-as-required\" aria-required=\"true\" aria-invalid=\"false\" value=\"\" type=\"text\" name=\"first-name\" \/><\/span> <\/label>\n\t<\/p>\n\t<p><label> Last name* <span class=\"wpcf7-form-control-wrap\" data-name=\"last-name\"><input size=\"40\" class=\"wpcf7-form-control wpcf7-text wpcf7-validates-as-required\" aria-required=\"true\" aria-invalid=\"false\" value=\"\" type=\"text\" name=\"last-name\" \/><\/span> <\/label>\n\t<\/p>\n\t<p><label> company <span class=\"wpcf7-form-control-wrap\" data-name=\"company\"><input size=\"40\" class=\"wpcf7-form-control wpcf7-text\" aria-invalid=\"false\" value=\"\" type=\"text\" name=\"company\" \/><\/span> <\/label>\n\t<\/p>\n\t<p><label> E-mail address* <span class=\"wpcf7-form-control-wrap\" data-name=\"your-email\"><input size=\"40\" class=\"wpcf7-form-control wpcf7-text wpcf7-email wpcf7-validates-as-required wpcf7-validates-as-email\" aria-required=\"true\" aria-invalid=\"false\" value=\"\" type=\"email\" name=\"your-email\" \/><\/span> <\/label>\n\t<\/p>\n\t<p><label> phone number <span class=\"wpcf7-form-control-wrap\" data-name=\"your-phone\"><input size=\"40\" class=\"wpcf7-form-control wpcf7-text wpcf7-tel wpcf7-validates-as-tel\" aria-invalid=\"false\" value=\"\" type=\"tel\" name=\"your-phone\" \/><\/span> <\/label>\n\t<\/p>\n\t<p><label> country <span class=\"wpcf7-form-control-wrap\" data-name=\"country\"><select class=\"wpcf7-form-control wpcf7-select\" aria-invalid=\"false\" name=\"country\"><option value=\"Deutschland\">Germany<\/option><option value=\"\u00d6sterreich\">Austria<\/option><option value=\"Belgien\">Belgium<\/option><option value=\"Liechtenstein\">Liechtenstein<\/option><option value=\"Luxemburg\">Luxembourg<\/option><option value=\"Schweiz\">Switzerland<\/option><option value=\"-----\">-----<\/option><option value=\"Afghanistan\">Afghanistan<\/option><option value=\"Albanien\">Albania<\/option><option value=\"Algerien\">Algeria<\/option><option value=\"Amerikanische Jungferninseln\">American Virgin Islands<\/option><option value=\"Amerikanisch-Samoa\">American Samoa<\/option><option value=\"Andorra\">Andorra<\/option><option value=\"Angola\">Angola<\/option><option value=\"Anguilla\">anguilla<\/option><option value=\"Antigua und Barbuda\">Antigua and Barbuda<\/option><option value=\"Argentinien\">Argentina<\/option><option value=\"Armenien\">Armenia<\/option><option value=\"Aruba\">Aruba<\/option><option value=\"Australien\">Australia<\/option><option value=\"Aserbaidschan\">Azerbaijan<\/option><option value=\"Bahamas\">Bahamas<\/option><option value=\"Bahrain\">Bahrain<\/option><option value=\"Bangladesch\">Bangladesh<\/option><option value=\"Barbados\">Barbados<\/option><option value=\"Belarus\">Belarus<\/option><option value=\"Belize\">Belize<\/option><option value=\"Benin\">benin<\/option><option value=\"Bermuda\">bermuda<\/option><option value=\"Bhutan\">Bhutan<\/option><option value=\"Bolivien\">Bolivia<\/option><option value=\"Bonaire\">Bonaire<\/option><option value=\"Bosnien und Herzegowina\">Bosnia and Herzegovina<\/option><option value=\"Botswana\">Botswana<\/option><option value=\"Bouvet-Insel (Bouvetoya)\">Bouvet Island (Bouvetoya)<\/option><option value=\"Brasilien\">Brazil<\/option><option value=\"Britisches Territorium im Indischen Ozean (Chagos-Archipel)\">British Indian Ocean Territory (Chagos Archipelago)<\/option><option value=\"Britische Jungferninseln\">British Virgin Islands<\/option><option value=\"Brunei Darussalam\">Brunei Darussalam<\/option><option value=\"Bulgarien\">Bulgaria<\/option><option value=\"Burkina Faso\">Burkina Faso<\/option><option value=\"Burundi\">burundi<\/option><option value=\"Kambodscha\">Cambodia<\/option><option value=\"Kamerun\">Cameroon<\/option><option value=\"Canada\">Canada<\/option><option value=\"Kap Verde\">Cape Verde<\/option><option value=\"Cayman Islands\">Cayman Islands<\/option><option value=\"Zentralafrikanische Republik\">Central African Republic<\/option><option value=\"Chad\">Chad<\/option><option value=\"Chile\">Chile<\/option><option value=\"Weihnachtsinsel\">christmas island<\/option><option value=\"Cocos (Keeling) Inseln\">Cocos (Keeling) Islands<\/option><option value=\"Cookinseln\">Cook Islands<\/option><option value=\"Costa Rica\">Costa Rica<\/option><option value=\"Elfenbeink\u00fcste\">Ivory Coast<\/option><option value=\"Kuba\">Cuba<\/option><option value=\"Cura\u00e7ao\">Cura\u00e7ao<\/option><option value=\"Zypern\">Cyprus<\/option><option value=\"Zypern\">Cyprus<\/option><option value=\"Tschechische Republik\">Czech Republic<\/option><option value=\"D\u00e4nemark\">Denmark<\/option><option value=\"Dschibuti\">Djibouti<\/option><option value=\"Dominica\">Dominica<\/option><option value=\"Dominikanische Republik\">Dominican Republic<\/option><option value=\"Ecuador\">Ecuador<\/option><option value=\"\u00c4gypten\">Egypt<\/option><option value=\"El Salvador\">ElSalvador<\/option><option value=\"\u00c4quatorialguinea\">Equatorial Guinea<\/option><option value=\"Eritrea\">Eritrea<\/option><option value=\"Estland\">Estonia<\/option><option value=\"\u00c4thiopien\">Ethiopia<\/option><option value=\"Falklandinseln (Malvinas)\">Falkland Islands (Malvinas)<\/option><option value=\"F\u00e4r\u00f6er\">Faroe Islands<\/option><option value=\"Fidschi\">Fiji<\/option><option value=\"Finnland\">Finland<\/option><option value=\"Frankreich\">France<\/option><option value=\"Franz\u00f6sisch-Guayana\">French Guiana<\/option><option value=\"Franz\u00f6sisch-Polynesien\">French Polynesia<\/option><option value=\"Franz\u00f6sische S\u00fcdterritorien\">French Southern Territories<\/option><option value=\"Gabun\">Gabon<\/option><option value=\"Gambia\">Gambia<\/option><option value=\"Georgien\">Georgia<\/option><option value=\"Gibraltar\">Gibraltar<\/option><option value=\"Griechenland\">Greece<\/option><option value=\"Gr\u00f6nland\">Greenland<\/option><option value=\"Grenada\">Granada<\/option><option value=\"Guadeloupe\">Guadeloupe<\/option><option value=\"Guam\">Guam<\/option><option value=\"Guatemala\">Guatemala<\/option><option value=\"Guernsey\">guernsey<\/option><option value=\"Guinea\">Guinea<\/option><option value=\"Guinea-Bissau\">Guinea Bissau<\/option><option value=\"Guyana\">Guyana<\/option><option value=\"Haiti\">Haiti<\/option><option value=\"Heard Island und McDonald Islands\">Heard Island and McDonald Island<\/option><option value=\"Heiliger Stuhl (Vatikanstadt)\">Holy See (Vatican City)<\/option><option value=\"Honduras\">Honduras<\/option><option value=\"Hongkong\">Hong Kong<\/option><option value=\"Ungarn\">Hungary<\/option><option value=\"Island\">Iceland<\/option><option value=\"Indien\">India<\/option><option value=\"Indonesien\">Indonesia<\/option><option value=\"Iran\">Iran<\/option><option value=\"Irak\">Iraq<\/option><option value=\"Irland\">Ireland<\/option><option value=\"Isle of Man\">Isle of Man<\/option><option value=\"Israel\">Israel<\/option><option value=\"Italien\">Italy<\/option><option value=\"Jamaika\">Jamaica<\/option><option value=\"Japan\">Japan<\/option><option value=\"Jersey\">jersey<\/option><option value=\"Jordanien\">Jordan<\/option><option value=\"Kasachstan\">Kazakhstan<\/option><option value=\"Kasachstan\">Kazakhstan<\/option><option value=\"Kenia\">Kenya<\/option><option value=\"Kiribati\">Kiribati<\/option><option value=\"Kolumbien\">Colombia<\/option><option value=\"Komoren\">Comoros<\/option><option value=\"Kongo\">Congo<\/option><option value=\"Korea S\u00fcd\">Korea South<\/option><option value=\"Kuwait\">Kuwait<\/option><option value=\"Kirgisische Republik\">Kyrgyz Republic<\/option><option value=\"Laotische Demokratische Volksrepublik\">Lao People&#039;s Democratic Republic<\/option><option value=\"Lettland\">Latvia<\/option><option value=\"Libanon\">Lebanon<\/option><option value=\"Lesotho\">Lesotho<\/option><option value=\"Liberia\">Liberia<\/option><option value=\"Libysche Arabische Jamahiriya\">Libyan Arab Jamahiriya<\/option><option value=\"Litauen\">Lithuania<\/option><option value=\"Macao\">Macao<\/option><option value=\"Makedonien\">Macedonia<\/option><option value=\"Madagaskar\">Madagascar<\/option><option value=\"Malawi\">Malawi<\/option><option value=\"Malaysia\">Malaysia<\/option><option value=\"Malediven\">Maldives<\/option><option value=\"Mali\">mali<\/option><option value=\"Malta\">Malta<\/option><option value=\"Marshallinseln\">Marshall Islands<\/option><option value=\"Martinique\">Martinique<\/option><option value=\"Mauretanien\">Mauritania<\/option><option value=\"Mauritius\">Mauritius<\/option><option value=\"Mayotte\">Mayotte<\/option><option value=\"Mexiko\">Mexico<\/option><option value=\"Mikronesien\">Micronesia<\/option><option value=\"Moldau\">Moldova<\/option><option value=\"Monaco\">Monaco<\/option><option value=\"Mongolei\">Mongolia<\/option><option value=\"Montenegro\">Montenegro<\/option><option value=\"Montserrat\">Montserrat<\/option><option value=\"Marokko\">Morocco<\/option><option value=\"Mosambik\">Mozambique<\/option><option value=\"Myanmar\">Myanmar<\/option><option value=\"Namibia\">Namibia<\/option><option value=\"Nauru\">Nauru<\/option><option value=\"Nepal\">Nepal<\/option><option value=\"Niederlande\">Netherlands<\/option><option value=\"Niederl\u00e4ndische Antillen\">Netherlands Antilles<\/option><option value=\"Neukaledonien\">New Caledonia<\/option><option value=\"Neuseeland\">New Zealand<\/option><option value=\"Nicaragua\">Nicaragua<\/option><option value=\"Niger\">Niger<\/option><option value=\"Nigeria\">Nigeria<\/option><option value=\"Niue\">new<\/option><option value=\"Norfolkinsel\">Norfolk Island<\/option><option value=\"N\u00f6rdliche Marianen\">Northern Mariana Islands<\/option><option value=\"Norwegen\">Norway<\/option><option value=\"Oman\">Oman<\/option><option value=\"Pakistan\">Pakistan<\/option><option value=\"Palau\">Palau<\/option><option value=\"Pal\u00e4stinensische Gebiete\">Palestinian territories<\/option><option value=\"Panama\">Panama<\/option><option value=\"Papua-Neuguinea\">Papua New Guinea<\/option><option value=\"Paraguay\">Paraguay<\/option><option value=\"Peru\">Peru<\/option><option value=\"Philippinen\">Philippines<\/option><option value=\"Pitcairninseln\">Pitcairn Islands<\/option><option value=\"Polen\">Poland<\/option><option value=\"Portugal\">Portugal<\/option><option value=\"Puerto Rico\">Puerto Rico<\/option><option value=\"Katar\">Qatar<\/option><option value=\"R\u00e9union\">Reunion<\/option><option value=\"Rum\u00e4nien\">Romania<\/option><option value=\"Russische F\u00f6deration\">Russian Federation<\/option><option value=\"Ruanda\">Rwanda<\/option><option value=\"Sankt Barth\u00e9lemy\">Saint Barthelemy<\/option><option value=\"Heilige Helena\">Saint Helena<\/option><option value=\"Heilige Kitts und Nevis\">Saint Kitts and Nevis<\/option><option value=\"Heilige Lucia\">Saint Lucy<\/option><option value=\"Heilige Martin\">Saint Martin<\/option><option value=\"Saint Pierre und Miquelon\">Saint Pierre and Miquelon<\/option><option value=\"St. Vincent und die Grenadinen\">St. Vincent and the Grenadines<\/option><option value=\"Sambia\">Zambia<\/option><option value=\"Samoa\">Samoa<\/option><option value=\"San Marino\">San Marino<\/option><option value=\"Sao Tome und Principe\">Sao Tome and Principe<\/option><option value=\"Saudi-Arabien\">Saudi Arabia<\/option><option value=\"Senegal\">Senegal<\/option><option value=\"Serbien\">Serbia<\/option><option value=\"Seychellen\">Seychelles<\/option><option value=\"Sierra Leone\">Sierra Leone<\/option><option value=\"Simbabwe\">Zimbabwe<\/option><option value=\"Singapur\">Singapore<\/option><option value=\"Sint Maarten (Niederlande)\">Sint Maarten (Netherlands)<\/option><option value=\"Slowakei (Slowakische Republik)\">Slovakia (Slovak Republic)<\/option><option value=\"Slowenien\">Slovenia<\/option><option value=\"Salomonen\">Solomon Islands<\/option><option value=\"Somalia\">Somalia<\/option><option value=\"S\u00fcdafrika\">South Africa<\/option><option value=\"S\u00fcdgeorgien &amp; S. Sandwichinseln\">South Georgia &amp; S. Sandwich Islands<\/option><option value=\"Spanien\">Spain<\/option><option value=\"Sri Lanka\">Sri Lanka<\/option><option value=\"Sudan\">Sudan<\/option><option value=\"Suriname\">Suriname<\/option><option value=\"Svalbard &amp; Jan Mayen Inseln\">Svalbard &amp; Jan Mayen Islands<\/option><option value=\"Swasiland\">Swaziland<\/option><option value=\"Schweden\">Sweden<\/option><option value=\"Syrische Arabische Republik\">Syrian Arab Republic<\/option><option value=\"Taiwan\">Taiwan<\/option><option value=\"Tadschikistan\">Tajikistan<\/option><option value=\"Tansania\">Tanzania<\/option><option value=\"Timor-Leste\">Timor Leste<\/option><option value=\"Togo\">Togo<\/option><option value=\"Tokelau\">Tokelau<\/option><option value=\"Tonga\">Tonga<\/option><option value=\"Trinidad und Tobago\">Trinidad and Tobago<\/option><option value=\"Tunesien\">Tunisia<\/option><option value=\"T\u00fcrkei\">T\u00fcrkiye<\/option><option value=\"Turkmenistan\">Turkmenistan<\/option><option value=\"Turks- und Caicosinseln\">Turks and Caicos Islands<\/option><option value=\"Tuvalu\">Tuvalu<\/option><option value=\"Upper Minor Outlying Islands\">Upper Minor Outlying Islands<\/option><option value=\"Uganda\">Uganda<\/option><option value=\"Ukraine\">Ukraine<\/option><option value=\"Vereinigte Arabische Emirate\">United Arab Emirates<\/option><option value=\"Vereinigte Staaten von Amerika\">United States of America<\/option><option value=\"Vereinigtes K\u00f6nigreich\">United Kingdom<\/option><option value=\"Uruguay\">Uruguay<\/option><option value=\"Usbekistan\">Uzbekistan<\/option><option value=\"Vanuatu\">Vanuatu<\/option><option value=\"Venezuela\">Venezuela<\/option><option value=\"Vietnam\">Vietnam<\/option><option value=\"Wallis und Futuna\">Wallis and Futuna<\/option><option value=\"Westsahara\">Western Sahara<\/option><option value=\"Jemen\">Yemen<\/option><\/select><\/span> <\/label>\n\t<\/p>\n\t<p><label> address <span class=\"wpcf7-form-control-wrap\" data-name=\"address\"><input size=\"40\" class=\"wpcf7-form-control wpcf7-text\" aria-invalid=\"false\" value=\"\" type=\"text\" name=\"address\" \/><\/span> <\/label>\n\t<\/p>\n<\/div>\n<div class=\"one-half last\">\n\t<p><label> Regarding <span class=\"wpcf7-form-control-wrap subject-name\"><input name=\"subject-name\" class=\"wpcf7-form-control wpcf7dtx-dynamictext wpcf7-dynamictext\" size=\"40\" aria-invalid=\"false\" type=\"text\" value=\"Vakuumspeicher\" \/><\/span><\/label>\n\t<\/p>\n\t<p><label> News* <span class=\"wpcf7-form-control-wrap\" data-name=\"your-message\"><textarea cols=\"40\" rows=\"10\" class=\"wpcf7-form-control wpcf7-textarea\" aria-invalid=\"false\" name=\"your-message\"><\/textarea><\/span> <\/label>\n\t<\/p>\n\t<p><span class=\"wpcf7-form-control-wrap\" data-name=\"checkbox-403\"><span class=\"wpcf7-form-control wpcf7-checkbox wpcf7-validates-as-required\"><span class=\"wpcf7-list-item first last\"><label><input type=\"checkbox\" name=\"checkbox-403[]\" value=\"Ehrler &amp; Beck verwendet die zur Verf\u00fcgung gestellten Informationen nur zu Kontaktzwecken, Details entnehmen Sie bitte unserer Datenschutzerkl\u00e4rung.\" \/><span class=\"wpcf7-list-item-label\">Ehrler &amp; Beck only uses the information provided for contact purposes. Please refer to our data protection declaration for details.<\/span><\/label><\/span><\/span><\/span>\n\t<\/p>\n\t<p><span style=\"font-size: 10pt;\">*Required fields<\/span>\n\t<\/p>\n<\/div>\n<div class=\"tiaro-button-wrapper tiaro-alignright\">\n\t<p><input class=\"wpcf7-form-control has-spinner wpcf7-submit\" type=\"submit\" value=\"SEND REQUEST\" \/>\n\t<\/p>\n<\/div>\n<p>&nbsp;\n<\/p><div class=\"tiaro-alert alert custom alert-custom tiaro-alert-center wpcf7-response-output alert-dismissable\" style=\"--awb-border-size:1px;\" role=\"alert\"><div class=\"tiaro-alert-content-wrapper\"><span class=\"tiaro-alert-content\"><\/span><\/div><button type=\"button\" class=\"close toggle-alert\" data-dismiss=\"alert\" aria-label=\"Close\">\u00d7<\/button><\/div>\n<input type=\"hidden\" name=\"trp-form-language\" value=\"en\"\/><\/form>\n<\/div>","protected":false},"excerpt":{"rendered":"<p>Vakuumspeicher Serie BVR Die kompakten Vakuumspeicher der Serie BVR sind aus Stahlblech gefertigt und pulvere schichtet. Installiert ist ein Tr\u00e4gerblech f\u00fcr die Vakuumpumpe sowie ein R\u00fcckschlagventil, ein Vakuumfilter, ein Vakuummeter sowie ein Absperrhahn. Die Gr\u00f6\u00dfe des Vakuumspeichers ist abh\u00e4ngig von der Anzahl der Saugplatten, dem Volumen, der Verrohrung und der Anzahl der Arbeitszyklen. Gerne sind [&hellip;]<\/p>","protected":false},"author":1,"featured_media":0,"parent":2203,"menu_order":0,"comment_status":"closed","ping_status":"closed","template":"","meta":{"footnotes":""},"class_list":["post-9631","page","type-page","status-publish","hentry"],"acf":[],"_links":{"self":[{"href":"https:\/\/ehrler-beck.com\/en\/wp-json\/wp\/v2\/pages\/9631","targetHints":{"allow":["GET"]}}],"collection":[{"href":"https:\/\/ehrler-beck.com\/en\/wp-json\/wp\/v2\/pages"}],"about":[{"href":"https:\/\/ehrler-beck.com\/en\/wp-json\/wp\/v2\/types\/page"}],"author":[{"embeddable":true,"href":"https:\/\/ehrler-beck.com\/en\/wp-json\/wp\/v2\/users\/1"}],"replies":[{"embeddable":true,"href":"https:\/\/ehrler-beck.com\/en\/wp-json\/wp\/v2\/comments?post=9631"}],"version-history":[{"count":0,"href":"https:\/\/ehrler-beck.com\/en\/wp-json\/wp\/v2\/pages\/9631\/revisions"}],"up":[{"embeddable":true,"href":"https:\/\/ehrler-beck.com\/en\/wp-json\/wp\/v2\/pages\/2203"}],"wp:attachment":[{"href":"https:\/\/ehrler-beck.com\/en\/wp-json\/wp\/v2\/media?parent=9631"}],"curies":[{"name":"wp","href":"https:\/\/api.w.org\/{rel}","templated":true}]}}