{"id":9360,"date":"2017-12-13T12:22:11","date_gmt":"2017-12-13T11:22:11","guid":{"rendered":"http:\/\/ehrler-beck.com\/hersteller\/alternative-manufacturers"},"modified":"2018-02-01T11:34:00","modified_gmt":"2018-02-01T10:34:00","slug":"alternative-hersteller","status":"publish","type":"page","link":"https:\/\/ehrler-beck.com\/en\/manufacturers\/alternative-manufacturer","title":{"rendered":"alternative manufacturers"},"content":{"rendered":"<h1>alternative manufacturers<\/h1>\n<p><span class=\"intro-text\">Replaced by classic or modern products. Alternative pumps\/compressors can still offer a solution for specific needs. In addition to alternative pumps \/ compressors, we offer you spare parts and accessories.<\/span><\/p>\n<div class=\"tiaro-separator tiaro-full-width-sep\" style=\"align-self: center;margin-left: auto;margin-right: auto;margin-bottom:25px;width:100%;\"><div class=\"tiaro-separator-border sep-shadow\" style=\"--awb-height:20px;--awb-amount:20px;--awb-sep-color:#00b3a7;background:radial-gradient(ellipse at 50% -50% , #00b3a7 0px, rgba(255, 255, 255, 0) 80%) repeat scroll 0 0 rgba(0, 0, 0, 0);background:-webkit-radial-gradient(ellipse at 50% -50% , #00b3a7 0px, rgba(255, 255, 255, 0) 80%) repeat scroll 0 0 rgba(0, 0, 0, 0);background:-moz-radial-gradient(ellipse at 50% -50% , #00b3a7 0px, rgba(255, 255, 255, 0) 80%) repeat scroll 0 0 rgba(0, 0, 0, 0);background:-o-radial-gradient(ellipse at 50% -50% , #00b3a7 0px, rgba(255, 255, 255, 0) 80%) repeat scroll 0 0 rgba(0, 0, 0, 0);\"><\/div><\/div>\n<div class=\"row\">\n<div class=\"col-sm-4\"><a href=\"https:\/\/ehrler-beck.com\/en\/products\/vacuum-pumps\/oil-lubricated-rotary-vane-vacuum-pumps\/alternative-devices\/\">Rotary vane vacuum pumps, oil lubricated<\/a><\/p>\n<hr \/>\n<p><a href=\"https:\/\/ehrler-beck.com\/en\/products\/vacuum-pumps\/rotary-vane-vacuum-pumps-oil-free\/alternative-devices-2\/\">Rotary vane vacuum pumps, oil-free<\/a><\/p>\n<hr \/>\n<p><a href=\"https:\/\/ehrler-beck.com\/en\/products\/compressors-and-compressors\/rotary-vane-oil-free\/alternative-devices-2\/\">Rotary vane compressor, oil-free<\/a><\/p>\n<hr \/>\n<\/div>\n<div class=\"col-sm-4\"><a href=\"https:\/\/ehrler-beck.com\/en\/products\/pressure-vacuum-pumps\/rotary-vane-oil-free-2\/alternative-devices-2\/\">Rotary vane, oil-free<\/a><\/p>\n<hr \/>\n<p><a href=\"https:\/\/ehrler-beck.com\/en\/products\/vacuum-pumps\/side-channel-vacuum-pumps\/alternative-devices-2\/\">Side channel vacuum pumps<\/a><\/p>\n<hr \/>\n<p><a href=\"https:\/\/ehrler-beck.com\/en\/products\/compressors-and-compressors\/side-channel-compressor\/alternative-garaete\/\">Side channel compressor<\/a><\/p>\n<hr \/>\n<\/div>\n<div class=\"col-sm-4\"><a href=\"https:\/\/ehrler-beck.com\/en\/products\/vacuum-pumps\/liquid-ring-vacuum-pumps\/alternative-devices-2\/\">liquid ring vacuum pumps<\/a><\/p>\n<hr \/>\n<p><a href=\"https:\/\/ehrler-beck.com\/en\/products\/vacuum-pumps\/radial-vacuum-pumps-2\/alternative-devices-2\/\">Centrifugal vacuum pumps<\/a><\/p>\n<hr \/>\n<p><a href=\"https:\/\/ehrler-beck.com\/en\/products\/compressors-and-compressors\/centrifugal-compressor\/alternative-devices-2\/\">centrifugal compressor<\/a><\/p>\n<hr \/>\n<\/div>\n<\/div>","protected":false},"excerpt":{"rendered":"<p>Alternative Hersteller Ersetzt durch klassische oder moderne Produkte. Alternative Pumpen \/ Kompressoren k\u00f6nnen immer noch eine L\u00f6sung f\u00fcr spezifische Anforderungen bieten. Neben alternativen Pumpen \/ Kompressoren bieten wir ihnen Ersatzteile und Zubeh\u00f6r an. Drehschieber-Vakuumpumpen, \u00f6lgeschmiert Drehschieber-Vakuumpumpen, \u00f6lfrei Drehschieber-Verdichter, \u00f6lfrei Drehschieber, \u00f6lfrei Seitenkanal-Vakuumpumpen Seitenkanal-Verdichter Fl\u00fcssigketsring-Vakuumpumpen Radial-Vakuumpumpen Radial-Verdichter<\/p>","protected":false},"author":1,"featured_media":0,"parent":374,"menu_order":0,"comment_status":"closed","ping_status":"closed","template":"","meta":{"footnotes":""},"class_list":["post-9360","page","type-page","status-publish","hentry"],"acf":[],"_links":{"self":[{"href":"https:\/\/ehrler-beck.com\/en\/wp-json\/wp\/v2\/pages\/9360","targetHints":{"allow":["GET"]}}],"collection":[{"href":"https:\/\/ehrler-beck.com\/en\/wp-json\/wp\/v2\/pages"}],"about":[{"href":"https:\/\/ehrler-beck.com\/en\/wp-json\/wp\/v2\/types\/page"}],"author":[{"embeddable":true,"href":"https:\/\/ehrler-beck.com\/en\/wp-json\/wp\/v2\/users\/1"}],"replies":[{"embeddable":true,"href":"https:\/\/ehrler-beck.com\/en\/wp-json\/wp\/v2\/comments?post=9360"}],"version-history":[{"count":0,"href":"https:\/\/ehrler-beck.com\/en\/wp-json\/wp\/v2\/pages\/9360\/revisions"}],"up":[{"embeddable":true,"href":"https:\/\/ehrler-beck.com\/en\/wp-json\/wp\/v2\/pages\/374"}],"wp:attachment":[{"href":"https:\/\/ehrler-beck.com\/en\/wp-json\/wp\/v2\/media?parent=9360"}],"curies":[{"name":"wp","href":"https:\/\/api.w.org\/{rel}","templated":true}]}}