{"id":5049,"date":"2017-11-07T14:20:18","date_gmt":"2017-11-07T13:20:18","guid":{"rendered":"http:\/\/ehrler-beck.com?page_id=5049"},"modified":"2017-12-21T12:25:31","modified_gmt":"2017-12-21T11:25:31","slug":"oele-fette-und-schmierstoffe","status":"publish","type":"page","link":"https:\/\/ehrler-beck.com\/en\/products\/spare-parts-and-accessories\/oele-fette-und-schmierstoffe","title":{"rendered":"\u00d6le, Fette und Schmierstoffe"},"content":{"rendered":"<h1>\u00d6LE, FETTE UND SCHMIERSTOFFE<\/h1>\n<div class=\"tiaro-separator tiaro-full-width-sep\" style=\"align-self: center;margin-left: auto;margin-right: auto;width:100%;\"><div class=\"tiaro-separator-border sep-shadow\" style=\"--awb-height:20px;--awb-amount:20px;--awb-sep-color:#00b3a7;background:radial-gradient(ellipse at 50% -50% , #00b3a7 0px, rgba(255, 255, 255, 0) 80%) repeat scroll 0 0 rgba(0, 0, 0, 0);background:-webkit-radial-gradient(ellipse at 50% -50% , #00b3a7 0px, rgba(255, 255, 255, 0) 80%) repeat scroll 0 0 rgba(0, 0, 0, 0);background:-moz-radial-gradient(ellipse at 50% -50% , #00b3a7 0px, rgba(255, 255, 255, 0) 80%) repeat scroll 0 0 rgba(0, 0, 0, 0);background:-o-radial-gradient(ellipse at 50% -50% , #00b3a7 0px, rgba(255, 255, 255, 0) 80%) repeat scroll 0 0 rgba(0, 0, 0, 0);\"><\/div><\/div>\n<h2>BECKER &#8211; \u00d6LE UND SCHMIERSTOFFE<\/h2>\n<ul>\n<li>Becker \u00d6l Lube M100 \/ \u00d6l Lube M 100 (U-Pumpen)<\/li>\n<li>Becker \u00d6l Lube S100 \/ \u00d6l Lube S 100 (U-Pumpen)<\/li>\n<li>Becker \u00d6l Lube M320 \/ \u00d6l Lube M 320 (DKW, VPF, DVP, L\/V)<\/li>\n<li>Becker \u00d6l Lube SL100 Food \/ \u00d6l Lube SL 100 Food (U-Pumpen)<\/li>\n<li>Becker \u00d6l Lube S320 \/ \u00d6l Lube S 320 (DP98, DP2.100, DP2.140)<\/li>\n<li>Becker \u00d6l Lube G90 \/ \u00d6l Lube G 90 (RV 33)<\/li>\n<li>Enersyn RC-S46 (VADS650)<\/li>\n<li>Tellus S2 M68 \/ S2 M 68 (VADS1500)<\/li>\n<li>Schmierfett Lube10 \/ Lube 10<\/li>\n<\/ul>\n<hr \/>\n<h2>BUSCH &#8211; \u00d6LE F\u00dcR VAKUUMPUMPEN R 5 0025 &#8211; 1600<\/h2>\n<p>Mineral\u00f6l = unlegiertes Verdichter\u00f6l f\u00fcr Standardapplikationen<\/p>\n<ul>\n<li>VM032 \/ VM 032<\/li>\n<li>VM068 \/ VM 068<\/li>\n<li>VM100 \/ VM 100<\/li>\n<li>VM150 \/ VM 150<\/li>\n<li>VMH100 \/ VMH 100<\/li>\n<\/ul>\n<p>PAO = synthetische Schmierstoffe f\u00fcr Einsatz in Lebensmittelindustrie<\/p>\n<ul>\n<li>VSL032 \/ VSL 032<\/li>\n<li>VSL068 \/ VSL 068<\/li>\n<li>VSL100 \/ VSL 100<\/li>\n<\/ul>\n<p>Diester = Vollsynthetik\u00f6l f\u00fcr extrem belastete Vakuumprozesse<\/p>\n<ul>\n<li>VE101 \/ VE 101<\/li>\n<\/ul>\n<hr \/>\n<h2>ELMO RIETSCHLE \/ GARDNER DENVER &#8211; \u00d6LE F\u00dcR VAKUUMPUMPEN UND VERDICHTER<\/h2>\n<ul>\n<li>Mineral\u00f6l mit besonders hohem Wasserabscheideverm\u00f6gen<br \/>\nMulti-Lube<\/li>\n<li>Synthetik\u00f6l besonders geeignet f\u00fcr hohe Umgebungstemperaturen<br \/>\nSuper-Lube<\/li>\n<li>Synthetik\u00f6l f\u00fcr den Einsatz in der Lebensmittel &#8211; und Pharmaindustrie<br \/>\nEco-Lube<\/li>\n<li>Synthetik\u00f6l zum F\u00f6rdern von gasf\u00f6rmigem Sauerstoff in Vakuumpumpen<br \/>\nOxy-Lube Plus<\/li>\n<li>Synthetisches Lager- und Getriebe\u00f6l f\u00fcr hohe und niedere Umgebungstemperaturen<br \/>\nGear-Lube<\/li>\n<\/ul>\n<hr \/>\n<h2>OERLIKON LEYBOLD VAKUUM &#8211; \u00d6LE \/ FETTE \/ BETRIEBSMITTEL<\/h2>\n<p>Mineral\u00f6l \/ Vakuumpumpen\u00f6l \/ LEYBONOL<\/p>\n<ul>\n<li>LVO 100 | LVO 110 | LVO 120 | LVO 130 | LVO 140 | LVO 150 | LVO 160<\/li>\n<li>GS 32 \/ GS 77<\/li>\n<li>GS FM 32 \/ GS FM 68<\/li>\n<\/ul>\n<p>Ester\u00f6l \/ Vakuumpumpen\u00f6l \/ LEYBONOL<\/p>\n<ul>\n<li>LVO 200 | LVO 210 | LVO 220 | LVO 230 | LVO 240 | LVO 250 | LVO 260<\/li>\n<li>GS 32 \/ GS 77<\/li>\n<li>GS FM 32 \/ GS FM 68<\/li>\n<\/ul>\n<p>PAO-\u00d6l \/ Vakuumpumpen\u00f6l \/ LEYBONOL<\/p>\n<ul>\n<li>LVO 300 | LVO 310<\/li>\n<\/ul>\n<p>PFPE-\u00d6l \/ Vakuumpumpen\u00f6l \/ LEYBONOL<\/p>\n<ul>\n<li>LVO 400 | LVO 410 | LVO 420<\/li>\n<\/ul>\n<p><strong>Treibmittel<\/strong><\/p>\n<p>DIFFELEN | ULTRALEN | Silikon\u00f6l<br \/>\nLEYBONOL LVO 500 | LVO 510 | LVO 520 | LVO 530 | LVO 540<\/p>\n<p><strong>Spezialschmierstoffe<\/strong><\/p>\n<p>LEYBONAL LVO 700<\/p>\n<p><strong>fats<\/strong><\/p>\n<p>RAMSAY | GLEITLEN | LITHELEN | DYNAFAT | Silikon-Hochvakuum-Fett<br \/>\nLEYBONAL LVA 810 | LVY 870 | LVO 871 | LVO 872<\/p>\n<hr \/>\n<h2>KL\u00dcBER TYRENO FLUID M-100V<\/h2>\n<p>f\u00fcr das Grob- und Fein-Vakuum (mechan. Vorpumpen)<\/p>\n<p>Produktinformationen<\/p>\n<p>Kl\u00fcber Tyreno Fluid M-100V ist ein Mineral\u00f6l, Kernfraktion.<\/p>\n<p>Vorteile f\u00fcr Ihre Anwendung<\/p>\n<ul>\n<li>Niedrige erreichbare Enddr\u00fccke, niedere R\u00fcckstr\u00f6mrate<\/li>\n<li>Sehr gutes Preis-\/Leistungsverh\u00e4ltnis f\u00fcr universelle Anwendungen<\/li>\n<li>F\u00fcr \u00f6lgedichtete ein- und zweistufige Pumpen geeignet<\/li>\n<\/ul>\n<div class=\"tiaro-modal modal fade modal-1 kontakt-formular\" tabindex=\"-1\" role=\"dialog\" aria-labelledby=\"modal-heading-1\" aria-hidden=\"true\" style=\"--awb-border-color:#00b3a7;--awb-background:#ffffff;\"><div class=\"modal-dialog modal-lg\" role=\"document\"><div class=\"modal-content tiaro-modal-content\"><div class=\"modal-header\"><button class=\"close\" type=\"button\" data-dismiss=\"modal\" aria-hidden=\"true\" aria-label=\"Close\">\u00d7<\/button><h3 class=\"modal-title\" id=\"modal-heading-1\" data-dismiss=\"modal\" aria-hidden=\"true\">CONTACT US<\/h3><\/div><div class=\"modal-body tiaro-clearfix\"><\/p>\n<p>\n<div class=\"wpcf7 no-js\" id=\"wpcf7-f6621-o1\" lang=\"en-US\" dir=\"ltr\">\n<div class=\"screen-reader-response\"><p role=\"status\" aria-live=\"polite\" aria-atomic=\"true\"><\/p> <ul><\/ul><\/div>\n<form action=\"\/en\/wp-json\/wp\/v2\/pages\/5049#wpcf7-f6621-o1\" method=\"post\" class=\"wpcf7-form init\" aria-label=\"Contact form\" novalidate=\"novalidate\" data-status=\"init\" data-trp-original-action=\"\/en\/wp-json\/wp\/v2\/pages\/5049#wpcf7-f6621-o1\">\n<div style=\"display: none;\">\n<input type=\"hidden\" name=\"_wpcf7\" value=\"6621\" \/>\n<input type=\"hidden\" name=\"_wpcf7_version\" value=\"5.7.7\" \/>\n<input type=\"hidden\" name=\"_wpcf7_locale\" value=\"en_US\" \/>\n<input type=\"hidden\" name=\"_wpcf7_unit_tag\" value=\"wpcf7-f6621-o1\" \/>\n<input type=\"hidden\" name=\"_wpcf7_container_post\" value=\"0\" \/>\n<input type=\"hidden\" name=\"_wpcf7_posted_data_hash\" value=\"\" \/>\n<input type=\"hidden\" name=\"_wpcf7_recaptcha_response\" value=\"\" \/>\n<\/div>\n<div class=\"one-half\">\n\t<p><label> First name* <span class=\"wpcf7-form-control-wrap\" data-name=\"first-name\"><input size=\"40\" class=\"wpcf7-form-control wpcf7-text wpcf7-validates-as-required\" aria-required=\"true\" aria-invalid=\"false\" value=\"\" type=\"text\" name=\"first-name\" \/><\/span> <\/label>\n\t<\/p>\n\t<p><label> Last name* <span class=\"wpcf7-form-control-wrap\" data-name=\"last-name\"><input size=\"40\" class=\"wpcf7-form-control wpcf7-text wpcf7-validates-as-required\" aria-required=\"true\" aria-invalid=\"false\" value=\"\" type=\"text\" name=\"last-name\" \/><\/span> <\/label>\n\t<\/p>\n\t<p><label> company <span class=\"wpcf7-form-control-wrap\" data-name=\"company\"><input size=\"40\" class=\"wpcf7-form-control wpcf7-text\" aria-invalid=\"false\" value=\"\" type=\"text\" name=\"company\" \/><\/span> <\/label>\n\t<\/p>\n\t<p><label> E-mail address* <span class=\"wpcf7-form-control-wrap\" data-name=\"your-email\"><input size=\"40\" class=\"wpcf7-form-control wpcf7-text wpcf7-email wpcf7-validates-as-required wpcf7-validates-as-email\" aria-required=\"true\" aria-invalid=\"false\" value=\"\" type=\"email\" name=\"your-email\" \/><\/span> <\/label>\n\t<\/p>\n\t<p><label> phone number <span class=\"wpcf7-form-control-wrap\" data-name=\"your-phone\"><input size=\"40\" class=\"wpcf7-form-control wpcf7-text wpcf7-tel wpcf7-validates-as-tel\" aria-invalid=\"false\" value=\"\" type=\"tel\" name=\"your-phone\" \/><\/span> <\/label>\n\t<\/p>\n\t<p><label> country <span class=\"wpcf7-form-control-wrap\" data-name=\"country\"><select class=\"wpcf7-form-control wpcf7-select\" aria-invalid=\"false\" name=\"country\"><option value=\"Deutschland\">Germany<\/option><option value=\"\u00d6sterreich\">Austria<\/option><option value=\"Belgien\">Belgium<\/option><option value=\"Liechtenstein\">Liechtenstein<\/option><option value=\"Luxemburg\">Luxembourg<\/option><option value=\"Schweiz\">Switzerland<\/option><option value=\"-----\">-----<\/option><option value=\"Afghanistan\">Afghanistan<\/option><option value=\"Albanien\">Albania<\/option><option value=\"Algerien\">Algeria<\/option><option value=\"Amerikanische Jungferninseln\">American Virgin Islands<\/option><option value=\"Amerikanisch-Samoa\">American Samoa<\/option><option value=\"Andorra\">Andorra<\/option><option value=\"Angola\">Angola<\/option><option value=\"Anguilla\">anguilla<\/option><option value=\"Antigua und Barbuda\">Antigua and Barbuda<\/option><option value=\"Argentinien\">Argentina<\/option><option value=\"Armenien\">Armenia<\/option><option value=\"Aruba\">Aruba<\/option><option value=\"Australien\">Australia<\/option><option value=\"Aserbaidschan\">Azerbaijan<\/option><option value=\"Bahamas\">Bahamas<\/option><option value=\"Bahrain\">Bahrain<\/option><option value=\"Bangladesch\">Bangladesh<\/option><option value=\"Barbados\">Barbados<\/option><option value=\"Belarus\">Belarus<\/option><option value=\"Belize\">Belize<\/option><option value=\"Benin\">benin<\/option><option value=\"Bermuda\">bermuda<\/option><option value=\"Bhutan\">Bhutan<\/option><option value=\"Bolivien\">Bolivia<\/option><option value=\"Bonaire\">Bonaire<\/option><option value=\"Bosnien und Herzegowina\">Bosnia and Herzegovina<\/option><option value=\"Botswana\">Botswana<\/option><option value=\"Bouvet-Insel (Bouvetoya)\">Bouvet Island (Bouvetoya)<\/option><option value=\"Brasilien\">Brazil<\/option><option value=\"Britisches Territorium im Indischen Ozean (Chagos-Archipel)\">British Indian Ocean Territory (Chagos Archipelago)<\/option><option value=\"Britische Jungferninseln\">British Virgin Islands<\/option><option value=\"Brunei Darussalam\">Brunei Darussalam<\/option><option value=\"Bulgarien\">Bulgaria<\/option><option value=\"Burkina Faso\">Burkina Faso<\/option><option value=\"Burundi\">burundi<\/option><option value=\"Kambodscha\">Cambodia<\/option><option value=\"Kamerun\">Cameroon<\/option><option value=\"Canada\">Canada<\/option><option value=\"Kap Verde\">Cape Verde<\/option><option value=\"Cayman Islands\">Cayman Islands<\/option><option value=\"Zentralafrikanische Republik\">Central African Republic<\/option><option value=\"Chad\">Chad<\/option><option value=\"Chile\">Chile<\/option><option value=\"Weihnachtsinsel\">christmas island<\/option><option value=\"Cocos (Keeling) Inseln\">Cocos (Keeling) Islands<\/option><option value=\"Cookinseln\">Cook Islands<\/option><option value=\"Costa Rica\">Costa Rica<\/option><option value=\"Elfenbeink\u00fcste\">Ivory Coast<\/option><option value=\"Kuba\">Cuba<\/option><option value=\"Cura\u00e7ao\">Cura\u00e7ao<\/option><option value=\"Zypern\">Cyprus<\/option><option value=\"Zypern\">Cyprus<\/option><option value=\"Tschechische Republik\">Czech Republic<\/option><option value=\"D\u00e4nemark\">Denmark<\/option><option value=\"Dschibuti\">Djibouti<\/option><option value=\"Dominica\">Dominica<\/option><option value=\"Dominikanische Republik\">Dominican Republic<\/option><option value=\"Ecuador\">Ecuador<\/option><option value=\"\u00c4gypten\">Egypt<\/option><option value=\"El Salvador\">ElSalvador<\/option><option value=\"\u00c4quatorialguinea\">Equatorial Guinea<\/option><option value=\"Eritrea\">Eritrea<\/option><option value=\"Estland\">Estonia<\/option><option value=\"\u00c4thiopien\">Ethiopia<\/option><option value=\"Falklandinseln (Malvinas)\">Falkland Islands (Malvinas)<\/option><option value=\"F\u00e4r\u00f6er\">Faroe Islands<\/option><option value=\"Fidschi\">Fiji<\/option><option value=\"Finnland\">Finland<\/option><option value=\"Frankreich\">France<\/option><option value=\"Franz\u00f6sisch-Guayana\">French Guiana<\/option><option value=\"Franz\u00f6sisch-Polynesien\">French Polynesia<\/option><option value=\"Franz\u00f6sische S\u00fcdterritorien\">French Southern Territories<\/option><option value=\"Gabun\">Gabon<\/option><option value=\"Gambia\">Gambia<\/option><option value=\"Georgien\">Georgia<\/option><option value=\"Gibraltar\">Gibraltar<\/option><option value=\"Griechenland\">Greece<\/option><option value=\"Gr\u00f6nland\">Greenland<\/option><option value=\"Grenada\">Granada<\/option><option value=\"Guadeloupe\">Guadeloupe<\/option><option value=\"Guam\">Guam<\/option><option value=\"Guatemala\">Guatemala<\/option><option value=\"Guernsey\">guernsey<\/option><option value=\"Guinea\">Guinea<\/option><option value=\"Guinea-Bissau\">Guinea Bissau<\/option><option value=\"Guyana\">Guyana<\/option><option value=\"Haiti\">Haiti<\/option><option value=\"Heard Island und McDonald Islands\">Heard Island and McDonald Island<\/option><option value=\"Heiliger Stuhl (Vatikanstadt)\">Holy See (Vatican City)<\/option><option value=\"Honduras\">Honduras<\/option><option value=\"Hongkong\">Hong Kong<\/option><option value=\"Ungarn\">Hungary<\/option><option value=\"Island\">Iceland<\/option><option value=\"Indien\">India<\/option><option value=\"Indonesien\">Indonesia<\/option><option value=\"Iran\">Iran<\/option><option value=\"Irak\">Iraq<\/option><option value=\"Irland\">Ireland<\/option><option value=\"Isle of Man\">Isle of Man<\/option><option value=\"Israel\">Israel<\/option><option value=\"Italien\">Italy<\/option><option value=\"Jamaika\">Jamaica<\/option><option value=\"Japan\">Japan<\/option><option value=\"Jersey\">jersey<\/option><option value=\"Jordanien\">Jordan<\/option><option value=\"Kasachstan\">Kazakhstan<\/option><option value=\"Kasachstan\">Kazakhstan<\/option><option value=\"Kenia\">Kenya<\/option><option value=\"Kiribati\">Kiribati<\/option><option value=\"Kolumbien\">Colombia<\/option><option value=\"Komoren\">Comoros<\/option><option value=\"Kongo\">Congo<\/option><option value=\"Korea S\u00fcd\">Korea South<\/option><option value=\"Kuwait\">Kuwait<\/option><option value=\"Kirgisische Republik\">Kyrgyz Republic<\/option><option value=\"Laotische Demokratische Volksrepublik\">Lao People&#039;s Democratic Republic<\/option><option value=\"Lettland\">Latvia<\/option><option value=\"Libanon\">Lebanon<\/option><option value=\"Lesotho\">Lesotho<\/option><option value=\"Liberia\">Liberia<\/option><option value=\"Libysche Arabische Jamahiriya\">Libyan Arab Jamahiriya<\/option><option value=\"Litauen\">Lithuania<\/option><option value=\"Macao\">Macao<\/option><option value=\"Makedonien\">Macedonia<\/option><option value=\"Madagaskar\">Madagascar<\/option><option value=\"Malawi\">Malawi<\/option><option value=\"Malaysia\">Malaysia<\/option><option value=\"Malediven\">Maldives<\/option><option value=\"Mali\">mali<\/option><option value=\"Malta\">Malta<\/option><option value=\"Marshallinseln\">Marshall Islands<\/option><option value=\"Martinique\">Martinique<\/option><option value=\"Mauretanien\">Mauritania<\/option><option value=\"Mauritius\">Mauritius<\/option><option value=\"Mayotte\">Mayotte<\/option><option value=\"Mexiko\">Mexico<\/option><option value=\"Mikronesien\">Micronesia<\/option><option value=\"Moldau\">Moldova<\/option><option value=\"Monaco\">Monaco<\/option><option value=\"Mongolei\">Mongolia<\/option><option value=\"Montenegro\">Montenegro<\/option><option value=\"Montserrat\">Montserrat<\/option><option value=\"Marokko\">Morocco<\/option><option value=\"Mosambik\">Mozambique<\/option><option value=\"Myanmar\">Myanmar<\/option><option value=\"Namibia\">Namibia<\/option><option value=\"Nauru\">Nauru<\/option><option value=\"Nepal\">Nepal<\/option><option value=\"Niederlande\">Netherlands<\/option><option value=\"Niederl\u00e4ndische Antillen\">Netherlands Antilles<\/option><option value=\"Neukaledonien\">New Caledonia<\/option><option value=\"Neuseeland\">New Zealand<\/option><option value=\"Nicaragua\">Nicaragua<\/option><option value=\"Niger\">Niger<\/option><option value=\"Nigeria\">Nigeria<\/option><option value=\"Niue\">new<\/option><option value=\"Norfolkinsel\">Norfolk Island<\/option><option value=\"N\u00f6rdliche Marianen\">Northern Mariana Islands<\/option><option value=\"Norwegen\">Norway<\/option><option value=\"Oman\">Oman<\/option><option value=\"Pakistan\">Pakistan<\/option><option value=\"Palau\">Palau<\/option><option value=\"Pal\u00e4stinensische Gebiete\">Palestinian territories<\/option><option value=\"Panama\">Panama<\/option><option value=\"Papua-Neuguinea\">Papua New Guinea<\/option><option value=\"Paraguay\">Paraguay<\/option><option value=\"Peru\">Peru<\/option><option value=\"Philippinen\">Philippines<\/option><option value=\"Pitcairninseln\">Pitcairn Islands<\/option><option value=\"Polen\">Poland<\/option><option value=\"Portugal\">Portugal<\/option><option value=\"Puerto Rico\">Puerto Rico<\/option><option value=\"Katar\">Qatar<\/option><option value=\"R\u00e9union\">Reunion<\/option><option value=\"Rum\u00e4nien\">Romania<\/option><option value=\"Russische F\u00f6deration\">Russian Federation<\/option><option value=\"Ruanda\">Rwanda<\/option><option value=\"Sankt Barth\u00e9lemy\">Saint Barthelemy<\/option><option value=\"Heilige Helena\">Saint Helena<\/option><option value=\"Heilige Kitts und Nevis\">Saint Kitts and Nevis<\/option><option value=\"Heilige Lucia\">Saint Lucy<\/option><option value=\"Heilige Martin\">Saint Martin<\/option><option value=\"Saint Pierre und Miquelon\">Saint Pierre and Miquelon<\/option><option value=\"St. Vincent und die Grenadinen\">St. Vincent and the Grenadines<\/option><option value=\"Sambia\">Zambia<\/option><option value=\"Samoa\">Samoa<\/option><option value=\"San Marino\">San Marino<\/option><option value=\"Sao Tome und Principe\">Sao Tome and Principe<\/option><option value=\"Saudi-Arabien\">Saudi Arabia<\/option><option value=\"Senegal\">Senegal<\/option><option value=\"Serbien\">Serbia<\/option><option value=\"Seychellen\">Seychelles<\/option><option value=\"Sierra Leone\">Sierra Leone<\/option><option value=\"Simbabwe\">Zimbabwe<\/option><option value=\"Singapur\">Singapore<\/option><option value=\"Sint Maarten (Niederlande)\">Sint Maarten (Netherlands)<\/option><option value=\"Slowakei (Slowakische Republik)\">Slovakia (Slovak Republic)<\/option><option value=\"Slowenien\">Slovenia<\/option><option value=\"Salomonen\">Solomon Islands<\/option><option value=\"Somalia\">Somalia<\/option><option value=\"S\u00fcdafrika\">South Africa<\/option><option value=\"S\u00fcdgeorgien &amp; S. Sandwichinseln\">South Georgia &amp; S. Sandwich Islands<\/option><option value=\"Spanien\">Spain<\/option><option value=\"Sri Lanka\">Sri Lanka<\/option><option value=\"Sudan\">Sudan<\/option><option value=\"Suriname\">Suriname<\/option><option value=\"Svalbard &amp; Jan Mayen Inseln\">Svalbard &amp; Jan Mayen Islands<\/option><option value=\"Swasiland\">Swaziland<\/option><option value=\"Schweden\">Sweden<\/option><option value=\"Syrische Arabische Republik\">Syrian Arab Republic<\/option><option value=\"Taiwan\">Taiwan<\/option><option value=\"Tadschikistan\">Tajikistan<\/option><option value=\"Tansania\">Tanzania<\/option><option value=\"Timor-Leste\">Timor Leste<\/option><option value=\"Togo\">Togo<\/option><option value=\"Tokelau\">Tokelau<\/option><option value=\"Tonga\">Tonga<\/option><option value=\"Trinidad und Tobago\">Trinidad and Tobago<\/option><option value=\"Tunesien\">Tunisia<\/option><option value=\"T\u00fcrkei\">T\u00fcrkiye<\/option><option value=\"Turkmenistan\">Turkmenistan<\/option><option value=\"Turks- und Caicosinseln\">Turks and Caicos Islands<\/option><option value=\"Tuvalu\">Tuvalu<\/option><option value=\"Upper Minor Outlying Islands\">Upper Minor Outlying Islands<\/option><option value=\"Uganda\">Uganda<\/option><option value=\"Ukraine\">Ukraine<\/option><option value=\"Vereinigte Arabische Emirate\">United Arab Emirates<\/option><option value=\"Vereinigte Staaten von Amerika\">United States of America<\/option><option value=\"Vereinigtes K\u00f6nigreich\">United Kingdom<\/option><option value=\"Uruguay\">Uruguay<\/option><option value=\"Usbekistan\">Uzbekistan<\/option><option value=\"Vanuatu\">Vanuatu<\/option><option value=\"Venezuela\">Venezuela<\/option><option value=\"Vietnam\">Vietnam<\/option><option value=\"Wallis und Futuna\">Wallis and Futuna<\/option><option value=\"Westsahara\">Western Sahara<\/option><option value=\"Jemen\">Yemen<\/option><\/select><\/span> <\/label>\n\t<\/p>\n\t<p><label> address <span class=\"wpcf7-form-control-wrap\" data-name=\"address\"><input size=\"40\" class=\"wpcf7-form-control wpcf7-text\" aria-invalid=\"false\" value=\"\" type=\"text\" name=\"address\" \/><\/span> <\/label>\n\t<\/p>\n<\/div>\n<div class=\"one-half last\">\n\t<p><label> Regarding <span class=\"wpcf7-form-control-wrap subject-name\"><input name=\"subject-name\" class=\"wpcf7-form-control wpcf7dtx-dynamictext wpcf7-dynamictext\" size=\"40\" aria-invalid=\"false\" type=\"text\" value=\"\u00d6le, Fette und Schmierstoffe\" \/><\/span><\/label>\n\t<\/p>\n\t<p><label> News* <span class=\"wpcf7-form-control-wrap\" data-name=\"your-message\"><textarea cols=\"40\" rows=\"10\" class=\"wpcf7-form-control wpcf7-textarea\" aria-invalid=\"false\" name=\"your-message\"><\/textarea><\/span> <\/label>\n\t<\/p>\n\t<p><span class=\"wpcf7-form-control-wrap\" data-name=\"checkbox-403\"><span class=\"wpcf7-form-control wpcf7-checkbox wpcf7-validates-as-required\"><span class=\"wpcf7-list-item first last\"><label><input type=\"checkbox\" name=\"checkbox-403[]\" value=\"Ehrler &amp; Beck verwendet die zur Verf\u00fcgung gestellten Informationen nur zu Kontaktzwecken, Details entnehmen Sie bitte unserer Datenschutzerkl\u00e4rung.\" \/><span class=\"wpcf7-list-item-label\">Ehrler &amp; Beck only uses the information provided for contact purposes. Please refer to our data protection declaration for details.<\/span><\/label><\/span><\/span><\/span>\n\t<\/p>\n\t<p><span style=\"font-size: 10pt;\">*Required fields<\/span>\n\t<\/p>\n<\/div>\n<div class=\"tiaro-button-wrapper tiaro-alignright\">\n\t<p><input class=\"wpcf7-form-control has-spinner wpcf7-submit\" type=\"submit\" value=\"SEND REQUEST\" \/>\n\t<\/p>\n<\/div>\n<p>&nbsp;\n<\/p><div class=\"tiaro-alert alert custom alert-custom tiaro-alert-center wpcf7-response-output alert-dismissable\" style=\"--awb-border-size:1px;\" role=\"alert\"><div class=\"tiaro-alert-content-wrapper\"><span class=\"tiaro-alert-content\"><\/span><\/div><button type=\"button\" class=\"close toggle-alert\" data-dismiss=\"alert\" aria-label=\"Close\">\u00d7<\/button><\/div>\n<input type=\"hidden\" name=\"trp-form-language\" value=\"en\"\/><\/form>\n<\/div>\n<\/p>\n<p><\/div><div class=\"modal-footer\"><button class=\"tiaro-button button-default button-medium button default medium\" type=\"button\" data-dismiss=\"modal\">Close<\/button><\/div><\/div><\/div><\/div>","protected":false},"excerpt":{"rendered":"<p>\u00d6LE, FETTE UND SCHMIERSTOFFE BECKER &#8211; \u00d6LE UND SCHMIERSTOFFE Becker \u00d6l Lube M100 \/ \u00d6l Lube M 100 (U-Pumpen) Becker \u00d6l Lube S100 \/ \u00d6l Lube S 100 (U-Pumpen) Becker \u00d6l Lube M320 \/ \u00d6l Lube M 320 (DKW, VPF, DVP, L\/V) Becker \u00d6l Lube SL100 Food \/ \u00d6l Lube SL 100 Food (U-Pumpen) Becker [&hellip;]<\/p>","protected":false},"author":1,"featured_media":0,"parent":2203,"menu_order":0,"comment_status":"closed","ping_status":"closed","template":"","meta":{"footnotes":""},"class_list":["post-5049","page","type-page","status-publish","hentry"],"acf":[],"_links":{"self":[{"href":"https:\/\/ehrler-beck.com\/en\/wp-json\/wp\/v2\/pages\/5049","targetHints":{"allow":["GET"]}}],"collection":[{"href":"https:\/\/ehrler-beck.com\/en\/wp-json\/wp\/v2\/pages"}],"about":[{"href":"https:\/\/ehrler-beck.com\/en\/wp-json\/wp\/v2\/types\/page"}],"author":[{"embeddable":true,"href":"https:\/\/ehrler-beck.com\/en\/wp-json\/wp\/v2\/users\/1"}],"replies":[{"embeddable":true,"href":"https:\/\/ehrler-beck.com\/en\/wp-json\/wp\/v2\/comments?post=5049"}],"version-history":[{"count":0,"href":"https:\/\/ehrler-beck.com\/en\/wp-json\/wp\/v2\/pages\/5049\/revisions"}],"up":[{"embeddable":true,"href":"https:\/\/ehrler-beck.com\/en\/wp-json\/wp\/v2\/pages\/2203"}],"wp:attachment":[{"href":"https:\/\/ehrler-beck.com\/en\/wp-json\/wp\/v2\/media?parent=5049"}],"curies":[{"name":"wp","href":"https:\/\/api.w.org\/{rel}","templated":true}]}}