{"id":9893,"date":"2018-01-18T13:21:26","date_gmt":"2018-01-18T12:21:26","guid":{"rendered":"http:\/\/ehrler-beck.com?page_id=9893"},"modified":"2023-06-16T02:29:13","modified_gmt":"2023-06-16T00:29:13","slug":"cookie-richtlinie","status":"publish","type":"page","link":"https:\/\/ehrler-beck.com\/de\/cookie-richtlinie","title":{"rendered":"Cookie-Richtlinie"},"content":{"rendered":"<h1>COOKIE-RICHTLINIE<\/h1>\n<p style=\"text-align: right;\"><em>Zuletzt aktualisiert am 16. Juni 2023<\/em><\/p>\n<p>In dieser Cookie-Richtlinie wird erl\u00e4utert, wie die Ehrler &amp; Beck Vakuum- und Drucklufttechnik GmbH (\u201eUnternehmen\u201c, \u201ewir\u201c, \u201euns\u201c und \u201eunser\u201c) Cookies und \u00e4hnliche Technologien verwendet, um Sie zu erkennen, wenn Sie unsere Websites unter https:\/\/ehrler-beck.com, (\u201eWebsite\u201c). Es erkl\u00e4rt, was diese Technologien sind und warum wir sie nutzen, sowie Ihre Rechte, unsere Nutzung dieser Technologien zu kontrollieren.<\/p>\n<h2>Was sind Cookies?<\/h2>\n<p>Cookies sind kleine Datendateien, die auf Ihrem Computer oder Mobilger\u00e4t abgelegt werden, wenn Sie eine Website besuchen. Cookies werden von Website-Eigent\u00fcmern h\u00e4ufig verwendet, damit ihre Websites funktionieren oder effizienter funktionieren und um Berichtsinformationen bereitzustellen.<\/p>\n<p>Vom Websitebetreiber (in diesem Fall Ehrler &amp; Beck Vakuum- und Drucklufttechnik GmbH) gesetzte Cookies werden als \u201eFirst Party Cookies\u201c bezeichnet. Cookies, die von anderen Parteien als dem Eigent\u00fcmer der Website gesetzt werden, werden als \u201eCookies von Drittanbietern\u201c bezeichnet. Cookies von Drittanbietern erm\u00f6glichen die Bereitstellung von Features oder Funktionen Dritter auf oder \u00fcber die Website (z. B. Werbung, interaktive Inhalte und Analysen). Die Parteien, die diese Cookies von Drittanbietern setzen, k\u00f6nnen Ihren Computer sowohl beim Besuch der betreffenden Website als auch beim Besuch bestimmter anderer Websites erkennen.<\/p>\n<h2>Warum verwenden wir Cookies?<\/h2>\n<p>Aus mehreren Gr\u00fcnden verwenden wir nur lokale Cookies. Einige Cookies sind aus technischen Gr\u00fcnden f\u00fcr den Betrieb unserer Websites erforderlich. Wir bezeichnen diese als \u201eunbedingt erforderliche\u201c oder \u201eunbedingt erforderliche\u201c Cookies. Andere Cookies erm\u00f6glichen die Verfolgung und Ausrichtung auf die Interessen der Benutzer, um das Erlebnis auf Websites zu verbessern. Wir verwenden diese Cookies nicht. Unsere Website verwendet nur ein einziges, unbedingt notwendiges Cookie.<\/p>\n<h2>Wie kann ich Cookies steuern?<\/h2>\n<p>Sie haben das Recht zu entscheiden, ob Sie Cookies akzeptieren oder ablehnen. Sie k\u00f6nnen Ihre Cookie-Rechte aus\u00fcben, indem Sie Ihre Pr\u00e4ferenzen im Cookie Consent Manager festlegen. Mit dem Cookie Consent Manager k\u00f6nnen Sie ausw\u00e4hlen, welche Kategorien von Cookies Sie akzeptieren oder ablehnen. Wesentliche Cookies k\u00f6nnen nicht abgelehnt werden, da sie unbedingt erforderlich sind, um Ihnen Dienste bereitzustellen.<\/p>\n<p>Den Cookie Consent Manager finden Sie im Benachrichtigungsbanner und auf unserer Website. Wenn Sie sich daf\u00fcr entscheiden, Cookies abzulehnen, k\u00f6nnen Sie unsere Website weiterhin nutzen, allerdings kann Ihr Zugriff auf einige Funktionen und Bereiche unserer Website eingeschr\u00e4nkt sein. Sie k\u00f6nnen die Einstellungen Ihres Webbrowsers auch so einstellen oder \u00e4ndern, dass Cookies akzeptiert oder abgelehnt werden. Da die M\u00f6glichkeiten, mit denen Sie Cookies \u00fcber die Steuerelemente Ihres Webbrowsers ablehnen k\u00f6nnen, von Browser zu Browser unterschiedlich sind, sollten Sie f\u00fcr weitere Informationen das Hilfemen\u00fc Ihres Browsers besuchen.<\/p>\n<p>Die spezifischen Arten von Cookies, die \u00fcber unsere Websites bereitgestellt werden, und die Zwecke, die sie erf\u00fcllen, sind in der folgenden Tabelle beschrieben (bitte beachten Sie, dass die spezifischen verwendeten Cookies je nach den von Ihnen besuchten spezifischen Online-Angeboten variieren k\u00f6nnen):<\/p>\n<h2>Wichtige Website-Cookies:<\/h2>\n<p>Diese Cookies sind unbedingt erforderlich, um Ihnen die \u00fcber unsere Websites verf\u00fcgbaren Dienste bereitzustellen und einige ihrer Funktionen zu nutzen, wie z. B. den Zugriff auf sichere Bereiche.<\/p>\n<div>\n<section data-custom-class=\"body_text\">\n<table style=\"width: 100%; height: 168px;\">\n<tbody>\n<tr style=\"height: 24px;\">\n<td style=\"height: 24px;\"><span style=\"color: #00b3a7;\">Bezeichnung<\/span>:<\/td>\n<td style=\"height: 24px;\">mwai_session_id<\/td>\n<\/tr>\n<tr style=\"height: 24px;\">\n<td style=\"height: 24px;\"><span style=\"color: #00b3a7;\">Zweck<\/span>:<\/td>\n<td style=\"height: 24px;\">Used by the website to identify specific sessions to the website.<\/td>\n<\/tr>\n<tr style=\"height: 24px;\">\n<td style=\"height: 24px;\"><span style=\"color: #00b3a7;\">Anbieter<\/span>:<\/td>\n<td style=\"height: 24px;\">ehrler-beck.com<\/td>\n<\/tr>\n<tr style=\"height: 24px;\">\n<td style=\"height: 24px;\"><span style=\"color: #00b3a7;\">Domain<\/span>:<\/td>\n<td style=\"height: 24px;\">ehrler-beck.com<\/td>\n<\/tr>\n<tr style=\"height: 24px;\">\n<td style=\"height: 24px;\"><span style=\"color: #00b3a7;\">L\u00e4uft ab in<\/span>:<\/td>\n<td style=\"height: 24px;\">After session completed<\/td>\n<\/tr>\n<\/tbody>\n<\/table>\n<\/section>\n<\/div>\n<h2>Was ist mit anderen Tracking-Technologien wie Web Beacons?<\/h2>\n<p>Cookies sind nicht die einzige M\u00f6glichkeit, Besucher einer Website zu erkennen oder zu verfolgen. Wir k\u00f6nnen von Zeit zu Zeit andere, \u00e4hnliche Technologien verwenden, wie zum Beispiel Web-Beacons (manchmal auch \u201eTracking-Pixel\u201c oder \u201eClear GIFs\u201c genannt). Hierbei handelt es sich um winzige Grafikdateien, die eine eindeutige Kennung enthalten und es uns erm\u00f6glichen, zu erkennen, wann jemand unsere Websites besucht oder eine E-Mail mit diesen Informationen ge\u00f6ffnet hat. Dies erm\u00f6glicht es uns beispielsweise, die Verkehrsmuster der Nutzer von einer Seite innerhalb einer Website zur anderen zu \u00fcberwachen, Cookies bereitzustellen oder mit ihnen zu kommunizieren, um zu verstehen, ob Sie \u00fcber eine Online-Werbung, die auf einer Website eines Drittanbieters angezeigt wird, auf die Website gelangt sind , um die Leistung der Website zu verbessern und den Erfolg von E-Mail-Marketingkampagnen zu messen. In vielen F\u00e4llen sind diese Technologien auf Cookies angewiesen, um ordnungsgem\u00e4\u00df zu funktionieren. Die Ablehnung von Cookies beeintr\u00e4chtigt daher deren Funktion.<\/p>\n<h2>Schalten Sie gezielte Werbung?<\/h2>\n<p>Ehrler und Beck betreibt auf dieser Website weder zielgerichtete Werbung, noch geben wir Daten an Dritte weiter, um Daten f\u00fcr zielgerichtete Werbung zu sammeln und zu verbreiten. F\u00fcr weitere Informationen k\u00f6nnen Sie sich gerne an unseren Datenschutzbeauftragten unter <a href=\"mailto:Privacy.officer@tiaro.ba\">Privacy.officer@tiaro.ba<\/a> wenden.<\/p>\n<h2>Wie oft werden Sie diese Cookie-Richtlinie aktualisieren?<\/h2>\n<p>Wir k\u00f6nnen diese Cookie-Richtlinie von Zeit zu Zeit aktualisieren, um beispielsweise \u00c4nderungen an den von uns verwendeten Cookies widerzuspiegeln oder aus anderen betrieblichen, rechtlichen oder regulatorischen Gr\u00fcnden. Bitte lesen Sie diese Cookie-Richtlinie daher regelm\u00e4\u00dfig durch, um \u00fcber unsere Verwendung von Cookies und verwandten Technologien informiert zu bleiben.<\/p>\n<p>Das Datum oben und unten auf dieser Cookie-Richtlinienseite gibt an, wann sie zuletzt aktualisiert wurde.<\/p>\n<h2>Wo kann ich weitere Informationen erhalten?<\/h2>\n<p>Sie k\u00f6nnen den Entwickler direkt per E-Mail unter <a href=\"mailto:info@tiaro.com\">info@tiaro.ba<\/a> kontaktieren, zus\u00e4tzlich zu unserem Datenschutzbeauftragten unter <a href=\"mailto:Privacy.officer@tiaro.ba\">Privacy.officer@tiaro.ba<\/a>.<\/p>\n<p>Dar\u00fcber hinaus erreichen Sie uns direkt unter <a href=\"mailto:info@ehrler-beck.com\">info@ehrler-beck.com<\/a> oder per Post an:<\/p>\n<p><strong>Ehrler &amp; Beck Vakuum- und Drucklufttechnik GmbH<\/strong><br \/>\nIndustriestr. 16 D-71272 Renningen<br \/>\nRenningen, Baden-W\u00fcrttemberg 71272<br \/>\nGermany<br \/>\n<strong>Phone<\/strong>: (+49)715940850<br \/>\n<strong>Fax<\/strong>: (+49)7159408585<\/p>\n<p style=\"text-align: right;\"><em>Zuletzt aktualisiert am 16. Juni 2023<\/em><\/p>\n","protected":false},"excerpt":{"rendered":"<p>COOKIE-RICHTLINIE Zuletzt aktualisiert am 16. Juni 2023 In dieser Cookie-Richtlinie wird erl\u00e4utert, wie die Ehrler &amp; Beck Vakuum- und Drucklufttechnik GmbH (\u201eUnternehmen\u201c, \u201ewir\u201c, \u201euns\u201c und \u201eunser\u201c) Cookies und \u00e4hnliche Technologien verwendet, um Sie zu erkennen, wenn Sie unsere Websites unter https:\/\/ehrler-beck.com, (\u201eWebsite\u201c). Es erkl\u00e4rt, was diese Technologien sind und warum wir sie nutzen, sowie Ihre [&hellip;]<\/p>\n","protected":false},"author":1,"featured_media":0,"parent":0,"menu_order":0,"comment_status":"closed","ping_status":"closed","template":"","meta":{"footnotes":""},"class_list":["post-9893","page","type-page","status-publish","hentry"],"acf":[],"_links":{"self":[{"href":"https:\/\/ehrler-beck.com\/de\/wp-json\/wp\/v2\/pages\/9893","targetHints":{"allow":["GET"]}}],"collection":[{"href":"https:\/\/ehrler-beck.com\/de\/wp-json\/wp\/v2\/pages"}],"about":[{"href":"https:\/\/ehrler-beck.com\/de\/wp-json\/wp\/v2\/types\/page"}],"author":[{"embeddable":true,"href":"https:\/\/ehrler-beck.com\/de\/wp-json\/wp\/v2\/users\/1"}],"replies":[{"embeddable":true,"href":"https:\/\/ehrler-beck.com\/de\/wp-json\/wp\/v2\/comments?post=9893"}],"version-history":[{"count":12,"href":"https:\/\/ehrler-beck.com\/de\/wp-json\/wp\/v2\/pages\/9893\/revisions"}],"predecessor-version":[{"id":69657,"href":"https:\/\/ehrler-beck.com\/de\/wp-json\/wp\/v2\/pages\/9893\/revisions\/69657"}],"wp:attachment":[{"href":"https:\/\/ehrler-beck.com\/de\/wp-json\/wp\/v2\/media?parent=9893"}],"curies":[{"name":"wp","href":"https:\/\/api.w.org\/{rel}","templated":true}]}}