{"id":9600,"date":"2017-12-21T11:15:17","date_gmt":"2017-12-21T10:15:17","guid":{"rendered":"http:\/\/ehrler-beck.com?page_id=9600"},"modified":"2017-12-21T11:20:22","modified_gmt":"2017-12-21T10:20:22","slug":"fluessigkeits-und-staubabscheider","status":"publish","type":"page","link":"https:\/\/ehrler-beck.com\/de\/produkte\/ersatzteile-und-zubehoer\/abscheider-filter-und-filterpatronen\/fluessigkeits-und-staubabscheider","title":{"rendered":"Fl\u00fcssigkeits und Staubabscheider"},"content":{"rendered":"<h1>Das Lieferprogramm von Ehrler &amp; Beck schlie\u00dft<br \/>\ndie folgenden Fl\u00fcssigkeits und Staubabscheider durch den Hersteller<\/h1>\n<div class=\"accordian tiaro-accordian\" style=\"--awb-border-size:1px;--awb-icon-size:13px;--awb-content-font-size:var(--awb-typography4-font-size);--awb-icon-alignment:left;--awb-hover-color:#f9f9f9;--awb-border-color:#cccccc;--awb-background-color:#00b3a7;--awb-divider-color:var(--awb-color3);--awb-divider-hover-color:var(--awb-color3);--awb-icon-color:#ffffff;--awb-title-color:var(--awb-color8);--awb-content-color:var(--awb-color8);--awb-icon-box-color:#ffffff;--awb-toggle-hover-accent-color:#00b3a7;--awb-title-font-family:var(--awb-typography1-font-family);--awb-title-font-weight:var(--awb-typography1-font-weight);--awb-title-font-style:var(--awb-typography1-font-style);--awb-title-font-size:16px;--awb-title-line-height:1.5;--awb-content-font-family:var(--awb-typography4-font-family);--awb-content-font-weight:var(--awb-typography4-font-weight);--awb-content-font-style:var(--awb-typography4-font-style);\"><div class=\"panel-group tiaro-toggle-icon-boxed\" id=\"accordion-9600-1\"><div class=\"tiaro-panel panel-default panel-4cfd4be66186ed88b tiaro-toggle-has-divider\"><div class=\"panel-heading\"><h4 class=\"panel-title toggle\" id=\"toggle_4cfd4be66186ed88b\"><a aria-expanded=\"false\" aria-controls=\"4cfd4be66186ed88b\" role=\"button\" data-toggle=\"collapse\" data-parent=\"#accordion-9600-1\" data-target=\"#4cfd4be66186ed88b\" href=\"#4cfd4be66186ed88b\"><span class=\"tiaro-toggle-icon-wrapper\" aria-hidden=\"true\"><i class=\"fa-tiaro-box active-icon awb-icon-minus\" aria-hidden=\"true\"><\/i><i class=\"fa-tiaro-box inactive-icon awb-icon-plus\" aria-hidden=\"true\"><\/i><\/span><span class=\"tiaro-toggle-heading\">BECKER<\/span><\/a><\/h4><\/div><div id=\"4cfd4be66186ed88b\" class=\"panel-collapse collapse \" aria-labelledby=\"toggle_4cfd4be66186ed88b\"><div class=\"panel-body toggle-content tiaro-clearfix\"><\/p>\n<table border=\"0\" width=\"462\" cellspacing=\"0\" cellpadding=\"4\">\n<colgroup>\n<col width=\"125*\" \/>\n<col width=\"56*\" \/>\n<col width=\"74*\" \/><\/colgroup>\n<tbody>\n<tr valign=\"TOP\">\n<td width=\"49%\"><b>Fl\u00fcssigkeitsabscheider<\/b><\/td>\n<td width=\"22%\">\u00a0Typ<\/td>\n<td width=\"29%\">Nenndurchfluss<\/td>\n<\/tr>\n<tr valign=\"TOP\">\n<td width=\"49%\">MINI-VLS<\/td>\n<td width=\"22%\">Stahl<\/td>\n<td width=\"29%\">48 m\u00b3\/h<\/td>\n<\/tr>\n<tr valign=\"TOP\">\n<td width=\"49%\">VLS-60-075<\/td>\n<td width=\"22%\">Stahl<\/td>\n<td width=\"29%\">102 m\u00b3\/h<\/td>\n<\/tr>\n<tr valign=\"TOP\">\n<td width=\"49%\">VLS-85-100<\/td>\n<td width=\"22%\">Stahl<\/td>\n<td width=\"29%\">145 m\u00b3\/h<\/td>\n<\/tr>\n<tr valign=\"TOP\">\n<td width=\"49%\">VLS-85-126<\/td>\n<td width=\"22%\">Stahl<\/td>\n<td width=\"29%\">145 m\u00b3\/h<\/td>\n<\/tr>\n<tr valign=\"TOP\">\n<td width=\"49%\">VLS-100-51<\/td>\n<td width=\"22%\">Stahl<\/td>\n<td width=\"29%\">170 m\u00b3\/h<\/td>\n<\/tr>\n<tr valign=\"TOP\">\n<td width=\"49%\">VLS-135-201<\/td>\n<td width=\"22%\">Stahl<\/td>\n<td width=\"29%\">230 m\u00b3\/h<\/td>\n<\/tr>\n<tr valign=\"TOP\">\n<td width=\"49%\">VLS-195-251<\/td>\n<td width=\"22%\">Stahl<\/td>\n<td width=\"29%\">331 m\u00b3\/h<\/td>\n<\/tr>\n<tr valign=\"TOP\">\n<td width=\"49%\">VLS-300-301<\/td>\n<td width=\"22%\">Stahl<\/td>\n<td width=\"29%\">510 m\u00b3\/h<\/td>\n<\/tr>\n<tr valign=\"TOP\">\n<td width=\"49%\">VLS-520-DN100<\/td>\n<td width=\"22%\">Stahl<\/td>\n<td width=\"29%\">883 m\u00b3\/h<\/td>\n<\/tr>\n<tr valign=\"TOP\">\n<td width=\"49%\">VLS-830-DN150<\/td>\n<td width=\"22%\">Stahl<\/td>\n<td width=\"29%\">1410 m\u00b3\/h<\/td>\n<\/tr>\n<tr valign=\"TOP\">\n<td width=\"49%\">VLS-60-075S1<\/td>\n<td width=\"22%\">Edelstahl<\/td>\n<td width=\"29%\">102 m\u00b3\/h<\/td>\n<\/tr>\n<tr valign=\"TOP\">\n<td width=\"49%\">VLS-85-100S1<\/td>\n<td width=\"22%\">Edelstahl<\/td>\n<td width=\"29%\">145 m\u00b3\/h<\/td>\n<\/tr>\n<tr valign=\"TOP\">\n<td width=\"49%\">VLS-85-126S1<\/td>\n<td width=\"22%\">Edelstahl<\/td>\n<td width=\"29%\">145 m\u00b3\/h<\/td>\n<\/tr>\n<tr valign=\"TOP\">\n<td width=\"49%\">VLS-100-151S1<\/td>\n<td width=\"22%\">Edelstahl<\/td>\n<td width=\"29%\">170 m\u00b3\/h<\/td>\n<\/tr>\n<tr valign=\"TOP\">\n<td width=\"49%\">VLS-135-201S1<\/td>\n<td width=\"22%\">Edelstahl<\/td>\n<td width=\"29%\">230 m\u00b3\/h<\/td>\n<\/tr>\n<tr valign=\"TOP\">\n<td width=\"49%\">VLS-195-251S1<\/td>\n<td width=\"22%\">Edelstahl<\/td>\n<td width=\"29%\">331 m\u00b3\/h<\/td>\n<\/tr>\n<tr valign=\"TOP\">\n<td width=\"49%\">VLS-300-301S1<\/td>\n<td width=\"22%\">Edelstahl<\/td>\n<td width=\"29%\">510 m\u00b3\/h<\/td>\n<\/tr>\n<tr valign=\"TOP\">\n<td width=\"49%\">VLS-520-DN100S1<\/td>\n<td width=\"22%\">Edelstahl<\/td>\n<td width=\"29%\">883 m\u00b3\/h<\/td>\n<\/tr>\n<tr valign=\"TOP\">\n<td width=\"49%\">VLS-830-DN150S1<\/td>\n<td width=\"22%\">Edelstahl<\/td>\n<td width=\"29%\">1410 m\u00b3\/h<\/td>\n<\/tr>\n<\/tbody>\n<\/table>\n<hr \/>\n<table border=\"0\" width=\"480\" cellspacing=\"0\" cellpadding=\"4\">\n<colgroup>\n<col width=\"472\" \/><\/colgroup>\n<tbody>\n<tr>\n<td valign=\"TOP\" width=\"472\"><b>Kohlestaubabscheider<\/b><\/td>\n<\/tr>\n<tr>\n<td valign=\"TOP\" width=\"472\">FC1.16, VTC6\/2<\/td>\n<\/tr>\n<tr>\n<td valign=\"TOP\" width=\"472\">FC1.70<\/td>\n<\/tr>\n<tr>\n<td valign=\"TOP\" width=\"472\">C75\/1, EPV100PV100<\/td>\n<\/tr>\n<tr>\n<td valign=\"TOP\" width=\"472\">TNSACBE0252, EPV40PV40<\/td>\n<\/tr>\n<tr>\n<td valign=\"TOP\" width=\"472\">C713, TLF250, TLF2.250, DT3.60K, T3.60DSK, DVT\/KDT2.60-2.100, DVT\/KVT\/KDT3.60-3.80<\/td>\n<\/tr>\n<tr>\n<td valign=\"TOP\" width=\"472\">C718, DVT\/KDT2.140, DVT\/KVT\/KDT3.100-3.140<\/td>\n<\/tr>\n<tr>\n<td valign=\"TOP\" width=\"472\">C78\/6, DT3.\/4.25-40+T&#8230;DSK\/DV<\/td>\n<\/tr>\n<tr>\n<td valign=\"TOP\" width=\"472\">C2263\/3, TLF250-360<\/td>\n<\/tr>\n<tr>\n<td valign=\"TOP\" width=\"472\">C63, DT4.16, T3.16+4.16DSK<\/td>\n<\/tr>\n<tr>\n<td valign=\"TOP\" width=\"472\">35015, DT4.10<\/td>\n<\/tr>\n<tr>\n<td valign=\"TOP\" width=\"472\">C1877, TLF500<\/td>\n<\/tr>\n<tr>\n<td valign=\"TOP\" width=\"472\">C711<\/td>\n<\/tr>\n<\/tbody>\n<\/table>\n<p><\/div><\/div><\/div><div class=\"tiaro-panel panel-default panel-0a880a317a68ff325 tiaro-toggle-has-divider\"><div class=\"panel-heading\"><h4 class=\"panel-title toggle\" id=\"toggle_0a880a317a68ff325\"><a aria-expanded=\"false\" aria-controls=\"0a880a317a68ff325\" role=\"button\" data-toggle=\"collapse\" data-parent=\"#accordion-9600-1\" data-target=\"#0a880a317a68ff325\" href=\"#0a880a317a68ff325\"><span class=\"tiaro-toggle-icon-wrapper\" aria-hidden=\"true\"><i class=\"fa-tiaro-box active-icon awb-icon-minus\" aria-hidden=\"true\"><\/i><i class=\"fa-tiaro-box inactive-icon awb-icon-plus\" aria-hidden=\"true\"><\/i><\/span><span class=\"tiaro-toggle-heading\">BUSCH<\/span><\/a><\/h4><\/div><div id=\"0a880a317a68ff325\" class=\"panel-collapse collapse \" aria-labelledby=\"toggle_0a880a317a68ff325\"><div class=\"panel-body toggle-content tiaro-clearfix\"><\/p>\n<h2>Fl\u00fcssigkeits und Staubabscheider von Busch<\/h2>\n<hr \/>\n<p><b>Fl\u00fcssigkeitsabscheider f\u00fcr Vakuumpumpen<\/b><\/p>\n<p>&nbsp;<\/p>\n<p>LSS 0100 \/ LSA 0100<\/p>\n<p>LSS 0250 \/ LSA 0250<\/p>\n<p>LSS 0630 \/ LSA 0630<\/p>\n<p><b>Standfilter f\u00fcr Vakuumpumpen<\/b><\/p>\n<p>STF 0100\u00a0| STF 0250 | STF 0630 | STF 1000<\/p>\n<p>STA 250 V1 | STA 250 V2\u00a0| STA 0630 V1 | STA 0630 V2<\/p>\n<p>Filtereins\u00e4tze f\u00fcr verschiedene Anwendungen:<\/p>\n<p>&#8211; Demistereinsatz<\/p>\n<p>&#8211; Vlieseinsatz<\/p>\n<p>&#8211; Filterpatronen<\/p>\n<p>&#8211; Vlies- \/ Demistereinsatz<\/p>\n<p>&#8211; Filtersack<\/p>\n<p><\/div><\/div><\/div><\/div><\/div>\n<h3>Kontaktieren Sie uns f\u00fcr ein Angebotsanfrage<\/h3>\n\n<div class=\"wpcf7 no-js\" id=\"wpcf7-f6621-o1\" lang=\"en-US\" dir=\"ltr\">\n<div class=\"screen-reader-response\"><p role=\"status\" aria-live=\"polite\" aria-atomic=\"true\"><\/p> <ul><\/ul><\/div>\n<form action=\"\/de\/wp-json\/wp\/v2\/pages\/9600#wpcf7-f6621-o1\" method=\"post\" class=\"wpcf7-form init\" aria-label=\"Contact form\" novalidate=\"novalidate\" data-status=\"init\">\n<div style=\"display: none;\">\n<input type=\"hidden\" name=\"_wpcf7\" value=\"6621\" \/>\n<input type=\"hidden\" name=\"_wpcf7_version\" value=\"5.7.7\" \/>\n<input type=\"hidden\" name=\"_wpcf7_locale\" value=\"en_US\" \/>\n<input type=\"hidden\" name=\"_wpcf7_unit_tag\" value=\"wpcf7-f6621-o1\" \/>\n<input type=\"hidden\" name=\"_wpcf7_container_post\" value=\"0\" \/>\n<input type=\"hidden\" name=\"_wpcf7_posted_data_hash\" value=\"\" \/>\n<input type=\"hidden\" name=\"_wpcf7_recaptcha_response\" value=\"\" \/>\n<\/div>\n<div class=\"one-half\">\n\t<p><label> Vorname* <span class=\"wpcf7-form-control-wrap\" data-name=\"first-name\"><input size=\"40\" class=\"wpcf7-form-control wpcf7-text wpcf7-validates-as-required\" aria-required=\"true\" aria-invalid=\"false\" value=\"\" type=\"text\" name=\"first-name\" \/><\/span> <\/label>\n\t<\/p>\n\t<p><label> Nachname* <span class=\"wpcf7-form-control-wrap\" data-name=\"last-name\"><input size=\"40\" class=\"wpcf7-form-control wpcf7-text wpcf7-validates-as-required\" aria-required=\"true\" aria-invalid=\"false\" value=\"\" type=\"text\" name=\"last-name\" \/><\/span> <\/label>\n\t<\/p>\n\t<p><label> Firma <span class=\"wpcf7-form-control-wrap\" data-name=\"company\"><input size=\"40\" class=\"wpcf7-form-control wpcf7-text\" aria-invalid=\"false\" value=\"\" type=\"text\" name=\"company\" \/><\/span> <\/label>\n\t<\/p>\n\t<p><label> E-Mail-Adresse* <span class=\"wpcf7-form-control-wrap\" data-name=\"your-email\"><input size=\"40\" class=\"wpcf7-form-control wpcf7-text wpcf7-email wpcf7-validates-as-required wpcf7-validates-as-email\" aria-required=\"true\" aria-invalid=\"false\" value=\"\" type=\"email\" name=\"your-email\" \/><\/span> <\/label>\n\t<\/p>\n\t<p><label> Telefonnummer <span class=\"wpcf7-form-control-wrap\" data-name=\"your-phone\"><input size=\"40\" class=\"wpcf7-form-control wpcf7-text wpcf7-tel wpcf7-validates-as-tel\" aria-invalid=\"false\" value=\"\" type=\"tel\" name=\"your-phone\" \/><\/span> <\/label>\n\t<\/p>\n\t<p><label> Land <span class=\"wpcf7-form-control-wrap\" data-name=\"country\"><select class=\"wpcf7-form-control wpcf7-select\" aria-invalid=\"false\" name=\"country\"><option value=\"Deutschland\">Deutschland<\/option><option value=\"\u00d6sterreich\">\u00d6sterreich<\/option><option value=\"Belgien\">Belgien<\/option><option value=\"Liechtenstein\">Liechtenstein<\/option><option value=\"Luxemburg\">Luxemburg<\/option><option value=\"Schweiz\">Schweiz<\/option><option value=\"-----\">-----<\/option><option value=\"Afghanistan\">Afghanistan<\/option><option value=\"Albanien\">Albanien<\/option><option value=\"Algerien\">Algerien<\/option><option value=\"Amerikanische Jungferninseln\">Amerikanische Jungferninseln<\/option><option value=\"Amerikanisch-Samoa\">Amerikanisch-Samoa<\/option><option value=\"Andorra\">Andorra<\/option><option value=\"Angola\">Angola<\/option><option value=\"Anguilla\">Anguilla<\/option><option value=\"Antigua und Barbuda\">Antigua und Barbuda<\/option><option value=\"Argentinien\">Argentinien<\/option><option value=\"Armenien\">Armenien<\/option><option value=\"Aruba\">Aruba<\/option><option value=\"Australien\">Australien<\/option><option value=\"Aserbaidschan\">Aserbaidschan<\/option><option value=\"Bahamas\">Bahamas<\/option><option value=\"Bahrain\">Bahrain<\/option><option value=\"Bangladesch\">Bangladesch<\/option><option value=\"Barbados\">Barbados<\/option><option value=\"Belarus\">Belarus<\/option><option value=\"Belize\">Belize<\/option><option value=\"Benin\">Benin<\/option><option value=\"Bermuda\">Bermuda<\/option><option value=\"Bhutan\">Bhutan<\/option><option value=\"Bolivien\">Bolivien<\/option><option value=\"Bonaire\">Bonaire<\/option><option value=\"Bosnien und Herzegowina\">Bosnien und Herzegowina<\/option><option value=\"Botswana\">Botswana<\/option><option value=\"Bouvet-Insel (Bouvetoya)\">Bouvet-Insel (Bouvetoya)<\/option><option value=\"Brasilien\">Brasilien<\/option><option value=\"Britisches Territorium im Indischen Ozean (Chagos-Archipel)\">Britisches Territorium im Indischen Ozean (Chagos-Archipel)<\/option><option value=\"Britische Jungferninseln\">Britische Jungferninseln<\/option><option value=\"Brunei Darussalam\">Brunei Darussalam<\/option><option value=\"Bulgarien\">Bulgarien<\/option><option value=\"Burkina Faso\">Burkina Faso<\/option><option value=\"Burundi\">Burundi<\/option><option value=\"Kambodscha\">Kambodscha<\/option><option value=\"Kamerun\">Kamerun<\/option><option value=\"Canada\">Canada<\/option><option value=\"Kap Verde\">Kap Verde<\/option><option value=\"Cayman Islands\">Cayman Islands<\/option><option value=\"Zentralafrikanische Republik\">Zentralafrikanische Republik<\/option><option value=\"Chad\">Chad<\/option><option value=\"Chile\">Chile<\/option><option value=\"Weihnachtsinsel\">Weihnachtsinsel<\/option><option value=\"Cocos (Keeling) Inseln\">Cocos (Keeling) Inseln<\/option><option value=\"Cookinseln\">Cookinseln<\/option><option value=\"Costa Rica\">Costa Rica<\/option><option value=\"Elfenbeink\u00fcste\">Elfenbeink\u00fcste<\/option><option value=\"Kuba\">Kuba<\/option><option value=\"Cura\u00e7ao\">Cura\u00e7ao<\/option><option value=\"Zypern\">Zypern<\/option><option value=\"Zypern\">Zypern<\/option><option value=\"Tschechische Republik\">Tschechische Republik<\/option><option value=\"D\u00e4nemark\">D\u00e4nemark<\/option><option value=\"Dschibuti\">Dschibuti<\/option><option value=\"Dominica\">Dominica<\/option><option value=\"Dominikanische Republik\">Dominikanische Republik<\/option><option value=\"Ecuador\">Ecuador<\/option><option value=\"\u00c4gypten\">\u00c4gypten<\/option><option value=\"El Salvador\">El Salvador<\/option><option value=\"\u00c4quatorialguinea\">\u00c4quatorialguinea<\/option><option value=\"Eritrea\">Eritrea<\/option><option value=\"Estland\">Estland<\/option><option value=\"\u00c4thiopien\">\u00c4thiopien<\/option><option value=\"Falklandinseln (Malvinas)\">Falklandinseln (Malvinas)<\/option><option value=\"F\u00e4r\u00f6er\">F\u00e4r\u00f6er<\/option><option value=\"Fidschi\">Fidschi<\/option><option value=\"Finnland\">Finnland<\/option><option value=\"Frankreich\">Frankreich<\/option><option value=\"Franz\u00f6sisch-Guayana\">Franz\u00f6sisch-Guayana<\/option><option value=\"Franz\u00f6sisch-Polynesien\">Franz\u00f6sisch-Polynesien<\/option><option value=\"Franz\u00f6sische S\u00fcdterritorien\">Franz\u00f6sische S\u00fcdterritorien<\/option><option value=\"Gabun\">Gabun<\/option><option value=\"Gambia\">Gambia<\/option><option value=\"Georgien\">Georgien<\/option><option value=\"Gibraltar\">Gibraltar<\/option><option value=\"Griechenland\">Griechenland<\/option><option value=\"Gr\u00f6nland\">Gr\u00f6nland<\/option><option value=\"Grenada\">Grenada<\/option><option value=\"Guadeloupe\">Guadeloupe<\/option><option value=\"Guam\">Guam<\/option><option value=\"Guatemala\">Guatemala<\/option><option value=\"Guernsey\">Guernsey<\/option><option value=\"Guinea\">Guinea<\/option><option value=\"Guinea-Bissau\">Guinea-Bissau<\/option><option value=\"Guyana\">Guyana<\/option><option value=\"Haiti\">Haiti<\/option><option value=\"Heard Island und McDonald Islands\">Heard Island und McDonald Islands<\/option><option value=\"Heiliger Stuhl (Vatikanstadt)\">Heiliger Stuhl (Vatikanstadt)<\/option><option value=\"Honduras\">Honduras<\/option><option value=\"Hongkong\">Hongkong<\/option><option value=\"Ungarn\">Ungarn<\/option><option value=\"Island\">Island<\/option><option value=\"Indien\">Indien<\/option><option value=\"Indonesien\">Indonesien<\/option><option value=\"Iran\">Iran<\/option><option value=\"Irak\">Irak<\/option><option value=\"Irland\">Irland<\/option><option value=\"Isle of Man\">Isle of Man<\/option><option value=\"Israel\">Israel<\/option><option value=\"Italien\">Italien<\/option><option value=\"Jamaika\">Jamaika<\/option><option value=\"Japan\">Japan<\/option><option value=\"Jersey\">Jersey<\/option><option value=\"Jordanien\">Jordanien<\/option><option value=\"Kasachstan\">Kasachstan<\/option><option value=\"Kasachstan\">Kasachstan<\/option><option value=\"Kenia\">Kenia<\/option><option value=\"Kiribati\">Kiribati<\/option><option value=\"Kolumbien\">Kolumbien<\/option><option value=\"Komoren\">Komoren<\/option><option value=\"Kongo\">Kongo<\/option><option value=\"Korea S\u00fcd\">Korea S\u00fcd<\/option><option value=\"Kuwait\">Kuwait<\/option><option value=\"Kirgisische Republik\">Kirgisische Republik<\/option><option value=\"Laotische Demokratische Volksrepublik\">Laotische Demokratische Volksrepublik<\/option><option value=\"Lettland\">Lettland<\/option><option value=\"Libanon\">Libanon<\/option><option value=\"Lesotho\">Lesotho<\/option><option value=\"Liberia\">Liberia<\/option><option value=\"Libysche Arabische Jamahiriya\">Libysche Arabische Jamahiriya<\/option><option value=\"Litauen\">Litauen<\/option><option value=\"Macao\">Macao<\/option><option value=\"Makedonien\">Makedonien<\/option><option value=\"Madagaskar\">Madagaskar<\/option><option value=\"Malawi\">Malawi<\/option><option value=\"Malaysia\">Malaysia<\/option><option value=\"Malediven\">Malediven<\/option><option value=\"Mali\">Mali<\/option><option value=\"Malta\">Malta<\/option><option value=\"Marshallinseln\">Marshallinseln<\/option><option value=\"Martinique\">Martinique<\/option><option value=\"Mauretanien\">Mauretanien<\/option><option value=\"Mauritius\">Mauritius<\/option><option value=\"Mayotte\">Mayotte<\/option><option value=\"Mexiko\">Mexiko<\/option><option value=\"Mikronesien\">Mikronesien<\/option><option value=\"Moldau\">Moldau<\/option><option value=\"Monaco\">Monaco<\/option><option value=\"Mongolei\">Mongolei<\/option><option value=\"Montenegro\">Montenegro<\/option><option value=\"Montserrat\">Montserrat<\/option><option value=\"Marokko\">Marokko<\/option><option value=\"Mosambik\">Mosambik<\/option><option value=\"Myanmar\">Myanmar<\/option><option value=\"Namibia\">Namibia<\/option><option value=\"Nauru\">Nauru<\/option><option value=\"Nepal\">Nepal<\/option><option value=\"Niederlande\">Niederlande<\/option><option value=\"Niederl\u00e4ndische Antillen\">Niederl\u00e4ndische Antillen<\/option><option value=\"Neukaledonien\">Neukaledonien<\/option><option value=\"Neuseeland\">Neuseeland<\/option><option value=\"Nicaragua\">Nicaragua<\/option><option value=\"Niger\">Niger<\/option><option value=\"Nigeria\">Nigeria<\/option><option value=\"Niue\">Niue<\/option><option value=\"Norfolkinsel\">Norfolkinsel<\/option><option value=\"N\u00f6rdliche Marianen\">N\u00f6rdliche Marianen<\/option><option value=\"Norwegen\">Norwegen<\/option><option value=\"Oman\">Oman<\/option><option value=\"Pakistan\">Pakistan<\/option><option value=\"Palau\">Palau<\/option><option value=\"Pal\u00e4stinensische Gebiete\">Pal\u00e4stinensische Gebiete<\/option><option value=\"Panama\">Panama<\/option><option value=\"Papua-Neuguinea\">Papua-Neuguinea<\/option><option value=\"Paraguay\">Paraguay<\/option><option value=\"Peru\">Peru<\/option><option value=\"Philippinen\">Philippinen<\/option><option value=\"Pitcairninseln\">Pitcairninseln<\/option><option value=\"Polen\">Polen<\/option><option value=\"Portugal\">Portugal<\/option><option value=\"Puerto Rico\">Puerto Rico<\/option><option value=\"Katar\">Katar<\/option><option value=\"R\u00e9union\">R\u00e9union<\/option><option value=\"Rum\u00e4nien\">Rum\u00e4nien<\/option><option value=\"Russische F\u00f6deration\">Russische F\u00f6deration<\/option><option value=\"Ruanda\">Ruanda<\/option><option value=\"Sankt Barth\u00e9lemy\">Sankt Barth\u00e9lemy<\/option><option value=\"Heilige Helena\">Heilige Helena<\/option><option value=\"Heilige Kitts und Nevis\">Heilige Kitts und Nevis<\/option><option value=\"Heilige Lucia\">Heilige Lucia<\/option><option value=\"Heilige Martin\">Heilige Martin<\/option><option value=\"Saint Pierre und Miquelon\">Saint Pierre und Miquelon<\/option><option value=\"St. Vincent und die Grenadinen\">St. Vincent und die Grenadinen<\/option><option value=\"Sambia\">Sambia<\/option><option value=\"Samoa\">Samoa<\/option><option value=\"San Marino\">San Marino<\/option><option value=\"Sao Tome und Principe\">Sao Tome und Principe<\/option><option value=\"Saudi-Arabien\">Saudi-Arabien<\/option><option value=\"Senegal\">Senegal<\/option><option value=\"Serbien\">Serbien<\/option><option value=\"Seychellen\">Seychellen<\/option><option value=\"Sierra Leone\">Sierra Leone<\/option><option value=\"Simbabwe\">Simbabwe<\/option><option value=\"Singapur\">Singapur<\/option><option value=\"Sint Maarten (Niederlande)\">Sint Maarten (Niederlande)<\/option><option value=\"Slowakei (Slowakische Republik)\">Slowakei (Slowakische Republik)<\/option><option value=\"Slowenien\">Slowenien<\/option><option value=\"Salomonen\">Salomonen<\/option><option value=\"Somalia\">Somalia<\/option><option value=\"S\u00fcdafrika\">S\u00fcdafrika<\/option><option value=\"S\u00fcdgeorgien &amp; S. Sandwichinseln\">S\u00fcdgeorgien &amp; S. Sandwichinseln<\/option><option value=\"Spanien\">Spanien<\/option><option value=\"Sri Lanka\">Sri Lanka<\/option><option value=\"Sudan\">Sudan<\/option><option value=\"Suriname\">Suriname<\/option><option value=\"Svalbard &amp; Jan Mayen Inseln\">Svalbard &amp; Jan Mayen Inseln<\/option><option value=\"Swasiland\">Swasiland<\/option><option value=\"Schweden\">Schweden<\/option><option value=\"Syrische Arabische Republik\">Syrische Arabische Republik<\/option><option value=\"Taiwan\">Taiwan<\/option><option value=\"Tadschikistan\">Tadschikistan<\/option><option value=\"Tansania\">Tansania<\/option><option value=\"Timor-Leste\">Timor-Leste<\/option><option value=\"Togo\">Togo<\/option><option value=\"Tokelau\">Tokelau<\/option><option value=\"Tonga\">Tonga<\/option><option value=\"Trinidad und Tobago\">Trinidad und Tobago<\/option><option value=\"Tunesien\">Tunesien<\/option><option value=\"T\u00fcrkei\">T\u00fcrkei<\/option><option value=\"Turkmenistan\">Turkmenistan<\/option><option value=\"Turks- und Caicosinseln\">Turks- und Caicosinseln<\/option><option value=\"Tuvalu\">Tuvalu<\/option><option value=\"Upper Minor Outlying Islands\">Upper Minor Outlying Islands<\/option><option value=\"Uganda\">Uganda<\/option><option value=\"Ukraine\">Ukraine<\/option><option value=\"Vereinigte Arabische Emirate\">Vereinigte Arabische Emirate<\/option><option value=\"Vereinigte Staaten von Amerika\">Vereinigte Staaten von Amerika<\/option><option value=\"Vereinigtes K\u00f6nigreich\">Vereinigtes K\u00f6nigreich<\/option><option value=\"Uruguay\">Uruguay<\/option><option value=\"Usbekistan\">Usbekistan<\/option><option value=\"Vanuatu\">Vanuatu<\/option><option value=\"Venezuela\">Venezuela<\/option><option value=\"Vietnam\">Vietnam<\/option><option value=\"Wallis und Futuna\">Wallis und Futuna<\/option><option value=\"Westsahara\">Westsahara<\/option><option value=\"Jemen\">Jemen<\/option><\/select><\/span> <\/label>\n\t<\/p>\n\t<p><label> Adresse <span class=\"wpcf7-form-control-wrap\" data-name=\"address\"><input size=\"40\" class=\"wpcf7-form-control wpcf7-text\" aria-invalid=\"false\" value=\"\" type=\"text\" name=\"address\" \/><\/span> <\/label>\n\t<\/p>\n<\/div>\n<div class=\"one-half last\">\n\t<p><label> Betreff <span class=\"wpcf7-form-control-wrap subject-name\"><input name=\"subject-name\" class=\"wpcf7-form-control wpcf7dtx-dynamictext wpcf7-dynamictext\" size=\"40\" aria-invalid=\"false\" type=\"text\" value=\"Fl\u00fcssigkeits und Staubabscheider\" \/><\/span><\/label>\n\t<\/p>\n\t<p><label> Nachricht* <span class=\"wpcf7-form-control-wrap\" data-name=\"your-message\"><textarea cols=\"40\" rows=\"10\" class=\"wpcf7-form-control wpcf7-textarea\" aria-invalid=\"false\" name=\"your-message\"><\/textarea><\/span> <\/label>\n\t<\/p>\n\t<p><span class=\"wpcf7-form-control-wrap\" data-name=\"checkbox-403\"><span class=\"wpcf7-form-control wpcf7-checkbox wpcf7-validates-as-required\"><span class=\"wpcf7-list-item first last\"><label><input type=\"checkbox\" name=\"checkbox-403[]\" value=\"Ehrler &amp; Beck verwendet die zur Verf\u00fcgung gestellten Informationen nur zu Kontaktzwecken, Details entnehmen Sie bitte unserer Datenschutzerkl\u00e4rung.\" \/><span class=\"wpcf7-list-item-label\">Ehrler &amp; Beck verwendet die zur Verf\u00fcgung gestellten Informationen nur zu Kontaktzwecken, Details entnehmen Sie bitte unserer Datenschutzerkl\u00e4rung.<\/span><\/label><\/span><\/span><\/span>\n\t<\/p>\n\t<p><span style=\"font-size: 10pt;\">*Ben\u00f6tigte Felder<\/span>\n\t<\/p>\n<\/div>\n<div class=\"tiaro-button-wrapper tiaro-alignright\">\n\t<p><input class=\"wpcf7-form-control has-spinner wpcf7-submit\" type=\"submit\" value=\"ANFRAGE SENDEN\" \/>\n\t<\/p>\n<\/div>\n<p>&nbsp;\n<\/p><div class=\"tiaro-alert alert custom alert-custom tiaro-alert-center wpcf7-response-output alert-dismissable\" style=\"--awb-border-size:1px;\" role=\"alert\"><div class=\"tiaro-alert-content-wrapper\"><span class=\"tiaro-alert-content\"><\/span><\/div><button type=\"button\" class=\"close toggle-alert\" data-dismiss=\"alert\" aria-label=\"Close\">&times;<\/button><\/div>\n<\/form>\n<\/div>\n\n","protected":false},"excerpt":{"rendered":"<p>Das Lieferprogramm von Ehrler &amp; Beck schlie\u00dft die folgenden Fl\u00fcssigkeits und Staubabscheider durch den Hersteller Kontaktieren Sie uns f\u00fcr ein Angebotsanfrage<\/p>\n","protected":false},"author":1,"featured_media":0,"parent":9567,"menu_order":0,"comment_status":"closed","ping_status":"closed","template":"","meta":{"footnotes":""},"class_list":["post-9600","page","type-page","status-publish","hentry"],"acf":[],"_links":{"self":[{"href":"https:\/\/ehrler-beck.com\/de\/wp-json\/wp\/v2\/pages\/9600","targetHints":{"allow":["GET"]}}],"collection":[{"href":"https:\/\/ehrler-beck.com\/de\/wp-json\/wp\/v2\/pages"}],"about":[{"href":"https:\/\/ehrler-beck.com\/de\/wp-json\/wp\/v2\/types\/page"}],"author":[{"embeddable":true,"href":"https:\/\/ehrler-beck.com\/de\/wp-json\/wp\/v2\/users\/1"}],"replies":[{"embeddable":true,"href":"https:\/\/ehrler-beck.com\/de\/wp-json\/wp\/v2\/comments?post=9600"}],"version-history":[{"count":0,"href":"https:\/\/ehrler-beck.com\/de\/wp-json\/wp\/v2\/pages\/9600\/revisions"}],"up":[{"embeddable":true,"href":"https:\/\/ehrler-beck.com\/de\/wp-json\/wp\/v2\/pages\/9567"}],"wp:attachment":[{"href":"https:\/\/ehrler-beck.com\/de\/wp-json\/wp\/v2\/media?parent=9600"}],"curies":[{"name":"wp","href":"https:\/\/api.w.org\/{rel}","templated":true}]}}