{"id":7507,"date":"2017-11-28T09:06:13","date_gmt":"2017-11-28T08:06:13","guid":{"rendered":"http:\/\/ehrler-beck.com\/produkte\/verdichter-und-kompressoren\/rotary-screw-compressors"},"modified":"2018-01-09T14:19:10","modified_gmt":"2018-01-09T13:19:10","slug":"schrauben-kompressoren","status":"publish","type":"page","link":"https:\/\/ehrler-beck.com\/de\/produkte\/verdichter-und-kompressoren\/schrauben-kompressoren","title":{"rendered":"Schrauben-Kompressoren"},"content":{"rendered":"<p><div class=\"tiaro-fullwidth fullwidth-box tiaro-builder-row-1 tiaro-flex-container nonhundred-percent-fullwidth non-hundred-percent-height-scrolling\" style=\"--awb-border-radius-top-left:0px;--awb-border-radius-top-right:0px;--awb-border-radius-bottom-right:0px;--awb-border-radius-bottom-left:0px;\" ><div class=\"tiaro-builder-row tiaro-row tiaro-flex-align-items-flex-start\" style=\"max-width:calc( 1350px + 0px );margin-left: calc(-0px \/ 2 );margin-right: calc(-0px \/ 2 );\"><div class=\"tiaro-layout-column tiaro_builder_column tiaro-builder-column-0 tiaro_builder_column_1_1 1_1 tiaro-flex-column\" style=\"--awb-bg-size:cover;--awb-width-large:100%;--awb-margin-top-large:0px;--awb-spacing-right-large:0px;--awb-margin-bottom-large:5px;--awb-spacing-left-large:0px;--awb-width-medium:100%;--awb-spacing-right-medium:0px;--awb-spacing-left-medium:0px;--awb-width-small:100%;--awb-spacing-right-small:0px;--awb-spacing-left-small:0px;\"><div class=\"tiaro-column-wrapper tiaro-flex-justify-content-flex-start tiaro-content-layout-column\"><div class=\"tiaro-text tiaro-text-1\"><h1>SCHRAUBEN-KOMPRESSOREN<span style=\"font-size: 10pt;\"><img decoding=\"async\" class=\"lazyload alignright wp-image-49 size-full\" src=\"https:\/\/ehrler-beck.com\/wp-content\/uploads\/2017\/07\/Screw-Technology-Icon.png\" data-orig-src=\"https:\/\/ehrler-beck.com\/wp-content\/uploads\/2017\/07\/Screw-Technology-Icon.png\" alt=\"\" width=\"100\" height=\"100\" srcset=\"data:image\/svg+xml,%3Csvg%20xmlns%3D%27http%3A%2F%2Fwww.w3.org%2F2000%2Fsvg%27%20width%3D%27100%27%20height%3D%27100%27%20viewBox%3D%270%200%20100%20100%27%3E%3Crect%20width%3D%27100%27%20height%3D%27100%27%20fill-opacity%3D%220%22%2F%3E%3C%2Fsvg%3E\" data-srcset=\"https:\/\/ehrler-beck.com\/wp-content\/uploads\/2017\/07\/Screw-Technology-Icon-66x66.png 66w, https:\/\/ehrler-beck.com\/wp-content\/uploads\/2017\/07\/Screw-Technology-Icon.png 100w\" data-sizes=\"auto\" data-orig-sizes=\"(max-width: 100px) 100vw, 100px\" \/><\/span><\/h1>\n<\/div><div class=\"tiaro-separator\" style=\"align-self: center;margin-left: auto;margin-right: auto;margin-top:4px;margin-bottom:4px;width:100%;max-width:80%;\"><div class=\"tiaro-separator-border sep-shadow\" style=\"--awb-height:20px;--awb-amount:20px;--awb-sep-color:#00b3a7;background:radial-gradient(ellipse at 50% -50% , #00b3a7 0px, rgba(255, 255, 255, 0) 80%) repeat scroll 0 0 rgba(0, 0, 0, 0);background:-webkit-radial-gradient(ellipse at 50% -50% , #00b3a7 0px, rgba(255, 255, 255, 0) 80%) repeat scroll 0 0 rgba(0, 0, 0, 0);background:-moz-radial-gradient(ellipse at 50% -50% , #00b3a7 0px, rgba(255, 255, 255, 0) 80%) repeat scroll 0 0 rgba(0, 0, 0, 0);background:-o-radial-gradient(ellipse at 50% -50% , #00b3a7 0px, rgba(255, 255, 255, 0) 80%) repeat scroll 0 0 rgba(0, 0, 0, 0);\"><\/div><\/div><\/div><\/div><div class=\"tiaro-layout-column tiaro_builder_column tiaro-builder-column-1 tiaro_builder_column_1_1 1_1 tiaro-flex-column\" style=\"--awb-bg-size:cover;--awb-width-large:100%;--awb-margin-top-large:0px;--awb-spacing-right-large:0px;--awb-margin-bottom-large:5px;--awb-spacing-left-large:0px;--awb-width-medium:100%;--awb-spacing-right-medium:0px;--awb-spacing-left-medium:0px;--awb-width-small:100%;--awb-spacing-right-small:0px;--awb-spacing-left-small:0px;\"><div class=\"tiaro-column-wrapper tiaro-flex-justify-content-flex-start tiaro-content-layout-column\"><div class=\"tiaro-image-element \" style=\"text-align:center;--awb-caption-title-font-family:var(--h2_typography-font-family);--awb-caption-title-font-weight:var(--h2_typography-font-weight);--awb-caption-title-font-style:var(--h2_typography-font-style);--awb-caption-title-size:var(--h2_typography-font-size);--awb-caption-title-transform:var(--h2_typography-text-transform);--awb-caption-title-line-height:var(--h2_typography-line-height);--awb-caption-title-letter-spacing:var(--h2_typography-letter-spacing);\"><span class=\" tiaro-imageframe imageframe-none imageframe-1 hover-type-none\" class=\"image-magnify\" class=\"image-scroll\"><img decoding=\"async\" width=\"300\" height=\"67\" title=\"BOGE Logo ENG\" src=\"https:\/\/ehrler-beck.com\/wp-content\/uploads\/2017\/11\/BOGE-Logo-ENG.jpg\" data-orig-src=\"https:\/\/ehrler-beck.com\/wp-content\/uploads\/2017\/11\/BOGE-Logo-ENG-300x67.jpg\" alt class=\"lazyload img-responsive wp-image-7505\" srcset=\"data:image\/svg+xml,%3Csvg%20xmlns%3D%27http%3A%2F%2Fwww.w3.org%2F2000%2Fsvg%27%20width%3D%271038%27%20height%3D%27231%27%20viewBox%3D%270%200%201038%20231%27%3E%3Crect%20width%3D%271038%27%20height%3D%27231%27%20fill-opacity%3D%220%22%2F%3E%3C%2Fsvg%3E\" data-srcset=\"https:\/\/ehrler-beck.com\/wp-content\/uploads\/2017\/11\/BOGE-Logo-ENG-200x45.jpg 200w, https:\/\/ehrler-beck.com\/wp-content\/uploads\/2017\/11\/BOGE-Logo-ENG-400x89.jpg 400w, https:\/\/ehrler-beck.com\/wp-content\/uploads\/2017\/11\/BOGE-Logo-ENG-600x134.jpg 600w, https:\/\/ehrler-beck.com\/wp-content\/uploads\/2017\/11\/BOGE-Logo-ENG-800x178.jpg 800w, https:\/\/ehrler-beck.com\/wp-content\/uploads\/2017\/11\/BOGE-Logo-ENG.jpg 1038w\" data-sizes=\"auto\" data-orig-sizes=\"(max-width: 640px) 100vw, 300px\" \/><\/span><\/div><div class=\"tiaro-text tiaro-text-2\"><p><span class=\"intro-text\">Exakt arbeitende Einzelkomponenten und komplexe Systeml\u00f6sungen machen BOGE-Kompressoren zu weltweit gefragten Qualit\u00e4tsprodukten. Kompressoren, die mit verl\u00e4sslicher Pr\u00e4zision entwickelt und konsequent hochwertig produziert werden. S\u00e4mtliche Ger\u00e4te verlassen das Werk erst nach strengsten Qualit\u00e4tskontrollen.<\/span><\/p>\n<p><span class=\"intro-text\">Kompressoren von BOGE sind in diversen Bauarten erh\u00e4ltlich: Schraubenkompressoren, Kolbenkompressoren, \u00f6lgeschmiert oder \u00f6lfrei, komplette Anlagen oder einzelne Ger\u00e4te &#8211; sie erf\u00fcllen die unterschiedlichsten Anforderungen und die h\u00f6chsten Anspr\u00fcche. Auf effiziente Systeml\u00f6sungen mit Kompressoren von BOGE verlassen sich die verschiedensten Branchen. Und alle wissen die zuverl\u00e4ssige Leistungsst\u00e4rke dieser Kompressoren zu sch\u00e4tzen.<\/span><\/p>\n<\/div><div class=\"tiaro-separator tiaro-full-width-sep\" style=\"align-self: center;margin-left: auto;margin-right: auto;width:100%;\"><div class=\"tiaro-separator-border sep-shadow\" style=\"--awb-height:20px;--awb-amount:20px;--awb-sep-color:#00b3a7;background:radial-gradient(ellipse at 50% -50% , #00b3a7 0px, rgba(255, 255, 255, 0) 80%) repeat scroll 0 0 rgba(0, 0, 0, 0);background:-webkit-radial-gradient(ellipse at 50% -50% , #00b3a7 0px, rgba(255, 255, 255, 0) 80%) repeat scroll 0 0 rgba(0, 0, 0, 0);background:-moz-radial-gradient(ellipse at 50% -50% , #00b3a7 0px, rgba(255, 255, 255, 0) 80%) repeat scroll 0 0 rgba(0, 0, 0, 0);background:-o-radial-gradient(ellipse at 50% -50% , #00b3a7 0px, rgba(255, 255, 255, 0) 80%) repeat scroll 0 0 rgba(0, 0, 0, 0);\"><\/div><\/div><\/div><\/div><\/div><\/div><div class=\"tiaro-fullwidth fullwidth-box tiaro-builder-row-2 tiaro-flex-container hundred-percent-fullwidth non-hundred-percent-height-scrolling\" style=\"--awb-border-radius-top-left:0px;--awb-border-radius-top-right:0px;--awb-border-radius-bottom-right:0px;--awb-border-radius-bottom-left:0px;--awb-padding-top:0px;--awb-padding-right:0px;--awb-padding-bottom:0px;--awb-padding-left:0px;\" ><div class=\"tiaro-builder-row tiaro-row tiaro-flex-align-items-flex-start\" style=\"width:calc( 100% + 0px ) !important;max-width:calc( 100% + 0px ) !important;margin-left: calc(-0px \/ 2 );margin-right: calc(-0px \/ 2 );\"><div class=\"tiaro-layout-column tiaro_builder_column tiaro-builder-column-2 tiaro_builder_column_1_1 1_1 tiaro-flex-column\" style=\"--awb-padding-top:5px;--awb-padding-bottom:5px;--awb-bg-color:#efefef;--awb-bg-position:center center;--awb-bg-size:cover;--awb-border-color:#00b3a7;--awb-border-style:solid;--awb-width-large:100%;--awb-margin-top-large:0px;--awb-spacing-right-large:0px;--awb-margin-bottom-large:5px;--awb-spacing-left-large:0px;--awb-width-medium:100%;--awb-spacing-right-medium:0px;--awb-spacing-left-medium:0px;--awb-width-small:100%;--awb-spacing-right-small:0px;--awb-spacing-left-small:0px;\"><div class=\"tiaro-column-wrapper tiaro-flex-justify-content-flex-start tiaro-content-layout-column\"><div class=\"tiaro-text tiaro-text-3\"><h3 style=\"text-align: center;\">DAS LIEFERPROGRAMM VON EHRLER &amp; BECK UMFASST FOLGENDE BOGE-BAUREIHEN:<\/h3>\n<\/div><\/div><\/div><\/div><\/div><div class=\"tiaro-fullwidth fullwidth-box tiaro-builder-row-3 tiaro-flex-container nonhundred-percent-fullwidth non-hundred-percent-height-scrolling\" style=\"--awb-border-radius-top-left:0px;--awb-border-radius-top-right:0px;--awb-border-radius-bottom-right:0px;--awb-border-radius-bottom-left:0px;\" ><div class=\"tiaro-builder-row tiaro-row tiaro-flex-align-items-flex-start\" style=\"max-width:calc( 1350px + 0px );margin-left: calc(-0px \/ 2 );margin-right: calc(-0px \/ 2 );\"><div class=\"tiaro-layout-column tiaro_builder_column tiaro-builder-column-3 tiaro_builder_column_1_1 1_1 tiaro-flex-column\" style=\"--awb-bg-size:cover;--awb-width-large:100%;--awb-margin-top-large:0px;--awb-spacing-right-large:0px;--awb-margin-bottom-large:5px;--awb-spacing-left-large:0px;--awb-width-medium:100%;--awb-spacing-right-medium:0px;--awb-spacing-left-medium:0px;--awb-width-small:100%;--awb-spacing-right-small:0px;--awb-spacing-left-small:0px;\"><div class=\"tiaro-column-wrapper tiaro-flex-justify-content-flex-start tiaro-content-layout-column\">[tiaro_woo_shortcodes][product_category category=&#8220;c-serie&#8220; limit=&#8220;100&#8243; columns=&#8220;4&#8243; orderby=&#8220;date&#8220; order=&#8220;desc&#8220;][\/tiaro_woo_shortcodes]<\/div><\/div><\/div><\/div><\/p>\n","protected":false},"excerpt":{"rendered":"","protected":false},"author":1,"featured_media":0,"parent":1806,"menu_order":0,"comment_status":"closed","ping_status":"closed","template":"100-width.php","meta":{"footnotes":""},"class_list":["post-7507","page","type-page","status-publish","hentry"],"acf":[],"_links":{"self":[{"href":"https:\/\/ehrler-beck.com\/de\/wp-json\/wp\/v2\/pages\/7507","targetHints":{"allow":["GET"]}}],"collection":[{"href":"https:\/\/ehrler-beck.com\/de\/wp-json\/wp\/v2\/pages"}],"about":[{"href":"https:\/\/ehrler-beck.com\/de\/wp-json\/wp\/v2\/types\/page"}],"author":[{"embeddable":true,"href":"https:\/\/ehrler-beck.com\/de\/wp-json\/wp\/v2\/users\/1"}],"replies":[{"embeddable":true,"href":"https:\/\/ehrler-beck.com\/de\/wp-json\/wp\/v2\/comments?post=7507"}],"version-history":[{"count":0,"href":"https:\/\/ehrler-beck.com\/de\/wp-json\/wp\/v2\/pages\/7507\/revisions"}],"up":[{"embeddable":true,"href":"https:\/\/ehrler-beck.com\/de\/wp-json\/wp\/v2\/pages\/1806"}],"wp:attachment":[{"href":"https:\/\/ehrler-beck.com\/de\/wp-json\/wp\/v2\/media?parent=7507"}],"curies":[{"name":"wp","href":"https:\/\/api.w.org\/{rel}","templated":true}]}}