{"id":7394,"date":"2017-11-27T10:33:15","date_gmt":"2017-11-27T09:33:15","guid":{"rendered":"http:\/\/ehrler-beck.com\/produkte\/verdichter-und-kompressoren\/drehschieber-oelfrei\/v-series"},"modified":"2022-08-14T09:07:15","modified_gmt":"2022-08-14T07:07:15","slug":"v-serie","status":"publish","type":"page","link":"https:\/\/ehrler-beck.com\/de\/produkte\/verdichter-und-kompressoren\/drehschieber-oelfrei\/v-serie","title":{"rendered":"V-Serie"},"content":{"rendered":"<p><div class=\"tiaro-fullwidth fullwidth-box tiaro-builder-row-1 tiaro-flex-container nonhundred-percent-fullwidth non-hundred-percent-height-scrolling\" style=\"--awb-border-radius-top-left:0px;--awb-border-radius-top-right:0px;--awb-border-radius-bottom-right:0px;--awb-border-radius-bottom-left:0px;\" ><div class=\"tiaro-builder-row tiaro-row tiaro-flex-align-items-flex-start\" style=\"max-width:1404px;margin-left: calc(-4% \/ 2 );margin-right: calc(-4% \/ 2 );\"><div class=\"tiaro-layout-column tiaro_builder_column tiaro-builder-column-0 tiaro_builder_column_1_1 1_1 tiaro-flex-column\" style=\"--awb-bg-size:cover;--awb-width-large:100%;--awb-margin-top-large:0px;--awb-spacing-right-large:1.92%;--awb-margin-bottom-large:5px;--awb-spacing-left-large:1.92%;--awb-width-medium:100%;--awb-spacing-right-medium:1.92%;--awb-spacing-left-medium:1.92%;--awb-width-small:100%;--awb-spacing-right-small:1.92%;--awb-spacing-left-small:1.92%;\"><div class=\"tiaro-column-wrapper tiaro-flex-justify-content-flex-start tiaro-content-layout-column\"><div class=\"tiaro-text tiaro-text-1\"><h1>V-Serie\u00a0<span style=\"font-size: 10pt;\"><span style=\"color: #000000;\">(Elmo Rietschle)<\/span><a href=\"\/?page_id=258\" target=\"_blank\" rel=\"noopener\"><img decoding=\"async\" class=\"lazyload alignright wp-image-45\" src=\"https:\/\/ehrler-beck.com\/wp-content\/uploads\/2017\/07\/Rotary-Vane-Oil-Free-Technology-Icon.png\" data-orig-src=\"https:\/\/ehrler-beck.com\/wp-content\/uploads\/2017\/07\/Rotary-Vane-Oil-Free-Technology-Icon.png\" alt=\"\" width=\"80\" height=\"80\" srcset=\"data:image\/svg+xml,%3Csvg%20xmlns%3D%27http%3A%2F%2Fwww.w3.org%2F2000%2Fsvg%27%20width%3D%2780%27%20height%3D%2780%27%20viewBox%3D%270%200%2080%2080%27%3E%3Crect%20width%3D%2780%27%20height%3D%2780%27%20fill-opacity%3D%220%22%2F%3E%3C%2Fsvg%3E\" data-srcset=\"https:\/\/ehrler-beck.com\/wp-content\/uploads\/2017\/07\/Rotary-Vane-Oil-Free-Technology-Icon-66x66.png 66w, https:\/\/ehrler-beck.com\/wp-content\/uploads\/2017\/07\/Rotary-Vane-Oil-Free-Technology-Icon.png 100w\" data-sizes=\"auto\" data-orig-sizes=\"(max-width: 80px) 100vw, 80px\" \/><\/a><\/span><\/h1>\n<\/div><\/div><\/div><div class=\"tiaro-layout-column tiaro_builder_column tiaro-builder-column-1 tiaro_builder_column_1_2 1_2 tiaro-flex-column\" style=\"--awb-bg-size:cover;--awb-width-large:50%;--awb-margin-top-large:0px;--awb-spacing-right-large:3.84%;--awb-margin-bottom-large:5px;--awb-spacing-left-large:3.84%;--awb-width-medium:50%;--awb-spacing-right-medium:3.84%;--awb-spacing-left-medium:3.84%;--awb-width-small:100%;--awb-spacing-right-small:1.92%;--awb-spacing-left-small:1.92%;\"><div class=\"tiaro-column-wrapper tiaro-flex-justify-content-flex-start tiaro-content-layout-column\"><div class=\"tiaro-text tiaro-text-2\"><h3>V-DTA<\/h3>\n<p><span class=\"intro-text\">Volumenstr\u00f6me von 58 bis 88 m\u00b3\/h, \u00dcberdr\u00fccke bis zu 1,5 bar im Dauerbetrieb und 2,2 bar im Intervallbetrieb. Mit zweiseitig gelagertem Rotor, Flanschmotor mit Bolzenkupplung. Stabile Kennlinie und leiser Lauf. Gezielte K\u00fchlluftf\u00fchrung durch Schallhaube (Ausblasung wahl wei se ein- oder zweiseitig). Wartungs und bedienungsfreundlich.<\/span><\/p>\n<\/div><div class=\"tiaro-text tiaro-text-3\"><h3>VORTEILE AUF EINEN BLICK<\/h3>\n<ul>\n<li class=\"odd\">Niedriger Ger\u00e4uschpegel<\/li>\n<li class=\"even\">Bedienungsfreundlich<\/li>\n<li class=\"odd\">Umweltfreundlich, trocken laufend<\/li>\n<li class=\"even\">Betriebssicher und belastbar<\/li>\n<li class=\"odd\">Robust und wirtschaftlich<\/li>\n<li class=\"even\">Umfassende Zubeh\u00f6rpalette<\/li>\n<li class=\"odd\">Weltweiter Kundendienst<\/li>\n<li class=\"even\">Wartungsarm<\/li>\n<\/ul>\n<\/div><\/div><\/div><div class=\"tiaro-layout-column tiaro_builder_column tiaro-builder-column-2 tiaro_builder_column_1_2 1_2 tiaro-flex-column\" style=\"--awb-bg-size:cover;--awb-width-large:50%;--awb-margin-top-large:0px;--awb-spacing-right-large:3.84%;--awb-margin-bottom-large:5px;--awb-spacing-left-large:3.84%;--awb-width-medium:50%;--awb-spacing-right-medium:3.84%;--awb-spacing-left-medium:3.84%;--awb-width-small:100%;--awb-spacing-right-small:1.92%;--awb-spacing-left-small:1.92%;\"><div class=\"tiaro-column-wrapper tiaro-flex-justify-content-flex-start tiaro-content-layout-column\"><div class=\"tiaro-image-element \" style=\"text-align:center;--awb-caption-title-font-family:var(--h2_typography-font-family);--awb-caption-title-font-weight:var(--h2_typography-font-weight);--awb-caption-title-font-style:var(--h2_typography-font-style);--awb-caption-title-size:var(--h2_typography-font-size);--awb-caption-title-transform:var(--h2_typography-text-transform);--awb-caption-title-line-height:var(--h2_typography-line-height);--awb-caption-title-letter-spacing:var(--h2_typography-letter-spacing);\"><span class=\" tiaro-imageframe imageframe-none imageframe-1 hover-type-none\" class=\"image-magnify\" class=\"image-scroll\"><img decoding=\"async\" width=\"1720\" height=\"1000\" alt=\"Elmo Rietschle Drehschieber-Verdichter\" title=\"Drehschieber-Verdichter V Serie\" src=\"https:\/\/ehrler-beck.com\/wp-content\/uploads\/2022\/08\/Drehschieber-Verdichter-V-Serie.jpg\" data-orig-src=\"https:\/\/ehrler-beck.com\/wp-content\/uploads\/2022\/08\/Drehschieber-Verdichter-V-Serie.jpg\" class=\"lazyload img-responsive wp-image-62835\" srcset=\"data:image\/svg+xml,%3Csvg%20xmlns%3D%27http%3A%2F%2Fwww.w3.org%2F2000%2Fsvg%27%20width%3D%271720%27%20height%3D%271000%27%20viewBox%3D%270%200%201720%201000%27%3E%3Crect%20width%3D%271720%27%20height%3D%271000%27%20fill-opacity%3D%220%22%2F%3E%3C%2Fsvg%3E\" data-srcset=\"https:\/\/ehrler-beck.com\/wp-content\/uploads\/2022\/08\/Drehschieber-Verdichter-V-Serie-200x116.jpg 200w, https:\/\/ehrler-beck.com\/wp-content\/uploads\/2022\/08\/Drehschieber-Verdichter-V-Serie-400x233.jpg 400w, https:\/\/ehrler-beck.com\/wp-content\/uploads\/2022\/08\/Drehschieber-Verdichter-V-Serie-600x349.jpg 600w, https:\/\/ehrler-beck.com\/wp-content\/uploads\/2022\/08\/Drehschieber-Verdichter-V-Serie-800x465.jpg 800w, https:\/\/ehrler-beck.com\/wp-content\/uploads\/2022\/08\/Drehschieber-Verdichter-V-Serie-1200x698.jpg 1200w, https:\/\/ehrler-beck.com\/wp-content\/uploads\/2022\/08\/Drehschieber-Verdichter-V-Serie.jpg 1720w\" data-sizes=\"auto\" data-orig-sizes=\"(max-width: 640px) 100vw, 1720px\" \/><\/span><\/div><\/div><\/div><div class=\"tiaro-layout-column tiaro_builder_column tiaro-builder-column-3 tiaro_builder_column_1_2 1_2 tiaro-flex-column\" style=\"--awb-bg-size:cover;--awb-width-large:50%;--awb-margin-top-large:0px;--awb-spacing-right-large:3.84%;--awb-margin-bottom-large:5px;--awb-spacing-left-large:3.84%;--awb-width-medium:50%;--awb-spacing-right-medium:3.84%;--awb-spacing-left-medium:3.84%;--awb-width-small:100%;--awb-spacing-right-small:1.92%;--awb-spacing-left-small:1.92%;\"><div class=\"tiaro-column-wrapper tiaro-flex-justify-content-flex-start tiaro-content-layout-column\"><div class=\"tiaro-text tiaro-text-4\"><h3>V-DLT \/-DTN<\/h3>\n<p><span class=\"intro-text\">Volumenstr\u00f6me von 11,3 bis 52,2 m\u00b3\/h, \u00dcberdr\u00fccke bis 1 bar. Vibrationsarm, leicht einzubauen, bedienungs- und wartungsfreundlich. Mit integriertem Saugluftfilter. Leiser Lauf, Ber\u00fchrungsschutz gegen hei\u00dfe Oberfl\u00e4chen und intensive K\u00fchlungdank Schallhaube. Flexible Anschlussm\u00f6glichkeiten. Wahlweise mit Druckluftnachk\u00fchler.<\/span><\/p>\n<\/div><\/div><\/div><div class=\"tiaro-layout-column tiaro_builder_column tiaro-builder-column-4 tiaro_builder_column_1_3 1_3 tiaro-flex-column\" style=\"--awb-padding-top:8px;--awb-padding-right:8px;--awb-padding-bottom:8px;--awb-padding-left:8px;--awb-bg-color:#dbdbdb;--awb-bg-size:cover;--awb-width-large:33.333333333333%;--awb-margin-top-large:0px;--awb-spacing-right-large:5.76%;--awb-margin-bottom-large:5px;--awb-spacing-left-large:5.76%;--awb-width-medium:33.333333333333%;--awb-spacing-right-medium:5.76%;--awb-spacing-left-medium:5.76%;--awb-width-small:100%;--awb-spacing-right-small:1.92%;--awb-spacing-left-small:1.92%;\"><div class=\"tiaro-column-wrapper tiaro-flex-justify-content-center tiaro-content-layout-column\"><div class=\"tiaro-text tiaro-text-5\"><p><span class=\"intro-text\">Z\u00f6gern Sie nicht, uns f\u00fcr weitere Informationen zu kontaktieren:<\/span><\/p>\n<p style=\"padding-left: 30px;\"><span class=\"intro-text\">e-mail: <span class=\"color-primary\">info@ehrler-beck.com<\/span><\/span><\/p>\n<p style=\"padding-left: 30px;\"><span class=\"intro-text\">tel: <span class=\"color-primary\">+49 (0) 7159 \/ 4085-0<\/span><\/span><\/p>\n<div class=\"tiaro-alignright\"><a class=\"tiaro-button button-flat button-medium button-default tiaro-button-default button-1 tiaro-button-default-span tiaro-button-default-type\" style=\"--button-border-radius-top-left:25px;--button-border-radius-top-right:25px;--button-border-radius-bottom-right:25px;--button-border-radius-bottom-left:25px;\" target=\"_blank\" rel=\"noopener noreferrer\" href=\"https:\/\/ehrler-beck.com\/de\/kotaktn\"><span class=\"tiaro-button-text tiaro-button-text-right\">KONTAKTIERE UNS<\/span><span class=\"tiaro-button-icon-divider button-icon-divider-right\"><i class=\" fa fa-comments-o\" aria-hidden=\"true\"><\/i><\/span><\/a><\/div>\n<\/div><\/div><\/div><div class=\"tiaro-layout-column tiaro_builder_column tiaro-builder-column-5 tiaro_builder_column_1_2 1_2 tiaro-flex-column\" style=\"--awb-bg-size:cover;--awb-width-large:50%;--awb-margin-top-large:0px;--awb-spacing-right-large:3.84%;--awb-margin-bottom-large:5px;--awb-spacing-left-large:3.84%;--awb-width-medium:50%;--awb-order-medium:0;--awb-spacing-right-medium:3.84%;--awb-spacing-left-medium:3.84%;--awb-width-small:100%;--awb-order-small:0;--awb-spacing-right-small:1.92%;--awb-spacing-left-small:1.92%;\"><div class=\"tiaro-column-wrapper tiaro-column-has-shadow tiaro-flex-justify-content-flex-start tiaro-content-layout-column\"><div class=\"tiaro-text tiaro-text-6\"><h3>V-DTR<\/h3>\n<p><span class=\"intro-text\">Volumenstr\u00f6me von 100 bis 155 m\u00b3\/h, \u00dcberdr\u00fccke bis zu 1,5 bar im Dauerbetrieb und 2,2 bar im Intervallbetrieb. Mit zweiseitig gelagertem Rotor, Flanschmotor mit drehelastischer Kupplung. Stabile Kennlinie und leiser Lauf. Gezielte K\u00fchlluftf\u00fchrung durch Schallhaube. Wartungs- und bedienungsfreundlich.<\/span><\/p>\n<\/div><\/div><\/div><div class=\"tiaro-layout-column tiaro_builder_column tiaro-builder-column-6 tiaro_builder_column_1_2 1_2 tiaro-flex-column\" style=\"--awb-bg-size:cover;--awb-width-large:50%;--awb-margin-top-large:0px;--awb-spacing-right-large:3.84%;--awb-margin-bottom-large:5px;--awb-spacing-left-large:3.84%;--awb-width-medium:50%;--awb-order-medium:0;--awb-spacing-right-medium:3.84%;--awb-spacing-left-medium:3.84%;--awb-width-small:100%;--awb-order-small:0;--awb-spacing-right-small:1.92%;--awb-spacing-left-small:1.92%;\"><div class=\"tiaro-column-wrapper tiaro-column-has-shadow tiaro-flex-justify-content-flex-start tiaro-content-layout-column\"><div class=\"tiaro-text tiaro-text-7\"><h3>V-DTE<\/h3>\n<p><span class=\"intro-text\">Volumenstr\u00f6me von 3,5 bis 12 m\u00b3\/h, \u00dcberdr\u00fccke bis 1 bar. Klein, kompakt und leicht einzubauen. Besonders leiser Lauf, korrosionsgesch\u00fctzter Rotor, Schlauchanschluss, Ansaugschalld\u00e4mpfer und Druckbegrenzungsventil sind serienm\u00e4\u00dfig.<\/span><\/p>\n<\/div><\/div><\/div><\/div><\/div><div class=\"tiaro-fullwidth fullwidth-box tiaro-builder-row-2 tiaro-flex-container nonhundred-percent-fullwidth non-hundred-percent-height-scrolling\" style=\"--awb-border-radius-top-left:0px;--awb-border-radius-top-right:0px;--awb-border-radius-bottom-right:0px;--awb-border-radius-bottom-left:0px;\" ><div class=\"tiaro-builder-row tiaro-row tiaro-flex-align-items-center tiaro-flex-justify-content-center\" style=\"max-width:1404px;margin-left: calc(-4% \/ 2 );margin-right: calc(-4% \/ 2 );\"><div class=\"tiaro-layout-column tiaro_builder_column tiaro-builder-column-7 tiaro_builder_column_4_5 4_5 tiaro-flex-column\" style=\"--awb-bg-color:#dbdbdb;--awb-bg-size:cover;--awb-width-large:80%;--awb-margin-top-large:0px;--awb-spacing-right-large:2.4%;--awb-margin-bottom-large:5px;--awb-spacing-left-large:2.4%;--awb-width-medium:80%;--awb-order-medium:0;--awb-spacing-right-medium:2.4%;--awb-spacing-left-medium:2.4%;--awb-width-small:100%;--awb-order-small:0;--awb-spacing-right-small:1.92%;--awb-spacing-left-small:1.92%;\"><div class=\"tiaro-column-wrapper tiaro-column-has-shadow tiaro-flex-justify-content-flex-start tiaro-content-layout-column\"><div class=\"tiaro-text tiaro-text-8\"><p style=\"text-align: center;\"><form data-sf-form-id='62833' data-is-rtl='0' data-maintain-state='' data-results-url='https:\/\/ehrler-beck.com\/de\/produkte\/verdichter-und-kompressoren\/drehschieber-oelfrei\/v-serie' data-ajax-url='https:\/\/ehrler-beck.com\/de\/?sfid=62833&amp;sf_action=get_data&amp;sf_data=all' data-ajax-form-url='https:\/\/ehrler-beck.com\/de\/?sfid=62833&amp;sf_action=get_data&amp;sf_data=form' data-display-result-method='shortcode' data-use-history-api='1' data-template-loaded='0' data-lang-code='de' data-ajax='1' data-ajax-data-type='json' data-ajax-links-selector='.pagination a' data-ajax-target='#search-filter-results-62833' data-ajax-pagination-type='normal' data-update-ajax-url='1' data-only-results-ajax='1' data-scroll-to-pos='0' data-init-paged='1' data-auto-update='1' data-auto-count='1' action='https:\/\/ehrler-beck.com\/de\/produkte\/verdichter-und-kompressoren\/drehschieber-oelfrei\/v-serie' method='post' class='searchandfilter' id='search-filter-form-62833' autocomplete='off' data-instance-count='1'><ul><li class=\"sf-field-post-meta-pf_m3h_pumping_speed_50\" data-sf-field-name=\"_sfm_pf_m3h_pumping_speed_50\" data-sf-field-type=\"post_meta\" data-sf-field-input-type=\"range-slider\" data-sf-meta-type=\"number\"><h4>Saugverm\u00f6gen - m\u00b3\/h<\/h4>\t\t<div  data-start-min=\"0\" data-start-max=\"155.0\" data-start-min-formatted=\"0.0\" data-start-max-formatted=\"155.0\" data-min=\"0\" data-max=\"155.0\" data-step=\"1\" data-decimal-places=\"1\" data-thousand-seperator=\"\" data-decimal-seperator=\".\" data-display-values-as=\"textinput\" data-sf-field-name=\"_sfm_pf_m3h_pumping_speed_50\" class=\"sf-meta-range sf-meta-range-slider\">\n\t\t\n\t\t\t\t\t<label>\n\t\t\t\t   \t\t\t<span class=\"screen-reader-text\">Saugverm\u00f6gen<\/span><input class=\"sf-input-range-number sf-range-min sf-input-text\" name=\"_sfm_pf_m3h_pumping_speed_50[]\" type=\"text\" value=\"0.0\" title=\"Saugverm\u00f6gen\"><\/label>\t\t<span class=\"sf-range-values-seperator\"> - <\/span>\t\t<label>\n\t\t\t\t   \t\t\t<span class=\"screen-reader-text\">Saugverm\u00f6gen<\/span><input class=\"sf-input-range-number sf-range-max sf-input-text\" name=\"_sfm_pf_m3h_pumping_speed_50[]\" type=\"text\" value=\"155.0\" title=\"Saugverm\u00f6gen\"><\/label>\t\t\t\t\t\n\t\t\t<div class=\"meta-slider\"><\/div>\n\t\t<\/div>\n\t\t<\/li><li class=\"sf-field-post-meta-pf_mbar_ultimate_pressure_50\" data-sf-field-name=\"_sfm_pf_mbar_ultimate_pressure_50\" data-sf-field-type=\"post_meta\" data-sf-field-input-type=\"range-slider\" data-sf-meta-type=\"number\"><h4>Enddruck - mbar<\/h4>\t\t<div  data-start-min=\"0\" data-start-max=\"1500\" data-start-min-formatted=\"0\" data-start-max-formatted=\"1500\" data-min=\"0\" data-max=\"1500\" data-step=\"100\" data-decimal-places=\"0\" data-thousand-seperator=\"\" data-decimal-seperator=\".\" data-display-values-as=\"textinput\" data-sf-field-name=\"_sfm_pf_mbar_ultimate_pressure_50\" class=\"sf-meta-range sf-meta-range-slider\">\n\t\t\n\t\t\t\t\t<label>\n\t\t\t\t   \t\t\t<span class=\"screen-reader-text\">Enddruck<\/span><input class=\"sf-input-range-number sf-range-min sf-input-number\" min=\"0\" max=\"1500\" step=\"100\" name=\"_sfm_pf_mbar_ultimate_pressure_50[]\" type=\"number\" value=\"0\" title=\"Enddruck\"><\/label>\t\t<span class=\"sf-range-values-seperator\"> - <\/span>\t\t<label>\n\t\t\t\t   \t\t\t<span class=\"screen-reader-text\">Enddruck<\/span><input class=\"sf-input-range-number sf-range-max sf-input-number\" min=\"0\" max=\"1500\" step=\"100\" name=\"_sfm_pf_mbar_ultimate_pressure_50[]\" type=\"number\" value=\"1500\" title=\"Enddruck\"><\/label>\t\t\t\t\t\n\t\t\t<div class=\"meta-slider\"><\/div>\n\t\t<\/div>\n\t\t<\/li><li class=\"sf-field-post-meta-pf_kw_motor_rating_50\" data-sf-field-name=\"_sfm_pf_kw_motor_rating_50\" data-sf-field-type=\"post_meta\" data-sf-field-input-type=\"range-slider\" data-sf-meta-type=\"number\"><h4>Motornennleistung - kW<\/h4>\t\t<div  data-start-min=\"0\" data-start-max=\"9.0\" data-start-min-formatted=\"0.0\" data-start-max-formatted=\"9.0\" data-min=\"0\" data-max=\"9.0\" data-step=\"0.1\" data-decimal-places=\"1\" data-thousand-seperator=\"\" data-decimal-seperator=\".\" data-display-values-as=\"textinput\" data-sf-field-name=\"_sfm_pf_kw_motor_rating_50\" class=\"sf-meta-range sf-meta-range-slider\">\n\t\t\n\t\t\t\t\t<label>\n\t\t\t\t   \t\t\t<span class=\"screen-reader-text\">Motornennleistung<\/span><input class=\"sf-input-range-number sf-range-min sf-input-text\" name=\"_sfm_pf_kw_motor_rating_50[]\" type=\"text\" value=\"0.0\" title=\"Motornennleistung\"><\/label>\t\t<span class=\"sf-range-values-seperator\"> - <\/span>\t\t<label>\n\t\t\t\t   \t\t\t<span class=\"screen-reader-text\">Motornennleistung<\/span><input class=\"sf-input-range-number sf-range-max sf-input-text\" name=\"_sfm_pf_kw_motor_rating_50[]\" type=\"text\" value=\"9.0\" title=\"Motornennleistung\"><\/label>\t\t\t\t\t\n\t\t\t<div class=\"meta-slider\"><\/div>\n\t\t<\/div>\n\t\t<\/li><\/ul><\/form><\/p>\n<\/div><\/div><\/div><\/div><\/div><div class=\"tiaro-fullwidth fullwidth-box tiaro-builder-row-3 tiaro-flex-container nonhundred-percent-fullwidth non-hundred-percent-height-scrolling\" style=\"--awb-border-radius-top-left:0px;--awb-border-radius-top-right:0px;--awb-border-radius-bottom-right:0px;--awb-border-radius-bottom-left:0px;\" ><div class=\"tiaro-builder-row tiaro-row tiaro-flex-align-items-flex-start\" style=\"max-width:1404px;margin-left: calc(-4% \/ 2 );margin-right: calc(-4% \/ 2 );\"><div class=\"tiaro-layout-column tiaro_builder_column tiaro-builder-column-8 tiaro_builder_column_1_1 1_1 tiaro-flex-column\" style=\"--awb-bg-size:cover;--awb-width-large:100%;--awb-margin-top-large:0px;--awb-spacing-right-large:1.92%;--awb-margin-bottom-large:5px;--awb-spacing-left-large:1.92%;--awb-width-medium:100%;--awb-order-medium:0;--awb-spacing-right-medium:1.92%;--awb-spacing-left-medium:1.92%;--awb-width-small:100%;--awb-order-small:0;--awb-spacing-right-small:1.92%;--awb-spacing-left-small:1.92%;\"><div class=\"tiaro-column-wrapper tiaro-column-has-shadow tiaro-flex-justify-content-flex-start tiaro-content-layout-column\"><div class=\"tiaro-text tiaro-text-9\"><div class=\"search-filter-results\" id=\"search-filter-results-62833\">No Results Found<\/div>\n<\/div><\/div><\/div><\/div><\/div><\/p>\n","protected":false},"excerpt":{"rendered":"","protected":false},"author":1,"featured_media":0,"parent":7344,"menu_order":0,"comment_status":"closed","ping_status":"closed","template":"100-width.php","meta":{"footnotes":""},"class_list":["post-7394","page","type-page","status-publish","hentry"],"acf":[],"_links":{"self":[{"href":"https:\/\/ehrler-beck.com\/de\/wp-json\/wp\/v2\/pages\/7394","targetHints":{"allow":["GET"]}}],"collection":[{"href":"https:\/\/ehrler-beck.com\/de\/wp-json\/wp\/v2\/pages"}],"about":[{"href":"https:\/\/ehrler-beck.com\/de\/wp-json\/wp\/v2\/types\/page"}],"author":[{"embeddable":true,"href":"https:\/\/ehrler-beck.com\/de\/wp-json\/wp\/v2\/users\/1"}],"replies":[{"embeddable":true,"href":"https:\/\/ehrler-beck.com\/de\/wp-json\/wp\/v2\/comments?post=7394"}],"version-history":[{"count":5,"href":"https:\/\/ehrler-beck.com\/de\/wp-json\/wp\/v2\/pages\/7394\/revisions"}],"predecessor-version":[{"id":62834,"href":"https:\/\/ehrler-beck.com\/de\/wp-json\/wp\/v2\/pages\/7394\/revisions\/62834"}],"up":[{"embeddable":true,"href":"https:\/\/ehrler-beck.com\/de\/wp-json\/wp\/v2\/pages\/7344"}],"wp:attachment":[{"href":"https:\/\/ehrler-beck.com\/de\/wp-json\/wp\/v2\/media?parent=7394"}],"curies":[{"name":"wp","href":"https:\/\/api.w.org\/{rel}","templated":true}]}}