{"id":52573,"date":"2022-03-29T06:40:37","date_gmt":"2022-03-29T04:40:37","guid":{"rendered":"https:\/\/ehrler-beck.com\/?page_id=52573"},"modified":"2022-03-29T09:28:54","modified_gmt":"2022-03-29T07:28:54","slug":"dss-serie","status":"publish","type":"page","link":"https:\/\/ehrler-beck.com\/de\/dss-serie","title":{"rendered":"DSS Serie"},"content":{"rendered":"<p><div class=\"tiaro-fullwidth fullwidth-box tiaro-builder-row-1 tiaro-flex-container nonhundred-percent-fullwidth non-hundred-percent-height-scrolling\" style=\"--awb-border-radius-top-left:0px;--awb-border-radius-top-right:0px;--awb-border-radius-bottom-right:0px;--awb-border-radius-bottom-left:0px;\" ><div class=\"tiaro-builder-row tiaro-row tiaro-flex-align-items-flex-start\" style=\"max-width:1404px;margin-left: calc(-4% \/ 2 );margin-right: calc(-4% \/ 2 );\"><div class=\"tiaro-layout-column tiaro_builder_column tiaro-builder-column-0 tiaro_builder_column_1_1 1_1 tiaro-flex-column\" style=\"--awb-bg-size:cover;--awb-width-large:100%;--awb-margin-top-large:0px;--awb-spacing-right-large:1.92%;--awb-margin-bottom-large:5px;--awb-spacing-left-large:1.92%;--awb-width-medium:100%;--awb-spacing-right-medium:1.92%;--awb-spacing-left-medium:1.92%;--awb-width-small:100%;--awb-spacing-right-small:1.92%;--awb-spacing-left-small:1.92%;\"><div class=\"tiaro-column-wrapper tiaro-flex-justify-content-flex-start tiaro-content-layout-column\"><div class=\"tiaro-text tiaro-text-1\"><h1>DSS Trockenlaufende Scroll-Vakuumpumpe Serie <span style=\"font-size: 10pt;\"><span style=\"color: #000000;\">(Atlas Copco)<\/span><\/span><\/h1>\n<\/div><\/div><\/div><div class=\"tiaro-layout-column tiaro_builder_column tiaro-builder-column-1 tiaro_builder_column_1_2 1_2 tiaro-flex-column\" style=\"--awb-bg-size:cover;--awb-width-large:50%;--awb-margin-top-large:0px;--awb-spacing-right-large:3.84%;--awb-margin-bottom-large:5px;--awb-spacing-left-large:3.84%;--awb-width-medium:50%;--awb-spacing-right-medium:3.84%;--awb-spacing-left-medium:3.84%;--awb-width-small:100%;--awb-spacing-right-small:1.92%;--awb-spacing-left-small:1.92%;\"><div class=\"tiaro-column-wrapper tiaro-flex-justify-content-flex-start tiaro-content-layout-column\"><div class=\"tiaro-text tiaro-text-2\"><p><span class=\"intro-text\">Die Scroll-Vakuumpumpe DSS von Atlas Copco ist eine bemerkenswerte Erg\u00e4nzung zu Atlas Copcos formidablen Pumpen Baureihe trockenlaufender Industriepumpen. Mit nur einem beweglichen Teil und oszillierendem Scroll-Design ist das Vollaluminium Der Aufbau der DSS Scroll-Vakuumpumpe ist robust, \u00f6lfrei, hocheffizient und wartungsarm.<\/span><\/p>\n<p><span class=\"intro-text\">Ideal f\u00fcr die Vakuumerzeugung im gesamten Grobvakuumbereich, ist es eine willkommene Erg\u00e4nzung f\u00fcr jede Produktion Boden aufgrund seines schlichten und eleganten Designs. Es ist eine trockene und langlebige Pumpe f\u00fcr ein stabiles Vakuum bei niedrigen bis mittlere Durchflussraten von atmosph\u00e4rischem Druck bis 1,5 mbar(a) \/ 1,13 Torr.<\/span><\/p>\n<\/div><div class=\"tiaro-text tiaro-text-3\"><h3>Anwendungen<\/h3>\n<\/div><div class=\"tiaro-text tiaro-text-4 awb-text-cols tiaro-text-columns-2\" style=\"--awb-columns:2;--awb-column-spacing:2em;--awb-column-min-width:100px;\"><ul>\n<li>Lebensmittelverpackung<\/li>\n<li>Thermoformen<\/li>\n<li>Nahrungsmittelverarbeitung<\/li>\n<li>Trocknen von Lebensmitteln<\/li>\n<li>Medizinische Systeme<\/li>\n<li>Vakuumimpr\u00e4gnierung<\/li>\n<li>Zentraler Hausstaubsauger<\/li>\n<li>Aufsammeln und plazieren<\/li>\n<li>CNC-Klemmung<\/li>\n<li>Vakuum im Labor<\/li>\n<\/ul>\n<\/div><\/div><\/div><div class=\"tiaro-layout-column tiaro_builder_column tiaro-builder-column-2 tiaro_builder_column_1_2 1_2 tiaro-flex-column\" style=\"--awb-bg-size:cover;--awb-width-large:50%;--awb-margin-top-large:0px;--awb-spacing-right-large:3.84%;--awb-margin-bottom-large:5px;--awb-spacing-left-large:3.84%;--awb-width-medium:50%;--awb-spacing-right-medium:3.84%;--awb-spacing-left-medium:3.84%;--awb-width-small:100%;--awb-spacing-right-small:1.92%;--awb-spacing-left-small:1.92%;\"><div class=\"tiaro-column-wrapper tiaro-flex-justify-content-flex-start tiaro-content-layout-column\"><div class=\"tiaro-image-element \" style=\"--awb-caption-title-font-family:var(--h2_typography-font-family);--awb-caption-title-font-weight:var(--h2_typography-font-weight);--awb-caption-title-font-style:var(--h2_typography-font-style);--awb-caption-title-size:var(--h2_typography-font-size);--awb-caption-title-transform:var(--h2_typography-text-transform);--awb-caption-title-line-height:var(--h2_typography-line-height);--awb-caption-title-letter-spacing:var(--h2_typography-letter-spacing);\"><span class=\" tiaro-imageframe imageframe-none imageframe-1 hover-type-none\" class=\"image-magnify\" class=\"image-scroll\"><img decoding=\"async\" width=\"1720\" height=\"1000\" title=\"DSS Serie\" src=\"https:\/\/ehrler-beck.com\/wp-content\/uploads\/2022\/03\/DSS-Serie.jpg\" data-orig-src=\"https:\/\/ehrler-beck.com\/wp-content\/uploads\/2022\/03\/DSS-Serie.jpg\" alt class=\"lazyload img-responsive wp-image-52574\" srcset=\"data:image\/svg+xml,%3Csvg%20xmlns%3D%27http%3A%2F%2Fwww.w3.org%2F2000%2Fsvg%27%20width%3D%271720%27%20height%3D%271000%27%20viewBox%3D%270%200%201720%201000%27%3E%3Crect%20width%3D%271720%27%20height%3D%271000%27%20fill-opacity%3D%220%22%2F%3E%3C%2Fsvg%3E\" data-srcset=\"https:\/\/ehrler-beck.com\/wp-content\/uploads\/2022\/03\/DSS-Serie-200x116.jpg 200w, https:\/\/ehrler-beck.com\/wp-content\/uploads\/2022\/03\/DSS-Serie-400x233.jpg 400w, https:\/\/ehrler-beck.com\/wp-content\/uploads\/2022\/03\/DSS-Serie-600x349.jpg 600w, https:\/\/ehrler-beck.com\/wp-content\/uploads\/2022\/03\/DSS-Serie-800x465.jpg 800w, https:\/\/ehrler-beck.com\/wp-content\/uploads\/2022\/03\/DSS-Serie-1200x698.jpg 1200w, https:\/\/ehrler-beck.com\/wp-content\/uploads\/2022\/03\/DSS-Serie.jpg 1720w\" data-sizes=\"auto\" data-orig-sizes=\"(max-width: 640px) 100vw, 1720px\" \/><\/span><\/div><\/div><\/div><div class=\"tiaro-layout-column tiaro_builder_column tiaro-builder-column-3 tiaro_builder_column_1_2 1_2 tiaro-flex-column\" style=\"--awb-bg-size:cover;--awb-width-large:50%;--awb-margin-top-large:0px;--awb-spacing-right-large:3.84%;--awb-margin-bottom-large:5px;--awb-spacing-left-large:3.84%;--awb-width-medium:50%;--awb-spacing-right-medium:3.84%;--awb-spacing-left-medium:3.84%;--awb-width-small:100%;--awb-spacing-right-small:1.92%;--awb-spacing-left-small:1.92%;\"><div class=\"tiaro-column-wrapper tiaro-flex-justify-content-flex-start tiaro-content-layout-column\"><div class=\"tiaro-text tiaro-text-5\"><h3>Robuste Konstruktion<\/h3>\n<p>Einfache und \u00fcbersichtliche Bauweise mit abnehmbarer Frontabdeckung f\u00fcr den einfachen Zugriff auf den Scroll-Mechanismus<\/p>\n<h3>\u00dcberragende Leistung<\/h3>\n<p>Vollst\u00e4ndige Steuerbarbarkeit durch die Wechselrichtersteuerung und niedrige Service- und Wartungskosten<\/p>\n<h3>Sauber und trocken<\/h3>\n<p>Zertifiziert nach Klasse 0 gem\u00e4\u00df ISO 8573-1 \u2013 kein \u00d6l zum Abdichten oder K\u00fchlen erforderlich<\/p>\n<\/div><\/div><\/div><div class=\"tiaro-layout-column tiaro_builder_column tiaro-builder-column-4 tiaro_builder_column_1_3 1_3 tiaro-flex-column\" style=\"--awb-padding-top:8px;--awb-padding-right:8px;--awb-padding-bottom:8px;--awb-padding-left:8px;--awb-bg-color:#dbdbdb;--awb-bg-size:cover;--awb-width-large:33.333333333333%;--awb-margin-top-large:0px;--awb-spacing-right-large:5.76%;--awb-margin-bottom-large:5px;--awb-spacing-left-large:5.76%;--awb-width-medium:33.333333333333%;--awb-spacing-right-medium:5.76%;--awb-spacing-left-medium:5.76%;--awb-width-small:100%;--awb-spacing-right-small:1.92%;--awb-spacing-left-small:1.92%;\"><div class=\"tiaro-column-wrapper tiaro-flex-justify-content-center tiaro-content-layout-column\"><div class=\"tiaro-text tiaro-text-6\"><p><span class=\"intro-text\">Z\u00f6gern Sie nicht, uns f\u00fcr weitere Informationen zu kontaktieren:<\/span><\/p>\n<p style=\"padding-left: 30px;\"><span class=\"intro-text\">e-mail: <span class=\"color-primary\">info@ehrler-beck.com<\/span><\/span><\/p>\n<p style=\"padding-left: 30px;\"><span class=\"intro-text\">tel: <span class=\"color-primary\">+49 (0) 7159 \/ 4085-0<\/span><\/span><\/p>\n<div class=\"tiaro-alignright\"><a class=\"tiaro-button button-flat button-medium button-default tiaro-button-default button-1 tiaro-button-default-span tiaro-button-default-type\" style=\"--button-border-radius-top-left:25px;--button-border-radius-top-right:25px;--button-border-radius-bottom-right:25px;--button-border-radius-bottom-left:25px;\" target=\"_blank\" rel=\"noopener noreferrer\" href=\"https:\/\/ehrler-beck.com\/de\/kontakt\"><span class=\"tiaro-button-text tiaro-button-text-right\">KONTAKTIERE UNS<\/span><span class=\"tiaro-button-icon-divider button-icon-divider-right\"><i class=\" fa fa-comments-o\" aria-hidden=\"true\"><\/i><\/span><\/a><\/div>\n<\/div><\/div><\/div><div class=\"tiaro-layout-column tiaro_builder_column tiaro-builder-column-5 tiaro_builder_column_1_1 1_1 tiaro-flex-column\" style=\"--awb-bg-size:cover;--awb-width-large:100%;--awb-margin-top-large:0px;--awb-spacing-right-large:1.92%;--awb-margin-bottom-large:5px;--awb-spacing-left-large:1.92%;--awb-width-medium:100%;--awb-spacing-right-medium:1.92%;--awb-spacing-left-medium:1.92%;--awb-width-small:100%;--awb-spacing-right-small:1.92%;--awb-spacing-left-small:1.92%;\"><div class=\"tiaro-column-wrapper tiaro-flex-justify-content-flex-start tiaro-content-layout-column\"><div class=\"tiaro-text tiaro-text-7\"><h3>Design und interner Mechanismus<\/h3>\n<p>Der Mechanismus einer Scroll-Vakuumpumpe verwendet zwei verschachtelte spiralf\u00f6rmige Spiralen oder Spiralen zum Pumpen von Gasen. Das Design ist schlicht, aber wirkungsvoll. Eine der Schriftrollen ist fixiert, w\u00e4hrend der andere dabei ohne Schwingung umkreist Komprimieren von Gasblasen zwischen den Spiralen. Die Die Scroll-Vakuumpumpe DSS von Atlas Copco arbeitet mit der gleiches Prinzip. Mit nur einem beweglichen Teil u Hergestellt aus hochwertigen Materialien, ist die Pumpe ein wartungsarme Maschine mit langer Lebensdauer.<\/p>\n<\/div><\/div><\/div><\/div><\/div><div class=\"tiaro-fullwidth fullwidth-box tiaro-builder-row-2 tiaro-flex-container nonhundred-percent-fullwidth non-hundred-percent-height-scrolling\" style=\"--awb-border-radius-top-left:0px;--awb-border-radius-top-right:0px;--awb-border-radius-bottom-right:0px;--awb-border-radius-bottom-left:0px;--awb-margin-top:80px;\" ><div class=\"tiaro-builder-row tiaro-row tiaro-flex-align-items-flex-start\" style=\"max-width:1404px;margin-left: calc(-4% \/ 2 );margin-right: calc(-4% \/ 2 );\"><div class=\"tiaro-layout-column tiaro_builder_column tiaro-builder-column-6 tiaro_builder_column_1_2 1_2 tiaro-flex-column\" style=\"--awb-bg-size:cover;--awb-width-large:50%;--awb-margin-top-large:0px;--awb-spacing-right-large:3.84%;--awb-margin-bottom-large:5px;--awb-spacing-left-large:3.84%;--awb-width-medium:50%;--awb-order-medium:0;--awb-spacing-right-medium:3.84%;--awb-spacing-left-medium:3.84%;--awb-width-small:100%;--awb-order-small:0;--awb-spacing-right-small:1.92%;--awb-spacing-left-small:1.92%;\"><div class=\"tiaro-column-wrapper tiaro-column-has-shadow tiaro-flex-justify-content-flex-start tiaro-content-layout-column\"><div class=\"tiaro-image-element \" style=\"--awb-caption-title-font-family:var(--h2_typography-font-family);--awb-caption-title-font-weight:var(--h2_typography-font-weight);--awb-caption-title-font-style:var(--h2_typography-font-style);--awb-caption-title-size:var(--h2_typography-font-size);--awb-caption-title-transform:var(--h2_typography-text-transform);--awb-caption-title-line-height:var(--h2_typography-line-height);--awb-caption-title-letter-spacing:var(--h2_typography-letter-spacing);\"><span class=\" tiaro-imageframe imageframe-none imageframe-2 hover-type-none\" class=\"image-magnify\" class=\"image-scroll\"><img decoding=\"async\" width=\"1500\" height=\"850\" title=\"DSS 065 Vakuumpumpe\" src=\"https:\/\/ehrler-beck.com\/wp-content\/uploads\/2022\/03\/dss-065-vakuumpumpe.jpg\" data-orig-src=\"https:\/\/ehrler-beck.com\/wp-content\/uploads\/2022\/03\/dss-065-vakuumpumpe.jpg\" alt class=\"lazyload img-responsive wp-image-52560\" srcset=\"data:image\/svg+xml,%3Csvg%20xmlns%3D%27http%3A%2F%2Fwww.w3.org%2F2000%2Fsvg%27%20width%3D%271500%27%20height%3D%27850%27%20viewBox%3D%270%200%201500%20850%27%3E%3Crect%20width%3D%271500%27%20height%3D%27850%27%20fill-opacity%3D%220%22%2F%3E%3C%2Fsvg%3E\" data-srcset=\"https:\/\/ehrler-beck.com\/wp-content\/uploads\/2022\/03\/dss-065-vakuumpumpe-200x113.jpg 200w, https:\/\/ehrler-beck.com\/wp-content\/uploads\/2022\/03\/dss-065-vakuumpumpe-400x227.jpg 400w, https:\/\/ehrler-beck.com\/wp-content\/uploads\/2022\/03\/dss-065-vakuumpumpe-600x340.jpg 600w, https:\/\/ehrler-beck.com\/wp-content\/uploads\/2022\/03\/dss-065-vakuumpumpe-800x453.jpg 800w, https:\/\/ehrler-beck.com\/wp-content\/uploads\/2022\/03\/dss-065-vakuumpumpe-1200x680.jpg 1200w, https:\/\/ehrler-beck.com\/wp-content\/uploads\/2022\/03\/dss-065-vakuumpumpe.jpg 1500w\" data-sizes=\"auto\" data-orig-sizes=\"(max-width: 640px) 100vw, 1500px\" \/><\/span><\/div><\/div><\/div><div class=\"tiaro-layout-column tiaro_builder_column tiaro-builder-column-7 tiaro_builder_column_1_2 1_2 tiaro-flex-column\" style=\"--awb-bg-size:cover;--awb-width-large:50%;--awb-margin-top-large:0px;--awb-spacing-right-large:3.84%;--awb-margin-bottom-large:5px;--awb-spacing-left-large:3.84%;--awb-width-medium:50%;--awb-order-medium:0;--awb-spacing-right-medium:3.84%;--awb-spacing-left-medium:3.84%;--awb-width-small:100%;--awb-order-small:0;--awb-spacing-right-small:1.92%;--awb-spacing-left-small:1.92%;\"><div class=\"tiaro-column-wrapper tiaro-column-has-shadow tiaro-flex-justify-content-flex-start tiaro-content-layout-column\"><div class=\"tiaro-title title tiaro-title-1 tiaro-sep-none tiaro-title-text tiaro-title-size-one\"><h1 class=\"title-heading-left tiaro-responsive-typography-calculated\" style=\"margin:0;--fontSize:32;line-height:1.4;\"><h2 class=\"tiaro-responsive-typography-calculated\" data-fontsize=\"24\" data-lineheight=\"36px\">DSS 065 Vakuumpumpe<\/h2><\/h1><\/div><div class=\"tiaro-text tiaro-text-8\"><table style=\"width: 100%; height: 147px;\">\n<tbody>\n<tr style=\"height: 24px;\">\n<td style=\"width: 67.9231%; height: 24px; border-left: none; border-top: none;\"><strong>Bezeichnung<\/strong><\/td>\n<td style=\"text-align: center; height: 24px; width: 42.4797%; border-right: none; border-top: none;\" colspan=\"3\"><strong>Wert<\/strong><strong><br \/>\n<\/strong><\/td>\n<\/tr>\n<tr style=\"height: 24px;\">\n<td style=\"width: 67.9231%; height: 24px; border-left: none;\"><strong>Maximale Pumpgeschwindigkeit m<sup>3<\/sup>\/h<\/strong><\/td>\n<td style=\"width: 4.74871%; height: 24px; text-align: center; border-right: none;\" colspan=\"3\">72 @ 50 Hz<\/td>\n<\/tr>\n<tr style=\"height: 27px;\">\n<td style=\"width: 67.9231%; height: 27px; border-left: none;\"><strong>Maximale Pumpgeschwindigkeit (ACFM)<\/strong><\/td>\n<td style=\"width: 4.74871%; height: 27px; text-align: center; border-right: none;\" colspan=\"3\">42 @ 50 Hz<\/td>\n<\/tr>\n<tr style=\"height: 24px;\">\n<td style=\"width: 67.9231%; height: 24px; border-left: none;\"><strong>Ultimatives Vakuumniveau<\/strong><\/td>\n<td style=\"height: 24px; text-align: center; width: 42.4797%; border-right: none;\" colspan=\"3\">1,5 mbar(a)<\/td>\n<\/tr>\n<tr style=\"height: 24px;\">\n<td style=\"width: 67.9231%; height: 24px; border-left: none; border-bottom: none;\"><strong>Motorleistung<\/strong><\/td>\n<td style=\"height: 24px; text-align: center; width: 42.4797%; border-right: none; border-bottom: none;\" colspan=\"3\">1,5 kW<\/td>\n<\/tr>\n<\/tbody>\n<\/table>\n<\/div><div style=\"text-align:left;\"><a class=\"tiaro-button button-flat tiaro-button-default-size button-default tiaro-button-default button-2 tiaro-button-default-span tiaro-button-default-type\" style=\"--button-border-radius-top-left:0;--button-border-radius-top-right:0;--button-border-radius-bottom-right:0;--button-border-radius-bottom-left:0;\" target=\"_self\" href=\"https:\/\/ehrler-beck.com\/de\/produkt\/dss-065-trockenlaufende-scroll-vakuumpumpe\"><span class=\"tiaro-button-text\">Weiterlesen<\/span><\/a><\/div><\/div><\/div><\/div><\/div><\/p>\n","protected":false},"excerpt":{"rendered":"","protected":false},"author":1,"featured_media":0,"parent":0,"menu_order":0,"comment_status":"closed","ping_status":"closed","template":"100-width.php","meta":{"footnotes":""},"class_list":["post-52573","page","type-page","status-publish","hentry"],"acf":[],"_links":{"self":[{"href":"https:\/\/ehrler-beck.com\/de\/wp-json\/wp\/v2\/pages\/52573","targetHints":{"allow":["GET"]}}],"collection":[{"href":"https:\/\/ehrler-beck.com\/de\/wp-json\/wp\/v2\/pages"}],"about":[{"href":"https:\/\/ehrler-beck.com\/de\/wp-json\/wp\/v2\/types\/page"}],"author":[{"embeddable":true,"href":"https:\/\/ehrler-beck.com\/de\/wp-json\/wp\/v2\/users\/1"}],"replies":[{"embeddable":true,"href":"https:\/\/ehrler-beck.com\/de\/wp-json\/wp\/v2\/comments?post=52573"}],"version-history":[{"count":7,"href":"https:\/\/ehrler-beck.com\/de\/wp-json\/wp\/v2\/pages\/52573\/revisions"}],"predecessor-version":[{"id":52593,"href":"https:\/\/ehrler-beck.com\/de\/wp-json\/wp\/v2\/pages\/52573\/revisions\/52593"}],"wp:attachment":[{"href":"https:\/\/ehrler-beck.com\/de\/wp-json\/wp\/v2\/media?parent=52573"}],"curies":[{"name":"wp","href":"https:\/\/api.w.org\/{rel}","templated":true}]}}