{"id":51254,"date":"2022-02-01T06:28:41","date_gmt":"2022-02-01T05:28:41","guid":{"rendered":"https:\/\/ehrler-beck.com\/?page_id=51254"},"modified":"2022-02-01T07:19:46","modified_gmt":"2022-02-01T06:19:46","slug":"gmb-hochleistungs-rootspumpen-serie","status":"publish","type":"page","link":"https:\/\/ehrler-beck.com\/de\/produkte\/vakuumpumpen\/waelzkolben-vakuumpumpen\/gmb-hochleistungs-rootspumpen-serie","title":{"rendered":"GMB Hochleistungs-Rootspumpen Serie"},"content":{"rendered":"<p><div class=\"tiaro-fullwidth fullwidth-box tiaro-builder-row-1 tiaro-flex-container nonhundred-percent-fullwidth non-hundred-percent-height-scrolling\" style=\"--awb-border-radius-top-left:0px;--awb-border-radius-top-right:0px;--awb-border-radius-bottom-right:0px;--awb-border-radius-bottom-left:0px;\" ><div class=\"tiaro-builder-row tiaro-row tiaro-flex-align-items-flex-start\" style=\"max-width:1404px;margin-left: calc(-4% \/ 2 );margin-right: calc(-4% \/ 2 );\"><div class=\"tiaro-layout-column tiaro_builder_column tiaro-builder-column-0 tiaro_builder_column_1_1 1_1 tiaro-flex-column\" style=\"--awb-bg-size:cover;--awb-width-large:100%;--awb-margin-top-large:0px;--awb-spacing-right-large:1.92%;--awb-margin-bottom-large:5px;--awb-spacing-left-large:1.92%;--awb-width-medium:100%;--awb-spacing-right-medium:1.92%;--awb-spacing-left-medium:1.92%;--awb-width-small:100%;--awb-spacing-right-small:1.92%;--awb-spacing-left-small:1.92%;\"><div class=\"tiaro-column-wrapper tiaro-flex-justify-content-flex-start tiaro-content-layout-column\"><div class=\"tiaro-text tiaro-text-1\"><h1>GMB Hochleistungs-Rootspumpen Serie <span style=\"font-size: 10pt;\"><span style=\"color: #000000;\">(<a href=\"\/?page_id=48494\">EDWARDS<\/a>)<\/span><a href=\"\/?page_id=212\"><img decoding=\"async\" class=\"lazyload alignright size-full wp-image-47\" src=\"data:image\/svg+xml,%3Csvg%20xmlns%3D%27http%3A%2F%2Fwww.w3.org%2F2000%2Fsvg%27%20width%3D%2775%27%20height%3D%2775%27%20viewBox%3D%270%200%2075%2075%27%3E%3Crect%20width%3D%2775%27%20height%3D%2775%27%20fill-opacity%3D%220%22%2F%3E%3C%2Fsvg%3E\" data-orig-src=\"https:\/\/ehrler-beck.com\/wp-content\/uploads\/2017\/07\/Rotary-Lobe-Technology-Icon.png\" alt=\"\" width=\"75\" height=\"75\" \/><\/a><\/span><\/h1>\n<\/div><\/div><\/div><div class=\"tiaro-layout-column tiaro_builder_column tiaro-builder-column-1 tiaro_builder_column_1_2 1_2 tiaro-flex-column\" style=\"--awb-bg-size:cover;--awb-width-large:50%;--awb-margin-top-large:0px;--awb-spacing-right-large:3.84%;--awb-margin-bottom-large:5px;--awb-spacing-left-large:3.84%;--awb-width-medium:50%;--awb-spacing-right-medium:3.84%;--awb-spacing-left-medium:3.84%;--awb-width-small:100%;--awb-spacing-right-small:1.92%;--awb-spacing-left-small:1.92%;\"><div class=\"tiaro-column-wrapper tiaro-flex-justify-content-flex-start tiaro-content-layout-column\"><div class=\"tiaro-text tiaro-text-2\"><p>Ehrler und Beck bietet den neuen Edwards GMB40K mit einem innovativen Verbundrotordesign aus hochfesten Wellen aus legiertem Stahl mit leichten Rotornocken an, die sicher h\u00f6here Laufgeschwindigkeiten erm\u00f6glichen. Diese patentierte Konstruktion bietet maximale Verdr\u00e4ngung auf einer branchenf\u00fchrenden Stellfl\u00e4che.<\/p>\n<\/div><div class=\"tiaro-text tiaro-text-3\"><h3>Anwendungsbereiche<\/h3>\n<\/div><div class=\"tiaro-text tiaro-text-4 awb-text-cols tiaro-text-columns-2\" style=\"--awb-columns:2;--awb-column-spacing:2em;--awb-column-min-width:100px;\"><ul>\n<li>Stahlentgasung<\/li>\n<li>Vakuummetallurgie<\/li>\n<li>Windtunnel mit niedriger Dichte<\/li>\n<li>Weltraumsimulation<\/li>\n<li>Chemische Verfahrenstechnik<\/li>\n<\/ul>\n<\/div><\/div><\/div><div class=\"tiaro-layout-column tiaro_builder_column tiaro-builder-column-2 tiaro_builder_column_1_2 1_2 tiaro-flex-column\" style=\"--awb-bg-size:cover;--awb-width-large:50%;--awb-margin-top-large:0px;--awb-spacing-right-large:3.84%;--awb-margin-bottom-large:5px;--awb-spacing-left-large:3.84%;--awb-width-medium:50%;--awb-spacing-right-medium:3.84%;--awb-spacing-left-medium:3.84%;--awb-width-small:100%;--awb-spacing-right-small:1.92%;--awb-spacing-left-small:1.92%;\"><div class=\"tiaro-column-wrapper tiaro-flex-justify-content-flex-start tiaro-content-layout-column\"><div class=\"tiaro-image-element \" style=\"--awb-caption-title-font-family:var(--h2_typography-font-family);--awb-caption-title-font-weight:var(--h2_typography-font-weight);--awb-caption-title-font-style:var(--h2_typography-font-style);--awb-caption-title-size:var(--h2_typography-font-size);--awb-caption-title-transform:var(--h2_typography-text-transform);--awb-caption-title-line-height:var(--h2_typography-line-height);--awb-caption-title-letter-spacing:var(--h2_typography-letter-spacing);\"><span class=\" tiaro-imageframe imageframe-none imageframe-1 hover-type-none\" class=\"image-magnify\" class=\"image-scroll\"><img decoding=\"async\" width=\"1720\" height=\"1000\" alt=\"Edwards GMB Hochleistungs Rootspumpen Serie\" title=\"Edwards GMB Hochleistungs Rootspumpen Serie\" src=\"https:\/\/ehrler-beck.com\/wp-content\/uploads\/2022\/02\/Edwards-GMB-Hochleistungs-Rootspumpen-Serie.jpg\" data-orig-src=\"https:\/\/ehrler-beck.com\/wp-content\/uploads\/2022\/02\/Edwards-GMB-Hochleistungs-Rootspumpen-Serie.jpg\" class=\"lazyload img-responsive wp-image-51256\" srcset=\"data:image\/svg+xml,%3Csvg%20xmlns%3D%27http%3A%2F%2Fwww.w3.org%2F2000%2Fsvg%27%20width%3D%271720%27%20height%3D%271000%27%20viewBox%3D%270%200%201720%201000%27%3E%3Crect%20width%3D%271720%27%20height%3D%271000%27%20fill-opacity%3D%220%22%2F%3E%3C%2Fsvg%3E\" data-srcset=\"https:\/\/ehrler-beck.com\/wp-content\/uploads\/2022\/02\/Edwards-GMB-Hochleistungs-Rootspumpen-Serie-200x116.jpg 200w, https:\/\/ehrler-beck.com\/wp-content\/uploads\/2022\/02\/Edwards-GMB-Hochleistungs-Rootspumpen-Serie-400x233.jpg 400w, https:\/\/ehrler-beck.com\/wp-content\/uploads\/2022\/02\/Edwards-GMB-Hochleistungs-Rootspumpen-Serie-600x349.jpg 600w, https:\/\/ehrler-beck.com\/wp-content\/uploads\/2022\/02\/Edwards-GMB-Hochleistungs-Rootspumpen-Serie-800x465.jpg 800w, https:\/\/ehrler-beck.com\/wp-content\/uploads\/2022\/02\/Edwards-GMB-Hochleistungs-Rootspumpen-Serie-1200x698.jpg 1200w, https:\/\/ehrler-beck.com\/wp-content\/uploads\/2022\/02\/Edwards-GMB-Hochleistungs-Rootspumpen-Serie.jpg 1720w\" data-sizes=\"auto\" data-orig-sizes=\"(max-width: 640px) 100vw, 1720px\" \/><\/span><\/div><\/div><\/div><div class=\"tiaro-layout-column tiaro_builder_column tiaro-builder-column-3 tiaro_builder_column_1_2 1_2 tiaro-flex-column\" style=\"--awb-bg-size:cover;--awb-width-large:50%;--awb-margin-top-large:0px;--awb-spacing-right-large:3.84%;--awb-margin-bottom-large:5px;--awb-spacing-left-large:3.84%;--awb-width-medium:50%;--awb-spacing-right-medium:3.84%;--awb-spacing-left-medium:3.84%;--awb-width-small:100%;--awb-spacing-right-small:1.92%;--awb-spacing-left-small:1.92%;\"><div class=\"tiaro-column-wrapper tiaro-flex-justify-content-flex-start tiaro-content-layout-column\"><div class=\"tiaro-text tiaro-text-5\"><h3>Flexibel mit mehreren Systemisierungsoptionen<\/h3>\n<p>Die GMB40K ist mit mehreren Vorvakuumkonfigurationen skalierbar. Sie entspricht den globalen IEC-Standards und der NEMA-Flanschkompatibilit\u00e4t. Ehrler und Beck bietet auch ATEX-Optionen f\u00fcr gef\u00e4hrliche oder chemische Anwendungen an.<\/p>\n<\/div><\/div><\/div><div class=\"tiaro-layout-column tiaro_builder_column tiaro-builder-column-4 tiaro_builder_column_1_3 1_3 tiaro-flex-column\" style=\"--awb-padding-top:8px;--awb-padding-right:8px;--awb-padding-bottom:8px;--awb-padding-left:8px;--awb-bg-color:#dbdbdb;--awb-bg-size:cover;--awb-width-large:33.333333333333%;--awb-margin-top-large:0px;--awb-spacing-right-large:5.76%;--awb-margin-bottom-large:5px;--awb-spacing-left-large:5.76%;--awb-width-medium:33.333333333333%;--awb-spacing-right-medium:5.76%;--awb-spacing-left-medium:5.76%;--awb-width-small:100%;--awb-spacing-right-small:1.92%;--awb-spacing-left-small:1.92%;\"><div class=\"tiaro-column-wrapper tiaro-flex-justify-content-center tiaro-content-layout-column\"><div class=\"tiaro-text tiaro-text-6\"><p><span class=\"intro-text\">Z\u00f6gern Sie nicht, uns f\u00fcr weitere Informationen zu kontaktieren:<\/span><\/p>\n<p style=\"padding-left: 30px;\"><span class=\"intro-text\">e-mail: <span class=\"color-primary\">info@ehrler-beck.com<\/span><\/span><\/p>\n<p style=\"padding-left: 30px;\"><span class=\"intro-text\">tel: <span class=\"color-primary\">+49 (0) 7159 \/ 4085-0<\/span><\/span><\/p>\n<div class=\"tiaro-alignright\"><a class=\"tiaro-button button-flat button-medium button-default tiaro-button-default button-1 tiaro-button-default-span tiaro-button-default-type\" style=\"--button-border-radius-top-left:25px;--button-border-radius-top-right:25px;--button-border-radius-bottom-right:25px;--button-border-radius-bottom-left:25px;\" target=\"_blank\" rel=\"noopener noreferrer\" href=\"https:\/\/ehrler-beck.com\/de\/kontakt\"><span class=\"tiaro-button-text tiaro-button-text-right\">KONTAKTIERE UNS<\/span><span class=\"tiaro-button-icon-divider button-icon-divider-right\"><i class=\" fa fa-comments-o\" aria-hidden=\"true\"><\/i><\/span><\/a><\/div>\n<\/div><\/div><\/div><div class=\"tiaro-layout-column tiaro_builder_column tiaro-builder-column-5 tiaro_builder_column_1_2 1_2 tiaro-flex-column\" style=\"--awb-bg-size:cover;--awb-width-large:50%;--awb-margin-top-large:0px;--awb-spacing-right-large:3.84%;--awb-margin-bottom-large:5px;--awb-spacing-left-large:3.84%;--awb-width-medium:50%;--awb-spacing-right-medium:3.84%;--awb-spacing-left-medium:3.84%;--awb-width-small:100%;--awb-spacing-right-small:1.92%;--awb-spacing-left-small:1.92%;\"><div class=\"tiaro-column-wrapper tiaro-flex-justify-content-flex-start tiaro-content-layout-column\"><div class=\"tiaro-text tiaro-text-7\"><h3>Pumpe mit hoher Kapazit\u00e4t und geringer Stellfl\u00e4che<\/h3>\n<p>Die innovative modulare Rotortechnologie sorgt f\u00fcr hohe Leistung bei \u00e4u\u00dferst geringer Stellfl\u00e4che und geringem Gewicht. Dadurch wird h\u00f6chste Flexibilit\u00e4t bei der Entwicklung gro\u00dfer Vakuumsysteme sichergestellt.<\/p>\n<\/div><\/div><\/div><div class=\"tiaro-layout-column tiaro_builder_column tiaro-builder-column-6 tiaro_builder_column_1_2 1_2 tiaro-flex-column\" style=\"--awb-bg-size:cover;--awb-width-large:50%;--awb-margin-top-large:0px;--awb-spacing-right-large:3.84%;--awb-margin-bottom-large:5px;--awb-spacing-left-large:3.84%;--awb-width-medium:50%;--awb-spacing-right-medium:3.84%;--awb-spacing-left-medium:3.84%;--awb-width-small:100%;--awb-spacing-right-small:1.92%;--awb-spacing-left-small:1.92%;\"><div class=\"tiaro-column-wrapper tiaro-flex-justify-content-flex-start tiaro-content-layout-column\"><div class=\"tiaro-text tiaro-text-8\"><h3>F\u00fcr anspruchsvolle Anwendungen ausgelegt<\/h3>\n<p>Die GMB40K von Edwards ist eine robuste Pumpe f\u00fcr raue Anwendungsbedingungen. Das innovative modulare Rotordesign vereint \u00e4u\u00dferst widerstandsf\u00e4hige Wellen aus Legierungsstahl mit leichtgewichtigen Rotorfl\u00fcgeln. Diese patentierte Konstruktion erm\u00f6glicht maximale Verdr\u00e4ngung und bietet branchenweit eine der geringsten Stellfl\u00e4chen.<\/p>\n<\/div><\/div><\/div><\/div><\/div><div class=\"tiaro-fullwidth fullwidth-box tiaro-builder-row-2 tiaro-flex-container nonhundred-percent-fullwidth non-hundred-percent-height-scrolling\" style=\"--awb-border-radius-top-left:0px;--awb-border-radius-top-right:0px;--awb-border-radius-bottom-right:0px;--awb-border-radius-bottom-left:0px;\" ><div class=\"tiaro-builder-row tiaro-row tiaro-flex-align-items-flex-start\" style=\"max-width:1404px;margin-left: calc(-4% \/ 2 );margin-right: calc(-4% \/ 2 );\"><div class=\"tiaro-layout-column tiaro_builder_column tiaro-builder-column-7 tiaro_builder_column_1_1 1_1 tiaro-flex-column\" style=\"--awb-bg-size:cover;--awb-width-large:100%;--awb-margin-top-large:0px;--awb-spacing-right-large:1.92%;--awb-margin-bottom-large:5px;--awb-spacing-left-large:1.92%;--awb-width-medium:100%;--awb-order-medium:0;--awb-spacing-right-medium:1.92%;--awb-spacing-left-medium:1.92%;--awb-width-small:100%;--awb-order-small:0;--awb-spacing-right-small:1.92%;--awb-spacing-left-small:1.92%;\"><div class=\"tiaro-column-wrapper tiaro-column-has-shadow tiaro-flex-justify-content-flex-start tiaro-content-layout-column\"><div class=\"tiaro-text tiaro-text-9\"><div class=\"search-filter-results\" id=\"search-filter-results-51255\">\t\r\n\tGefunden 1 Ergebnisse<br \/>\r\n\tSeite 1 von 1<br \/>\r\n\r\n\t<div class=\"pagination\">\r\n\t\t\r\n\t\t<div class=\"nav-previous\"><\/div>\r\n\t\t<div class=\"nav-next\"><\/div>\r\n\t\t\t<\/div>\r\n\t\r\n\t\t\t<div class=\"product-content\">\r\n\t\t\t<div class=\"product-image\">\r\n\t\t\t\t<div class=\"tiaro-image-wrapper tiaro-image-size-fixed\" aria-haspopup=\"true\">\r\n\t\t\t\t\t<div  class=\"tiaro-image-wrapper tiaro-image-size-fixed\" aria-haspopup=\"true\">\n\t\t\t\t<img decoding=\"async\" width=\"1500\" height=\"850\" src=\"https:\/\/ehrler-beck.com\/wp-content\/uploads\/2022\/01\/GMB40K-Holchleistung-Rootspumpen.jpg\" class=\"attachment- size- lazyload wp-post-image\" alt=\"GMB40K Holchleistung Rootspumpen\" srcset=\"data:image\/svg+xml,%3Csvg%20xmlns%3D%27http%3A%2F%2Fwww.w3.org%2F2000%2Fsvg%27%20width%3D%271500%27%20height%3D%27850%27%20viewBox%3D%270%200%201500%20850%27%3E%3Crect%20width%3D%271500%27%20height%3D%27850%27%20fill-opacity%3D%220%22%2F%3E%3C%2Fsvg%3E\" data-orig-src=\"https:\/\/ehrler-beck.com\/wp-content\/uploads\/2022\/01\/GMB40K-Holchleistung-Rootspumpen.jpg\" data-srcset=\"https:\/\/ehrler-beck.com\/wp-content\/uploads\/2022\/01\/GMB40K-Holchleistung-Rootspumpen-200x113.jpg 200w, https:\/\/ehrler-beck.com\/wp-content\/uploads\/2022\/01\/GMB40K-Holchleistung-Rootspumpen-300x170.jpg 300w, https:\/\/ehrler-beck.com\/wp-content\/uploads\/2022\/01\/GMB40K-Holchleistung-Rootspumpen-400x227.jpg 400w, https:\/\/ehrler-beck.com\/wp-content\/uploads\/2022\/01\/GMB40K-Holchleistung-Rootspumpen-500x283.jpg 500w, https:\/\/ehrler-beck.com\/wp-content\/uploads\/2022\/01\/GMB40K-Holchleistung-Rootspumpen-600x340.jpg 600w, https:\/\/ehrler-beck.com\/wp-content\/uploads\/2022\/01\/GMB40K-Holchleistung-Rootspumpen-700x397.jpg 700w, https:\/\/ehrler-beck.com\/wp-content\/uploads\/2022\/01\/GMB40K-Holchleistung-Rootspumpen-768x435.jpg 768w, https:\/\/ehrler-beck.com\/wp-content\/uploads\/2022\/01\/GMB40K-Holchleistung-Rootspumpen-800x453.jpg 800w, https:\/\/ehrler-beck.com\/wp-content\/uploads\/2022\/01\/GMB40K-Holchleistung-Rootspumpen-1024x580.jpg 1024w, https:\/\/ehrler-beck.com\/wp-content\/uploads\/2022\/01\/GMB40K-Holchleistung-Rootspumpen-1200x680.jpg 1200w, https:\/\/ehrler-beck.com\/wp-content\/uploads\/2022\/01\/GMB40K-Holchleistung-Rootspumpen.jpg 1500w\" data-sizes=\"auto\" \/><div class=\"tiaro-rollover\">\n\t<div class=\"tiaro-rollover-content\">\n\n\t\t\t\t\t\t\t\t\t\t\t\t\t\t<a class=\"tiaro-rollover-link\" href=\"https:\/\/ehrler-beck.com\/de\/produkt\/gmb40k-hochleistungs-rootspumpen\">GMB40K Hochleistungs-Rootspumpen<\/a>\n\t\t\t\n\t\t\t\t\t\t\t\t\n\t\t\n\t\t\t\t\t\t\t\t\n\t\t\t\t\t\t\t\t\n\t\t\n\t\t\t\t\t\t<a class=\"tiaro-link-wrapper\" href=\"https:\/\/ehrler-beck.com\/de\/produkt\/gmb40k-hochleistungs-rootspumpen\" aria-label=\"GMB40K Hochleistungs-Rootspumpen\"><\/a>\n\t<\/div>\n<\/div>\n<\/div>\n\t\t\t\t<\/div>\r\n\t\t\t<\/div>\r\n\t\t\t<div class=\"product-short-content\">\r\n\t\t\t<h2><a href=\"https:\/\/ehrler-beck.com\/de\/produkt\/gmb40k-hochleistungs-rootspumpen\">GMB40K Hochleistungs-Rootspumpen<\/a><\/h2>\r\n\t\t\t<p><table style=\"width: 100%; height: 120px;\">\n<tbody>\n<tr style=\"height: 24px;\">\n<td style=\"width: 67.9231%; height: 24px;\"><strong>Bezeichnung<\/strong><\/td>\n<td style=\"text-align: center; width: 15.7428%; height: 24px;\" colspan=\"2\"><strong>Wert<\/strong><strong><br \/>\n<\/strong><\/td>\n<\/tr>\n<tr style=\"height: 24px;\">\n<td style=\"width: 67.9231%; height: 24px;\"><strong>Nennsaugverm\u00f6gen<\/strong><\/td>\n<td style=\"width: 15.7428%; height: 24px; text-align: center;\" colspan=\"2\">31000 m\u00b3\/h<\/td>\n<\/tr>\n<tr style=\"height: 24px;\">\n<td style=\"width: 67.9231%; height: 24px;\"><strong>Druckdifferenz innerhalb der Pumpe<\/strong><\/td>\n<td style=\"width: 15.7428%; height: 24px; text-align: center;\" colspan=\"2\">&lt;0,01<\/td>\n<\/tr>\n<tr style=\"height: 24px;\">\n<td style=\"width: 67.9231%; height: 24px;\"><strong>Motorleistung<\/strong><\/td>\n<td style=\"width: 15.7428%; height: 24px; text-align: left;\">IEC &#8211; 30<\/td>\n<td style=\"width: 15.7428%; height: 24px; text-align: left;\">NEMA &#8211; 40<\/td>\n<\/tr>\n<\/tbody>\n<\/table>\n<\/p>\r\n\t\t\t<\/div>\r\n\t\t<\/div>\r\n\t\t\r\n\t\t<hr \/>\r\n\t\t\tSeite 1 von 1<br \/>\r\n\r\n\t\r\n\t<div class=\"pagination\">\r\n\t\t\r\n\t\t<div class=\"nav-previous\"><\/div>\r\n\t\t<div class=\"nav-next\"><\/div>\r\n\t\t\t<\/div>\r\n\t<\/div>\n<\/div><\/div><\/div><\/div><\/div><\/p>\n","protected":false},"excerpt":{"rendered":"","protected":false},"author":1,"featured_media":0,"parent":3927,"menu_order":0,"comment_status":"closed","ping_status":"closed","template":"","meta":{"footnotes":""},"class_list":["post-51254","page","type-page","status-publish","hentry"],"acf":[],"_links":{"self":[{"href":"https:\/\/ehrler-beck.com\/de\/wp-json\/wp\/v2\/pages\/51254","targetHints":{"allow":["GET"]}}],"collection":[{"href":"https:\/\/ehrler-beck.com\/de\/wp-json\/wp\/v2\/pages"}],"about":[{"href":"https:\/\/ehrler-beck.com\/de\/wp-json\/wp\/v2\/types\/page"}],"author":[{"embeddable":true,"href":"https:\/\/ehrler-beck.com\/de\/wp-json\/wp\/v2\/users\/1"}],"replies":[{"embeddable":true,"href":"https:\/\/ehrler-beck.com\/de\/wp-json\/wp\/v2\/comments?post=51254"}],"version-history":[{"count":2,"href":"https:\/\/ehrler-beck.com\/de\/wp-json\/wp\/v2\/pages\/51254\/revisions"}],"predecessor-version":[{"id":51293,"href":"https:\/\/ehrler-beck.com\/de\/wp-json\/wp\/v2\/pages\/51254\/revisions\/51293"}],"up":[{"embeddable":true,"href":"https:\/\/ehrler-beck.com\/de\/wp-json\/wp\/v2\/pages\/3927"}],"wp:attachment":[{"href":"https:\/\/ehrler-beck.com\/de\/wp-json\/wp\/v2\/media?parent=51254"}],"curies":[{"name":"wp","href":"https:\/\/api.w.org\/{rel}","templated":true}]}}