{"id":48509,"date":"2021-01-18T09:09:29","date_gmt":"2021-01-18T08:09:29","guid":{"rendered":"https:\/\/tech-ehrler-beck.com\/?page_id=48509"},"modified":"2021-01-18T09:40:58","modified_gmt":"2021-01-18T08:40:58","slug":"pfeiffer-vacuum","status":"publish","type":"page","link":"https:\/\/ehrler-beck.com\/de\/hersteller\/pfeiffer-vacuum","title":{"rendered":"Pfeiffer Vacuum"},"content":{"rendered":"<p><div class=\"tiaro-fullwidth fullwidth-box tiaro-builder-row-1 tiaro-flex-container nonhundred-percent-fullwidth non-hundred-percent-height-scrolling\" style=\"--awb-border-radius-top-left:0px;--awb-border-radius-top-right:0px;--awb-border-radius-bottom-right:0px;--awb-border-radius-bottom-left:0px;\" ><div class=\"tiaro-builder-row tiaro-row tiaro-flex-align-items-flex-start\" style=\"max-width:1404px;margin-left: calc(-4% \/ 2 );margin-right: calc(-4% \/ 2 );\"><div class=\"tiaro-layout-column tiaro_builder_column tiaro-builder-column-0 tiaro_builder_column_1_1 1_1 tiaro-flex-column\" style=\"--awb-bg-size:cover;--awb-width-large:100%;--awb-margin-top-large:0px;--awb-spacing-right-large:1.92%;--awb-margin-bottom-large:0px;--awb-spacing-left-large:1.92%;--awb-width-medium:100%;--awb-spacing-right-medium:1.92%;--awb-spacing-left-medium:1.92%;--awb-width-small:100%;--awb-spacing-right-small:1.92%;--awb-spacing-left-small:1.92%;\"><div class=\"tiaro-column-wrapper tiaro-flex-justify-content-flex-start tiaro-content-layout-column\"><div class=\"tiaro-text tiaro-text-1\"><h1><span style=\"font-size: 18pt;\">Ehrler &amp; Beck bietet original Pfeiffer Vakuumpumpen, Kompressoren, Ersatzteile und Zubeh\u00f6r an.<\/span><\/h1>\n<p><span class=\"intro-text\">Pfeiffer Vacuum steht f\u00fcr innovative und kundenspezifische Vakuuml\u00f6sungen weltweit, technologische Perfektion, kompetente Beratung und zuverl\u00e4ssigen Service.<\/span><\/p>\n<p><span class=\"intro-text\">Seit mehr als 130 Jahren setzt das Unternehmen mit diesen Eigenschaften Ma\u00dfst\u00e4be in der Vakuumtechnik. Mit der Erfindung der Turbopumpe ebnete das Unternehmen den Weg f\u00fcr die weitere Entwicklung in der Vakuumindustrie. Wir sind weiterhin einer der Technologie- und Weltmarktf\u00fchrer in diesem Bereich.<\/span><\/p>\n<p><span class=\"intro-text\">Die Anforderungen der Kunden sind in der Regel sehr komplex. Unsere Vakuuml\u00f6sungen werden durch enge Zusammenarbeit mit Kunden aus verschiedenen Branchen und kontinuierliche Entwicklungsarbeit permanent optimiert.<\/span><\/p>\n<p><span class=\"intro-text\"><strong>Pfeiffer Vacuum bietet ein komplettes Produktportfolio<\/strong>:<\/span><\/p>\n<ul>\n<li>hybride und magnetisch schwebende Turbopumpen<\/li>\n<li>St\u00fctzpumpen<\/li>\n<li>Lecksucher<\/li>\n<li>Mess- und Analyseger\u00e4te<\/li>\n<li>Komponenten<\/li>\n<li>Vakuumkammern und Komponenten<\/li>\n<\/ul>\n<p><span class=\"intro-text\">Produkte und L\u00f6sungen von Pfeiffer Vacuum werden in den M\u00e4rkten Forschung &amp; Entwicklung, Analytik, Industrie, Beschichtung und Halbleiter eingesetzt. Die Hauptm\u00e4rkte des Unternehmens befinden sich in Europa, den USA und Asien. Pfeiffer Vacuum wurde 1890 gegr\u00fcndet und ist heute mit rund 3.200 Mitarbeitern und mehr als 20 Vertriebs- und Serviceunternehmen sowie 10 Produktionsst\u00e4tten weltweit aktiv.<\/span><\/p>\n<p><span class=\"intro-text\">Ehrler &amp; Beck bietet diese Serien von Pfeiffer:<\/span><\/p>\n<\/div><\/div><\/div><\/div><\/div><div class=\"tiaro-fullwidth fullwidth-box tiaro-builder-row-2 tiaro-flex-container nonhundred-percent-fullwidth non-hundred-percent-height-scrolling tiaro-no-small-visibility\" style=\"--awb-border-radius-top-left:0px;--awb-border-radius-top-right:0px;--awb-border-radius-bottom-right:0px;--awb-border-radius-bottom-left:0px;--awb-margin-bottom:30px;\" ><div class=\"tiaro-builder-row tiaro-row tiaro-flex-align-items-stretch\" style=\"max-width:1404px;margin-left: calc(-4% \/ 2 );margin-right: calc(-4% \/ 2 );\"><div class=\"tiaro-layout-column tiaro_builder_column tiaro-builder-column-1 tiaro_builder_column_1_1 1_1 tiaro-flex-column tiaro-column-inner-bg-wrapper tiaro-column-liftup-border\" style=\"--awb-inner-bg-position:center center;--awb-inner-bg-size:cover;--awb-border-color:#00b3a7;--awb-inner-border-color:#00b3a7;--awb-border-top:1px;--awb-inner-border-top:1px;--awb-border-right:1px;--awb-inner-border-right:1px;--awb-border-bottom:1px;--awb-inner-border-bottom:1px;--awb-border-left:1px;--awb-inner-border-left:1px;--awb-border-style:solid;--awb-inner-border-style:solid;--awb-width-large:100%;--awb-margin-top-large:0px;--awb-spacing-right-large:1.92%;--awb-margin-bottom-large:5px;--awb-spacing-left-large:1.92%;--awb-width-medium:100%;--awb-order-medium:0;--awb-spacing-right-medium:1.92%;--awb-spacing-left-medium:1.92%;--awb-width-small:100%;--awb-order-small:0;--awb-spacing-right-small:1.92%;--awb-spacing-left-small:1.92%;\"><span class=\"tiaro-column-inner-bg hover-type-liftup\"><a class=\"tiaro-column-anchor\" href=\"https:\/\/ehrler-beck.com\/de\/produkte\/vakuumpumpen\/drehschieber-vakuumpumpen-oelgeschmiert\/hena-serie-vakuumpumpen\"><span class=\"tiaro-column-inner-bg-image lazyload\" data-bg=\"https:\/\/ehrler-beck.com\/wp-content\/uploads\/2017\/11\/Series-Rotary-Vane-Technology-Background-2.0.jpg\"><\/span><\/a><\/span><div class=\"tiaro-column-wrapper tiaro-flex-justify-content-center tiaro-content-layout-column\" data-bg-url=\"https:\/\/ehrler-beck.com\/wp-content\/uploads\/2017\/11\/Series-Rotary-Vane-Technology-Background-2.0.jpg\"><div class=\"tiaro-builder-row tiaro-builder-row-inner tiaro-row tiaro-flex-align-items-stretch\" style=\"width:104% !important;max-width:104% !important;margin-left: calc(-4% \/ 2 );margin-right: calc(-4% \/ 2 );\"><div class=\"tiaro-layout-column tiaro_builder_column_inner tiaro-builder-nested-column-0 tiaro_builder_column_inner_1_5 1_5 tiaro-flex-column\" style=\"--awb-padding-left:5px;--awb-bg-size:cover;--awb-width-large:20%;--awb-margin-top-large:0px;--awb-spacing-right-large:9.6%;--awb-margin-bottom-large:5px;--awb-spacing-left-large:9.6%;--awb-width-medium:20%;--awb-spacing-right-medium:9.6%;--awb-spacing-left-medium:9.6%;--awb-width-small:100%;--awb-spacing-right-small:1.92%;--awb-spacing-left-small:1.92%;\"><div class=\"tiaro-column-wrapper tiaro-flex-justify-content-center tiaro-content-layout-column\"><div class=\"tiaro-image-element \" style=\"text-align:center;--awb-caption-title-font-family:var(--h2_typography-font-family);--awb-caption-title-font-weight:var(--h2_typography-font-weight);--awb-caption-title-font-style:var(--h2_typography-font-style);--awb-caption-title-size:var(--h2_typography-font-size);--awb-caption-title-transform:var(--h2_typography-text-transform);--awb-caption-title-line-height:var(--h2_typography-line-height);--awb-caption-title-letter-spacing:var(--h2_typography-letter-spacing);\"><span class=\" tiaro-imageframe imageframe-none imageframe-1 hover-type-none\" class=\"image-magnify\" class=\"image-scroll\"><img decoding=\"async\" width=\"1024\" height=\"595\" title=\"Hena Serie Vakuumpumpe\" src=\"https:\/\/ehrler-beck.com\/wp-content\/uploads\/2019\/04\/Hena-Serie-Vakuumpumpe.jpg\" data-orig-src=\"https:\/\/ehrler-beck.com\/wp-content\/uploads\/2019\/04\/Hena-Serie-Vakuumpumpe-1024x595.jpg\" alt class=\"lazyload img-responsive wp-image-21376\" srcset=\"data:image\/svg+xml,%3Csvg%20xmlns%3D%27http%3A%2F%2Fwww.w3.org%2F2000%2Fsvg%27%20width%3D%271720%27%20height%3D%271000%27%20viewBox%3D%270%200%201720%201000%27%3E%3Crect%20width%3D%271720%27%20height%3D%271000%27%20fill-opacity%3D%220%22%2F%3E%3C%2Fsvg%3E\" data-srcset=\"https:\/\/ehrler-beck.com\/wp-content\/uploads\/2019\/04\/Hena-Serie-Vakuumpumpe-200x116.jpg 200w, https:\/\/ehrler-beck.com\/wp-content\/uploads\/2019\/04\/Hena-Serie-Vakuumpumpe-400x233.jpg 400w, https:\/\/ehrler-beck.com\/wp-content\/uploads\/2019\/04\/Hena-Serie-Vakuumpumpe-600x349.jpg 600w, https:\/\/ehrler-beck.com\/wp-content\/uploads\/2019\/04\/Hena-Serie-Vakuumpumpe-800x465.jpg 800w, https:\/\/ehrler-beck.com\/wp-content\/uploads\/2019\/04\/Hena-Serie-Vakuumpumpe-1200x698.jpg 1200w, https:\/\/ehrler-beck.com\/wp-content\/uploads\/2019\/04\/Hena-Serie-Vakuumpumpe.jpg 1720w\" data-sizes=\"auto\" data-orig-sizes=\"(max-width: 640px) 100vw, 400px\" \/><\/span><\/div><\/div><\/div><div class=\"tiaro-layout-column tiaro_builder_column_inner tiaro-builder-nested-column-1 tiaro_builder_column_inner_3_5 3_5 tiaro-flex-column tiaro-flex-align-self-center\" style=\"--awb-bg-size:cover;--awb-width-large:60%;--awb-margin-top-large:0px;--awb-spacing-right-large:3.2%;--awb-margin-bottom-large:5px;--awb-spacing-left-large:3.2%;--awb-width-medium:60%;--awb-order-medium:0;--awb-spacing-right-medium:3.2%;--awb-spacing-left-medium:3.2%;--awb-width-small:100%;--awb-order-small:0;--awb-spacing-right-small:1.92%;--awb-spacing-left-small:1.92%;\"><div class=\"tiaro-column-wrapper tiaro-column-has-shadow tiaro-flex-justify-content-center tiaro-content-layout-column\"><div class=\"tiaro-text tiaro-text-2\"><h2>HENA Serie<\/h2>\n<h3>Drehschieber-Vakuumpumpen, \u00f6lgeschmiert<\/h3>\n<p><span class=\"intro-text\">Ehrler &amp; Beck bietet die gesamte Palette von Drehschieber-Vakuumpumpen aus der HenaLine Serie mit einem Saugverm\u00f6gen von 25 m\u00b3 \/ h bis 1600 m\u00b3 \/ h. Hena Vakuumpumpen eignen sich f\u00fcr alle Nieder- und Mittelvakuumanwendungen. Alle Hena Vakuumpumpen sind standardm\u00e4\u00dfig mit \u00d6lnebelabscheidern, \u00d6lr\u00fcckf\u00fchrungseinheiten und Sicherheitsventilen ausgestattet. HenaLine zeichnet sich durch Zuverl\u00e4ssigkeit, Leistung und kompakte Gr\u00f6\u00dfe aus.<\/span><\/p>\n<\/div><\/div><\/div><div class=\"tiaro-layout-column tiaro_builder_column_inner tiaro-builder-nested-column-2 tiaro_builder_column_inner_1_5 1_5 tiaro-flex-column\" style=\"--awb-bg-size:cover;--awb-width-large:20%;--awb-margin-top-large:0px;--awb-spacing-right-large:9.6%;--awb-margin-bottom-large:5px;--awb-spacing-left-large:9.6%;--awb-width-medium:20%;--awb-spacing-right-medium:9.6%;--awb-spacing-left-medium:9.6%;--awb-width-small:100%;--awb-spacing-right-small:1.92%;--awb-spacing-left-small:1.92%;\"><div class=\"tiaro-column-wrapper tiaro-flex-justify-content-flex-start tiaro-content-layout-column\"><div class=\"tiaro-text tiaro-text-3\"><h3 class=\"tiaro-responsive-typography-calculated\" data-fontsize=\"20\" data-lineheight=\"30px\">Vorteile<\/h3>\n<ul>\n<li>Abluft reinigen<\/li>\n<li>Komaktes Design<\/li>\n<li>Zuverl\u00e4ssige und leistungsstarke Bedienung<\/li>\n<li>Einfacher Service<\/li>\n<li>Betriebs- und Prozesssicherheit<\/li>\n<li>Leicht anpassbare Flansche<\/li>\n<li>Leiser, vibrationsarmer Betrieb<\/li>\n<\/ul>\n<\/div><\/div><\/div><\/div><\/div><\/div><\/div><\/div><\/p>\n","protected":false},"excerpt":{"rendered":"","protected":false},"author":1,"featured_media":0,"parent":374,"menu_order":0,"comment_status":"closed","ping_status":"closed","template":"100-width.php","meta":{"footnotes":""},"class_list":["post-48509","page","type-page","status-publish","hentry"],"acf":[],"_links":{"self":[{"href":"https:\/\/ehrler-beck.com\/de\/wp-json\/wp\/v2\/pages\/48509","targetHints":{"allow":["GET"]}}],"collection":[{"href":"https:\/\/ehrler-beck.com\/de\/wp-json\/wp\/v2\/pages"}],"about":[{"href":"https:\/\/ehrler-beck.com\/de\/wp-json\/wp\/v2\/types\/page"}],"author":[{"embeddable":true,"href":"https:\/\/ehrler-beck.com\/de\/wp-json\/wp\/v2\/users\/1"}],"replies":[{"embeddable":true,"href":"https:\/\/ehrler-beck.com\/de\/wp-json\/wp\/v2\/comments?post=48509"}],"version-history":[{"count":2,"href":"https:\/\/ehrler-beck.com\/de\/wp-json\/wp\/v2\/pages\/48509\/revisions"}],"predecessor-version":[{"id":48516,"href":"https:\/\/ehrler-beck.com\/de\/wp-json\/wp\/v2\/pages\/48509\/revisions\/48516"}],"up":[{"embeddable":true,"href":"https:\/\/ehrler-beck.com\/de\/wp-json\/wp\/v2\/pages\/374"}],"wp:attachment":[{"href":"https:\/\/ehrler-beck.com\/de\/wp-json\/wp\/v2\/media?parent=48509"}],"curies":[{"name":"wp","href":"https:\/\/api.w.org\/{rel}","templated":true}]}}