{"id":374,"date":"2017-07-13T14:03:45","date_gmt":"2017-07-13T12:03:45","guid":{"rendered":"http:\/\/ehrler-beck.com\/manufacturers"},"modified":"2023-07-02T18:16:20","modified_gmt":"2023-07-02T16:16:20","slug":"hersteller","status":"publish","type":"page","link":"https:\/\/ehrler-beck.com\/de\/hersteller","title":{"rendered":"Hersteller"},"content":{"rendered":"<div class=\"tiaro-fullwidth fullwidth-box tiaro-builder-row-1 tiaro-flex-container has-pattern-background has-mask-background nonhundred-percent-fullwidth non-hundred-percent-height-scrolling\" style=\"--awb-border-radius-top-left:0px;--awb-border-radius-top-right:0px;--awb-border-radius-bottom-right:0px;--awb-border-radius-bottom-left:0px;\" ><div class=\"tiaro-builder-row tiaro-row tiaro-flex-align-items-flex-start\" style=\"max-width:1404px;margin-left: calc(-4% \/ 2 );margin-right: calc(-4% \/ 2 );\"><div class=\"tiaro-layout-column tiaro_builder_column tiaro-builder-column-0 tiaro_builder_column_1_1 1_1 tiaro-flex-column\" style=\"--awb-bg-blend:overlay;--awb-bg-size:cover;--awb-width-large:100%;--awb-margin-top-large:0px;--awb-spacing-right-large:1.92%;--awb-margin-bottom-large:34px;--awb-spacing-left-large:1.92%;--awb-width-medium:100%;--awb-order-medium:0;--awb-spacing-right-medium:1.92%;--awb-spacing-left-medium:1.92%;--awb-width-small:100%;--awb-order-small:0;--awb-spacing-right-small:1.92%;--awb-spacing-left-small:1.92%;\" data-motion-effects=\"[{&quot;type&quot;:&quot;&quot;,&quot;scroll_type&quot;:&quot;transition&quot;,&quot;scroll_direction&quot;:&quot;up&quot;,&quot;transition_speed&quot;:&quot;1&quot;,&quot;fade_type&quot;:&quot;in&quot;,&quot;scale_type&quot;:&quot;up&quot;,&quot;initial_scale&quot;:&quot;1&quot;,&quot;max_scale&quot;:&quot;1.5&quot;,&quot;min_scale&quot;:&quot;0.5&quot;,&quot;initial_rotate&quot;:&quot;0&quot;,&quot;end_rotate&quot;:&quot;30&quot;,&quot;initial_blur&quot;:&quot;0&quot;,&quot;end_blur&quot;:&quot;3&quot;,&quot;start_element&quot;:&quot;top&quot;,&quot;start_viewport&quot;:&quot;bottom&quot;,&quot;end_element&quot;:&quot;bottom&quot;,&quot;end_viewport&quot;:&quot;top&quot;,&quot;mouse_effect&quot;:&quot;track&quot;,&quot;mouse_effect_direction&quot;:&quot;opposite&quot;,&quot;mouse_effect_speed&quot;:&quot;2&quot;,&quot;infinite_animation&quot;:&quot;float&quot;,&quot;infinite_animation_speed&quot;:&quot;2&quot;}]\" data-scroll-devices=\"small-visibility,medium-visibility,large-visibility\"><div class=\"tiaro-column-wrapper tiaro-column-has-shadow tiaro-flex-justify-content-flex-start tiaro-content-layout-column\"><div class=\"tiaro-title title tiaro-title-1 tiaro-sep-none tiaro-title-text tiaro-title-size-one\" style=\"--awb-text-color:#00b3a7;--awb-margin-bottom:34px;\"><h1 class=\"title-heading-left tiaro-responsive-typography-calculated\" style=\"margin:0;--fontSize:32;line-height:1.4;\">Produkt\u00fcbersicht der Hersteller<\/h1><\/div><div class=\"tiaro-text tiaro-text-1 tiaro-text-no-margin\" style=\"--awb-font-size:18px;--awb-text-color:#141414;--awb-margin-top:0px;--awb-margin-bottom:0px;\"><p>Ehrler &amp; Beck bietet Produkte aller f\u00fchrenden Hersteller von Vakuumpumpen, Kompressoren und Druck-Vakuumpumpen, einschlie\u00dflich Ersatzteilen, Zubeh\u00f6r und kundenspezifischen Systemen. F\u00fcr unsere Kunden haben wir seit 1978 die beste Option f\u00fcr ihre spezifischen Bed\u00fcrfnisse ausgew\u00e4hlt. Wir stellen sicher, dass jede verkaufte Pumpe den neuesten Standards in Qualit\u00e4t und Sicherheit entspricht. Die jahrzehntelange Zusammenarbeit mit den St\u00e4rken und Schw\u00e4chen eines jeden Herstellers gibt uns die M\u00f6glichkeit, Ihnen das bestm\u00f6gliche Produkt f\u00fcr Ihre individuellen Bed\u00fcrfnisse zu den besten Preisen auf dem Markt anzubieten.<\/p>\n<\/div><\/div><\/div><div class=\"tiaro-layout-column tiaro_builder_column tiaro-builder-column-1 tiaro_builder_column_1_2 1_2 tiaro-flex-column\" style=\"--awb-bg-size:cover;--awb-width-large:50%;--awb-margin-top-large:0px;--awb-spacing-right-large:3.84%;--awb-margin-bottom-large:34px;--awb-spacing-left-large:3.84%;--awb-width-medium:50%;--awb-order-medium:0;--awb-spacing-right-medium:3.84%;--awb-spacing-left-medium:3.84%;--awb-width-small:100%;--awb-order-small:0;--awb-spacing-right-small:1.92%;--awb-spacing-left-small:1.92%;\" data-motion-effects=\"[{&quot;type&quot;:&quot;&quot;,&quot;scroll_type&quot;:&quot;transition&quot;,&quot;scroll_direction&quot;:&quot;up&quot;,&quot;transition_speed&quot;:&quot;1&quot;,&quot;fade_type&quot;:&quot;in&quot;,&quot;scale_type&quot;:&quot;up&quot;,&quot;initial_scale&quot;:&quot;1&quot;,&quot;max_scale&quot;:&quot;1.5&quot;,&quot;min_scale&quot;:&quot;0.5&quot;,&quot;initial_rotate&quot;:&quot;0&quot;,&quot;end_rotate&quot;:&quot;30&quot;,&quot;initial_blur&quot;:&quot;0&quot;,&quot;end_blur&quot;:&quot;3&quot;,&quot;start_element&quot;:&quot;top&quot;,&quot;start_viewport&quot;:&quot;bottom&quot;,&quot;end_element&quot;:&quot;bottom&quot;,&quot;end_viewport&quot;:&quot;top&quot;,&quot;mouse_effect&quot;:&quot;track&quot;,&quot;mouse_effect_direction&quot;:&quot;opposite&quot;,&quot;mouse_effect_speed&quot;:&quot;2&quot;,&quot;infinite_animation&quot;:&quot;float&quot;,&quot;infinite_animation_speed&quot;:&quot;2&quot;}]\" data-scroll-devices=\"small-visibility,medium-visibility,large-visibility\"><div class=\"tiaro-column-wrapper tiaro-column-has-shadow tiaro-flex-justify-content-flex-end tiaro-content-layout-row\"><div ><a class=\"tiaro-button button-flat tiaro-button-default-size button-custom tiaro-button-default button-1 tiaro-button-default-span tiaro-button-default-type\" style=\"--button_accent_color:#00b3a7;--button_accent_hover_color:#ffffff;--button_border_hover_color:#00b3a7;--button-border-radius-top-left:0;--button-border-radius-top-right:0;--button-border-radius-bottom-right:0;--button-border-radius-bottom-left:0;--button_gradient_top_color:#00b3a7;--button_gradient_bottom_color:#00b3a7;--button_gradient_top_color_hover:#00b3a7;--button_gradient_bottom_color_hover:#00b3a7;--button_font_size:18px;\" target=\"_self\" data-hover=\"icon_slide\" href=\"https:\/\/ehrler-beck.com\/produkte\" id=\"buttons-manufacturers\"><span class=\"tiaro-button-text\">Produkte nach Technologie anzeigen<\/span><i class=\"fa-arrow-right fas button-icon-right\" aria-hidden=\"true\"><\/i><\/a><\/div><\/div><\/div><div class=\"tiaro-layout-column tiaro_builder_column tiaro-builder-column-2 tiaro_builder_column_1_2 1_2 tiaro-flex-column\" style=\"--awb-bg-size:cover;--awb-width-large:50%;--awb-margin-top-large:0px;--awb-spacing-right-large:3.84%;--awb-margin-bottom-large:34px;--awb-spacing-left-large:3.84%;--awb-width-medium:50%;--awb-order-medium:0;--awb-spacing-right-medium:3.84%;--awb-spacing-left-medium:3.84%;--awb-width-small:100%;--awb-order-small:0;--awb-spacing-right-small:1.92%;--awb-spacing-left-small:1.92%;\" data-motion-effects=\"[{&quot;type&quot;:&quot;&quot;,&quot;scroll_type&quot;:&quot;transition&quot;,&quot;scroll_direction&quot;:&quot;up&quot;,&quot;transition_speed&quot;:&quot;1&quot;,&quot;fade_type&quot;:&quot;in&quot;,&quot;scale_type&quot;:&quot;up&quot;,&quot;initial_scale&quot;:&quot;1&quot;,&quot;max_scale&quot;:&quot;1.5&quot;,&quot;min_scale&quot;:&quot;0.5&quot;,&quot;initial_rotate&quot;:&quot;0&quot;,&quot;end_rotate&quot;:&quot;30&quot;,&quot;initial_blur&quot;:&quot;0&quot;,&quot;end_blur&quot;:&quot;3&quot;,&quot;start_element&quot;:&quot;top&quot;,&quot;start_viewport&quot;:&quot;bottom&quot;,&quot;end_element&quot;:&quot;bottom&quot;,&quot;end_viewport&quot;:&quot;top&quot;,&quot;mouse_effect&quot;:&quot;track&quot;,&quot;mouse_effect_direction&quot;:&quot;opposite&quot;,&quot;mouse_effect_speed&quot;:&quot;2&quot;,&quot;infinite_animation&quot;:&quot;float&quot;,&quot;infinite_animation_speed&quot;:&quot;2&quot;}]\" data-scroll-devices=\"small-visibility,medium-visibility,large-visibility\"><div class=\"tiaro-column-wrapper tiaro-column-has-shadow tiaro-flex-justify-content-flex-start tiaro-content-layout-row\"><div ><a class=\"tiaro-button button-flat tiaro-button-default-size button-custom tiaro-button-default button-2 tiaro-button-default-span tiaro-button-default-type\" style=\"--button_accent_color:#00b3a7;--button_accent_hover_color:#ffffff;--button_border_hover_color:#00b3a7;--button-border-radius-top-left:0;--button-border-radius-top-right:0;--button-border-radius-bottom-right:0;--button-border-radius-bottom-left:0;--button_gradient_top_color:#00b3a7;--button_gradient_bottom_color:#00b3a7;--button_gradient_top_color_hover:#00b3a7;--button_gradient_bottom_color_hover:#00b3a7;--button_font_size:18px;\" target=\"_self\" data-hover=\"icon_slide\" href=\"https:\/\/ehrler-beck.com\/einsatzgebiete\" id=\"buttons-manufacturers\"><span class=\"tiaro-button-text\">Produkte nach Einsatzgebiete anzeigen<\/span><i class=\"fa-arrow-right fas button-icon-right\" aria-hidden=\"true\"><\/i><\/a><\/div><\/div><\/div><div class=\"tiaro-layout-column tiaro_builder_column tiaro-builder-column-3 tiaro_builder_column_1_1 1_1 tiaro-flex-column tiaro-flex-align-self-center\" style=\"--awb-bg-size:cover;--awb-width-large:100%;--awb-margin-top-large:0px;--awb-spacing-right-large:1.92%;--awb-margin-bottom-large:5px;--awb-spacing-left-large:1.92%;--awb-width-medium:100%;--awb-order-medium:0;--awb-spacing-right-medium:1.92%;--awb-spacing-left-medium:1.92%;--awb-width-small:100%;--awb-order-small:0;--awb-spacing-right-small:1.92%;--awb-spacing-left-small:1.92%;\" data-motion-effects=\"[{&quot;type&quot;:&quot;&quot;,&quot;scroll_type&quot;:&quot;transition&quot;,&quot;scroll_direction&quot;:&quot;up&quot;,&quot;transition_speed&quot;:&quot;1&quot;,&quot;fade_type&quot;:&quot;in&quot;,&quot;scale_type&quot;:&quot;up&quot;,&quot;initial_scale&quot;:&quot;1&quot;,&quot;max_scale&quot;:&quot;1.5&quot;,&quot;min_scale&quot;:&quot;0.5&quot;,&quot;initial_rotate&quot;:&quot;0&quot;,&quot;end_rotate&quot;:&quot;30&quot;,&quot;initial_blur&quot;:&quot;0&quot;,&quot;end_blur&quot;:&quot;3&quot;,&quot;start_element&quot;:&quot;top&quot;,&quot;start_viewport&quot;:&quot;bottom&quot;,&quot;end_element&quot;:&quot;bottom&quot;,&quot;end_viewport&quot;:&quot;top&quot;,&quot;mouse_effect&quot;:&quot;track&quot;,&quot;mouse_effect_direction&quot;:&quot;opposite&quot;,&quot;mouse_effect_speed&quot;:&quot;2&quot;,&quot;infinite_animation&quot;:&quot;float&quot;,&quot;infinite_animation_speed&quot;:&quot;2&quot;}]\" data-scroll-devices=\"small-visibility,medium-visibility,large-visibility\"><div class=\"tiaro-column-wrapper tiaro-column-has-shadow tiaro-flex-justify-content-center tiaro-content-layout-column\"><div class=\"tiaro-content-boxes content-boxes columns row tiaro-columns-4 tiaro-columns-total-12 tiaro-content-boxes-1 content-boxes-icon-boxed content-left\" style=\"--awb-backgroundcolor:#00b3a7;--awb-title-color:#ffffff;--awb-item-margin-top:21px;--awb-item-margin-bottom:21px;--awb-hover-accent-color:#00b3a7;--awb-circle-hover-accent-color:#00b3a7;\" data-animationOffset=\"top-into-view\"><div style=\"--awb-backgroundcolor:#00b3a7;\" class=\"tiaro-column content-box-column content-box-column content-box-column-1 col-lg-3 col-md-3 col-sm-3 tiaro-content-box-hover content-box-column-first-in-row\"><div class=\"col content-box-wrapper content-wrapper-background content-wrapper-boxed link-area-box link-type-button icon-hover-animation-pulsate tiaro-animated\" data-link=\"https:\/\/ehrler-beck.com\/hersteller\/atlas-copco\" data-link-target=\"_blank\" data-animationType=\"slideInUp\" data-animationDuration=\"0.3\" data-animationOffset=\"top-into-view\"><div class=\"heading icon-left\"><a class=\"heading-link\" href=\"https:\/\/ehrler-beck.com\/hersteller\/atlas-copco\" target=\"_blank\" rel=\"noopener noreferrer\"><h2 class=\"content-box-heading tiaro-responsive-typography-calculated\" style=\"--h2_typography-font-size:21px;--fontSize:21;line-height:1.5;\">Atlas Copco<\/h2><\/a><\/div><\/div><\/div><div style=\"--awb-backgroundcolor:#00b3a7;\" class=\"tiaro-column content-box-column content-box-column content-box-column-2 col-lg-3 col-md-3 col-sm-3 tiaro-content-box-hover \"><div class=\"col content-box-wrapper content-wrapper-background content-wrapper-boxed link-area-box link-type-button icon-hover-animation-pulsate tiaro-animated\" data-link=\"https:\/\/ehrler-beck.com\/hersteller\/becker\" data-link-target=\"_blank\" data-animationType=\"slideInUp\" data-animationDuration=\"0.3\" data-animationOffset=\"top-into-view\"><div class=\"heading icon-left\"><a class=\"heading-link\" href=\"https:\/\/ehrler-beck.com\/hersteller\/becker\" target=\"_blank\" rel=\"noopener noreferrer\"><h2 class=\"content-box-heading tiaro-responsive-typography-calculated\" style=\"--h2_typography-font-size:21px;--fontSize:21;line-height:1.5;\">Becker<\/h2><\/a><\/div><\/div><\/div><div style=\"--awb-backgroundcolor:#00b3a7;\" class=\"tiaro-column content-box-column content-box-column content-box-column-3 col-lg-3 col-md-3 col-sm-3 tiaro-content-box-hover \"><div class=\"col content-box-wrapper content-wrapper-background content-wrapper-boxed link-area-box link-type-button icon-hover-animation-pulsate tiaro-animated\" data-link=\"https:\/\/ehrler-beck.com\/hersteller\/boge\" data-link-target=\"_blank\" data-animationType=\"slideInUp\" data-animationDuration=\"0.3\" data-animationOffset=\"top-into-view\"><div class=\"heading icon-left\"><a class=\"heading-link\" href=\"https:\/\/ehrler-beck.com\/hersteller\/boge\" target=\"_blank\" rel=\"noopener noreferrer\"><h2 class=\"content-box-heading tiaro-responsive-typography-calculated\" style=\"--h2_typography-font-size:21px;--fontSize:21;line-height:1.5;\">Boge<\/h2><\/a><\/div><\/div><\/div><div style=\"--awb-backgroundcolor:#00b3a7;\" class=\"tiaro-column content-box-column content-box-column content-box-column-4 col-lg-3 col-md-3 col-sm-3 tiaro-content-box-hover content-box-column-last-in-row\"><div class=\"col content-box-wrapper content-wrapper-background content-wrapper-boxed link-area-box link-type-button icon-hover-animation-pulsate tiaro-animated\" data-link=\"https:\/\/ehrler-beck.com\/hersteller\/busch\" data-link-target=\"_blank\" data-animationType=\"slideInUp\" data-animationDuration=\"0.3\" data-animationOffset=\"top-into-view\"><div class=\"heading icon-left\"><a class=\"heading-link\" href=\"https:\/\/ehrler-beck.com\/hersteller\/busch\" target=\"_blank\" rel=\"noopener noreferrer\"><h2 class=\"content-box-heading tiaro-responsive-typography-calculated\" style=\"--h2_typography-font-size:21px;--fontSize:21;line-height:1.5;\">Busch<\/h2><\/a><\/div><\/div><\/div><div style=\"--awb-backgroundcolor:#00b3a7;\" class=\"tiaro-column content-box-column content-box-column content-box-column-5 col-lg-3 col-md-3 col-sm-3 tiaro-content-box-hover content-box-column-first-in-row\"><div class=\"col content-box-wrapper content-wrapper-background content-wrapper-boxed link-area-box icon-hover-animation-pulsate tiaro-animated\" data-animationType=\"slideInUp\" data-animationDuration=\"0.3\" data-animationOffset=\"top-into-view\"><div class=\"heading icon-left\"><h2 class=\"content-box-heading tiaro-responsive-typography-calculated\" style=\"--h2_typography-font-size:21px;--fontSize:21;line-height:1.5;\">DVP<\/h2><\/div><\/div><\/div><div style=\"--awb-backgroundcolor:#00b3a7;\" class=\"tiaro-column content-box-column content-box-column content-box-column-6 col-lg-3 col-md-3 col-sm-3 tiaro-content-box-hover \"><div class=\"col content-box-wrapper content-wrapper-background content-wrapper-boxed link-area-box link-type-button icon-hover-animation-pulsate tiaro-animated\" data-link=\"https:\/\/ehrler-beck.com\/hersteller\/edwards\" data-link-target=\"_blank\" data-animationType=\"slideInUp\" data-animationDuration=\"0.3\" data-animationOffset=\"top-into-view\"><div class=\"heading icon-left\"><a class=\"heading-link\" href=\"https:\/\/ehrler-beck.com\/hersteller\/edwards\" target=\"_blank\" rel=\"noopener noreferrer\"><h2 class=\"content-box-heading tiaro-responsive-typography-calculated\" style=\"--h2_typography-font-size:21px;--fontSize:21;line-height:1.5;\">Edwards<\/h2><\/a><\/div><\/div><\/div><div style=\"--awb-backgroundcolor:#00b3a7;\" class=\"tiaro-column content-box-column content-box-column content-box-column-7 col-lg-3 col-md-3 col-sm-3 tiaro-content-box-hover \"><div class=\"col content-box-wrapper content-wrapper-background content-wrapper-boxed link-area-box link-type-button icon-hover-animation-pulsate tiaro-animated\" data-link=\"https:\/\/ehrler-beck.com\/hersteller\/elektror\" data-link-target=\"_blank\" data-animationType=\"slideInUp\" data-animationDuration=\"0.3\" data-animationOffset=\"top-into-view\"><div class=\"heading icon-left\"><a class=\"heading-link\" href=\"https:\/\/ehrler-beck.com\/hersteller\/elektror\" target=\"_blank\" rel=\"noopener noreferrer\"><h2 class=\"content-box-heading tiaro-responsive-typography-calculated\" style=\"--h2_typography-font-size:21px;--fontSize:21;line-height:1.5;\">Elektror<\/h2><\/a><\/div><\/div><\/div><div style=\"--awb-backgroundcolor:#00b3a7;\" class=\"tiaro-column content-box-column content-box-column content-box-column-8 col-lg-3 col-md-3 col-sm-3 tiaro-content-box-hover content-box-column-last-in-row\"><div class=\"col content-box-wrapper content-wrapper-background content-wrapper-boxed link-area-box link-type-button icon-hover-animation-pulsate tiaro-animated\" data-link=\"https:\/\/ehrler-beck.com\/hersteller\/elmo-rietschle\" data-link-target=\"_blank\" data-animationType=\"slideInUp\" data-animationDuration=\"0.3\" data-animationOffset=\"top-into-view\"><div class=\"heading icon-left\"><a class=\"heading-link\" href=\"https:\/\/ehrler-beck.com\/hersteller\/elmo-rietschle\" target=\"_blank\" rel=\"noopener noreferrer\"><h2 class=\"content-box-heading tiaro-responsive-typography-calculated\" style=\"--h2_typography-font-size:21px;--fontSize:21;line-height:1.5;\">Elmo Rietschle<\/h2><\/a><\/div><\/div><\/div><div style=\"--awb-backgroundcolor:#00b3a7;\" class=\"tiaro-column content-box-column content-box-column content-box-column-9 col-lg-3 col-md-3 col-sm-3 tiaro-content-box-hover content-box-column-first-in-row\"><div class=\"col content-box-wrapper content-wrapper-background content-wrapper-boxed link-area-box icon-hover-animation-pulsate tiaro-animated\" data-animationType=\"slideInUp\" data-animationDuration=\"0.3\" data-animationOffset=\"top-into-view\"><div class=\"heading icon-left\"><h2 class=\"content-box-heading tiaro-responsive-typography-calculated\" style=\"--h2_typography-font-size:21px;--fontSize:21;line-height:1.5;\">FPZ<\/h2><\/div><\/div><\/div><div style=\"--awb-backgroundcolor:#00b3a7;\" class=\"tiaro-column content-box-column content-box-column content-box-column-10 col-lg-3 col-md-3 col-sm-3 tiaro-content-box-hover \"><div class=\"col content-box-wrapper content-wrapper-background content-wrapper-boxed link-area-box link-type-button icon-hover-animation-pulsate tiaro-animated\" data-link=\"https:\/\/ehrler-beck.com\/hersteller\/leybold\" data-link-target=\"_blank\" data-animationType=\"slideInUp\" data-animationDuration=\"0.3\" data-animationOffset=\"top-into-view\"><div class=\"heading icon-left\"><a class=\"heading-link\" href=\"https:\/\/ehrler-beck.com\/hersteller\/leybold\" target=\"_blank\" rel=\"noopener noreferrer\"><h2 class=\"content-box-heading tiaro-responsive-typography-calculated\" style=\"--h2_typography-font-size:21px;--fontSize:21;line-height:1.5;\">Leybold<\/h2><\/a><\/div><\/div><\/div><div style=\"--awb-backgroundcolor:#00b3a7;\" class=\"tiaro-column content-box-column content-box-column content-box-column-11 col-lg-3 col-md-3 col-sm-3 tiaro-content-box-hover \"><div class=\"col content-box-wrapper content-wrapper-background content-wrapper-boxed link-area-box icon-hover-animation-pulsate tiaro-animated\" data-animationType=\"slideInUp\" data-animationDuration=\"0.3\" data-animationOffset=\"top-into-view\"><div class=\"heading icon-left\"><h2 class=\"content-box-heading tiaro-responsive-typography-calculated\" style=\"--h2_typography-font-size:21px;--fontSize:21;line-height:1.5;\">Orion<\/h2><\/div><\/div><\/div><div style=\"--awb-backgroundcolor:#00b3a7;\" class=\"tiaro-column content-box-column content-box-column content-box-column-12 col-lg-3 col-md-3 col-sm-3 tiaro-content-box-hover content-box-column-last content-box-column-last-in-row\"><div class=\"col content-box-wrapper content-wrapper-background content-wrapper-boxed link-area-box link-type-button icon-hover-animation-pulsate tiaro-animated\" data-link=\"https:\/\/ehrler-beck.com\/hersteller\/pfeiffer-vacuum\" data-link-target=\"_blank\" data-animationType=\"slideInUp\" data-animationDuration=\"0.3\" data-animationOffset=\"top-into-view\"><div class=\"heading icon-left\"><a class=\"heading-link\" href=\"https:\/\/ehrler-beck.com\/hersteller\/pfeiffer-vacuum\" target=\"_blank\" rel=\"noopener noreferrer\"><h2 class=\"content-box-heading tiaro-responsive-typography-calculated\" style=\"--h2_typography-font-size:21px;--fontSize:21;line-height:1.5;\">Pfeiffer<\/h2><\/a><\/div><\/div><\/div><div class=\"tiaro-clearfix\"><\/div><\/div><\/div><\/div><\/div><\/div>\n","protected":false},"excerpt":{"rendered":"","protected":false},"author":1,"featured_media":0,"parent":0,"menu_order":0,"comment_status":"closed","ping_status":"closed","template":"100-width.php","meta":{"footnotes":""},"class_list":["post-374","page","type-page","status-publish","hentry"],"acf":[],"_links":{"self":[{"href":"https:\/\/ehrler-beck.com\/de\/wp-json\/wp\/v2\/pages\/374","targetHints":{"allow":["GET"]}}],"collection":[{"href":"https:\/\/ehrler-beck.com\/de\/wp-json\/wp\/v2\/pages"}],"about":[{"href":"https:\/\/ehrler-beck.com\/de\/wp-json\/wp\/v2\/types\/page"}],"author":[{"embeddable":true,"href":"https:\/\/ehrler-beck.com\/de\/wp-json\/wp\/v2\/users\/1"}],"replies":[{"embeddable":true,"href":"https:\/\/ehrler-beck.com\/de\/wp-json\/wp\/v2\/comments?post=374"}],"version-history":[{"count":17,"href":"https:\/\/ehrler-beck.com\/de\/wp-json\/wp\/v2\/pages\/374\/revisions"}],"predecessor-version":[{"id":70687,"href":"https:\/\/ehrler-beck.com\/de\/wp-json\/wp\/v2\/pages\/374\/revisions\/70687"}],"wp:attachment":[{"href":"https:\/\/ehrler-beck.com\/de\/wp-json\/wp\/v2\/media?parent=374"}],"curies":[{"name":"wp","href":"https:\/\/api.w.org\/{rel}","templated":true}]}}