{"id":2708,"date":"2017-09-12T14:44:25","date_gmt":"2017-09-12T12:44:25","guid":{"rendered":"http:\/\/ehrler-beck.com?page_id=2708"},"modified":"2025-06-20T12:25:14","modified_gmt":"2025-06-20T10:25:14","slug":"klauen-vakuumpumpen","status":"publish","type":"page","link":"https:\/\/ehrler-beck.com\/de\/produkte\/vakuumpumpen\/klauen-vakuumpumpen","title":{"rendered":"Klauen-Vakuumpumpen"},"content":{"rendered":"<p><div class=\"tiaro-fullwidth fullwidth-box tiaro-builder-row-1 tiaro-flex-container tiaro-parallax-fixed nonhundred-percent-fullwidth non-hundred-percent-height-scrolling lazyload\" style=\"--awb-border-radius-top-left:0px;--awb-border-radius-top-right:0px;--awb-border-radius-bottom-right:0px;--awb-border-radius-bottom-left:0px;--awb-padding-top:34px;--awb-padding-bottom:34px;--awb-background-size:cover;background-attachment:fixed;\" data-bg=\"https:\/\/ehrler-beck.com\/wp-content\/uploads\/2023\/10\/Background-V1-jpg.webp\" ><div class=\"tiaro-builder-row tiaro-row tiaro-flex-align-items-flex-start\" style=\"max-width:1404px;margin-left: calc(-4% \/ 2 );margin-right: calc(-4% \/ 2 );\"><div class=\"tiaro-layout-column tiaro_builder_column tiaro-builder-column-0 tiaro_builder_column_1_1 1_1 tiaro-flex-column\" style=\"--awb-bg-blend:overlay;--awb-bg-size:cover;--awb-width-large:100%;--awb-margin-top-large:0px;--awb-spacing-right-large:1.92%;--awb-margin-bottom-large:0px;--awb-spacing-left-large:1.92%;--awb-width-medium:100%;--awb-spacing-right-medium:1.92%;--awb-spacing-left-medium:1.92%;--awb-width-small:100%;--awb-spacing-right-small:1.92%;--awb-spacing-left-small:1.92%;\"><div class=\"tiaro-column-wrapper tiaro-flex-justify-content-flex-start tiaro-content-layout-column\"><div class=\"tiaro-text tiaro-text-1\"><h1>KLAUEN-VAKUUMPUMPEN<a href=\"\/?page_id=197\" target=\"_blank\" rel=\"noopener\"><img decoding=\"async\" class=\"lazyload alignright wp-image-53 size-full\" src=\"https:\/\/ehrler-beck.com\/wp-content\/uploads\/2017\/07\/Claw-Technology-Icon.png\" data-orig-src=\"https:\/\/ehrler-beck.com\/wp-content\/uploads\/2017\/07\/Claw-Technology-Icon.png\" alt=\"Claw Vacuum Pumps\" width=\"100\" height=\"100\" srcset=\"data:image\/svg+xml,%3Csvg%20xmlns%3D%27http%3A%2F%2Fwww.w3.org%2F2000%2Fsvg%27%20width%3D%27100%27%20height%3D%27100%27%20viewBox%3D%270%200%20100%20100%27%3E%3Crect%20width%3D%27100%27%20height%3D%27100%27%20fill-opacity%3D%220%22%2F%3E%3C%2Fsvg%3E\" data-srcset=\"https:\/\/ehrler-beck.com\/wp-content\/uploads\/2017\/07\/Claw-Technology-Icon-66x66.png 66w, https:\/\/ehrler-beck.com\/wp-content\/uploads\/2017\/07\/Claw-Technology-Icon.png 100w\" data-sizes=\"auto\" data-orig-sizes=\"(max-width: 100px) 100vw, 100px\" \/><\/a><\/h1>\n<\/div><\/div><\/div><div class=\"tiaro-layout-column tiaro_builder_column tiaro-builder-column-1 tiaro_builder_column_1_3 1_3 tiaro-flex-column\" style=\"--awb-bg-blend:overlay;--awb-bg-size:cover;--awb-width-large:33.333333333333%;--awb-margin-top-large:0px;--awb-spacing-right-large:5.76%;--awb-margin-bottom-large:5px;--awb-spacing-left-large:5.76%;--awb-width-medium:33.333333333333%;--awb-spacing-right-medium:5.76%;--awb-spacing-left-medium:5.76%;--awb-width-small:100%;--awb-spacing-right-small:1.92%;--awb-spacing-left-small:1.92%;\"><div class=\"tiaro-column-wrapper tiaro-flex-justify-content-flex-start tiaro-content-layout-column\"><div class=\"tiaro-text tiaro-text-2\" style=\"--awb-font-size:21px;--awb-text-color:#ffffff;\"><p><span style=\"font-size: 32px; color: #00b3a7;\">Vorteile<\/span><\/p>\n<ul>\n<li>\u00d6lfreie Verdichtung<\/li>\n<li>Energieeffizienz<\/li>\n<li>Langlebige Leistung<\/li>\n<li>Hohe Saugkraft<\/li>\n<li>Sicherheitsfunktionen<\/li>\n<\/ul>\n<\/div><\/div><\/div><div class=\"tiaro-layout-column tiaro_builder_column tiaro-builder-column-2 tiaro_builder_column_2_3 2_3 tiaro-flex-column\" style=\"--awb-bg-blend:overlay;--awb-bg-size:cover;--awb-width-large:66.666666666667%;--awb-margin-top-large:0px;--awb-spacing-right-large:2.88%;--awb-margin-bottom-large:5px;--awb-spacing-left-large:2.88%;--awb-width-medium:66.666666666667%;--awb-spacing-right-medium:2.88%;--awb-spacing-left-medium:2.88%;--awb-width-small:100%;--awb-spacing-right-small:1.92%;--awb-spacing-left-small:1.92%;\"><div class=\"tiaro-column-wrapper tiaro-flex-justify-content-flex-start tiaro-content-layout-column\"><div class=\"tiaro-text tiaro-text-3\" style=\"--awb-font-size:18px;--awb-text-color:#ffffff;\"><p>Klauen-Vakuumpumpen wurden speziell f\u00fcr industrielle Anwendungen entwickelt, bei denen st\u00e4ndiger Unterdruck, hohes Saugverm\u00f6gen und komplette \u00f6lfreie Verdichtung essentiell sind. Im Vergleich zum traditionellen Drehkolbenpumpendesign wird Luft mit betr\u00e4chtlicher Energieersparnis verdichtet, aufgrund von ber\u00fchrungslosem Rotorblattdesign und durch einen Betrieb ohne \u00d6l oder anderen Betriebsfl\u00fcssigkeiten. Auch explosionssichere Bauarten mit reduziertem Auslauf sind erh\u00e4ltlich.<\/p>\n<\/div><div ><a class=\"tiaro-button button-flat tiaro-button-default-size button-custom tiaro-button-default button-1 tiaro-button-default-span tiaro-button-default-type tiaro-has-button-gradient\" style=\"--button_accent_color:#ffffff;--button_accent_hover_color:#ffffff;--button_border_hover_color:#00b3a7;--button-border-radius-top-left:0;--button-border-radius-top-right:0;--button-border-radius-bottom-right:0;--button-border-radius-bottom-left:0;--button_gradient_top_color:rgba(255,255,255,0);--button_gradient_bottom_color:rgba(0,179,167,0);--button_gradient_top_color_hover:#00b3a7;--button_gradient_bottom_color_hover:#00b3a7;--button_padding-top:13px;--button_padding-bottom:13px;\" target=\"_self\" href=\"https:\/\/ehrler-beck.com\/de\/technologien\/vakuumpumpentechnologien\/klauen-vakuumpumpen\"><span class=\"tiaro-button-text\">Erfahren Sie mehr \u00fcber die Technologie<\/span><\/a><\/div><\/div><\/div><\/div><\/div><div class=\"tiaro-fullwidth fullwidth-box tiaro-builder-row-2 tiaro-flex-container has-pattern-background has-mask-background nonhundred-percent-fullwidth non-hundred-percent-height-scrolling\" style=\"--awb-border-radius-top-left:0px;--awb-border-radius-top-right:0px;--awb-border-radius-bottom-right:0px;--awb-border-radius-bottom-left:0px;--awb-margin-top:26px;--awb-margin-bottom:0px;\" ><div class=\"tiaro-builder-row tiaro-row tiaro-flex-align-items-flex-start tiaro-flex-justify-content-center\" style=\"max-width:1404px;margin-left: calc(-4% \/ 2 );margin-right: calc(-4% \/ 2 );\"><div class=\"tiaro-layout-column tiaro_builder_column tiaro-builder-column-3 tiaro_builder_column_1_2 1_2 tiaro-flex-column\" style=\"--awb-bg-size:cover;--awb-width-large:50%;--awb-margin-top-large:0px;--awb-spacing-right-large:13px;--awb-margin-bottom-large:26px;--awb-spacing-left-large:26px;--awb-width-medium:50%;--awb-order-medium:0;--awb-spacing-right-medium:13px;--awb-spacing-left-medium:26px;--awb-width-small:100%;--awb-order-small:0;--awb-spacing-right-small:1.92%;--awb-spacing-left-small:1.92%;\" data-motion-effects=\"[{&quot;type&quot;:&quot;&quot;,&quot;scroll_type&quot;:&quot;transition&quot;,&quot;scroll_direction&quot;:&quot;up&quot;,&quot;transition_speed&quot;:&quot;1&quot;,&quot;fade_type&quot;:&quot;in&quot;,&quot;scale_type&quot;:&quot;up&quot;,&quot;initial_scale&quot;:&quot;1&quot;,&quot;max_scale&quot;:&quot;1.5&quot;,&quot;min_scale&quot;:&quot;0.5&quot;,&quot;initial_rotate&quot;:&quot;0&quot;,&quot;end_rotate&quot;:&quot;30&quot;,&quot;initial_blur&quot;:&quot;0&quot;,&quot;end_blur&quot;:&quot;3&quot;,&quot;start_element&quot;:&quot;top&quot;,&quot;start_viewport&quot;:&quot;bottom&quot;,&quot;end_element&quot;:&quot;bottom&quot;,&quot;end_viewport&quot;:&quot;top&quot;,&quot;mouse_effect&quot;:&quot;track&quot;,&quot;mouse_effect_direction&quot;:&quot;opposite&quot;,&quot;mouse_effect_speed&quot;:&quot;2&quot;,&quot;infinite_animation&quot;:&quot;float&quot;,&quot;infinite_animation_speed&quot;:&quot;2&quot;}]\" data-scroll-devices=\"small-visibility,medium-visibility,large-visibility\"><div class=\"tiaro-column-wrapper tiaro-column-has-shadow tiaro-flex-justify-content-flex-start tiaro-content-layout-column\"><div class=\"tiaro-image-element \" style=\"--awb-caption-title-color:#ffffff;--awb-caption-text-color:#00b3a7;--awb-caption-border-color:#00b3a7;--awb-caption-overlay-color:#000000;--awb-caption-title-font-family:var(--h2_typography-font-family);--awb-caption-title-font-weight:var(--h2_typography-font-weight);--awb-caption-title-font-style:var(--h2_typography-font-style);--awb-caption-title-size:var(--h2_typography-font-size);--awb-caption-title-transform:var(--h2_typography-text-transform);--awb-caption-title-line-height:var(--h2_typography-line-height);--awb-caption-title-letter-spacing:var(--h2_typography-letter-spacing);\"><span class=\" tiaro-imageframe imageframe-none imageframe-1 awb-imageframe-style awb-imageframe-style-resa\" style=\"border:1px solid #c5c5c5;\" class=\"image-scroll\"><a class=\"tiaro-no-lightbox\" href=\"https:\/\/ehrler-beck.com\/de\/produkte\/vakuumpumpen\/klauen-vakuumpumpen\/dzs-vsd-klauen-vakuumpumpe\" target=\"_self\" aria-label=\"DZS VSD+ Klauen-Vakuumpumpen &#8211; Atlas Copco Serie\"><img data-dominant-color=\"a5a5a5\" data-has-transparency=\"false\" style=\"--dominant-color: #a5a5a5;\" decoding=\"async\" width=\"1500\" height=\"1000\" alt=\"Atlas Copco DZS VSD+ Serie\" src=\"https:\/\/ehrler-beck.com\/wp-content\/uploads\/2023\/11\/DZS-VSD-Klauen-Vakuumpumpen-jpg.webp\" data-orig-src=\"https:\/\/ehrler-beck.com\/wp-content\/uploads\/2023\/11\/DZS-VSD-Klauen-Vakuumpumpen-jpg.webp\" class=\"lazyload not-transparent img-responsive wp-image-86429\" srcset=\"data:image\/svg+xml,%3Csvg%20xmlns%3D%27http%3A%2F%2Fwww.w3.org%2F2000%2Fsvg%27%20width%3D%271500%27%20height%3D%271000%27%20viewBox%3D%270%200%201500%201000%27%3E%3Crect%20width%3D%271500%27%20height%3D%271000%27%20fill-opacity%3D%220%22%2F%3E%3C%2Fsvg%3E\" data-srcset=\"https:\/\/ehrler-beck.com\/wp-content\/uploads\/2023\/11\/DZS-VSD-Klauen-Vakuumpumpen-18x12.webp 18w, https:\/\/ehrler-beck.com\/wp-content\/uploads\/2023\/11\/DZS-VSD-Klauen-Vakuumpumpen-200x133.webp 200w, https:\/\/ehrler-beck.com\/wp-content\/uploads\/2023\/11\/DZS-VSD-Klauen-Vakuumpumpen-300x200.webp 300w, https:\/\/ehrler-beck.com\/wp-content\/uploads\/2023\/11\/DZS-VSD-Klauen-Vakuumpumpen-400x267.webp 400w, https:\/\/ehrler-beck.com\/wp-content\/uploads\/2023\/11\/DZS-VSD-Klauen-Vakuumpumpen-600x400.webp 600w, https:\/\/ehrler-beck.com\/wp-content\/uploads\/2023\/11\/DZS-VSD-Klauen-Vakuumpumpen-768x512.webp 768w, https:\/\/ehrler-beck.com\/wp-content\/uploads\/2023\/11\/DZS-VSD-Klauen-Vakuumpumpen-800x533.webp 800w, https:\/\/ehrler-beck.com\/wp-content\/uploads\/2023\/11\/DZS-VSD-Klauen-Vakuumpumpen-1024x683.webp 1024w, https:\/\/ehrler-beck.com\/wp-content\/uploads\/2023\/11\/DZS-VSD-Klauen-Vakuumpumpen-1200x800.webp 1200w, https:\/\/ehrler-beck.com\/wp-content\/uploads\/2023\/11\/DZS-VSD-Klauen-Vakuumpumpen-jpg.webp 1500w\" data-sizes=\"auto\" data-orig-sizes=\"(max-width: 640px) 100vw, 800px\" \/><div class=\"awb-imageframe-caption-container\"><div class=\"awb-imageframe-caption\"><h2 class=\"awb-imageframe-caption-title\">DZS VSD+ <\/h2><p class=\"awb-imageframe-caption-text\">Atlas Copco DZS VSD+ Serie<\/p><\/div><\/div><\/a><\/span><\/div><\/div><\/div><div class=\"tiaro-layout-column tiaro_builder_column tiaro-builder-column-4 tiaro_builder_column_1_2 1_2 tiaro-flex-column\" style=\"--awb-bg-size:cover;--awb-width-large:50%;--awb-margin-top-large:0px;--awb-spacing-right-large:26px;--awb-margin-bottom-large:26px;--awb-spacing-left-large:13px;--awb-width-medium:50%;--awb-order-medium:0;--awb-spacing-right-medium:26px;--awb-spacing-left-medium:13px;--awb-width-small:100%;--awb-order-small:0;--awb-spacing-right-small:1.92%;--awb-spacing-left-small:1.92%;\" data-motion-effects=\"[{&quot;type&quot;:&quot;&quot;,&quot;scroll_type&quot;:&quot;transition&quot;,&quot;scroll_direction&quot;:&quot;up&quot;,&quot;transition_speed&quot;:&quot;1&quot;,&quot;fade_type&quot;:&quot;in&quot;,&quot;scale_type&quot;:&quot;up&quot;,&quot;initial_scale&quot;:&quot;1&quot;,&quot;max_scale&quot;:&quot;1.5&quot;,&quot;min_scale&quot;:&quot;0.5&quot;,&quot;initial_rotate&quot;:&quot;0&quot;,&quot;end_rotate&quot;:&quot;30&quot;,&quot;initial_blur&quot;:&quot;0&quot;,&quot;end_blur&quot;:&quot;3&quot;,&quot;start_element&quot;:&quot;top&quot;,&quot;start_viewport&quot;:&quot;bottom&quot;,&quot;end_element&quot;:&quot;bottom&quot;,&quot;end_viewport&quot;:&quot;top&quot;,&quot;mouse_effect&quot;:&quot;track&quot;,&quot;mouse_effect_direction&quot;:&quot;opposite&quot;,&quot;mouse_effect_speed&quot;:&quot;2&quot;,&quot;infinite_animation&quot;:&quot;float&quot;,&quot;infinite_animation_speed&quot;:&quot;2&quot;}]\" data-scroll-devices=\"small-visibility,medium-visibility,large-visibility\"><div class=\"tiaro-column-wrapper tiaro-column-has-shadow tiaro-flex-justify-content-flex-start tiaro-content-layout-column\"><div class=\"tiaro-image-element \" style=\"--awb-caption-text-color:#00b3a7;--awb-caption-border-color:#00b3a7;--awb-caption-overlay-color:#000000;--awb-caption-title-font-family:var(--h2_typography-font-family);--awb-caption-title-font-weight:var(--h2_typography-font-weight);--awb-caption-title-font-style:var(--h2_typography-font-style);--awb-caption-title-size:var(--h2_typography-font-size);--awb-caption-title-transform:var(--h2_typography-text-transform);--awb-caption-title-line-height:var(--h2_typography-line-height);--awb-caption-title-letter-spacing:var(--h2_typography-letter-spacing);\"><span class=\" tiaro-imageframe imageframe-none imageframe-2 awb-imageframe-style awb-imageframe-style-resa\" style=\"border:1px solid #c5c5c5;\" class=\"image-scroll\"><a class=\"tiaro-no-lightbox\" href=\"https:\/\/ehrler-beck.com\/de\/produkte\/vakuumpumpen\/klauen-vakuumpumpen\/clawvac-klauen-vakuumpumpe\" target=\"_self\" aria-label=\"Clawvac Serie &#8211; Leybold Klauen-Vakuumpumpen\"><img data-dominant-color=\"d2d0d0\" data-has-transparency=\"false\" style=\"--dominant-color: #d2d0d0;\" decoding=\"async\" width=\"1500\" height=\"1000\" alt=\"Leybold CLAWVAC Serie\" src=\"https:\/\/ehrler-beck.com\/wp-content\/uploads\/2023\/11\/Clawvac-Serie-Klauen-Vakuumpumpen-jpg.webp\" data-orig-src=\"https:\/\/ehrler-beck.com\/wp-content\/uploads\/2023\/11\/Clawvac-Serie-Klauen-Vakuumpumpen-jpg.webp\" class=\"lazyload not-transparent img-responsive wp-image-86427\" srcset=\"data:image\/svg+xml,%3Csvg%20xmlns%3D%27http%3A%2F%2Fwww.w3.org%2F2000%2Fsvg%27%20width%3D%271500%27%20height%3D%271000%27%20viewBox%3D%270%200%201500%201000%27%3E%3Crect%20width%3D%271500%27%20height%3D%271000%27%20fill-opacity%3D%220%22%2F%3E%3C%2Fsvg%3E\" data-srcset=\"https:\/\/ehrler-beck.com\/wp-content\/uploads\/2023\/11\/Clawvac-Serie-Klauen-Vakuumpumpen-18x12.webp 18w, https:\/\/ehrler-beck.com\/wp-content\/uploads\/2023\/11\/Clawvac-Serie-Klauen-Vakuumpumpen-200x133.webp 200w, https:\/\/ehrler-beck.com\/wp-content\/uploads\/2023\/11\/Clawvac-Serie-Klauen-Vakuumpumpen-300x200.webp 300w, https:\/\/ehrler-beck.com\/wp-content\/uploads\/2023\/11\/Clawvac-Serie-Klauen-Vakuumpumpen-400x267.webp 400w, https:\/\/ehrler-beck.com\/wp-content\/uploads\/2023\/11\/Clawvac-Serie-Klauen-Vakuumpumpen-600x400.webp 600w, https:\/\/ehrler-beck.com\/wp-content\/uploads\/2023\/11\/Clawvac-Serie-Klauen-Vakuumpumpen-768x512.webp 768w, https:\/\/ehrler-beck.com\/wp-content\/uploads\/2023\/11\/Clawvac-Serie-Klauen-Vakuumpumpen-800x533.webp 800w, https:\/\/ehrler-beck.com\/wp-content\/uploads\/2023\/11\/Clawvac-Serie-Klauen-Vakuumpumpen-1024x683.webp 1024w, https:\/\/ehrler-beck.com\/wp-content\/uploads\/2023\/11\/Clawvac-Serie-Klauen-Vakuumpumpen-1200x800.webp 1200w, https:\/\/ehrler-beck.com\/wp-content\/uploads\/2023\/11\/Clawvac-Serie-Klauen-Vakuumpumpen-jpg.webp 1500w\" data-sizes=\"auto\" data-orig-sizes=\"(max-width: 640px) 100vw, 800px\" \/><div class=\"awb-imageframe-caption-container\"><div class=\"awb-imageframe-caption\"><h2 class=\"awb-imageframe-caption-title\">CLAWVAC <\/h2><p class=\"awb-imageframe-caption-text\">CLAWVAC Klauen Vakuumpumpen Baureihe <\/p><\/div><\/div><\/a><\/span><\/div><\/div><\/div><div class=\"tiaro-layout-column tiaro_builder_column tiaro-builder-column-5 tiaro_builder_column_1_2 1_2 tiaro-flex-column\" style=\"--awb-bg-size:cover;--awb-width-large:50%;--awb-margin-top-large:0px;--awb-spacing-right-large:13px;--awb-margin-bottom-large:26px;--awb-spacing-left-large:26px;--awb-width-medium:50%;--awb-order-medium:0;--awb-spacing-right-medium:13px;--awb-spacing-left-medium:26px;--awb-width-small:100%;--awb-order-small:0;--awb-spacing-right-small:1.92%;--awb-spacing-left-small:1.92%;\" data-motion-effects=\"[{&quot;type&quot;:&quot;&quot;,&quot;scroll_type&quot;:&quot;transition&quot;,&quot;scroll_direction&quot;:&quot;up&quot;,&quot;transition_speed&quot;:&quot;1&quot;,&quot;fade_type&quot;:&quot;in&quot;,&quot;scale_type&quot;:&quot;up&quot;,&quot;initial_scale&quot;:&quot;1&quot;,&quot;max_scale&quot;:&quot;1.5&quot;,&quot;min_scale&quot;:&quot;0.5&quot;,&quot;initial_rotate&quot;:&quot;0&quot;,&quot;end_rotate&quot;:&quot;30&quot;,&quot;initial_blur&quot;:&quot;0&quot;,&quot;end_blur&quot;:&quot;3&quot;,&quot;start_element&quot;:&quot;top&quot;,&quot;start_viewport&quot;:&quot;bottom&quot;,&quot;end_element&quot;:&quot;bottom&quot;,&quot;end_viewport&quot;:&quot;top&quot;,&quot;mouse_effect&quot;:&quot;track&quot;,&quot;mouse_effect_direction&quot;:&quot;opposite&quot;,&quot;mouse_effect_speed&quot;:&quot;2&quot;,&quot;infinite_animation&quot;:&quot;float&quot;,&quot;infinite_animation_speed&quot;:&quot;2&quot;}]\" data-scroll-devices=\"small-visibility,medium-visibility,large-visibility\"><div class=\"tiaro-column-wrapper tiaro-column-has-shadow tiaro-flex-justify-content-flex-start tiaro-content-layout-column\"><div class=\"tiaro-image-element \" style=\"--awb-caption-title-color:#ffffff;--awb-caption-text-color:#00b3a7;--awb-caption-border-color:#00b3a7;--awb-caption-overlay-color:#000000;--awb-caption-title-font-family:var(--h2_typography-font-family);--awb-caption-title-font-weight:var(--h2_typography-font-weight);--awb-caption-title-font-style:var(--h2_typography-font-style);--awb-caption-title-size:var(--h2_typography-font-size);--awb-caption-title-transform:var(--h2_typography-text-transform);--awb-caption-title-line-height:var(--h2_typography-line-height);--awb-caption-title-letter-spacing:var(--h2_typography-letter-spacing);\"><span class=\" tiaro-imageframe imageframe-none imageframe-3 awb-imageframe-style awb-imageframe-style-resa\" style=\"border:1px solid #c5c5c5;\" class=\"image-scroll\"><a class=\"tiaro-no-lightbox\" href=\"https:\/\/ehrler-beck.com\/de\/produkte\/vakuumpumpen\/klauen-vakuumpumpen\/c-vlr-serie\" target=\"_self\" aria-label=\"C-VLR Serie &#8211; Elmo Rietschle Klauen-Vakuumpumpen\"><img data-dominant-color=\"a6a6a7\" data-has-transparency=\"false\" style=\"--dominant-color: #a6a6a7;\" decoding=\"async\" width=\"1500\" height=\"1000\" alt=\"Elmo Rietschle C-VLR Serie\" src=\"https:\/\/ehrler-beck.com\/wp-content\/uploads\/2023\/11\/C-VLR-Klauen-Vakuumpumpen-Serie-jpg.webp\" data-orig-src=\"https:\/\/ehrler-beck.com\/wp-content\/uploads\/2023\/11\/C-VLR-Klauen-Vakuumpumpen-Serie-jpg.webp\" class=\"lazyload not-transparent img-responsive wp-image-86428\" srcset=\"data:image\/svg+xml,%3Csvg%20xmlns%3D%27http%3A%2F%2Fwww.w3.org%2F2000%2Fsvg%27%20width%3D%271500%27%20height%3D%271000%27%20viewBox%3D%270%200%201500%201000%27%3E%3Crect%20width%3D%271500%27%20height%3D%271000%27%20fill-opacity%3D%220%22%2F%3E%3C%2Fsvg%3E\" data-srcset=\"https:\/\/ehrler-beck.com\/wp-content\/uploads\/2023\/11\/C-VLR-Klauen-Vakuumpumpen-Serie-18x12.webp 18w, https:\/\/ehrler-beck.com\/wp-content\/uploads\/2023\/11\/C-VLR-Klauen-Vakuumpumpen-Serie-200x133.webp 200w, https:\/\/ehrler-beck.com\/wp-content\/uploads\/2023\/11\/C-VLR-Klauen-Vakuumpumpen-Serie-300x200.webp 300w, https:\/\/ehrler-beck.com\/wp-content\/uploads\/2023\/11\/C-VLR-Klauen-Vakuumpumpen-Serie-400x267.webp 400w, https:\/\/ehrler-beck.com\/wp-content\/uploads\/2023\/11\/C-VLR-Klauen-Vakuumpumpen-Serie-600x400.webp 600w, https:\/\/ehrler-beck.com\/wp-content\/uploads\/2023\/11\/C-VLR-Klauen-Vakuumpumpen-Serie-768x512.webp 768w, https:\/\/ehrler-beck.com\/wp-content\/uploads\/2023\/11\/C-VLR-Klauen-Vakuumpumpen-Serie-800x533.webp 800w, https:\/\/ehrler-beck.com\/wp-content\/uploads\/2023\/11\/C-VLR-Klauen-Vakuumpumpen-Serie-1024x683.webp 1024w, https:\/\/ehrler-beck.com\/wp-content\/uploads\/2023\/11\/C-VLR-Klauen-Vakuumpumpen-Serie-1200x800.webp 1200w, https:\/\/ehrler-beck.com\/wp-content\/uploads\/2023\/11\/C-VLR-Klauen-Vakuumpumpen-Serie-jpg.webp 1500w\" data-sizes=\"auto\" data-orig-sizes=\"(max-width: 640px) 100vw, 800px\" \/><div class=\"awb-imageframe-caption-container\"><div class=\"awb-imageframe-caption\"><h2 class=\"awb-imageframe-caption-title\">C-VLR <\/h2><p class=\"awb-imageframe-caption-text\">Elmo Rietschle C-VLR Klauen Vakuumpumpen Baureihe <\/p><\/div><\/div><\/a><\/span><\/div><\/div><\/div><div class=\"tiaro-layout-column tiaro_builder_column tiaro-builder-column-6 tiaro_builder_column_1_2 1_2 tiaro-flex-column tiaro-flex-align-self-stretch\" style=\"--awb-bg-size:cover;--awb-width-large:50%;--awb-margin-top-large:0px;--awb-spacing-right-large:26px;--awb-margin-bottom-large:26px;--awb-spacing-left-large:13px;--awb-width-medium:50%;--awb-order-medium:0;--awb-spacing-right-medium:26px;--awb-spacing-left-medium:13px;--awb-width-small:100%;--awb-order-small:0;--awb-spacing-right-small:1.92%;--awb-spacing-left-small:1.92%;\" data-motion-effects=\"[{&quot;type&quot;:&quot;&quot;,&quot;scroll_type&quot;:&quot;transition&quot;,&quot;scroll_direction&quot;:&quot;up&quot;,&quot;transition_speed&quot;:&quot;1&quot;,&quot;fade_type&quot;:&quot;in&quot;,&quot;scale_type&quot;:&quot;up&quot;,&quot;initial_scale&quot;:&quot;1&quot;,&quot;max_scale&quot;:&quot;1.5&quot;,&quot;min_scale&quot;:&quot;0.5&quot;,&quot;initial_rotate&quot;:&quot;0&quot;,&quot;end_rotate&quot;:&quot;30&quot;,&quot;initial_blur&quot;:&quot;0&quot;,&quot;end_blur&quot;:&quot;3&quot;,&quot;start_element&quot;:&quot;top&quot;,&quot;start_viewport&quot;:&quot;bottom&quot;,&quot;end_element&quot;:&quot;bottom&quot;,&quot;end_viewport&quot;:&quot;top&quot;,&quot;mouse_effect&quot;:&quot;track&quot;,&quot;mouse_effect_direction&quot;:&quot;opposite&quot;,&quot;mouse_effect_speed&quot;:&quot;2&quot;,&quot;infinite_animation&quot;:&quot;float&quot;,&quot;infinite_animation_speed&quot;:&quot;2&quot;}]\" data-scroll-devices=\"small-visibility,medium-visibility,large-visibility\"><div class=\"tiaro-column-wrapper tiaro-column-has-shadow tiaro-flex-justify-content-flex-start tiaro-content-layout-column\"><div class=\"tiaro-image-element \" style=\"--awb-caption-title-color:#ffffff;--awb-caption-text-color:#00b3a7;--awb-caption-border-color:#00b3a7;--awb-caption-overlay-color:#000000;--awb-caption-title-font-family:var(--h2_typography-font-family);--awb-caption-title-font-weight:var(--h2_typography-font-weight);--awb-caption-title-font-style:var(--h2_typography-font-style);--awb-caption-title-size:var(--h2_typography-font-size);--awb-caption-title-transform:var(--h2_typography-text-transform);--awb-caption-title-line-height:var(--h2_typography-line-height);--awb-caption-title-letter-spacing:var(--h2_typography-letter-spacing);\"><span class=\" tiaro-imageframe imageframe-none imageframe-4 awb-imageframe-style awb-imageframe-style-resa\" style=\"border:1px solid #c5c5c5;\" class=\"image-scroll\"><a class=\"tiaro-no-lightbox\" href=\"https:\/\/ehrler-beck.com\/de\/produkte\/vakuumpumpen\/klauen-vakuumpumpen\/mink-mm-mi-me-serie\" target=\"_self\" aria-label=\"BUSCH SAMOS Gebl\u00e4se\"><img data-dominant-color=\"d7d7d7\" data-has-transparency=\"false\" style=\"--dominant-color: #d7d7d7;\" decoding=\"async\" width=\"1720\" height=\"1000\" alt=\"BUSCH Mink Serie\" src=\"https:\/\/ehrler-beck.com\/wp-content\/uploads\/2024\/02\/BUSCH-Mink-Serie-Uberblick-jpg.webp\" data-orig-src=\"https:\/\/ehrler-beck.com\/wp-content\/uploads\/2024\/02\/BUSCH-Mink-Serie-Uberblick-jpg.webp\" class=\"lazyload not-transparent img-responsive wp-image-91499\" srcset=\"data:image\/svg+xml,%3Csvg%20xmlns%3D%27http%3A%2F%2Fwww.w3.org%2F2000%2Fsvg%27%20width%3D%271720%27%20height%3D%271000%27%20viewBox%3D%270%200%201720%201000%27%3E%3Crect%20width%3D%271720%27%20height%3D%271000%27%20fill-opacity%3D%220%22%2F%3E%3C%2Fsvg%3E\" data-srcset=\"https:\/\/ehrler-beck.com\/wp-content\/uploads\/2024\/02\/BUSCH-Mink-Serie-Uberblick-18x10.webp 18w, https:\/\/ehrler-beck.com\/wp-content\/uploads\/2024\/02\/BUSCH-Mink-Serie-Uberblick-200x116.webp 200w, https:\/\/ehrler-beck.com\/wp-content\/uploads\/2024\/02\/BUSCH-Mink-Serie-Uberblick-300x174.webp 300w, https:\/\/ehrler-beck.com\/wp-content\/uploads\/2024\/02\/BUSCH-Mink-Serie-Uberblick-400x233.webp 400w, https:\/\/ehrler-beck.com\/wp-content\/uploads\/2024\/02\/BUSCH-Mink-Serie-Uberblick-600x349.webp 600w, https:\/\/ehrler-beck.com\/wp-content\/uploads\/2024\/02\/BUSCH-Mink-Serie-Uberblick-768x447.webp 768w, https:\/\/ehrler-beck.com\/wp-content\/uploads\/2024\/02\/BUSCH-Mink-Serie-Uberblick-800x465.webp 800w, https:\/\/ehrler-beck.com\/wp-content\/uploads\/2024\/02\/BUSCH-Mink-Serie-Uberblick-1024x595.webp 1024w, https:\/\/ehrler-beck.com\/wp-content\/uploads\/2024\/02\/BUSCH-Mink-Serie-Uberblick-1200x698.webp 1200w, https:\/\/ehrler-beck.com\/wp-content\/uploads\/2024\/02\/BUSCH-Mink-Serie-Uberblick-1536x893.webp 1536w, https:\/\/ehrler-beck.com\/wp-content\/uploads\/2024\/02\/BUSCH-Mink-Serie-Uberblick-jpg.webp 1720w\" data-sizes=\"auto\" data-orig-sizes=\"(max-width: 640px) 100vw, 800px\" \/><div class=\"awb-imageframe-caption-container\"><div class=\"awb-imageframe-caption\"><h2 class=\"awb-imageframe-caption-title\">MINK <\/h2><p class=\"awb-imageframe-caption-text\">MINK Klauen Vakuumpumpen Baureihe <\/p><\/div><\/div><\/a><\/span><\/div><\/div><\/div><\/div><\/div><\/p>\n","protected":false},"excerpt":{"rendered":"","protected":false},"author":1,"featured_media":0,"parent":1801,"menu_order":0,"comment_status":"closed","ping_status":"closed","template":"100-width.php","meta":{"footnotes":""},"class_list":["post-2708","page","type-page","status-publish","hentry"],"acf":[],"_links":{"self":[{"href":"https:\/\/ehrler-beck.com\/de\/wp-json\/wp\/v2\/pages\/2708","targetHints":{"allow":["GET"]}}],"collection":[{"href":"https:\/\/ehrler-beck.com\/de\/wp-json\/wp\/v2\/pages"}],"about":[{"href":"https:\/\/ehrler-beck.com\/de\/wp-json\/wp\/v2\/types\/page"}],"author":[{"embeddable":true,"href":"https:\/\/ehrler-beck.com\/de\/wp-json\/wp\/v2\/users\/1"}],"replies":[{"embeddable":true,"href":"https:\/\/ehrler-beck.com\/de\/wp-json\/wp\/v2\/comments?post=2708"}],"version-history":[{"count":16,"href":"https:\/\/ehrler-beck.com\/de\/wp-json\/wp\/v2\/pages\/2708\/revisions"}],"predecessor-version":[{"id":166587,"href":"https:\/\/ehrler-beck.com\/de\/wp-json\/wp\/v2\/pages\/2708\/revisions\/166587"}],"up":[{"embeddable":true,"href":"https:\/\/ehrler-beck.com\/de\/wp-json\/wp\/v2\/pages\/1801"}],"wp:attachment":[{"href":"https:\/\/ehrler-beck.com\/de\/wp-json\/wp\/v2\/media?parent=2708"}],"curies":[{"name":"wp","href":"https:\/\/api.w.org\/{rel}","templated":true}]}}