{"id":21092,"date":"2019-04-22T06:49:20","date_gmt":"2019-04-22T04:49:20","guid":{"rendered":"https:\/\/ehrler-beck.com\/?page_id=21092"},"modified":"2023-06-18T19:38:55","modified_gmt":"2023-06-18T17:38:55","slug":"rv-serie-vakuumpumpen","status":"publish","type":"page","link":"https:\/\/ehrler-beck.com\/de\/produkte\/vakuumpumpen\/drehschieber-vakuumpumpen-oelgeschmiert\/rv-serie-vakuumpumpen","title":{"rendered":"RV-Serie Vakuumpumpen"},"content":{"rendered":"<p><div class=\"tiaro-fullwidth fullwidth-box tiaro-builder-row-1 tiaro-flex-container nonhundred-percent-fullwidth non-hundred-percent-height-scrolling\" style=\"--awb-border-radius-top-left:0px;--awb-border-radius-top-right:0px;--awb-border-radius-bottom-right:0px;--awb-border-radius-bottom-left:0px;\" ><div class=\"tiaro-builder-row tiaro-row tiaro-flex-align-items-flex-start\" style=\"max-width:1404px;margin-left: calc(-4% \/ 2 );margin-right: calc(-4% \/ 2 );\"><div class=\"tiaro-layout-column tiaro_builder_column tiaro-builder-column-0 tiaro_builder_column_1_1 1_1 tiaro-flex-column\" style=\"--awb-bg-size:cover;--awb-width-large:100%;--awb-margin-top-large:0px;--awb-spacing-right-large:1.92%;--awb-margin-bottom-large:5px;--awb-spacing-left-large:1.92%;--awb-width-medium:100%;--awb-spacing-right-medium:1.92%;--awb-spacing-left-medium:1.92%;--awb-width-small:100%;--awb-spacing-right-small:1.92%;--awb-spacing-left-small:1.92%;\"><div class=\"tiaro-column-wrapper tiaro-flex-justify-content-flex-start tiaro-content-layout-column\"><div class=\"tiaro-text tiaro-text-1\"><h1>RV-SERIE <span style=\"font-size: 10pt;\"><span style=\"color: #000000;\">(EDWARDS)<\/span><a href=\"\/?page_id=144\"><img decoding=\"async\" class=\"lazyload alignright size-full wp-image-47\" src=\"https:\/\/ehrler-beck.com\/wp-content\/uploads\/2017\/07\/Rotary-Vane-Oil-Lubricated-Technology-Icon.png\" data-orig-src=\"https:\/\/ehrler-beck.com\/wp-content\/uploads\/2017\/07\/Rotary-Vane-Oil-Lubricated-Technology-Icon.png\" alt=\"\" width=\"75\" height=\"75\" srcset=\"data:image\/svg+xml,%3Csvg%20xmlns%3D%27http%3A%2F%2Fwww.w3.org%2F2000%2Fsvg%27%20width%3D%2775%27%20height%3D%2775%27%20viewBox%3D%270%200%2075%2075%27%3E%3Crect%20width%3D%2775%27%20height%3D%2775%27%20fill-opacity%3D%220%22%2F%3E%3C%2Fsvg%3E\" data-srcset=\"https:\/\/ehrler-beck.com\/wp-content\/uploads\/2017\/07\/Rotary-Vane-Oil-Lubricated-Technology-Icon-66x66.png 66w, https:\/\/ehrler-beck.com\/wp-content\/uploads\/2017\/07\/Rotary-Vane-Oil-Lubricated-Technology-Icon.png 100w\" data-sizes=\"auto\" data-orig-sizes=\"(max-width: 75px) 100vw, 75px\" \/><\/a><\/span><\/h1>\n<\/div><\/div><\/div><div class=\"tiaro-layout-column tiaro_builder_column tiaro-builder-column-1 tiaro_builder_column_1_2 1_2 tiaro-flex-column\" style=\"--awb-bg-size:cover;--awb-width-large:50%;--awb-margin-top-large:0px;--awb-spacing-right-large:3.84%;--awb-margin-bottom-large:5px;--awb-spacing-left-large:3.84%;--awb-width-medium:50%;--awb-spacing-right-medium:3.84%;--awb-spacing-left-medium:3.84%;--awb-width-small:100%;--awb-spacing-right-small:1.92%;--awb-spacing-left-small:1.92%;\"><div class=\"tiaro-column-wrapper tiaro-flex-justify-content-flex-start tiaro-content-layout-column\"><div class=\"tiaro-text tiaro-text-2\"><p><span class=\"intro-text\">RV-Series \u00f6lgedichtete Drehschieberpumpen von Edwards liefern hohe Saugverm\u00f6gen, sehr guten Endvakuum Druck und hohe Dampfbehandlung F\u00e4higkeit mit leisen Betrieb. <\/span><\/p>\n<p><span class=\"intro-text\">Alle Vakuumpumpen aus der RV-Serie werden von einer externen Pr\u00fcfinstitut nach UL und CSA-Normen zugelassen und verf\u00fcgen \u00fcber einzigartige Arten Wahlschalter von Edwards, das Vakuum zu machen Pumpen aus der RV-Serie geeignet f\u00fcr Hochvakuum oder Anwendungen mit hohen Durchsatz. <\/span><\/p>\n<p><span class=\"intro-text\">Die RV-Serie bietet bew\u00e4hrte Leistung, die den Industriestandard f\u00fcr Forschung und Entwicklung sowie f\u00fcr wissenschaftliche Pump Anwendungen setzt.<\/span><\/p>\n<\/div><div class=\"tiaro-text tiaro-text-3\"><h3>Standardanwendungen<\/h3>\n<ul>\n<li style=\"font-weight: 400;\">Analytische Instrumente<\/li>\n<li style=\"font-weight: 400;\">Labortischvakuum<\/li>\n<li style=\"font-weight: 400;\">Turbomolekularpumpen sichern<\/li>\n<li style=\"font-weight: 400;\">Gefriertrocknen<\/li>\n<li style=\"font-weight: 400;\">Forschung und Entwicklung<\/li>\n<\/ul>\n<\/div><\/div><\/div><div class=\"tiaro-layout-column tiaro_builder_column tiaro-builder-column-2 tiaro_builder_column_1_2 1_2 tiaro-flex-column\" style=\"--awb-bg-size:cover;--awb-width-large:50%;--awb-margin-top-large:0px;--awb-spacing-right-large:3.84%;--awb-margin-bottom-large:5px;--awb-spacing-left-large:3.84%;--awb-width-medium:50%;--awb-spacing-right-medium:3.84%;--awb-spacing-left-medium:3.84%;--awb-width-small:100%;--awb-spacing-right-small:1.92%;--awb-spacing-left-small:1.92%;\"><div class=\"tiaro-column-wrapper tiaro-flex-justify-content-flex-start tiaro-content-layout-column\"><div class=\"tiaro-image-element \" style=\"--awb-caption-title-font-family:var(--h2_typography-font-family);--awb-caption-title-font-weight:var(--h2_typography-font-weight);--awb-caption-title-font-style:var(--h2_typography-font-style);--awb-caption-title-size:var(--h2_typography-font-size);--awb-caption-title-transform:var(--h2_typography-text-transform);--awb-caption-title-line-height:var(--h2_typography-line-height);--awb-caption-title-letter-spacing:var(--h2_typography-letter-spacing);\"><span class=\" tiaro-imageframe imageframe-none imageframe-1 hover-type-none\" class=\"image-magnify\" class=\"image-scroll\"><img decoding=\"async\" width=\"800\" height=\"600\" title=\"EDWARDS-RV-Serie-vakuumpumpen\" src=\"https:\/\/ehrler-beck.com\/wp-content\/uploads\/2019\/04\/EDWARDS-RV-Serie-vakuumpumpen.jpg\" data-orig-src=\"https:\/\/ehrler-beck.com\/wp-content\/uploads\/2019\/04\/EDWARDS-RV-Serie-vakuumpumpen.jpg\" alt class=\"lazyload img-responsive wp-image-21096\" srcset=\"data:image\/svg+xml,%3Csvg%20xmlns%3D%27http%3A%2F%2Fwww.w3.org%2F2000%2Fsvg%27%20width%3D%27800%27%20height%3D%27600%27%20viewBox%3D%270%200%20800%20600%27%3E%3Crect%20width%3D%27800%27%20height%3D%27600%27%20fill-opacity%3D%220%22%2F%3E%3C%2Fsvg%3E\" data-srcset=\"https:\/\/ehrler-beck.com\/wp-content\/uploads\/2019\/04\/EDWARDS-RV-Serie-vakuumpumpen-200x150.jpg 200w, https:\/\/ehrler-beck.com\/wp-content\/uploads\/2019\/04\/EDWARDS-RV-Serie-vakuumpumpen-400x300.jpg 400w, https:\/\/ehrler-beck.com\/wp-content\/uploads\/2019\/04\/EDWARDS-RV-Serie-vakuumpumpen-600x450.jpg 600w, https:\/\/ehrler-beck.com\/wp-content\/uploads\/2019\/04\/EDWARDS-RV-Serie-vakuumpumpen.jpg 800w\" data-sizes=\"auto\" data-orig-sizes=\"(max-width: 640px) 100vw, 800px\" \/><\/span><\/div><\/div><\/div><div class=\"tiaro-layout-column tiaro_builder_column tiaro-builder-column-3 tiaro_builder_column_1_2 1_2 tiaro-flex-column\" style=\"--awb-bg-size:cover;--awb-width-large:50%;--awb-margin-top-large:0px;--awb-spacing-right-large:3.84%;--awb-margin-bottom-large:5px;--awb-spacing-left-large:3.84%;--awb-width-medium:50%;--awb-spacing-right-medium:3.84%;--awb-spacing-left-medium:3.84%;--awb-width-small:100%;--awb-spacing-right-small:1.92%;--awb-spacing-left-small:1.92%;\"><div class=\"tiaro-column-wrapper tiaro-flex-justify-content-flex-start tiaro-content-layout-column\"><div class=\"tiaro-text tiaro-text-4\"><h3>Funktionen und Vorteile<\/h3>\n<ul>\n<li style=\"font-weight: 400;\">Hohe Zuverl\u00e4ssigkeit<\/li>\n<li style=\"font-weight: 400;\">Sichere Prozesse und Systeme<\/li>\n<li style=\"font-weight: 400;\">Konfiguriert f\u00fcr Ihre Vakuum Anforderungen<\/li>\n<li style=\"font-weight: 400;\">Keine ungeplanten Ausfallzeiten<\/li>\n<li style=\"font-weight: 400;\">Besseres Arbeitsumfeld<\/li>\n<li style=\"font-weight: 400;\">Gasballast mit zwei Positionen<\/li>\n<li style=\"font-weight: 400;\">Universalmotor<\/li>\n<li style=\"font-weight: 400;\">Leichtg\u00e4ngiges, kontrolliertes \u00d6ffnen der Ventil\u00f6ffnung<\/li>\n<li style=\"font-weight: 400;\">Schnell schlie\u00dfendes Einlassventil<\/li>\n<\/ul>\n<\/div><\/div><\/div><div class=\"tiaro-layout-column tiaro_builder_column tiaro-builder-column-4 tiaro_builder_column_1_3 1_3 tiaro-flex-column\" style=\"--awb-padding-top:8px;--awb-padding-right:8px;--awb-padding-bottom:8px;--awb-padding-left:8px;--awb-bg-color:#dbdbdb;--awb-bg-size:cover;--awb-width-large:33.333333333333%;--awb-margin-top-large:0px;--awb-spacing-right-large:5.76%;--awb-margin-bottom-large:5px;--awb-spacing-left-large:5.76%;--awb-width-medium:33.333333333333%;--awb-spacing-right-medium:5.76%;--awb-spacing-left-medium:5.76%;--awb-width-small:100%;--awb-spacing-right-small:1.92%;--awb-spacing-left-small:1.92%;\"><div class=\"tiaro-column-wrapper tiaro-flex-justify-content-center tiaro-content-layout-column\"><div class=\"tiaro-text tiaro-text-5\"><p><span class=\"intro-text\">Z\u00f6gern Sie nicht, uns f\u00fcr weitere Informationen zu kontaktieren:<\/span><\/p>\n<p style=\"padding-left: 30px;\"><span class=\"intro-text\">e-mail: <span class=\"color-primary\">info@ehrler-beck.com<\/span><\/span><\/p>\n<p style=\"padding-left: 30px;\"><span class=\"intro-text\">tel: <span class=\"color-primary\">+49 (0) 7159 \/ 4085-0<\/span><\/span><\/p>\n<div class=\"tiaro-alignright\"><a class=\"tiaro-button button-flat button-medium button-default tiaro-button-default button-1 tiaro-button-default-span tiaro-button-default-type\" style=\"--button-border-radius-top-left:25px;--button-border-radius-top-right:25px;--button-border-radius-bottom-right:25px;--button-border-radius-bottom-left:25px;\" target=\"_blank\" rel=\"noopener noreferrer\" href=\"https:\/\/ehrler-beck.com\/de\/kontakt\"><span class=\"tiaro-button-text tiaro-button-text-right\">KONTAKT HIER<\/span><span class=\"tiaro-button-icon-divider button-icon-divider-right\"><i class=\" fa fa-comments-o\" aria-hidden=\"true\"><\/i><\/span><\/a><\/div>\n<\/div><\/div><\/div><\/div><\/div><div class=\"tiaro-fullwidth fullwidth-box tiaro-builder-row-2 tiaro-flex-container has-pattern-background has-mask-background nonhundred-percent-fullwidth non-hundred-percent-height-scrolling\" style=\"--awb-border-radius-top-left:0px;--awb-border-radius-top-right:0px;--awb-border-radius-bottom-right:0px;--awb-border-radius-bottom-left:0px;\" ><div class=\"tiaro-builder-row tiaro-row tiaro-flex-align-items-flex-start\" style=\"max-width:1404px;margin-left: calc(-4% \/ 2 );margin-right: calc(-4% \/ 2 );\"><div class=\"tiaro-layout-column tiaro_builder_column tiaro-builder-column-5 tiaro_builder_column_1_1 1_1 tiaro-flex-column\" style=\"--awb-bg-size:cover;--awb-width-large:100%;--awb-margin-top-large:0px;--awb-spacing-right-large:1.92%;--awb-margin-bottom-large:5px;--awb-spacing-left-large:1.92%;--awb-width-medium:100%;--awb-order-medium:0;--awb-spacing-right-medium:1.92%;--awb-spacing-left-medium:1.92%;--awb-width-small:100%;--awb-order-small:0;--awb-spacing-right-small:1.92%;--awb-spacing-left-small:1.92%;\"><div class=\"tiaro-column-wrapper tiaro-column-has-shadow tiaro-flex-justify-content-flex-start tiaro-content-layout-column\"><style type=\"text\/css\">.tiaro-portfolio-wrapper#tiaro-portfolio-1 .tiaro-portfolio-content{  text-align: center; }<\/style><div class=\"tiaro-recent-works tiaro-portfolio-element tiaro-portfolio tiaro-portfolio-1 tiaro-portfolio-grid tiaro-portfolio-paging-pagination tiaro-portfolio-one tiaro-portfolio-unboxed tiaro-portfolio-text tiaro-portfolio-text-floated tiaro-portfolio-rollover\" data-id=\"-rw-1\" data-columns=\"one\"><style type=\"text\/css\">.tiaro-portfolio-1 .tiaro-portfolio-wrapper .tiaro-col-spacing{padding:6.5px;}<\/style><div class=\"tiaro-portfolio-wrapper\" id=\"tiaro-portfolio-1\" data-picturesize=\"auto\" data-pages=\"1\" style=\"margin:-6.5px;\"><article id=\"portfolio-1-post-20988\" class=\"tiaro-portfolio-post rv-serie tiaro-col-spacing post-20988\"><div class=\"tiaro-portfolio-content-wrapper\" style=\"border:none;\"><div  class=\"tiaro-image-wrapper\" aria-haspopup=\"true\">\n\t\t\t\t<img decoding=\"async\" width=\"1500\" height=\"850\" src=\"https:\/\/ehrler-beck.com\/wp-content\/uploads\/2019\/04\/EDWARDS-RV3-Vakuumpumpe.jpg\" class=\"attachment-full size-full lazyload wp-post-image\" alt=\"\" srcset=\"data:image\/svg+xml,%3Csvg%20xmlns%3D%27http%3A%2F%2Fwww.w3.org%2F2000%2Fsvg%27%20width%3D%271500%27%20height%3D%27850%27%20viewBox%3D%270%200%201500%20850%27%3E%3Crect%20width%3D%271500%27%20height%3D%27850%27%20fill-opacity%3D%220%22%2F%3E%3C%2Fsvg%3E\" data-orig-src=\"https:\/\/ehrler-beck.com\/wp-content\/uploads\/2019\/04\/EDWARDS-RV3-Vakuumpumpe.jpg\" data-srcset=\"https:\/\/ehrler-beck.com\/wp-content\/uploads\/2019\/04\/EDWARDS-RV3-Vakuumpumpe-200x113.jpg 200w, https:\/\/ehrler-beck.com\/wp-content\/uploads\/2019\/04\/EDWARDS-RV3-Vakuumpumpe-400x227.jpg 400w, https:\/\/ehrler-beck.com\/wp-content\/uploads\/2019\/04\/EDWARDS-RV3-Vakuumpumpe-600x340.jpg 600w, https:\/\/ehrler-beck.com\/wp-content\/uploads\/2019\/04\/EDWARDS-RV3-Vakuumpumpe-800x453.jpg 800w, https:\/\/ehrler-beck.com\/wp-content\/uploads\/2019\/04\/EDWARDS-RV3-Vakuumpumpe-1200x680.jpg 1200w, https:\/\/ehrler-beck.com\/wp-content\/uploads\/2019\/04\/EDWARDS-RV3-Vakuumpumpe.jpg 1500w\" data-sizes=\"auto\" \/><div class=\"tiaro-rollover\">\n\t<div class=\"tiaro-rollover-content\">\n\n\t\t\t\t\t\t\t\t\t\t\t\t\t\t<a class=\"tiaro-rollover-link\" href=\"https:\/\/ehrler-beck.com\/de\/produkt\/rv3-vakuumpumpe?portfolioCats=541\">RV3 Vakuumpumpe<\/a>\n\t\t\t\n\t\t\t\t\t\t\t\t\n\t\t\n\t\t\t\t\t\t\t\t\n\t\t\t\t\t\t\t\t\n\t\t\n\t\t\t\t\t\t<a class=\"tiaro-link-wrapper\" href=\"https:\/\/ehrler-beck.com\/de\/produkt\/rv3-vakuumpumpe?portfolioCats=541\" aria-label=\"RV3 Vakuumpumpe\"><\/a>\n\t<\/div>\n<\/div>\n<\/div>\n<div class=\"tiaro-portfolio-content\"><h2 class=\"entry-title tiaro-post-title\"><a href=\"https:\/\/ehrler-beck.com\/de\/produkt\/rv3-vakuumpumpe?portfolioCats=541\">RV3 Vakuumpumpe<\/a><\/h2><div class=\"tiaro-post-content\"><p><\/p><table style=\"width: 100.002%; border-style: hidden;\">\r\n<tbody>\r\n<tr>\r\n<td style=\"width: 34.4795%;\"><strong>Bezeichnung<\/strong><\/td>\r\n<td style=\"text-align: center; width: 65.0771%;\" colspan=\"2\"><strong>Wert<\/strong><strong>\r\n<\/strong><\/td>\r\n<\/tr>\r\n<tr>\r\n<td style=\"width: 34.4795%;\"><strong>Frequenz<\/strong><\/td>\r\n<td style=\"width: 32.7711%;\">50 Hz<\/td>\r\n<td style=\"width: 32.306%;\">60 Hz<\/td>\r\n<\/tr>\r\n<tr>\r\n<td style=\"width: 34.4795%;\"><strong>Saugverm\u00f6gen<\/strong><\/td>\r\n<td style=\"width: 32.7711%;\">3,3 m\u00b3\/h<\/td>\r\n<td style=\"width: 32.306%;\">3,9 m\u00b3\/h<\/td>\r\n<\/tr>\r\n<tr>\r\n<td style=\"width: 34.4795%;\"><strong>Enddruck<\/strong><\/td>\r\n<td style=\"width: 32.7711%;\">0,002 mbar<\/td>\r\n<td style=\"width: 32.306%;\">0,002 mbar<\/td>\r\n<\/tr>\r\n<tr>\r\n<td style=\"width: 34.4795%;\"><strong>Nennleistung<\/strong><\/td>\r\n<td style=\"width: 32.7711%;\">0,45 kW<\/td>\r\n<td style=\"width: 32.306%;\">0,55 kW<\/td>\r\n<\/tr>\r\n<\/tbody>\r\n<\/table><div class=\"tiaro-portfolio-buttons\"><a href=\"https:\/\/ehrler-beck.com\/de\/produkt\/rv3-vakuumpumpe?portfolioCats=541\" class=\"tiaro-button tiaro-button-default tiaro-button-default-size tiaro-button-flat\">Learn More<\/a><\/div><\/div><\/div><\/div><div class=\"tiaro-clearfix\"><\/div><div class=\"tiaro-separator sep-double\"><\/div><\/article><article id=\"portfolio-1-post-20976\" class=\"tiaro-portfolio-post rv-serie tiaro-col-spacing post-20976\"><div class=\"tiaro-portfolio-content-wrapper\" style=\"border:none;\"><div  class=\"tiaro-image-wrapper\" aria-haspopup=\"true\">\n\t\t\t\t<img decoding=\"async\" width=\"1500\" height=\"850\" src=\"https:\/\/ehrler-beck.com\/wp-content\/uploads\/2019\/04\/EDWARDS-RV5-Vakuumpumpe.jpg\" class=\"attachment-full size-full lazyload wp-post-image\" alt=\"\" srcset=\"data:image\/svg+xml,%3Csvg%20xmlns%3D%27http%3A%2F%2Fwww.w3.org%2F2000%2Fsvg%27%20width%3D%271500%27%20height%3D%27850%27%20viewBox%3D%270%200%201500%20850%27%3E%3Crect%20width%3D%271500%27%20height%3D%27850%27%20fill-opacity%3D%220%22%2F%3E%3C%2Fsvg%3E\" data-orig-src=\"https:\/\/ehrler-beck.com\/wp-content\/uploads\/2019\/04\/EDWARDS-RV5-Vakuumpumpe.jpg\" data-srcset=\"https:\/\/ehrler-beck.com\/wp-content\/uploads\/2019\/04\/EDWARDS-RV5-Vakuumpumpe-200x113.jpg 200w, https:\/\/ehrler-beck.com\/wp-content\/uploads\/2019\/04\/EDWARDS-RV5-Vakuumpumpe-400x227.jpg 400w, https:\/\/ehrler-beck.com\/wp-content\/uploads\/2019\/04\/EDWARDS-RV5-Vakuumpumpe-600x340.jpg 600w, https:\/\/ehrler-beck.com\/wp-content\/uploads\/2019\/04\/EDWARDS-RV5-Vakuumpumpe-800x453.jpg 800w, https:\/\/ehrler-beck.com\/wp-content\/uploads\/2019\/04\/EDWARDS-RV5-Vakuumpumpe-1200x680.jpg 1200w, https:\/\/ehrler-beck.com\/wp-content\/uploads\/2019\/04\/EDWARDS-RV5-Vakuumpumpe.jpg 1500w\" data-sizes=\"auto\" \/><div class=\"tiaro-rollover\">\n\t<div class=\"tiaro-rollover-content\">\n\n\t\t\t\t\t\t\t\t\t\t\t\t\t\t<a class=\"tiaro-rollover-link\" href=\"https:\/\/ehrler-beck.com\/de\/produkt\/rv5-vakuumpumpe?portfolioCats=541\">RV5 Vakuumpumpe<\/a>\n\t\t\t\n\t\t\t\t\t\t\t\t\n\t\t\n\t\t\t\t\t\t\t\t\n\t\t\t\t\t\t\t\t\n\t\t\n\t\t\t\t\t\t<a class=\"tiaro-link-wrapper\" href=\"https:\/\/ehrler-beck.com\/de\/produkt\/rv5-vakuumpumpe?portfolioCats=541\" aria-label=\"RV5 Vakuumpumpe\"><\/a>\n\t<\/div>\n<\/div>\n<\/div>\n<div class=\"tiaro-portfolio-content\"><h2 class=\"entry-title tiaro-post-title\"><a href=\"https:\/\/ehrler-beck.com\/de\/produkt\/rv5-vakuumpumpe?portfolioCats=541\">RV5 Vakuumpumpe<\/a><\/h2><div class=\"tiaro-post-content\"><p>Die Edwards RV5-Drehschieber-Vakuumpumpe bietet einen hervorragenden Endvakuumdruck, hohe Pumpgeschwindigkeiten und hervorragende Dampfhandhabung bei<\/p><div class=\"tiaro-portfolio-buttons\"><a href=\"https:\/\/ehrler-beck.com\/de\/produkt\/rv5-vakuumpumpe?portfolioCats=541\" class=\"tiaro-button tiaro-button-default tiaro-button-default-size tiaro-button-flat\">Learn More<\/a><\/div><\/div><\/div><\/div><div class=\"tiaro-clearfix\"><\/div><div class=\"tiaro-separator sep-double\"><\/div><\/article><article id=\"portfolio-1-post-20964\" class=\"tiaro-portfolio-post rv-serie tiaro-col-spacing post-20964\"><div class=\"tiaro-portfolio-content-wrapper\" style=\"border:none;\"><div  class=\"tiaro-image-wrapper\" aria-haspopup=\"true\">\n\t\t\t\t<img decoding=\"async\" width=\"1500\" height=\"850\" src=\"https:\/\/ehrler-beck.com\/wp-content\/uploads\/2019\/04\/EDWARDS-RV8-Vakuumpumpe.jpg\" class=\"attachment-full size-full lazyload wp-post-image\" alt=\"\" srcset=\"data:image\/svg+xml,%3Csvg%20xmlns%3D%27http%3A%2F%2Fwww.w3.org%2F2000%2Fsvg%27%20width%3D%271500%27%20height%3D%27850%27%20viewBox%3D%270%200%201500%20850%27%3E%3Crect%20width%3D%271500%27%20height%3D%27850%27%20fill-opacity%3D%220%22%2F%3E%3C%2Fsvg%3E\" data-orig-src=\"https:\/\/ehrler-beck.com\/wp-content\/uploads\/2019\/04\/EDWARDS-RV8-Vakuumpumpe.jpg\" data-srcset=\"https:\/\/ehrler-beck.com\/wp-content\/uploads\/2019\/04\/EDWARDS-RV8-Vakuumpumpe-200x113.jpg 200w, https:\/\/ehrler-beck.com\/wp-content\/uploads\/2019\/04\/EDWARDS-RV8-Vakuumpumpe-400x227.jpg 400w, https:\/\/ehrler-beck.com\/wp-content\/uploads\/2019\/04\/EDWARDS-RV8-Vakuumpumpe-600x340.jpg 600w, https:\/\/ehrler-beck.com\/wp-content\/uploads\/2019\/04\/EDWARDS-RV8-Vakuumpumpe-800x453.jpg 800w, https:\/\/ehrler-beck.com\/wp-content\/uploads\/2019\/04\/EDWARDS-RV8-Vakuumpumpe-1200x680.jpg 1200w, https:\/\/ehrler-beck.com\/wp-content\/uploads\/2019\/04\/EDWARDS-RV8-Vakuumpumpe.jpg 1500w\" data-sizes=\"auto\" \/><div class=\"tiaro-rollover\">\n\t<div class=\"tiaro-rollover-content\">\n\n\t\t\t\t\t\t\t\t\t\t\t\t\t\t<a class=\"tiaro-rollover-link\" href=\"https:\/\/ehrler-beck.com\/de\/produkt\/rv8-vakuumpumpe?portfolioCats=541\">RV8 Vakuumpumpe<\/a>\n\t\t\t\n\t\t\t\t\t\t\t\t\n\t\t\n\t\t\t\t\t\t\t\t\n\t\t\t\t\t\t\t\t\n\t\t\n\t\t\t\t\t\t<a class=\"tiaro-link-wrapper\" href=\"https:\/\/ehrler-beck.com\/de\/produkt\/rv8-vakuumpumpe?portfolioCats=541\" aria-label=\"RV8 Vakuumpumpe\"><\/a>\n\t<\/div>\n<\/div>\n<\/div>\n<div class=\"tiaro-portfolio-content\"><h2 class=\"entry-title tiaro-post-title\"><a href=\"https:\/\/ehrler-beck.com\/de\/produkt\/rv8-vakuumpumpe?portfolioCats=541\">RV8 Vakuumpumpe<\/a><\/h2><div class=\"tiaro-post-content\"><p>Die Edwards RV8-Drehschieber-Vakuumpumpe bietet einen hervorragenden Endvakuumdruck, hohe Pumpgeschwindigkeiten und hervorragende Dampfhandhabung bei<\/p><div class=\"tiaro-portfolio-buttons\"><a href=\"https:\/\/ehrler-beck.com\/de\/produkt\/rv8-vakuumpumpe?portfolioCats=541\" class=\"tiaro-button tiaro-button-default tiaro-button-default-size tiaro-button-flat\">Learn More<\/a><\/div><\/div><\/div><\/div><div class=\"tiaro-clearfix\"><\/div><div class=\"tiaro-separator sep-double\"><\/div><\/article><article id=\"portfolio-1-post-20943\" class=\"tiaro-portfolio-post rv-serie tiaro-col-spacing post-20943\"><div class=\"tiaro-portfolio-content-wrapper\" style=\"border:none;\"><div  class=\"tiaro-image-wrapper\" aria-haspopup=\"true\">\n\t\t\t\t<img decoding=\"async\" width=\"1500\" height=\"850\" src=\"https:\/\/ehrler-beck.com\/wp-content\/uploads\/2019\/04\/EDWARDS-RV12-Vakuumpumpe.jpg\" class=\"attachment-full size-full lazyload wp-post-image\" alt=\"\" srcset=\"data:image\/svg+xml,%3Csvg%20xmlns%3D%27http%3A%2F%2Fwww.w3.org%2F2000%2Fsvg%27%20width%3D%271500%27%20height%3D%27850%27%20viewBox%3D%270%200%201500%20850%27%3E%3Crect%20width%3D%271500%27%20height%3D%27850%27%20fill-opacity%3D%220%22%2F%3E%3C%2Fsvg%3E\" data-orig-src=\"https:\/\/ehrler-beck.com\/wp-content\/uploads\/2019\/04\/EDWARDS-RV12-Vakuumpumpe.jpg\" data-srcset=\"https:\/\/ehrler-beck.com\/wp-content\/uploads\/2019\/04\/EDWARDS-RV12-Vakuumpumpe-200x113.jpg 200w, https:\/\/ehrler-beck.com\/wp-content\/uploads\/2019\/04\/EDWARDS-RV12-Vakuumpumpe-400x227.jpg 400w, https:\/\/ehrler-beck.com\/wp-content\/uploads\/2019\/04\/EDWARDS-RV12-Vakuumpumpe-600x340.jpg 600w, https:\/\/ehrler-beck.com\/wp-content\/uploads\/2019\/04\/EDWARDS-RV12-Vakuumpumpe-800x453.jpg 800w, https:\/\/ehrler-beck.com\/wp-content\/uploads\/2019\/04\/EDWARDS-RV12-Vakuumpumpe-1200x680.jpg 1200w, https:\/\/ehrler-beck.com\/wp-content\/uploads\/2019\/04\/EDWARDS-RV12-Vakuumpumpe.jpg 1500w\" data-sizes=\"auto\" \/><div class=\"tiaro-rollover\">\n\t<div class=\"tiaro-rollover-content\">\n\n\t\t\t\t\t\t\t\t\t\t\t\t\t\t<a class=\"tiaro-rollover-link\" href=\"https:\/\/ehrler-beck.com\/de\/produkt\/rv12-vakuumpumpe?portfolioCats=541\">RV12 Vakuumpumpe<\/a>\n\t\t\t\n\t\t\t\t\t\t\t\t\n\t\t\n\t\t\t\t\t\t\t\t\n\t\t\t\t\t\t\t\t\n\t\t\n\t\t\t\t\t\t<a class=\"tiaro-link-wrapper\" href=\"https:\/\/ehrler-beck.com\/de\/produkt\/rv12-vakuumpumpe?portfolioCats=541\" aria-label=\"RV12 Vakuumpumpe\"><\/a>\n\t<\/div>\n<\/div>\n<\/div>\n<div class=\"tiaro-portfolio-content\"><h2 class=\"entry-title tiaro-post-title\"><a href=\"https:\/\/ehrler-beck.com\/de\/produkt\/rv12-vakuumpumpe?portfolioCats=541\">RV12 Vakuumpumpe<\/a><\/h2><div class=\"tiaro-post-content\"><p>Die Edwards RV12-Drehschieber-Vakuumpumpe bietet einen hervorragenden Endvakuumdruck, hohe Pumpgeschwindigkeiten und hervorragende Dampfhandhabung bei<\/p><div class=\"tiaro-portfolio-buttons\"><a href=\"https:\/\/ehrler-beck.com\/de\/produkt\/rv12-vakuumpumpe?portfolioCats=541\" class=\"tiaro-button tiaro-button-default tiaro-button-default-size tiaro-button-flat\">Learn More<\/a><\/div><\/div><\/div><\/div><div class=\"tiaro-clearfix\"><\/div><div class=\"tiaro-separator sep-double\"><\/div><\/article><\/div><\/div><\/div><\/div><\/div><\/div><\/p>\n","protected":false},"excerpt":{"rendered":"","protected":false},"author":1,"featured_media":0,"parent":1815,"menu_order":0,"comment_status":"closed","ping_status":"closed","template":"100-width.php","meta":{"footnotes":""},"class_list":["post-21092","page","type-page","status-publish","hentry"],"acf":[],"_links":{"self":[{"href":"https:\/\/ehrler-beck.com\/de\/wp-json\/wp\/v2\/pages\/21092","targetHints":{"allow":["GET"]}}],"collection":[{"href":"https:\/\/ehrler-beck.com\/de\/wp-json\/wp\/v2\/pages"}],"about":[{"href":"https:\/\/ehrler-beck.com\/de\/wp-json\/wp\/v2\/types\/page"}],"author":[{"embeddable":true,"href":"https:\/\/ehrler-beck.com\/de\/wp-json\/wp\/v2\/users\/1"}],"replies":[{"embeddable":true,"href":"https:\/\/ehrler-beck.com\/de\/wp-json\/wp\/v2\/comments?post=21092"}],"version-history":[{"count":3,"href":"https:\/\/ehrler-beck.com\/de\/wp-json\/wp\/v2\/pages\/21092\/revisions"}],"predecessor-version":[{"id":69743,"href":"https:\/\/ehrler-beck.com\/de\/wp-json\/wp\/v2\/pages\/21092\/revisions\/69743"}],"up":[{"embeddable":true,"href":"https:\/\/ehrler-beck.com\/de\/wp-json\/wp\/v2\/pages\/1815"}],"wp:attachment":[{"href":"https:\/\/ehrler-beck.com\/de\/wp-json\/wp\/v2\/media?parent=21092"}],"curies":[{"name":"wp","href":"https:\/\/api.w.org\/{rel}","templated":true}]}}