{"id":203,"date":"2017-07-12T09:59:17","date_gmt":"2017-07-12T07:59:17","guid":{"rendered":"http:\/\/ehrler-beck.com\/technologien\/vakuumpumpentechnologien\/flussigkeitsring-vakuumpumpen"},"modified":"2022-08-15T18:26:56","modified_gmt":"2022-08-15T16:26:56","slug":"flussigkeitsring-vakuumpumpen","status":"publish","type":"page","link":"https:\/\/ehrler-beck.com\/de\/technologien\/vakuumpumpentechnologien\/flussigkeitsring-vakuumpumpen","title":{"rendered":"Fl\u00fcssigkeitsring-Vakuumpumpen"},"content":{"rendered":"<p><div class=\"tiaro-fullwidth fullwidth-box tiaro-builder-row-1 tiaro-flex-container nonhundred-percent-fullwidth non-hundred-percent-height-scrolling\" style=\"--awb-background-position:left center;--awb-border-radius-top-left:0px;--awb-border-radius-top-right:0px;--awb-border-radius-bottom-right:0px;--awb-border-radius-bottom-left:0px;--awb-background-color:rgba(255,255,255,0);\" ><div class=\"tiaro-builder-row tiaro-row tiaro-flex-align-items-flex-start\" style=\"max-width:1404px;margin-left: calc(-4% \/ 2 );margin-right: calc(-4% \/ 2 );\"><div class=\"tiaro-layout-column tiaro_builder_column tiaro-builder-column-0 tiaro_builder_column_5_6 5_6 tiaro-flex-column\" style=\"--awb-bg-size:cover;--awb-width-large:83.333333333333%;--awb-margin-top-large:0px;--awb-spacing-right-large:2.304%;--awb-margin-bottom-large:5px;--awb-spacing-left-large:2.304%;--awb-width-medium:83.333333333333%;--awb-spacing-right-medium:2.304%;--awb-spacing-left-medium:2.304%;--awb-width-small:100%;--awb-spacing-right-small:1.92%;--awb-spacing-left-small:1.92%;\"><div class=\"tiaro-column-wrapper tiaro-flex-justify-content-flex-start tiaro-content-layout-column\"><div class=\"tiaro-text tiaro-text-1\"><h1>FL\u00dcSSIGKEITSRING-VAKUUMPUMPEN<\/h1>\n<\/div><\/div><\/div><div class=\"tiaro-layout-column tiaro_builder_column tiaro-builder-column-1 tiaro_builder_column_1_6 1_6 tiaro-flex-column\" style=\"--awb-bg-size:cover;--awb-width-large:16.666666666667%;--awb-margin-top-large:0px;--awb-spacing-right-large:11.52%;--awb-margin-bottom-large:5px;--awb-spacing-left-large:11.52%;--awb-width-medium:16.666666666667%;--awb-spacing-right-medium:11.52%;--awb-spacing-left-medium:11.52%;--awb-width-small:100%;--awb-spacing-right-small:1.92%;--awb-spacing-left-small:1.92%;\"><div class=\"tiaro-column-wrapper tiaro-flex-justify-content-center tiaro-content-layout-column\"><div class=\"tiaro-image-element tiaro-no-small-visibility\" style=\"text-align:center;--awb-caption-title-font-family:var(--h2_typography-font-family);--awb-caption-title-font-weight:var(--h2_typography-font-weight);--awb-caption-title-font-style:var(--h2_typography-font-style);--awb-caption-title-size:var(--h2_typography-font-size);--awb-caption-title-transform:var(--h2_typography-text-transform);--awb-caption-title-line-height:var(--h2_typography-line-height);--awb-caption-title-letter-spacing:var(--h2_typography-letter-spacing);\"><span class=\" tiaro-imageframe imageframe-none imageframe-1 hover-type-none tiaro-no-small-visibility\" class=\"image-magnify\" class=\"image-scroll\"><img decoding=\"async\" width=\"100\" height=\"100\" title=\"Liquid Ring Technology Icon\" src=\"data:image\/svg+xml,%3Csvg%20xmlns%3D%27http%3A%2F%2Fwww.w3.org%2F2000%2Fsvg%27%20width%3D%27100%27%20height%3D%27100%27%20viewBox%3D%270%200%20100%20100%27%3E%3Crect%20width%3D%27100%27%20height%3D%27100%27%20fill-opacity%3D%220%22%2F%3E%3C%2Fsvg%3E\" data-orig-src=\"https:\/\/ehrler-beck.com\/wp-content\/uploads\/2017\/07\/Liquid-Ring-Technology-Icon.png\" alt class=\"lazyload img-responsive wp-image-56\"\/><\/span><\/div><\/div><\/div><div class=\"tiaro-layout-column tiaro_builder_column tiaro-builder-column-2 tiaro_builder_column_1_1 1_1 tiaro-flex-column\" style=\"--awb-bg-color:rgba(255,255,255,0);--awb-bg-position:center center;--awb-bg-size:cover;--awb-width-large:100%;--awb-margin-top-large:0px;--awb-spacing-right-large:1.92%;--awb-margin-bottom-large:5px;--awb-spacing-left-large:1.92%;--awb-width-medium:100%;--awb-spacing-right-medium:1.92%;--awb-spacing-left-medium:1.92%;--awb-width-small:100%;--awb-spacing-right-small:1.92%;--awb-spacing-left-small:1.92%;\"><div class=\"tiaro-column-wrapper tiaro-flex-justify-content-flex-start tiaro-content-layout-column\"><div class=\"tiaro-text tiaro-text-2\"><p><span class=\"intro-text\">Fl\u00fcssigkeitsring-Vakuumpumpen werden durch die Verwendung von hochwertigem Material, wie rostfreiem Stahl und Keramik, \u00fcberwiegend in feuchten und nassen Arbeitsprozessen verwendet. Zus\u00e4tzlich werden dadurch die konstante Funktionsf\u00e4higkeit und Laufeigenschaft gew\u00e4hrleistet. Diese Vakuumpumpen sind zuverl\u00e4ssiger als modulare Pumpen und reduzieren sp\u00fcrbar die Betriebskosten.<\/span><\/p>\n<\/div><\/div><\/div><\/div><\/div><div class=\"tiaro-fullwidth fullwidth-box tiaro-builder-row-2 tiaro-flex-container tiaro-parallax-none nonhundred-percent-fullwidth non-hundred-percent-height-scrolling tiaro-no-small-visibility lazyload\" style=\"--awb-border-radius-top-left:0px;--awb-border-radius-top-right:0px;--awb-border-radius-bottom-right:0px;--awb-border-radius-bottom-left:0px;--awb-background-size:cover;\" data-bg=\"https:\/\/ehrler-beck.com\/wp-content\/uploads\/2017\/07\/Liquid-Ring-Vacuum-Pump-Tehcnology-Background.jpg\" ><div class=\"tiaro-builder-row tiaro-row tiaro-flex-align-items-flex-start\" style=\"max-width:1404px;margin-left: calc(-4% \/ 2 );margin-right: calc(-4% \/ 2 );\"><div class=\"tiaro-layout-column tiaro_builder_column tiaro-builder-column-3 tiaro_builder_column_1_4 1_4 tiaro-flex-column\" style=\"--awb-bg-size:cover;--awb-width-large:25%;--awb-margin-top-large:0px;--awb-spacing-right-large:7.68%;--awb-margin-bottom-large:5px;--awb-spacing-left-large:7.68%;--awb-width-medium:25%;--awb-spacing-right-medium:7.68%;--awb-spacing-left-medium:7.68%;--awb-width-small:100%;--awb-spacing-right-small:1.92%;--awb-spacing-left-small:1.92%;\"><div class=\"tiaro-column-wrapper tiaro-flex-justify-content-flex-start tiaro-content-layout-column\"><div class=\"tiaro-text tiaro-text-3\"><h3>Vorteile auf einen Blick<\/h3>\n<ul>\n<li>Extrem leise<\/li>\n<li>Gleichbleibende Betriebseigenschaften<\/li>\n<li>Hohe Abriebfestigkeit<\/li>\n<li>Hervorragende Korrosionsbest\u00e4ndigkeit<\/li>\n<li>Keine Ablagerungen<\/li>\n<\/ul>\n<\/div><\/div><\/div><div class=\"tiaro-layout-column tiaro_builder_column tiaro-builder-column-4 tiaro_builder_column_3_4 3_4 tiaro-flex-column\" style=\"--awb-bg-size:cover;--awb-width-large:75%;--awb-margin-top-large:0px;--awb-spacing-right-large:2.56%;--awb-margin-bottom-large:5px;--awb-spacing-left-large:2.56%;--awb-width-medium:75%;--awb-spacing-right-medium:2.56%;--awb-spacing-left-medium:2.56%;--awb-width-small:100%;--awb-spacing-right-small:1.92%;--awb-spacing-left-small:1.92%;\"><div class=\"tiaro-column-wrapper tiaro-flex-justify-content-flex-start tiaro-content-layout-column\"><div class=\"tiaro-text tiaro-text-4\"><h3>Anwendungsbeispiele<\/h3>\n<div style=\"float: left; width: 33%;\">\n<h4>Lebensmittel- \/ Genussmittelindustrie<\/h4>\n<hr \/>\n<ul style=\"list-style-type: disc;\">\n<li>Milchindustrie<\/li>\n<li>zentrale Vakuumanlage<\/li>\n<li>Filtrationsanlagen<\/li>\n<li>Wasserentgasung in der Getr\u00e4nkeindustrie<\/li>\n<li>Konservierung von Lebensmitteln<\/li>\n<li>Seewasserentsalzung<\/li>\n<li>Tabakbefeuchtung<\/li>\n<li>Zuckerherstellung<\/li>\n<\/ul>\n<\/div>\n<div style=\"float: left; width: 33%;\">\n<h4>Verpackungsmaschinenindustrie<\/h4>\n<hr \/>\n<ul style=\"list-style-type: disc;\">\n<li>Rollenmaschinen<\/li>\n<li>F\u00fcll- und Verschlie\u00dfmaschinen<\/li>\n<li>Abf\u00fcllung von Bier in PET- Flaschen<\/li>\n<li>Blister Maschinen<\/li>\n<\/ul>\n<h4>Keramik- und Ziegelindustrie<\/h4>\n<hr \/>\n<ul style=\"list-style-type: disc;\">\n<li>Keramikmassenentgasung<\/li>\n<\/ul>\n<\/div>\n<div style=\"float: right; width: 34%;\">\n<h4>Andere Anwendungen<\/h4>\n<hr \/>\n<ul>\n<li>Wasserentgasung<\/li>\n<li>Grundwasserabsenkunganlagen<\/li>\n<li>Trocknungsanlagen<\/li>\n<li>Blasluft in Kl\u00e4ranlagen<\/li>\n<li>Absaugen von \u00d6lresten<\/li>\n<li>Dampfturbinen und -motoren<\/li>\n<li>Grubenabsaugung<\/li>\n<li>Lifting und Handling<\/li>\n<li>Garneindampfung in der Textilindustrie<\/li>\n<\/ul>\n<\/div>\n<\/div><\/div><\/div><\/div><\/div><div class=\"tiaro-fullwidth fullwidth-box tiaro-builder-row-3 tiaro-flex-container nonhundred-percent-fullwidth non-hundred-percent-height-scrolling tiaro-no-medium-visibility tiaro-no-large-visibility\" style=\"--awb-border-radius-top-left:0px;--awb-border-radius-top-right:0px;--awb-border-radius-bottom-right:0px;--awb-border-radius-bottom-left:0px;\" ><div class=\"tiaro-builder-row tiaro-row tiaro-flex-align-items-flex-start\" style=\"max-width:1404px;margin-left: calc(-4% \/ 2 );margin-right: calc(-4% \/ 2 );\"><div class=\"tiaro-layout-column tiaro_builder_column tiaro-builder-column-5 tiaro_builder_column_1_4 1_4 tiaro-flex-column\" style=\"--awb-bg-size:cover;--awb-width-large:25%;--awb-margin-top-large:0px;--awb-spacing-right-large:7.68%;--awb-margin-bottom-large:5px;--awb-spacing-left-large:7.68%;--awb-width-medium:25%;--awb-spacing-right-medium:7.68%;--awb-spacing-left-medium:7.68%;--awb-width-small:100%;--awb-spacing-right-small:1.92%;--awb-spacing-left-small:1.92%;\"><div class=\"tiaro-column-wrapper tiaro-flex-justify-content-flex-start tiaro-content-layout-column\"><div class=\"tiaro-text tiaro-text-5\"><h3>Vorteile auf einen Blick<\/h3>\n<ul>\n<li>extrem leise<\/li>\n<li>gleichbleibende Betriebseigenschaften<\/li>\n<li>hohe Abriebfestigkeit<\/li>\n<li>hervorragende Korrosionsbest\u00e4ndigkeit<\/li>\n<li>keine Ablagerungen<\/li>\n<\/ul>\n<\/div><\/div><\/div><div class=\"tiaro-layout-column tiaro_builder_column tiaro-builder-column-6 tiaro_builder_column_3_4 3_4 tiaro-flex-column\" style=\"--awb-bg-size:cover;--awb-width-large:75%;--awb-margin-top-large:0px;--awb-spacing-right-large:2.56%;--awb-margin-bottom-large:5px;--awb-spacing-left-large:2.56%;--awb-width-medium:75%;--awb-spacing-right-medium:2.56%;--awb-spacing-left-medium:2.56%;--awb-width-small:100%;--awb-spacing-right-small:1.92%;--awb-spacing-left-small:1.92%;\"><div class=\"tiaro-column-wrapper tiaro-flex-justify-content-flex-start tiaro-content-layout-column\"><div class=\"tiaro-text tiaro-text-6\"><h3>Anwendungsbeispiele<\/h3>\n<h4>Lebensmittel- \/ Genussmittelindustrie<\/h4>\n<hr \/>\n<ul style=\"list-style-type: disc;\">\n<li>Milchindustrie<\/li>\n<li>zentrale Vakuumanlage<\/li>\n<li>Filtrationsanlagen<\/li>\n<li>Wasserentgasung in der Getr\u00e4nkeindustrie<\/li>\n<li>Konservierung von Lebensmitteln<\/li>\n<li>Seewasserentsalzung<\/li>\n<li>Tabakbefeuchtung<\/li>\n<li>Zuckerherstellung<\/li>\n<\/ul>\n<h4>Verpackungsmaschinenindustrie<\/h4>\n<hr \/>\n<ul style=\"list-style-type: disc;\">\n<li>Rollenmaschinen<\/li>\n<li>F\u00fcll- und Verschlie\u00dfmaschinen<\/li>\n<li>Abf\u00fcllung von Bier in PET- Flaschen<\/li>\n<li>Blister Maschinen<\/li>\n<\/ul>\n<h4>Keramik- und Ziegelindustrie<\/h4>\n<hr \/>\n<ul style=\"list-style-type: disc;\">\n<li>Keramikmassenentgasung<\/li>\n<\/ul>\n<h4>Andere Anwendungen<\/h4>\n<hr \/>\n<ul>\n<li>Wasserentgasung<\/li>\n<li>Grundwasserabsenkunganlagen<\/li>\n<li>Trocknungsanlagen<\/li>\n<li>Blasluft in Kl\u00e4ranlagen<\/li>\n<li>Absaugen von \u00d6lresten<\/li>\n<li>Dampfturbinen und -motoren<\/li>\n<li>Grubenabsaugung<\/li>\n<li>Lifting und Handling<\/li>\n<li>Garneindampfung in der Textilindustrie<\/li>\n<\/ul>\n<\/div><\/div><\/div><\/div><\/div><div class=\"tiaro-fullwidth fullwidth-box tiaro-builder-row-4 tiaro-flex-container nonhundred-percent-fullwidth non-hundred-percent-height-scrolling\" style=\"--awb-border-radius-top-left:0px;--awb-border-radius-top-right:0px;--awb-border-radius-bottom-right:0px;--awb-border-radius-bottom-left:0px;\" ><div class=\"tiaro-builder-row tiaro-row tiaro-flex-align-items-flex-start\" style=\"max-width:1404px;margin-left: calc(-4% \/ 2 );margin-right: calc(-4% \/ 2 );\"><div class=\"tiaro-layout-column tiaro_builder_column tiaro-builder-column-7 tiaro_builder_column_1_1 1_1 tiaro-flex-column\" style=\"--awb-bg-color:#ffffff;--awb-bg-size:cover;--awb-width-large:100%;--awb-margin-top-large:0px;--awb-spacing-right-large:1.92%;--awb-margin-bottom-large:5px;--awb-spacing-left-large:1.92%;--awb-width-medium:100%;--awb-spacing-right-medium:1.92%;--awb-spacing-left-medium:1.92%;--awb-width-small:100%;--awb-spacing-right-small:1.92%;--awb-spacing-left-small:1.92%;\"><div class=\"tiaro-column-wrapper tiaro-flex-justify-content-flex-start tiaro-content-layout-column\"><div class=\"tiaro-title title tiaro-title-1 tiaro-sep-none tiaro-title-text tiaro-title-size-two\"><h2 class=\"title-heading-left tiaro-responsive-typography-calculated\" style=\"margin:0;--fontSize:24;line-height:1.5;\">Funktionsprinzip<\/h2><\/div><\/div><\/div><div class=\"tiaro-layout-column tiaro_builder_column tiaro-builder-column-8 tiaro_builder_column_1_3 1_3 tiaro-flex-column\" style=\"--awb-bg-size:cover;--awb-width-large:33.333333333333%;--awb-margin-top-large:0px;--awb-spacing-right-large:5.76%;--awb-margin-bottom-large:5px;--awb-spacing-left-large:5.76%;--awb-width-medium:33.333333333333%;--awb-spacing-right-medium:5.76%;--awb-spacing-left-medium:5.76%;--awb-width-small:100%;--awb-spacing-right-small:1.92%;--awb-spacing-left-small:1.92%;\"><div class=\"tiaro-column-wrapper tiaro-flex-justify-content-flex-start tiaro-content-layout-column\"><a class=\"awb-lightbox awb-lightbox-1\" href=\"https:\/\/ehrler-beck.com\/wp-content\/uploads\/2017\/07\/Liquid-Ring-Technology-Operating-Principle.jpg\" data-caption=\"Generalized and Simplified Diagram\" data-rel=\"iLightbox\"><img class=\"lazyload\" decoding=\"async\" src=\"data:image\/svg+xml,%3Csvg%20xmlns%3D%27http%3A%2F%2Fwww.w3.org%2F2000%2Fsvg%27%20width%3D%27300%27%20height%3D%27211%27%20viewBox%3D%270%200%20300%20211%27%3E%3Crect%20width%3D%27300%27%20height%3D%27211%27%20fill-opacity%3D%220%22%2F%3E%3C%2Fsvg%3E\" data-orig-src=\"https:\/\/ehrler-beck.com\/wp-content\/uploads\/2017\/07\/Liquid-Ring-Technology-Operating-Principle-300x211.jpg\"><\/a><\/div><\/div><div class=\"tiaro-layout-column tiaro_builder_column tiaro-builder-column-9 tiaro_builder_column_2_3 2_3 tiaro-flex-column\" style=\"--awb-bg-color:#ffffff;--awb-bg-size:cover;--awb-width-large:66.666666666667%;--awb-margin-top-large:0px;--awb-spacing-right-large:2.88%;--awb-margin-bottom-large:5px;--awb-spacing-left-large:2.88%;--awb-width-medium:66.666666666667%;--awb-spacing-right-medium:2.88%;--awb-spacing-left-medium:2.88%;--awb-width-small:100%;--awb-spacing-right-small:1.92%;--awb-spacing-left-small:1.92%;\"><div class=\"tiaro-column-wrapper tiaro-flex-justify-content-flex-start tiaro-content-layout-column\"><div class=\"tiaro-text tiaro-text-7\"><p><span style=\"font-size: 10pt;\">Das einzige sich bewegende Teil im Inneren der Fl\u00fcssigkeitsring-Vakuumpumpe ist das exzentrisch angebrachte Laufrad (<span class=\"color-primary\">A<\/span>), welches sich ber\u00fchrungslos im Inneren des Pumpengeh\u00e4uses (<span class=\"color-primary\">C<\/span>) dreht. Der Betriebsfl\u00fcssigkeitsring (<span class=\"color-primary\">F<\/span>) dichtet die Laufradschaufeln (<span class=\"color-primary\">B<\/span>) untereinander ab. Gas erreicht die Fl\u00fcgelzellen durch den Saugschlitz (<span class=\"color-primary\">E<\/span>). Um die Stabilit\u00e4t des Fl\u00fcssigkeitsring mit dem Gas aufrecht zu halten, wird kontinuierlich Fl\u00fcssigkeit in den Sch\u00f6pfraum gesaugt und durch die Druckschlitze (<span class=\"color-primary\">D<\/span>) wieder ausgesto\u00dfen. Gas wird infolge der exzentrischen Anordnung des Laufrades innerhalb einer vollen Umdrehung verdichtet, d.h. f\u00fcr die Kammer zwischen den Schaufeln (<span class=\"color-primary\">B<\/span>) der Laufr\u00e4der. Den Pumpen muss f\u00fcr einen stabilen Betrieb st\u00e4ndig Fl\u00fcssigkeit zugef\u00fchrt werden. Aus diesem Grund sind die Fl\u00fcssigkeitsring-Vakuumpumpen der L-BL \/ L-BV-Serien als Systeml\u00f6sung standardm\u00e4\u00dfig mit Kreislaufaggregaten ausgestattet, durch die die druckseitig ausgesto\u00dfene Betriebsfl\u00fcssigkeit der Pumpe wieder zugef\u00fchrt wird. Die Pumpe kann daher mit erheblich reduzierter Fl\u00fcssigkeitszufuhr arbeiten.<\/span><\/p>\n<p><span style=\"font-size: 8pt;\">*Die Beschreibung ber\u00fccksichtigt nicht die Ann\u00e4herung jedes Herstellers an die Technologie, sondern stellt eine allgemeine Beschreibung dar, die versucht, das grundlegende Funktionsprinzip einzubeziehen.<\/span><\/p>\n<\/div><\/div><\/div><\/div><\/div><div class=\"tiaro-fullwidth fullwidth-box tiaro-builder-row-5 tiaro-flex-container hundred-percent-fullwidth non-hundred-percent-height-scrolling\" style=\"--awb-border-radius-top-left:0px;--awb-border-radius-top-right:0px;--awb-border-radius-bottom-right:0px;--awb-border-radius-bottom-left:0px;--awb-padding-right:0px;--awb-padding-left:0px;\" ><div class=\"tiaro-builder-row tiaro-row tiaro-flex-align-items-flex-start\" style=\"width:104% !important;max-width:104% !important;margin-left: calc(-4% \/ 2 );margin-right: calc(-4% \/ 2 );\"><div class=\"tiaro-layout-column tiaro_builder_column tiaro-builder-column-10 tiaro_builder_column_1_1 1_1 tiaro-flex-column\" style=\"--awb-padding-top:20px;--awb-bg-color:#efefef;--awb-bg-size:cover;--awb-width-large:100%;--awb-margin-top-large:0px;--awb-spacing-right-large:1.92%;--awb-margin-bottom-large:0px;--awb-spacing-left-large:1.92%;--awb-width-medium:100%;--awb-spacing-right-medium:1.92%;--awb-spacing-left-medium:1.92%;--awb-width-small:100%;--awb-spacing-right-small:1.92%;--awb-spacing-left-small:1.92%;\"><div class=\"tiaro-column-wrapper tiaro-flex-justify-content-flex-start tiaro-content-layout-column\"><div class=\"tiaro-text tiaro-text-8\"><p style=\"text-align: center;\"><span class=\"color-primary\" style=\"font-size: 18pt;\">DAS LIEFERPROGRAMM VON EHRLER &amp; BECK UMFASST FOLGENDE BAUREIHEN:<\/span><\/p>\n<\/div><\/div><\/div><\/div><\/div><div class=\"tiaro-fullwidth fullwidth-box tiaro-builder-row-6 tiaro-flex-container nonhundred-percent-fullwidth non-hundred-percent-height-scrolling\" style=\"--awb-border-radius-top-left:0px;--awb-border-radius-top-right:0px;--awb-border-radius-bottom-right:0px;--awb-border-radius-bottom-left:0px;--awb-margin-top:40px;\" ><div class=\"tiaro-builder-row tiaro-row tiaro-flex-align-items-flex-start\" style=\"max-width:1404px;margin-left: calc(-4% \/ 2 );margin-right: calc(-4% \/ 2 );\"><div class=\"tiaro-layout-column tiaro_builder_column tiaro-builder-column-11 tiaro_builder_column_1_2 1_2 tiaro-flex-column tiaro-column-inner-bg-wrapper\" style=\"--awb-padding-top:315px;--awb-inner-bg-position:center center;--awb-inner-bg-size:cover;--awb-border-color:#00b3a7;--awb-border-top:1px;--awb-border-right:1px;--awb-border-bottom:1px;--awb-border-left:1px;--awb-border-style:solid;--awb-width-large:50%;--awb-margin-top-large:0px;--awb-spacing-right-large:1.92%;--awb-margin-bottom-large:2%;--awb-spacing-left-large:3.84%;--awb-width-medium:50%;--awb-order-medium:0;--awb-spacing-right-medium:1.92%;--awb-spacing-left-medium:3.84%;--awb-width-small:100%;--awb-order-small:0;--awb-spacing-right-small:1.92%;--awb-spacing-left-small:1.92%;\"><span class=\"tiaro-column-inner-bg hover-type-zoomin\"><a class=\"tiaro-column-anchor\" href=\"https:\/\/ehrler-beck.com\/de\/produkte\/vakuumpumpen\/fluessigkeitsring-vakuumpumpen\/lrp-vsd-serie-vakuumpumpen\"><span class=\"tiaro-column-inner-bg-image lazyload\" data-bg=\"https:\/\/ehrler-beck.com\/wp-content\/uploads\/2021\/01\/LRP-VSD-Serie-1024x595.jpg\"><\/span><\/a><\/span><div class=\"tiaro-column-wrapper tiaro-column-has-shadow tiaro-flex-justify-content-flex-start tiaro-content-layout-column\" data-bg-url=\"https:\/\/ehrler-beck.com\/wp-content\/uploads\/2021\/01\/LRP-VSD-Serie-1024x595.jpg\"><div class=\"tiaro-text tiaro-text-9\"><h2 style=\"text-align: right; background-color: #e2e2e2e3; padding-top: 15px; padding-right: 15px; padding-bottom: 15px; margin-left: 10%; border-radius: 50px 0px 0px 0px; margin-bottom: 0px;\">LRP VSD+ SERIE <span style=\"font-size: 14pt;\">(Atlas Copco)<\/span><\/h2>\n<\/div><\/div><\/div><div class=\"tiaro-layout-column tiaro_builder_column tiaro-builder-column-12 tiaro_builder_column_1_2 1_2 tiaro-flex-column tiaro-column-inner-bg-wrapper\" style=\"--awb-padding-top:315px;--awb-inner-bg-position:center center;--awb-inner-bg-size:cover;--awb-border-color:#00b3a7;--awb-border-top:1px;--awb-border-right:1px;--awb-border-bottom:1px;--awb-border-left:1px;--awb-border-style:solid;--awb-width-large:50%;--awb-margin-top-large:0px;--awb-spacing-right-large:3.84%;--awb-margin-bottom-large:2%;--awb-spacing-left-large:1.92%;--awb-width-medium:50%;--awb-order-medium:0;--awb-spacing-right-medium:3.84%;--awb-spacing-left-medium:1.92%;--awb-width-small:100%;--awb-order-small:0;--awb-spacing-right-small:1.92%;--awb-spacing-left-small:1.92%;\"><span class=\"tiaro-column-inner-bg hover-type-zoomin\"><a class=\"tiaro-column-anchor\" href=\"https:\/\/ehrler-beck.com\/de\/produkte\/vakuumpumpen\/fluessigkeitsring-vakuumpumpen\/dolphin-serie-vakuumpumpen\"><span class=\"tiaro-column-inner-bg-image lazyload\" data-bg=\"https:\/\/ehrler-beck.com\/wp-content\/uploads\/2022\/05\/dolphin-Fluessigkeitsring-Vakuumpumpe.jpg\"><\/span><\/a><\/span><div class=\"tiaro-column-wrapper tiaro-column-has-shadow tiaro-flex-justify-content-flex-start tiaro-content-layout-column\" data-bg-url=\"https:\/\/ehrler-beck.com\/wp-content\/uploads\/2022\/05\/dolphin-Fluessigkeitsring-Vakuumpumpe.jpg\"><div class=\"tiaro-text tiaro-text-10\"><h2 style=\"text-align: right; background-color: #e2e2e2e3; padding-top: 15px; padding-right: 15px; padding-bottom: 15px; margin-left: 10%; border-radius: 50px 0px 0px 0px; margin-bottom: 0px;\">DOLPHIN-Serie <span style=\"font-size: 14pt;\">(Busch)<\/span><\/h2>\n<\/div><\/div><\/div><div class=\"tiaro-layout-column tiaro_builder_column tiaro-builder-column-13 tiaro_builder_column_1_2 1_2 tiaro-flex-column tiaro-column-inner-bg-wrapper\" style=\"--awb-padding-top:315px;--awb-inner-bg-position:center center;--awb-inner-bg-size:cover;--awb-border-color:#00b3a7;--awb-border-top:1px;--awb-border-right:1px;--awb-border-bottom:1px;--awb-border-left:1px;--awb-border-style:solid;--awb-width-large:50%;--awb-margin-top-large:0px;--awb-spacing-right-large:1.92%;--awb-margin-bottom-large:2%;--awb-spacing-left-large:3.84%;--awb-width-medium:50%;--awb-order-medium:0;--awb-spacing-right-medium:1.92%;--awb-spacing-left-medium:3.84%;--awb-width-small:100%;--awb-order-small:0;--awb-spacing-right-small:1.92%;--awb-spacing-left-small:1.92%;\"><span class=\"tiaro-column-inner-bg hover-type-zoomin\"><a class=\"tiaro-column-anchor\" href=\"https:\/\/ehrler-beck.com\/de\/produkte\/vakuumpumpen\/fluessigkeitsring-vakuumpumpen\/elri-fluessigkeitsring-vakuumpumpen-serie\"><span class=\"tiaro-column-inner-bg-image lazyload\" data-bg=\"https:\/\/ehrler-beck.com\/wp-content\/uploads\/2022\/05\/ELRi-Fluessigkeitsring-Vakuumpumpen-Serie.jpg\"><\/span><\/a><\/span><div class=\"tiaro-column-wrapper tiaro-column-has-shadow tiaro-flex-justify-content-flex-start tiaro-content-layout-column\" data-bg-url=\"https:\/\/ehrler-beck.com\/wp-content\/uploads\/2022\/05\/ELRi-Fluessigkeitsring-Vakuumpumpen-Serie.jpg\"><div class=\"tiaro-text tiaro-text-11\"><h2 style=\"text-align: right; background-color: #e2e2e2e3; padding-top: 15px; padding-right: 15px; padding-bottom: 15px; margin-left: 10%; border-radius: 50px 0px 0px 0px; margin-bottom: 0px;\">ELRi-Serie <span style=\"font-size: 14pt;\">(Edwards)<\/span><\/h2>\n<\/div><\/div><\/div><div class=\"tiaro-layout-column tiaro_builder_column tiaro-builder-column-14 tiaro_builder_column_1_2 1_2 tiaro-flex-column tiaro-column-inner-bg-wrapper\" style=\"--awb-padding-top:315px;--awb-inner-bg-position:center center;--awb-inner-bg-size:cover;--awb-border-color:#00b3a7;--awb-border-top:1px;--awb-border-right:1px;--awb-border-bottom:1px;--awb-border-left:1px;--awb-border-style:solid;--awb-width-large:50%;--awb-margin-top-large:0px;--awb-spacing-right-large:3.84%;--awb-margin-bottom-large:2%;--awb-spacing-left-large:1.92%;--awb-width-medium:50%;--awb-order-medium:0;--awb-spacing-right-medium:3.84%;--awb-spacing-left-medium:1.92%;--awb-width-small:100%;--awb-order-small:0;--awb-spacing-right-small:1.92%;--awb-spacing-left-small:1.92%;\"><span class=\"tiaro-column-inner-bg hover-type-zoomin\"><a class=\"tiaro-column-anchor\" href=\"https:\/\/ehrler-beck.com\/de\/produkte\/vakuumpumpen\/fluessigkeitsring-vakuumpumpen\/l-bl-l-bv-serie\"><span class=\"tiaro-column-inner-bg-image lazyload\" data-bg=\"https:\/\/ehrler-beck.com\/wp-content\/uploads\/2022\/04\/L-Serie-Fluessigkeitsring-Vakuumpumpe.jpg\"><\/span><\/a><\/span><div class=\"tiaro-column-wrapper tiaro-column-has-shadow tiaro-flex-justify-content-flex-start tiaro-content-layout-column\" data-bg-url=\"https:\/\/ehrler-beck.com\/wp-content\/uploads\/2022\/04\/L-Serie-Fluessigkeitsring-Vakuumpumpe.jpg\"><div class=\"tiaro-text tiaro-text-12\"><h2 style=\"text-align: right; background-color: #e2e2e2e3; padding-top: 15px; padding-right: 15px; padding-bottom: 15px; margin-left: 10%; border-radius: 50px 0px 0px 0px; margin-bottom: 0px;\">L-Serie <span style=\"font-size: 14pt;\">(Elmo Rietschle)<\/span><\/h2>\n<\/div><\/div><\/div><\/div><\/div><\/p>\n","protected":false},"excerpt":{"rendered":"","protected":false},"author":1,"featured_media":0,"parent":84,"menu_order":0,"comment_status":"closed","ping_status":"closed","template":"100-width.php","meta":{"footnotes":""},"class_list":["post-203","page","type-page","status-publish","hentry"],"acf":[],"_links":{"self":[{"href":"https:\/\/ehrler-beck.com\/de\/wp-json\/wp\/v2\/pages\/203","targetHints":{"allow":["GET"]}}],"collection":[{"href":"https:\/\/ehrler-beck.com\/de\/wp-json\/wp\/v2\/pages"}],"about":[{"href":"https:\/\/ehrler-beck.com\/de\/wp-json\/wp\/v2\/types\/page"}],"author":[{"embeddable":true,"href":"https:\/\/ehrler-beck.com\/de\/wp-json\/wp\/v2\/users\/1"}],"replies":[{"embeddable":true,"href":"https:\/\/ehrler-beck.com\/de\/wp-json\/wp\/v2\/comments?post=203"}],"version-history":[{"count":5,"href":"https:\/\/ehrler-beck.com\/de\/wp-json\/wp\/v2\/pages\/203\/revisions"}],"predecessor-version":[{"id":63389,"href":"https:\/\/ehrler-beck.com\/de\/wp-json\/wp\/v2\/pages\/203\/revisions\/63389"}],"up":[{"embeddable":true,"href":"https:\/\/ehrler-beck.com\/de\/wp-json\/wp\/v2\/pages\/84"}],"wp:attachment":[{"href":"https:\/\/ehrler-beck.com\/de\/wp-json\/wp\/v2\/media?parent=203"}],"curies":[{"name":"wp","href":"https:\/\/api.w.org\/{rel}","templated":true}]}}